{"id":36971,"date":"2021-06-12T15:32:12","date_gmt":"2021-06-12T13:32:12","guid":{"rendered":"https:\/\/universanimalier.com\/?post_type=product&#038;p=36971"},"modified":"2024-01-17T13:54:08","modified_gmt":"2024-01-17T12:54:08","slug":"haute-diggity-dog-starbarks-puppermint-mocha","status":"publish","type":"product","link":"https:\/\/universanimalier.com\/en\/boutique\/haute-diggity-dog-starbarks-puppermint-mocha\/","title":{"rendered":"Haute Diggity Dog - Starbarks Puppermint Mocha"},"content":{"rendered":"","protected":false},"excerpt":{"rendered":"<p><span lang=\"fr\">High Diggity Dog \u2665 Starbarks Coffee Takeout Chocolate Mint.<\/span><\/p>\n<ul>\n<li><span lang=\"fr\">Fabriqu\u00e9 en peluche douce avec un squeaker\/bruit amusant \u00e0 l&rsquo;int\u00e9rieur.<\/span><\/li>\n<li>Very resistant<\/li>\n<\/ul>\n<p>Size: 17cm<\/p>","protected":false},"featured_media":36951,"template":"","meta":[],"product_brand":[],"product_cat":[8026,79],"product_tag":[5196,4032,4031,4072],"class_list":{"0":"post-36971","1":"product","2":"type-product","3":"status-publish","4":"has-post-thumbnail","6":"product_cat-jouets-jouets","7":"product_cat-jouets","8":"product_tag-cafe-starbucks","9":"product_tag-diggity-dog","10":"product_tag-haute-diggity-dog","11":"product_tag-starbarks","13":"first","14":"instock","15":"shipping-taxable","16":"purchasable","17":"product-type-simple"},"yoast_head":"<!-- This site is optimized with the Yoast SEO plugin v25.5 - https:\/\/yoast.com\/wordpress\/plugins\/seo\/ -->\n<title>Haute Diggity Dog - Starbarks Puppermint Mocha - L&#039;univers Animalier<\/title>\n<meta name=\"robots\" content=\"index, follow, max-snippet:-1, max-image-preview:large, max-video-preview:-1\" \/>\n<link rel=\"canonical\" href=\"https:\/\/wip.universanimalier.com\/boutique\/haute-diggity-dog-starbarks-puppermint-mocha\/\" \/>\n<meta property=\"og:locale\" content=\"en_US\" \/>\n<meta property=\"og:type\" content=\"article\" \/>\n<meta property=\"og:title\" content=\"Haute Diggity Dog - Starbarks Puppermint Mocha - L&#039;univers Animalier\" \/>\n<meta property=\"og:description\" content=\"Haute Diggity Dog \u2665 Caf\u00e9 Starbarks \u00e0 emporter menthe chocolat.   Fabriqu\u00e9 en peluche douce avec un squeaker\/bruit amusant \u00e0 l&#039;int\u00e9rieur.  Tr\u00e8s r\u00e9sistant  Taille: 17 cm\" \/>\n<meta property=\"og:url\" content=\"https:\/\/wip.universanimalier.com\/boutique\/haute-diggity-dog-starbarks-puppermint-mocha\/\" \/>\n<meta property=\"og:site_name\" content=\"L&#039;univers Animalier\" \/>\n<meta property=\"article:publisher\" content=\"https:\/\/www.facebook.com\/lunivers.animalier\" \/>\n<meta property=\"article:modified_time\" content=\"2024-01-17T12:54:08+00:00\" \/>\n<meta property=\"og:image\" content=\"https:\/\/wip.universanimalier.com\/wp-content\/uploads\/2021\/06\/starbarks-puppermint-mocha-holly-print-cup.jpg\" \/>\n\t<meta property=\"og:image:width\" content=\"800\" \/>\n\t<meta property=\"og:image:height\" content=\"843\" \/>\n\t<meta property=\"og:image:type\" content=\"image\/jpeg\" \/>\n<meta name=\"twitter:card\" content=\"summary_large_image\" \/>\n<script type=\"application\/ld+json\" class=\"yoast-schema-graph\">{\"@context\":\"https:\/\/schema.org\",\"@graph\":[{\"@type\":\"WebPage\",\"@id\":\"https:\/\/wip.universanimalier.com\/boutique\/haute-diggity-dog-starbarks-puppermint-mocha\/\",\"url\":\"https:\/\/wip.universanimalier.com\/boutique\/haute-diggity-dog-starbarks-puppermint-mocha\/\",\"name\":\"Haute Diggity Dog - Starbarks Puppermint Mocha - L&#039;univers Animalier\",\"isPartOf\":{\"@id\":\"https:\/\/wip.universanimalier.com\/#website\"},\"primaryImageOfPage\":{\"@id\":\"https:\/\/wip.universanimalier.com\/boutique\/haute-diggity-dog-starbarks-puppermint-mocha\/#primaryimage\"},\"image\":{\"@id\":\"https:\/\/wip.universanimalier.com\/boutique\/haute-diggity-dog-starbarks-puppermint-mocha\/#primaryimage\"},\"thumbnailUrl\":\"https:\/\/universanimalier.com\/wp-content\/uploads\/2021\/06\/starbarks-puppermint-mocha-holly-print-cup.jpg\",\"datePublished\":\"2021-06-12T13:32:12+00:00\",\"dateModified\":\"2024-01-17T12:54:08+00:00\",\"breadcrumb\":{\"@id\":\"https:\/\/wip.universanimalier.com\/boutique\/haute-diggity-dog-starbarks-puppermint-mocha\/#breadcrumb\"},\"inLanguage\":\"en-US\",\"potentialAction\":[{\"@type\":\"ReadAction\",\"target\":[\"https:\/\/wip.universanimalier.com\/boutique\/haute-diggity-dog-starbarks-puppermint-mocha\/\"]}]},{\"@type\":\"ImageObject\",\"inLanguage\":\"en-US\",\"@id\":\"https:\/\/wip.universanimalier.com\/boutique\/haute-diggity-dog-starbarks-puppermint-mocha\/#primaryimage\",\"url\":\"https:\/\/universanimalier.com\/wp-content\/uploads\/2021\/06\/starbarks-puppermint-mocha-holly-print-cup.jpg\",\"contentUrl\":\"https:\/\/universanimalier.com\/wp-content\/uploads\/2021\/06\/starbarks-puppermint-mocha-holly-print-cup.jpg\",\"width\":800,\"height\":843},{\"@type\":\"BreadcrumbList\",\"@id\":\"https:\/\/wip.universanimalier.com\/boutique\/haute-diggity-dog-starbarks-puppermint-mocha\/#breadcrumb\",\"itemListElement\":[{\"@type\":\"ListItem\",\"position\":1,\"name\":\"Accueil\",\"item\":\"https:\/\/wip.universanimalier.com\/\"},{\"@type\":\"ListItem\",\"position\":2,\"name\":\"Boutique\",\"item\":\"https:\/\/wip.universanimalier.com\/boutique\/\"},{\"@type\":\"ListItem\",\"position\":3,\"name\":\"Haute Diggity Dog &#8211; Starbarks Puppermint Mocha\"}]},{\"@type\":\"WebSite\",\"@id\":\"https:\/\/wip.universanimalier.com\/#website\",\"url\":\"https:\/\/wip.universanimalier.com\/\",\"name\":\"L'univers Animalier\",\"description\":\"Le paradis des chiens g\u00e2t\u00e9s !\",\"publisher\":{\"@id\":\"https:\/\/wip.universanimalier.com\/#organization\"},\"potentialAction\":[{\"@type\":\"SearchAction\",\"target\":{\"@type\":\"EntryPoint\",\"urlTemplate\":\"https:\/\/wip.universanimalier.com\/?s={search_term_string}\"},\"query-input\":{\"@type\":\"PropertyValueSpecification\",\"valueRequired\":true,\"valueName\":\"search_term_string\"}}],\"inLanguage\":\"en-US\"},{\"@type\":\"Organization\",\"@id\":\"https:\/\/wip.universanimalier.com\/#organization\",\"name\":\"L'univers Animalier\",\"url\":\"https:\/\/wip.universanimalier.com\/\",\"logo\":{\"@type\":\"ImageObject\",\"inLanguage\":\"en-US\",\"@id\":\"https:\/\/wip.universanimalier.com\/#\/schema\/logo\/image\/\",\"url\":\"https:\/\/universanimalier.com\/wp-content\/uploads\/2021\/06\/logo.jpg\",\"contentUrl\":\"https:\/\/universanimalier.com\/wp-content\/uploads\/2021\/06\/logo.jpg\",\"width\":800,\"height\":200,\"caption\":\"L'univers Animalier\"},\"image\":{\"@id\":\"https:\/\/wip.universanimalier.com\/#\/schema\/logo\/image\/\"},\"sameAs\":[\"https:\/\/www.facebook.com\/lunivers.animalier\"]}]}<\/script>\n<!-- \/ Yoast SEO plugin. -->","yoast_head_json":{"title":"Haute Diggity Dog - Starbarks Puppermint Mocha - L&#039;univers Animalier","robots":{"index":"index","follow":"follow","max-snippet":"max-snippet:-1","max-image-preview":"max-image-preview:large","max-video-preview":"max-video-preview:-1"},"canonical":"https:\/\/wip.universanimalier.com\/boutique\/haute-diggity-dog-starbarks-puppermint-mocha\/","og_locale":"en_US","og_type":"article","og_title":"Haute Diggity Dog - Starbarks Puppermint Mocha - L&#039;univers Animalier","og_description":"Haute Diggity Dog \u2665 Caf\u00e9 Starbarks \u00e0 emporter menthe chocolat.   Fabriqu\u00e9 en peluche douce avec un squeaker\/bruit amusant \u00e0 l'int\u00e9rieur.  Tr\u00e8s r\u00e9sistant  Taille: 17 cm","og_url":"https:\/\/wip.universanimalier.com\/boutique\/haute-diggity-dog-starbarks-puppermint-mocha\/","og_site_name":"L&#039;univers Animalier","article_publisher":"https:\/\/www.facebook.com\/lunivers.animalier","article_modified_time":"2024-01-17T12:54:08+00:00","og_image":[{"width":800,"height":843,"url":"https:\/\/wip.universanimalier.com\/wp-content\/uploads\/2021\/06\/starbarks-puppermint-mocha-holly-print-cup.jpg","type":"image\/jpeg"}],"twitter_card":"summary_large_image","schema":{"@context":"https:\/\/schema.org","@graph":[{"@type":"WebPage","@id":"https:\/\/wip.universanimalier.com\/boutique\/haute-diggity-dog-starbarks-puppermint-mocha\/","url":"https:\/\/wip.universanimalier.com\/boutique\/haute-diggity-dog-starbarks-puppermint-mocha\/","name":"Haute Diggity Dog - Starbarks Puppermint Mocha - L&#039;univers Animalier","isPartOf":{"@id":"https:\/\/wip.universanimalier.com\/#website"},"primaryImageOfPage":{"@id":"https:\/\/wip.universanimalier.com\/boutique\/haute-diggity-dog-starbarks-puppermint-mocha\/#primaryimage"},"image":{"@id":"https:\/\/wip.universanimalier.com\/boutique\/haute-diggity-dog-starbarks-puppermint-mocha\/#primaryimage"},"thumbnailUrl":"https:\/\/universanimalier.com\/wp-content\/uploads\/2021\/06\/starbarks-puppermint-mocha-holly-print-cup.jpg","datePublished":"2021-06-12T13:32:12+00:00","dateModified":"2024-01-17T12:54:08+00:00","breadcrumb":{"@id":"https:\/\/wip.universanimalier.com\/boutique\/haute-diggity-dog-starbarks-puppermint-mocha\/#breadcrumb"},"inLanguage":"en-US","potentialAction":[{"@type":"ReadAction","target":["https:\/\/wip.universanimalier.com\/boutique\/haute-diggity-dog-starbarks-puppermint-mocha\/"]}]},{"@type":"ImageObject","inLanguage":"en-US","@id":"https:\/\/wip.universanimalier.com\/boutique\/haute-diggity-dog-starbarks-puppermint-mocha\/#primaryimage","url":"https:\/\/universanimalier.com\/wp-content\/uploads\/2021\/06\/starbarks-puppermint-mocha-holly-print-cup.jpg","contentUrl":"https:\/\/universanimalier.com\/wp-content\/uploads\/2021\/06\/starbarks-puppermint-mocha-holly-print-cup.jpg","width":800,"height":843},{"@type":"BreadcrumbList","@id":"https:\/\/wip.universanimalier.com\/boutique\/haute-diggity-dog-starbarks-puppermint-mocha\/#breadcrumb","itemListElement":[{"@type":"ListItem","position":1,"name":"Accueil","item":"https:\/\/wip.universanimalier.com\/"},{"@type":"ListItem","position":2,"name":"Boutique","item":"https:\/\/wip.universanimalier.com\/boutique\/"},{"@type":"ListItem","position":3,"name":"Haute Diggity Dog &#8211; Starbarks Puppermint Mocha"}]},{"@type":"WebSite","@id":"https:\/\/wip.universanimalier.com\/#website","url":"https:\/\/wip.universanimalier.com\/","name":"L'univers Animalier","description":"A paradise for spoiled dogs!","publisher":{"@id":"https:\/\/wip.universanimalier.com\/#organization"},"potentialAction":[{"@type":"SearchAction","target":{"@type":"EntryPoint","urlTemplate":"https:\/\/wip.universanimalier.com\/?s={search_term_string}"},"query-input":{"@type":"PropertyValueSpecification","valueRequired":true,"valueName":"search_term_string"}}],"inLanguage":"en-US"},{"@type":"Organization","@id":"https:\/\/wip.universanimalier.com\/#organization","name":"L'univers Animalier","url":"https:\/\/wip.universanimalier.com\/","logo":{"@type":"ImageObject","inLanguage":"en-US","@id":"https:\/\/wip.universanimalier.com\/#\/schema\/logo\/image\/","url":"https:\/\/universanimalier.com\/wp-content\/uploads\/2021\/06\/logo.jpg","contentUrl":"https:\/\/universanimalier.com\/wp-content\/uploads\/2021\/06\/logo.jpg","width":800,"height":200,"caption":"L'univers Animalier"},"image":{"@id":"https:\/\/wip.universanimalier.com\/#\/schema\/logo\/image\/"},"sameAs":["https:\/\/www.facebook.com\/lunivers.animalier"]}]}},"_links":{"self":[{"href":"https:\/\/universanimalier.com\/en\/wp-json\/wp\/v2\/product\/36971"}],"collection":[{"href":"https:\/\/universanimalier.com\/en\/wp-json\/wp\/v2\/product"}],"about":[{"href":"https:\/\/universanimalier.com\/en\/wp-json\/wp\/v2\/types\/product"}],"wp:featuredmedia":[{"embeddable":true,"href":"https:\/\/universanimalier.com\/en\/wp-json\/wp\/v2\/media\/36951"}],"wp:attachment":[{"href":"https:\/\/universanimalier.com\/en\/wp-json\/wp\/v2\/media?parent=36971"}],"wp:term":[{"taxonomy":"product_brand","embeddable":true,"href":"https:\/\/universanimalier.com\/en\/wp-json\/wp\/v2\/product_brand?post=36971"},{"taxonomy":"product_cat","embeddable":true,"href":"https:\/\/universanimalier.com\/en\/wp-json\/wp\/v2\/product_cat?post=36971"},{"taxonomy":"product_tag","embeddable":true,"href":"https:\/\/universanimalier.com\/en\/wp-json\/wp\/v2\/product_tag?post=36971"}],"curies":[{"name":"wp","href":"https:\/\/api.w.org\/{rel}","templated":true}]}}