{"id":37768,"date":"2021-07-29T21:21:39","date_gmt":"2021-07-29T19:21:39","guid":{"rendered":"https:\/\/universanimalier.com\/?post_type=product&#038;p=37768"},"modified":"2023-08-14T10:09:24","modified_gmt":"2023-08-14T08:09:24","slug":"wooflink-sac-petite-crossbody","status":"publish","type":"product","link":"https:\/\/universanimalier.com\/en\/boutique\/wooflink-sac-petite-crossbody\/","title":{"rendered":"Wooflink - Small Crossbody Bag"},"content":{"rendered":"<p class=\"style30\">Wooflink &#8211; Tr\u00e8s joli sac \u00ab\u00a0Petite Crossbody\u00a0\u00bb pouvant se porter en bandouli\u00e8re ou \u00e0 l&rsquo;\u00e9paule, avec une jolie sangle tendance et ajustable. \u00a0\u2665 tr\u00e8s tendance, pratique et confortable. Id\u00e9al pour les petits jusqu&rsquo;\u00e0 4 kg maximum.<\/p>\n<ul>\n<li class=\"style30\"><span class=\"style38\">With golden Wooflink logo<\/span><\/li>\n<li>Storage pocket<\/li>\n<li>Adjustable strap<\/li>\n<li>An adjustable interior clip for security<\/li>\n<li>Mesh on top, can be completely closed<\/li>\n<li>Soft and pleasant material<\/li>\n<li>A porter en bandouli\u00e8re ou \u00e0 l&rsquo;\u00e9paule<\/li>\n<\/ul>\n<p class=\"style31\"><span class=\"style38\">Dimensions: approximately 35cm x 18cm x 25 (H) cm.<\/span><\/p>\n<p class=\"style31\">Pour un petit chien jusqu&rsquo;\u00e0 4 kg maximum.<\/p>","protected":false},"excerpt":{"rendered":"<p class=\"style30\">Tr\u00e8s joli sac \u00ab\u00a0Petite Crossbody\u00a0\u00bb pouvant se porter en bandouli\u00e8re ou \u00e0 l&rsquo;\u00e9paule, avec une jolie sangle tendance et ajustable. \u00a0\u2665 tr\u00e8s tendance, pratique et confortable. Id\u00e9al pour les petits jusqu&rsquo;\u00e0 4 kg maximum.<\/p>\n<ul>\n<li class=\"style30\"><span class=\"style38\">With golden Wooflink logo<\/span><\/li>\n<li>Storage pocket<\/li>\n<li>Adjustable strap<\/li>\n<li>An adjustable interior clip for security<\/li>\n<li>Mesh on top, can be completely closed<\/li>\n<li>Soft and pleasant material<\/li>\n<li>A porter en bandouli\u00e8re ou \u00e0 l&rsquo;\u00e9paule<\/li>\n<li>You can easily hang a key ring, a pouch, ...<\/li>\n<\/ul>\n<p class=\"style31\"><span class=\"style38\">Dimensions: approximately 35cm x 18cm x 25 (H) cm.<\/span><\/p>\n<p class=\"style31\">Pour un petit chien jusqu&rsquo;\u00e0 4 kg maximum.<\/p>","protected":false},"featured_media":37791,"template":"","meta":[],"product_brand":[],"product_cat":[16],"product_tag":[333,5317,5316,147,816,3110,503],"class_list":{"0":"post-37768","1":"product","2":"type-product","3":"status-publish","4":"has-post-thumbnail","6":"product_cat-sacs-de-transport","7":"product_tag-bag","8":"product_tag-crossbody-bag","9":"product_tag-petite-bag","10":"product_tag-sac","11":"product_tag-sac-bandouliere","12":"product_tag-sac-wooflink","13":"product_tag-wooflink","15":"first","16":"instock","17":"featured","18":"shipping-taxable","19":"purchasable","20":"product-type-variable"},"yoast_head":"<!-- This site is optimized with the Yoast SEO plugin v25.5 - https:\/\/yoast.com\/wordpress\/plugins\/seo\/ -->\n<title>Wooflink - Sac Petite Crossbody - L&#039;univers Animalier<\/title>\n<meta name=\"description\" content=\"Sac Wooflink Petite Crossbody\" \/>\n<meta name=\"robots\" content=\"index, follow, max-snippet:-1, max-image-preview:large, max-video-preview:-1\" \/>\n<link rel=\"canonical\" href=\"https:\/\/wip.universanimalier.com\/boutique\/wooflink-sac-petite-crossbody\/\" \/>\n<meta property=\"og:locale\" content=\"en_US\" \/>\n<meta property=\"og:type\" content=\"article\" \/>\n<meta property=\"og:title\" content=\"Wooflink - Sac Petite Crossbody - L&#039;univers Animalier\" \/>\n<meta property=\"og:description\" content=\"Sac Wooflink Petite Crossbody\" \/>\n<meta property=\"og:url\" content=\"https:\/\/wip.universanimalier.com\/boutique\/wooflink-sac-petite-crossbody\/\" \/>\n<meta property=\"og:site_name\" content=\"L&#039;univers Animalier\" \/>\n<meta property=\"article:publisher\" content=\"https:\/\/www.facebook.com\/lunivers.animalier\" \/>\n<meta property=\"article:modified_time\" content=\"2023-08-14T08:09:24+00:00\" \/>\n<meta property=\"og:image\" content=\"https:\/\/wip.universanimalier.com\/wp-content\/uploads\/2021\/07\/IMG_0354__34517.1625576335.1280.1280.jpg\" \/>\n\t<meta property=\"og:image:width\" content=\"850\" \/>\n\t<meta property=\"og:image:height\" content=\"850\" \/>\n\t<meta property=\"og:image:type\" content=\"image\/jpeg\" \/>\n<meta name=\"twitter:card\" content=\"summary_large_image\" \/>\n<meta name=\"twitter:label1\" content=\"Est. reading time\" \/>\n\t<meta name=\"twitter:data1\" content=\"1 minute\" \/>\n<script type=\"application\/ld+json\" class=\"yoast-schema-graph\">{\"@context\":\"https:\/\/schema.org\",\"@graph\":[{\"@type\":\"WebPage\",\"@id\":\"https:\/\/wip.universanimalier.com\/boutique\/wooflink-sac-petite-crossbody\/\",\"url\":\"https:\/\/wip.universanimalier.com\/boutique\/wooflink-sac-petite-crossbody\/\",\"name\":\"Wooflink - Sac Petite Crossbody - L&#039;univers Animalier\",\"isPartOf\":{\"@id\":\"https:\/\/wip.universanimalier.com\/#website\"},\"primaryImageOfPage\":{\"@id\":\"https:\/\/wip.universanimalier.com\/boutique\/wooflink-sac-petite-crossbody\/#primaryimage\"},\"image\":{\"@id\":\"https:\/\/wip.universanimalier.com\/boutique\/wooflink-sac-petite-crossbody\/#primaryimage\"},\"thumbnailUrl\":\"https:\/\/universanimalier.com\/wp-content\/uploads\/2021\/07\/IMG_0354__34517.1625576335.1280.1280.jpg\",\"datePublished\":\"2021-07-29T19:21:39+00:00\",\"dateModified\":\"2023-08-14T08:09:24+00:00\",\"description\":\"Sac Wooflink Petite Crossbody\",\"breadcrumb\":{\"@id\":\"https:\/\/wip.universanimalier.com\/boutique\/wooflink-sac-petite-crossbody\/#breadcrumb\"},\"inLanguage\":\"en-US\",\"potentialAction\":[{\"@type\":\"ReadAction\",\"target\":[\"https:\/\/wip.universanimalier.com\/boutique\/wooflink-sac-petite-crossbody\/\"]}]},{\"@type\":\"ImageObject\",\"inLanguage\":\"en-US\",\"@id\":\"https:\/\/wip.universanimalier.com\/boutique\/wooflink-sac-petite-crossbody\/#primaryimage\",\"url\":\"https:\/\/universanimalier.com\/wp-content\/uploads\/2021\/07\/IMG_0354__34517.1625576335.1280.1280.jpg\",\"contentUrl\":\"https:\/\/universanimalier.com\/wp-content\/uploads\/2021\/07\/IMG_0354__34517.1625576335.1280.1280.jpg\",\"width\":850,\"height\":850},{\"@type\":\"BreadcrumbList\",\"@id\":\"https:\/\/wip.universanimalier.com\/boutique\/wooflink-sac-petite-crossbody\/#breadcrumb\",\"itemListElement\":[{\"@type\":\"ListItem\",\"position\":1,\"name\":\"Accueil\",\"item\":\"https:\/\/wip.universanimalier.com\/\"},{\"@type\":\"ListItem\",\"position\":2,\"name\":\"Boutique\",\"item\":\"https:\/\/wip.universanimalier.com\/boutique\/\"},{\"@type\":\"ListItem\",\"position\":3,\"name\":\"Wooflink &#8211; Sac Petite Crossbody\"}]},{\"@type\":\"WebSite\",\"@id\":\"https:\/\/wip.universanimalier.com\/#website\",\"url\":\"https:\/\/wip.universanimalier.com\/\",\"name\":\"L'univers Animalier\",\"description\":\"Le paradis des chiens g\u00e2t\u00e9s !\",\"publisher\":{\"@id\":\"https:\/\/wip.universanimalier.com\/#organization\"},\"potentialAction\":[{\"@type\":\"SearchAction\",\"target\":{\"@type\":\"EntryPoint\",\"urlTemplate\":\"https:\/\/wip.universanimalier.com\/?s={search_term_string}\"},\"query-input\":{\"@type\":\"PropertyValueSpecification\",\"valueRequired\":true,\"valueName\":\"search_term_string\"}}],\"inLanguage\":\"en-US\"},{\"@type\":\"Organization\",\"@id\":\"https:\/\/wip.universanimalier.com\/#organization\",\"name\":\"L'univers Animalier\",\"url\":\"https:\/\/wip.universanimalier.com\/\",\"logo\":{\"@type\":\"ImageObject\",\"inLanguage\":\"en-US\",\"@id\":\"https:\/\/wip.universanimalier.com\/#\/schema\/logo\/image\/\",\"url\":\"https:\/\/universanimalier.com\/wp-content\/uploads\/2021\/06\/logo.jpg\",\"contentUrl\":\"https:\/\/universanimalier.com\/wp-content\/uploads\/2021\/06\/logo.jpg\",\"width\":800,\"height\":200,\"caption\":\"L'univers Animalier\"},\"image\":{\"@id\":\"https:\/\/wip.universanimalier.com\/#\/schema\/logo\/image\/\"},\"sameAs\":[\"https:\/\/www.facebook.com\/lunivers.animalier\"]}]}<\/script>\n<!-- \/ Yoast SEO plugin. -->","yoast_head_json":{"title":"Wooflink - Sac Petite Crossbody - L&#039;univers Animalier","description":"Sac Wooflink Petite Crossbody","robots":{"index":"index","follow":"follow","max-snippet":"max-snippet:-1","max-image-preview":"max-image-preview:large","max-video-preview":"max-video-preview:-1"},"canonical":"https:\/\/wip.universanimalier.com\/boutique\/wooflink-sac-petite-crossbody\/","og_locale":"en_US","og_type":"article","og_title":"Wooflink - Sac Petite Crossbody - L&#039;univers Animalier","og_description":"Sac Wooflink Petite Crossbody","og_url":"https:\/\/wip.universanimalier.com\/boutique\/wooflink-sac-petite-crossbody\/","og_site_name":"L&#039;univers Animalier","article_publisher":"https:\/\/www.facebook.com\/lunivers.animalier","article_modified_time":"2023-08-14T08:09:24+00:00","og_image":[{"width":850,"height":850,"url":"https:\/\/wip.universanimalier.com\/wp-content\/uploads\/2021\/07\/IMG_0354__34517.1625576335.1280.1280.jpg","type":"image\/jpeg"}],"twitter_card":"summary_large_image","twitter_misc":{"Est. reading time":"1 minute"},"schema":{"@context":"https:\/\/schema.org","@graph":[{"@type":"WebPage","@id":"https:\/\/wip.universanimalier.com\/boutique\/wooflink-sac-petite-crossbody\/","url":"https:\/\/wip.universanimalier.com\/boutique\/wooflink-sac-petite-crossbody\/","name":"Wooflink - Sac Petite Crossbody - L&#039;univers Animalier","isPartOf":{"@id":"https:\/\/wip.universanimalier.com\/#website"},"primaryImageOfPage":{"@id":"https:\/\/wip.universanimalier.com\/boutique\/wooflink-sac-petite-crossbody\/#primaryimage"},"image":{"@id":"https:\/\/wip.universanimalier.com\/boutique\/wooflink-sac-petite-crossbody\/#primaryimage"},"thumbnailUrl":"https:\/\/universanimalier.com\/wp-content\/uploads\/2021\/07\/IMG_0354__34517.1625576335.1280.1280.jpg","datePublished":"2021-07-29T19:21:39+00:00","dateModified":"2023-08-14T08:09:24+00:00","description":"Sac Wooflink Petite Crossbody","breadcrumb":{"@id":"https:\/\/wip.universanimalier.com\/boutique\/wooflink-sac-petite-crossbody\/#breadcrumb"},"inLanguage":"en-US","potentialAction":[{"@type":"ReadAction","target":["https:\/\/wip.universanimalier.com\/boutique\/wooflink-sac-petite-crossbody\/"]}]},{"@type":"ImageObject","inLanguage":"en-US","@id":"https:\/\/wip.universanimalier.com\/boutique\/wooflink-sac-petite-crossbody\/#primaryimage","url":"https:\/\/universanimalier.com\/wp-content\/uploads\/2021\/07\/IMG_0354__34517.1625576335.1280.1280.jpg","contentUrl":"https:\/\/universanimalier.com\/wp-content\/uploads\/2021\/07\/IMG_0354__34517.1625576335.1280.1280.jpg","width":850,"height":850},{"@type":"BreadcrumbList","@id":"https:\/\/wip.universanimalier.com\/boutique\/wooflink-sac-petite-crossbody\/#breadcrumb","itemListElement":[{"@type":"ListItem","position":1,"name":"Accueil","item":"https:\/\/wip.universanimalier.com\/"},{"@type":"ListItem","position":2,"name":"Boutique","item":"https:\/\/wip.universanimalier.com\/boutique\/"},{"@type":"ListItem","position":3,"name":"Wooflink &#8211; Sac Petite Crossbody"}]},{"@type":"WebSite","@id":"https:\/\/wip.universanimalier.com\/#website","url":"https:\/\/wip.universanimalier.com\/","name":"L'univers Animalier","description":"A paradise for spoiled dogs!","publisher":{"@id":"https:\/\/wip.universanimalier.com\/#organization"},"potentialAction":[{"@type":"SearchAction","target":{"@type":"EntryPoint","urlTemplate":"https:\/\/wip.universanimalier.com\/?s={search_term_string}"},"query-input":{"@type":"PropertyValueSpecification","valueRequired":true,"valueName":"search_term_string"}}],"inLanguage":"en-US"},{"@type":"Organization","@id":"https:\/\/wip.universanimalier.com\/#organization","name":"L'univers Animalier","url":"https:\/\/wip.universanimalier.com\/","logo":{"@type":"ImageObject","inLanguage":"en-US","@id":"https:\/\/wip.universanimalier.com\/#\/schema\/logo\/image\/","url":"https:\/\/universanimalier.com\/wp-content\/uploads\/2021\/06\/logo.jpg","contentUrl":"https:\/\/universanimalier.com\/wp-content\/uploads\/2021\/06\/logo.jpg","width":800,"height":200,"caption":"L'univers Animalier"},"image":{"@id":"https:\/\/wip.universanimalier.com\/#\/schema\/logo\/image\/"},"sameAs":["https:\/\/www.facebook.com\/lunivers.animalier"]}]}},"_links":{"self":[{"href":"https:\/\/universanimalier.com\/en\/wp-json\/wp\/v2\/product\/37768"}],"collection":[{"href":"https:\/\/universanimalier.com\/en\/wp-json\/wp\/v2\/product"}],"about":[{"href":"https:\/\/universanimalier.com\/en\/wp-json\/wp\/v2\/types\/product"}],"wp:featuredmedia":[{"embeddable":true,"href":"https:\/\/universanimalier.com\/en\/wp-json\/wp\/v2\/media\/37791"}],"wp:attachment":[{"href":"https:\/\/universanimalier.com\/en\/wp-json\/wp\/v2\/media?parent=37768"}],"wp:term":[{"taxonomy":"product_brand","embeddable":true,"href":"https:\/\/universanimalier.com\/en\/wp-json\/wp\/v2\/product_brand?post=37768"},{"taxonomy":"product_cat","embeddable":true,"href":"https:\/\/universanimalier.com\/en\/wp-json\/wp\/v2\/product_cat?post=37768"},{"taxonomy":"product_tag","embeddable":true,"href":"https:\/\/universanimalier.com\/en\/wp-json\/wp\/v2\/product_tag?post=37768"}],"curies":[{"name":"wp","href":"https:\/\/api.w.org\/{rel}","templated":true}]}}