{"id":38682,"date":"2021-09-26T22:28:11","date_gmt":"2021-09-26T20:28:11","guid":{"rendered":"https:\/\/universanimalier.com\/?post_type=product&#038;p=38682"},"modified":"2024-06-29T22:35:10","modified_gmt":"2024-06-29T20:35:10","slug":"holly-loo-pull-sweater-grey-pour-levrier","status":"publish","type":"product","link":"https:\/\/universanimalier.com\/en\/boutique\/holly-loo-pull-sweater-grey-pour-levrier\/","title":{"rendered":"Holly Loo - Greyhound Sweater Gray"},"content":{"rendered":"<p>Soft and warm sweater specially designed for the morphology of the greyhound.<\/p>\n<ul>\n<li>Very soft and supple cotton<\/li>\n<li>Interior in thin and warm fleece<\/li>\n<li>Stand-up collar that can be folded up<\/li>\n<li>Passage for the leash<\/li>\n<li>Handmade in Belgium<\/li>\n<li>Machine washable at 30 \u00b0 - No dryer<\/li>\n<\/ul>\n<p>Sizes:<\/p>\n<ul>\n<li>M: length from neck to tail 57cm (70cm with collar)<\/li>\n<li>L: length from neck to tail 75 cm (60 cm without the collar)<\/li>\n<li>XL: length from neck to tail 85 cm (70 cm without the collar)<\/li>\n<\/ul>\n<p>Le mod\u00e8le est stretch et sp\u00e9cialement con\u00e7u pour s&rsquo;adapter au poitrail du l\u00e9vrier.<\/p>\n<p><span style=\"color: #ed1c24;\"><em>La taille souhait\u00e9e n&rsquo;est pas disponible? N&rsquo;h\u00e9sitez pas \u00e0 nous contacter pour commander.<\/em><\/span><\/p>","protected":false},"excerpt":{"rendered":"<p>Mottled gray sweater, soft and warm, specially designed for the greyhound&#039;s morphology.<\/p>\n<ul>\n<li>Very soft and supple cotton<\/li>\n<li>Interior in thin and warm fleece<\/li>\n<li>Stand-up collar that can be folded up<\/li>\n<li>Passage for the leash<\/li>\n<li>Handmade in Belgium<\/li>\n<li>Machine washable at 30 \u00b0 - No dryer<\/li>\n<\/ul>\n<p>Sizes:<\/p>\n<ul>\n<li>M: length from neck to tail 57cm (70cm with collar)<\/li>\n<li>L: length from neck to tail 60cm (75cm with collar)<\/li>\n<li>XL: length from neck to tail 70cm (85cm with collar)<\/li>\n<\/ul>\n<p>Le mod\u00e8le est stretch et sp\u00e9cialement con\u00e7u pour s&rsquo;adapter au poitrail du l\u00e9vrier.<\/p>\n<p><span style=\"color: #ed1c24;\"><em>La taille souhait\u00e9e n&rsquo;est pas disponible? N&rsquo;h\u00e9sitez pas \u00e0 nous contacter pour commander.<\/em><\/span><\/p>","protected":false},"featured_media":38648,"template":"","meta":[],"product_brand":[],"product_cat":[4288,1655,5135,15],"product_tag":[4289,5466,5467,4297,4298,5464,5465],"class_list":{"0":"post-38682","1":"product","2":"type-product","3":"status-publish","4":"has-post-thumbnail","6":"product_cat-levriers","7":"product_cat-pulls-et-sweats","8":"product_cat-special-levriers","9":"product_cat-dressing","10":"product_tag-greyhound","11":"product_tag-holly-loo","12":"product_tag-made-in-belgium","13":"product_tag-pull-levrier","14":"product_tag-pull-pour-levrier","15":"product_tag-special-greyhound","16":"product_tag-special-levrier","18":"first","19":"instock","20":"shipping-taxable","21":"purchasable","22":"product-type-variable"},"yoast_head":"<!-- This site is optimized with the Yoast SEO plugin v25.5 - https:\/\/yoast.com\/wordpress\/plugins\/seo\/ -->\n<title>Holly Loo - Pull Sweater Grey pour l\u00e9vrier - L&#039;univers Animalier<\/title>\n<meta name=\"robots\" content=\"index, follow, max-snippet:-1, max-image-preview:large, max-video-preview:-1\" \/>\n<link rel=\"canonical\" href=\"https:\/\/universanimalier.com\/en\/boutique\/holly-loo-pull-sweater-grey-pour-levrier\/\" \/>\n<meta property=\"og:locale\" content=\"en_US\" \/>\n<meta property=\"og:type\" content=\"article\" \/>\n<meta property=\"og:title\" content=\"Holly Loo - Pull Sweater Grey pour l\u00e9vrier - L&#039;univers Animalier\" \/>\n<meta property=\"og:description\" content=\"Pull gris chin\u00e9, souple et chaud sp\u00e9cialement con\u00e7u pour la morphologie du l\u00e9vrier.   En coton tr\u00e8s doux et souple  Int\u00e9rieur en polar fin et chaud  Col montant pouvant se replier  Passage pour la laisse  Fait main en Belgique  Lavable en machine \u00e0 30\u00b0 - Pas de s\u00e9choir  Tailles:   M: longueur du cou \u00e0 la queue 57 cm (70 cm avec le col)  L: longueur du cou \u00e0 la queue 60 cm (75 cm avec le col)  XL: longueur du cou \u00e0 la queue 70 cm (85 cm avec le col)  Le mod\u00e8le est stretch et sp\u00e9cialement con\u00e7u pour s&#039;adapter au poitrail du l\u00e9vrier.  La taille souhait\u00e9e n&#039;est pas disponible? N&#039;h\u00e9sitez pas \u00e0 nous contacter pour commander.\" \/>\n<meta property=\"og:url\" content=\"https:\/\/universanimalier.com\/en\/boutique\/holly-loo-pull-sweater-grey-pour-levrier\/\" \/>\n<meta property=\"og:site_name\" content=\"L&#039;univers Animalier\" \/>\n<meta property=\"article:publisher\" content=\"https:\/\/www.facebook.com\/lunivers.animalier\" \/>\n<meta property=\"article:modified_time\" content=\"2024-06-29T20:35:10+00:00\" \/>\n<meta property=\"og:image\" content=\"https:\/\/wip.universanimalier.com\/wp-content\/uploads\/2021\/09\/0D028137-A501-4F8E-BDCD-8A5B20C3B26E-scaled.jpeg\" \/>\n\t<meta property=\"og:image:width\" content=\"2560\" \/>\n\t<meta property=\"og:image:height\" content=\"2560\" \/>\n\t<meta property=\"og:image:type\" content=\"image\/jpeg\" \/>\n<meta name=\"twitter:card\" content=\"summary_large_image\" \/>\n<meta name=\"twitter:label1\" content=\"Est. reading time\" \/>\n\t<meta name=\"twitter:data1\" content=\"1 minute\" \/>\n<script type=\"application\/ld+json\" class=\"yoast-schema-graph\">{\"@context\":\"https:\/\/schema.org\",\"@graph\":[{\"@type\":\"WebPage\",\"@id\":\"https:\/\/universanimalier.com\/boutique\/holly-loo-pull-sweater-grey-pour-levrier\/\",\"url\":\"https:\/\/universanimalier.com\/boutique\/holly-loo-pull-sweater-grey-pour-levrier\/\",\"name\":\"Holly Loo - Pull Sweater Grey pour l\u00e9vrier - L&#039;univers Animalier\",\"isPartOf\":{\"@id\":\"https:\/\/wip.universanimalier.com\/#website\"},\"primaryImageOfPage\":{\"@id\":\"https:\/\/universanimalier.com\/boutique\/holly-loo-pull-sweater-grey-pour-levrier\/#primaryimage\"},\"image\":{\"@id\":\"https:\/\/universanimalier.com\/boutique\/holly-loo-pull-sweater-grey-pour-levrier\/#primaryimage\"},\"thumbnailUrl\":\"https:\/\/universanimalier.com\/wp-content\/uploads\/2021\/09\/0D028137-A501-4F8E-BDCD-8A5B20C3B26E-scaled.jpeg\",\"datePublished\":\"2021-09-26T20:28:11+00:00\",\"dateModified\":\"2024-06-29T20:35:10+00:00\",\"breadcrumb\":{\"@id\":\"https:\/\/universanimalier.com\/boutique\/holly-loo-pull-sweater-grey-pour-levrier\/#breadcrumb\"},\"inLanguage\":\"en-US\",\"potentialAction\":[{\"@type\":\"ReadAction\",\"target\":[\"https:\/\/universanimalier.com\/boutique\/holly-loo-pull-sweater-grey-pour-levrier\/\"]}]},{\"@type\":\"ImageObject\",\"inLanguage\":\"en-US\",\"@id\":\"https:\/\/universanimalier.com\/boutique\/holly-loo-pull-sweater-grey-pour-levrier\/#primaryimage\",\"url\":\"https:\/\/universanimalier.com\/wp-content\/uploads\/2021\/09\/0D028137-A501-4F8E-BDCD-8A5B20C3B26E-scaled.jpeg\",\"contentUrl\":\"https:\/\/universanimalier.com\/wp-content\/uploads\/2021\/09\/0D028137-A501-4F8E-BDCD-8A5B20C3B26E-scaled.jpeg\",\"width\":2560,\"height\":2560},{\"@type\":\"BreadcrumbList\",\"@id\":\"https:\/\/universanimalier.com\/boutique\/holly-loo-pull-sweater-grey-pour-levrier\/#breadcrumb\",\"itemListElement\":[{\"@type\":\"ListItem\",\"position\":1,\"name\":\"Accueil\",\"item\":\"https:\/\/wip.universanimalier.com\/\"},{\"@type\":\"ListItem\",\"position\":2,\"name\":\"Boutique\",\"item\":\"https:\/\/wip.universanimalier.com\/boutique\/\"},{\"@type\":\"ListItem\",\"position\":3,\"name\":\"Holly Loo &#8211; Pull Sweater Grey pour l\u00e9vrier\"}]},{\"@type\":\"WebSite\",\"@id\":\"https:\/\/wip.universanimalier.com\/#website\",\"url\":\"https:\/\/wip.universanimalier.com\/\",\"name\":\"L'univers Animalier\",\"description\":\"Le paradis des chiens g\u00e2t\u00e9s !\",\"publisher\":{\"@id\":\"https:\/\/wip.universanimalier.com\/#organization\"},\"potentialAction\":[{\"@type\":\"SearchAction\",\"target\":{\"@type\":\"EntryPoint\",\"urlTemplate\":\"https:\/\/wip.universanimalier.com\/?s={search_term_string}\"},\"query-input\":{\"@type\":\"PropertyValueSpecification\",\"valueRequired\":true,\"valueName\":\"search_term_string\"}}],\"inLanguage\":\"en-US\"},{\"@type\":\"Organization\",\"@id\":\"https:\/\/wip.universanimalier.com\/#organization\",\"name\":\"L'univers Animalier\",\"url\":\"https:\/\/wip.universanimalier.com\/\",\"logo\":{\"@type\":\"ImageObject\",\"inLanguage\":\"en-US\",\"@id\":\"https:\/\/wip.universanimalier.com\/#\/schema\/logo\/image\/\",\"url\":\"https:\/\/universanimalier.com\/wp-content\/uploads\/2021\/06\/logo.jpg\",\"contentUrl\":\"https:\/\/universanimalier.com\/wp-content\/uploads\/2021\/06\/logo.jpg\",\"width\":800,\"height\":200,\"caption\":\"L'univers Animalier\"},\"image\":{\"@id\":\"https:\/\/wip.universanimalier.com\/#\/schema\/logo\/image\/\"},\"sameAs\":[\"https:\/\/www.facebook.com\/lunivers.animalier\"]}]}<\/script>\n<!-- \/ Yoast SEO plugin. -->","yoast_head_json":{"title":"Holly Loo - Pull Sweater Grey pour l\u00e9vrier - L&#039;univers Animalier","robots":{"index":"index","follow":"follow","max-snippet":"max-snippet:-1","max-image-preview":"max-image-preview:large","max-video-preview":"max-video-preview:-1"},"canonical":"https:\/\/universanimalier.com\/en\/boutique\/holly-loo-pull-sweater-grey-pour-levrier\/","og_locale":"en_US","og_type":"article","og_title":"Holly Loo - Pull Sweater Grey pour l\u00e9vrier - L&#039;univers Animalier","og_description":"Pull gris chin\u00e9, souple et chaud sp\u00e9cialement con\u00e7u pour la morphologie du l\u00e9vrier.   En coton tr\u00e8s doux et souple  Int\u00e9rieur en polar fin et chaud  Col montant pouvant se replier  Passage pour la laisse  Fait main en Belgique  Lavable en machine \u00e0 30\u00b0 - Pas de s\u00e9choir  Tailles:   M: longueur du cou \u00e0 la queue 57 cm (70 cm avec le col)  L: longueur du cou \u00e0 la queue 60 cm (75 cm avec le col)  XL: longueur du cou \u00e0 la queue 70 cm (85 cm avec le col)  Le mod\u00e8le est stretch et sp\u00e9cialement con\u00e7u pour s'adapter au poitrail du l\u00e9vrier.  La taille souhait\u00e9e n'est pas disponible? N'h\u00e9sitez pas \u00e0 nous contacter pour commander.","og_url":"https:\/\/universanimalier.com\/en\/boutique\/holly-loo-pull-sweater-grey-pour-levrier\/","og_site_name":"L&#039;univers Animalier","article_publisher":"https:\/\/www.facebook.com\/lunivers.animalier","article_modified_time":"2024-06-29T20:35:10+00:00","og_image":[{"width":2560,"height":2560,"url":"https:\/\/wip.universanimalier.com\/wp-content\/uploads\/2021\/09\/0D028137-A501-4F8E-BDCD-8A5B20C3B26E-scaled.jpeg","type":"image\/jpeg"}],"twitter_card":"summary_large_image","twitter_misc":{"Est. reading time":"1 minute"},"schema":{"@context":"https:\/\/schema.org","@graph":[{"@type":"WebPage","@id":"https:\/\/universanimalier.com\/boutique\/holly-loo-pull-sweater-grey-pour-levrier\/","url":"https:\/\/universanimalier.com\/boutique\/holly-loo-pull-sweater-grey-pour-levrier\/","name":"Holly Loo - Pull Sweater Grey pour l\u00e9vrier - L&#039;univers Animalier","isPartOf":{"@id":"https:\/\/wip.universanimalier.com\/#website"},"primaryImageOfPage":{"@id":"https:\/\/universanimalier.com\/boutique\/holly-loo-pull-sweater-grey-pour-levrier\/#primaryimage"},"image":{"@id":"https:\/\/universanimalier.com\/boutique\/holly-loo-pull-sweater-grey-pour-levrier\/#primaryimage"},"thumbnailUrl":"https:\/\/universanimalier.com\/wp-content\/uploads\/2021\/09\/0D028137-A501-4F8E-BDCD-8A5B20C3B26E-scaled.jpeg","datePublished":"2021-09-26T20:28:11+00:00","dateModified":"2024-06-29T20:35:10+00:00","breadcrumb":{"@id":"https:\/\/universanimalier.com\/boutique\/holly-loo-pull-sweater-grey-pour-levrier\/#breadcrumb"},"inLanguage":"en-US","potentialAction":[{"@type":"ReadAction","target":["https:\/\/universanimalier.com\/boutique\/holly-loo-pull-sweater-grey-pour-levrier\/"]}]},{"@type":"ImageObject","inLanguage":"en-US","@id":"https:\/\/universanimalier.com\/boutique\/holly-loo-pull-sweater-grey-pour-levrier\/#primaryimage","url":"https:\/\/universanimalier.com\/wp-content\/uploads\/2021\/09\/0D028137-A501-4F8E-BDCD-8A5B20C3B26E-scaled.jpeg","contentUrl":"https:\/\/universanimalier.com\/wp-content\/uploads\/2021\/09\/0D028137-A501-4F8E-BDCD-8A5B20C3B26E-scaled.jpeg","width":2560,"height":2560},{"@type":"BreadcrumbList","@id":"https:\/\/universanimalier.com\/boutique\/holly-loo-pull-sweater-grey-pour-levrier\/#breadcrumb","itemListElement":[{"@type":"ListItem","position":1,"name":"Accueil","item":"https:\/\/wip.universanimalier.com\/"},{"@type":"ListItem","position":2,"name":"Boutique","item":"https:\/\/wip.universanimalier.com\/boutique\/"},{"@type":"ListItem","position":3,"name":"Holly Loo &#8211; Pull Sweater Grey pour l\u00e9vrier"}]},{"@type":"WebSite","@id":"https:\/\/wip.universanimalier.com\/#website","url":"https:\/\/wip.universanimalier.com\/","name":"L'univers Animalier","description":"A paradise for spoiled dogs!","publisher":{"@id":"https:\/\/wip.universanimalier.com\/#organization"},"potentialAction":[{"@type":"SearchAction","target":{"@type":"EntryPoint","urlTemplate":"https:\/\/wip.universanimalier.com\/?s={search_term_string}"},"query-input":{"@type":"PropertyValueSpecification","valueRequired":true,"valueName":"search_term_string"}}],"inLanguage":"en-US"},{"@type":"Organization","@id":"https:\/\/wip.universanimalier.com\/#organization","name":"L'univers Animalier","url":"https:\/\/wip.universanimalier.com\/","logo":{"@type":"ImageObject","inLanguage":"en-US","@id":"https:\/\/wip.universanimalier.com\/#\/schema\/logo\/image\/","url":"https:\/\/universanimalier.com\/wp-content\/uploads\/2021\/06\/logo.jpg","contentUrl":"https:\/\/universanimalier.com\/wp-content\/uploads\/2021\/06\/logo.jpg","width":800,"height":200,"caption":"L'univers Animalier"},"image":{"@id":"https:\/\/wip.universanimalier.com\/#\/schema\/logo\/image\/"},"sameAs":["https:\/\/www.facebook.com\/lunivers.animalier"]}]}},"_links":{"self":[{"href":"https:\/\/universanimalier.com\/en\/wp-json\/wp\/v2\/product\/38682"}],"collection":[{"href":"https:\/\/universanimalier.com\/en\/wp-json\/wp\/v2\/product"}],"about":[{"href":"https:\/\/universanimalier.com\/en\/wp-json\/wp\/v2\/types\/product"}],"wp:featuredmedia":[{"embeddable":true,"href":"https:\/\/universanimalier.com\/en\/wp-json\/wp\/v2\/media\/38648"}],"wp:attachment":[{"href":"https:\/\/universanimalier.com\/en\/wp-json\/wp\/v2\/media?parent=38682"}],"wp:term":[{"taxonomy":"product_brand","embeddable":true,"href":"https:\/\/universanimalier.com\/en\/wp-json\/wp\/v2\/product_brand?post=38682"},{"taxonomy":"product_cat","embeddable":true,"href":"https:\/\/universanimalier.com\/en\/wp-json\/wp\/v2\/product_cat?post=38682"},{"taxonomy":"product_tag","embeddable":true,"href":"https:\/\/universanimalier.com\/en\/wp-json\/wp\/v2\/product_tag?post=38682"}],"curies":[{"name":"wp","href":"https:\/\/api.w.org\/{rel}","templated":true}]}}