{"id":40864,"date":"2021-12-14T14:13:20","date_gmt":"2021-12-14T13:13:20","guid":{"rendered":"https:\/\/universanimalier.com\/?post_type=product&#038;p=40864"},"modified":"2026-01-02T10:19:20","modified_gmt":"2026-01-02T09:19:20","slug":"carte-cadeau-lunivers-animalier","status":"publish","type":"product","link":"https:\/\/universanimalier.com\/en\/boutique\/carte-cadeau-lunivers-animalier\/","title":{"rendered":"CARTE CADEAU &#8211; L&rsquo;univers animalier"},"content":{"rendered":"<p>Offer a <em><strong><span style=\"color: #ff99cc;\">gift card<\/span><\/strong><\/em> \u00e0 l&rsquo;un de vos proches pour g\u00e2ter son petit amour\u00a0\u2665<\/p>\n<p>15, 25, 50, 75 or 100 euros \ud83d\ude42<\/p>\n<p>The voucher is valid <em><span style=\"text-decoration: underline;\"><strong>en boutique et sur l&rsquo;e-shop<\/strong><\/span><\/em>. You will be <span style=\"text-decoration: underline;\">sent by email during the day<\/span> with a <span style=\"text-decoration: underline;\">unique promo code<\/span> to be applied to a future order on the site.<\/p>\n<p>Si vous d\u00e9sirez le recevoir par courrier postal, mentionnez le dans \u00ab\u00a0note\u00a0\u00bb, il vous sera envoy\u00e9 gratuitement sous enveloppe. Vous pouvez \u00e9galement l&rsquo;imprimer \u00e0 domicile et le pr\u00e9senter en boutique lors de votre achat.<\/p>\n<p><span style=\"text-decoration: underline;\">Procedure for delivery<\/span>:<\/p>\n<ul>\n<li>Si vous commandez uniquement une carte cadeau, s\u00e9lectionnez \u00ab\u00a0enl\u00e8vement en magasin\u00a0\u00bb pour la livraison (gratuite) et le bon vous sera envoy\u00e9 par mail comme indiqu\u00e9 ci-dessus.<\/li>\n<li>Si vous commandez d&rsquo;autres articles en plus de la carte cadeau, s\u00e9lectionnez votre mode de livraison habituel (enl\u00e8vement en magasin, poste ou mondial relay).<\/li>\n<\/ul>","protected":false},"excerpt":{"rendered":"<p>Offer a <em><strong><span style=\"color: #ff99cc;\">gift card<\/span><\/strong><\/em> \u00e0 l&rsquo;un de vos proches pour g\u00e2ter son petit amour\u00a0\u2665<\/p>\n<p>15, 25, 50, 75 or 100 euros \ud83d\ude42<\/p>\n<p>The voucher is valid <em><span style=\"text-decoration: underline;\"><strong>en boutique et sur l&rsquo;e-shop<\/strong><\/span><\/em>. You will be <span style=\"text-decoration: underline;\">sent by email during the day<\/span> with a <span style=\"text-decoration: underline;\">unique promo code<\/span> to be applied to a future order on the site.<\/p>\n<p>Si vous d\u00e9sirez le recevoir par courrier postal, mentionnez le dans \u00ab\u00a0note\u00a0\u00bb, il vous sera envoy\u00e9 gratuitement sous enveloppe. Vous pouvez \u00e9galement l&rsquo;imprimer \u00e0 domicile et le pr\u00e9senter en boutique lors de votre achat.<\/p>\n<p><span style=\"text-decoration: underline;\">Procedure for delivery<\/span>:<\/p>\n<ul>\n<li>Si vous commandez uniquement une carte cadeau, s\u00e9lectionnez \u00ab\u00a0enl\u00e8vement en magasin\u00a0\u00bb pour la livraison (gratuite) et le bon vous sera envoy\u00e9 par mail comme indiqu\u00e9 ci-dessus.<\/li>\n<li>Si vous commandez d&rsquo;autres articles en plus de la carte cadeau, s\u00e9lectionnez votre mode de livraison habituel (enl\u00e8vement en magasin, poste ou mondial relay).<\/li>\n<\/ul>","protected":false},"featured_media":8205,"template":"","meta":[],"product_brand":[],"product_cat":[5583,43,928],"product_tag":[926,925,924,863,927],"class_list":{"0":"post-40864","1":"product","2":"type-product","3":"status-publish","4":"has-post-thumbnail","6":"product_cat-noel","7":"product_cat-accessoires","8":"product_cat-cartes-cadeaux","9":"product_tag-bon-dachat","10":"product_tag-cadeau","11":"product_tag-carte-cadeau","12":"product_tag-gift","13":"product_tag-gift-card","15":"first","16":"instock","17":"shipping-taxable","18":"purchasable","19":"product-type-variable"},"yoast_head":"<!-- This site is optimized with the Yoast SEO plugin v25.5 - https:\/\/yoast.com\/wordpress\/plugins\/seo\/ -->\n<title>CARTE CADEAU - L&#039;univers animalier - L&#039;univers Animalier<\/title>\n<meta name=\"robots\" content=\"index, follow, max-snippet:-1, max-image-preview:large, max-video-preview:-1\" \/>\n<link rel=\"canonical\" href=\"https:\/\/universanimalier.com\/en\/boutique\/carte-cadeau-lunivers-animalier\/\" \/>\n<meta property=\"og:locale\" content=\"en_US\" \/>\n<meta property=\"og:type\" content=\"article\" \/>\n<meta property=\"og:title\" content=\"CARTE CADEAU - L&#039;univers animalier - L&#039;univers Animalier\" \/>\n<meta property=\"og:description\" content=\"Offrez une carte cadeau \u00e0 l&#039;un de vos proches pour g\u00e2ter son petit amour\u00a0\u2665  15, 25, 50, 75 ou 100 euros :)  Le bon est valable en boutique et sur l&#039;e-shop. Il vous sera envoy\u00e9 par mail dans la journ\u00e9e avec un code promo unique \u00e0 appliquer \u00e0 une future commande sur le site.  Si vous d\u00e9sirez le recevoir par courrier postal, mentionnez le dans &quot;note&quot;, il vous sera envoy\u00e9 gratuitement sous enveloppe. Vous pouvez \u00e9galement l&#039;imprimer \u00e0 domicile et le pr\u00e9senter en boutique lors de votre achat.  Marche \u00e0 suivre pour la livraison:   Si vous commandez uniquement une carte cadeau, s\u00e9lectionnez &quot;enl\u00e8vement en magasin&quot; pour la livraison (gratuite) et le bon vous sera envoy\u00e9 par mail comme indiqu\u00e9 ci-dessus.  Si vous commandez d&#039;autres articles en plus de la carte cadeau, s\u00e9lectionnez votre mode de livraison habituel (enl\u00e8vement en magasin, poste ou mondial relay).\" \/>\n<meta property=\"og:url\" content=\"https:\/\/universanimalier.com\/en\/boutique\/carte-cadeau-lunivers-animalier\/\" \/>\n<meta property=\"og:site_name\" content=\"L&#039;univers Animalier\" \/>\n<meta property=\"article:publisher\" content=\"https:\/\/www.facebook.com\/lunivers.animalier\" \/>\n<meta property=\"article:modified_time\" content=\"2026-01-02T09:19:20+00:00\" \/>\n<meta property=\"og:image\" content=\"https:\/\/universanimalier.com\/wp-content\/uploads\/2017\/01\/Carte-cadeau.jpg\" \/>\n\t<meta property=\"og:image:width\" content=\"1136\" \/>\n\t<meta property=\"og:image:height\" content=\"1136\" \/>\n\t<meta property=\"og:image:type\" content=\"image\/jpeg\" \/>\n<meta name=\"twitter:card\" content=\"summary_large_image\" \/>\n<meta name=\"twitter:label1\" content=\"Est. reading time\" \/>\n\t<meta name=\"twitter:data1\" content=\"1 minute\" \/>\n<script type=\"application\/ld+json\" class=\"yoast-schema-graph\">{\"@context\":\"https:\/\/schema.org\",\"@graph\":[{\"@type\":\"WebPage\",\"@id\":\"https:\/\/universanimalier.com\/boutique\/carte-cadeau-lunivers-animalier\/\",\"url\":\"https:\/\/universanimalier.com\/boutique\/carte-cadeau-lunivers-animalier\/\",\"name\":\"CARTE CADEAU - L'univers animalier - L&#039;univers Animalier\",\"isPartOf\":{\"@id\":\"https:\/\/wip.universanimalier.com\/#website\"},\"primaryImageOfPage\":{\"@id\":\"https:\/\/universanimalier.com\/boutique\/carte-cadeau-lunivers-animalier\/#primaryimage\"},\"image\":{\"@id\":\"https:\/\/universanimalier.com\/boutique\/carte-cadeau-lunivers-animalier\/#primaryimage\"},\"thumbnailUrl\":\"https:\/\/universanimalier.com\/wp-content\/uploads\/2017\/01\/Carte-cadeau.jpg\",\"datePublished\":\"2021-12-14T13:13:20+00:00\",\"dateModified\":\"2026-01-02T09:19:20+00:00\",\"breadcrumb\":{\"@id\":\"https:\/\/universanimalier.com\/boutique\/carte-cadeau-lunivers-animalier\/#breadcrumb\"},\"inLanguage\":\"en-US\",\"potentialAction\":[{\"@type\":\"ReadAction\",\"target\":[\"https:\/\/universanimalier.com\/boutique\/carte-cadeau-lunivers-animalier\/\"]}]},{\"@type\":\"ImageObject\",\"inLanguage\":\"en-US\",\"@id\":\"https:\/\/universanimalier.com\/boutique\/carte-cadeau-lunivers-animalier\/#primaryimage\",\"url\":\"https:\/\/universanimalier.com\/wp-content\/uploads\/2017\/01\/Carte-cadeau.jpg\",\"contentUrl\":\"https:\/\/universanimalier.com\/wp-content\/uploads\/2017\/01\/Carte-cadeau.jpg\",\"width\":1136,\"height\":1136},{\"@type\":\"BreadcrumbList\",\"@id\":\"https:\/\/universanimalier.com\/boutique\/carte-cadeau-lunivers-animalier\/#breadcrumb\",\"itemListElement\":[{\"@type\":\"ListItem\",\"position\":1,\"name\":\"Accueil\",\"item\":\"https:\/\/wip.universanimalier.com\/\"},{\"@type\":\"ListItem\",\"position\":2,\"name\":\"Boutique\",\"item\":\"https:\/\/wip.universanimalier.com\/boutique\/\"},{\"@type\":\"ListItem\",\"position\":3,\"name\":\"CARTE CADEAU &#8211; L&rsquo;univers animalier\"}]},{\"@type\":\"WebSite\",\"@id\":\"https:\/\/wip.universanimalier.com\/#website\",\"url\":\"https:\/\/wip.universanimalier.com\/\",\"name\":\"L'univers Animalier\",\"description\":\"Le paradis des chiens g\u00e2t\u00e9s !\",\"publisher\":{\"@id\":\"https:\/\/wip.universanimalier.com\/#organization\"},\"potentialAction\":[{\"@type\":\"SearchAction\",\"target\":{\"@type\":\"EntryPoint\",\"urlTemplate\":\"https:\/\/wip.universanimalier.com\/?s={search_term_string}\"},\"query-input\":{\"@type\":\"PropertyValueSpecification\",\"valueRequired\":true,\"valueName\":\"search_term_string\"}}],\"inLanguage\":\"en-US\"},{\"@type\":\"Organization\",\"@id\":\"https:\/\/wip.universanimalier.com\/#organization\",\"name\":\"L'univers Animalier\",\"url\":\"https:\/\/wip.universanimalier.com\/\",\"logo\":{\"@type\":\"ImageObject\",\"inLanguage\":\"en-US\",\"@id\":\"https:\/\/wip.universanimalier.com\/#\/schema\/logo\/image\/\",\"url\":\"https:\/\/universanimalier.com\/wp-content\/uploads\/2021\/06\/logo.jpg\",\"contentUrl\":\"https:\/\/universanimalier.com\/wp-content\/uploads\/2021\/06\/logo.jpg\",\"width\":800,\"height\":200,\"caption\":\"L'univers Animalier\"},\"image\":{\"@id\":\"https:\/\/wip.universanimalier.com\/#\/schema\/logo\/image\/\"},\"sameAs\":[\"https:\/\/www.facebook.com\/lunivers.animalier\"]}]}<\/script>\n<!-- \/ Yoast SEO plugin. -->","yoast_head_json":{"title":"CARTE CADEAU - L'univers animalier - L&#039;univers Animalier","robots":{"index":"index","follow":"follow","max-snippet":"max-snippet:-1","max-image-preview":"max-image-preview:large","max-video-preview":"max-video-preview:-1"},"canonical":"https:\/\/universanimalier.com\/en\/boutique\/carte-cadeau-lunivers-animalier\/","og_locale":"en_US","og_type":"article","og_title":"CARTE CADEAU - L'univers animalier - L&#039;univers Animalier","og_description":"Offrez une carte cadeau \u00e0 l'un de vos proches pour g\u00e2ter son petit amour\u00a0\u2665  15, 25, 50, 75 ou 100 euros :)  Le bon est valable en boutique et sur l'e-shop. Il vous sera envoy\u00e9 par mail dans la journ\u00e9e avec un code promo unique \u00e0 appliquer \u00e0 une future commande sur le site.  Si vous d\u00e9sirez le recevoir par courrier postal, mentionnez le dans \"note\", il vous sera envoy\u00e9 gratuitement sous enveloppe. Vous pouvez \u00e9galement l'imprimer \u00e0 domicile et le pr\u00e9senter en boutique lors de votre achat.  Marche \u00e0 suivre pour la livraison:   Si vous commandez uniquement une carte cadeau, s\u00e9lectionnez \"enl\u00e8vement en magasin\" pour la livraison (gratuite) et le bon vous sera envoy\u00e9 par mail comme indiqu\u00e9 ci-dessus.  Si vous commandez d'autres articles en plus de la carte cadeau, s\u00e9lectionnez votre mode de livraison habituel (enl\u00e8vement en magasin, poste ou mondial relay).","og_url":"https:\/\/universanimalier.com\/en\/boutique\/carte-cadeau-lunivers-animalier\/","og_site_name":"L&#039;univers Animalier","article_publisher":"https:\/\/www.facebook.com\/lunivers.animalier","article_modified_time":"2026-01-02T09:19:20+00:00","og_image":[{"width":1136,"height":1136,"url":"https:\/\/universanimalier.com\/wp-content\/uploads\/2017\/01\/Carte-cadeau.jpg","type":"image\/jpeg"}],"twitter_card":"summary_large_image","twitter_misc":{"Est. reading time":"1 minute"},"schema":{"@context":"https:\/\/schema.org","@graph":[{"@type":"WebPage","@id":"https:\/\/universanimalier.com\/boutique\/carte-cadeau-lunivers-animalier\/","url":"https:\/\/universanimalier.com\/boutique\/carte-cadeau-lunivers-animalier\/","name":"CARTE CADEAU - L'univers animalier - L&#039;univers Animalier","isPartOf":{"@id":"https:\/\/wip.universanimalier.com\/#website"},"primaryImageOfPage":{"@id":"https:\/\/universanimalier.com\/boutique\/carte-cadeau-lunivers-animalier\/#primaryimage"},"image":{"@id":"https:\/\/universanimalier.com\/boutique\/carte-cadeau-lunivers-animalier\/#primaryimage"},"thumbnailUrl":"https:\/\/universanimalier.com\/wp-content\/uploads\/2017\/01\/Carte-cadeau.jpg","datePublished":"2021-12-14T13:13:20+00:00","dateModified":"2026-01-02T09:19:20+00:00","breadcrumb":{"@id":"https:\/\/universanimalier.com\/boutique\/carte-cadeau-lunivers-animalier\/#breadcrumb"},"inLanguage":"en-US","potentialAction":[{"@type":"ReadAction","target":["https:\/\/universanimalier.com\/boutique\/carte-cadeau-lunivers-animalier\/"]}]},{"@type":"ImageObject","inLanguage":"en-US","@id":"https:\/\/universanimalier.com\/boutique\/carte-cadeau-lunivers-animalier\/#primaryimage","url":"https:\/\/universanimalier.com\/wp-content\/uploads\/2017\/01\/Carte-cadeau.jpg","contentUrl":"https:\/\/universanimalier.com\/wp-content\/uploads\/2017\/01\/Carte-cadeau.jpg","width":1136,"height":1136},{"@type":"BreadcrumbList","@id":"https:\/\/universanimalier.com\/boutique\/carte-cadeau-lunivers-animalier\/#breadcrumb","itemListElement":[{"@type":"ListItem","position":1,"name":"Accueil","item":"https:\/\/wip.universanimalier.com\/"},{"@type":"ListItem","position":2,"name":"Boutique","item":"https:\/\/wip.universanimalier.com\/boutique\/"},{"@type":"ListItem","position":3,"name":"CARTE CADEAU &#8211; L&rsquo;univers animalier"}]},{"@type":"WebSite","@id":"https:\/\/wip.universanimalier.com\/#website","url":"https:\/\/wip.universanimalier.com\/","name":"L'univers Animalier","description":"A paradise for spoiled dogs!","publisher":{"@id":"https:\/\/wip.universanimalier.com\/#organization"},"potentialAction":[{"@type":"SearchAction","target":{"@type":"EntryPoint","urlTemplate":"https:\/\/wip.universanimalier.com\/?s={search_term_string}"},"query-input":{"@type":"PropertyValueSpecification","valueRequired":true,"valueName":"search_term_string"}}],"inLanguage":"en-US"},{"@type":"Organization","@id":"https:\/\/wip.universanimalier.com\/#organization","name":"L'univers Animalier","url":"https:\/\/wip.universanimalier.com\/","logo":{"@type":"ImageObject","inLanguage":"en-US","@id":"https:\/\/wip.universanimalier.com\/#\/schema\/logo\/image\/","url":"https:\/\/universanimalier.com\/wp-content\/uploads\/2021\/06\/logo.jpg","contentUrl":"https:\/\/universanimalier.com\/wp-content\/uploads\/2021\/06\/logo.jpg","width":800,"height":200,"caption":"L'univers Animalier"},"image":{"@id":"https:\/\/wip.universanimalier.com\/#\/schema\/logo\/image\/"},"sameAs":["https:\/\/www.facebook.com\/lunivers.animalier"]}]}},"_links":{"self":[{"href":"https:\/\/universanimalier.com\/en\/wp-json\/wp\/v2\/product\/40864"}],"collection":[{"href":"https:\/\/universanimalier.com\/en\/wp-json\/wp\/v2\/product"}],"about":[{"href":"https:\/\/universanimalier.com\/en\/wp-json\/wp\/v2\/types\/product"}],"wp:featuredmedia":[{"embeddable":true,"href":"https:\/\/universanimalier.com\/en\/wp-json\/wp\/v2\/media\/8205"}],"wp:attachment":[{"href":"https:\/\/universanimalier.com\/en\/wp-json\/wp\/v2\/media?parent=40864"}],"wp:term":[{"taxonomy":"product_brand","embeddable":true,"href":"https:\/\/universanimalier.com\/en\/wp-json\/wp\/v2\/product_brand?post=40864"},{"taxonomy":"product_cat","embeddable":true,"href":"https:\/\/universanimalier.com\/en\/wp-json\/wp\/v2\/product_cat?post=40864"},{"taxonomy":"product_tag","embeddable":true,"href":"https:\/\/universanimalier.com\/en\/wp-json\/wp\/v2\/product_tag?post=40864"}],"curies":[{"name":"wp","href":"https:\/\/api.w.org\/{rel}","templated":true}]}}