{"id":42280,"date":"2022-03-23T14:43:07","date_gmt":"2022-03-23T13:43:07","guid":{"rendered":"https:\/\/universanimalier.com\/?post_type=product&#038;p=42280"},"modified":"2024-06-30T15:20:05","modified_gmt":"2024-06-30T13:20:05","slug":"milk-and-pepper-impermeable-cire-babord-bleu-marine-2","status":"publish","type":"product","link":"https:\/\/universanimalier.com\/en\/boutique\/milk-and-pepper-impermeable-cire-babord-bleu-marine-2\/","title":{"rendered":"Milk and Pepper - Navy Blue Port Waxed Raincoat"},"content":{"rendered":"<ul>\n<li>Raincoat specially created for small and medium dogs<\/li>\n<li>Navy raincoat in soft and supple coated mesh<\/li>\n<li>Fully lined, ecru and navy striped lining<\/li>\n<li>Sleeveless<\/li>\n<li>Petite plaque \u00ab\u00a0Milk&amp;Pepper\u00a0\u00bb\u00a0titan en haut du dos<\/li>\n<li>Application feutrine et imitation cuir vintage brod\u00e9e \u00ab1929 \u00bb et badge tiss\u00e9\u00a0 \u00ab\u00a0Yachting Milk&amp;Pepper\u00a0\u00bb<\/li>\n<li>Lower back pocket<\/li>\n<li>Fermeture sous le ventre par boutons pressions\u00a0titans grav\u00e9s \u00ab\u00a0M&amp;P\u00a0\u00bb<\/li>\n<li>Stopper hood titan<\/li>\n<li>Snap-on hood<\/li>\n<li><strong>Detachable hood<\/strong><\/li>\n<li>Elastic for the passage of the tail<\/li>\n<li>Passage for the leash at the top of the back<\/li>\n<li>Withstands heavy rain<\/li>\n<li>Machine washable at 30 \u00b0<\/li>\n<\/ul>\n<p>Size guide: see photos.<\/p>","protected":false},"excerpt":{"rendered":"<ul>\n<li>Raincoat specially created for small and medium dogs<\/li>\n<li>Navy raincoat in soft and supple coated mesh<\/li>\n<li>Fully lined, ecru and navy striped lining<\/li>\n<li>Sleeveless<\/li>\n<li>Petite plaque \u00ab\u00a0Milk&amp;Pepper\u00a0\u00bb\u00a0titan en haut du dos<\/li>\n<li>Application feutrine et imitation cuir vintage brod\u00e9e \u00ab1929 \u00bb et badge tiss\u00e9\u00a0 \u00ab\u00a0Yachting Milk&amp;Pepper\u00a0\u00bb<\/li>\n<li>Lower back pocket<\/li>\n<li>Fermeture sous le ventre par boutons pressions\u00a0titans grav\u00e9s \u00ab\u00a0M&amp;P\u00a0\u00bb<\/li>\n<li>Stopper hood titan<\/li>\n<li>Snap-on hood<\/li>\n<li><strong>Detachable hood<\/strong><\/li>\n<li>Elastic for the passage of the tail<\/li>\n<li>Passage for the leash at the top of the back<\/li>\n<li>Withstands heavy rain<\/li>\n<li>Machine washable at 30 \u00b0<\/li>\n<\/ul>\n<p>Size guide: see photos.<\/p>","protected":false},"featured_media":35792,"template":"","meta":[],"product_brand":[],"product_cat":[1660,1659,15],"product_tag":[1492,307,4918,4917,4916,3575,1491,3576,1764],"class_list":{"0":"post-42280","1":"product","2":"type-product","3":"status-publish","4":"has-post-thumbnail","6":"product_cat-impers","7":"product_cat-manteaux","8":"product_cat-dressing","9":"product_tag-coupe-vent","10":"product_tag-imper","11":"product_tag-imper-babord","12":"product_tag-imper-cire","13":"product_tag-imper-jaune","14":"product_tag-imper-pour-chien","15":"product_tag-impermeable","16":"product_tag-manteau-pour-chien","17":"product_tag-milk-and-pepper","19":"first","20":"instock","21":"shipping-taxable","22":"purchasable","23":"product-type-variable"},"yoast_head":"<!-- This site is optimized with the Yoast SEO plugin v25.5 - https:\/\/yoast.com\/wordpress\/plugins\/seo\/ -->\n<title>Milk and Pepper - Imperm\u00e9able Cir\u00e9 Babord Bleu Marine - L&#039;univers Animalier<\/title>\n<meta name=\"description\" content=\"Milk and Pepper - Imperm\u00e9able Cir\u00e9 Babord Bleu Marine\" \/>\n<meta name=\"robots\" content=\"index, follow, max-snippet:-1, max-image-preview:large, max-video-preview:-1\" \/>\n<link rel=\"canonical\" href=\"https:\/\/wip.universanimalier.com\/boutique\/milk-and-pepper-impermeable-cire-babord-bleu-marine-2\/\" \/>\n<meta property=\"og:locale\" content=\"en_US\" \/>\n<meta property=\"og:type\" content=\"article\" \/>\n<meta property=\"og:title\" content=\"Milk and Pepper - Imperm\u00e9able Cir\u00e9 Babord Bleu Marine - L&#039;univers Animalier\" \/>\n<meta property=\"og:description\" content=\"Milk and Pepper - Imperm\u00e9able Cir\u00e9 Babord Bleu Marine\" \/>\n<meta property=\"og:url\" content=\"https:\/\/wip.universanimalier.com\/boutique\/milk-and-pepper-impermeable-cire-babord-bleu-marine-2\/\" \/>\n<meta property=\"og:site_name\" content=\"L&#039;univers Animalier\" \/>\n<meta property=\"article:publisher\" content=\"https:\/\/www.facebook.com\/lunivers.animalier\" \/>\n<meta property=\"article:modified_time\" content=\"2024-06-30T13:20:05+00:00\" \/>\n<meta property=\"og:image\" content=\"https:\/\/wip.universanimalier.com\/wp-content\/uploads\/2021\/04\/impermeable-babord-marine.jpg\" \/>\n\t<meta property=\"og:image:width\" content=\"480\" \/>\n\t<meta property=\"og:image:height\" content=\"585\" \/>\n\t<meta property=\"og:image:type\" content=\"image\/jpeg\" \/>\n<meta name=\"twitter:card\" content=\"summary_large_image\" \/>\n<meta name=\"twitter:label1\" content=\"Est. reading time\" \/>\n\t<meta name=\"twitter:data1\" content=\"1 minute\" \/>\n<script type=\"application\/ld+json\" class=\"yoast-schema-graph\">{\"@context\":\"https:\/\/schema.org\",\"@graph\":[{\"@type\":\"WebPage\",\"@id\":\"https:\/\/wip.universanimalier.com\/boutique\/milk-and-pepper-impermeable-cire-babord-bleu-marine-2\/\",\"url\":\"https:\/\/wip.universanimalier.com\/boutique\/milk-and-pepper-impermeable-cire-babord-bleu-marine-2\/\",\"name\":\"Milk and Pepper - Imperm\u00e9able Cir\u00e9 Babord Bleu Marine - L&#039;univers Animalier\",\"isPartOf\":{\"@id\":\"https:\/\/wip.universanimalier.com\/#website\"},\"primaryImageOfPage\":{\"@id\":\"https:\/\/wip.universanimalier.com\/boutique\/milk-and-pepper-impermeable-cire-babord-bleu-marine-2\/#primaryimage\"},\"image\":{\"@id\":\"https:\/\/wip.universanimalier.com\/boutique\/milk-and-pepper-impermeable-cire-babord-bleu-marine-2\/#primaryimage\"},\"thumbnailUrl\":\"https:\/\/universanimalier.com\/wp-content\/uploads\/2021\/04\/impermeable-babord-marine.jpg\",\"datePublished\":\"2022-03-23T13:43:07+00:00\",\"dateModified\":\"2024-06-30T13:20:05+00:00\",\"description\":\"Milk and Pepper - Imperm\u00e9able Cir\u00e9 Babord Bleu Marine\",\"breadcrumb\":{\"@id\":\"https:\/\/wip.universanimalier.com\/boutique\/milk-and-pepper-impermeable-cire-babord-bleu-marine-2\/#breadcrumb\"},\"inLanguage\":\"en-US\",\"potentialAction\":[{\"@type\":\"ReadAction\",\"target\":[\"https:\/\/wip.universanimalier.com\/boutique\/milk-and-pepper-impermeable-cire-babord-bleu-marine-2\/\"]}]},{\"@type\":\"ImageObject\",\"inLanguage\":\"en-US\",\"@id\":\"https:\/\/wip.universanimalier.com\/boutique\/milk-and-pepper-impermeable-cire-babord-bleu-marine-2\/#primaryimage\",\"url\":\"https:\/\/universanimalier.com\/wp-content\/uploads\/2021\/04\/impermeable-babord-marine.jpg\",\"contentUrl\":\"https:\/\/universanimalier.com\/wp-content\/uploads\/2021\/04\/impermeable-babord-marine.jpg\",\"width\":480,\"height\":585},{\"@type\":\"BreadcrumbList\",\"@id\":\"https:\/\/wip.universanimalier.com\/boutique\/milk-and-pepper-impermeable-cire-babord-bleu-marine-2\/#breadcrumb\",\"itemListElement\":[{\"@type\":\"ListItem\",\"position\":1,\"name\":\"Accueil\",\"item\":\"https:\/\/wip.universanimalier.com\/\"},{\"@type\":\"ListItem\",\"position\":2,\"name\":\"Boutique\",\"item\":\"https:\/\/wip.universanimalier.com\/boutique\/\"},{\"@type\":\"ListItem\",\"position\":3,\"name\":\"Milk and Pepper &#8211; Imperm\u00e9able Cir\u00e9 Babord Bleu Marine\"}]},{\"@type\":\"WebSite\",\"@id\":\"https:\/\/wip.universanimalier.com\/#website\",\"url\":\"https:\/\/wip.universanimalier.com\/\",\"name\":\"L'univers Animalier\",\"description\":\"Le paradis des chiens g\u00e2t\u00e9s !\",\"publisher\":{\"@id\":\"https:\/\/wip.universanimalier.com\/#organization\"},\"potentialAction\":[{\"@type\":\"SearchAction\",\"target\":{\"@type\":\"EntryPoint\",\"urlTemplate\":\"https:\/\/wip.universanimalier.com\/?s={search_term_string}\"},\"query-input\":{\"@type\":\"PropertyValueSpecification\",\"valueRequired\":true,\"valueName\":\"search_term_string\"}}],\"inLanguage\":\"en-US\"},{\"@type\":\"Organization\",\"@id\":\"https:\/\/wip.universanimalier.com\/#organization\",\"name\":\"L'univers Animalier\",\"url\":\"https:\/\/wip.universanimalier.com\/\",\"logo\":{\"@type\":\"ImageObject\",\"inLanguage\":\"en-US\",\"@id\":\"https:\/\/wip.universanimalier.com\/#\/schema\/logo\/image\/\",\"url\":\"https:\/\/universanimalier.com\/wp-content\/uploads\/2021\/06\/logo.jpg\",\"contentUrl\":\"https:\/\/universanimalier.com\/wp-content\/uploads\/2021\/06\/logo.jpg\",\"width\":800,\"height\":200,\"caption\":\"L'univers Animalier\"},\"image\":{\"@id\":\"https:\/\/wip.universanimalier.com\/#\/schema\/logo\/image\/\"},\"sameAs\":[\"https:\/\/www.facebook.com\/lunivers.animalier\"]}]}<\/script>\n<!-- \/ Yoast SEO plugin. -->","yoast_head_json":{"title":"Milk and Pepper - Imperm\u00e9able Cir\u00e9 Babord Bleu Marine - L&#039;univers Animalier","description":"Milk and Pepper - Navy Blue Port Waxed Raincoat","robots":{"index":"index","follow":"follow","max-snippet":"max-snippet:-1","max-image-preview":"max-image-preview:large","max-video-preview":"max-video-preview:-1"},"canonical":"https:\/\/wip.universanimalier.com\/boutique\/milk-and-pepper-impermeable-cire-babord-bleu-marine-2\/","og_locale":"en_US","og_type":"article","og_title":"Milk and Pepper - Imperm\u00e9able Cir\u00e9 Babord Bleu Marine - L&#039;univers Animalier","og_description":"Milk and Pepper - Imperm\u00e9able Cir\u00e9 Babord Bleu Marine","og_url":"https:\/\/wip.universanimalier.com\/boutique\/milk-and-pepper-impermeable-cire-babord-bleu-marine-2\/","og_site_name":"L&#039;univers Animalier","article_publisher":"https:\/\/www.facebook.com\/lunivers.animalier","article_modified_time":"2024-06-30T13:20:05+00:00","og_image":[{"width":480,"height":585,"url":"https:\/\/wip.universanimalier.com\/wp-content\/uploads\/2021\/04\/impermeable-babord-marine.jpg","type":"image\/jpeg"}],"twitter_card":"summary_large_image","twitter_misc":{"Est. reading time":"1 minute"},"schema":{"@context":"https:\/\/schema.org","@graph":[{"@type":"WebPage","@id":"https:\/\/wip.universanimalier.com\/boutique\/milk-and-pepper-impermeable-cire-babord-bleu-marine-2\/","url":"https:\/\/wip.universanimalier.com\/boutique\/milk-and-pepper-impermeable-cire-babord-bleu-marine-2\/","name":"Milk and Pepper - Imperm\u00e9able Cir\u00e9 Babord Bleu Marine - L&#039;univers Animalier","isPartOf":{"@id":"https:\/\/wip.universanimalier.com\/#website"},"primaryImageOfPage":{"@id":"https:\/\/wip.universanimalier.com\/boutique\/milk-and-pepper-impermeable-cire-babord-bleu-marine-2\/#primaryimage"},"image":{"@id":"https:\/\/wip.universanimalier.com\/boutique\/milk-and-pepper-impermeable-cire-babord-bleu-marine-2\/#primaryimage"},"thumbnailUrl":"https:\/\/universanimalier.com\/wp-content\/uploads\/2021\/04\/impermeable-babord-marine.jpg","datePublished":"2022-03-23T13:43:07+00:00","dateModified":"2024-06-30T13:20:05+00:00","description":"Milk and Pepper - Navy Blue Port Waxed Raincoat","breadcrumb":{"@id":"https:\/\/wip.universanimalier.com\/boutique\/milk-and-pepper-impermeable-cire-babord-bleu-marine-2\/#breadcrumb"},"inLanguage":"en-US","potentialAction":[{"@type":"ReadAction","target":["https:\/\/wip.universanimalier.com\/boutique\/milk-and-pepper-impermeable-cire-babord-bleu-marine-2\/"]}]},{"@type":"ImageObject","inLanguage":"en-US","@id":"https:\/\/wip.universanimalier.com\/boutique\/milk-and-pepper-impermeable-cire-babord-bleu-marine-2\/#primaryimage","url":"https:\/\/universanimalier.com\/wp-content\/uploads\/2021\/04\/impermeable-babord-marine.jpg","contentUrl":"https:\/\/universanimalier.com\/wp-content\/uploads\/2021\/04\/impermeable-babord-marine.jpg","width":480,"height":585},{"@type":"BreadcrumbList","@id":"https:\/\/wip.universanimalier.com\/boutique\/milk-and-pepper-impermeable-cire-babord-bleu-marine-2\/#breadcrumb","itemListElement":[{"@type":"ListItem","position":1,"name":"Accueil","item":"https:\/\/wip.universanimalier.com\/"},{"@type":"ListItem","position":2,"name":"Boutique","item":"https:\/\/wip.universanimalier.com\/boutique\/"},{"@type":"ListItem","position":3,"name":"Milk and Pepper &#8211; Imperm\u00e9able Cir\u00e9 Babord Bleu Marine"}]},{"@type":"WebSite","@id":"https:\/\/wip.universanimalier.com\/#website","url":"https:\/\/wip.universanimalier.com\/","name":"L'univers Animalier","description":"A paradise for spoiled dogs!","publisher":{"@id":"https:\/\/wip.universanimalier.com\/#organization"},"potentialAction":[{"@type":"SearchAction","target":{"@type":"EntryPoint","urlTemplate":"https:\/\/wip.universanimalier.com\/?s={search_term_string}"},"query-input":{"@type":"PropertyValueSpecification","valueRequired":true,"valueName":"search_term_string"}}],"inLanguage":"en-US"},{"@type":"Organization","@id":"https:\/\/wip.universanimalier.com\/#organization","name":"L'univers Animalier","url":"https:\/\/wip.universanimalier.com\/","logo":{"@type":"ImageObject","inLanguage":"en-US","@id":"https:\/\/wip.universanimalier.com\/#\/schema\/logo\/image\/","url":"https:\/\/universanimalier.com\/wp-content\/uploads\/2021\/06\/logo.jpg","contentUrl":"https:\/\/universanimalier.com\/wp-content\/uploads\/2021\/06\/logo.jpg","width":800,"height":200,"caption":"L'univers Animalier"},"image":{"@id":"https:\/\/wip.universanimalier.com\/#\/schema\/logo\/image\/"},"sameAs":["https:\/\/www.facebook.com\/lunivers.animalier"]}]}},"_links":{"self":[{"href":"https:\/\/universanimalier.com\/en\/wp-json\/wp\/v2\/product\/42280"}],"collection":[{"href":"https:\/\/universanimalier.com\/en\/wp-json\/wp\/v2\/product"}],"about":[{"href":"https:\/\/universanimalier.com\/en\/wp-json\/wp\/v2\/types\/product"}],"wp:featuredmedia":[{"embeddable":true,"href":"https:\/\/universanimalier.com\/en\/wp-json\/wp\/v2\/media\/35792"}],"wp:attachment":[{"href":"https:\/\/universanimalier.com\/en\/wp-json\/wp\/v2\/media?parent=42280"}],"wp:term":[{"taxonomy":"product_brand","embeddable":true,"href":"https:\/\/universanimalier.com\/en\/wp-json\/wp\/v2\/product_brand?post=42280"},{"taxonomy":"product_cat","embeddable":true,"href":"https:\/\/universanimalier.com\/en\/wp-json\/wp\/v2\/product_cat?post=42280"},{"taxonomy":"product_tag","embeddable":true,"href":"https:\/\/universanimalier.com\/en\/wp-json\/wp\/v2\/product_tag?post=42280"}],"curies":[{"name":"wp","href":"https:\/\/api.w.org\/{rel}","templated":true}]}}