{"id":44025,"date":"2022-08-14T18:17:14","date_gmt":"2022-08-14T16:17:14","guid":{"rendered":"https:\/\/universanimalier.com\/?post_type=product&#038;p=44025"},"modified":"2024-08-02T08:36:50","modified_gmt":"2024-08-02T06:36:50","slug":"baubaru-petit-sac-bandouliere","status":"publish","type":"product","link":"https:\/\/universanimalier.com\/en\/boutique\/baubaru-petit-sac-bandouliere\/","title":{"rendered":"BauBar\u00f9 \u2013 Small shoulder bag"},"content":{"rendered":"<p>Nice little nylon shoulder bag, with dog motif (different breeds and colors).<\/p>\n<ul>\n<li>24 x 14 cm approx.<\/li>\n<li>Zipper<\/li>\n<li>Comfortable and removable shoulder strap<\/li>\n<li>A very practical bag to take everywhere<\/li>\n<li>A porter en bandouli\u00e8re, \u00e0 l&rsquo;\u00e9paule, en sac banane, \u00e0 accrocher \u00e0 une poussette, &#8230;<\/li>\n<\/ul>","protected":false},"excerpt":{"rendered":"<p>Nice little nylon shoulder bag, with dog motif (different breeds and colors).<\/p>\n<ul>\n<li>24 x 14 cm approx.<\/li>\n<li>Zipper<\/li>\n<li>Waterproof material<\/li>\n<li>Comfortable and removable shoulder strap<\/li>\n<li>A very practical bag to take everywhere<\/li>\n<li>A porter en bandouli\u00e8re, \u00e0 l&rsquo;\u00e9paule, en sac banane, \u00e0 accrocher \u00e0 une poussette, &#8230;<\/li>\n<\/ul>","protected":false},"featured_media":43967,"template":"","meta":[],"product_brand":[],"product_cat":[43,902],"product_tag":[6170,816,6281],"class_list":{"0":"post-44025","1":"product","2":"type-product","3":"status-publish","4":"has-post-thumbnail","6":"product_cat-accessoires","7":"product_cat-pochettes-et-trousses","8":"product_tag-baubaru","9":"product_tag-sac-bandouliere","10":"product_tag-sac-pochette","12":"first","13":"instock","14":"shipping-taxable","15":"purchasable","16":"product-type-variable"},"yoast_head":"<!-- This site is optimized with the Yoast SEO plugin v25.5 - https:\/\/yoast.com\/wordpress\/plugins\/seo\/ -->\n<title>BauBar\u00f9 - Petit sac bandouli\u00e8re - L&#039;univers Animalier<\/title>\n<meta name=\"description\" content=\"BauBar\u00f9 - Petit sac bandouli\u00e8re\" \/>\n<meta name=\"robots\" content=\"index, follow, max-snippet:-1, max-image-preview:large, max-video-preview:-1\" \/>\n<link rel=\"canonical\" href=\"https:\/\/wip.universanimalier.com\/boutique\/baubaru-petit-sac-bandouliere\/\" \/>\n<meta property=\"og:locale\" content=\"en_US\" \/>\n<meta property=\"og:type\" content=\"article\" \/>\n<meta property=\"og:title\" content=\"BauBar\u00f9 - Petit sac bandouli\u00e8re - L&#039;univers Animalier\" \/>\n<meta property=\"og:description\" content=\"BauBar\u00f9 - Petit sac bandouli\u00e8re\" \/>\n<meta property=\"og:url\" content=\"https:\/\/wip.universanimalier.com\/boutique\/baubaru-petit-sac-bandouliere\/\" \/>\n<meta property=\"og:site_name\" content=\"L&#039;univers Animalier\" \/>\n<meta property=\"article:publisher\" content=\"https:\/\/www.facebook.com\/lunivers.animalier\" \/>\n<meta property=\"article:modified_time\" content=\"2024-08-02T06:36:50+00:00\" \/>\n<meta property=\"og:image\" content=\"https:\/\/wip.universanimalier.com\/wp-content\/uploads\/2022\/08\/CE1E7C51-EABB-4F28-BE2D-9D6FAA5CDBBE-scaled.jpeg\" \/>\n\t<meta property=\"og:image:width\" content=\"1920\" \/>\n\t<meta property=\"og:image:height\" content=\"2560\" \/>\n\t<meta property=\"og:image:type\" content=\"image\/jpeg\" \/>\n<meta name=\"twitter:card\" content=\"summary_large_image\" \/>\n<meta name=\"twitter:label1\" content=\"Est. reading time\" \/>\n\t<meta name=\"twitter:data1\" content=\"1 minute\" \/>\n<script type=\"application\/ld+json\" class=\"yoast-schema-graph\">{\"@context\":\"https:\/\/schema.org\",\"@graph\":[{\"@type\":\"WebPage\",\"@id\":\"https:\/\/wip.universanimalier.com\/boutique\/baubaru-petit-sac-bandouliere\/\",\"url\":\"https:\/\/wip.universanimalier.com\/boutique\/baubaru-petit-sac-bandouliere\/\",\"name\":\"BauBar\u00f9 - Petit sac bandouli\u00e8re - L&#039;univers Animalier\",\"isPartOf\":{\"@id\":\"https:\/\/wip.universanimalier.com\/#website\"},\"primaryImageOfPage\":{\"@id\":\"https:\/\/wip.universanimalier.com\/boutique\/baubaru-petit-sac-bandouliere\/#primaryimage\"},\"image\":{\"@id\":\"https:\/\/wip.universanimalier.com\/boutique\/baubaru-petit-sac-bandouliere\/#primaryimage\"},\"thumbnailUrl\":\"https:\/\/universanimalier.com\/wp-content\/uploads\/2022\/08\/CE1E7C51-EABB-4F28-BE2D-9D6FAA5CDBBE-scaled.jpeg\",\"datePublished\":\"2022-08-14T16:17:14+00:00\",\"dateModified\":\"2024-08-02T06:36:50+00:00\",\"description\":\"BauBar\u00f9 - Petit sac bandouli\u00e8re\",\"breadcrumb\":{\"@id\":\"https:\/\/wip.universanimalier.com\/boutique\/baubaru-petit-sac-bandouliere\/#breadcrumb\"},\"inLanguage\":\"en-US\",\"potentialAction\":[{\"@type\":\"ReadAction\",\"target\":[\"https:\/\/wip.universanimalier.com\/boutique\/baubaru-petit-sac-bandouliere\/\"]}]},{\"@type\":\"ImageObject\",\"inLanguage\":\"en-US\",\"@id\":\"https:\/\/wip.universanimalier.com\/boutique\/baubaru-petit-sac-bandouliere\/#primaryimage\",\"url\":\"https:\/\/universanimalier.com\/wp-content\/uploads\/2022\/08\/CE1E7C51-EABB-4F28-BE2D-9D6FAA5CDBBE-scaled.jpeg\",\"contentUrl\":\"https:\/\/universanimalier.com\/wp-content\/uploads\/2022\/08\/CE1E7C51-EABB-4F28-BE2D-9D6FAA5CDBBE-scaled.jpeg\",\"width\":1920,\"height\":2560},{\"@type\":\"BreadcrumbList\",\"@id\":\"https:\/\/wip.universanimalier.com\/boutique\/baubaru-petit-sac-bandouliere\/#breadcrumb\",\"itemListElement\":[{\"@type\":\"ListItem\",\"position\":1,\"name\":\"Accueil\",\"item\":\"https:\/\/wip.universanimalier.com\/\"},{\"@type\":\"ListItem\",\"position\":2,\"name\":\"Boutique\",\"item\":\"https:\/\/wip.universanimalier.com\/boutique\/\"},{\"@type\":\"ListItem\",\"position\":3,\"name\":\"BauBar\u00f9 &#8211; Petit sac bandouli\u00e8re\"}]},{\"@type\":\"WebSite\",\"@id\":\"https:\/\/wip.universanimalier.com\/#website\",\"url\":\"https:\/\/wip.universanimalier.com\/\",\"name\":\"L'univers Animalier\",\"description\":\"Le paradis des chiens g\u00e2t\u00e9s !\",\"publisher\":{\"@id\":\"https:\/\/wip.universanimalier.com\/#organization\"},\"potentialAction\":[{\"@type\":\"SearchAction\",\"target\":{\"@type\":\"EntryPoint\",\"urlTemplate\":\"https:\/\/wip.universanimalier.com\/?s={search_term_string}\"},\"query-input\":{\"@type\":\"PropertyValueSpecification\",\"valueRequired\":true,\"valueName\":\"search_term_string\"}}],\"inLanguage\":\"en-US\"},{\"@type\":\"Organization\",\"@id\":\"https:\/\/wip.universanimalier.com\/#organization\",\"name\":\"L'univers Animalier\",\"url\":\"https:\/\/wip.universanimalier.com\/\",\"logo\":{\"@type\":\"ImageObject\",\"inLanguage\":\"en-US\",\"@id\":\"https:\/\/wip.universanimalier.com\/#\/schema\/logo\/image\/\",\"url\":\"https:\/\/universanimalier.com\/wp-content\/uploads\/2021\/06\/logo.jpg\",\"contentUrl\":\"https:\/\/universanimalier.com\/wp-content\/uploads\/2021\/06\/logo.jpg\",\"width\":800,\"height\":200,\"caption\":\"L'univers Animalier\"},\"image\":{\"@id\":\"https:\/\/wip.universanimalier.com\/#\/schema\/logo\/image\/\"},\"sameAs\":[\"https:\/\/www.facebook.com\/lunivers.animalier\"]}]}<\/script>\n<!-- \/ Yoast SEO plugin. -->","yoast_head_json":{"title":"BauBar\u00f9 - Petit sac bandouli\u00e8re - L&#039;univers Animalier","description":"BauBar\u00f9 - Small shoulder bag","robots":{"index":"index","follow":"follow","max-snippet":"max-snippet:-1","max-image-preview":"max-image-preview:large","max-video-preview":"max-video-preview:-1"},"canonical":"https:\/\/wip.universanimalier.com\/boutique\/baubaru-petit-sac-bandouliere\/","og_locale":"en_US","og_type":"article","og_title":"BauBar\u00f9 - Petit sac bandouli\u00e8re - L&#039;univers Animalier","og_description":"BauBar\u00f9 - Petit sac bandouli\u00e8re","og_url":"https:\/\/wip.universanimalier.com\/boutique\/baubaru-petit-sac-bandouliere\/","og_site_name":"L&#039;univers Animalier","article_publisher":"https:\/\/www.facebook.com\/lunivers.animalier","article_modified_time":"2024-08-02T06:36:50+00:00","og_image":[{"width":1920,"height":2560,"url":"https:\/\/wip.universanimalier.com\/wp-content\/uploads\/2022\/08\/CE1E7C51-EABB-4F28-BE2D-9D6FAA5CDBBE-scaled.jpeg","type":"image\/jpeg"}],"twitter_card":"summary_large_image","twitter_misc":{"Est. reading time":"1 minute"},"schema":{"@context":"https:\/\/schema.org","@graph":[{"@type":"WebPage","@id":"https:\/\/wip.universanimalier.com\/boutique\/baubaru-petit-sac-bandouliere\/","url":"https:\/\/wip.universanimalier.com\/boutique\/baubaru-petit-sac-bandouliere\/","name":"BauBar\u00f9 - Petit sac bandouli\u00e8re - L&#039;univers Animalier","isPartOf":{"@id":"https:\/\/wip.universanimalier.com\/#website"},"primaryImageOfPage":{"@id":"https:\/\/wip.universanimalier.com\/boutique\/baubaru-petit-sac-bandouliere\/#primaryimage"},"image":{"@id":"https:\/\/wip.universanimalier.com\/boutique\/baubaru-petit-sac-bandouliere\/#primaryimage"},"thumbnailUrl":"https:\/\/universanimalier.com\/wp-content\/uploads\/2022\/08\/CE1E7C51-EABB-4F28-BE2D-9D6FAA5CDBBE-scaled.jpeg","datePublished":"2022-08-14T16:17:14+00:00","dateModified":"2024-08-02T06:36:50+00:00","description":"BauBar\u00f9 - Small shoulder bag","breadcrumb":{"@id":"https:\/\/wip.universanimalier.com\/boutique\/baubaru-petit-sac-bandouliere\/#breadcrumb"},"inLanguage":"en-US","potentialAction":[{"@type":"ReadAction","target":["https:\/\/wip.universanimalier.com\/boutique\/baubaru-petit-sac-bandouliere\/"]}]},{"@type":"ImageObject","inLanguage":"en-US","@id":"https:\/\/wip.universanimalier.com\/boutique\/baubaru-petit-sac-bandouliere\/#primaryimage","url":"https:\/\/universanimalier.com\/wp-content\/uploads\/2022\/08\/CE1E7C51-EABB-4F28-BE2D-9D6FAA5CDBBE-scaled.jpeg","contentUrl":"https:\/\/universanimalier.com\/wp-content\/uploads\/2022\/08\/CE1E7C51-EABB-4F28-BE2D-9D6FAA5CDBBE-scaled.jpeg","width":1920,"height":2560},{"@type":"BreadcrumbList","@id":"https:\/\/wip.universanimalier.com\/boutique\/baubaru-petit-sac-bandouliere\/#breadcrumb","itemListElement":[{"@type":"ListItem","position":1,"name":"Accueil","item":"https:\/\/wip.universanimalier.com\/"},{"@type":"ListItem","position":2,"name":"Boutique","item":"https:\/\/wip.universanimalier.com\/boutique\/"},{"@type":"ListItem","position":3,"name":"BauBar\u00f9 &#8211; Petit sac bandouli\u00e8re"}]},{"@type":"WebSite","@id":"https:\/\/wip.universanimalier.com\/#website","url":"https:\/\/wip.universanimalier.com\/","name":"L'univers Animalier","description":"A paradise for spoiled dogs!","publisher":{"@id":"https:\/\/wip.universanimalier.com\/#organization"},"potentialAction":[{"@type":"SearchAction","target":{"@type":"EntryPoint","urlTemplate":"https:\/\/wip.universanimalier.com\/?s={search_term_string}"},"query-input":{"@type":"PropertyValueSpecification","valueRequired":true,"valueName":"search_term_string"}}],"inLanguage":"en-US"},{"@type":"Organization","@id":"https:\/\/wip.universanimalier.com\/#organization","name":"L'univers Animalier","url":"https:\/\/wip.universanimalier.com\/","logo":{"@type":"ImageObject","inLanguage":"en-US","@id":"https:\/\/wip.universanimalier.com\/#\/schema\/logo\/image\/","url":"https:\/\/universanimalier.com\/wp-content\/uploads\/2021\/06\/logo.jpg","contentUrl":"https:\/\/universanimalier.com\/wp-content\/uploads\/2021\/06\/logo.jpg","width":800,"height":200,"caption":"L'univers Animalier"},"image":{"@id":"https:\/\/wip.universanimalier.com\/#\/schema\/logo\/image\/"},"sameAs":["https:\/\/www.facebook.com\/lunivers.animalier"]}]}},"_links":{"self":[{"href":"https:\/\/universanimalier.com\/en\/wp-json\/wp\/v2\/product\/44025"}],"collection":[{"href":"https:\/\/universanimalier.com\/en\/wp-json\/wp\/v2\/product"}],"about":[{"href":"https:\/\/universanimalier.com\/en\/wp-json\/wp\/v2\/types\/product"}],"wp:featuredmedia":[{"embeddable":true,"href":"https:\/\/universanimalier.com\/en\/wp-json\/wp\/v2\/media\/43967"}],"wp:attachment":[{"href":"https:\/\/universanimalier.com\/en\/wp-json\/wp\/v2\/media?parent=44025"}],"wp:term":[{"taxonomy":"product_brand","embeddable":true,"href":"https:\/\/universanimalier.com\/en\/wp-json\/wp\/v2\/product_brand?post=44025"},{"taxonomy":"product_cat","embeddable":true,"href":"https:\/\/universanimalier.com\/en\/wp-json\/wp\/v2\/product_cat?post=44025"},{"taxonomy":"product_tag","embeddable":true,"href":"https:\/\/universanimalier.com\/en\/wp-json\/wp\/v2\/product_tag?post=44025"}],"curies":[{"name":"wp","href":"https:\/\/api.w.org\/{rel}","templated":true}]}}