{"id":45165,"date":"2022-09-28T21:43:12","date_gmt":"2022-09-28T19:43:12","guid":{"rendered":"https:\/\/universanimalier.com\/?post_type=product&#038;p=45165"},"modified":"2024-06-30T15:18:28","modified_gmt":"2024-06-30T13:18:28","slug":"milk-and-pepper-plaid-opera-velours-rose","status":"publish","type":"product","link":"https:\/\/universanimalier.com\/en\/boutique\/milk-and-pepper-plaid-opera-velours-rose\/","title":{"rendered":"Milk and Pepper \u2013 Pink Velvet Opera Throw"},"content":{"rendered":"<ul>\n<li>Thick throw with a velvet feel<\/li>\n<li>Quilted effect<\/li>\n<li>soft touch<\/li>\n<li>2 sizes available:\n<ul>\n<li>80 x 60 cm<\/li>\n<li>120 x 80cm<\/li>\n<\/ul>\n<\/li>\n<li>Machine washable at 30 \u00b0<\/li>\n<\/ul>","protected":false},"excerpt":{"rendered":"<ul>\n<li>Thick throw with a velvet feel<\/li>\n<li>Effet matelass\u00e9 d&rsquo;un c\u00f4t\u00e9 et lisse de l&rsquo;autre<\/li>\n<li>soft touch<\/li>\n<li>Small Milk and Pepper plate<\/li>\n<li>2 sizes available:\n<ul>\n<li>80 x 60 cm<\/li>\n<li>120 x 80cm<\/li>\n<\/ul>\n<\/li>\n<li>Machine washable at 30 \u00b0<\/li>\n<li>Available in: petrol blue, pink, khaki, anthracite and taupe<\/li>\n<\/ul>","protected":false},"featured_media":45152,"template":"","meta":[],"product_brand":[],"product_cat":[24,44],"product_tag":[617,18,1764,6496,2376,6495,6497],"class_list":{"0":"post-45165","1":"product","2":"type-product","3":"status-publish","4":"has-post-thumbnail","6":"product_cat-a-la-maison","7":"product_cat-plaids","8":"product_tag-mp","9":"product_tag-milk-pepper","10":"product_tag-milk-and-pepper","11":"product_tag-plaid-opera","12":"product_tag-plaid-rose","13":"product_tag-plaid-velours","14":"product_tag-plaid-velours-opera","16":"first","17":"instock","18":"shipping-taxable","19":"purchasable","20":"product-type-variable"},"yoast_head":"<!-- This site is optimized with the Yoast SEO plugin v25.5 - https:\/\/yoast.com\/wordpress\/plugins\/seo\/ -->\n<title>Milk and Pepper - Plaid Op\u00e9ra velours Rose - L&#039;univers Animalier<\/title>\n<meta name=\"description\" content=\"Milk and Pepper - Plaid Op\u00e9ra velours Rose\" \/>\n<meta name=\"robots\" content=\"index, follow, max-snippet:-1, max-image-preview:large, max-video-preview:-1\" \/>\n<link rel=\"canonical\" href=\"https:\/\/wip.universanimalier.com\/boutique\/milk-and-pepper-plaid-opera-velours-rose\/\" \/>\n<meta property=\"og:locale\" content=\"en_US\" \/>\n<meta property=\"og:type\" content=\"article\" \/>\n<meta property=\"og:title\" content=\"Milk and Pepper - Plaid Op\u00e9ra velours Rose - L&#039;univers Animalier\" \/>\n<meta property=\"og:description\" content=\"Milk and Pepper - Plaid Op\u00e9ra velours Rose\" \/>\n<meta property=\"og:url\" content=\"https:\/\/wip.universanimalier.com\/boutique\/milk-and-pepper-plaid-opera-velours-rose\/\" \/>\n<meta property=\"og:site_name\" content=\"L&#039;univers Animalier\" \/>\n<meta property=\"article:publisher\" content=\"https:\/\/www.facebook.com\/lunivers.animalier\" \/>\n<meta property=\"article:modified_time\" content=\"2024-06-30T13:18:28+00:00\" \/>\n<meta property=\"og:image\" content=\"https:\/\/wip.universanimalier.com\/wp-content\/uploads\/2022\/09\/OPERA-Plaid-Velours-Rose-1.jpg\" \/>\n\t<meta property=\"og:image:width\" content=\"1500\" \/>\n\t<meta property=\"og:image:height\" content=\"1500\" \/>\n\t<meta property=\"og:image:type\" content=\"image\/jpeg\" \/>\n<meta name=\"twitter:card\" content=\"summary_large_image\" \/>\n<meta name=\"twitter:label1\" content=\"Est. reading time\" \/>\n\t<meta name=\"twitter:data1\" content=\"1 minute\" \/>\n<script type=\"application\/ld+json\" class=\"yoast-schema-graph\">{\"@context\":\"https:\/\/schema.org\",\"@graph\":[{\"@type\":\"WebPage\",\"@id\":\"https:\/\/wip.universanimalier.com\/boutique\/milk-and-pepper-plaid-opera-velours-rose\/\",\"url\":\"https:\/\/wip.universanimalier.com\/boutique\/milk-and-pepper-plaid-opera-velours-rose\/\",\"name\":\"Milk and Pepper - Plaid Op\u00e9ra velours Rose - L&#039;univers Animalier\",\"isPartOf\":{\"@id\":\"https:\/\/wip.universanimalier.com\/#website\"},\"primaryImageOfPage\":{\"@id\":\"https:\/\/wip.universanimalier.com\/boutique\/milk-and-pepper-plaid-opera-velours-rose\/#primaryimage\"},\"image\":{\"@id\":\"https:\/\/wip.universanimalier.com\/boutique\/milk-and-pepper-plaid-opera-velours-rose\/#primaryimage\"},\"thumbnailUrl\":\"https:\/\/universanimalier.com\/wp-content\/uploads\/2022\/09\/OPERA-Plaid-Velours-Rose-1.jpg\",\"datePublished\":\"2022-09-28T19:43:12+00:00\",\"dateModified\":\"2024-06-30T13:18:28+00:00\",\"description\":\"Milk and Pepper - Plaid Op\u00e9ra velours Rose\",\"breadcrumb\":{\"@id\":\"https:\/\/wip.universanimalier.com\/boutique\/milk-and-pepper-plaid-opera-velours-rose\/#breadcrumb\"},\"inLanguage\":\"en-US\",\"potentialAction\":[{\"@type\":\"ReadAction\",\"target\":[\"https:\/\/wip.universanimalier.com\/boutique\/milk-and-pepper-plaid-opera-velours-rose\/\"]}]},{\"@type\":\"ImageObject\",\"inLanguage\":\"en-US\",\"@id\":\"https:\/\/wip.universanimalier.com\/boutique\/milk-and-pepper-plaid-opera-velours-rose\/#primaryimage\",\"url\":\"https:\/\/universanimalier.com\/wp-content\/uploads\/2022\/09\/OPERA-Plaid-Velours-Rose-1.jpg\",\"contentUrl\":\"https:\/\/universanimalier.com\/wp-content\/uploads\/2022\/09\/OPERA-Plaid-Velours-Rose-1.jpg\",\"width\":1500,\"height\":1500},{\"@type\":\"BreadcrumbList\",\"@id\":\"https:\/\/wip.universanimalier.com\/boutique\/milk-and-pepper-plaid-opera-velours-rose\/#breadcrumb\",\"itemListElement\":[{\"@type\":\"ListItem\",\"position\":1,\"name\":\"Accueil\",\"item\":\"https:\/\/wip.universanimalier.com\/\"},{\"@type\":\"ListItem\",\"position\":2,\"name\":\"Boutique\",\"item\":\"https:\/\/wip.universanimalier.com\/boutique\/\"},{\"@type\":\"ListItem\",\"position\":3,\"name\":\"Milk and Pepper &#8211; Plaid Op\u00e9ra velours Rose\"}]},{\"@type\":\"WebSite\",\"@id\":\"https:\/\/wip.universanimalier.com\/#website\",\"url\":\"https:\/\/wip.universanimalier.com\/\",\"name\":\"L'univers Animalier\",\"description\":\"Le paradis des chiens g\u00e2t\u00e9s !\",\"publisher\":{\"@id\":\"https:\/\/wip.universanimalier.com\/#organization\"},\"potentialAction\":[{\"@type\":\"SearchAction\",\"target\":{\"@type\":\"EntryPoint\",\"urlTemplate\":\"https:\/\/wip.universanimalier.com\/?s={search_term_string}\"},\"query-input\":{\"@type\":\"PropertyValueSpecification\",\"valueRequired\":true,\"valueName\":\"search_term_string\"}}],\"inLanguage\":\"en-US\"},{\"@type\":\"Organization\",\"@id\":\"https:\/\/wip.universanimalier.com\/#organization\",\"name\":\"L'univers Animalier\",\"url\":\"https:\/\/wip.universanimalier.com\/\",\"logo\":{\"@type\":\"ImageObject\",\"inLanguage\":\"en-US\",\"@id\":\"https:\/\/wip.universanimalier.com\/#\/schema\/logo\/image\/\",\"url\":\"https:\/\/universanimalier.com\/wp-content\/uploads\/2021\/06\/logo.jpg\",\"contentUrl\":\"https:\/\/universanimalier.com\/wp-content\/uploads\/2021\/06\/logo.jpg\",\"width\":800,\"height\":200,\"caption\":\"L'univers Animalier\"},\"image\":{\"@id\":\"https:\/\/wip.universanimalier.com\/#\/schema\/logo\/image\/\"},\"sameAs\":[\"https:\/\/www.facebook.com\/lunivers.animalier\"]}]}<\/script>\n<!-- \/ Yoast SEO plugin. -->","yoast_head_json":{"title":"Milk and Pepper - Plaid Op\u00e9ra velours Rose - L&#039;univers Animalier","description":"Milk and Pepper - Pink Velvet Opera Throw","robots":{"index":"index","follow":"follow","max-snippet":"max-snippet:-1","max-image-preview":"max-image-preview:large","max-video-preview":"max-video-preview:-1"},"canonical":"https:\/\/wip.universanimalier.com\/boutique\/milk-and-pepper-plaid-opera-velours-rose\/","og_locale":"en_US","og_type":"article","og_title":"Milk and Pepper - Plaid Op\u00e9ra velours Rose - L&#039;univers Animalier","og_description":"Milk and Pepper - Plaid Op\u00e9ra velours Rose","og_url":"https:\/\/wip.universanimalier.com\/boutique\/milk-and-pepper-plaid-opera-velours-rose\/","og_site_name":"L&#039;univers Animalier","article_publisher":"https:\/\/www.facebook.com\/lunivers.animalier","article_modified_time":"2024-06-30T13:18:28+00:00","og_image":[{"width":1500,"height":1500,"url":"https:\/\/wip.universanimalier.com\/wp-content\/uploads\/2022\/09\/OPERA-Plaid-Velours-Rose-1.jpg","type":"image\/jpeg"}],"twitter_card":"summary_large_image","twitter_misc":{"Est. reading time":"1 minute"},"schema":{"@context":"https:\/\/schema.org","@graph":[{"@type":"WebPage","@id":"https:\/\/wip.universanimalier.com\/boutique\/milk-and-pepper-plaid-opera-velours-rose\/","url":"https:\/\/wip.universanimalier.com\/boutique\/milk-and-pepper-plaid-opera-velours-rose\/","name":"Milk and Pepper - Plaid Op\u00e9ra velours Rose - L&#039;univers Animalier","isPartOf":{"@id":"https:\/\/wip.universanimalier.com\/#website"},"primaryImageOfPage":{"@id":"https:\/\/wip.universanimalier.com\/boutique\/milk-and-pepper-plaid-opera-velours-rose\/#primaryimage"},"image":{"@id":"https:\/\/wip.universanimalier.com\/boutique\/milk-and-pepper-plaid-opera-velours-rose\/#primaryimage"},"thumbnailUrl":"https:\/\/universanimalier.com\/wp-content\/uploads\/2022\/09\/OPERA-Plaid-Velours-Rose-1.jpg","datePublished":"2022-09-28T19:43:12+00:00","dateModified":"2024-06-30T13:18:28+00:00","description":"Milk and Pepper - Pink Velvet Opera Throw","breadcrumb":{"@id":"https:\/\/wip.universanimalier.com\/boutique\/milk-and-pepper-plaid-opera-velours-rose\/#breadcrumb"},"inLanguage":"en-US","potentialAction":[{"@type":"ReadAction","target":["https:\/\/wip.universanimalier.com\/boutique\/milk-and-pepper-plaid-opera-velours-rose\/"]}]},{"@type":"ImageObject","inLanguage":"en-US","@id":"https:\/\/wip.universanimalier.com\/boutique\/milk-and-pepper-plaid-opera-velours-rose\/#primaryimage","url":"https:\/\/universanimalier.com\/wp-content\/uploads\/2022\/09\/OPERA-Plaid-Velours-Rose-1.jpg","contentUrl":"https:\/\/universanimalier.com\/wp-content\/uploads\/2022\/09\/OPERA-Plaid-Velours-Rose-1.jpg","width":1500,"height":1500},{"@type":"BreadcrumbList","@id":"https:\/\/wip.universanimalier.com\/boutique\/milk-and-pepper-plaid-opera-velours-rose\/#breadcrumb","itemListElement":[{"@type":"ListItem","position":1,"name":"Accueil","item":"https:\/\/wip.universanimalier.com\/"},{"@type":"ListItem","position":2,"name":"Boutique","item":"https:\/\/wip.universanimalier.com\/boutique\/"},{"@type":"ListItem","position":3,"name":"Milk and Pepper &#8211; Plaid Op\u00e9ra velours Rose"}]},{"@type":"WebSite","@id":"https:\/\/wip.universanimalier.com\/#website","url":"https:\/\/wip.universanimalier.com\/","name":"L'univers Animalier","description":"A paradise for spoiled dogs!","publisher":{"@id":"https:\/\/wip.universanimalier.com\/#organization"},"potentialAction":[{"@type":"SearchAction","target":{"@type":"EntryPoint","urlTemplate":"https:\/\/wip.universanimalier.com\/?s={search_term_string}"},"query-input":{"@type":"PropertyValueSpecification","valueRequired":true,"valueName":"search_term_string"}}],"inLanguage":"en-US"},{"@type":"Organization","@id":"https:\/\/wip.universanimalier.com\/#organization","name":"L'univers Animalier","url":"https:\/\/wip.universanimalier.com\/","logo":{"@type":"ImageObject","inLanguage":"en-US","@id":"https:\/\/wip.universanimalier.com\/#\/schema\/logo\/image\/","url":"https:\/\/universanimalier.com\/wp-content\/uploads\/2021\/06\/logo.jpg","contentUrl":"https:\/\/universanimalier.com\/wp-content\/uploads\/2021\/06\/logo.jpg","width":800,"height":200,"caption":"L'univers Animalier"},"image":{"@id":"https:\/\/wip.universanimalier.com\/#\/schema\/logo\/image\/"},"sameAs":["https:\/\/www.facebook.com\/lunivers.animalier"]}]}},"_links":{"self":[{"href":"https:\/\/universanimalier.com\/en\/wp-json\/wp\/v2\/product\/45165"}],"collection":[{"href":"https:\/\/universanimalier.com\/en\/wp-json\/wp\/v2\/product"}],"about":[{"href":"https:\/\/universanimalier.com\/en\/wp-json\/wp\/v2\/types\/product"}],"wp:featuredmedia":[{"embeddable":true,"href":"https:\/\/universanimalier.com\/en\/wp-json\/wp\/v2\/media\/45152"}],"wp:attachment":[{"href":"https:\/\/universanimalier.com\/en\/wp-json\/wp\/v2\/media?parent=45165"}],"wp:term":[{"taxonomy":"product_brand","embeddable":true,"href":"https:\/\/universanimalier.com\/en\/wp-json\/wp\/v2\/product_brand?post=45165"},{"taxonomy":"product_cat","embeddable":true,"href":"https:\/\/universanimalier.com\/en\/wp-json\/wp\/v2\/product_cat?post=45165"},{"taxonomy":"product_tag","embeddable":true,"href":"https:\/\/universanimalier.com\/en\/wp-json\/wp\/v2\/product_tag?post=45165"}],"curies":[{"name":"wp","href":"https:\/\/api.w.org\/{rel}","templated":true}]}}