{"id":45685,"date":"2022-10-20T16:56:39","date_gmt":"2022-10-20T14:56:39","guid":{"rendered":"https:\/\/universanimalier.com\/?post_type=product&#038;p=45685"},"modified":"2024-08-01T23:07:17","modified_gmt":"2024-08-01T21:07:17","slug":"wooflink-pantalon-xoxo","status":"publish","type":"product","link":"https:\/\/universanimalier.com\/en\/boutique\/wooflink-pantalon-xoxo\/","title":{"rendered":"Wooflink \u2013 XoXo Pants"},"content":{"rendered":"<p>Nice little XoXo pants (overalls) trendy and comfortable \u2665<\/p>\n<ul>\n<li>Alice (beige Chihuahua) chest size 27cm back 21cm \u2665 is wearing size 1<\/li>\n<li>Samuel (chocolate and white Chihuahua) chest size 33cm back 25cm \u2665 is wearing size 2<\/li>\n<li>This model fits true to size<\/li>\n<\/ul>\n<p>Sizes - <strong>See last photo<\/strong> :<\/p>\n<ul>\n<li>1 - XS<\/li>\n<li>2 - S<\/li>\n<li>3 - M<\/li>\n<li>4 - L<\/li>\n<li>5 - XL<\/li>\n<\/ul>\n<p>Attention, le guide des tailles est fourni \u00e0 titre informatif. En fonction du mod\u00e8le, du tissus, le choix de la taille peut varier. N&rsquo;h\u00e9sitez pas \u00e0 suivre les recommandations ou \u00e0 nous demander conseil en cas de doute.<\/p>","protected":false},"excerpt":{"rendered":"<p>Nice little XoXo pants (overalls) trendy and comfortable \u2665<\/p>\n<ul>\n<li>Alice (beige Chihuahua) chest size 27cm back 21cm \u2665 is wearing size 1<\/li>\n<li>Samuel (chocolate and white Chihuahua) chest size 33cm back 25cm \u2665 is wearing size 2<\/li>\n<li>This model fits true to size<\/li>\n<\/ul>\n<p>Sizes - <strong>See last photo<\/strong> :<\/p>\n<ul>\n<li>1 - XS<\/li>\n<li>2 - S<\/li>\n<li>3 - M<\/li>\n<li>4 - L<\/li>\n<li>5 - XL<\/li>\n<\/ul>\n<p>Attention, le guide des tailles est fourni \u00e0 titre informatif. En fonction du mod\u00e8le, du tissus, le choix de la taille peut varier. N&rsquo;h\u00e9sitez pas \u00e0 suivre les recommandations ou \u00e0 nous demander conseil en cas de doute.<\/p>","protected":false},"featured_media":45688,"template":"","meta":[],"product_brand":[],"product_cat":[1657,15],"product_tag":[713,2853,6597,268,503,3352],"class_list":{"0":"post-45685","1":"product","2":"type-product","3":"status-publish","4":"has-post-thumbnail","6":"product_cat-salopettes","7":"product_cat-dressing","8":"product_tag-4-legs","9":"product_tag-pantalon-pour-chien","10":"product_tag-pantalon-xoxo","11":"product_tag-salopette","12":"product_tag-wooflink","13":"product_tag-wooflink-baby","15":"first","16":"instock","17":"shipping-taxable","18":"purchasable","19":"product-type-variable"},"yoast_head":"<!-- This site is optimized with the Yoast SEO plugin v25.5 - https:\/\/yoast.com\/wordpress\/plugins\/seo\/ -->\n<title>Wooflink - Pantalon XoXo - L&#039;univers Animalier<\/title>\n<meta name=\"description\" content=\"Wooflink - Pantalon XoXo\" \/>\n<meta name=\"robots\" content=\"index, follow, max-snippet:-1, max-image-preview:large, max-video-preview:-1\" \/>\n<link rel=\"canonical\" href=\"https:\/\/universanimalier.com\/en\/boutique\/wooflink-pantalon-xoxo\/\" \/>\n<meta property=\"og:locale\" content=\"en_US\" \/>\n<meta property=\"og:type\" content=\"article\" \/>\n<meta property=\"og:title\" content=\"Wooflink - Pantalon XoXo - L&#039;univers Animalier\" \/>\n<meta property=\"og:description\" content=\"Wooflink - Pantalon XoXo\" \/>\n<meta property=\"og:url\" content=\"https:\/\/universanimalier.com\/en\/boutique\/wooflink-pantalon-xoxo\/\" \/>\n<meta property=\"og:site_name\" content=\"L&#039;univers Animalier\" \/>\n<meta property=\"article:publisher\" content=\"https:\/\/www.facebook.com\/lunivers.animalier\" \/>\n<meta property=\"article:modified_time\" content=\"2024-08-01T21:07:17+00:00\" \/>\n<meta property=\"og:image\" content=\"https:\/\/wip.universanimalier.com\/wp-content\/uploads\/2022\/10\/SNOW_20220901_225843_450__44159.jpg\" \/>\n\t<meta property=\"og:image:width\" content=\"850\" \/>\n\t<meta property=\"og:image:height\" content=\"850\" \/>\n\t<meta property=\"og:image:type\" content=\"image\/jpeg\" \/>\n<meta name=\"twitter:card\" content=\"summary_large_image\" \/>\n<meta name=\"twitter:label1\" content=\"Est. reading time\" \/>\n\t<meta name=\"twitter:data1\" content=\"1 minute\" \/>\n<script type=\"application\/ld+json\" class=\"yoast-schema-graph\">{\"@context\":\"https:\/\/schema.org\",\"@graph\":[{\"@type\":\"WebPage\",\"@id\":\"https:\/\/universanimalier.com\/en\/boutique\/wooflink-pantalon-xoxo\/\",\"url\":\"https:\/\/universanimalier.com\/en\/boutique\/wooflink-pantalon-xoxo\/\",\"name\":\"Wooflink - Pantalon XoXo - L&#039;univers Animalier\",\"isPartOf\":{\"@id\":\"https:\/\/wip.universanimalier.com\/#website\"},\"primaryImageOfPage\":{\"@id\":\"https:\/\/universanimalier.com\/en\/boutique\/wooflink-pantalon-xoxo\/#primaryimage\"},\"image\":{\"@id\":\"https:\/\/universanimalier.com\/en\/boutique\/wooflink-pantalon-xoxo\/#primaryimage\"},\"thumbnailUrl\":\"https:\/\/universanimalier.com\/wp-content\/uploads\/2022\/10\/SNOW_20220901_225843_450__44159.jpg\",\"datePublished\":\"2022-10-20T14:56:39+00:00\",\"dateModified\":\"2024-08-01T21:07:17+00:00\",\"description\":\"Wooflink - Pantalon XoXo\",\"breadcrumb\":{\"@id\":\"https:\/\/universanimalier.com\/en\/boutique\/wooflink-pantalon-xoxo\/#breadcrumb\"},\"inLanguage\":\"en-US\",\"potentialAction\":[{\"@type\":\"ReadAction\",\"target\":[\"https:\/\/universanimalier.com\/en\/boutique\/wooflink-pantalon-xoxo\/\"]}]},{\"@type\":\"ImageObject\",\"inLanguage\":\"en-US\",\"@id\":\"https:\/\/universanimalier.com\/en\/boutique\/wooflink-pantalon-xoxo\/#primaryimage\",\"url\":\"https:\/\/universanimalier.com\/wp-content\/uploads\/2022\/10\/SNOW_20220901_225843_450__44159.jpg\",\"contentUrl\":\"https:\/\/universanimalier.com\/wp-content\/uploads\/2022\/10\/SNOW_20220901_225843_450__44159.jpg\",\"width\":850,\"height\":850},{\"@type\":\"BreadcrumbList\",\"@id\":\"https:\/\/universanimalier.com\/en\/boutique\/wooflink-pantalon-xoxo\/#breadcrumb\",\"itemListElement\":[{\"@type\":\"ListItem\",\"position\":1,\"name\":\"Accueil\",\"item\":\"https:\/\/wip.universanimalier.com\/\"},{\"@type\":\"ListItem\",\"position\":2,\"name\":\"Boutique\",\"item\":\"https:\/\/wip.universanimalier.com\/boutique\/\"},{\"@type\":\"ListItem\",\"position\":3,\"name\":\"Wooflink &#8211; Pantalon XoXo\"}]},{\"@type\":\"WebSite\",\"@id\":\"https:\/\/wip.universanimalier.com\/#website\",\"url\":\"https:\/\/wip.universanimalier.com\/\",\"name\":\"L'univers Animalier\",\"description\":\"Le paradis des chiens g\u00e2t\u00e9s !\",\"publisher\":{\"@id\":\"https:\/\/wip.universanimalier.com\/#organization\"},\"potentialAction\":[{\"@type\":\"SearchAction\",\"target\":{\"@type\":\"EntryPoint\",\"urlTemplate\":\"https:\/\/wip.universanimalier.com\/?s={search_term_string}\"},\"query-input\":{\"@type\":\"PropertyValueSpecification\",\"valueRequired\":true,\"valueName\":\"search_term_string\"}}],\"inLanguage\":\"en-US\"},{\"@type\":\"Organization\",\"@id\":\"https:\/\/wip.universanimalier.com\/#organization\",\"name\":\"L'univers Animalier\",\"url\":\"https:\/\/wip.universanimalier.com\/\",\"logo\":{\"@type\":\"ImageObject\",\"inLanguage\":\"en-US\",\"@id\":\"https:\/\/wip.universanimalier.com\/#\/schema\/logo\/image\/\",\"url\":\"https:\/\/universanimalier.com\/wp-content\/uploads\/2021\/06\/logo.jpg\",\"contentUrl\":\"https:\/\/universanimalier.com\/wp-content\/uploads\/2021\/06\/logo.jpg\",\"width\":800,\"height\":200,\"caption\":\"L'univers Animalier\"},\"image\":{\"@id\":\"https:\/\/wip.universanimalier.com\/#\/schema\/logo\/image\/\"},\"sameAs\":[\"https:\/\/www.facebook.com\/lunivers.animalier\"]}]}<\/script>\n<!-- \/ Yoast SEO plugin. -->","yoast_head_json":{"title":"Wooflink - Pantalon XoXo - L&#039;univers Animalier","description":"Wooflink - Pantalon XoXo","robots":{"index":"index","follow":"follow","max-snippet":"max-snippet:-1","max-image-preview":"max-image-preview:large","max-video-preview":"max-video-preview:-1"},"canonical":"https:\/\/universanimalier.com\/en\/boutique\/wooflink-pantalon-xoxo\/","og_locale":"en_US","og_type":"article","og_title":"Wooflink - Pantalon XoXo - L&#039;univers Animalier","og_description":"Wooflink - Pantalon XoXo","og_url":"https:\/\/universanimalier.com\/en\/boutique\/wooflink-pantalon-xoxo\/","og_site_name":"L&#039;univers Animalier","article_publisher":"https:\/\/www.facebook.com\/lunivers.animalier","article_modified_time":"2024-08-01T21:07:17+00:00","og_image":[{"width":850,"height":850,"url":"https:\/\/wip.universanimalier.com\/wp-content\/uploads\/2022\/10\/SNOW_20220901_225843_450__44159.jpg","type":"image\/jpeg"}],"twitter_card":"summary_large_image","twitter_misc":{"Est. reading time":"1 minute"},"schema":{"@context":"https:\/\/schema.org","@graph":[{"@type":"WebPage","@id":"https:\/\/universanimalier.com\/en\/boutique\/wooflink-pantalon-xoxo\/","url":"https:\/\/universanimalier.com\/en\/boutique\/wooflink-pantalon-xoxo\/","name":"Wooflink - Pantalon XoXo - L&#039;univers Animalier","isPartOf":{"@id":"https:\/\/wip.universanimalier.com\/#website"},"primaryImageOfPage":{"@id":"https:\/\/universanimalier.com\/en\/boutique\/wooflink-pantalon-xoxo\/#primaryimage"},"image":{"@id":"https:\/\/universanimalier.com\/en\/boutique\/wooflink-pantalon-xoxo\/#primaryimage"},"thumbnailUrl":"https:\/\/universanimalier.com\/wp-content\/uploads\/2022\/10\/SNOW_20220901_225843_450__44159.jpg","datePublished":"2022-10-20T14:56:39+00:00","dateModified":"2024-08-01T21:07:17+00:00","description":"Wooflink - Pantalon XoXo","breadcrumb":{"@id":"https:\/\/universanimalier.com\/en\/boutique\/wooflink-pantalon-xoxo\/#breadcrumb"},"inLanguage":"en-US","potentialAction":[{"@type":"ReadAction","target":["https:\/\/universanimalier.com\/en\/boutique\/wooflink-pantalon-xoxo\/"]}]},{"@type":"ImageObject","inLanguage":"en-US","@id":"https:\/\/universanimalier.com\/en\/boutique\/wooflink-pantalon-xoxo\/#primaryimage","url":"https:\/\/universanimalier.com\/wp-content\/uploads\/2022\/10\/SNOW_20220901_225843_450__44159.jpg","contentUrl":"https:\/\/universanimalier.com\/wp-content\/uploads\/2022\/10\/SNOW_20220901_225843_450__44159.jpg","width":850,"height":850},{"@type":"BreadcrumbList","@id":"https:\/\/universanimalier.com\/en\/boutique\/wooflink-pantalon-xoxo\/#breadcrumb","itemListElement":[{"@type":"ListItem","position":1,"name":"Accueil","item":"https:\/\/wip.universanimalier.com\/"},{"@type":"ListItem","position":2,"name":"Boutique","item":"https:\/\/wip.universanimalier.com\/boutique\/"},{"@type":"ListItem","position":3,"name":"Wooflink &#8211; Pantalon XoXo"}]},{"@type":"WebSite","@id":"https:\/\/wip.universanimalier.com\/#website","url":"https:\/\/wip.universanimalier.com\/","name":"L'univers Animalier","description":"A paradise for spoiled dogs!","publisher":{"@id":"https:\/\/wip.universanimalier.com\/#organization"},"potentialAction":[{"@type":"SearchAction","target":{"@type":"EntryPoint","urlTemplate":"https:\/\/wip.universanimalier.com\/?s={search_term_string}"},"query-input":{"@type":"PropertyValueSpecification","valueRequired":true,"valueName":"search_term_string"}}],"inLanguage":"en-US"},{"@type":"Organization","@id":"https:\/\/wip.universanimalier.com\/#organization","name":"L'univers Animalier","url":"https:\/\/wip.universanimalier.com\/","logo":{"@type":"ImageObject","inLanguage":"en-US","@id":"https:\/\/wip.universanimalier.com\/#\/schema\/logo\/image\/","url":"https:\/\/universanimalier.com\/wp-content\/uploads\/2021\/06\/logo.jpg","contentUrl":"https:\/\/universanimalier.com\/wp-content\/uploads\/2021\/06\/logo.jpg","width":800,"height":200,"caption":"L'univers Animalier"},"image":{"@id":"https:\/\/wip.universanimalier.com\/#\/schema\/logo\/image\/"},"sameAs":["https:\/\/www.facebook.com\/lunivers.animalier"]}]}},"_links":{"self":[{"href":"https:\/\/universanimalier.com\/en\/wp-json\/wp\/v2\/product\/45685"}],"collection":[{"href":"https:\/\/universanimalier.com\/en\/wp-json\/wp\/v2\/product"}],"about":[{"href":"https:\/\/universanimalier.com\/en\/wp-json\/wp\/v2\/types\/product"}],"wp:featuredmedia":[{"embeddable":true,"href":"https:\/\/universanimalier.com\/en\/wp-json\/wp\/v2\/media\/45688"}],"wp:attachment":[{"href":"https:\/\/universanimalier.com\/en\/wp-json\/wp\/v2\/media?parent=45685"}],"wp:term":[{"taxonomy":"product_brand","embeddable":true,"href":"https:\/\/universanimalier.com\/en\/wp-json\/wp\/v2\/product_brand?post=45685"},{"taxonomy":"product_cat","embeddable":true,"href":"https:\/\/universanimalier.com\/en\/wp-json\/wp\/v2\/product_cat?post=45685"},{"taxonomy":"product_tag","embeddable":true,"href":"https:\/\/universanimalier.com\/en\/wp-json\/wp\/v2\/product_tag?post=45685"}],"curies":[{"name":"wp","href":"https:\/\/api.w.org\/{rel}","templated":true}]}}