{"id":46041,"date":"2022-11-17T17:38:08","date_gmt":"2022-11-17T16:38:08","guid":{"rendered":"https:\/\/universanimalier.com\/?post_type=product&#038;p=46041"},"modified":"2026-01-01T22:16:02","modified_gmt":"2026-01-01T21:16:02","slug":"ttb-robe-pull-reversible-marilisa","status":"publish","type":"product","link":"https:\/\/universanimalier.com\/en\/boutique\/ttb-robe-pull-reversible-marilisa\/","title":{"rendered":"TTB \u2013 Marilisa reversible sweater dress"},"content":{"rendered":"<p>Tr\u00e8s jolie petite robe pull tr\u00e8s douce et chaude, r\u00e9versible, avec une mignonne petite renarde. Avec un c\u00f4t\u00e9 pilou et un c\u00f4t\u00e9 fausse fourrure \ud83d\ude42<\/p>\n<ul>\n<li>Pile and fake fur<\/li>\n<li>Motif mignonne petite renarde<\/li>\n<li>Hood with faux fur trim<\/li>\n<li>Soft and easy to put on<\/li>\n<li>Hand wash recommended or wool program (no dryer)<\/li>\n<li>Choose the usual size in Italian brands<\/li>\n<\/ul>","protected":false},"excerpt":{"rendered":"<p>Very pretty little sweater dress, very soft and warm, reversible, with a cute little squirrel. With a hairy side and a faux fur side \ud83d\ude42<\/p>\n<ul>\n<li>Pile and fake fur<\/li>\n<li>Cute little squirrel pattern<\/li>\n<li>Soft and supple hood<\/li>\n<li>Soft and easy to put on<\/li>\n<li>Velcro closure at the bottom<\/li>\n<li>Hand wash recommended or wool program (no dryer)<\/li>\n<li>Choose the usual size in Italian brands<\/li>\n<\/ul>","protected":false},"featured_media":46037,"template":"","meta":[],"product_brand":[],"product_cat":[1655,1656,9285,15],"product_tag":[5496,6683,2216,20,217],"class_list":{"0":"post-46041","1":"product","2":"type-product","3":"status-publish","4":"has-post-thumbnail","6":"product_cat-pulls-et-sweats","7":"product_cat-robes","8":"product_cat-soldes-50","9":"product_cat-dressing","10":"product_tag-pull-ecureuil","11":"product_tag-robe-pull","12":"product_tag-trilly-tutti","13":"product_tag-trilly-tutti-brilli","14":"product_tag-ttb","16":"first","17":"instock","18":"sale","19":"shipping-taxable","20":"purchasable","21":"product-type-variable"},"yoast_head":"<!-- This site is optimized with the Yoast SEO plugin v25.5 - https:\/\/yoast.com\/wordpress\/plugins\/seo\/ -->\n<title>TTB - Robe Pull r\u00e9versible Marilisa - L&#039;univers Animalier<\/title>\n<meta name=\"description\" content=\"TTB - Robe Pull r\u00e9versible Marilisa\" \/>\n<meta name=\"robots\" content=\"index, follow, max-snippet:-1, max-image-preview:large, max-video-preview:-1\" \/>\n<link rel=\"canonical\" href=\"https:\/\/universanimalier.com\/en\/boutique\/ttb-robe-pull-reversible-marilisa\/\" \/>\n<meta property=\"og:locale\" content=\"en_US\" \/>\n<meta property=\"og:type\" content=\"article\" \/>\n<meta property=\"og:title\" content=\"TTB - Robe Pull r\u00e9versible Marilisa - L&#039;univers Animalier\" \/>\n<meta property=\"og:description\" content=\"TTB - Robe Pull r\u00e9versible Marilisa\" \/>\n<meta property=\"og:url\" content=\"https:\/\/universanimalier.com\/en\/boutique\/ttb-robe-pull-reversible-marilisa\/\" \/>\n<meta property=\"og:site_name\" content=\"L&#039;univers Animalier\" \/>\n<meta property=\"article:publisher\" content=\"https:\/\/www.facebook.com\/lunivers.animalier\" \/>\n<meta property=\"article:modified_time\" content=\"2026-01-01T21:16:02+00:00\" \/>\n<meta property=\"og:image\" content=\"https:\/\/universanimalier.com\/wp-content\/uploads\/2022\/11\/4E67C3A6-8026-4846-9358-C21E86061495.jpeg\" \/>\n\t<meta property=\"og:image:width\" content=\"1056\" \/>\n\t<meta property=\"og:image:height\" content=\"1056\" \/>\n\t<meta property=\"og:image:type\" content=\"image\/jpeg\" \/>\n<meta name=\"twitter:card\" content=\"summary_large_image\" \/>\n<meta name=\"twitter:label1\" content=\"Est. reading time\" \/>\n\t<meta name=\"twitter:data1\" content=\"1 minute\" \/>\n<script type=\"application\/ld+json\" class=\"yoast-schema-graph\">{\"@context\":\"https:\/\/schema.org\",\"@graph\":[{\"@type\":\"WebPage\",\"@id\":\"https:\/\/universanimalier.com\/boutique\/ttb-robe-pull-reversible-marilisa\/\",\"url\":\"https:\/\/universanimalier.com\/boutique\/ttb-robe-pull-reversible-marilisa\/\",\"name\":\"TTB - Robe Pull r\u00e9versible Marilisa - L&#039;univers Animalier\",\"isPartOf\":{\"@id\":\"https:\/\/wip.universanimalier.com\/#website\"},\"primaryImageOfPage\":{\"@id\":\"https:\/\/universanimalier.com\/boutique\/ttb-robe-pull-reversible-marilisa\/#primaryimage\"},\"image\":{\"@id\":\"https:\/\/universanimalier.com\/boutique\/ttb-robe-pull-reversible-marilisa\/#primaryimage\"},\"thumbnailUrl\":\"https:\/\/universanimalier.com\/wp-content\/uploads\/2022\/11\/4E67C3A6-8026-4846-9358-C21E86061495.jpeg\",\"datePublished\":\"2022-11-17T16:38:08+00:00\",\"dateModified\":\"2026-01-01T21:16:02+00:00\",\"description\":\"TTB - Robe Pull r\u00e9versible Marilisa\",\"breadcrumb\":{\"@id\":\"https:\/\/universanimalier.com\/boutique\/ttb-robe-pull-reversible-marilisa\/#breadcrumb\"},\"inLanguage\":\"en-US\",\"potentialAction\":[{\"@type\":\"ReadAction\",\"target\":[\"https:\/\/universanimalier.com\/boutique\/ttb-robe-pull-reversible-marilisa\/\"]}]},{\"@type\":\"ImageObject\",\"inLanguage\":\"en-US\",\"@id\":\"https:\/\/universanimalier.com\/boutique\/ttb-robe-pull-reversible-marilisa\/#primaryimage\",\"url\":\"https:\/\/universanimalier.com\/wp-content\/uploads\/2022\/11\/4E67C3A6-8026-4846-9358-C21E86061495.jpeg\",\"contentUrl\":\"https:\/\/universanimalier.com\/wp-content\/uploads\/2022\/11\/4E67C3A6-8026-4846-9358-C21E86061495.jpeg\",\"width\":1056,\"height\":1056,\"caption\":\"Processed with MOLDIV\"},{\"@type\":\"BreadcrumbList\",\"@id\":\"https:\/\/universanimalier.com\/boutique\/ttb-robe-pull-reversible-marilisa\/#breadcrumb\",\"itemListElement\":[{\"@type\":\"ListItem\",\"position\":1,\"name\":\"Accueil\",\"item\":\"https:\/\/wip.universanimalier.com\/\"},{\"@type\":\"ListItem\",\"position\":2,\"name\":\"Boutique\",\"item\":\"https:\/\/wip.universanimalier.com\/boutique\/\"},{\"@type\":\"ListItem\",\"position\":3,\"name\":\"TTB &#8211; Robe Pull r\u00e9versible Marilisa\"}]},{\"@type\":\"WebSite\",\"@id\":\"https:\/\/wip.universanimalier.com\/#website\",\"url\":\"https:\/\/wip.universanimalier.com\/\",\"name\":\"L'univers Animalier\",\"description\":\"Le paradis des chiens g\u00e2t\u00e9s !\",\"publisher\":{\"@id\":\"https:\/\/wip.universanimalier.com\/#organization\"},\"potentialAction\":[{\"@type\":\"SearchAction\",\"target\":{\"@type\":\"EntryPoint\",\"urlTemplate\":\"https:\/\/wip.universanimalier.com\/?s={search_term_string}\"},\"query-input\":{\"@type\":\"PropertyValueSpecification\",\"valueRequired\":true,\"valueName\":\"search_term_string\"}}],\"inLanguage\":\"en-US\"},{\"@type\":\"Organization\",\"@id\":\"https:\/\/wip.universanimalier.com\/#organization\",\"name\":\"L'univers Animalier\",\"url\":\"https:\/\/wip.universanimalier.com\/\",\"logo\":{\"@type\":\"ImageObject\",\"inLanguage\":\"en-US\",\"@id\":\"https:\/\/wip.universanimalier.com\/#\/schema\/logo\/image\/\",\"url\":\"https:\/\/universanimalier.com\/wp-content\/uploads\/2021\/06\/logo.jpg\",\"contentUrl\":\"https:\/\/universanimalier.com\/wp-content\/uploads\/2021\/06\/logo.jpg\",\"width\":800,\"height\":200,\"caption\":\"L'univers Animalier\"},\"image\":{\"@id\":\"https:\/\/wip.universanimalier.com\/#\/schema\/logo\/image\/\"},\"sameAs\":[\"https:\/\/www.facebook.com\/lunivers.animalier\"]}]}<\/script>\n<!-- \/ Yoast SEO plugin. -->","yoast_head_json":{"title":"TTB - Robe Pull r\u00e9versible Marilisa - L&#039;univers Animalier","description":"TTB - Marilisa Reversible Sweater Dress","robots":{"index":"index","follow":"follow","max-snippet":"max-snippet:-1","max-image-preview":"max-image-preview:large","max-video-preview":"max-video-preview:-1"},"canonical":"https:\/\/universanimalier.com\/en\/boutique\/ttb-robe-pull-reversible-marilisa\/","og_locale":"en_US","og_type":"article","og_title":"TTB - Robe Pull r\u00e9versible Marilisa - L&#039;univers Animalier","og_description":"TTB - Robe Pull r\u00e9versible Marilisa","og_url":"https:\/\/universanimalier.com\/en\/boutique\/ttb-robe-pull-reversible-marilisa\/","og_site_name":"L&#039;univers Animalier","article_publisher":"https:\/\/www.facebook.com\/lunivers.animalier","article_modified_time":"2026-01-01T21:16:02+00:00","og_image":[{"width":1056,"height":1056,"url":"https:\/\/universanimalier.com\/wp-content\/uploads\/2022\/11\/4E67C3A6-8026-4846-9358-C21E86061495.jpeg","type":"image\/jpeg"}],"twitter_card":"summary_large_image","twitter_misc":{"Est. reading time":"1 minute"},"schema":{"@context":"https:\/\/schema.org","@graph":[{"@type":"WebPage","@id":"https:\/\/universanimalier.com\/boutique\/ttb-robe-pull-reversible-marilisa\/","url":"https:\/\/universanimalier.com\/boutique\/ttb-robe-pull-reversible-marilisa\/","name":"TTB - Robe Pull r\u00e9versible Marilisa - L&#039;univers Animalier","isPartOf":{"@id":"https:\/\/wip.universanimalier.com\/#website"},"primaryImageOfPage":{"@id":"https:\/\/universanimalier.com\/boutique\/ttb-robe-pull-reversible-marilisa\/#primaryimage"},"image":{"@id":"https:\/\/universanimalier.com\/boutique\/ttb-robe-pull-reversible-marilisa\/#primaryimage"},"thumbnailUrl":"https:\/\/universanimalier.com\/wp-content\/uploads\/2022\/11\/4E67C3A6-8026-4846-9358-C21E86061495.jpeg","datePublished":"2022-11-17T16:38:08+00:00","dateModified":"2026-01-01T21:16:02+00:00","description":"TTB - Marilisa Reversible Sweater Dress","breadcrumb":{"@id":"https:\/\/universanimalier.com\/boutique\/ttb-robe-pull-reversible-marilisa\/#breadcrumb"},"inLanguage":"en-US","potentialAction":[{"@type":"ReadAction","target":["https:\/\/universanimalier.com\/boutique\/ttb-robe-pull-reversible-marilisa\/"]}]},{"@type":"ImageObject","inLanguage":"en-US","@id":"https:\/\/universanimalier.com\/boutique\/ttb-robe-pull-reversible-marilisa\/#primaryimage","url":"https:\/\/universanimalier.com\/wp-content\/uploads\/2022\/11\/4E67C3A6-8026-4846-9358-C21E86061495.jpeg","contentUrl":"https:\/\/universanimalier.com\/wp-content\/uploads\/2022\/11\/4E67C3A6-8026-4846-9358-C21E86061495.jpeg","width":1056,"height":1056,"caption":"Processed with MOLDIV"},{"@type":"BreadcrumbList","@id":"https:\/\/universanimalier.com\/boutique\/ttb-robe-pull-reversible-marilisa\/#breadcrumb","itemListElement":[{"@type":"ListItem","position":1,"name":"Accueil","item":"https:\/\/wip.universanimalier.com\/"},{"@type":"ListItem","position":2,"name":"Boutique","item":"https:\/\/wip.universanimalier.com\/boutique\/"},{"@type":"ListItem","position":3,"name":"TTB &#8211; Robe Pull r\u00e9versible Marilisa"}]},{"@type":"WebSite","@id":"https:\/\/wip.universanimalier.com\/#website","url":"https:\/\/wip.universanimalier.com\/","name":"L'univers Animalier","description":"A paradise for spoiled dogs!","publisher":{"@id":"https:\/\/wip.universanimalier.com\/#organization"},"potentialAction":[{"@type":"SearchAction","target":{"@type":"EntryPoint","urlTemplate":"https:\/\/wip.universanimalier.com\/?s={search_term_string}"},"query-input":{"@type":"PropertyValueSpecification","valueRequired":true,"valueName":"search_term_string"}}],"inLanguage":"en-US"},{"@type":"Organization","@id":"https:\/\/wip.universanimalier.com\/#organization","name":"L'univers Animalier","url":"https:\/\/wip.universanimalier.com\/","logo":{"@type":"ImageObject","inLanguage":"en-US","@id":"https:\/\/wip.universanimalier.com\/#\/schema\/logo\/image\/","url":"https:\/\/universanimalier.com\/wp-content\/uploads\/2021\/06\/logo.jpg","contentUrl":"https:\/\/universanimalier.com\/wp-content\/uploads\/2021\/06\/logo.jpg","width":800,"height":200,"caption":"L'univers Animalier"},"image":{"@id":"https:\/\/wip.universanimalier.com\/#\/schema\/logo\/image\/"},"sameAs":["https:\/\/www.facebook.com\/lunivers.animalier"]}]}},"_links":{"self":[{"href":"https:\/\/universanimalier.com\/en\/wp-json\/wp\/v2\/product\/46041"}],"collection":[{"href":"https:\/\/universanimalier.com\/en\/wp-json\/wp\/v2\/product"}],"about":[{"href":"https:\/\/universanimalier.com\/en\/wp-json\/wp\/v2\/types\/product"}],"wp:featuredmedia":[{"embeddable":true,"href":"https:\/\/universanimalier.com\/en\/wp-json\/wp\/v2\/media\/46037"}],"wp:attachment":[{"href":"https:\/\/universanimalier.com\/en\/wp-json\/wp\/v2\/media?parent=46041"}],"wp:term":[{"taxonomy":"product_brand","embeddable":true,"href":"https:\/\/universanimalier.com\/en\/wp-json\/wp\/v2\/product_brand?post=46041"},{"taxonomy":"product_cat","embeddable":true,"href":"https:\/\/universanimalier.com\/en\/wp-json\/wp\/v2\/product_cat?post=46041"},{"taxonomy":"product_tag","embeddable":true,"href":"https:\/\/universanimalier.com\/en\/wp-json\/wp\/v2\/product_tag?post=46041"}],"curies":[{"name":"wp","href":"https:\/\/api.w.org\/{rel}","templated":true}]}}