{"id":47433,"date":"2023-02-05T09:50:35","date_gmt":"2023-02-05T08:50:35","guid":{"rendered":"https:\/\/universanimalier.com\/?post_type=product&#038;p=47433"},"modified":"2025-06-29T10:15:43","modified_gmt":"2025-06-29T08:15:43","slug":"my-dog-pull-special-levrier-et-teckel-tortora","status":"publish","type":"product","link":"https:\/\/universanimalier.com\/en\/boutique\/my-dog-pull-special-levrier-et-teckel-tortora\/","title":{"rendered":"My Dog \u2013 Special Greyhound and Dachshund Sweater Tortora"},"content":{"rendered":"<ul>\n<li>Pull cr\u00e9\u00e9 sp\u00e9cialement pour les l\u00e9vriers et les teckels<\/li>\n<li>Soft, supple and anti-allergic merino wool<\/li>\n<li>Collar<\/li>\n<li>Handcrafted in Italy (Milan)<\/li>\n<li>Dimensions: cm calculated from neck to tail, without the collar<\/li>\n<li>Available in different colors (see color guide in photo)<\/li>\n<li>Ideal for greyhounds, specially designed for their morphology and adapted to their rounded chest<\/li>\n<li>Small sizes are also ideal for long-bodied dachshunds<\/li>\n<li>Machine washable at 30 \u00b0, delicate program (no dryer)<\/li>\n<li>Available sizes = Length of the sweater (without the collar): 39cm, 42cm, 45cm, 51cm, 60cm, 65cm, 70cm, 75cm<\/li>\n<li>Le tissus \u00e9tant extensible et souple, le pull s&rsquo;adaptera au tour de corps<\/li>\n<\/ul>","protected":false},"excerpt":{"rendered":"<ul>\n<li>Sweater created especially for <strong>greyhounds<\/strong> and the <strong>dachshunds<\/strong><\/li>\n<li>In soft, supple and anti-allergic merino wool, of superior quality<\/li>\n<li>Collar<\/li>\n<li>Handcrafted in Italy (Milan)<\/li>\n<li><strong>Dimensions<\/strong>: cm calculated from the neck to the tail, without the collar<\/li>\n<li>Available in different colors (see color guide in photo)<\/li>\n<li>Ideal for greyhounds, specially designed for their morphology and adapted to their rounded chest<\/li>\n<li>Small sizes are also ideal for long-bodied dachshunds<\/li>\n<li>Machine washable at 30 \u00b0, delicate program (no dryer)<\/li>\n<li>Available sizes = Length of the sweater (without the collar): 39cm, 42cm, 45cm, 51cm, 60cm, 65cm, 70cm, 75cm<\/li>\n<li>Le tissus \u00e9tant extensible et souple, le pull s&rsquo;adaptera au tour de corps<\/li>\n<\/ul>","protected":false},"featured_media":47367,"template":"","meta":[],"product_brand":[],"product_cat":[4288,1655,5135,15],"product_tag":[1706,6902,4289,5699,5684,4297,4298,6901,5698,6900,799],"class_list":{"0":"post-47433","1":"product","2":"type-product","3":"status-publish","4":"has-post-thumbnail","6":"product_cat-levriers","7":"product_cat-pulls-et-sweats","8":"product_cat-special-levriers","9":"product_cat-dressing","10":"product_tag-dachshund","11":"product_tag-dachshund-knit","12":"product_tag-greyhound","13":"product_tag-greyhound-knit","14":"product_tag-my-dog","15":"product_tag-pull-levrier","16":"product_tag-pull-pour-levrier","17":"product_tag-pull-pour-teckel","18":"product_tag-pull-special-levrier","19":"product_tag-pull-special-teckel","20":"product_tag-teckel","22":"first","23":"instock","24":"shipping-taxable","25":"purchasable","26":"product-type-variable"},"yoast_head":"<!-- This site is optimized with the Yoast SEO plugin v25.5 - https:\/\/yoast.com\/wordpress\/plugins\/seo\/ -->\n<title>My Dog - Pull Sp\u00e9cial l\u00e9vrier et teckel Tortora - L&#039;univers Animalier<\/title>\n<meta name=\"description\" content=\"My Dog - Pull Sp\u00e9cial l\u00e9vrier et teckel\" \/>\n<meta name=\"robots\" content=\"index, follow, max-snippet:-1, max-image-preview:large, max-video-preview:-1\" \/>\n<link rel=\"canonical\" href=\"https:\/\/universanimalier.com\/en\/boutique\/my-dog-pull-special-levrier-et-teckel-tortora\/\" \/>\n<meta property=\"og:locale\" content=\"en_US\" \/>\n<meta property=\"og:type\" content=\"article\" \/>\n<meta property=\"og:title\" content=\"My Dog - Pull Sp\u00e9cial l\u00e9vrier et teckel Tortora - L&#039;univers Animalier\" \/>\n<meta property=\"og:description\" content=\"My Dog - Pull Sp\u00e9cial l\u00e9vrier et teckel\" \/>\n<meta property=\"og:url\" content=\"https:\/\/universanimalier.com\/en\/boutique\/my-dog-pull-special-levrier-et-teckel-tortora\/\" \/>\n<meta property=\"og:site_name\" content=\"L&#039;univers Animalier\" \/>\n<meta property=\"article:publisher\" content=\"https:\/\/www.facebook.com\/lunivers.animalier\" \/>\n<meta property=\"article:modified_time\" content=\"2025-06-29T08:15:43+00:00\" \/>\n<meta property=\"og:image\" content=\"https:\/\/universanimalier.com\/wp-content\/uploads\/2023\/02\/56AFEA5E-E832-4072-A53A-8A80578D7603-scaled.jpeg\" \/>\n\t<meta property=\"og:image:width\" content=\"2560\" \/>\n\t<meta property=\"og:image:height\" content=\"2560\" \/>\n\t<meta property=\"og:image:type\" content=\"image\/jpeg\" \/>\n<meta name=\"twitter:card\" content=\"summary_large_image\" \/>\n<meta name=\"twitter:label1\" content=\"Est. reading time\" \/>\n\t<meta name=\"twitter:data1\" content=\"1 minute\" \/>\n<script type=\"application\/ld+json\" class=\"yoast-schema-graph\">{\"@context\":\"https:\/\/schema.org\",\"@graph\":[{\"@type\":\"WebPage\",\"@id\":\"https:\/\/universanimalier.com\/boutique\/my-dog-pull-special-levrier-et-teckel-tortora\/\",\"url\":\"https:\/\/universanimalier.com\/boutique\/my-dog-pull-special-levrier-et-teckel-tortora\/\",\"name\":\"My Dog - Pull Sp\u00e9cial l\u00e9vrier et teckel Tortora - L&#039;univers Animalier\",\"isPartOf\":{\"@id\":\"https:\/\/wip.universanimalier.com\/#website\"},\"primaryImageOfPage\":{\"@id\":\"https:\/\/universanimalier.com\/boutique\/my-dog-pull-special-levrier-et-teckel-tortora\/#primaryimage\"},\"image\":{\"@id\":\"https:\/\/universanimalier.com\/boutique\/my-dog-pull-special-levrier-et-teckel-tortora\/#primaryimage\"},\"thumbnailUrl\":\"https:\/\/universanimalier.com\/wp-content\/uploads\/2023\/02\/56AFEA5E-E832-4072-A53A-8A80578D7603-scaled.jpeg\",\"datePublished\":\"2023-02-05T08:50:35+00:00\",\"dateModified\":\"2025-06-29T08:15:43+00:00\",\"description\":\"My Dog - Pull Sp\u00e9cial l\u00e9vrier et teckel\",\"breadcrumb\":{\"@id\":\"https:\/\/universanimalier.com\/boutique\/my-dog-pull-special-levrier-et-teckel-tortora\/#breadcrumb\"},\"inLanguage\":\"en-US\",\"potentialAction\":[{\"@type\":\"ReadAction\",\"target\":[\"https:\/\/universanimalier.com\/boutique\/my-dog-pull-special-levrier-et-teckel-tortora\/\"]}]},{\"@type\":\"ImageObject\",\"inLanguage\":\"en-US\",\"@id\":\"https:\/\/universanimalier.com\/boutique\/my-dog-pull-special-levrier-et-teckel-tortora\/#primaryimage\",\"url\":\"https:\/\/universanimalier.com\/wp-content\/uploads\/2023\/02\/56AFEA5E-E832-4072-A53A-8A80578D7603-scaled.jpeg\",\"contentUrl\":\"https:\/\/universanimalier.com\/wp-content\/uploads\/2023\/02\/56AFEA5E-E832-4072-A53A-8A80578D7603-scaled.jpeg\",\"width\":2560,\"height\":2560},{\"@type\":\"BreadcrumbList\",\"@id\":\"https:\/\/universanimalier.com\/boutique\/my-dog-pull-special-levrier-et-teckel-tortora\/#breadcrumb\",\"itemListElement\":[{\"@type\":\"ListItem\",\"position\":1,\"name\":\"Accueil\",\"item\":\"https:\/\/wip.universanimalier.com\/\"},{\"@type\":\"ListItem\",\"position\":2,\"name\":\"Boutique\",\"item\":\"https:\/\/wip.universanimalier.com\/boutique\/\"},{\"@type\":\"ListItem\",\"position\":3,\"name\":\"My Dog &#8211; Pull Sp\u00e9cial l\u00e9vrier et teckel Tortora\"}]},{\"@type\":\"WebSite\",\"@id\":\"https:\/\/wip.universanimalier.com\/#website\",\"url\":\"https:\/\/wip.universanimalier.com\/\",\"name\":\"L'univers Animalier\",\"description\":\"Le paradis des chiens g\u00e2t\u00e9s !\",\"publisher\":{\"@id\":\"https:\/\/wip.universanimalier.com\/#organization\"},\"potentialAction\":[{\"@type\":\"SearchAction\",\"target\":{\"@type\":\"EntryPoint\",\"urlTemplate\":\"https:\/\/wip.universanimalier.com\/?s={search_term_string}\"},\"query-input\":{\"@type\":\"PropertyValueSpecification\",\"valueRequired\":true,\"valueName\":\"search_term_string\"}}],\"inLanguage\":\"en-US\"},{\"@type\":\"Organization\",\"@id\":\"https:\/\/wip.universanimalier.com\/#organization\",\"name\":\"L'univers Animalier\",\"url\":\"https:\/\/wip.universanimalier.com\/\",\"logo\":{\"@type\":\"ImageObject\",\"inLanguage\":\"en-US\",\"@id\":\"https:\/\/wip.universanimalier.com\/#\/schema\/logo\/image\/\",\"url\":\"https:\/\/universanimalier.com\/wp-content\/uploads\/2021\/06\/logo.jpg\",\"contentUrl\":\"https:\/\/universanimalier.com\/wp-content\/uploads\/2021\/06\/logo.jpg\",\"width\":800,\"height\":200,\"caption\":\"L'univers Animalier\"},\"image\":{\"@id\":\"https:\/\/wip.universanimalier.com\/#\/schema\/logo\/image\/\"},\"sameAs\":[\"https:\/\/www.facebook.com\/lunivers.animalier\"]}]}<\/script>\n<!-- \/ Yoast SEO plugin. -->","yoast_head_json":{"title":"My Dog - Pull Sp\u00e9cial l\u00e9vrier et teckel Tortora - L&#039;univers Animalier","description":"My Dog - Pull Sp\u00e9cial l\u00e9vrier et teckel","robots":{"index":"index","follow":"follow","max-snippet":"max-snippet:-1","max-image-preview":"max-image-preview:large","max-video-preview":"max-video-preview:-1"},"canonical":"https:\/\/universanimalier.com\/en\/boutique\/my-dog-pull-special-levrier-et-teckel-tortora\/","og_locale":"en_US","og_type":"article","og_title":"My Dog - Pull Sp\u00e9cial l\u00e9vrier et teckel Tortora - L&#039;univers Animalier","og_description":"My Dog - Pull Sp\u00e9cial l\u00e9vrier et teckel","og_url":"https:\/\/universanimalier.com\/en\/boutique\/my-dog-pull-special-levrier-et-teckel-tortora\/","og_site_name":"L&#039;univers Animalier","article_publisher":"https:\/\/www.facebook.com\/lunivers.animalier","article_modified_time":"2025-06-29T08:15:43+00:00","og_image":[{"width":2560,"height":2560,"url":"https:\/\/universanimalier.com\/wp-content\/uploads\/2023\/02\/56AFEA5E-E832-4072-A53A-8A80578D7603-scaled.jpeg","type":"image\/jpeg"}],"twitter_card":"summary_large_image","twitter_misc":{"Est. reading time":"1 minute"},"schema":{"@context":"https:\/\/schema.org","@graph":[{"@type":"WebPage","@id":"https:\/\/universanimalier.com\/boutique\/my-dog-pull-special-levrier-et-teckel-tortora\/","url":"https:\/\/universanimalier.com\/boutique\/my-dog-pull-special-levrier-et-teckel-tortora\/","name":"My Dog - Pull Sp\u00e9cial l\u00e9vrier et teckel Tortora - L&#039;univers Animalier","isPartOf":{"@id":"https:\/\/wip.universanimalier.com\/#website"},"primaryImageOfPage":{"@id":"https:\/\/universanimalier.com\/boutique\/my-dog-pull-special-levrier-et-teckel-tortora\/#primaryimage"},"image":{"@id":"https:\/\/universanimalier.com\/boutique\/my-dog-pull-special-levrier-et-teckel-tortora\/#primaryimage"},"thumbnailUrl":"https:\/\/universanimalier.com\/wp-content\/uploads\/2023\/02\/56AFEA5E-E832-4072-A53A-8A80578D7603-scaled.jpeg","datePublished":"2023-02-05T08:50:35+00:00","dateModified":"2025-06-29T08:15:43+00:00","description":"My Dog - Pull Sp\u00e9cial l\u00e9vrier et teckel","breadcrumb":{"@id":"https:\/\/universanimalier.com\/boutique\/my-dog-pull-special-levrier-et-teckel-tortora\/#breadcrumb"},"inLanguage":"en-US","potentialAction":[{"@type":"ReadAction","target":["https:\/\/universanimalier.com\/boutique\/my-dog-pull-special-levrier-et-teckel-tortora\/"]}]},{"@type":"ImageObject","inLanguage":"en-US","@id":"https:\/\/universanimalier.com\/boutique\/my-dog-pull-special-levrier-et-teckel-tortora\/#primaryimage","url":"https:\/\/universanimalier.com\/wp-content\/uploads\/2023\/02\/56AFEA5E-E832-4072-A53A-8A80578D7603-scaled.jpeg","contentUrl":"https:\/\/universanimalier.com\/wp-content\/uploads\/2023\/02\/56AFEA5E-E832-4072-A53A-8A80578D7603-scaled.jpeg","width":2560,"height":2560},{"@type":"BreadcrumbList","@id":"https:\/\/universanimalier.com\/boutique\/my-dog-pull-special-levrier-et-teckel-tortora\/#breadcrumb","itemListElement":[{"@type":"ListItem","position":1,"name":"Accueil","item":"https:\/\/wip.universanimalier.com\/"},{"@type":"ListItem","position":2,"name":"Boutique","item":"https:\/\/wip.universanimalier.com\/boutique\/"},{"@type":"ListItem","position":3,"name":"My Dog &#8211; Pull Sp\u00e9cial l\u00e9vrier et teckel Tortora"}]},{"@type":"WebSite","@id":"https:\/\/wip.universanimalier.com\/#website","url":"https:\/\/wip.universanimalier.com\/","name":"L'univers Animalier","description":"A paradise for spoiled dogs!","publisher":{"@id":"https:\/\/wip.universanimalier.com\/#organization"},"potentialAction":[{"@type":"SearchAction","target":{"@type":"EntryPoint","urlTemplate":"https:\/\/wip.universanimalier.com\/?s={search_term_string}"},"query-input":{"@type":"PropertyValueSpecification","valueRequired":true,"valueName":"search_term_string"}}],"inLanguage":"en-US"},{"@type":"Organization","@id":"https:\/\/wip.universanimalier.com\/#organization","name":"L'univers Animalier","url":"https:\/\/wip.universanimalier.com\/","logo":{"@type":"ImageObject","inLanguage":"en-US","@id":"https:\/\/wip.universanimalier.com\/#\/schema\/logo\/image\/","url":"https:\/\/universanimalier.com\/wp-content\/uploads\/2021\/06\/logo.jpg","contentUrl":"https:\/\/universanimalier.com\/wp-content\/uploads\/2021\/06\/logo.jpg","width":800,"height":200,"caption":"L'univers Animalier"},"image":{"@id":"https:\/\/wip.universanimalier.com\/#\/schema\/logo\/image\/"},"sameAs":["https:\/\/www.facebook.com\/lunivers.animalier"]}]}},"_links":{"self":[{"href":"https:\/\/universanimalier.com\/en\/wp-json\/wp\/v2\/product\/47433"}],"collection":[{"href":"https:\/\/universanimalier.com\/en\/wp-json\/wp\/v2\/product"}],"about":[{"href":"https:\/\/universanimalier.com\/en\/wp-json\/wp\/v2\/types\/product"}],"wp:featuredmedia":[{"embeddable":true,"href":"https:\/\/universanimalier.com\/en\/wp-json\/wp\/v2\/media\/47367"}],"wp:attachment":[{"href":"https:\/\/universanimalier.com\/en\/wp-json\/wp\/v2\/media?parent=47433"}],"wp:term":[{"taxonomy":"product_brand","embeddable":true,"href":"https:\/\/universanimalier.com\/en\/wp-json\/wp\/v2\/product_brand?post=47433"},{"taxonomy":"product_cat","embeddable":true,"href":"https:\/\/universanimalier.com\/en\/wp-json\/wp\/v2\/product_cat?post=47433"},{"taxonomy":"product_tag","embeddable":true,"href":"https:\/\/universanimalier.com\/en\/wp-json\/wp\/v2\/product_tag?post=47433"}],"curies":[{"name":"wp","href":"https:\/\/api.w.org\/{rel}","templated":true}]}}