{"id":47740,"date":"2023-03-02T23:23:14","date_gmt":"2023-03-02T22:23:14","guid":{"rendered":"https:\/\/universanimalier.com\/?post_type=product&#038;p=47740"},"modified":"2024-12-26T15:59:03","modified_gmt":"2024-12-26T14:59:03","slug":"sac-a-dos-de-transport-ava-gris","status":"publish","type":"product","link":"https:\/\/universanimalier.com\/en\/boutique\/sac-a-dos-de-transport-ava-gris\/","title":{"rendered":"Ava Transport Backpack Gray"},"content":{"rendered":"<p>Ava gray transport backpack \u2665 Very practical for daily transport and on the go.<\/p>\n<div class=\"mb-3 row\">\n<div class=\"col\">\n<div class=\"mb-3 row\">\n<div class=\"col\">\n<div class=\"description\">\n<div class=\"mb-3 row\">\n<div class=\"col\">\n<div class=\"description\">\n<div class=\"mb-3 row\">\n<div class=\"col\">\n<div class=\"description\">\n<ul>\n<li>stable shape even when the backpack is open<\/li>\n<li>front and top opening<\/li>\n<li>with outside pockets<\/li>\n<li>interior safety clip<\/li>\n<li>removable base<\/li>\n<\/ul>\n<div class=\"mb-3 row\">\n<div class=\"col\">\n<div>Dimensions: environ 32 \u00d7 42 \u00d7 22 cm, peut supporter un poids jusqu&rsquo;\u00e0 10 kg<\/div>\n<\/div>\n<\/div>\n<div class=\"webshopartikelgruppenPriceAndToolBar row\"><\/div>\n<\/div>\n<\/div>\n<\/div>\n<\/div>\n<\/div>\n<\/div>\n<\/div>\n<\/div>\n<\/div>\n<\/div>\n<\/div>","protected":false},"excerpt":{"rendered":"<p>Ava gray transport backpack \u2665 Very practical for daily transport and on the go.<\/p>\n<div class=\"mb-3 row\">\n<div class=\"col\">\n<div class=\"mb-3 row\">\n<div class=\"col\">\n<div class=\"description\">\n<div class=\"mb-3 row\">\n<div class=\"col\">\n<div class=\"description\">\n<div class=\"mb-3 row\">\n<div class=\"col\">\n<div class=\"description\">\n<ul>\n<li>stable shape even when the backpack is open<\/li>\n<li>front and top opening<\/li>\n<li>with outside pockets<\/li>\n<li>interior safety clip<\/li>\n<li>removable base<\/li>\n<\/ul>\n<div class=\"mb-3 row\">\n<div class=\"col\">\n<div>Dimensions: environ 32 \u00d7 42 \u00d7 22 cm, peut supporter un poids jusqu&rsquo;\u00e0 10 kg<\/div>\n<\/div>\n<\/div>\n<\/div>\n<\/div>\n<\/div>\n<\/div>\n<\/div>\n<\/div>\n<\/div>\n<\/div>\n<\/div>\n<\/div>\n<\/div>","protected":false},"featured_media":47684,"template":"","meta":[],"product_brand":[],"product_cat":[5134,8031,16],"product_tag":[333,1666,147,6950,6949,6951,6948,3248,817,6938],"class_list":{"0":"post-47740","1":"product","2":"type-product","3":"status-publish","4":"has-post-thumbnail","6":"product_cat-en-balade","7":"product_cat-sacs-a-dos","8":"product_cat-sacs-de-transport","9":"product_tag-bag","10":"product_tag-petit-chien","11":"product_tag-sac","12":"product_tag-sac-a-dos-ava-trixie","13":"product_tag-sac-a-dos-de-transport","14":"product_tag-sac-a-dos-gris","15":"product_tag-sac-a-dos-pour-chat","16":"product_tag-sac-a-dos-pour-chien","17":"product_tag-sac-pour-chien","18":"product_tag-sac-trixie","20":"first","21":"instock","22":"shipping-taxable","23":"purchasable","24":"product-type-simple"},"yoast_head":"<!-- This site is optimized with the Yoast SEO plugin v25.5 - https:\/\/yoast.com\/wordpress\/plugins\/seo\/ -->\n<title>Sac \u00e0 dos de transport Ava Gris - L&#039;univers Animalier<\/title>\n<meta name=\"description\" content=\"Trixie - Sac \u00e0 dos de transport Ava pour chien et chat\" \/>\n<meta name=\"robots\" content=\"index, follow, max-snippet:-1, max-image-preview:large, max-video-preview:-1\" \/>\n<link rel=\"canonical\" href=\"https:\/\/universanimalier.com\/en\/boutique\/sac-a-dos-de-transport-ava-gris\/\" \/>\n<meta property=\"og:locale\" content=\"en_US\" \/>\n<meta property=\"og:type\" content=\"article\" \/>\n<meta property=\"og:title\" content=\"Sac \u00e0 dos de transport Ava Gris - L&#039;univers Animalier\" \/>\n<meta property=\"og:description\" content=\"Trixie - Sac \u00e0 dos de transport Ava pour chien et chat\" \/>\n<meta property=\"og:url\" content=\"https:\/\/universanimalier.com\/en\/boutique\/sac-a-dos-de-transport-ava-gris\/\" \/>\n<meta property=\"og:site_name\" content=\"L&#039;univers Animalier\" \/>\n<meta property=\"article:publisher\" content=\"https:\/\/www.facebook.com\/lunivers.animalier\" \/>\n<meta property=\"article:modified_time\" content=\"2024-12-26T14:59:03+00:00\" \/>\n<meta property=\"og:image\" content=\"https:\/\/universanimalier.com\/wp-content\/uploads\/2023\/03\/Capture-decran-2023-03-02-a-22.37.16.png\" \/>\n\t<meta property=\"og:image:width\" content=\"1160\" \/>\n\t<meta property=\"og:image:height\" content=\"994\" \/>\n\t<meta property=\"og:image:type\" content=\"image\/png\" \/>\n<meta name=\"twitter:card\" content=\"summary_large_image\" \/>\n<meta name=\"twitter:label1\" content=\"Est. reading time\" \/>\n\t<meta name=\"twitter:data1\" content=\"1 minute\" \/>\n<script type=\"application\/ld+json\" class=\"yoast-schema-graph\">{\"@context\":\"https:\/\/schema.org\",\"@graph\":[{\"@type\":\"WebPage\",\"@id\":\"https:\/\/universanimalier.com\/boutique\/sac-a-dos-de-transport-ava-gris\/\",\"url\":\"https:\/\/universanimalier.com\/boutique\/sac-a-dos-de-transport-ava-gris\/\",\"name\":\"Sac \u00e0 dos de transport Ava Gris - L&#039;univers Animalier\",\"isPartOf\":{\"@id\":\"https:\/\/wip.universanimalier.com\/#website\"},\"primaryImageOfPage\":{\"@id\":\"https:\/\/universanimalier.com\/boutique\/sac-a-dos-de-transport-ava-gris\/#primaryimage\"},\"image\":{\"@id\":\"https:\/\/universanimalier.com\/boutique\/sac-a-dos-de-transport-ava-gris\/#primaryimage\"},\"thumbnailUrl\":\"https:\/\/universanimalier.com\/wp-content\/uploads\/2023\/03\/Capture-decran-2023-03-02-a-22.37.16.png\",\"datePublished\":\"2023-03-02T22:23:14+00:00\",\"dateModified\":\"2024-12-26T14:59:03+00:00\",\"description\":\"Trixie - Sac \u00e0 dos de transport Ava pour chien et chat\",\"breadcrumb\":{\"@id\":\"https:\/\/universanimalier.com\/boutique\/sac-a-dos-de-transport-ava-gris\/#breadcrumb\"},\"inLanguage\":\"en-US\",\"potentialAction\":[{\"@type\":\"ReadAction\",\"target\":[\"https:\/\/universanimalier.com\/boutique\/sac-a-dos-de-transport-ava-gris\/\"]}]},{\"@type\":\"ImageObject\",\"inLanguage\":\"en-US\",\"@id\":\"https:\/\/universanimalier.com\/boutique\/sac-a-dos-de-transport-ava-gris\/#primaryimage\",\"url\":\"https:\/\/universanimalier.com\/wp-content\/uploads\/2023\/03\/Capture-decran-2023-03-02-a-22.37.16.png\",\"contentUrl\":\"https:\/\/universanimalier.com\/wp-content\/uploads\/2023\/03\/Capture-decran-2023-03-02-a-22.37.16.png\",\"width\":1160,\"height\":994},{\"@type\":\"BreadcrumbList\",\"@id\":\"https:\/\/universanimalier.com\/boutique\/sac-a-dos-de-transport-ava-gris\/#breadcrumb\",\"itemListElement\":[{\"@type\":\"ListItem\",\"position\":1,\"name\":\"Accueil\",\"item\":\"https:\/\/wip.universanimalier.com\/\"},{\"@type\":\"ListItem\",\"position\":2,\"name\":\"Boutique\",\"item\":\"https:\/\/wip.universanimalier.com\/boutique\/\"},{\"@type\":\"ListItem\",\"position\":3,\"name\":\"Sac \u00e0 dos de transport Ava Gris\"}]},{\"@type\":\"WebSite\",\"@id\":\"https:\/\/wip.universanimalier.com\/#website\",\"url\":\"https:\/\/wip.universanimalier.com\/\",\"name\":\"L'univers Animalier\",\"description\":\"Le paradis des chiens g\u00e2t\u00e9s !\",\"publisher\":{\"@id\":\"https:\/\/wip.universanimalier.com\/#organization\"},\"potentialAction\":[{\"@type\":\"SearchAction\",\"target\":{\"@type\":\"EntryPoint\",\"urlTemplate\":\"https:\/\/wip.universanimalier.com\/?s={search_term_string}\"},\"query-input\":{\"@type\":\"PropertyValueSpecification\",\"valueRequired\":true,\"valueName\":\"search_term_string\"}}],\"inLanguage\":\"en-US\"},{\"@type\":\"Organization\",\"@id\":\"https:\/\/wip.universanimalier.com\/#organization\",\"name\":\"L'univers Animalier\",\"url\":\"https:\/\/wip.universanimalier.com\/\",\"logo\":{\"@type\":\"ImageObject\",\"inLanguage\":\"en-US\",\"@id\":\"https:\/\/wip.universanimalier.com\/#\/schema\/logo\/image\/\",\"url\":\"https:\/\/universanimalier.com\/wp-content\/uploads\/2021\/06\/logo.jpg\",\"contentUrl\":\"https:\/\/universanimalier.com\/wp-content\/uploads\/2021\/06\/logo.jpg\",\"width\":800,\"height\":200,\"caption\":\"L'univers Animalier\"},\"image\":{\"@id\":\"https:\/\/wip.universanimalier.com\/#\/schema\/logo\/image\/\"},\"sameAs\":[\"https:\/\/www.facebook.com\/lunivers.animalier\"]}]}<\/script>\n<!-- \/ Yoast SEO plugin. -->","yoast_head_json":{"title":"Sac \u00e0 dos de transport Ava Gris - L&#039;univers Animalier","description":"Trixie - Sac \u00e0 dos de transport Ava pour chien et chat","robots":{"index":"index","follow":"follow","max-snippet":"max-snippet:-1","max-image-preview":"max-image-preview:large","max-video-preview":"max-video-preview:-1"},"canonical":"https:\/\/universanimalier.com\/en\/boutique\/sac-a-dos-de-transport-ava-gris\/","og_locale":"en_US","og_type":"article","og_title":"Sac \u00e0 dos de transport Ava Gris - L&#039;univers Animalier","og_description":"Trixie - Sac \u00e0 dos de transport Ava pour chien et chat","og_url":"https:\/\/universanimalier.com\/en\/boutique\/sac-a-dos-de-transport-ava-gris\/","og_site_name":"L&#039;univers Animalier","article_publisher":"https:\/\/www.facebook.com\/lunivers.animalier","article_modified_time":"2024-12-26T14:59:03+00:00","og_image":[{"width":1160,"height":994,"url":"https:\/\/universanimalier.com\/wp-content\/uploads\/2023\/03\/Capture-decran-2023-03-02-a-22.37.16.png","type":"image\/png"}],"twitter_card":"summary_large_image","twitter_misc":{"Est. reading time":"1 minute"},"schema":{"@context":"https:\/\/schema.org","@graph":[{"@type":"WebPage","@id":"https:\/\/universanimalier.com\/boutique\/sac-a-dos-de-transport-ava-gris\/","url":"https:\/\/universanimalier.com\/boutique\/sac-a-dos-de-transport-ava-gris\/","name":"Sac \u00e0 dos de transport Ava Gris - L&#039;univers Animalier","isPartOf":{"@id":"https:\/\/wip.universanimalier.com\/#website"},"primaryImageOfPage":{"@id":"https:\/\/universanimalier.com\/boutique\/sac-a-dos-de-transport-ava-gris\/#primaryimage"},"image":{"@id":"https:\/\/universanimalier.com\/boutique\/sac-a-dos-de-transport-ava-gris\/#primaryimage"},"thumbnailUrl":"https:\/\/universanimalier.com\/wp-content\/uploads\/2023\/03\/Capture-decran-2023-03-02-a-22.37.16.png","datePublished":"2023-03-02T22:23:14+00:00","dateModified":"2024-12-26T14:59:03+00:00","description":"Trixie - Sac \u00e0 dos de transport Ava pour chien et chat","breadcrumb":{"@id":"https:\/\/universanimalier.com\/boutique\/sac-a-dos-de-transport-ava-gris\/#breadcrumb"},"inLanguage":"en-US","potentialAction":[{"@type":"ReadAction","target":["https:\/\/universanimalier.com\/boutique\/sac-a-dos-de-transport-ava-gris\/"]}]},{"@type":"ImageObject","inLanguage":"en-US","@id":"https:\/\/universanimalier.com\/boutique\/sac-a-dos-de-transport-ava-gris\/#primaryimage","url":"https:\/\/universanimalier.com\/wp-content\/uploads\/2023\/03\/Capture-decran-2023-03-02-a-22.37.16.png","contentUrl":"https:\/\/universanimalier.com\/wp-content\/uploads\/2023\/03\/Capture-decran-2023-03-02-a-22.37.16.png","width":1160,"height":994},{"@type":"BreadcrumbList","@id":"https:\/\/universanimalier.com\/boutique\/sac-a-dos-de-transport-ava-gris\/#breadcrumb","itemListElement":[{"@type":"ListItem","position":1,"name":"Accueil","item":"https:\/\/wip.universanimalier.com\/"},{"@type":"ListItem","position":2,"name":"Boutique","item":"https:\/\/wip.universanimalier.com\/boutique\/"},{"@type":"ListItem","position":3,"name":"Sac \u00e0 dos de transport Ava Gris"}]},{"@type":"WebSite","@id":"https:\/\/wip.universanimalier.com\/#website","url":"https:\/\/wip.universanimalier.com\/","name":"L'univers Animalier","description":"A paradise for spoiled dogs!","publisher":{"@id":"https:\/\/wip.universanimalier.com\/#organization"},"potentialAction":[{"@type":"SearchAction","target":{"@type":"EntryPoint","urlTemplate":"https:\/\/wip.universanimalier.com\/?s={search_term_string}"},"query-input":{"@type":"PropertyValueSpecification","valueRequired":true,"valueName":"search_term_string"}}],"inLanguage":"en-US"},{"@type":"Organization","@id":"https:\/\/wip.universanimalier.com\/#organization","name":"L'univers Animalier","url":"https:\/\/wip.universanimalier.com\/","logo":{"@type":"ImageObject","inLanguage":"en-US","@id":"https:\/\/wip.universanimalier.com\/#\/schema\/logo\/image\/","url":"https:\/\/universanimalier.com\/wp-content\/uploads\/2021\/06\/logo.jpg","contentUrl":"https:\/\/universanimalier.com\/wp-content\/uploads\/2021\/06\/logo.jpg","width":800,"height":200,"caption":"L'univers Animalier"},"image":{"@id":"https:\/\/wip.universanimalier.com\/#\/schema\/logo\/image\/"},"sameAs":["https:\/\/www.facebook.com\/lunivers.animalier"]}]}},"_links":{"self":[{"href":"https:\/\/universanimalier.com\/en\/wp-json\/wp\/v2\/product\/47740"}],"collection":[{"href":"https:\/\/universanimalier.com\/en\/wp-json\/wp\/v2\/product"}],"about":[{"href":"https:\/\/universanimalier.com\/en\/wp-json\/wp\/v2\/types\/product"}],"wp:featuredmedia":[{"embeddable":true,"href":"https:\/\/universanimalier.com\/en\/wp-json\/wp\/v2\/media\/47684"}],"wp:attachment":[{"href":"https:\/\/universanimalier.com\/en\/wp-json\/wp\/v2\/media?parent=47740"}],"wp:term":[{"taxonomy":"product_brand","embeddable":true,"href":"https:\/\/universanimalier.com\/en\/wp-json\/wp\/v2\/product_brand?post=47740"},{"taxonomy":"product_cat","embeddable":true,"href":"https:\/\/universanimalier.com\/en\/wp-json\/wp\/v2\/product_cat?post=47740"},{"taxonomy":"product_tag","embeddable":true,"href":"https:\/\/universanimalier.com\/en\/wp-json\/wp\/v2\/product_tag?post=47740"}],"curies":[{"name":"wp","href":"https:\/\/api.w.org\/{rel}","templated":true}]}}