{"id":50087,"date":"2023-08-30T20:05:56","date_gmt":"2023-08-30T18:05:56","guid":{"rendered":"https:\/\/universanimalier.com\/?post_type=product&#038;p=50087"},"modified":"2023-12-31T11:24:07","modified_gmt":"2023-12-31T10:24:07","slug":"for-pets-only-my-micro-pochette-flora-silver","status":"publish","type":"product","link":"https:\/\/universanimalier.com\/en\/boutique\/for-pets-only-my-micro-pochette-flora-silver\/","title":{"rendered":"For Pets Only \u2013 My Micro Pouch Flora\/Silver"},"content":{"rendered":"<div id=\"tw-target-text-container\" class=\"tw-ta-container F0azHf tw-nfl\" tabindex=\"0\">\n<p id=\"tw-target-text\" class=\"tw-data-text tw-text-large tw-ta\" dir=\"ltr\" data-placeholder=\"Traduction\"><span class=\"Y2IQFc\" lang=\"fr\">Micro pochette \u00e9l\u00e9gante en \u00e9co-cuir doux avec le petit logo embl\u00e9matique en forme d&rsquo;os. Parfait pour transporter vos sacs \u00e0 caca pli\u00e9s mais tout aussi parfait pour transporter de petites friandises pour votre ami \u00e0 quatre pattes. Accrochez-le simplement \u00e0 votre laisse pr\u00e9f\u00e9r\u00e9e, c&rsquo;est super l\u00e9ger et super chic ! <\/span><\/p>\n<\/div>\n<ul>\n<li class=\"tw-data-text tw-text-large tw-ta\" dir=\"ltr\" data-placeholder=\"Traduction\"><span class=\"Y2IQFc\" lang=\"fr\">8.3 x 11.8cm<\/span><\/li>\n<li class=\"tw-data-text tw-text-large tw-ta\" dir=\"ltr\" data-placeholder=\"Traduction\"><span class=\"Y2IQFc\" lang=\"fr\">100% made in Italy <\/span><\/li>\n<li class=\"tw-data-text tw-text-large tw-ta\" dir=\"ltr\" data-placeholder=\"Traduction\"><span class=\"Y2IQFc\" lang=\"fr\">100% handmade<\/span><\/li>\n<\/ul>","protected":false},"excerpt":{"rendered":"<div id=\"tw-target-text-container\" class=\"tw-ta-container F0azHf tw-nfl\" tabindex=\"0\">\n<p id=\"tw-target-text\" class=\"tw-data-text tw-text-large tw-ta\" dir=\"ltr\" data-placeholder=\"Traduction\"><span class=\"Y2IQFc\" lang=\"fr\">Micro pochette \u00e9l\u00e9gante en \u00e9co-cuir doux avec le petit logo embl\u00e9matique en forme d&rsquo;os. Parfait pour transporter vos sacs \u00e0 caca pli\u00e9s mais tout aussi parfait pour transporter de petites friandises pour votre ami \u00e0 quatre pattes. Accrochez-le simplement \u00e0 votre laisse pr\u00e9f\u00e9r\u00e9e, c&rsquo;est super l\u00e9ger et super chic ! <\/span><\/p>\n<\/div>\n<ul>\n<li class=\"tw-data-text tw-text-large tw-ta\" dir=\"ltr\" data-placeholder=\"Traduction\"><span class=\"Y2IQFc\" lang=\"fr\">8.3 x 11.8cm<\/span><\/li>\n<li class=\"tw-data-text tw-text-large tw-ta\" dir=\"ltr\" data-placeholder=\"Traduction\"><span class=\"Y2IQFc\" lang=\"fr\">100% made in Italy <\/span><\/li>\n<li class=\"tw-data-text tw-text-large tw-ta\" dir=\"ltr\" data-placeholder=\"Traduction\"><span class=\"Y2IQFc\" lang=\"fr\">100% handmade<\/span><\/li>\n<\/ul>","protected":false},"featured_media":49995,"template":"","meta":[],"product_brand":[],"product_cat":[1823,43,902],"product_tag":[12,140,7497,7136,7135,5435,7123,7498,7499],"class_list":{"0":"post-50087","1":"product","2":"type-product","3":"status-publish","4":"has-post-thumbnail","6":"product_cat-porte-sachets","7":"product_cat-accessoires","8":"product_cat-pochettes-et-trousses","9":"product_tag-for-pets-only","10":"product_tag-fpo","11":"product_tag-micro-pochette-flora","12":"product_tag-micro-pochette-for-pets-only","13":"product_tag-my-micro-pochette","14":"product_tag-pochette-camel","15":"product_tag-pochette-sac-a-caca","16":"product_tag-pochette-verte","17":"product_tag-vert-gucci","19":"first","20":"instock","21":"featured","22":"shipping-taxable","23":"purchasable","24":"product-type-simple"},"yoast_head":"<!-- This site is optimized with the Yoast SEO plugin v25.5 - https:\/\/yoast.com\/wordpress\/plugins\/seo\/ -->\n<title>For Pets Only - My Micro Pochette Flora\/Silver - L&#039;univers Animalier<\/title>\n<meta name=\"description\" content=\"For Pets Only - My Micro Pochette Flora\/Silver\" \/>\n<meta name=\"robots\" content=\"index, follow, max-snippet:-1, max-image-preview:large, max-video-preview:-1\" \/>\n<link rel=\"canonical\" href=\"https:\/\/wip.universanimalier.com\/boutique\/for-pets-only-my-micro-pochette-flora-silver\/\" \/>\n<meta property=\"og:locale\" content=\"en_US\" \/>\n<meta property=\"og:type\" content=\"article\" \/>\n<meta property=\"og:title\" content=\"For Pets Only - My Micro Pochette Flora\/Silver - L&#039;univers Animalier\" \/>\n<meta property=\"og:description\" content=\"For Pets Only - My Micro Pochette Flora\/Silver\" \/>\n<meta property=\"og:url\" content=\"https:\/\/wip.universanimalier.com\/boutique\/for-pets-only-my-micro-pochette-flora-silver\/\" \/>\n<meta property=\"og:site_name\" content=\"L&#039;univers Animalier\" \/>\n<meta property=\"article:publisher\" content=\"https:\/\/www.facebook.com\/lunivers.animalier\" \/>\n<meta property=\"article:modified_time\" content=\"2023-12-31T10:24:07+00:00\" \/>\n<meta property=\"og:image\" content=\"https:\/\/wip.universanimalier.com\/wp-content\/uploads\/2023\/08\/IMG_0354.png\" \/>\n\t<meta property=\"og:image:width\" content=\"800\" \/>\n\t<meta property=\"og:image:height\" content=\"843\" \/>\n\t<meta property=\"og:image:type\" content=\"image\/png\" \/>\n<meta name=\"twitter:card\" content=\"summary_large_image\" \/>\n<meta name=\"twitter:label1\" content=\"Est. reading time\" \/>\n\t<meta name=\"twitter:data1\" content=\"1 minute\" \/>\n<script type=\"application\/ld+json\" class=\"yoast-schema-graph\">{\"@context\":\"https:\/\/schema.org\",\"@graph\":[{\"@type\":\"WebPage\",\"@id\":\"https:\/\/wip.universanimalier.com\/boutique\/for-pets-only-my-micro-pochette-flora-silver\/\",\"url\":\"https:\/\/wip.universanimalier.com\/boutique\/for-pets-only-my-micro-pochette-flora-silver\/\",\"name\":\"For Pets Only - My Micro Pochette Flora\/Silver - L&#039;univers Animalier\",\"isPartOf\":{\"@id\":\"https:\/\/wip.universanimalier.com\/#website\"},\"primaryImageOfPage\":{\"@id\":\"https:\/\/wip.universanimalier.com\/boutique\/for-pets-only-my-micro-pochette-flora-silver\/#primaryimage\"},\"image\":{\"@id\":\"https:\/\/wip.universanimalier.com\/boutique\/for-pets-only-my-micro-pochette-flora-silver\/#primaryimage\"},\"thumbnailUrl\":\"https:\/\/universanimalier.com\/wp-content\/uploads\/2023\/08\/IMG_0354.png\",\"datePublished\":\"2023-08-30T18:05:56+00:00\",\"dateModified\":\"2023-12-31T10:24:07+00:00\",\"description\":\"For Pets Only - My Micro Pochette Flora\/Silver\",\"breadcrumb\":{\"@id\":\"https:\/\/wip.universanimalier.com\/boutique\/for-pets-only-my-micro-pochette-flora-silver\/#breadcrumb\"},\"inLanguage\":\"en-US\",\"potentialAction\":[{\"@type\":\"ReadAction\",\"target\":[\"https:\/\/wip.universanimalier.com\/boutique\/for-pets-only-my-micro-pochette-flora-silver\/\"]}]},{\"@type\":\"ImageObject\",\"inLanguage\":\"en-US\",\"@id\":\"https:\/\/wip.universanimalier.com\/boutique\/for-pets-only-my-micro-pochette-flora-silver\/#primaryimage\",\"url\":\"https:\/\/universanimalier.com\/wp-content\/uploads\/2023\/08\/IMG_0354.png\",\"contentUrl\":\"https:\/\/universanimalier.com\/wp-content\/uploads\/2023\/08\/IMG_0354.png\",\"width\":800,\"height\":843},{\"@type\":\"BreadcrumbList\",\"@id\":\"https:\/\/wip.universanimalier.com\/boutique\/for-pets-only-my-micro-pochette-flora-silver\/#breadcrumb\",\"itemListElement\":[{\"@type\":\"ListItem\",\"position\":1,\"name\":\"Accueil\",\"item\":\"https:\/\/wip.universanimalier.com\/\"},{\"@type\":\"ListItem\",\"position\":2,\"name\":\"Boutique\",\"item\":\"https:\/\/wip.universanimalier.com\/boutique\/\"},{\"@type\":\"ListItem\",\"position\":3,\"name\":\"For Pets Only &#8211; My Micro Pochette Flora\/Silver\"}]},{\"@type\":\"WebSite\",\"@id\":\"https:\/\/wip.universanimalier.com\/#website\",\"url\":\"https:\/\/wip.universanimalier.com\/\",\"name\":\"L'univers Animalier\",\"description\":\"Le paradis des chiens g\u00e2t\u00e9s !\",\"publisher\":{\"@id\":\"https:\/\/wip.universanimalier.com\/#organization\"},\"potentialAction\":[{\"@type\":\"SearchAction\",\"target\":{\"@type\":\"EntryPoint\",\"urlTemplate\":\"https:\/\/wip.universanimalier.com\/?s={search_term_string}\"},\"query-input\":{\"@type\":\"PropertyValueSpecification\",\"valueRequired\":true,\"valueName\":\"search_term_string\"}}],\"inLanguage\":\"en-US\"},{\"@type\":\"Organization\",\"@id\":\"https:\/\/wip.universanimalier.com\/#organization\",\"name\":\"L'univers Animalier\",\"url\":\"https:\/\/wip.universanimalier.com\/\",\"logo\":{\"@type\":\"ImageObject\",\"inLanguage\":\"en-US\",\"@id\":\"https:\/\/wip.universanimalier.com\/#\/schema\/logo\/image\/\",\"url\":\"https:\/\/universanimalier.com\/wp-content\/uploads\/2021\/06\/logo.jpg\",\"contentUrl\":\"https:\/\/universanimalier.com\/wp-content\/uploads\/2021\/06\/logo.jpg\",\"width\":800,\"height\":200,\"caption\":\"L'univers Animalier\"},\"image\":{\"@id\":\"https:\/\/wip.universanimalier.com\/#\/schema\/logo\/image\/\"},\"sameAs\":[\"https:\/\/www.facebook.com\/lunivers.animalier\"]}]}<\/script>\n<!-- \/ Yoast SEO plugin. -->","yoast_head_json":{"title":"For Pets Only - My Micro Pochette Flora\/Silver - L&#039;univers Animalier","description":"For Pets Only - My Micro Pochette Flora\/Silver","robots":{"index":"index","follow":"follow","max-snippet":"max-snippet:-1","max-image-preview":"max-image-preview:large","max-video-preview":"max-video-preview:-1"},"canonical":"https:\/\/wip.universanimalier.com\/boutique\/for-pets-only-my-micro-pochette-flora-silver\/","og_locale":"en_US","og_type":"article","og_title":"For Pets Only - My Micro Pochette Flora\/Silver - L&#039;univers Animalier","og_description":"For Pets Only - My Micro Pochette Flora\/Silver","og_url":"https:\/\/wip.universanimalier.com\/boutique\/for-pets-only-my-micro-pochette-flora-silver\/","og_site_name":"L&#039;univers Animalier","article_publisher":"https:\/\/www.facebook.com\/lunivers.animalier","article_modified_time":"2023-12-31T10:24:07+00:00","og_image":[{"width":800,"height":843,"url":"https:\/\/wip.universanimalier.com\/wp-content\/uploads\/2023\/08\/IMG_0354.png","type":"image\/png"}],"twitter_card":"summary_large_image","twitter_misc":{"Est. reading time":"1 minute"},"schema":{"@context":"https:\/\/schema.org","@graph":[{"@type":"WebPage","@id":"https:\/\/wip.universanimalier.com\/boutique\/for-pets-only-my-micro-pochette-flora-silver\/","url":"https:\/\/wip.universanimalier.com\/boutique\/for-pets-only-my-micro-pochette-flora-silver\/","name":"For Pets Only - My Micro Pochette Flora\/Silver - L&#039;univers Animalier","isPartOf":{"@id":"https:\/\/wip.universanimalier.com\/#website"},"primaryImageOfPage":{"@id":"https:\/\/wip.universanimalier.com\/boutique\/for-pets-only-my-micro-pochette-flora-silver\/#primaryimage"},"image":{"@id":"https:\/\/wip.universanimalier.com\/boutique\/for-pets-only-my-micro-pochette-flora-silver\/#primaryimage"},"thumbnailUrl":"https:\/\/universanimalier.com\/wp-content\/uploads\/2023\/08\/IMG_0354.png","datePublished":"2023-08-30T18:05:56+00:00","dateModified":"2023-12-31T10:24:07+00:00","description":"For Pets Only - My Micro Pochette Flora\/Silver","breadcrumb":{"@id":"https:\/\/wip.universanimalier.com\/boutique\/for-pets-only-my-micro-pochette-flora-silver\/#breadcrumb"},"inLanguage":"en-US","potentialAction":[{"@type":"ReadAction","target":["https:\/\/wip.universanimalier.com\/boutique\/for-pets-only-my-micro-pochette-flora-silver\/"]}]},{"@type":"ImageObject","inLanguage":"en-US","@id":"https:\/\/wip.universanimalier.com\/boutique\/for-pets-only-my-micro-pochette-flora-silver\/#primaryimage","url":"https:\/\/universanimalier.com\/wp-content\/uploads\/2023\/08\/IMG_0354.png","contentUrl":"https:\/\/universanimalier.com\/wp-content\/uploads\/2023\/08\/IMG_0354.png","width":800,"height":843},{"@type":"BreadcrumbList","@id":"https:\/\/wip.universanimalier.com\/boutique\/for-pets-only-my-micro-pochette-flora-silver\/#breadcrumb","itemListElement":[{"@type":"ListItem","position":1,"name":"Accueil","item":"https:\/\/wip.universanimalier.com\/"},{"@type":"ListItem","position":2,"name":"Boutique","item":"https:\/\/wip.universanimalier.com\/boutique\/"},{"@type":"ListItem","position":3,"name":"For Pets Only &#8211; My Micro Pochette Flora\/Silver"}]},{"@type":"WebSite","@id":"https:\/\/wip.universanimalier.com\/#website","url":"https:\/\/wip.universanimalier.com\/","name":"L'univers Animalier","description":"A paradise for spoiled dogs!","publisher":{"@id":"https:\/\/wip.universanimalier.com\/#organization"},"potentialAction":[{"@type":"SearchAction","target":{"@type":"EntryPoint","urlTemplate":"https:\/\/wip.universanimalier.com\/?s={search_term_string}"},"query-input":{"@type":"PropertyValueSpecification","valueRequired":true,"valueName":"search_term_string"}}],"inLanguage":"en-US"},{"@type":"Organization","@id":"https:\/\/wip.universanimalier.com\/#organization","name":"L'univers Animalier","url":"https:\/\/wip.universanimalier.com\/","logo":{"@type":"ImageObject","inLanguage":"en-US","@id":"https:\/\/wip.universanimalier.com\/#\/schema\/logo\/image\/","url":"https:\/\/universanimalier.com\/wp-content\/uploads\/2021\/06\/logo.jpg","contentUrl":"https:\/\/universanimalier.com\/wp-content\/uploads\/2021\/06\/logo.jpg","width":800,"height":200,"caption":"L'univers Animalier"},"image":{"@id":"https:\/\/wip.universanimalier.com\/#\/schema\/logo\/image\/"},"sameAs":["https:\/\/www.facebook.com\/lunivers.animalier"]}]}},"_links":{"self":[{"href":"https:\/\/universanimalier.com\/en\/wp-json\/wp\/v2\/product\/50087"}],"collection":[{"href":"https:\/\/universanimalier.com\/en\/wp-json\/wp\/v2\/product"}],"about":[{"href":"https:\/\/universanimalier.com\/en\/wp-json\/wp\/v2\/types\/product"}],"wp:featuredmedia":[{"embeddable":true,"href":"https:\/\/universanimalier.com\/en\/wp-json\/wp\/v2\/media\/49995"}],"wp:attachment":[{"href":"https:\/\/universanimalier.com\/en\/wp-json\/wp\/v2\/media?parent=50087"}],"wp:term":[{"taxonomy":"product_brand","embeddable":true,"href":"https:\/\/universanimalier.com\/en\/wp-json\/wp\/v2\/product_brand?post=50087"},{"taxonomy":"product_cat","embeddable":true,"href":"https:\/\/universanimalier.com\/en\/wp-json\/wp\/v2\/product_cat?post=50087"},{"taxonomy":"product_tag","embeddable":true,"href":"https:\/\/universanimalier.com\/en\/wp-json\/wp\/v2\/product_tag?post=50087"}],"curies":[{"name":"wp","href":"https:\/\/api.w.org\/{rel}","templated":true}]}}