{"id":51202,"date":"2023-10-06T15:05:54","date_gmt":"2023-10-06T13:05:54","guid":{"rendered":"https:\/\/universanimalier.com\/?post_type=product&#038;p=51202"},"modified":"2023-12-31T11:15:14","modified_gmt":"2023-12-31T10:15:14","slug":"pull-de-noel-deer-happy","status":"publish","type":"product","link":"https:\/\/universanimalier.com\/en\/boutique\/pull-de-noel-deer-happy\/","title":{"rendered":"Deer Happy Christmas Sweater"},"content":{"rendered":"<p>Joli pull de No\u00ebl pour chien. Il a \u00e9t\u00e9 fabriqu\u00e9 avec un fil doux et chaud orn\u00e9 de d\u00e9tails c\u00f4tel\u00e9s et de jolies d\u00e9corations blanches qui refl\u00e8tent la fantaisie typique de l&rsquo;hiver et de No\u00ebl.<\/p>\n<p>Very warm thanks to its small elastic collar, it is easy to put on and wear.<\/p>\n<p>The product is available in sizes (body length): 25 cm, 30 cm, 35 cm, 40 cm, 45 cm.<\/p>\n<p>Il est stretch et s&rsquo;adaptera au tour de corps.<\/p>","protected":false},"excerpt":{"rendered":"<p>Joli pull de No\u00ebl pour chien. Il a \u00e9t\u00e9 fabriqu\u00e9 avec un fil doux et chaud orn\u00e9 de d\u00e9tails c\u00f4tel\u00e9s et de jolies d\u00e9corations blanches qui refl\u00e8tent la fantaisie typique de l&rsquo;hiver et de No\u00ebl.<\/p>\n<p>Very warm thanks to its small elastic collar, it is easy to put on and wear.<\/p>\n<p>The product is available in sizes (body length): 25 cm, 30 cm, 35 cm, 40 cm, 45 cm.<\/p>\n<p>Il est stretch et s&rsquo;adaptera au tour de corps.<\/p>","protected":false},"featured_media":51257,"template":"","meta":[],"product_brand":[],"product_cat":[5583,1655,15],"product_tag":[707,822,3092,3093,5701,5552],"class_list":{"0":"post-51202","1":"product","2":"type-product","3":"status-publish","4":"has-post-thumbnail","6":"product_cat-noel","7":"product_cat-pulls-et-sweats","8":"product_cat-dressing","9":"product_tag-christmas","10":"product_tag-noel","11":"product_tag-pull-de-noel","12":"product_tag-pull-de-noel-pour-chien","13":"product_tag-t-shirt-de-noel","14":"product_tag-t-shirt-de-noel-pour-chien","16":"first","17":"instock","18":"featured","19":"shipping-taxable","20":"purchasable","21":"product-type-variable"},"yoast_head":"<!-- This site is optimized with the Yoast SEO plugin v25.5 - https:\/\/yoast.com\/wordpress\/plugins\/seo\/ -->\n<title>Pull de No\u00ebl Deer Happy - L&#039;univers Animalier<\/title>\n<meta name=\"description\" content=\"Pull de No\u00ebl pour chien Deer Happy\" \/>\n<meta name=\"robots\" content=\"index, follow, max-snippet:-1, max-image-preview:large, max-video-preview:-1\" \/>\n<link rel=\"canonical\" href=\"https:\/\/universanimalier.com\/en\/boutique\/pull-de-noel-deer-happy\/\" \/>\n<meta property=\"og:locale\" content=\"en_US\" \/>\n<meta property=\"og:type\" content=\"article\" \/>\n<meta property=\"og:title\" content=\"Pull de No\u00ebl Deer Happy - L&#039;univers Animalier\" \/>\n<meta property=\"og:description\" content=\"Pull de No\u00ebl pour chien Deer Happy\" \/>\n<meta property=\"og:url\" content=\"https:\/\/universanimalier.com\/en\/boutique\/pull-de-noel-deer-happy\/\" \/>\n<meta property=\"og:site_name\" content=\"L&#039;univers Animalier\" \/>\n<meta property=\"article:publisher\" content=\"https:\/\/www.facebook.com\/lunivers.animalier\" \/>\n<meta property=\"article:modified_time\" content=\"2023-12-31T10:15:14+00:00\" \/>\n<meta property=\"og:image\" content=\"https:\/\/wip.universanimalier.com\/wp-content\/uploads\/2023\/10\/Maglioncino_cane_Natale_Deer_Happy.jpg\" \/>\n\t<meta property=\"og:image:width\" content=\"850\" \/>\n\t<meta property=\"og:image:height\" content=\"850\" \/>\n\t<meta property=\"og:image:type\" content=\"image\/jpeg\" \/>\n<meta name=\"twitter:card\" content=\"summary_large_image\" \/>\n<meta name=\"twitter:label1\" content=\"Est. reading time\" \/>\n\t<meta name=\"twitter:data1\" content=\"1 minute\" \/>\n<script type=\"application\/ld+json\" class=\"yoast-schema-graph\">{\"@context\":\"https:\/\/schema.org\",\"@graph\":[{\"@type\":\"WebPage\",\"@id\":\"https:\/\/universanimalier.com\/en\/boutique\/pull-de-noel-deer-happy\/\",\"url\":\"https:\/\/universanimalier.com\/en\/boutique\/pull-de-noel-deer-happy\/\",\"name\":\"Pull de No\u00ebl Deer Happy - L&#039;univers Animalier\",\"isPartOf\":{\"@id\":\"https:\/\/wip.universanimalier.com\/#website\"},\"primaryImageOfPage\":{\"@id\":\"https:\/\/universanimalier.com\/en\/boutique\/pull-de-noel-deer-happy\/#primaryimage\"},\"image\":{\"@id\":\"https:\/\/universanimalier.com\/en\/boutique\/pull-de-noel-deer-happy\/#primaryimage\"},\"thumbnailUrl\":\"https:\/\/universanimalier.com\/wp-content\/uploads\/2023\/10\/Maglioncino_cane_Natale_Deer_Happy.jpg\",\"datePublished\":\"2023-10-06T13:05:54+00:00\",\"dateModified\":\"2023-12-31T10:15:14+00:00\",\"description\":\"Pull de No\u00ebl pour chien Deer Happy\",\"breadcrumb\":{\"@id\":\"https:\/\/universanimalier.com\/en\/boutique\/pull-de-noel-deer-happy\/#breadcrumb\"},\"inLanguage\":\"en-US\",\"potentialAction\":[{\"@type\":\"ReadAction\",\"target\":[\"https:\/\/universanimalier.com\/en\/boutique\/pull-de-noel-deer-happy\/\"]}]},{\"@type\":\"ImageObject\",\"inLanguage\":\"en-US\",\"@id\":\"https:\/\/universanimalier.com\/en\/boutique\/pull-de-noel-deer-happy\/#primaryimage\",\"url\":\"https:\/\/universanimalier.com\/wp-content\/uploads\/2023\/10\/Maglioncino_cane_Natale_Deer_Happy.jpg\",\"contentUrl\":\"https:\/\/universanimalier.com\/wp-content\/uploads\/2023\/10\/Maglioncino_cane_Natale_Deer_Happy.jpg\",\"width\":850,\"height\":850},{\"@type\":\"BreadcrumbList\",\"@id\":\"https:\/\/universanimalier.com\/en\/boutique\/pull-de-noel-deer-happy\/#breadcrumb\",\"itemListElement\":[{\"@type\":\"ListItem\",\"position\":1,\"name\":\"Accueil\",\"item\":\"https:\/\/wip.universanimalier.com\/\"},{\"@type\":\"ListItem\",\"position\":2,\"name\":\"Boutique\",\"item\":\"https:\/\/wip.universanimalier.com\/boutique\/\"},{\"@type\":\"ListItem\",\"position\":3,\"name\":\"Pull de No\u00ebl Deer Happy\"}]},{\"@type\":\"WebSite\",\"@id\":\"https:\/\/wip.universanimalier.com\/#website\",\"url\":\"https:\/\/wip.universanimalier.com\/\",\"name\":\"L'univers Animalier\",\"description\":\"Le paradis des chiens g\u00e2t\u00e9s !\",\"publisher\":{\"@id\":\"https:\/\/wip.universanimalier.com\/#organization\"},\"potentialAction\":[{\"@type\":\"SearchAction\",\"target\":{\"@type\":\"EntryPoint\",\"urlTemplate\":\"https:\/\/wip.universanimalier.com\/?s={search_term_string}\"},\"query-input\":{\"@type\":\"PropertyValueSpecification\",\"valueRequired\":true,\"valueName\":\"search_term_string\"}}],\"inLanguage\":\"en-US\"},{\"@type\":\"Organization\",\"@id\":\"https:\/\/wip.universanimalier.com\/#organization\",\"name\":\"L'univers Animalier\",\"url\":\"https:\/\/wip.universanimalier.com\/\",\"logo\":{\"@type\":\"ImageObject\",\"inLanguage\":\"en-US\",\"@id\":\"https:\/\/wip.universanimalier.com\/#\/schema\/logo\/image\/\",\"url\":\"https:\/\/universanimalier.com\/wp-content\/uploads\/2021\/06\/logo.jpg\",\"contentUrl\":\"https:\/\/universanimalier.com\/wp-content\/uploads\/2021\/06\/logo.jpg\",\"width\":800,\"height\":200,\"caption\":\"L'univers Animalier\"},\"image\":{\"@id\":\"https:\/\/wip.universanimalier.com\/#\/schema\/logo\/image\/\"},\"sameAs\":[\"https:\/\/www.facebook.com\/lunivers.animalier\"]}]}<\/script>\n<!-- \/ Yoast SEO plugin. -->","yoast_head_json":{"title":"Pull de No\u00ebl Deer Happy - L&#039;univers Animalier","description":"Pull de No\u00ebl pour chien Deer Happy","robots":{"index":"index","follow":"follow","max-snippet":"max-snippet:-1","max-image-preview":"max-image-preview:large","max-video-preview":"max-video-preview:-1"},"canonical":"https:\/\/universanimalier.com\/en\/boutique\/pull-de-noel-deer-happy\/","og_locale":"en_US","og_type":"article","og_title":"Pull de No\u00ebl Deer Happy - L&#039;univers Animalier","og_description":"Pull de No\u00ebl pour chien Deer Happy","og_url":"https:\/\/universanimalier.com\/en\/boutique\/pull-de-noel-deer-happy\/","og_site_name":"L&#039;univers Animalier","article_publisher":"https:\/\/www.facebook.com\/lunivers.animalier","article_modified_time":"2023-12-31T10:15:14+00:00","og_image":[{"width":850,"height":850,"url":"https:\/\/wip.universanimalier.com\/wp-content\/uploads\/2023\/10\/Maglioncino_cane_Natale_Deer_Happy.jpg","type":"image\/jpeg"}],"twitter_card":"summary_large_image","twitter_misc":{"Est. reading time":"1 minute"},"schema":{"@context":"https:\/\/schema.org","@graph":[{"@type":"WebPage","@id":"https:\/\/universanimalier.com\/en\/boutique\/pull-de-noel-deer-happy\/","url":"https:\/\/universanimalier.com\/en\/boutique\/pull-de-noel-deer-happy\/","name":"Pull de No\u00ebl Deer Happy - L&#039;univers Animalier","isPartOf":{"@id":"https:\/\/wip.universanimalier.com\/#website"},"primaryImageOfPage":{"@id":"https:\/\/universanimalier.com\/en\/boutique\/pull-de-noel-deer-happy\/#primaryimage"},"image":{"@id":"https:\/\/universanimalier.com\/en\/boutique\/pull-de-noel-deer-happy\/#primaryimage"},"thumbnailUrl":"https:\/\/universanimalier.com\/wp-content\/uploads\/2023\/10\/Maglioncino_cane_Natale_Deer_Happy.jpg","datePublished":"2023-10-06T13:05:54+00:00","dateModified":"2023-12-31T10:15:14+00:00","description":"Pull de No\u00ebl pour chien Deer Happy","breadcrumb":{"@id":"https:\/\/universanimalier.com\/en\/boutique\/pull-de-noel-deer-happy\/#breadcrumb"},"inLanguage":"en-US","potentialAction":[{"@type":"ReadAction","target":["https:\/\/universanimalier.com\/en\/boutique\/pull-de-noel-deer-happy\/"]}]},{"@type":"ImageObject","inLanguage":"en-US","@id":"https:\/\/universanimalier.com\/en\/boutique\/pull-de-noel-deer-happy\/#primaryimage","url":"https:\/\/universanimalier.com\/wp-content\/uploads\/2023\/10\/Maglioncino_cane_Natale_Deer_Happy.jpg","contentUrl":"https:\/\/universanimalier.com\/wp-content\/uploads\/2023\/10\/Maglioncino_cane_Natale_Deer_Happy.jpg","width":850,"height":850},{"@type":"BreadcrumbList","@id":"https:\/\/universanimalier.com\/en\/boutique\/pull-de-noel-deer-happy\/#breadcrumb","itemListElement":[{"@type":"ListItem","position":1,"name":"Accueil","item":"https:\/\/wip.universanimalier.com\/"},{"@type":"ListItem","position":2,"name":"Boutique","item":"https:\/\/wip.universanimalier.com\/boutique\/"},{"@type":"ListItem","position":3,"name":"Pull de No\u00ebl Deer Happy"}]},{"@type":"WebSite","@id":"https:\/\/wip.universanimalier.com\/#website","url":"https:\/\/wip.universanimalier.com\/","name":"L'univers Animalier","description":"A paradise for spoiled dogs!","publisher":{"@id":"https:\/\/wip.universanimalier.com\/#organization"},"potentialAction":[{"@type":"SearchAction","target":{"@type":"EntryPoint","urlTemplate":"https:\/\/wip.universanimalier.com\/?s={search_term_string}"},"query-input":{"@type":"PropertyValueSpecification","valueRequired":true,"valueName":"search_term_string"}}],"inLanguage":"en-US"},{"@type":"Organization","@id":"https:\/\/wip.universanimalier.com\/#organization","name":"L'univers Animalier","url":"https:\/\/wip.universanimalier.com\/","logo":{"@type":"ImageObject","inLanguage":"en-US","@id":"https:\/\/wip.universanimalier.com\/#\/schema\/logo\/image\/","url":"https:\/\/universanimalier.com\/wp-content\/uploads\/2021\/06\/logo.jpg","contentUrl":"https:\/\/universanimalier.com\/wp-content\/uploads\/2021\/06\/logo.jpg","width":800,"height":200,"caption":"L'univers Animalier"},"image":{"@id":"https:\/\/wip.universanimalier.com\/#\/schema\/logo\/image\/"},"sameAs":["https:\/\/www.facebook.com\/lunivers.animalier"]}]}},"_links":{"self":[{"href":"https:\/\/universanimalier.com\/en\/wp-json\/wp\/v2\/product\/51202"}],"collection":[{"href":"https:\/\/universanimalier.com\/en\/wp-json\/wp\/v2\/product"}],"about":[{"href":"https:\/\/universanimalier.com\/en\/wp-json\/wp\/v2\/types\/product"}],"wp:featuredmedia":[{"embeddable":true,"href":"https:\/\/universanimalier.com\/en\/wp-json\/wp\/v2\/media\/51257"}],"wp:attachment":[{"href":"https:\/\/universanimalier.com\/en\/wp-json\/wp\/v2\/media?parent=51202"}],"wp:term":[{"taxonomy":"product_brand","embeddable":true,"href":"https:\/\/universanimalier.com\/en\/wp-json\/wp\/v2\/product_brand?post=51202"},{"taxonomy":"product_cat","embeddable":true,"href":"https:\/\/universanimalier.com\/en\/wp-json\/wp\/v2\/product_cat?post=51202"},{"taxonomy":"product_tag","embeddable":true,"href":"https:\/\/universanimalier.com\/en\/wp-json\/wp\/v2\/product_tag?post=51202"}],"curies":[{"name":"wp","href":"https:\/\/api.w.org\/{rel}","templated":true}]}}