{"id":51295,"date":"2023-10-10T16:49:11","date_gmt":"2023-10-10T14:49:11","guid":{"rendered":"https:\/\/universanimalier.com\/?post_type=product&#038;p=51295"},"modified":"2026-01-02T14:03:08","modified_gmt":"2026-01-02T13:03:08","slug":"milkpepper-eau-de-parfum-esprit-milk","status":"publish","type":"product","link":"https:\/\/universanimalier.com\/en\/boutique\/milkpepper-eau-de-parfum-esprit-milk\/","title":{"rendered":"Milk&amp;Pepper \u2013 Esprit Milk Eau de Parfum"},"content":{"rendered":"<p>Here are the Milk&amp;Pepper Eaux de Parfum, specially created for our four-legged friends.\u00a0<strong>100% MADE IN FRANCE,\u00a0<\/strong>con\u00e7ues \u00e0 Grasse, ces fragrances exquises sont formul\u00e9es sans alcool pour garantir la s\u00e9curit\u00e9 totale de la peau et de l&rsquo;odorat.<\/p>\n<p>\u00ab\u00a0Esprit Milk\u00a0\u00bb offre une touche de d\u00e9licatesse et d&rsquo;\u00e9l\u00e9gance, tandis que \u00ab\u00a0Esprit Pepper\u00a0\u00bb r\u00e9v\u00e8le une essence fraiche et noble. Disponibles en 55ml,\u00a0ils sont les parfums id\u00e9aux\u00a0des\u00a0propri\u00e9taires soucieux du bien-\u00eatre de leur animal, tout en appr\u00e9ciant le luxe et l&rsquo;\u00e9l\u00e9gance.<\/p>\n<p>Offrez \u00e0 votre fid\u00e8le ami une exp\u00e9rience sensorielle unique avec \u00ab\u00a0Esprit Milk\u00a0\u00bb et \u00ab\u00a0Esprit Pepper\u00a0\u00bb. Parce qu&rsquo;ils m\u00e9ritent ce qu&rsquo;il y a de meilleur.<\/p>\n<ul>\n<li>Perfume<\/li>\n<li>Made in France<\/li>\n<li>Alcohol-free<\/li>\n<li>Sans danger pour la peau et l&rsquo;odorat<\/li>\n<li>55ml bottle<\/li>\n<\/ul>\n<h4><strong>Conseils d&rsquo;utilisation:<\/strong><\/h4>\n<ul>\n<li>Vaporisez dans le creux des mains et appliquez-le en caresse sur le dos et les flancs. Eviter le contact avec le nez, les yeux et l&rsquo;int\u00e9rieur des oreilles. Utiliser uniquement sur les animaux de compagnie.<\/li>\n<\/ul>","protected":false},"excerpt":{"rendered":"<p>Here are the Milk&amp;Pepper Eaux de Parfum, specially created for our four-legged friends.\u00a0<strong>100% MADE IN FRANCE,\u00a0<\/strong>con\u00e7ues \u00e0 Grasse, ces fragrances exquises sont formul\u00e9es sans alcool pour garantir la s\u00e9curit\u00e9 totale de la peau et de l&rsquo;odorat.<\/p>\n<p>\u00ab\u00a0Esprit Milk\u00a0\u00bb offre une touche de d\u00e9licatesse et d&rsquo;\u00e9l\u00e9gance, tandis que \u00ab\u00a0Esprit Pepper\u00a0\u00bb r\u00e9v\u00e8le une essence fraiche et noble. Disponibles en 55ml,\u00a0ils sont les parfums id\u00e9aux\u00a0des\u00a0propri\u00e9taires soucieux du bien-\u00eatre de leur animal, tout en appr\u00e9ciant le luxe et l&rsquo;\u00e9l\u00e9gance.<\/p>\n<p>Offrez \u00e0 votre fid\u00e8le ami une exp\u00e9rience sensorielle unique avec \u00ab\u00a0Esprit Milk\u00a0\u00bb et \u00ab\u00a0Esprit Pepper\u00a0\u00bb. Parce qu&rsquo;ils m\u00e9ritent ce qu&rsquo;il y a de meilleur.<\/p>\n<ul>\n<li>Perfume<\/li>\n<li>Made in France<\/li>\n<li>Alcohol-free<\/li>\n<li>Sans danger pour la peau et l&rsquo;odorat<\/li>\n<li>55ml bottle<\/li>\n<\/ul>\n<h4><strong>Conseils d&rsquo;utilisation:<\/strong><\/h4>\n<ul>\n<li>Vaporisez dans le creux des mains et appliquez-le en caresse sur le dos et les flancs. Eviter le contact avec le nez, les yeux et l&rsquo;int\u00e9rieur des oreilles. Utiliser uniquement sur les animaux de compagnie.<\/li>\n<\/ul>","protected":false},"featured_media":51236,"template":"","meta":[],"product_brand":[],"product_cat":[9286,5140,5583,5142],"product_tag":[7762,7763,7764,617,116,995,5210],"class_list":{"0":"post-51295","1":"product","2":"type-product","3":"status-publish","4":"has-post-thumbnail","6":"product_cat-articles-non-soldes","7":"product_cat-beaute-et-soin","8":"product_cat-noel","9":"product_cat-parfums","10":"product_tag-eau-de-parfum-milkpepper","11":"product_tag-esprit-milk","12":"product_tag-esprit-pepper","13":"product_tag-mp","14":"product_tag-milkpepper","15":"product_tag-milkandpepper","16":"product_tag-parfum-pour-chien","18":"first","19":"instock","20":"shipping-taxable","21":"purchasable","22":"product-type-simple"},"yoast_head":"<!-- This site is optimized with the Yoast SEO plugin v25.5 - https:\/\/yoast.com\/wordpress\/plugins\/seo\/ -->\n<title>Milk&amp;Pepper - Eau de Parfum Esprit Milk - L&#039;univers Animalier<\/title>\n<meta name=\"description\" content=\"Milk&amp;Pepper - Eau de Parfum Esprit Milk\" \/>\n<meta name=\"robots\" content=\"index, follow, max-snippet:-1, max-image-preview:large, max-video-preview:-1\" \/>\n<link rel=\"canonical\" href=\"https:\/\/universanimalier.com\/en\/boutique\/milkpepper-eau-de-parfum-esprit-milk\/\" \/>\n<meta property=\"og:locale\" content=\"en_US\" \/>\n<meta property=\"og:type\" content=\"article\" \/>\n<meta property=\"og:title\" content=\"Milk&amp;Pepper - Eau de Parfum Esprit Milk - L&#039;univers Animalier\" \/>\n<meta property=\"og:description\" content=\"Milk&amp;Pepper - Eau de Parfum Esprit Milk\" \/>\n<meta property=\"og:url\" content=\"https:\/\/universanimalier.com\/en\/boutique\/milkpepper-eau-de-parfum-esprit-milk\/\" \/>\n<meta property=\"og:site_name\" content=\"L&#039;univers Animalier\" \/>\n<meta property=\"article:publisher\" content=\"https:\/\/www.facebook.com\/lunivers.animalier\" \/>\n<meta property=\"article:modified_time\" content=\"2026-01-02T13:03:08+00:00\" \/>\n<meta property=\"og:image\" content=\"https:\/\/universanimalier.com\/wp-content\/uploads\/2023\/10\/eau-de-parfum-milkpepper-1.jpg\" \/>\n\t<meta property=\"og:image:width\" content=\"480\" \/>\n\t<meta property=\"og:image:height\" content=\"585\" \/>\n\t<meta property=\"og:image:type\" content=\"image\/jpeg\" \/>\n<meta name=\"twitter:card\" content=\"summary_large_image\" \/>\n<meta name=\"twitter:label1\" content=\"Est. reading time\" \/>\n\t<meta name=\"twitter:data1\" content=\"1 minute\" \/>\n<script type=\"application\/ld+json\" class=\"yoast-schema-graph\">{\"@context\":\"https:\/\/schema.org\",\"@graph\":[{\"@type\":\"WebPage\",\"@id\":\"https:\/\/universanimalier.com\/boutique\/milkpepper-eau-de-parfum-esprit-milk\/\",\"url\":\"https:\/\/universanimalier.com\/boutique\/milkpepper-eau-de-parfum-esprit-milk\/\",\"name\":\"Milk&Pepper - Eau de Parfum Esprit Milk - L&#039;univers Animalier\",\"isPartOf\":{\"@id\":\"https:\/\/wip.universanimalier.com\/#website\"},\"primaryImageOfPage\":{\"@id\":\"https:\/\/universanimalier.com\/boutique\/milkpepper-eau-de-parfum-esprit-milk\/#primaryimage\"},\"image\":{\"@id\":\"https:\/\/universanimalier.com\/boutique\/milkpepper-eau-de-parfum-esprit-milk\/#primaryimage\"},\"thumbnailUrl\":\"https:\/\/universanimalier.com\/wp-content\/uploads\/2023\/10\/eau-de-parfum-milkpepper-1.jpg\",\"datePublished\":\"2023-10-10T14:49:11+00:00\",\"dateModified\":\"2026-01-02T13:03:08+00:00\",\"description\":\"Milk&Pepper - Eau de Parfum Esprit Milk\",\"breadcrumb\":{\"@id\":\"https:\/\/universanimalier.com\/boutique\/milkpepper-eau-de-parfum-esprit-milk\/#breadcrumb\"},\"inLanguage\":\"en-US\",\"potentialAction\":[{\"@type\":\"ReadAction\",\"target\":[\"https:\/\/universanimalier.com\/boutique\/milkpepper-eau-de-parfum-esprit-milk\/\"]}]},{\"@type\":\"ImageObject\",\"inLanguage\":\"en-US\",\"@id\":\"https:\/\/universanimalier.com\/boutique\/milkpepper-eau-de-parfum-esprit-milk\/#primaryimage\",\"url\":\"https:\/\/universanimalier.com\/wp-content\/uploads\/2023\/10\/eau-de-parfum-milkpepper-1.jpg\",\"contentUrl\":\"https:\/\/universanimalier.com\/wp-content\/uploads\/2023\/10\/eau-de-parfum-milkpepper-1.jpg\",\"width\":480,\"height\":585},{\"@type\":\"BreadcrumbList\",\"@id\":\"https:\/\/universanimalier.com\/boutique\/milkpepper-eau-de-parfum-esprit-milk\/#breadcrumb\",\"itemListElement\":[{\"@type\":\"ListItem\",\"position\":1,\"name\":\"Accueil\",\"item\":\"https:\/\/wip.universanimalier.com\/\"},{\"@type\":\"ListItem\",\"position\":2,\"name\":\"Boutique\",\"item\":\"https:\/\/wip.universanimalier.com\/boutique\/\"},{\"@type\":\"ListItem\",\"position\":3,\"name\":\"Milk&#038;Pepper &#8211; Eau de Parfum Esprit Milk\"}]},{\"@type\":\"WebSite\",\"@id\":\"https:\/\/wip.universanimalier.com\/#website\",\"url\":\"https:\/\/wip.universanimalier.com\/\",\"name\":\"L'univers Animalier\",\"description\":\"Le paradis des chiens g\u00e2t\u00e9s !\",\"publisher\":{\"@id\":\"https:\/\/wip.universanimalier.com\/#organization\"},\"potentialAction\":[{\"@type\":\"SearchAction\",\"target\":{\"@type\":\"EntryPoint\",\"urlTemplate\":\"https:\/\/wip.universanimalier.com\/?s={search_term_string}\"},\"query-input\":{\"@type\":\"PropertyValueSpecification\",\"valueRequired\":true,\"valueName\":\"search_term_string\"}}],\"inLanguage\":\"en-US\"},{\"@type\":\"Organization\",\"@id\":\"https:\/\/wip.universanimalier.com\/#organization\",\"name\":\"L'univers Animalier\",\"url\":\"https:\/\/wip.universanimalier.com\/\",\"logo\":{\"@type\":\"ImageObject\",\"inLanguage\":\"en-US\",\"@id\":\"https:\/\/wip.universanimalier.com\/#\/schema\/logo\/image\/\",\"url\":\"https:\/\/universanimalier.com\/wp-content\/uploads\/2021\/06\/logo.jpg\",\"contentUrl\":\"https:\/\/universanimalier.com\/wp-content\/uploads\/2021\/06\/logo.jpg\",\"width\":800,\"height\":200,\"caption\":\"L'univers Animalier\"},\"image\":{\"@id\":\"https:\/\/wip.universanimalier.com\/#\/schema\/logo\/image\/\"},\"sameAs\":[\"https:\/\/www.facebook.com\/lunivers.animalier\"]}]}<\/script>\n<!-- \/ Yoast SEO plugin. -->","yoast_head_json":{"title":"Milk&Pepper - Eau de Parfum Esprit Milk - L&#039;univers Animalier","description":"Milk&amp;Pepper - Esprit Milk Eau de Parfum","robots":{"index":"index","follow":"follow","max-snippet":"max-snippet:-1","max-image-preview":"max-image-preview:large","max-video-preview":"max-video-preview:-1"},"canonical":"https:\/\/universanimalier.com\/en\/boutique\/milkpepper-eau-de-parfum-esprit-milk\/","og_locale":"en_US","og_type":"article","og_title":"Milk&Pepper - Eau de Parfum Esprit Milk - L&#039;univers Animalier","og_description":"Milk&Pepper - Eau de Parfum Esprit Milk","og_url":"https:\/\/universanimalier.com\/en\/boutique\/milkpepper-eau-de-parfum-esprit-milk\/","og_site_name":"L&#039;univers Animalier","article_publisher":"https:\/\/www.facebook.com\/lunivers.animalier","article_modified_time":"2026-01-02T13:03:08+00:00","og_image":[{"width":480,"height":585,"url":"https:\/\/universanimalier.com\/wp-content\/uploads\/2023\/10\/eau-de-parfum-milkpepper-1.jpg","type":"image\/jpeg"}],"twitter_card":"summary_large_image","twitter_misc":{"Est. reading time":"1 minute"},"schema":{"@context":"https:\/\/schema.org","@graph":[{"@type":"WebPage","@id":"https:\/\/universanimalier.com\/boutique\/milkpepper-eau-de-parfum-esprit-milk\/","url":"https:\/\/universanimalier.com\/boutique\/milkpepper-eau-de-parfum-esprit-milk\/","name":"Milk&Pepper - Eau de Parfum Esprit Milk - L&#039;univers Animalier","isPartOf":{"@id":"https:\/\/wip.universanimalier.com\/#website"},"primaryImageOfPage":{"@id":"https:\/\/universanimalier.com\/boutique\/milkpepper-eau-de-parfum-esprit-milk\/#primaryimage"},"image":{"@id":"https:\/\/universanimalier.com\/boutique\/milkpepper-eau-de-parfum-esprit-milk\/#primaryimage"},"thumbnailUrl":"https:\/\/universanimalier.com\/wp-content\/uploads\/2023\/10\/eau-de-parfum-milkpepper-1.jpg","datePublished":"2023-10-10T14:49:11+00:00","dateModified":"2026-01-02T13:03:08+00:00","description":"Milk&amp;Pepper - Esprit Milk Eau de Parfum","breadcrumb":{"@id":"https:\/\/universanimalier.com\/boutique\/milkpepper-eau-de-parfum-esprit-milk\/#breadcrumb"},"inLanguage":"en-US","potentialAction":[{"@type":"ReadAction","target":["https:\/\/universanimalier.com\/boutique\/milkpepper-eau-de-parfum-esprit-milk\/"]}]},{"@type":"ImageObject","inLanguage":"en-US","@id":"https:\/\/universanimalier.com\/boutique\/milkpepper-eau-de-parfum-esprit-milk\/#primaryimage","url":"https:\/\/universanimalier.com\/wp-content\/uploads\/2023\/10\/eau-de-parfum-milkpepper-1.jpg","contentUrl":"https:\/\/universanimalier.com\/wp-content\/uploads\/2023\/10\/eau-de-parfum-milkpepper-1.jpg","width":480,"height":585},{"@type":"BreadcrumbList","@id":"https:\/\/universanimalier.com\/boutique\/milkpepper-eau-de-parfum-esprit-milk\/#breadcrumb","itemListElement":[{"@type":"ListItem","position":1,"name":"Accueil","item":"https:\/\/wip.universanimalier.com\/"},{"@type":"ListItem","position":2,"name":"Boutique","item":"https:\/\/wip.universanimalier.com\/boutique\/"},{"@type":"ListItem","position":3,"name":"Milk&#038;Pepper &#8211; Eau de Parfum Esprit Milk"}]},{"@type":"WebSite","@id":"https:\/\/wip.universanimalier.com\/#website","url":"https:\/\/wip.universanimalier.com\/","name":"L'univers Animalier","description":"A paradise for spoiled dogs!","publisher":{"@id":"https:\/\/wip.universanimalier.com\/#organization"},"potentialAction":[{"@type":"SearchAction","target":{"@type":"EntryPoint","urlTemplate":"https:\/\/wip.universanimalier.com\/?s={search_term_string}"},"query-input":{"@type":"PropertyValueSpecification","valueRequired":true,"valueName":"search_term_string"}}],"inLanguage":"en-US"},{"@type":"Organization","@id":"https:\/\/wip.universanimalier.com\/#organization","name":"L'univers Animalier","url":"https:\/\/wip.universanimalier.com\/","logo":{"@type":"ImageObject","inLanguage":"en-US","@id":"https:\/\/wip.universanimalier.com\/#\/schema\/logo\/image\/","url":"https:\/\/universanimalier.com\/wp-content\/uploads\/2021\/06\/logo.jpg","contentUrl":"https:\/\/universanimalier.com\/wp-content\/uploads\/2021\/06\/logo.jpg","width":800,"height":200,"caption":"L'univers Animalier"},"image":{"@id":"https:\/\/wip.universanimalier.com\/#\/schema\/logo\/image\/"},"sameAs":["https:\/\/www.facebook.com\/lunivers.animalier"]}]}},"_links":{"self":[{"href":"https:\/\/universanimalier.com\/en\/wp-json\/wp\/v2\/product\/51295"}],"collection":[{"href":"https:\/\/universanimalier.com\/en\/wp-json\/wp\/v2\/product"}],"about":[{"href":"https:\/\/universanimalier.com\/en\/wp-json\/wp\/v2\/types\/product"}],"wp:featuredmedia":[{"embeddable":true,"href":"https:\/\/universanimalier.com\/en\/wp-json\/wp\/v2\/media\/51236"}],"wp:attachment":[{"href":"https:\/\/universanimalier.com\/en\/wp-json\/wp\/v2\/media?parent=51295"}],"wp:term":[{"taxonomy":"product_brand","embeddable":true,"href":"https:\/\/universanimalier.com\/en\/wp-json\/wp\/v2\/product_brand?post=51295"},{"taxonomy":"product_cat","embeddable":true,"href":"https:\/\/universanimalier.com\/en\/wp-json\/wp\/v2\/product_cat?post=51295"},{"taxonomy":"product_tag","embeddable":true,"href":"https:\/\/universanimalier.com\/en\/wp-json\/wp\/v2\/product_tag?post=51295"}],"curies":[{"name":"wp","href":"https:\/\/api.w.org\/{rel}","templated":true}]}}