{"id":53259,"date":"2024-02-13T22:16:42","date_gmt":"2024-02-13T21:16:42","guid":{"rendered":"https:\/\/universanimalier.com\/?post_type=product&#038;p=53259"},"modified":"2026-02-08T10:17:45","modified_gmt":"2026-02-08T09:17:45","slug":"teo-im-cool-couverture-love-pearl-thermal","status":"publish","type":"product","link":"https:\/\/universanimalier.com\/en\/boutique\/teo-im-cool-couverture-love-pearl-thermal\/","title":{"rendered":"Teo I&rsquo;m Cool &#8211; Couverture Love Pearl Thermal"},"content":{"rendered":"<p>Blanket\u00a0<em>Teo I&rsquo;m Cool<\/em>\u00a0thermal et tout doux, avec un c\u00f4t\u00e9 en coton type \u00e9ponge doux et un c\u00f4t\u00e9 en pilou beige doux et chaud \u2665 avec volants, joli noeud amovible et \u00e9criture \u00ab\u00a0Amor\u00a0\u00bb en perles ivoire.<\/p>\n<ul>\n<li>Multi-use: on the chair, in the basket, in the bag, on a surface that is too cold, etc.<\/li>\n<li>Made from very soft and comfortable cotton and chenille<\/li>\n<li>Ruffles<\/li>\n<li>50 x 70 cm<\/li>\n<li>Washable: Gentle program or by hand preferably (no dryer)<\/li>\n<li>Made in Italy<\/li>\n<\/ul>","protected":false},"excerpt":{"rendered":"<p>Blanket\u00a0<em>Teo I&rsquo;m Cool<\/em>\u00a0thermal et tout doux, avec un c\u00f4t\u00e9 en coton type \u00e9ponge doux et un c\u00f4t\u00e9 en pilou beige doux et chaud \u2665 avec volants, joli noeud amovible et \u00e9criture \u00ab\u00a0Amor\u00a0\u00bb en perles ivoire.<\/p>\n<ul>\n<li>Multi-use: on the chair, in the basket, in the bag, on a surface that is too cold, etc.<\/li>\n<li>Made from very soft and comfortable cotton and chenille<\/li>\n<li>Ruffles<\/li>\n<li>50 x 70 cm<\/li>\n<li>Washable: Gentle program or by hand preferably (no dryer)<\/li>\n<li>Made in Italy<\/li>\n<\/ul>","protected":false},"featured_media":53238,"template":"","meta":[],"product_brand":[],"product_cat":[5583,24,44],"product_tag":[143,7755,7915,8093,8092,8091,5955,199,2129,7582,5954,4821,5290],"class_list":{"0":"post-53259","1":"product","2":"type-product","3":"status-publish","4":"has-post-thumbnail","6":"product_cat-noel","7":"product_cat-a-la-maison","8":"product_cat-plaids","9":"product_tag-couverture","10":"product_tag-couverture-de-noel","11":"product_tag-couverture-gold-love","12":"product_tag-couverture-love-pearl-thermal","13":"product_tag-couverture-pour-chien","14":"product_tag-love-pearl-thermal","15":"product_tag-my-teo-cover","16":"product_tag-plaid","17":"product_tag-plaid-beige","18":"product_tag-plaid-diamond-bisous","19":"product_tag-plaid-my-teo","20":"product_tag-plaid-ourson","21":"product_tag-teo-im-cool","23":"first","24":"instock","25":"shipping-taxable","26":"purchasable","27":"product-type-simple"},"yoast_head":"<!-- This site is optimized with the Yoast SEO plugin v25.5 - https:\/\/yoast.com\/wordpress\/plugins\/seo\/ -->\n<title>Teo I&#039;m Cool - Couverture Love Pearl Thermal - L&#039;univers Animalier<\/title>\n<meta name=\"description\" content=\"Teo I&#039;m Cool - Couverture Love Pearl Thermal\" \/>\n<meta name=\"robots\" content=\"index, follow, max-snippet:-1, max-image-preview:large, max-video-preview:-1\" \/>\n<link rel=\"canonical\" href=\"https:\/\/universanimalier.com\/en\/boutique\/teo-im-cool-couverture-love-pearl-thermal\/\" \/>\n<meta property=\"og:locale\" content=\"en_US\" \/>\n<meta property=\"og:type\" content=\"article\" \/>\n<meta property=\"og:title\" content=\"Teo I&#039;m Cool - Couverture Love Pearl Thermal - L&#039;univers Animalier\" \/>\n<meta property=\"og:description\" content=\"Teo I&#039;m Cool - Couverture Love Pearl Thermal\" \/>\n<meta property=\"og:url\" content=\"https:\/\/universanimalier.com\/en\/boutique\/teo-im-cool-couverture-love-pearl-thermal\/\" \/>\n<meta property=\"og:site_name\" content=\"L&#039;univers Animalier\" \/>\n<meta property=\"article:publisher\" content=\"https:\/\/www.facebook.com\/lunivers.animalier\" \/>\n<meta property=\"article:modified_time\" content=\"2026-02-08T09:17:45+00:00\" \/>\n<meta property=\"og:image\" content=\"https:\/\/universanimalier.com\/wp-content\/uploads\/2024\/02\/IMG_7651.png\" \/>\n\t<meta property=\"og:image:width\" content=\"510\" \/>\n\t<meta property=\"og:image:height\" content=\"344\" \/>\n\t<meta property=\"og:image:type\" content=\"image\/png\" \/>\n<meta name=\"twitter:card\" content=\"summary_large_image\" \/>\n<meta name=\"twitter:label1\" content=\"Est. reading time\" \/>\n\t<meta name=\"twitter:data1\" content=\"1 minute\" \/>\n<script type=\"application\/ld+json\" class=\"yoast-schema-graph\">{\"@context\":\"https:\/\/schema.org\",\"@graph\":[{\"@type\":\"WebPage\",\"@id\":\"https:\/\/universanimalier.com\/boutique\/teo-im-cool-couverture-love-pearl-thermal\/\",\"url\":\"https:\/\/universanimalier.com\/boutique\/teo-im-cool-couverture-love-pearl-thermal\/\",\"name\":\"Teo I'm Cool - Couverture Love Pearl Thermal - L&#039;univers Animalier\",\"isPartOf\":{\"@id\":\"https:\/\/wip.universanimalier.com\/#website\"},\"primaryImageOfPage\":{\"@id\":\"https:\/\/universanimalier.com\/boutique\/teo-im-cool-couverture-love-pearl-thermal\/#primaryimage\"},\"image\":{\"@id\":\"https:\/\/universanimalier.com\/boutique\/teo-im-cool-couverture-love-pearl-thermal\/#primaryimage\"},\"thumbnailUrl\":\"https:\/\/universanimalier.com\/wp-content\/uploads\/2024\/02\/IMG_7651.png\",\"datePublished\":\"2024-02-13T21:16:42+00:00\",\"dateModified\":\"2026-02-08T09:17:45+00:00\",\"description\":\"Teo I'm Cool - Couverture Love Pearl Thermal\",\"breadcrumb\":{\"@id\":\"https:\/\/universanimalier.com\/boutique\/teo-im-cool-couverture-love-pearl-thermal\/#breadcrumb\"},\"inLanguage\":\"en-US\",\"potentialAction\":[{\"@type\":\"ReadAction\",\"target\":[\"https:\/\/universanimalier.com\/boutique\/teo-im-cool-couverture-love-pearl-thermal\/\"]}]},{\"@type\":\"ImageObject\",\"inLanguage\":\"en-US\",\"@id\":\"https:\/\/universanimalier.com\/boutique\/teo-im-cool-couverture-love-pearl-thermal\/#primaryimage\",\"url\":\"https:\/\/universanimalier.com\/wp-content\/uploads\/2024\/02\/IMG_7651.png\",\"contentUrl\":\"https:\/\/universanimalier.com\/wp-content\/uploads\/2024\/02\/IMG_7651.png\",\"width\":510,\"height\":344},{\"@type\":\"BreadcrumbList\",\"@id\":\"https:\/\/universanimalier.com\/boutique\/teo-im-cool-couverture-love-pearl-thermal\/#breadcrumb\",\"itemListElement\":[{\"@type\":\"ListItem\",\"position\":1,\"name\":\"Accueil\",\"item\":\"https:\/\/wip.universanimalier.com\/\"},{\"@type\":\"ListItem\",\"position\":2,\"name\":\"Boutique\",\"item\":\"https:\/\/wip.universanimalier.com\/boutique\/\"},{\"@type\":\"ListItem\",\"position\":3,\"name\":\"Teo I&rsquo;m Cool &#8211; Couverture Love Pearl Thermal\"}]},{\"@type\":\"WebSite\",\"@id\":\"https:\/\/wip.universanimalier.com\/#website\",\"url\":\"https:\/\/wip.universanimalier.com\/\",\"name\":\"L'univers Animalier\",\"description\":\"Le paradis des chiens g\u00e2t\u00e9s !\",\"publisher\":{\"@id\":\"https:\/\/wip.universanimalier.com\/#organization\"},\"potentialAction\":[{\"@type\":\"SearchAction\",\"target\":{\"@type\":\"EntryPoint\",\"urlTemplate\":\"https:\/\/wip.universanimalier.com\/?s={search_term_string}\"},\"query-input\":{\"@type\":\"PropertyValueSpecification\",\"valueRequired\":true,\"valueName\":\"search_term_string\"}}],\"inLanguage\":\"en-US\"},{\"@type\":\"Organization\",\"@id\":\"https:\/\/wip.universanimalier.com\/#organization\",\"name\":\"L'univers Animalier\",\"url\":\"https:\/\/wip.universanimalier.com\/\",\"logo\":{\"@type\":\"ImageObject\",\"inLanguage\":\"en-US\",\"@id\":\"https:\/\/wip.universanimalier.com\/#\/schema\/logo\/image\/\",\"url\":\"https:\/\/universanimalier.com\/wp-content\/uploads\/2021\/06\/logo.jpg\",\"contentUrl\":\"https:\/\/universanimalier.com\/wp-content\/uploads\/2021\/06\/logo.jpg\",\"width\":800,\"height\":200,\"caption\":\"L'univers Animalier\"},\"image\":{\"@id\":\"https:\/\/wip.universanimalier.com\/#\/schema\/logo\/image\/\"},\"sameAs\":[\"https:\/\/www.facebook.com\/lunivers.animalier\"]}]}<\/script>\n<!-- \/ Yoast SEO plugin. -->","yoast_head_json":{"title":"Teo I'm Cool - Couverture Love Pearl Thermal - L&#039;univers Animalier","description":"Teo I&#039;m Cool - Love Pearl Thermal Blanket","robots":{"index":"index","follow":"follow","max-snippet":"max-snippet:-1","max-image-preview":"max-image-preview:large","max-video-preview":"max-video-preview:-1"},"canonical":"https:\/\/universanimalier.com\/en\/boutique\/teo-im-cool-couverture-love-pearl-thermal\/","og_locale":"en_US","og_type":"article","og_title":"Teo I'm Cool - Couverture Love Pearl Thermal - L&#039;univers Animalier","og_description":"Teo I'm Cool - Couverture Love Pearl Thermal","og_url":"https:\/\/universanimalier.com\/en\/boutique\/teo-im-cool-couverture-love-pearl-thermal\/","og_site_name":"L&#039;univers Animalier","article_publisher":"https:\/\/www.facebook.com\/lunivers.animalier","article_modified_time":"2026-02-08T09:17:45+00:00","og_image":[{"width":510,"height":344,"url":"https:\/\/universanimalier.com\/wp-content\/uploads\/2024\/02\/IMG_7651.png","type":"image\/png"}],"twitter_card":"summary_large_image","twitter_misc":{"Est. reading time":"1 minute"},"schema":{"@context":"https:\/\/schema.org","@graph":[{"@type":"WebPage","@id":"https:\/\/universanimalier.com\/boutique\/teo-im-cool-couverture-love-pearl-thermal\/","url":"https:\/\/universanimalier.com\/boutique\/teo-im-cool-couverture-love-pearl-thermal\/","name":"Teo I'm Cool - Couverture Love Pearl Thermal - L&#039;univers Animalier","isPartOf":{"@id":"https:\/\/wip.universanimalier.com\/#website"},"primaryImageOfPage":{"@id":"https:\/\/universanimalier.com\/boutique\/teo-im-cool-couverture-love-pearl-thermal\/#primaryimage"},"image":{"@id":"https:\/\/universanimalier.com\/boutique\/teo-im-cool-couverture-love-pearl-thermal\/#primaryimage"},"thumbnailUrl":"https:\/\/universanimalier.com\/wp-content\/uploads\/2024\/02\/IMG_7651.png","datePublished":"2024-02-13T21:16:42+00:00","dateModified":"2026-02-08T09:17:45+00:00","description":"Teo I&#039;m Cool - Love Pearl Thermal Blanket","breadcrumb":{"@id":"https:\/\/universanimalier.com\/boutique\/teo-im-cool-couverture-love-pearl-thermal\/#breadcrumb"},"inLanguage":"en-US","potentialAction":[{"@type":"ReadAction","target":["https:\/\/universanimalier.com\/boutique\/teo-im-cool-couverture-love-pearl-thermal\/"]}]},{"@type":"ImageObject","inLanguage":"en-US","@id":"https:\/\/universanimalier.com\/boutique\/teo-im-cool-couverture-love-pearl-thermal\/#primaryimage","url":"https:\/\/universanimalier.com\/wp-content\/uploads\/2024\/02\/IMG_7651.png","contentUrl":"https:\/\/universanimalier.com\/wp-content\/uploads\/2024\/02\/IMG_7651.png","width":510,"height":344},{"@type":"BreadcrumbList","@id":"https:\/\/universanimalier.com\/boutique\/teo-im-cool-couverture-love-pearl-thermal\/#breadcrumb","itemListElement":[{"@type":"ListItem","position":1,"name":"Accueil","item":"https:\/\/wip.universanimalier.com\/"},{"@type":"ListItem","position":2,"name":"Boutique","item":"https:\/\/wip.universanimalier.com\/boutique\/"},{"@type":"ListItem","position":3,"name":"Teo I&rsquo;m Cool &#8211; Couverture Love Pearl Thermal"}]},{"@type":"WebSite","@id":"https:\/\/wip.universanimalier.com\/#website","url":"https:\/\/wip.universanimalier.com\/","name":"L'univers Animalier","description":"A paradise for spoiled dogs!","publisher":{"@id":"https:\/\/wip.universanimalier.com\/#organization"},"potentialAction":[{"@type":"SearchAction","target":{"@type":"EntryPoint","urlTemplate":"https:\/\/wip.universanimalier.com\/?s={search_term_string}"},"query-input":{"@type":"PropertyValueSpecification","valueRequired":true,"valueName":"search_term_string"}}],"inLanguage":"en-US"},{"@type":"Organization","@id":"https:\/\/wip.universanimalier.com\/#organization","name":"L'univers Animalier","url":"https:\/\/wip.universanimalier.com\/","logo":{"@type":"ImageObject","inLanguage":"en-US","@id":"https:\/\/wip.universanimalier.com\/#\/schema\/logo\/image\/","url":"https:\/\/universanimalier.com\/wp-content\/uploads\/2021\/06\/logo.jpg","contentUrl":"https:\/\/universanimalier.com\/wp-content\/uploads\/2021\/06\/logo.jpg","width":800,"height":200,"caption":"L'univers Animalier"},"image":{"@id":"https:\/\/wip.universanimalier.com\/#\/schema\/logo\/image\/"},"sameAs":["https:\/\/www.facebook.com\/lunivers.animalier"]}]}},"_links":{"self":[{"href":"https:\/\/universanimalier.com\/en\/wp-json\/wp\/v2\/product\/53259"}],"collection":[{"href":"https:\/\/universanimalier.com\/en\/wp-json\/wp\/v2\/product"}],"about":[{"href":"https:\/\/universanimalier.com\/en\/wp-json\/wp\/v2\/types\/product"}],"wp:featuredmedia":[{"embeddable":true,"href":"https:\/\/universanimalier.com\/en\/wp-json\/wp\/v2\/media\/53238"}],"wp:attachment":[{"href":"https:\/\/universanimalier.com\/en\/wp-json\/wp\/v2\/media?parent=53259"}],"wp:term":[{"taxonomy":"product_brand","embeddable":true,"href":"https:\/\/universanimalier.com\/en\/wp-json\/wp\/v2\/product_brand?post=53259"},{"taxonomy":"product_cat","embeddable":true,"href":"https:\/\/universanimalier.com\/en\/wp-json\/wp\/v2\/product_cat?post=53259"},{"taxonomy":"product_tag","embeddable":true,"href":"https:\/\/universanimalier.com\/en\/wp-json\/wp\/v2\/product_tag?post=53259"}],"curies":[{"name":"wp","href":"https:\/\/api.w.org\/{rel}","templated":true}]}}