{"id":5474,"date":"2016-06-17T21:00:46","date_gmt":"2016-06-17T19:00:46","guid":{"rendered":"http:\/\/universanimalier.com\/?post_type=product&#038;p=5474"},"modified":"2026-01-02T10:16:05","modified_gmt":"2026-01-02T09:16:05","slug":"jean-peau-spray-demelant","status":"publish","type":"product","link":"https:\/\/universanimalier.com\/en\/boutique\/jean-peau-spray-demelant\/","title":{"rendered":"Jean Peau - Detangling spray"},"content":{"rendered":"<p><span style=\"color: #ff99cc;\">\u2665 Jean Skin \u2665<\/span><\/p>\n<p>Spray to spray on dry or damp hair. Gives shine and facilitates brushing.<\/p>\n<p>This product will make the hair soft and silky \ud83d\ude42<\/p>\n<p>200 ml.<\/p>","protected":false},"excerpt":{"rendered":"<p><span style=\"color: #ff99cc;\">\u2665 Jean Skin \u2665<\/span><\/p>\n<p>Spray to spray on dry or damp hair. Gives shine and facilitates brushing.<\/p>\n<p>This product will make the hair soft and silky \ud83d\ude42<\/p>\n<p>200 ml.<\/p>","protected":false},"featured_media":5458,"template":"","meta":[],"product_brand":[],"product_cat":[9286,5140,5141,43],"product_tag":[581,592],"class_list":{"0":"post-5474","1":"product","2":"type-product","3":"status-publish","4":"has-post-thumbnail","6":"product_cat-articles-non-soldes","7":"product_cat-beaute-et-soin","8":"product_cat-shampoings","9":"product_cat-accessoires","10":"product_tag-jean-peau","11":"product_tag-spray","13":"first","14":"instock","15":"shipping-taxable","16":"purchasable","17":"product-type-simple"},"yoast_head":"<!-- This site is optimized with the Yoast SEO plugin v25.5 - https:\/\/yoast.com\/wordpress\/plugins\/seo\/ -->\n<title>Jean Peau - Spray d\u00e9m\u00ealant - L&#039;univers Animalier<\/title>\n<meta name=\"description\" content=\"Jean Peau - Spray d\u00e9m\u00ealant pour chien\" \/>\n<meta name=\"robots\" content=\"index, follow, max-snippet:-1, max-image-preview:large, max-video-preview:-1\" \/>\n<link rel=\"canonical\" href=\"https:\/\/universanimalier.com\/en\/boutique\/jean-peau-spray-demelant\/\" \/>\n<meta property=\"og:locale\" content=\"en_US\" \/>\n<meta property=\"og:type\" content=\"article\" \/>\n<meta property=\"og:title\" content=\"Jean Peau - Spray d\u00e9m\u00ealant - L&#039;univers Animalier\" \/>\n<meta property=\"og:description\" content=\"Jean Peau - Spray d\u00e9m\u00ealant pour chien\" \/>\n<meta property=\"og:url\" content=\"https:\/\/universanimalier.com\/en\/boutique\/jean-peau-spray-demelant\/\" \/>\n<meta property=\"og:site_name\" content=\"L&#039;univers Animalier\" \/>\n<meta property=\"article:publisher\" content=\"https:\/\/www.facebook.com\/lunivers.animalier\" \/>\n<meta property=\"article:modified_time\" content=\"2026-01-02T09:16:05+00:00\" \/>\n<meta property=\"og:image\" content=\"https:\/\/universanimalier.com\/wp-content\/uploads\/2016\/06\/thumb_IMG_6230_1024.jpg\" \/>\n\t<meta property=\"og:image:width\" content=\"1024\" \/>\n\t<meta property=\"og:image:height\" content=\"1024\" \/>\n\t<meta property=\"og:image:type\" content=\"image\/jpeg\" \/>\n<meta name=\"twitter:card\" content=\"summary_large_image\" \/>\n<meta name=\"twitter:label1\" content=\"Est. reading time\" \/>\n\t<meta name=\"twitter:data1\" content=\"1 minute\" \/>\n<script type=\"application\/ld+json\" class=\"yoast-schema-graph\">{\"@context\":\"https:\/\/schema.org\",\"@graph\":[{\"@type\":\"WebPage\",\"@id\":\"https:\/\/universanimalier.com\/boutique\/jean-peau-spray-demelant\/\",\"url\":\"https:\/\/universanimalier.com\/boutique\/jean-peau-spray-demelant\/\",\"name\":\"Jean Peau - Spray d\u00e9m\u00ealant - L&#039;univers Animalier\",\"isPartOf\":{\"@id\":\"https:\/\/wip.universanimalier.com\/#website\"},\"primaryImageOfPage\":{\"@id\":\"https:\/\/universanimalier.com\/boutique\/jean-peau-spray-demelant\/#primaryimage\"},\"image\":{\"@id\":\"https:\/\/universanimalier.com\/boutique\/jean-peau-spray-demelant\/#primaryimage\"},\"thumbnailUrl\":\"https:\/\/universanimalier.com\/wp-content\/uploads\/2016\/06\/thumb_IMG_6230_1024.jpg\",\"datePublished\":\"2016-06-17T19:00:46+00:00\",\"dateModified\":\"2026-01-02T09:16:05+00:00\",\"description\":\"Jean Peau - Spray d\u00e9m\u00ealant pour chien\",\"breadcrumb\":{\"@id\":\"https:\/\/universanimalier.com\/boutique\/jean-peau-spray-demelant\/#breadcrumb\"},\"inLanguage\":\"en-US\",\"potentialAction\":[{\"@type\":\"ReadAction\",\"target\":[\"https:\/\/universanimalier.com\/boutique\/jean-peau-spray-demelant\/\"]}]},{\"@type\":\"ImageObject\",\"inLanguage\":\"en-US\",\"@id\":\"https:\/\/universanimalier.com\/boutique\/jean-peau-spray-demelant\/#primaryimage\",\"url\":\"https:\/\/universanimalier.com\/wp-content\/uploads\/2016\/06\/thumb_IMG_6230_1024.jpg\",\"contentUrl\":\"https:\/\/universanimalier.com\/wp-content\/uploads\/2016\/06\/thumb_IMG_6230_1024.jpg\",\"width\":1024,\"height\":1024},{\"@type\":\"BreadcrumbList\",\"@id\":\"https:\/\/universanimalier.com\/boutique\/jean-peau-spray-demelant\/#breadcrumb\",\"itemListElement\":[{\"@type\":\"ListItem\",\"position\":1,\"name\":\"Accueil\",\"item\":\"https:\/\/wip.universanimalier.com\/\"},{\"@type\":\"ListItem\",\"position\":2,\"name\":\"Boutique\",\"item\":\"https:\/\/wip.universanimalier.com\/boutique\/\"},{\"@type\":\"ListItem\",\"position\":3,\"name\":\"Jean Peau &#8211; Spray d\u00e9m\u00ealant\"}]},{\"@type\":\"WebSite\",\"@id\":\"https:\/\/wip.universanimalier.com\/#website\",\"url\":\"https:\/\/wip.universanimalier.com\/\",\"name\":\"L'univers Animalier\",\"description\":\"Le paradis des chiens g\u00e2t\u00e9s !\",\"publisher\":{\"@id\":\"https:\/\/wip.universanimalier.com\/#organization\"},\"potentialAction\":[{\"@type\":\"SearchAction\",\"target\":{\"@type\":\"EntryPoint\",\"urlTemplate\":\"https:\/\/wip.universanimalier.com\/?s={search_term_string}\"},\"query-input\":{\"@type\":\"PropertyValueSpecification\",\"valueRequired\":true,\"valueName\":\"search_term_string\"}}],\"inLanguage\":\"en-US\"},{\"@type\":\"Organization\",\"@id\":\"https:\/\/wip.universanimalier.com\/#organization\",\"name\":\"L'univers Animalier\",\"url\":\"https:\/\/wip.universanimalier.com\/\",\"logo\":{\"@type\":\"ImageObject\",\"inLanguage\":\"en-US\",\"@id\":\"https:\/\/wip.universanimalier.com\/#\/schema\/logo\/image\/\",\"url\":\"https:\/\/universanimalier.com\/wp-content\/uploads\/2021\/06\/logo.jpg\",\"contentUrl\":\"https:\/\/universanimalier.com\/wp-content\/uploads\/2021\/06\/logo.jpg\",\"width\":800,\"height\":200,\"caption\":\"L'univers Animalier\"},\"image\":{\"@id\":\"https:\/\/wip.universanimalier.com\/#\/schema\/logo\/image\/\"},\"sameAs\":[\"https:\/\/www.facebook.com\/lunivers.animalier\"]}]}<\/script>\n<!-- \/ Yoast SEO plugin. -->","yoast_head_json":{"title":"Jean Peau - Spray d\u00e9m\u00ealant - L&#039;univers Animalier","description":"Jean Peau - Spray d\u00e9m\u00ealant pour chien","robots":{"index":"index","follow":"follow","max-snippet":"max-snippet:-1","max-image-preview":"max-image-preview:large","max-video-preview":"max-video-preview:-1"},"canonical":"https:\/\/universanimalier.com\/en\/boutique\/jean-peau-spray-demelant\/","og_locale":"en_US","og_type":"article","og_title":"Jean Peau - Spray d\u00e9m\u00ealant - L&#039;univers Animalier","og_description":"Jean Peau - Spray d\u00e9m\u00ealant pour chien","og_url":"https:\/\/universanimalier.com\/en\/boutique\/jean-peau-spray-demelant\/","og_site_name":"L&#039;univers Animalier","article_publisher":"https:\/\/www.facebook.com\/lunivers.animalier","article_modified_time":"2026-01-02T09:16:05+00:00","og_image":[{"width":1024,"height":1024,"url":"https:\/\/universanimalier.com\/wp-content\/uploads\/2016\/06\/thumb_IMG_6230_1024.jpg","type":"image\/jpeg"}],"twitter_card":"summary_large_image","twitter_misc":{"Est. reading time":"1 minute"},"schema":{"@context":"https:\/\/schema.org","@graph":[{"@type":"WebPage","@id":"https:\/\/universanimalier.com\/boutique\/jean-peau-spray-demelant\/","url":"https:\/\/universanimalier.com\/boutique\/jean-peau-spray-demelant\/","name":"Jean Peau - Spray d\u00e9m\u00ealant - L&#039;univers Animalier","isPartOf":{"@id":"https:\/\/wip.universanimalier.com\/#website"},"primaryImageOfPage":{"@id":"https:\/\/universanimalier.com\/boutique\/jean-peau-spray-demelant\/#primaryimage"},"image":{"@id":"https:\/\/universanimalier.com\/boutique\/jean-peau-spray-demelant\/#primaryimage"},"thumbnailUrl":"https:\/\/universanimalier.com\/wp-content\/uploads\/2016\/06\/thumb_IMG_6230_1024.jpg","datePublished":"2016-06-17T19:00:46+00:00","dateModified":"2026-01-02T09:16:05+00:00","description":"Jean Peau - Spray d\u00e9m\u00ealant pour chien","breadcrumb":{"@id":"https:\/\/universanimalier.com\/boutique\/jean-peau-spray-demelant\/#breadcrumb"},"inLanguage":"en-US","potentialAction":[{"@type":"ReadAction","target":["https:\/\/universanimalier.com\/boutique\/jean-peau-spray-demelant\/"]}]},{"@type":"ImageObject","inLanguage":"en-US","@id":"https:\/\/universanimalier.com\/boutique\/jean-peau-spray-demelant\/#primaryimage","url":"https:\/\/universanimalier.com\/wp-content\/uploads\/2016\/06\/thumb_IMG_6230_1024.jpg","contentUrl":"https:\/\/universanimalier.com\/wp-content\/uploads\/2016\/06\/thumb_IMG_6230_1024.jpg","width":1024,"height":1024},{"@type":"BreadcrumbList","@id":"https:\/\/universanimalier.com\/boutique\/jean-peau-spray-demelant\/#breadcrumb","itemListElement":[{"@type":"ListItem","position":1,"name":"Accueil","item":"https:\/\/wip.universanimalier.com\/"},{"@type":"ListItem","position":2,"name":"Boutique","item":"https:\/\/wip.universanimalier.com\/boutique\/"},{"@type":"ListItem","position":3,"name":"Jean Peau &#8211; Spray d\u00e9m\u00ealant"}]},{"@type":"WebSite","@id":"https:\/\/wip.universanimalier.com\/#website","url":"https:\/\/wip.universanimalier.com\/","name":"L'univers Animalier","description":"A paradise for spoiled dogs!","publisher":{"@id":"https:\/\/wip.universanimalier.com\/#organization"},"potentialAction":[{"@type":"SearchAction","target":{"@type":"EntryPoint","urlTemplate":"https:\/\/wip.universanimalier.com\/?s={search_term_string}"},"query-input":{"@type":"PropertyValueSpecification","valueRequired":true,"valueName":"search_term_string"}}],"inLanguage":"en-US"},{"@type":"Organization","@id":"https:\/\/wip.universanimalier.com\/#organization","name":"L'univers Animalier","url":"https:\/\/wip.universanimalier.com\/","logo":{"@type":"ImageObject","inLanguage":"en-US","@id":"https:\/\/wip.universanimalier.com\/#\/schema\/logo\/image\/","url":"https:\/\/universanimalier.com\/wp-content\/uploads\/2021\/06\/logo.jpg","contentUrl":"https:\/\/universanimalier.com\/wp-content\/uploads\/2021\/06\/logo.jpg","width":800,"height":200,"caption":"L'univers Animalier"},"image":{"@id":"https:\/\/wip.universanimalier.com\/#\/schema\/logo\/image\/"},"sameAs":["https:\/\/www.facebook.com\/lunivers.animalier"]}]}},"_links":{"self":[{"href":"https:\/\/universanimalier.com\/en\/wp-json\/wp\/v2\/product\/5474"}],"collection":[{"href":"https:\/\/universanimalier.com\/en\/wp-json\/wp\/v2\/product"}],"about":[{"href":"https:\/\/universanimalier.com\/en\/wp-json\/wp\/v2\/types\/product"}],"wp:featuredmedia":[{"embeddable":true,"href":"https:\/\/universanimalier.com\/en\/wp-json\/wp\/v2\/media\/5458"}],"wp:attachment":[{"href":"https:\/\/universanimalier.com\/en\/wp-json\/wp\/v2\/media?parent=5474"}],"wp:term":[{"taxonomy":"product_brand","embeddable":true,"href":"https:\/\/universanimalier.com\/en\/wp-json\/wp\/v2\/product_brand?post=5474"},{"taxonomy":"product_cat","embeddable":true,"href":"https:\/\/universanimalier.com\/en\/wp-json\/wp\/v2\/product_cat?post=5474"},{"taxonomy":"product_tag","embeddable":true,"href":"https:\/\/universanimalier.com\/en\/wp-json\/wp\/v2\/product_tag?post=5474"}],"curies":[{"name":"wp","href":"https:\/\/api.w.org\/{rel}","templated":true}]}}