{"id":55230,"date":"2024-05-19T21:16:11","date_gmt":"2024-05-19T19:16:11","guid":{"rendered":"https:\/\/universanimalier.com\/?post_type=product&#038;p=55230"},"modified":"2025-08-07T07:48:05","modified_gmt":"2025-08-07T05:48:05","slug":"curli-harnais-clasp-air-mesh-guacamole-limited","status":"publish","type":"product","link":"https:\/\/universanimalier.com\/en\/boutique\/curli-harnais-clasp-air-mesh-guacamole-limited\/","title":{"rendered":"Curli \u2013 Clasp Air Mesh Guacamole Harness (limited)"},"content":{"rendered":"<p>Limited edition Curli Clasp Air Mesh harness.<\/p>\n<p>Function &amp; design<\/p>\n<ul>\n<li>AIR MESH: Ultra-light, breathable air mesh material for maximum comfort<\/li>\n<li>With cooling effect: The harness cools the dog when the harness is immersed in water, as the water accumulated between the fabrics acts as a heat exchanger \u2013 ideal for hot summer days<\/li>\n<li>curli CLASP: comfortable and stress-free leash attachment according to the CLICK.SNAP.GO principle.<\/li>\n<li>Ultra-strong, ultra-light, color-matched material that easily withstands tensile loads of up to 100 kg<\/li>\n<li>3-D COMFORT FIT: significantly improved ergonomics and optimized fit thanks to the new 3-D Comfort Fit cut model and new size scale<\/li>\n<li>Perfect tension distribution thanks to strips integrated into the harness seams and a higher traction grip<\/li>\n<li>Zigzag stitching for flexible tension distribution<\/li>\n<li>Adjustable waist with velcro to fit body shape<\/li>\n<li>Thanks to the padded buckle there are no pressure points<\/li>\n<li>curli SAFETY: reflective elements on the neck; additional safety in the dark<\/li>\n<\/ul>\n<p><span style=\"color: #ff0000;\"><em>Size guide: see last photo.<\/em><\/span><\/p>","protected":false},"excerpt":{"rendered":"<p>Limited edition Curli Clasp Air Mesh harness.<\/p>\n<p>Function &amp; design<\/p>\n<ul>\n<li>AIR MESH: Ultra-light, breathable air mesh material for maximum comfort<\/li>\n<li>With cooling effect: The harness cools the dog when the harness is immersed in water, as the water accumulated between the fabrics acts as a heat exchanger \u2013 ideal for hot summer days<\/li>\n<li>curli CLASP: comfortable and stress-free leash attachment according to the CLICK.SNAP.GO principle.<\/li>\n<li>Ultra-strong, ultra-light, color-matched material that easily withstands tensile loads of up to 100 kg<\/li>\n<li>3-D COMFORT FIT: significantly improved ergonomics and optimized fit thanks to the new 3-D Comfort Fit cut model and new size scale<\/li>\n<li>Perfect tension distribution thanks to strips integrated into the harness seams and a higher traction grip<\/li>\n<li>Zigzag stitching for flexible tension distribution<\/li>\n<li>Adjustable waist with velcro to fit body shape<\/li>\n<li>Thanks to the padded buckle there are no pressure points<\/li>\n<li>curli SAFETY: reflective elements on the neck; additional safety in the dark<\/li>\n<li>Available in sky blue, medium blue, pale pink and light green<\/li>\n<\/ul>\n<p><span style=\"color: #ff0000;\"><em>Size guide: see last photo.<\/em><\/span><\/p>\n<p>D&rsquo;autres coloris sont disponibles en boutique, pour petits, moyens et grands chiens. N&rsquo;h\u00e9sitez pas \u00e0 nous \u00e9crire.<\/p>","protected":false},"featured_media":55118,"template":"","meta":[],"product_brand":[],"product_cat":[5134,1659,52,15],"product_tag":[8466,8469,8470,228,8471,8473,8474,8467,8468,7816],"class_list":{"0":"post-55230","1":"product","2":"type-product","3":"status-publish","4":"has-post-thumbnail","6":"product_cat-en-balade","7":"product_cat-manteaux","8":"product_cat-harnais","9":"product_cat-dressing","10":"product_tag-curli","11":"product_tag-curli-harnais-clasp-air-mesh-airblue-limited","12":"product_tag-curli-edition-limitee","13":"product_tag-harnais","14":"product_tag-harnais-clasp-air-mesh-curli","15":"product_tag-harnais-clasp-air-mesh-fondant-pink","16":"product_tag-harnais-clasp-air-mesh-guacamole","17":"product_tag-harnais-curli","18":"product_tag-harnais-curli-printemps","19":"product_tag-harnais-facon-petite-veste","21":"first","22":"instock","23":"featured","24":"shipping-taxable","25":"purchasable","26":"product-type-variable"},"yoast_head":"<!-- This site is optimized with the Yoast SEO plugin v25.5 - https:\/\/yoast.com\/wordpress\/plugins\/seo\/ -->\n<title>Curli - Harnais Clasp Air Mesh Guacamole (limited) - L&#039;univers Animalier<\/title>\n<meta name=\"description\" content=\"Curli - Harnais Clasp Air Mesh Guacamole (limited)\" \/>\n<meta name=\"robots\" content=\"index, follow, max-snippet:-1, max-image-preview:large, max-video-preview:-1\" \/>\n<link rel=\"canonical\" href=\"https:\/\/universanimalier.com\/en\/boutique\/curli-harnais-clasp-air-mesh-guacamole-limited\/\" \/>\n<meta property=\"og:locale\" content=\"en_US\" \/>\n<meta property=\"og:type\" content=\"article\" \/>\n<meta property=\"og:title\" content=\"Curli - Harnais Clasp Air Mesh Guacamole (limited) - L&#039;univers Animalier\" \/>\n<meta property=\"og:description\" content=\"Curli - Harnais Clasp Air Mesh Guacamole (limited)\" \/>\n<meta property=\"og:url\" content=\"https:\/\/universanimalier.com\/en\/boutique\/curli-harnais-clasp-air-mesh-guacamole-limited\/\" \/>\n<meta property=\"og:site_name\" content=\"L&#039;univers Animalier\" \/>\n<meta property=\"article:publisher\" content=\"https:\/\/www.facebook.com\/lunivers.animalier\" \/>\n<meta property=\"article:modified_time\" content=\"2025-08-07T05:48:05+00:00\" \/>\n<meta property=\"og:image\" content=\"https:\/\/universanimalier.com\/wp-content\/uploads\/2024\/04\/IMG_0399.jpeg\" \/>\n\t<meta property=\"og:image:width\" content=\"720\" \/>\n\t<meta property=\"og:image:height\" content=\"720\" \/>\n\t<meta property=\"og:image:type\" content=\"image\/jpeg\" \/>\n<meta name=\"twitter:card\" content=\"summary_large_image\" \/>\n<meta name=\"twitter:label1\" content=\"Est. reading time\" \/>\n\t<meta name=\"twitter:data1\" content=\"2 minutes\" \/>\n<script type=\"application\/ld+json\" class=\"yoast-schema-graph\">{\"@context\":\"https:\/\/schema.org\",\"@graph\":[{\"@type\":\"WebPage\",\"@id\":\"https:\/\/universanimalier.com\/boutique\/curli-harnais-clasp-air-mesh-guacamole-limited\/\",\"url\":\"https:\/\/universanimalier.com\/boutique\/curli-harnais-clasp-air-mesh-guacamole-limited\/\",\"name\":\"Curli - Harnais Clasp Air Mesh Guacamole (limited) - L&#039;univers Animalier\",\"isPartOf\":{\"@id\":\"https:\/\/wip.universanimalier.com\/#website\"},\"primaryImageOfPage\":{\"@id\":\"https:\/\/universanimalier.com\/boutique\/curli-harnais-clasp-air-mesh-guacamole-limited\/#primaryimage\"},\"image\":{\"@id\":\"https:\/\/universanimalier.com\/boutique\/curli-harnais-clasp-air-mesh-guacamole-limited\/#primaryimage\"},\"thumbnailUrl\":\"https:\/\/universanimalier.com\/wp-content\/uploads\/2024\/04\/IMG_0399.jpeg\",\"datePublished\":\"2024-05-19T19:16:11+00:00\",\"dateModified\":\"2025-08-07T05:48:05+00:00\",\"description\":\"Curli - Harnais Clasp Air Mesh Guacamole (limited)\",\"breadcrumb\":{\"@id\":\"https:\/\/universanimalier.com\/boutique\/curli-harnais-clasp-air-mesh-guacamole-limited\/#breadcrumb\"},\"inLanguage\":\"en-US\",\"potentialAction\":[{\"@type\":\"ReadAction\",\"target\":[\"https:\/\/universanimalier.com\/boutique\/curli-harnais-clasp-air-mesh-guacamole-limited\/\"]}]},{\"@type\":\"ImageObject\",\"inLanguage\":\"en-US\",\"@id\":\"https:\/\/universanimalier.com\/boutique\/curli-harnais-clasp-air-mesh-guacamole-limited\/#primaryimage\",\"url\":\"https:\/\/universanimalier.com\/wp-content\/uploads\/2024\/04\/IMG_0399.jpeg\",\"contentUrl\":\"https:\/\/universanimalier.com\/wp-content\/uploads\/2024\/04\/IMG_0399.jpeg\",\"width\":720,\"height\":720},{\"@type\":\"BreadcrumbList\",\"@id\":\"https:\/\/universanimalier.com\/boutique\/curli-harnais-clasp-air-mesh-guacamole-limited\/#breadcrumb\",\"itemListElement\":[{\"@type\":\"ListItem\",\"position\":1,\"name\":\"Accueil\",\"item\":\"https:\/\/wip.universanimalier.com\/\"},{\"@type\":\"ListItem\",\"position\":2,\"name\":\"Boutique\",\"item\":\"https:\/\/wip.universanimalier.com\/boutique\/\"},{\"@type\":\"ListItem\",\"position\":3,\"name\":\"Curli &#8211; Harnais Clasp Air Mesh Guacamole (limited)\"}]},{\"@type\":\"WebSite\",\"@id\":\"https:\/\/wip.universanimalier.com\/#website\",\"url\":\"https:\/\/wip.universanimalier.com\/\",\"name\":\"L'univers Animalier\",\"description\":\"Le paradis des chiens g\u00e2t\u00e9s !\",\"publisher\":{\"@id\":\"https:\/\/wip.universanimalier.com\/#organization\"},\"potentialAction\":[{\"@type\":\"SearchAction\",\"target\":{\"@type\":\"EntryPoint\",\"urlTemplate\":\"https:\/\/wip.universanimalier.com\/?s={search_term_string}\"},\"query-input\":{\"@type\":\"PropertyValueSpecification\",\"valueRequired\":true,\"valueName\":\"search_term_string\"}}],\"inLanguage\":\"en-US\"},{\"@type\":\"Organization\",\"@id\":\"https:\/\/wip.universanimalier.com\/#organization\",\"name\":\"L'univers Animalier\",\"url\":\"https:\/\/wip.universanimalier.com\/\",\"logo\":{\"@type\":\"ImageObject\",\"inLanguage\":\"en-US\",\"@id\":\"https:\/\/wip.universanimalier.com\/#\/schema\/logo\/image\/\",\"url\":\"https:\/\/universanimalier.com\/wp-content\/uploads\/2021\/06\/logo.jpg\",\"contentUrl\":\"https:\/\/universanimalier.com\/wp-content\/uploads\/2021\/06\/logo.jpg\",\"width\":800,\"height\":200,\"caption\":\"L'univers Animalier\"},\"image\":{\"@id\":\"https:\/\/wip.universanimalier.com\/#\/schema\/logo\/image\/\"},\"sameAs\":[\"https:\/\/www.facebook.com\/lunivers.animalier\"]}]}<\/script>\n<!-- \/ Yoast SEO plugin. -->","yoast_head_json":{"title":"Curli - Harnais Clasp Air Mesh Guacamole (limited) - L&#039;univers Animalier","description":"Curli - Harnais Clasp Air Mesh Guacamole (limited)","robots":{"index":"index","follow":"follow","max-snippet":"max-snippet:-1","max-image-preview":"max-image-preview:large","max-video-preview":"max-video-preview:-1"},"canonical":"https:\/\/universanimalier.com\/en\/boutique\/curli-harnais-clasp-air-mesh-guacamole-limited\/","og_locale":"en_US","og_type":"article","og_title":"Curli - Harnais Clasp Air Mesh Guacamole (limited) - L&#039;univers Animalier","og_description":"Curli - Harnais Clasp Air Mesh Guacamole (limited)","og_url":"https:\/\/universanimalier.com\/en\/boutique\/curli-harnais-clasp-air-mesh-guacamole-limited\/","og_site_name":"L&#039;univers Animalier","article_publisher":"https:\/\/www.facebook.com\/lunivers.animalier","article_modified_time":"2025-08-07T05:48:05+00:00","og_image":[{"width":720,"height":720,"url":"https:\/\/universanimalier.com\/wp-content\/uploads\/2024\/04\/IMG_0399.jpeg","type":"image\/jpeg"}],"twitter_card":"summary_large_image","twitter_misc":{"Est. reading time":"2 minutes"},"schema":{"@context":"https:\/\/schema.org","@graph":[{"@type":"WebPage","@id":"https:\/\/universanimalier.com\/boutique\/curli-harnais-clasp-air-mesh-guacamole-limited\/","url":"https:\/\/universanimalier.com\/boutique\/curli-harnais-clasp-air-mesh-guacamole-limited\/","name":"Curli - Harnais Clasp Air Mesh Guacamole (limited) - L&#039;univers Animalier","isPartOf":{"@id":"https:\/\/wip.universanimalier.com\/#website"},"primaryImageOfPage":{"@id":"https:\/\/universanimalier.com\/boutique\/curli-harnais-clasp-air-mesh-guacamole-limited\/#primaryimage"},"image":{"@id":"https:\/\/universanimalier.com\/boutique\/curli-harnais-clasp-air-mesh-guacamole-limited\/#primaryimage"},"thumbnailUrl":"https:\/\/universanimalier.com\/wp-content\/uploads\/2024\/04\/IMG_0399.jpeg","datePublished":"2024-05-19T19:16:11+00:00","dateModified":"2025-08-07T05:48:05+00:00","description":"Curli - Harnais Clasp Air Mesh Guacamole (limited)","breadcrumb":{"@id":"https:\/\/universanimalier.com\/boutique\/curli-harnais-clasp-air-mesh-guacamole-limited\/#breadcrumb"},"inLanguage":"en-US","potentialAction":[{"@type":"ReadAction","target":["https:\/\/universanimalier.com\/boutique\/curli-harnais-clasp-air-mesh-guacamole-limited\/"]}]},{"@type":"ImageObject","inLanguage":"en-US","@id":"https:\/\/universanimalier.com\/boutique\/curli-harnais-clasp-air-mesh-guacamole-limited\/#primaryimage","url":"https:\/\/universanimalier.com\/wp-content\/uploads\/2024\/04\/IMG_0399.jpeg","contentUrl":"https:\/\/universanimalier.com\/wp-content\/uploads\/2024\/04\/IMG_0399.jpeg","width":720,"height":720},{"@type":"BreadcrumbList","@id":"https:\/\/universanimalier.com\/boutique\/curli-harnais-clasp-air-mesh-guacamole-limited\/#breadcrumb","itemListElement":[{"@type":"ListItem","position":1,"name":"Accueil","item":"https:\/\/wip.universanimalier.com\/"},{"@type":"ListItem","position":2,"name":"Boutique","item":"https:\/\/wip.universanimalier.com\/boutique\/"},{"@type":"ListItem","position":3,"name":"Curli &#8211; Harnais Clasp Air Mesh Guacamole (limited)"}]},{"@type":"WebSite","@id":"https:\/\/wip.universanimalier.com\/#website","url":"https:\/\/wip.universanimalier.com\/","name":"L'univers Animalier","description":"A paradise for spoiled dogs!","publisher":{"@id":"https:\/\/wip.universanimalier.com\/#organization"},"potentialAction":[{"@type":"SearchAction","target":{"@type":"EntryPoint","urlTemplate":"https:\/\/wip.universanimalier.com\/?s={search_term_string}"},"query-input":{"@type":"PropertyValueSpecification","valueRequired":true,"valueName":"search_term_string"}}],"inLanguage":"en-US"},{"@type":"Organization","@id":"https:\/\/wip.universanimalier.com\/#organization","name":"L'univers Animalier","url":"https:\/\/wip.universanimalier.com\/","logo":{"@type":"ImageObject","inLanguage":"en-US","@id":"https:\/\/wip.universanimalier.com\/#\/schema\/logo\/image\/","url":"https:\/\/universanimalier.com\/wp-content\/uploads\/2021\/06\/logo.jpg","contentUrl":"https:\/\/universanimalier.com\/wp-content\/uploads\/2021\/06\/logo.jpg","width":800,"height":200,"caption":"L'univers Animalier"},"image":{"@id":"https:\/\/wip.universanimalier.com\/#\/schema\/logo\/image\/"},"sameAs":["https:\/\/www.facebook.com\/lunivers.animalier"]}]}},"_links":{"self":[{"href":"https:\/\/universanimalier.com\/en\/wp-json\/wp\/v2\/product\/55230"}],"collection":[{"href":"https:\/\/universanimalier.com\/en\/wp-json\/wp\/v2\/product"}],"about":[{"href":"https:\/\/universanimalier.com\/en\/wp-json\/wp\/v2\/types\/product"}],"wp:featuredmedia":[{"embeddable":true,"href":"https:\/\/universanimalier.com\/en\/wp-json\/wp\/v2\/media\/55118"}],"wp:attachment":[{"href":"https:\/\/universanimalier.com\/en\/wp-json\/wp\/v2\/media?parent=55230"}],"wp:term":[{"taxonomy":"product_brand","embeddable":true,"href":"https:\/\/universanimalier.com\/en\/wp-json\/wp\/v2\/product_brand?post=55230"},{"taxonomy":"product_cat","embeddable":true,"href":"https:\/\/universanimalier.com\/en\/wp-json\/wp\/v2\/product_cat?post=55230"},{"taxonomy":"product_tag","embeddable":true,"href":"https:\/\/universanimalier.com\/en\/wp-json\/wp\/v2\/product_tag?post=55230"}],"curies":[{"name":"wp","href":"https:\/\/api.w.org\/{rel}","templated":true}]}}