{"id":55315,"date":"2024-05-26T08:54:38","date_gmt":"2024-05-26T06:54:38","guid":{"rendered":"https:\/\/universanimalier.com\/?post_type=product&#038;p=55315"},"modified":"2025-04-26T07:29:25","modified_gmt":"2025-04-26T05:29:25","slug":"transat","status":"publish","type":"product","link":"https:\/\/universanimalier.com\/en\/boutique\/transat\/","title":{"rendered":"Dog lounger"},"content":{"rendered":"<p>Light and breathable: the comfortable lounger for hot days.<\/p>\n<p class=\"fliestextblocksatz\">La chaise longue robuste pour chien est un compagnon id\u00e9al pour les journ\u00e9es chaudes, que ce soit en camping, lors d&rsquo;excursions dans la nature ou lors d&rsquo;apr\u00e8s-midi de d\u00e9tente dans le jardin. Le tissu maill\u00e9 int\u00e9gr\u00e9 assure une circulation d&rsquo;air agr\u00e9able et un rafra\u00eechissement. La position sur\u00e9lev\u00e9e prot\u00e8ge des surfaces chaudes, froides ou sales et r\u00e9duit le contact avec les insectes et les animaux rampants qui y vivent.<br \/>\nLe cadre m\u00e9tallique robuste peut \u00eatre facilement pli\u00e9, rang\u00e9 pour gagner de la place et transport\u00e9 confortablement \u00e0 l&rsquo;aide de la poign\u00e9e de transport. La housse hydrofuge de la chaise longue peut \u00eatre facilement nettoy\u00e9e et enlev\u00e9e, ce qui permet un nettoyage ais\u00e9.<\/p>\n<ul>\n<li>with a stable metal frame, powder-coated<\/li>\n<li>the mesh fabric provides a pleasant cooling effect on hot days<\/li>\n<li>foldable and space-saving item<\/li>\n<li>with handles<\/li>\n<li>removable cover<\/li>\n<li>with rubber feet<\/li>\n<\/ul>\n<p><span style=\"color: #282828;\"><span style=\"caret-color: #282828;\">Several sizes available:<\/span><\/span><\/p>\n<ul>\n<li>79 x 19 x 50 cm<\/li>\n<li>120 x 19 x 70 cm<\/li>\n<\/ul>","protected":false},"excerpt":{"rendered":"<p>Light and breathable: the comfortable lounger for hot days.<\/p>\n<p class=\"fliestextblocksatz\">La chaise longue robuste pour chien est un compagnon id\u00e9al pour les journ\u00e9es chaudes, que ce soit en camping, lors d&rsquo;excursions dans la nature ou lors d&rsquo;apr\u00e8s-midi de d\u00e9tente dans le jardin. Le tissu maill\u00e9 int\u00e9gr\u00e9 assure une circulation d&rsquo;air agr\u00e9able et un rafra\u00eechissement. La position sur\u00e9lev\u00e9e prot\u00e8ge des surfaces chaudes, froides ou sales et r\u00e9duit le contact avec les insectes et les animaux rampants qui y vivent.<br \/>\nLe cadre m\u00e9tallique robuste peut \u00eatre facilement pli\u00e9, rang\u00e9 pour gagner de la place et transport\u00e9 confortablement \u00e0 l&rsquo;aide de la poign\u00e9e de transport. La housse hydrofuge de la chaise longue peut \u00eatre facilement nettoy\u00e9e et enlev\u00e9e, ce qui permet un nettoyage ais\u00e9.<\/p>\n<ul>\n<li>with a stable metal frame, powder-coated<\/li>\n<li>the mesh fabric provides a pleasant cooling effect on hot days<\/li>\n<li>foldable and space-saving item<\/li>\n<li>with handles<\/li>\n<li>removable cover<\/li>\n<li>with rubber feet<\/li>\n<\/ul>\n<p><span style=\"color: #282828;\"><span style=\"caret-color: #282828;\">Several sizes available:<\/span><\/span><\/p>\n<ul>\n<li>79 x 19 x 50 cm &#8211; supporte jusqu&rsquo;\u00e0 15 kg<\/li>\n<li>120 x 19 x 70 cm &#8211; supporte jusqu&rsquo;\u00e0 35 kg<\/li>\n<\/ul>","protected":false},"featured_media":55286,"template":"","meta":[],"product_brand":[],"product_cat":[3937,3975,24,26],"product_tag":[8486,3913,2387,3914,8487,8485],"class_list":{"0":"post-55315","1":"product","2":"type-product","3":"status-publish","4":"has-post-thumbnail","6":"product_cat-cooling-produits-rafraichissants","7":"product_cat-tapis","8":"product_cat-a-la-maison","9":"product_cat-paniers","10":"product_tag-chaise-longue-pour-chien","11":"product_tag-tapis-pour-chien","12":"product_tag-tapis-rafraichissant","13":"product_tag-tapis-rafraichissant-pour-chien","14":"product_tag-transat-dete-pour-chien","15":"product_tag-transat-pour-chien","17":"first","18":"instock","19":"shipping-taxable","20":"purchasable","21":"product-type-variable"},"yoast_head":"<!-- This site is optimized with the Yoast SEO plugin v25.5 - https:\/\/yoast.com\/wordpress\/plugins\/seo\/ -->\n<title>Transat pour chien - L&#039;univers Animalier<\/title>\n<meta name=\"description\" content=\"Transat pour chien\" \/>\n<meta name=\"robots\" content=\"index, follow, max-snippet:-1, max-image-preview:large, max-video-preview:-1\" \/>\n<link rel=\"canonical\" href=\"https:\/\/universanimalier.com\/en\/boutique\/transat\/\" \/>\n<meta property=\"og:locale\" content=\"en_US\" \/>\n<meta property=\"og:type\" content=\"article\" \/>\n<meta property=\"og:title\" content=\"Transat pour chien - L&#039;univers Animalier\" \/>\n<meta property=\"og:description\" content=\"Transat pour chien\" \/>\n<meta property=\"og:url\" content=\"https:\/\/universanimalier.com\/en\/boutique\/transat\/\" \/>\n<meta property=\"og:site_name\" content=\"L&#039;univers Animalier\" \/>\n<meta property=\"article:publisher\" content=\"https:\/\/www.facebook.com\/lunivers.animalier\" \/>\n<meta property=\"article:modified_time\" content=\"2025-04-26T05:29:25+00:00\" \/>\n<meta property=\"og:image\" content=\"https:\/\/universanimalier.com\/wp-content\/uploads\/2024\/05\/IMG_1217.jpeg\" \/>\n\t<meta property=\"og:image:width\" content=\"640\" \/>\n\t<meta property=\"og:image:height\" content=\"640\" \/>\n\t<meta property=\"og:image:type\" content=\"image\/jpeg\" \/>\n<meta name=\"twitter:card\" content=\"summary_large_image\" \/>\n<meta name=\"twitter:label1\" content=\"Est. reading time\" \/>\n\t<meta name=\"twitter:data1\" content=\"1 minute\" \/>\n<script type=\"application\/ld+json\" class=\"yoast-schema-graph\">{\"@context\":\"https:\/\/schema.org\",\"@graph\":[{\"@type\":\"WebPage\",\"@id\":\"https:\/\/universanimalier.com\/boutique\/transat\/\",\"url\":\"https:\/\/universanimalier.com\/boutique\/transat\/\",\"name\":\"Transat pour chien - L&#039;univers Animalier\",\"isPartOf\":{\"@id\":\"https:\/\/wip.universanimalier.com\/#website\"},\"primaryImageOfPage\":{\"@id\":\"https:\/\/universanimalier.com\/boutique\/transat\/#primaryimage\"},\"image\":{\"@id\":\"https:\/\/universanimalier.com\/boutique\/transat\/#primaryimage\"},\"thumbnailUrl\":\"https:\/\/universanimalier.com\/wp-content\/uploads\/2024\/05\/IMG_1217.jpeg\",\"datePublished\":\"2024-05-26T06:54:38+00:00\",\"dateModified\":\"2025-04-26T05:29:25+00:00\",\"description\":\"Transat pour chien\",\"breadcrumb\":{\"@id\":\"https:\/\/universanimalier.com\/boutique\/transat\/#breadcrumb\"},\"inLanguage\":\"en-US\",\"potentialAction\":[{\"@type\":\"ReadAction\",\"target\":[\"https:\/\/universanimalier.com\/boutique\/transat\/\"]}]},{\"@type\":\"ImageObject\",\"inLanguage\":\"en-US\",\"@id\":\"https:\/\/universanimalier.com\/boutique\/transat\/#primaryimage\",\"url\":\"https:\/\/universanimalier.com\/wp-content\/uploads\/2024\/05\/IMG_1217.jpeg\",\"contentUrl\":\"https:\/\/universanimalier.com\/wp-content\/uploads\/2024\/05\/IMG_1217.jpeg\",\"width\":640,\"height\":640},{\"@type\":\"BreadcrumbList\",\"@id\":\"https:\/\/universanimalier.com\/boutique\/transat\/#breadcrumb\",\"itemListElement\":[{\"@type\":\"ListItem\",\"position\":1,\"name\":\"Accueil\",\"item\":\"https:\/\/wip.universanimalier.com\/\"},{\"@type\":\"ListItem\",\"position\":2,\"name\":\"Boutique\",\"item\":\"https:\/\/wip.universanimalier.com\/boutique\/\"},{\"@type\":\"ListItem\",\"position\":3,\"name\":\"Transat pour chien\"}]},{\"@type\":\"WebSite\",\"@id\":\"https:\/\/wip.universanimalier.com\/#website\",\"url\":\"https:\/\/wip.universanimalier.com\/\",\"name\":\"L'univers Animalier\",\"description\":\"Le paradis des chiens g\u00e2t\u00e9s !\",\"publisher\":{\"@id\":\"https:\/\/wip.universanimalier.com\/#organization\"},\"potentialAction\":[{\"@type\":\"SearchAction\",\"target\":{\"@type\":\"EntryPoint\",\"urlTemplate\":\"https:\/\/wip.universanimalier.com\/?s={search_term_string}\"},\"query-input\":{\"@type\":\"PropertyValueSpecification\",\"valueRequired\":true,\"valueName\":\"search_term_string\"}}],\"inLanguage\":\"en-US\"},{\"@type\":\"Organization\",\"@id\":\"https:\/\/wip.universanimalier.com\/#organization\",\"name\":\"L'univers Animalier\",\"url\":\"https:\/\/wip.universanimalier.com\/\",\"logo\":{\"@type\":\"ImageObject\",\"inLanguage\":\"en-US\",\"@id\":\"https:\/\/wip.universanimalier.com\/#\/schema\/logo\/image\/\",\"url\":\"https:\/\/universanimalier.com\/wp-content\/uploads\/2021\/06\/logo.jpg\",\"contentUrl\":\"https:\/\/universanimalier.com\/wp-content\/uploads\/2021\/06\/logo.jpg\",\"width\":800,\"height\":200,\"caption\":\"L'univers Animalier\"},\"image\":{\"@id\":\"https:\/\/wip.universanimalier.com\/#\/schema\/logo\/image\/\"},\"sameAs\":[\"https:\/\/www.facebook.com\/lunivers.animalier\"]}]}<\/script>\n<!-- \/ Yoast SEO plugin. -->","yoast_head_json":{"title":"Transat pour chien - L&#039;univers Animalier","description":"Dog lounger","robots":{"index":"index","follow":"follow","max-snippet":"max-snippet:-1","max-image-preview":"max-image-preview:large","max-video-preview":"max-video-preview:-1"},"canonical":"https:\/\/universanimalier.com\/en\/boutique\/transat\/","og_locale":"en_US","og_type":"article","og_title":"Transat pour chien - L&#039;univers Animalier","og_description":"Transat pour chien","og_url":"https:\/\/universanimalier.com\/en\/boutique\/transat\/","og_site_name":"L&#039;univers Animalier","article_publisher":"https:\/\/www.facebook.com\/lunivers.animalier","article_modified_time":"2025-04-26T05:29:25+00:00","og_image":[{"width":640,"height":640,"url":"https:\/\/universanimalier.com\/wp-content\/uploads\/2024\/05\/IMG_1217.jpeg","type":"image\/jpeg"}],"twitter_card":"summary_large_image","twitter_misc":{"Est. reading time":"1 minute"},"schema":{"@context":"https:\/\/schema.org","@graph":[{"@type":"WebPage","@id":"https:\/\/universanimalier.com\/boutique\/transat\/","url":"https:\/\/universanimalier.com\/boutique\/transat\/","name":"Transat pour chien - L&#039;univers Animalier","isPartOf":{"@id":"https:\/\/wip.universanimalier.com\/#website"},"primaryImageOfPage":{"@id":"https:\/\/universanimalier.com\/boutique\/transat\/#primaryimage"},"image":{"@id":"https:\/\/universanimalier.com\/boutique\/transat\/#primaryimage"},"thumbnailUrl":"https:\/\/universanimalier.com\/wp-content\/uploads\/2024\/05\/IMG_1217.jpeg","datePublished":"2024-05-26T06:54:38+00:00","dateModified":"2025-04-26T05:29:25+00:00","description":"Dog lounger","breadcrumb":{"@id":"https:\/\/universanimalier.com\/boutique\/transat\/#breadcrumb"},"inLanguage":"en-US","potentialAction":[{"@type":"ReadAction","target":["https:\/\/universanimalier.com\/boutique\/transat\/"]}]},{"@type":"ImageObject","inLanguage":"en-US","@id":"https:\/\/universanimalier.com\/boutique\/transat\/#primaryimage","url":"https:\/\/universanimalier.com\/wp-content\/uploads\/2024\/05\/IMG_1217.jpeg","contentUrl":"https:\/\/universanimalier.com\/wp-content\/uploads\/2024\/05\/IMG_1217.jpeg","width":640,"height":640},{"@type":"BreadcrumbList","@id":"https:\/\/universanimalier.com\/boutique\/transat\/#breadcrumb","itemListElement":[{"@type":"ListItem","position":1,"name":"Accueil","item":"https:\/\/wip.universanimalier.com\/"},{"@type":"ListItem","position":2,"name":"Boutique","item":"https:\/\/wip.universanimalier.com\/boutique\/"},{"@type":"ListItem","position":3,"name":"Transat pour chien"}]},{"@type":"WebSite","@id":"https:\/\/wip.universanimalier.com\/#website","url":"https:\/\/wip.universanimalier.com\/","name":"L'univers Animalier","description":"A paradise for spoiled dogs!","publisher":{"@id":"https:\/\/wip.universanimalier.com\/#organization"},"potentialAction":[{"@type":"SearchAction","target":{"@type":"EntryPoint","urlTemplate":"https:\/\/wip.universanimalier.com\/?s={search_term_string}"},"query-input":{"@type":"PropertyValueSpecification","valueRequired":true,"valueName":"search_term_string"}}],"inLanguage":"en-US"},{"@type":"Organization","@id":"https:\/\/wip.universanimalier.com\/#organization","name":"L'univers Animalier","url":"https:\/\/wip.universanimalier.com\/","logo":{"@type":"ImageObject","inLanguage":"en-US","@id":"https:\/\/wip.universanimalier.com\/#\/schema\/logo\/image\/","url":"https:\/\/universanimalier.com\/wp-content\/uploads\/2021\/06\/logo.jpg","contentUrl":"https:\/\/universanimalier.com\/wp-content\/uploads\/2021\/06\/logo.jpg","width":800,"height":200,"caption":"L'univers Animalier"},"image":{"@id":"https:\/\/wip.universanimalier.com\/#\/schema\/logo\/image\/"},"sameAs":["https:\/\/www.facebook.com\/lunivers.animalier"]}]}},"_links":{"self":[{"href":"https:\/\/universanimalier.com\/en\/wp-json\/wp\/v2\/product\/55315"}],"collection":[{"href":"https:\/\/universanimalier.com\/en\/wp-json\/wp\/v2\/product"}],"about":[{"href":"https:\/\/universanimalier.com\/en\/wp-json\/wp\/v2\/types\/product"}],"wp:featuredmedia":[{"embeddable":true,"href":"https:\/\/universanimalier.com\/en\/wp-json\/wp\/v2\/media\/55286"}],"wp:attachment":[{"href":"https:\/\/universanimalier.com\/en\/wp-json\/wp\/v2\/media?parent=55315"}],"wp:term":[{"taxonomy":"product_brand","embeddable":true,"href":"https:\/\/universanimalier.com\/en\/wp-json\/wp\/v2\/product_brand?post=55315"},{"taxonomy":"product_cat","embeddable":true,"href":"https:\/\/universanimalier.com\/en\/wp-json\/wp\/v2\/product_cat?post=55315"},{"taxonomy":"product_tag","embeddable":true,"href":"https:\/\/universanimalier.com\/en\/wp-json\/wp\/v2\/product_tag?post=55315"}],"curies":[{"name":"wp","href":"https:\/\/api.w.org\/{rel}","templated":true}]}}