{"id":55489,"date":"2024-06-07T17:36:23","date_gmt":"2024-06-07T15:36:23","guid":{"rendered":"https:\/\/universanimalier.com\/?post_type=product&#038;p=55489"},"modified":"2024-09-05T15:18:52","modified_gmt":"2024-09-05T13:18:52","slug":"sac-transat-bobby-homologue-pour-lavion","status":"publish","type":"product","link":"https:\/\/universanimalier.com\/en\/boutique\/sac-transat-bobby-homologue-pour-lavion\/","title":{"rendered":"Sac Transat Bobby (homologu\u00e9 pour l&rsquo;avion)"},"content":{"rendered":"<p>Carrying bag for dogs and cats, ideal for traveling by car, train, plane, etc.<\/p>\n<p>The Transat dog carrier bag from the Bobby line is made with a mix of materials that make it extremely elegant in its shape and color.<\/p>\n<ul>\n<li>removable and machine washable soft cushion<\/li>\n<li>practical front opening which allows you to create a large relaxation area for your dog\/cat<\/li>\n<li>comfortable, adjustable and removable shoulder strap<\/li>\n<li>label holder in case of loss<\/li>\n<li>possible d&rsquo;ins\u00e9rer confortablement le sac dans la poign\u00e9e t\u00e9lescopique de la valise<\/li>\n<li>suitable for the cabins of most airlines, it is however advisable to inquire about the regulations in force directly with the company before departure.<\/li>\n<li>Les trois ouvertures avec fermeture zip facilitent l&rsquo;entr\u00e9e et la sortie en toute s\u00e9curit\u00e9.<\/li>\n<li>Il est \u00e9quip\u00e9 d&rsquo;un fond rigide d\u00e9montable pour faciliter le nettoyage de l&rsquo;accessoire.<\/li>\n<li>supporte un poids jusqu&rsquo;\u00e0 8kg<\/li>\n<li>Dimensions: 47cm x 27cm x 27cm<\/li>\n<\/ul>","protected":false},"excerpt":{"rendered":"<p>Carrying bag for dogs and cats, ideal for traveling by car, train, plane, etc.<\/p>\n<p>The Transat dog carrier bag from the Bobby line is made with a mix of materials that make it extremely elegant in its shape and color.<\/p>\n<ul>\n<li>removable and machine washable soft cushion<\/li>\n<li>practical front opening which allows you to create a large relaxation area for your dog\/cat<\/li>\n<li>comfortable, adjustable and removable shoulder strap<\/li>\n<li>label holder in case of loss<\/li>\n<li>possible d&rsquo;ins\u00e9rer confortablement le sac dans la poign\u00e9e t\u00e9lescopique de la valise<\/li>\n<li>suitable for the cabins of most airlines, it is however advisable to inquire about the regulations in force directly with the company before departure.<\/li>\n<li>Les trois ouvertures avec fermeture zip facilitent l&rsquo;entr\u00e9e et la sortie en toute s\u00e9curit\u00e9.<\/li>\n<li>Il est \u00e9quip\u00e9 d&rsquo;un fond rigide d\u00e9montable pour faciliter le nettoyage de l&rsquo;accessoire.<\/li>\n<li>supporte un poids jusqu&rsquo;\u00e0 8kg<\/li>\n<li>Dimensions: 47cm x 27cm x 27cm<\/li>\n<\/ul>","protected":false},"featured_media":55482,"template":"","meta":[],"product_brand":[],"product_cat":[5134,16],"product_tag":[333,1666,147,6946,6943,6947,6940,6945,6944,6942,817,6941,6938],"class_list":{"0":"post-55489","1":"product","2":"type-product","3":"status-publish","4":"has-post-thumbnail","6":"product_cat-en-balade","7":"product_cat-sacs-de-transport","8":"product_tag-bag","9":"product_tag-petit-chien","10":"product_tag-sac","11":"product_tag-sac-de-transport-plane","12":"product_tag-sac-de-transport-wings","13":"product_tag-sac-gate","14":"product_tag-sac-homologue-avion","15":"product_tag-sac-plane","16":"product_tag-sac-pour-avion-plane","17":"product_tag-sac-pour-avion-wings","18":"product_tag-sac-pour-chien","19":"product_tag-sac-pour-chien-homologue-avion","20":"product_tag-sac-trixie","22":"first","23":"instock","24":"shipping-taxable","25":"purchasable","26":"product-type-simple"},"yoast_head":"<!-- This site is optimized with the Yoast SEO plugin v25.5 - https:\/\/yoast.com\/wordpress\/plugins\/seo\/ -->\n<title>Sac Transat Bobby (homologu\u00e9 pour l&#039;avion) - L&#039;univers Animalier<\/title>\n<meta name=\"description\" content=\"Croci - Sac Transat Bobby (homologu\u00e9 pour l&#039;avion)\" \/>\n<meta name=\"robots\" content=\"index, follow, max-snippet:-1, max-image-preview:large, max-video-preview:-1\" \/>\n<link rel=\"canonical\" href=\"https:\/\/universanimalier.com\/en\/boutique\/sac-transat-bobby-homologue-pour-lavion\/\" \/>\n<meta property=\"og:locale\" content=\"en_US\" \/>\n<meta property=\"og:type\" content=\"article\" \/>\n<meta property=\"og:title\" content=\"Sac Transat Bobby (homologu\u00e9 pour l&#039;avion) - L&#039;univers Animalier\" \/>\n<meta property=\"og:description\" content=\"Croci - Sac Transat Bobby (homologu\u00e9 pour l&#039;avion)\" \/>\n<meta property=\"og:url\" content=\"https:\/\/universanimalier.com\/en\/boutique\/sac-transat-bobby-homologue-pour-lavion\/\" \/>\n<meta property=\"og:site_name\" content=\"L&#039;univers Animalier\" \/>\n<meta property=\"article:publisher\" content=\"https:\/\/www.facebook.com\/lunivers.animalier\" \/>\n<meta property=\"article:modified_time\" content=\"2024-09-05T13:18:52+00:00\" \/>\n<meta property=\"og:image\" content=\"https:\/\/wip.universanimalier.com\/wp-content\/uploads\/2024\/06\/IMG_1572-1.png\" \/>\n\t<meta property=\"og:image:width\" content=\"335\" \/>\n\t<meta property=\"og:image:height\" content=\"335\" \/>\n\t<meta property=\"og:image:type\" content=\"image\/png\" \/>\n<meta name=\"twitter:card\" content=\"summary_large_image\" \/>\n<meta name=\"twitter:label1\" content=\"Est. reading time\" \/>\n\t<meta name=\"twitter:data1\" content=\"1 minute\" \/>\n<script type=\"application\/ld+json\" class=\"yoast-schema-graph\">{\"@context\":\"https:\/\/schema.org\",\"@graph\":[{\"@type\":\"WebPage\",\"@id\":\"https:\/\/universanimalier.com\/en\/boutique\/sac-transat-bobby-homologue-pour-lavion\/\",\"url\":\"https:\/\/universanimalier.com\/en\/boutique\/sac-transat-bobby-homologue-pour-lavion\/\",\"name\":\"Sac Transat Bobby (homologu\u00e9 pour l'avion) - L&#039;univers Animalier\",\"isPartOf\":{\"@id\":\"https:\/\/wip.universanimalier.com\/#website\"},\"primaryImageOfPage\":{\"@id\":\"https:\/\/universanimalier.com\/en\/boutique\/sac-transat-bobby-homologue-pour-lavion\/#primaryimage\"},\"image\":{\"@id\":\"https:\/\/universanimalier.com\/en\/boutique\/sac-transat-bobby-homologue-pour-lavion\/#primaryimage\"},\"thumbnailUrl\":\"https:\/\/universanimalier.com\/wp-content\/uploads\/2024\/06\/IMG_1572-1.png\",\"datePublished\":\"2024-06-07T15:36:23+00:00\",\"dateModified\":\"2024-09-05T13:18:52+00:00\",\"description\":\"Croci - Sac Transat Bobby (homologu\u00e9 pour l'avion)\",\"breadcrumb\":{\"@id\":\"https:\/\/universanimalier.com\/en\/boutique\/sac-transat-bobby-homologue-pour-lavion\/#breadcrumb\"},\"inLanguage\":\"en-US\",\"potentialAction\":[{\"@type\":\"ReadAction\",\"target\":[\"https:\/\/universanimalier.com\/en\/boutique\/sac-transat-bobby-homologue-pour-lavion\/\"]}]},{\"@type\":\"ImageObject\",\"inLanguage\":\"en-US\",\"@id\":\"https:\/\/universanimalier.com\/en\/boutique\/sac-transat-bobby-homologue-pour-lavion\/#primaryimage\",\"url\":\"https:\/\/universanimalier.com\/wp-content\/uploads\/2024\/06\/IMG_1572-1.png\",\"contentUrl\":\"https:\/\/universanimalier.com\/wp-content\/uploads\/2024\/06\/IMG_1572-1.png\",\"width\":335,\"height\":335},{\"@type\":\"BreadcrumbList\",\"@id\":\"https:\/\/universanimalier.com\/en\/boutique\/sac-transat-bobby-homologue-pour-lavion\/#breadcrumb\",\"itemListElement\":[{\"@type\":\"ListItem\",\"position\":1,\"name\":\"Accueil\",\"item\":\"https:\/\/wip.universanimalier.com\/\"},{\"@type\":\"ListItem\",\"position\":2,\"name\":\"Boutique\",\"item\":\"https:\/\/wip.universanimalier.com\/boutique\/\"},{\"@type\":\"ListItem\",\"position\":3,\"name\":\"Sac Transat Bobby (homologu\u00e9 pour l&rsquo;avion)\"}]},{\"@type\":\"WebSite\",\"@id\":\"https:\/\/wip.universanimalier.com\/#website\",\"url\":\"https:\/\/wip.universanimalier.com\/\",\"name\":\"L'univers Animalier\",\"description\":\"Le paradis des chiens g\u00e2t\u00e9s !\",\"publisher\":{\"@id\":\"https:\/\/wip.universanimalier.com\/#organization\"},\"potentialAction\":[{\"@type\":\"SearchAction\",\"target\":{\"@type\":\"EntryPoint\",\"urlTemplate\":\"https:\/\/wip.universanimalier.com\/?s={search_term_string}\"},\"query-input\":{\"@type\":\"PropertyValueSpecification\",\"valueRequired\":true,\"valueName\":\"search_term_string\"}}],\"inLanguage\":\"en-US\"},{\"@type\":\"Organization\",\"@id\":\"https:\/\/wip.universanimalier.com\/#organization\",\"name\":\"L'univers Animalier\",\"url\":\"https:\/\/wip.universanimalier.com\/\",\"logo\":{\"@type\":\"ImageObject\",\"inLanguage\":\"en-US\",\"@id\":\"https:\/\/wip.universanimalier.com\/#\/schema\/logo\/image\/\",\"url\":\"https:\/\/universanimalier.com\/wp-content\/uploads\/2021\/06\/logo.jpg\",\"contentUrl\":\"https:\/\/universanimalier.com\/wp-content\/uploads\/2021\/06\/logo.jpg\",\"width\":800,\"height\":200,\"caption\":\"L'univers Animalier\"},\"image\":{\"@id\":\"https:\/\/wip.universanimalier.com\/#\/schema\/logo\/image\/\"},\"sameAs\":[\"https:\/\/www.facebook.com\/lunivers.animalier\"]}]}<\/script>\n<!-- \/ Yoast SEO plugin. -->","yoast_head_json":{"title":"Sac Transat Bobby (homologu\u00e9 pour l'avion) - L&#039;univers Animalier","description":"Croci - Sac Transat Bobby (homologu\u00e9 pour l'avion)","robots":{"index":"index","follow":"follow","max-snippet":"max-snippet:-1","max-image-preview":"max-image-preview:large","max-video-preview":"max-video-preview:-1"},"canonical":"https:\/\/universanimalier.com\/en\/boutique\/sac-transat-bobby-homologue-pour-lavion\/","og_locale":"en_US","og_type":"article","og_title":"Sac Transat Bobby (homologu\u00e9 pour l'avion) - L&#039;univers Animalier","og_description":"Croci - Sac Transat Bobby (homologu\u00e9 pour l'avion)","og_url":"https:\/\/universanimalier.com\/en\/boutique\/sac-transat-bobby-homologue-pour-lavion\/","og_site_name":"L&#039;univers Animalier","article_publisher":"https:\/\/www.facebook.com\/lunivers.animalier","article_modified_time":"2024-09-05T13:18:52+00:00","og_image":[{"width":335,"height":335,"url":"https:\/\/wip.universanimalier.com\/wp-content\/uploads\/2024\/06\/IMG_1572-1.png","type":"image\/png"}],"twitter_card":"summary_large_image","twitter_misc":{"Est. reading time":"1 minute"},"schema":{"@context":"https:\/\/schema.org","@graph":[{"@type":"WebPage","@id":"https:\/\/universanimalier.com\/en\/boutique\/sac-transat-bobby-homologue-pour-lavion\/","url":"https:\/\/universanimalier.com\/en\/boutique\/sac-transat-bobby-homologue-pour-lavion\/","name":"Sac Transat Bobby (homologu\u00e9 pour l'avion) - L&#039;univers Animalier","isPartOf":{"@id":"https:\/\/wip.universanimalier.com\/#website"},"primaryImageOfPage":{"@id":"https:\/\/universanimalier.com\/en\/boutique\/sac-transat-bobby-homologue-pour-lavion\/#primaryimage"},"image":{"@id":"https:\/\/universanimalier.com\/en\/boutique\/sac-transat-bobby-homologue-pour-lavion\/#primaryimage"},"thumbnailUrl":"https:\/\/universanimalier.com\/wp-content\/uploads\/2024\/06\/IMG_1572-1.png","datePublished":"2024-06-07T15:36:23+00:00","dateModified":"2024-09-05T13:18:52+00:00","description":"Croci - Sac Transat Bobby (homologu\u00e9 pour l'avion)","breadcrumb":{"@id":"https:\/\/universanimalier.com\/en\/boutique\/sac-transat-bobby-homologue-pour-lavion\/#breadcrumb"},"inLanguage":"en-US","potentialAction":[{"@type":"ReadAction","target":["https:\/\/universanimalier.com\/en\/boutique\/sac-transat-bobby-homologue-pour-lavion\/"]}]},{"@type":"ImageObject","inLanguage":"en-US","@id":"https:\/\/universanimalier.com\/en\/boutique\/sac-transat-bobby-homologue-pour-lavion\/#primaryimage","url":"https:\/\/universanimalier.com\/wp-content\/uploads\/2024\/06\/IMG_1572-1.png","contentUrl":"https:\/\/universanimalier.com\/wp-content\/uploads\/2024\/06\/IMG_1572-1.png","width":335,"height":335},{"@type":"BreadcrumbList","@id":"https:\/\/universanimalier.com\/en\/boutique\/sac-transat-bobby-homologue-pour-lavion\/#breadcrumb","itemListElement":[{"@type":"ListItem","position":1,"name":"Accueil","item":"https:\/\/wip.universanimalier.com\/"},{"@type":"ListItem","position":2,"name":"Boutique","item":"https:\/\/wip.universanimalier.com\/boutique\/"},{"@type":"ListItem","position":3,"name":"Sac Transat Bobby (homologu\u00e9 pour l&rsquo;avion)"}]},{"@type":"WebSite","@id":"https:\/\/wip.universanimalier.com\/#website","url":"https:\/\/wip.universanimalier.com\/","name":"L'univers Animalier","description":"A paradise for spoiled dogs!","publisher":{"@id":"https:\/\/wip.universanimalier.com\/#organization"},"potentialAction":[{"@type":"SearchAction","target":{"@type":"EntryPoint","urlTemplate":"https:\/\/wip.universanimalier.com\/?s={search_term_string}"},"query-input":{"@type":"PropertyValueSpecification","valueRequired":true,"valueName":"search_term_string"}}],"inLanguage":"en-US"},{"@type":"Organization","@id":"https:\/\/wip.universanimalier.com\/#organization","name":"L'univers Animalier","url":"https:\/\/wip.universanimalier.com\/","logo":{"@type":"ImageObject","inLanguage":"en-US","@id":"https:\/\/wip.universanimalier.com\/#\/schema\/logo\/image\/","url":"https:\/\/universanimalier.com\/wp-content\/uploads\/2021\/06\/logo.jpg","contentUrl":"https:\/\/universanimalier.com\/wp-content\/uploads\/2021\/06\/logo.jpg","width":800,"height":200,"caption":"L'univers Animalier"},"image":{"@id":"https:\/\/wip.universanimalier.com\/#\/schema\/logo\/image\/"},"sameAs":["https:\/\/www.facebook.com\/lunivers.animalier"]}]}},"_links":{"self":[{"href":"https:\/\/universanimalier.com\/en\/wp-json\/wp\/v2\/product\/55489"}],"collection":[{"href":"https:\/\/universanimalier.com\/en\/wp-json\/wp\/v2\/product"}],"about":[{"href":"https:\/\/universanimalier.com\/en\/wp-json\/wp\/v2\/types\/product"}],"wp:featuredmedia":[{"embeddable":true,"href":"https:\/\/universanimalier.com\/en\/wp-json\/wp\/v2\/media\/55482"}],"wp:attachment":[{"href":"https:\/\/universanimalier.com\/en\/wp-json\/wp\/v2\/media?parent=55489"}],"wp:term":[{"taxonomy":"product_brand","embeddable":true,"href":"https:\/\/universanimalier.com\/en\/wp-json\/wp\/v2\/product_brand?post=55489"},{"taxonomy":"product_cat","embeddable":true,"href":"https:\/\/universanimalier.com\/en\/wp-json\/wp\/v2\/product_cat?post=55489"},{"taxonomy":"product_tag","embeddable":true,"href":"https:\/\/universanimalier.com\/en\/wp-json\/wp\/v2\/product_tag?post=55489"}],"curies":[{"name":"wp","href":"https:\/\/api.w.org\/{rel}","templated":true}]}}