{"id":55823,"date":"2024-07-15T20:39:50","date_gmt":"2024-07-15T18:39:50","guid":{"rendered":"https:\/\/universanimalier.com\/?post_type=product&#038;p=55823"},"modified":"2024-12-26T15:59:02","modified_gmt":"2024-12-26T14:59:02","slug":"sac-a-dos-de-transport-timon-noir-gris","status":"publish","type":"product","link":"https:\/\/universanimalier.com\/en\/boutique\/sac-a-dos-de-transport-timon-noir-gris\/","title":{"rendered":"Timon transport backpack black\/grey"},"content":{"rendered":"<p>Sac \u00e0 dos de transport Timon, gris et noir. Tr\u00e8s pratique, il convient parfaitement pour les longues promenades, les voyages et le trekking.<\/p>\n<ul>\n<li>very comfortable and good back relief<\/li>\n<li>anatomical shape, padded back and shoulder straps, breathable<\/li>\n<li>waist belt for a good fit<\/li>\n<li>stable form<\/li>\n<li>front and top opening<\/li>\n<li>coussin ins\u00e9r\u00e9 rembourr\u00e9 aspect fourrure d&rsquo;agneau, d\u00e9houssable<\/li>\n<li>with integrated safety clip, for attaching to harness or collar<\/li>\n<\/ul>\n<div class=\"mb-3 row\">\n<div class=\"col\">\n<div class=\"mb-3 row\">\n<div class=\"col\">\n<div class=\"description\">\n<div class=\"mb-3 row\">\n<div class=\"col\">\n<div class=\"description\">\n<div class=\"mb-3 row\">\n<div class=\"col\">\n<div class=\"description\">\n<div class=\"mb-3 row\">\n<div class=\"col\">\n<div>Dimensions: environ 34 x 44 x 30 cm, peut supporter un poids jusqu&rsquo;\u00e0 12 kg.<\/div>\n<\/div>\n<\/div>\n<div class=\"webshopartikelgruppenPriceAndToolBar row\"><\/div>\n<\/div>\n<\/div>\n<\/div>\n<\/div>\n<\/div>\n<\/div>\n<\/div>\n<\/div>\n<\/div>\n<\/div>\n<\/div>","protected":false},"excerpt":{"rendered":"<p>Sac \u00e0 dos de transport Timon, gris et noir. Tr\u00e8s pratique, il convient parfaitement pour les longues promenades, les voyages et le trekking.<\/p>\n<ul>\n<li>very comfortable and good back relief<\/li>\n<li>anatomical shape, padded back and shoulder straps, breathable<\/li>\n<li>waist belt for a good fit<\/li>\n<li>stable form<\/li>\n<li>front and top opening<\/li>\n<li>coussin ins\u00e9r\u00e9 rembourr\u00e9 aspect fourrure d&rsquo;agneau, d\u00e9houssable<\/li>\n<li>with integrated safety clip, for attaching to harness or collar<\/li>\n<\/ul>\n<div class=\"mb-3 row\">\n<div class=\"col\">\n<div class=\"mb-3 row\">\n<div class=\"col\">\n<div class=\"description\">\n<div class=\"mb-3 row\">\n<div class=\"col\">\n<div class=\"description\">\n<div class=\"mb-3 row\">\n<div class=\"col\">\n<div class=\"description\">\n<div class=\"mb-3 row\">\n<div class=\"col\">\n<div>Dimensions: environ 34 x 44 x 30 cm, peut supporter un poids jusqu&rsquo;\u00e0 12 kg.<\/div>\n<\/div>\n<\/div>\n<div class=\"webshopartikelgruppenPriceAndToolBar row\"><\/div>\n<\/div>\n<\/div>\n<\/div>\n<\/div>\n<\/div>\n<\/div>\n<\/div>\n<\/div>\n<\/div>\n<\/div>\n<\/div>","protected":false},"featured_media":55803,"template":"","meta":[],"product_brand":[],"product_cat":[5134,8031,16],"product_tag":[333,1666,147,6949,6951,7477,6948,3248,7476,8555,817,6938],"class_list":{"0":"post-55823","1":"product","2":"type-product","3":"status-publish","4":"has-post-thumbnail","6":"product_cat-en-balade","7":"product_cat-sacs-a-dos","8":"product_cat-sacs-de-transport","9":"product_tag-bag","10":"product_tag-petit-chien","11":"product_tag-sac","12":"product_tag-sac-a-dos-de-transport","13":"product_tag-sac-a-dos-gris","14":"product_tag-sac-a-dos-noir-pour-chien","15":"product_tag-sac-a-dos-pour-chat","16":"product_tag-sac-a-dos-pour-chien","17":"product_tag-sac-a-dos-timon","18":"product_tag-sac-de-trekking","19":"product_tag-sac-pour-chien","20":"product_tag-sac-trixie","22":"first","23":"instock","24":"shipping-taxable","25":"purchasable","26":"product-type-simple"},"yoast_head":"<!-- This site is optimized with the Yoast SEO plugin v25.5 - https:\/\/yoast.com\/wordpress\/plugins\/seo\/ -->\n<title>Sac \u00e0 dos de transport Timon noir\/gris - L&#039;univers Animalier<\/title>\n<meta name=\"description\" content=\"Trixie - Sac \u00e0 dos de transport Timon noir\/gris\" \/>\n<meta name=\"robots\" content=\"index, follow, max-snippet:-1, max-image-preview:large, max-video-preview:-1\" \/>\n<link rel=\"canonical\" href=\"https:\/\/universanimalier.com\/en\/boutique\/sac-a-dos-de-transport-timon-noir-gris\/\" \/>\n<meta property=\"og:locale\" content=\"en_US\" \/>\n<meta property=\"og:type\" content=\"article\" \/>\n<meta property=\"og:title\" content=\"Sac \u00e0 dos de transport Timon noir\/gris - L&#039;univers Animalier\" \/>\n<meta property=\"og:description\" content=\"Trixie - Sac \u00e0 dos de transport Timon noir\/gris\" \/>\n<meta property=\"og:url\" content=\"https:\/\/universanimalier.com\/en\/boutique\/sac-a-dos-de-transport-timon-noir-gris\/\" \/>\n<meta property=\"og:site_name\" content=\"L&#039;univers Animalier\" \/>\n<meta property=\"article:publisher\" content=\"https:\/\/www.facebook.com\/lunivers.animalier\" \/>\n<meta property=\"article:modified_time\" content=\"2024-12-26T14:59:02+00:00\" \/>\n<meta property=\"og:image\" content=\"https:\/\/universanimalier.com\/wp-content\/uploads\/2024\/07\/IMG_2721.jpeg\" \/>\n\t<meta property=\"og:image:width\" content=\"640\" \/>\n\t<meta property=\"og:image:height\" content=\"640\" \/>\n\t<meta property=\"og:image:type\" content=\"image\/jpeg\" \/>\n<meta name=\"twitter:card\" content=\"summary_large_image\" \/>\n<meta name=\"twitter:label1\" content=\"Est. reading time\" \/>\n\t<meta name=\"twitter:data1\" content=\"1 minute\" \/>\n<script type=\"application\/ld+json\" class=\"yoast-schema-graph\">{\"@context\":\"https:\/\/schema.org\",\"@graph\":[{\"@type\":\"WebPage\",\"@id\":\"https:\/\/universanimalier.com\/boutique\/sac-a-dos-de-transport-timon-noir-gris\/\",\"url\":\"https:\/\/universanimalier.com\/boutique\/sac-a-dos-de-transport-timon-noir-gris\/\",\"name\":\"Sac \u00e0 dos de transport Timon noir\/gris - L&#039;univers Animalier\",\"isPartOf\":{\"@id\":\"https:\/\/wip.universanimalier.com\/#website\"},\"primaryImageOfPage\":{\"@id\":\"https:\/\/universanimalier.com\/boutique\/sac-a-dos-de-transport-timon-noir-gris\/#primaryimage\"},\"image\":{\"@id\":\"https:\/\/universanimalier.com\/boutique\/sac-a-dos-de-transport-timon-noir-gris\/#primaryimage\"},\"thumbnailUrl\":\"https:\/\/universanimalier.com\/wp-content\/uploads\/2024\/07\/IMG_2721.jpeg\",\"datePublished\":\"2024-07-15T18:39:50+00:00\",\"dateModified\":\"2024-12-26T14:59:02+00:00\",\"description\":\"Trixie - Sac \u00e0 dos de transport Timon noir\/gris\",\"breadcrumb\":{\"@id\":\"https:\/\/universanimalier.com\/boutique\/sac-a-dos-de-transport-timon-noir-gris\/#breadcrumb\"},\"inLanguage\":\"en-US\",\"potentialAction\":[{\"@type\":\"ReadAction\",\"target\":[\"https:\/\/universanimalier.com\/boutique\/sac-a-dos-de-transport-timon-noir-gris\/\"]}]},{\"@type\":\"ImageObject\",\"inLanguage\":\"en-US\",\"@id\":\"https:\/\/universanimalier.com\/boutique\/sac-a-dos-de-transport-timon-noir-gris\/#primaryimage\",\"url\":\"https:\/\/universanimalier.com\/wp-content\/uploads\/2024\/07\/IMG_2721.jpeg\",\"contentUrl\":\"https:\/\/universanimalier.com\/wp-content\/uploads\/2024\/07\/IMG_2721.jpeg\",\"width\":640,\"height\":640},{\"@type\":\"BreadcrumbList\",\"@id\":\"https:\/\/universanimalier.com\/boutique\/sac-a-dos-de-transport-timon-noir-gris\/#breadcrumb\",\"itemListElement\":[{\"@type\":\"ListItem\",\"position\":1,\"name\":\"Accueil\",\"item\":\"https:\/\/wip.universanimalier.com\/\"},{\"@type\":\"ListItem\",\"position\":2,\"name\":\"Boutique\",\"item\":\"https:\/\/wip.universanimalier.com\/boutique\/\"},{\"@type\":\"ListItem\",\"position\":3,\"name\":\"Sac \u00e0 dos de transport Timon noir\/gris\"}]},{\"@type\":\"WebSite\",\"@id\":\"https:\/\/wip.universanimalier.com\/#website\",\"url\":\"https:\/\/wip.universanimalier.com\/\",\"name\":\"L'univers Animalier\",\"description\":\"Le paradis des chiens g\u00e2t\u00e9s !\",\"publisher\":{\"@id\":\"https:\/\/wip.universanimalier.com\/#organization\"},\"potentialAction\":[{\"@type\":\"SearchAction\",\"target\":{\"@type\":\"EntryPoint\",\"urlTemplate\":\"https:\/\/wip.universanimalier.com\/?s={search_term_string}\"},\"query-input\":{\"@type\":\"PropertyValueSpecification\",\"valueRequired\":true,\"valueName\":\"search_term_string\"}}],\"inLanguage\":\"en-US\"},{\"@type\":\"Organization\",\"@id\":\"https:\/\/wip.universanimalier.com\/#organization\",\"name\":\"L'univers Animalier\",\"url\":\"https:\/\/wip.universanimalier.com\/\",\"logo\":{\"@type\":\"ImageObject\",\"inLanguage\":\"en-US\",\"@id\":\"https:\/\/wip.universanimalier.com\/#\/schema\/logo\/image\/\",\"url\":\"https:\/\/universanimalier.com\/wp-content\/uploads\/2021\/06\/logo.jpg\",\"contentUrl\":\"https:\/\/universanimalier.com\/wp-content\/uploads\/2021\/06\/logo.jpg\",\"width\":800,\"height\":200,\"caption\":\"L'univers Animalier\"},\"image\":{\"@id\":\"https:\/\/wip.universanimalier.com\/#\/schema\/logo\/image\/\"},\"sameAs\":[\"https:\/\/www.facebook.com\/lunivers.animalier\"]}]}<\/script>\n<!-- \/ Yoast SEO plugin. -->","yoast_head_json":{"title":"Sac \u00e0 dos de transport Timon noir\/gris - L&#039;univers Animalier","description":"Trixie - Sac \u00e0 dos de transport Timon noir\/gris","robots":{"index":"index","follow":"follow","max-snippet":"max-snippet:-1","max-image-preview":"max-image-preview:large","max-video-preview":"max-video-preview:-1"},"canonical":"https:\/\/universanimalier.com\/en\/boutique\/sac-a-dos-de-transport-timon-noir-gris\/","og_locale":"en_US","og_type":"article","og_title":"Sac \u00e0 dos de transport Timon noir\/gris - L&#039;univers Animalier","og_description":"Trixie - Sac \u00e0 dos de transport Timon noir\/gris","og_url":"https:\/\/universanimalier.com\/en\/boutique\/sac-a-dos-de-transport-timon-noir-gris\/","og_site_name":"L&#039;univers Animalier","article_publisher":"https:\/\/www.facebook.com\/lunivers.animalier","article_modified_time":"2024-12-26T14:59:02+00:00","og_image":[{"width":640,"height":640,"url":"https:\/\/universanimalier.com\/wp-content\/uploads\/2024\/07\/IMG_2721.jpeg","type":"image\/jpeg"}],"twitter_card":"summary_large_image","twitter_misc":{"Est. reading time":"1 minute"},"schema":{"@context":"https:\/\/schema.org","@graph":[{"@type":"WebPage","@id":"https:\/\/universanimalier.com\/boutique\/sac-a-dos-de-transport-timon-noir-gris\/","url":"https:\/\/universanimalier.com\/boutique\/sac-a-dos-de-transport-timon-noir-gris\/","name":"Sac \u00e0 dos de transport Timon noir\/gris - L&#039;univers Animalier","isPartOf":{"@id":"https:\/\/wip.universanimalier.com\/#website"},"primaryImageOfPage":{"@id":"https:\/\/universanimalier.com\/boutique\/sac-a-dos-de-transport-timon-noir-gris\/#primaryimage"},"image":{"@id":"https:\/\/universanimalier.com\/boutique\/sac-a-dos-de-transport-timon-noir-gris\/#primaryimage"},"thumbnailUrl":"https:\/\/universanimalier.com\/wp-content\/uploads\/2024\/07\/IMG_2721.jpeg","datePublished":"2024-07-15T18:39:50+00:00","dateModified":"2024-12-26T14:59:02+00:00","description":"Trixie - Sac \u00e0 dos de transport Timon noir\/gris","breadcrumb":{"@id":"https:\/\/universanimalier.com\/boutique\/sac-a-dos-de-transport-timon-noir-gris\/#breadcrumb"},"inLanguage":"en-US","potentialAction":[{"@type":"ReadAction","target":["https:\/\/universanimalier.com\/boutique\/sac-a-dos-de-transport-timon-noir-gris\/"]}]},{"@type":"ImageObject","inLanguage":"en-US","@id":"https:\/\/universanimalier.com\/boutique\/sac-a-dos-de-transport-timon-noir-gris\/#primaryimage","url":"https:\/\/universanimalier.com\/wp-content\/uploads\/2024\/07\/IMG_2721.jpeg","contentUrl":"https:\/\/universanimalier.com\/wp-content\/uploads\/2024\/07\/IMG_2721.jpeg","width":640,"height":640},{"@type":"BreadcrumbList","@id":"https:\/\/universanimalier.com\/boutique\/sac-a-dos-de-transport-timon-noir-gris\/#breadcrumb","itemListElement":[{"@type":"ListItem","position":1,"name":"Accueil","item":"https:\/\/wip.universanimalier.com\/"},{"@type":"ListItem","position":2,"name":"Boutique","item":"https:\/\/wip.universanimalier.com\/boutique\/"},{"@type":"ListItem","position":3,"name":"Sac \u00e0 dos de transport Timon noir\/gris"}]},{"@type":"WebSite","@id":"https:\/\/wip.universanimalier.com\/#website","url":"https:\/\/wip.universanimalier.com\/","name":"L'univers Animalier","description":"A paradise for spoiled dogs!","publisher":{"@id":"https:\/\/wip.universanimalier.com\/#organization"},"potentialAction":[{"@type":"SearchAction","target":{"@type":"EntryPoint","urlTemplate":"https:\/\/wip.universanimalier.com\/?s={search_term_string}"},"query-input":{"@type":"PropertyValueSpecification","valueRequired":true,"valueName":"search_term_string"}}],"inLanguage":"en-US"},{"@type":"Organization","@id":"https:\/\/wip.universanimalier.com\/#organization","name":"L'univers Animalier","url":"https:\/\/wip.universanimalier.com\/","logo":{"@type":"ImageObject","inLanguage":"en-US","@id":"https:\/\/wip.universanimalier.com\/#\/schema\/logo\/image\/","url":"https:\/\/universanimalier.com\/wp-content\/uploads\/2021\/06\/logo.jpg","contentUrl":"https:\/\/universanimalier.com\/wp-content\/uploads\/2021\/06\/logo.jpg","width":800,"height":200,"caption":"L'univers Animalier"},"image":{"@id":"https:\/\/wip.universanimalier.com\/#\/schema\/logo\/image\/"},"sameAs":["https:\/\/www.facebook.com\/lunivers.animalier"]}]}},"_links":{"self":[{"href":"https:\/\/universanimalier.com\/en\/wp-json\/wp\/v2\/product\/55823"}],"collection":[{"href":"https:\/\/universanimalier.com\/en\/wp-json\/wp\/v2\/product"}],"about":[{"href":"https:\/\/universanimalier.com\/en\/wp-json\/wp\/v2\/types\/product"}],"wp:featuredmedia":[{"embeddable":true,"href":"https:\/\/universanimalier.com\/en\/wp-json\/wp\/v2\/media\/55803"}],"wp:attachment":[{"href":"https:\/\/universanimalier.com\/en\/wp-json\/wp\/v2\/media?parent=55823"}],"wp:term":[{"taxonomy":"product_brand","embeddable":true,"href":"https:\/\/universanimalier.com\/en\/wp-json\/wp\/v2\/product_brand?post=55823"},{"taxonomy":"product_cat","embeddable":true,"href":"https:\/\/universanimalier.com\/en\/wp-json\/wp\/v2\/product_cat?post=55823"},{"taxonomy":"product_tag","embeddable":true,"href":"https:\/\/universanimalier.com\/en\/wp-json\/wp\/v2\/product_tag?post=55823"}],"curies":[{"name":"wp","href":"https:\/\/api.w.org\/{rel}","templated":true}]}}