{"id":55832,"date":"2024-07-15T21:00:22","date_gmt":"2024-07-15T19:00:22","guid":{"rendered":"https:\/\/universanimalier.com\/?post_type=product&#038;p=55832"},"modified":"2024-11-23T23:38:09","modified_gmt":"2024-11-23T22:38:09","slug":"niche-dinterieur-pliable-et-transportable-grise","status":"publish","type":"product","link":"https:\/\/universanimalier.com\/en\/boutique\/niche-dinterieur-pliable-et-transportable-grise\/","title":{"rendered":"Niche d&rsquo;int\u00e9rieur pliable et transportable grise"},"content":{"rendered":"<p>Niche d&rsquo;int\u00e9rieur pratique, pliable et transportable, id\u00e9ale pour l&rsquo;h\u00e9bergement de courte dur\u00e9e \u00e0 la maison apr\u00e8s une op\u00e9ration, pour un voyage, pour les visites chez le v\u00e9t\u00e9rinaire, &#8230;<\/p>\n<ul>\n<li>les inserts en filet peuvent \u00eatre recouverts<\/li>\n<li>with outside pockets<\/li>\n<li>avec poign\u00e9e<\/li>\n<li>couverture en polaire<\/li>\n<li>utilisable \u00e0 l&rsquo;ext\u00e9rieur gr\u00e2ce aux attaches au sol et aux piquets<\/li>\n<li>facilement pliable<\/li>\n<li>avec sac de transport pour le ranger et le transporter facilement<\/li>\n<li>jusqu&rsquo;\u00e0 la taille S avec porte frontale et \u00e0 partir de la taille M avec porte suppl\u00e9mentaire sur le c\u00f4t\u00e9 long<\/li>\n<li>5 tailles disponibles:\n<ul>\n<li>XS: 32 x 32 x 47 cm<\/li>\n<li>XS-S: 40 x 40 x 55 cm<\/li>\n<li>S: 50 x 50 x 60 cm<\/li>\n<li>M: 55 x 65 x 80 cm<\/li>\n<li>M-L: 70 x 75 x 95 cm<\/li>\n<\/ul>\n<\/li>\n<\/ul>","protected":false},"excerpt":{"rendered":"<p>Niche d&rsquo;int\u00e9rieur pratique, pliable et transportable, id\u00e9ale pour l&rsquo;h\u00e9bergement de courte dur\u00e9e \u00e0 la maison apr\u00e8s une op\u00e9ration, pour un voyage, pour les visites chez le v\u00e9t\u00e9rinaire, &#8230;<\/p>\n<ul>\n<li>les inserts en filet peuvent \u00eatre recouverts<\/li>\n<li>with outside pockets<\/li>\n<li>avec poign\u00e9e<\/li>\n<li>couverture en polaire<\/li>\n<li>utilisable \u00e0 l&rsquo;ext\u00e9rieur gr\u00e2ce aux attaches au sol et aux piquets<\/li>\n<li>facilement pliable<\/li>\n<li>avec sac de transport pour le ranger et le transporter facilement<\/li>\n<li>jusqu&rsquo;\u00e0 la taille S avec porte frontale et \u00e0 partir de la taille M avec porte suppl\u00e9mentaire sur le c\u00f4t\u00e9 long<\/li>\n<li>5 tailles disponibles:\n<ul>\n<li>XS: 32 x 32 x 47 cm<\/li>\n<li>XS-S: 40 x 40 x 55 cm<\/li>\n<li>S: 50 x 50 x 60 cm<\/li>\n<li>M: 55 x 65 x 80 cm<\/li>\n<li>M-L: 70 x 75 x 95 cm<\/li>\n<\/ul>\n<\/li>\n<\/ul>","protected":false},"featured_media":55755,"template":"","meta":[],"product_brand":[],"product_cat":[5134,1991,24,16],"product_tag":[8564,8560,8559,8563,8561,8562,1990],"class_list":{"0":"post-55832","1":"product","2":"type-product","3":"status-publish","4":"has-post-thumbnail","6":"product_cat-en-balade","7":"product_cat-parcs","8":"product_cat-a-la-maison","9":"product_cat-sacs-de-transport","10":"product_tag-cage-pour-chien-en-tissus","11":"product_tag-niche-dinterieur","12":"product_tag-niche-dinterieur-pliable-et-transportable-grise","13":"product_tag-niche-en-tissus","14":"product_tag-niche-pour-chien","15":"product_tag-niche-transportable","16":"product_tag-parc-pour-chien","18":"first","19":"instock","20":"shipping-taxable","21":"purchasable","22":"product-type-variable"},"yoast_head":"<!-- This site is optimized with the Yoast SEO plugin v25.5 - https:\/\/yoast.com\/wordpress\/plugins\/seo\/ -->\n<title>Niche d&#039;int\u00e9rieur pliable et transportable grise - L&#039;univers Animalier<\/title>\n<meta name=\"description\" content=\"Panier Lonni beige pour chien\" \/>\n<meta name=\"robots\" content=\"index, follow, max-snippet:-1, max-image-preview:large, max-video-preview:-1\" \/>\n<link rel=\"canonical\" href=\"https:\/\/universanimalier.com\/en\/boutique\/niche-dinterieur-pliable-et-transportable-grise\/\" \/>\n<meta property=\"og:locale\" content=\"en_US\" \/>\n<meta property=\"og:type\" content=\"article\" \/>\n<meta property=\"og:title\" content=\"Niche d&#039;int\u00e9rieur pliable et transportable grise - L&#039;univers Animalier\" \/>\n<meta property=\"og:description\" content=\"Panier Lonni beige pour chien\" \/>\n<meta property=\"og:url\" content=\"https:\/\/universanimalier.com\/en\/boutique\/niche-dinterieur-pliable-et-transportable-grise\/\" \/>\n<meta property=\"og:site_name\" content=\"L&#039;univers Animalier\" \/>\n<meta property=\"article:publisher\" content=\"https:\/\/www.facebook.com\/lunivers.animalier\" \/>\n<meta property=\"article:modified_time\" content=\"2024-11-23T22:38:09+00:00\" \/>\n<meta property=\"og:image\" content=\"https:\/\/universanimalier.com\/wp-content\/uploads\/2024\/07\/IMG_2769.jpeg\" \/>\n\t<meta property=\"og:image:width\" content=\"640\" \/>\n\t<meta property=\"og:image:height\" content=\"640\" \/>\n\t<meta property=\"og:image:type\" content=\"image\/jpeg\" \/>\n<meta name=\"twitter:card\" content=\"summary_large_image\" \/>\n<meta name=\"twitter:label1\" content=\"Est. reading time\" \/>\n\t<meta name=\"twitter:data1\" content=\"1 minute\" \/>\n<script type=\"application\/ld+json\" class=\"yoast-schema-graph\">{\"@context\":\"https:\/\/schema.org\",\"@graph\":[{\"@type\":\"WebPage\",\"@id\":\"https:\/\/universanimalier.com\/boutique\/niche-dinterieur-pliable-et-transportable-grise\/\",\"url\":\"https:\/\/universanimalier.com\/boutique\/niche-dinterieur-pliable-et-transportable-grise\/\",\"name\":\"Niche d'int\u00e9rieur pliable et transportable grise - L&#039;univers Animalier\",\"isPartOf\":{\"@id\":\"https:\/\/wip.universanimalier.com\/#website\"},\"primaryImageOfPage\":{\"@id\":\"https:\/\/universanimalier.com\/boutique\/niche-dinterieur-pliable-et-transportable-grise\/#primaryimage\"},\"image\":{\"@id\":\"https:\/\/universanimalier.com\/boutique\/niche-dinterieur-pliable-et-transportable-grise\/#primaryimage\"},\"thumbnailUrl\":\"https:\/\/universanimalier.com\/wp-content\/uploads\/2024\/07\/IMG_2769.jpeg\",\"datePublished\":\"2024-07-15T19:00:22+00:00\",\"dateModified\":\"2024-11-23T22:38:09+00:00\",\"description\":\"Panier Lonni beige pour chien\",\"breadcrumb\":{\"@id\":\"https:\/\/universanimalier.com\/boutique\/niche-dinterieur-pliable-et-transportable-grise\/#breadcrumb\"},\"inLanguage\":\"en-US\",\"potentialAction\":[{\"@type\":\"ReadAction\",\"target\":[\"https:\/\/universanimalier.com\/boutique\/niche-dinterieur-pliable-et-transportable-grise\/\"]}]},{\"@type\":\"ImageObject\",\"inLanguage\":\"en-US\",\"@id\":\"https:\/\/universanimalier.com\/boutique\/niche-dinterieur-pliable-et-transportable-grise\/#primaryimage\",\"url\":\"https:\/\/universanimalier.com\/wp-content\/uploads\/2024\/07\/IMG_2769.jpeg\",\"contentUrl\":\"https:\/\/universanimalier.com\/wp-content\/uploads\/2024\/07\/IMG_2769.jpeg\",\"width\":640,\"height\":640},{\"@type\":\"BreadcrumbList\",\"@id\":\"https:\/\/universanimalier.com\/boutique\/niche-dinterieur-pliable-et-transportable-grise\/#breadcrumb\",\"itemListElement\":[{\"@type\":\"ListItem\",\"position\":1,\"name\":\"Accueil\",\"item\":\"https:\/\/wip.universanimalier.com\/\"},{\"@type\":\"ListItem\",\"position\":2,\"name\":\"Boutique\",\"item\":\"https:\/\/wip.universanimalier.com\/boutique\/\"},{\"@type\":\"ListItem\",\"position\":3,\"name\":\"Niche d&rsquo;int\u00e9rieur pliable et transportable grise\"}]},{\"@type\":\"WebSite\",\"@id\":\"https:\/\/wip.universanimalier.com\/#website\",\"url\":\"https:\/\/wip.universanimalier.com\/\",\"name\":\"L'univers Animalier\",\"description\":\"Le paradis des chiens g\u00e2t\u00e9s !\",\"publisher\":{\"@id\":\"https:\/\/wip.universanimalier.com\/#organization\"},\"potentialAction\":[{\"@type\":\"SearchAction\",\"target\":{\"@type\":\"EntryPoint\",\"urlTemplate\":\"https:\/\/wip.universanimalier.com\/?s={search_term_string}\"},\"query-input\":{\"@type\":\"PropertyValueSpecification\",\"valueRequired\":true,\"valueName\":\"search_term_string\"}}],\"inLanguage\":\"en-US\"},{\"@type\":\"Organization\",\"@id\":\"https:\/\/wip.universanimalier.com\/#organization\",\"name\":\"L'univers Animalier\",\"url\":\"https:\/\/wip.universanimalier.com\/\",\"logo\":{\"@type\":\"ImageObject\",\"inLanguage\":\"en-US\",\"@id\":\"https:\/\/wip.universanimalier.com\/#\/schema\/logo\/image\/\",\"url\":\"https:\/\/universanimalier.com\/wp-content\/uploads\/2021\/06\/logo.jpg\",\"contentUrl\":\"https:\/\/universanimalier.com\/wp-content\/uploads\/2021\/06\/logo.jpg\",\"width\":800,\"height\":200,\"caption\":\"L'univers Animalier\"},\"image\":{\"@id\":\"https:\/\/wip.universanimalier.com\/#\/schema\/logo\/image\/\"},\"sameAs\":[\"https:\/\/www.facebook.com\/lunivers.animalier\"]}]}<\/script>\n<!-- \/ Yoast SEO plugin. -->","yoast_head_json":{"title":"Niche d'int\u00e9rieur pliable et transportable grise - L&#039;univers Animalier","description":"Panier Lonni beige pour chien","robots":{"index":"index","follow":"follow","max-snippet":"max-snippet:-1","max-image-preview":"max-image-preview:large","max-video-preview":"max-video-preview:-1"},"canonical":"https:\/\/universanimalier.com\/en\/boutique\/niche-dinterieur-pliable-et-transportable-grise\/","og_locale":"en_US","og_type":"article","og_title":"Niche d'int\u00e9rieur pliable et transportable grise - L&#039;univers Animalier","og_description":"Panier Lonni beige pour chien","og_url":"https:\/\/universanimalier.com\/en\/boutique\/niche-dinterieur-pliable-et-transportable-grise\/","og_site_name":"L&#039;univers Animalier","article_publisher":"https:\/\/www.facebook.com\/lunivers.animalier","article_modified_time":"2024-11-23T22:38:09+00:00","og_image":[{"width":640,"height":640,"url":"https:\/\/universanimalier.com\/wp-content\/uploads\/2024\/07\/IMG_2769.jpeg","type":"image\/jpeg"}],"twitter_card":"summary_large_image","twitter_misc":{"Est. reading time":"1 minute"},"schema":{"@context":"https:\/\/schema.org","@graph":[{"@type":"WebPage","@id":"https:\/\/universanimalier.com\/boutique\/niche-dinterieur-pliable-et-transportable-grise\/","url":"https:\/\/universanimalier.com\/boutique\/niche-dinterieur-pliable-et-transportable-grise\/","name":"Niche d'int\u00e9rieur pliable et transportable grise - L&#039;univers Animalier","isPartOf":{"@id":"https:\/\/wip.universanimalier.com\/#website"},"primaryImageOfPage":{"@id":"https:\/\/universanimalier.com\/boutique\/niche-dinterieur-pliable-et-transportable-grise\/#primaryimage"},"image":{"@id":"https:\/\/universanimalier.com\/boutique\/niche-dinterieur-pliable-et-transportable-grise\/#primaryimage"},"thumbnailUrl":"https:\/\/universanimalier.com\/wp-content\/uploads\/2024\/07\/IMG_2769.jpeg","datePublished":"2024-07-15T19:00:22+00:00","dateModified":"2024-11-23T22:38:09+00:00","description":"Panier Lonni beige pour chien","breadcrumb":{"@id":"https:\/\/universanimalier.com\/boutique\/niche-dinterieur-pliable-et-transportable-grise\/#breadcrumb"},"inLanguage":"en-US","potentialAction":[{"@type":"ReadAction","target":["https:\/\/universanimalier.com\/boutique\/niche-dinterieur-pliable-et-transportable-grise\/"]}]},{"@type":"ImageObject","inLanguage":"en-US","@id":"https:\/\/universanimalier.com\/boutique\/niche-dinterieur-pliable-et-transportable-grise\/#primaryimage","url":"https:\/\/universanimalier.com\/wp-content\/uploads\/2024\/07\/IMG_2769.jpeg","contentUrl":"https:\/\/universanimalier.com\/wp-content\/uploads\/2024\/07\/IMG_2769.jpeg","width":640,"height":640},{"@type":"BreadcrumbList","@id":"https:\/\/universanimalier.com\/boutique\/niche-dinterieur-pliable-et-transportable-grise\/#breadcrumb","itemListElement":[{"@type":"ListItem","position":1,"name":"Accueil","item":"https:\/\/wip.universanimalier.com\/"},{"@type":"ListItem","position":2,"name":"Boutique","item":"https:\/\/wip.universanimalier.com\/boutique\/"},{"@type":"ListItem","position":3,"name":"Niche d&rsquo;int\u00e9rieur pliable et transportable grise"}]},{"@type":"WebSite","@id":"https:\/\/wip.universanimalier.com\/#website","url":"https:\/\/wip.universanimalier.com\/","name":"L'univers Animalier","description":"A paradise for spoiled dogs!","publisher":{"@id":"https:\/\/wip.universanimalier.com\/#organization"},"potentialAction":[{"@type":"SearchAction","target":{"@type":"EntryPoint","urlTemplate":"https:\/\/wip.universanimalier.com\/?s={search_term_string}"},"query-input":{"@type":"PropertyValueSpecification","valueRequired":true,"valueName":"search_term_string"}}],"inLanguage":"en-US"},{"@type":"Organization","@id":"https:\/\/wip.universanimalier.com\/#organization","name":"L'univers Animalier","url":"https:\/\/wip.universanimalier.com\/","logo":{"@type":"ImageObject","inLanguage":"en-US","@id":"https:\/\/wip.universanimalier.com\/#\/schema\/logo\/image\/","url":"https:\/\/universanimalier.com\/wp-content\/uploads\/2021\/06\/logo.jpg","contentUrl":"https:\/\/universanimalier.com\/wp-content\/uploads\/2021\/06\/logo.jpg","width":800,"height":200,"caption":"L'univers Animalier"},"image":{"@id":"https:\/\/wip.universanimalier.com\/#\/schema\/logo\/image\/"},"sameAs":["https:\/\/www.facebook.com\/lunivers.animalier"]}]}},"_links":{"self":[{"href":"https:\/\/universanimalier.com\/en\/wp-json\/wp\/v2\/product\/55832"}],"collection":[{"href":"https:\/\/universanimalier.com\/en\/wp-json\/wp\/v2\/product"}],"about":[{"href":"https:\/\/universanimalier.com\/en\/wp-json\/wp\/v2\/types\/product"}],"wp:featuredmedia":[{"embeddable":true,"href":"https:\/\/universanimalier.com\/en\/wp-json\/wp\/v2\/media\/55755"}],"wp:attachment":[{"href":"https:\/\/universanimalier.com\/en\/wp-json\/wp\/v2\/media?parent=55832"}],"wp:term":[{"taxonomy":"product_brand","embeddable":true,"href":"https:\/\/universanimalier.com\/en\/wp-json\/wp\/v2\/product_brand?post=55832"},{"taxonomy":"product_cat","embeddable":true,"href":"https:\/\/universanimalier.com\/en\/wp-json\/wp\/v2\/product_cat?post=55832"},{"taxonomy":"product_tag","embeddable":true,"href":"https:\/\/universanimalier.com\/en\/wp-json\/wp\/v2\/product_tag?post=55832"}],"curies":[{"name":"wp","href":"https:\/\/api.w.org\/{rel}","templated":true}]}}