{"id":55994,"date":"2024-09-03T21:17:10","date_gmt":"2024-09-03T19:17:10","guid":{"rendered":"https:\/\/universanimalier.com\/?post_type=product&#038;p=55994"},"modified":"2024-09-05T15:17:32","modified_gmt":"2024-09-05T13:17:32","slug":"eh-gia-sac-de-voyage-air-baule-kaki-multifonctions-13-1","status":"publish","type":"product","link":"https:\/\/universanimalier.com\/en\/boutique\/eh-gia-sac-de-voyage-air-baule-kaki-multifonctions-13-1\/","title":{"rendered":"Eh Gia &#8211; Sac de voyage Air Baule kaki, multifonctions 13\/1"},"content":{"rendered":"<p>Sac \u00ab\u00a0Air Baule\u00a0\u00bb de voyage, multi fonctions en simili cuir kaki.<\/p>\n<p>Pour tous les jours mais aussi pour un voyage en avion, en train, en voiture, &#8230; en toute s\u00e9curit\u00e9 et avec du confort pour votre petit prot\u00e9g\u00e9. Il peut \u00e9galement s&rsquo;utiliser en <strong>car seat<\/strong>.<\/p>\n<ul>\n<li>Cotton interior<\/li>\n<li>Coussin int\u00e9rieur confortable, amovible et d\u00e9houssable<\/li>\n<li>Ecriture Eh Gia dor\u00e9e<\/li>\n<li>Anses pour l&rsquo;\u00e9paule<\/li>\n<li>Adjustable and removable shoulder strap<\/li>\n<li>Poche de rangement avec fermeture \u00e9clair<\/li>\n<li>Fully resealable thanks to the net on the top<\/li>\n<li>Fasteners at the back to hang it on the car seat (belt passage)<\/li>\n<li>A\u00e9rations sur le c\u00f4t\u00e9<\/li>\n<li>Possibilit\u00e9 de l&rsquo;accrocher \u00e0 sa valise \/ trollet<\/li>\n<li>1 interior clip for safety<\/li>\n<li>Dimensions: approx. 40 x 20 x 25 cm<\/li>\n<li>Taille id\u00e9ale pour l&rsquo;avion dans toutes les compagnies a\u00e9riennes<\/li>\n<\/ul>","protected":false},"excerpt":{"rendered":"<p>Sac \u00ab\u00a0Air Baule\u00a0\u00bb de voyage, multi fonctions en simili cuir kaki.<\/p>\n<p>Pour tous les jours mais aussi pour un voyage en avion, en train, en voiture, &#8230; en toute s\u00e9curit\u00e9 et avec du confort pour votre petit prot\u00e9g\u00e9. Il peut \u00e9galement s&rsquo;utiliser en <strong>car seat<\/strong>.<\/p>\n<ul>\n<li>Cotton interior<\/li>\n<li>Coussin int\u00e9rieur confortable, amovible et d\u00e9houssable<\/li>\n<li>Ecriture Eh Gia dor\u00e9e<\/li>\n<li>Anses pour l&rsquo;\u00e9paule<\/li>\n<li>Adjustable and removable shoulder strap<\/li>\n<li>Poche de rangement avec fermeture \u00e9clair<\/li>\n<li>Fully resealable thanks to the net on the top<\/li>\n<li>Fasteners at the back to hang it on the car seat (belt passage)<\/li>\n<li>A\u00e9rations sur le c\u00f4t\u00e9<\/li>\n<li>Possibilit\u00e9 de l&rsquo;accrocher \u00e0 sa valise \/ trollet<\/li>\n<li>1 interior clip for safety<\/li>\n<li>Dimensions: approx. 40 x 20 x 25 cm<\/li>\n<li>Taille id\u00e9ale pour l&rsquo;avion dans toutes les compagnies a\u00e9riennes<\/li>\n<li><\/li>\n<\/ul>","protected":false},"featured_media":55990,"template":"","meta":[],"product_brand":[],"product_cat":[5134,16,1066],"product_tag":[333,350,235,1666,147,8576,8574,3025,2438,3843,8506,3247,8573,1948],"class_list":{"0":"post-55994","1":"product","2":"type-product","3":"status-publish","4":"has-post-thumbnail","6":"product_cat-en-balade","7":"product_cat-sacs-de-transport","8":"product_cat-sieges-auto","9":"product_tag-bag","10":"product_tag-chic","11":"product_tag-eh-gia","12":"product_tag-petit-chien","13":"product_tag-sac","14":"product_tag-sac-air-baule","15":"product_tag-sac-aircraft","16":"product_tag-sac-de-voyage-pour-chien","17":"product_tag-sac-eh-gia","18":"product_tag-sac-kaki-pour-chien","19":"product_tag-sac-multi-saisons","20":"product_tag-sac-multifonctions","21":"product_tag-sac-pour-avion-pour-chien","22":"product_tag-siege-auto-pour-chien","24":"first","25":"instock","26":"shipping-taxable","27":"purchasable","28":"product-type-simple"},"yoast_head":"<!-- This site is optimized with the Yoast SEO plugin v25.5 - https:\/\/yoast.com\/wordpress\/plugins\/seo\/ -->\n<title>Eh Gia - Sac de voyage Air Baule kaki, multifonctions 13\/1 - L&#039;univers Animalier<\/title>\n<meta name=\"description\" content=\"Eh Gia - Sac de voyage Air Baule kaki, multifonctions 13\/1\" \/>\n<meta name=\"robots\" content=\"index, follow, max-snippet:-1, max-image-preview:large, max-video-preview:-1\" \/>\n<link rel=\"canonical\" href=\"https:\/\/universanimalier.com\/en\/boutique\/eh-gia-sac-de-voyage-air-baule-kaki-multifonctions-13-1\/\" \/>\n<meta property=\"og:locale\" content=\"en_US\" \/>\n<meta property=\"og:type\" content=\"article\" \/>\n<meta property=\"og:title\" content=\"Eh Gia - Sac de voyage Air Baule kaki, multifonctions 13\/1 - L&#039;univers Animalier\" \/>\n<meta property=\"og:description\" content=\"Eh Gia - Sac de voyage Air Baule kaki, multifonctions 13\/1\" \/>\n<meta property=\"og:url\" content=\"https:\/\/universanimalier.com\/en\/boutique\/eh-gia-sac-de-voyage-air-baule-kaki-multifonctions-13-1\/\" \/>\n<meta property=\"og:site_name\" content=\"L&#039;univers Animalier\" \/>\n<meta property=\"article:publisher\" content=\"https:\/\/www.facebook.com\/lunivers.animalier\" \/>\n<meta property=\"article:modified_time\" content=\"2024-09-05T13:17:32+00:00\" \/>\n<meta property=\"og:image\" content=\"https:\/\/wip.universanimalier.com\/wp-content\/uploads\/2024\/09\/IMG_4062.jpeg\" \/>\n\t<meta property=\"og:image:width\" content=\"1440\" \/>\n\t<meta property=\"og:image:height\" content=\"1700\" \/>\n\t<meta property=\"og:image:type\" content=\"image\/jpeg\" \/>\n<meta name=\"twitter:card\" content=\"summary_large_image\" \/>\n<meta name=\"twitter:label1\" content=\"Est. reading time\" \/>\n\t<meta name=\"twitter:data1\" content=\"1 minute\" \/>\n<script type=\"application\/ld+json\" class=\"yoast-schema-graph\">{\"@context\":\"https:\/\/schema.org\",\"@graph\":[{\"@type\":\"WebPage\",\"@id\":\"https:\/\/universanimalier.com\/en\/boutique\/eh-gia-sac-de-voyage-air-baule-kaki-multifonctions-13-1\/\",\"url\":\"https:\/\/universanimalier.com\/en\/boutique\/eh-gia-sac-de-voyage-air-baule-kaki-multifonctions-13-1\/\",\"name\":\"Eh Gia - Sac de voyage Air Baule kaki, multifonctions 13\/1 - L&#039;univers Animalier\",\"isPartOf\":{\"@id\":\"https:\/\/wip.universanimalier.com\/#website\"},\"primaryImageOfPage\":{\"@id\":\"https:\/\/universanimalier.com\/en\/boutique\/eh-gia-sac-de-voyage-air-baule-kaki-multifonctions-13-1\/#primaryimage\"},\"image\":{\"@id\":\"https:\/\/universanimalier.com\/en\/boutique\/eh-gia-sac-de-voyage-air-baule-kaki-multifonctions-13-1\/#primaryimage\"},\"thumbnailUrl\":\"https:\/\/universanimalier.com\/wp-content\/uploads\/2024\/09\/IMG_4062.jpeg\",\"datePublished\":\"2024-09-03T19:17:10+00:00\",\"dateModified\":\"2024-09-05T13:17:32+00:00\",\"description\":\"Eh Gia - Sac de voyage Air Baule kaki, multifonctions 13\/1\",\"breadcrumb\":{\"@id\":\"https:\/\/universanimalier.com\/en\/boutique\/eh-gia-sac-de-voyage-air-baule-kaki-multifonctions-13-1\/#breadcrumb\"},\"inLanguage\":\"en-US\",\"potentialAction\":[{\"@type\":\"ReadAction\",\"target\":[\"https:\/\/universanimalier.com\/en\/boutique\/eh-gia-sac-de-voyage-air-baule-kaki-multifonctions-13-1\/\"]}]},{\"@type\":\"ImageObject\",\"inLanguage\":\"en-US\",\"@id\":\"https:\/\/universanimalier.com\/en\/boutique\/eh-gia-sac-de-voyage-air-baule-kaki-multifonctions-13-1\/#primaryimage\",\"url\":\"https:\/\/universanimalier.com\/wp-content\/uploads\/2024\/09\/IMG_4062.jpeg\",\"contentUrl\":\"https:\/\/universanimalier.com\/wp-content\/uploads\/2024\/09\/IMG_4062.jpeg\",\"width\":1440,\"height\":1700},{\"@type\":\"BreadcrumbList\",\"@id\":\"https:\/\/universanimalier.com\/en\/boutique\/eh-gia-sac-de-voyage-air-baule-kaki-multifonctions-13-1\/#breadcrumb\",\"itemListElement\":[{\"@type\":\"ListItem\",\"position\":1,\"name\":\"Accueil\",\"item\":\"https:\/\/wip.universanimalier.com\/\"},{\"@type\":\"ListItem\",\"position\":2,\"name\":\"Boutique\",\"item\":\"https:\/\/wip.universanimalier.com\/boutique\/\"},{\"@type\":\"ListItem\",\"position\":3,\"name\":\"Eh Gia &#8211; Sac de voyage Air Baule kaki, multifonctions 13\/1\"}]},{\"@type\":\"WebSite\",\"@id\":\"https:\/\/wip.universanimalier.com\/#website\",\"url\":\"https:\/\/wip.universanimalier.com\/\",\"name\":\"L'univers Animalier\",\"description\":\"Le paradis des chiens g\u00e2t\u00e9s !\",\"publisher\":{\"@id\":\"https:\/\/wip.universanimalier.com\/#organization\"},\"potentialAction\":[{\"@type\":\"SearchAction\",\"target\":{\"@type\":\"EntryPoint\",\"urlTemplate\":\"https:\/\/wip.universanimalier.com\/?s={search_term_string}\"},\"query-input\":{\"@type\":\"PropertyValueSpecification\",\"valueRequired\":true,\"valueName\":\"search_term_string\"}}],\"inLanguage\":\"en-US\"},{\"@type\":\"Organization\",\"@id\":\"https:\/\/wip.universanimalier.com\/#organization\",\"name\":\"L'univers Animalier\",\"url\":\"https:\/\/wip.universanimalier.com\/\",\"logo\":{\"@type\":\"ImageObject\",\"inLanguage\":\"en-US\",\"@id\":\"https:\/\/wip.universanimalier.com\/#\/schema\/logo\/image\/\",\"url\":\"https:\/\/universanimalier.com\/wp-content\/uploads\/2021\/06\/logo.jpg\",\"contentUrl\":\"https:\/\/universanimalier.com\/wp-content\/uploads\/2021\/06\/logo.jpg\",\"width\":800,\"height\":200,\"caption\":\"L'univers Animalier\"},\"image\":{\"@id\":\"https:\/\/wip.universanimalier.com\/#\/schema\/logo\/image\/\"},\"sameAs\":[\"https:\/\/www.facebook.com\/lunivers.animalier\"]}]}<\/script>\n<!-- \/ Yoast SEO plugin. -->","yoast_head_json":{"title":"Eh Gia - Sac de voyage Air Baule kaki, multifonctions 13\/1 - L&#039;univers Animalier","description":"Eh Gia - Sac de voyage Air Baule kaki, multifonctions 13\/1","robots":{"index":"index","follow":"follow","max-snippet":"max-snippet:-1","max-image-preview":"max-image-preview:large","max-video-preview":"max-video-preview:-1"},"canonical":"https:\/\/universanimalier.com\/en\/boutique\/eh-gia-sac-de-voyage-air-baule-kaki-multifonctions-13-1\/","og_locale":"en_US","og_type":"article","og_title":"Eh Gia - Sac de voyage Air Baule kaki, multifonctions 13\/1 - L&#039;univers Animalier","og_description":"Eh Gia - Sac de voyage Air Baule kaki, multifonctions 13\/1","og_url":"https:\/\/universanimalier.com\/en\/boutique\/eh-gia-sac-de-voyage-air-baule-kaki-multifonctions-13-1\/","og_site_name":"L&#039;univers Animalier","article_publisher":"https:\/\/www.facebook.com\/lunivers.animalier","article_modified_time":"2024-09-05T13:17:32+00:00","og_image":[{"width":1440,"height":1700,"url":"https:\/\/wip.universanimalier.com\/wp-content\/uploads\/2024\/09\/IMG_4062.jpeg","type":"image\/jpeg"}],"twitter_card":"summary_large_image","twitter_misc":{"Est. reading time":"1 minute"},"schema":{"@context":"https:\/\/schema.org","@graph":[{"@type":"WebPage","@id":"https:\/\/universanimalier.com\/en\/boutique\/eh-gia-sac-de-voyage-air-baule-kaki-multifonctions-13-1\/","url":"https:\/\/universanimalier.com\/en\/boutique\/eh-gia-sac-de-voyage-air-baule-kaki-multifonctions-13-1\/","name":"Eh Gia - Sac de voyage Air Baule kaki, multifonctions 13\/1 - L&#039;univers Animalier","isPartOf":{"@id":"https:\/\/wip.universanimalier.com\/#website"},"primaryImageOfPage":{"@id":"https:\/\/universanimalier.com\/en\/boutique\/eh-gia-sac-de-voyage-air-baule-kaki-multifonctions-13-1\/#primaryimage"},"image":{"@id":"https:\/\/universanimalier.com\/en\/boutique\/eh-gia-sac-de-voyage-air-baule-kaki-multifonctions-13-1\/#primaryimage"},"thumbnailUrl":"https:\/\/universanimalier.com\/wp-content\/uploads\/2024\/09\/IMG_4062.jpeg","datePublished":"2024-09-03T19:17:10+00:00","dateModified":"2024-09-05T13:17:32+00:00","description":"Eh Gia - Sac de voyage Air Baule kaki, multifonctions 13\/1","breadcrumb":{"@id":"https:\/\/universanimalier.com\/en\/boutique\/eh-gia-sac-de-voyage-air-baule-kaki-multifonctions-13-1\/#breadcrumb"},"inLanguage":"en-US","potentialAction":[{"@type":"ReadAction","target":["https:\/\/universanimalier.com\/en\/boutique\/eh-gia-sac-de-voyage-air-baule-kaki-multifonctions-13-1\/"]}]},{"@type":"ImageObject","inLanguage":"en-US","@id":"https:\/\/universanimalier.com\/en\/boutique\/eh-gia-sac-de-voyage-air-baule-kaki-multifonctions-13-1\/#primaryimage","url":"https:\/\/universanimalier.com\/wp-content\/uploads\/2024\/09\/IMG_4062.jpeg","contentUrl":"https:\/\/universanimalier.com\/wp-content\/uploads\/2024\/09\/IMG_4062.jpeg","width":1440,"height":1700},{"@type":"BreadcrumbList","@id":"https:\/\/universanimalier.com\/en\/boutique\/eh-gia-sac-de-voyage-air-baule-kaki-multifonctions-13-1\/#breadcrumb","itemListElement":[{"@type":"ListItem","position":1,"name":"Accueil","item":"https:\/\/wip.universanimalier.com\/"},{"@type":"ListItem","position":2,"name":"Boutique","item":"https:\/\/wip.universanimalier.com\/boutique\/"},{"@type":"ListItem","position":3,"name":"Eh Gia &#8211; Sac de voyage Air Baule kaki, multifonctions 13\/1"}]},{"@type":"WebSite","@id":"https:\/\/wip.universanimalier.com\/#website","url":"https:\/\/wip.universanimalier.com\/","name":"L'univers Animalier","description":"A paradise for spoiled dogs!","publisher":{"@id":"https:\/\/wip.universanimalier.com\/#organization"},"potentialAction":[{"@type":"SearchAction","target":{"@type":"EntryPoint","urlTemplate":"https:\/\/wip.universanimalier.com\/?s={search_term_string}"},"query-input":{"@type":"PropertyValueSpecification","valueRequired":true,"valueName":"search_term_string"}}],"inLanguage":"en-US"},{"@type":"Organization","@id":"https:\/\/wip.universanimalier.com\/#organization","name":"L'univers Animalier","url":"https:\/\/wip.universanimalier.com\/","logo":{"@type":"ImageObject","inLanguage":"en-US","@id":"https:\/\/wip.universanimalier.com\/#\/schema\/logo\/image\/","url":"https:\/\/universanimalier.com\/wp-content\/uploads\/2021\/06\/logo.jpg","contentUrl":"https:\/\/universanimalier.com\/wp-content\/uploads\/2021\/06\/logo.jpg","width":800,"height":200,"caption":"L'univers Animalier"},"image":{"@id":"https:\/\/wip.universanimalier.com\/#\/schema\/logo\/image\/"},"sameAs":["https:\/\/www.facebook.com\/lunivers.animalier"]}]}},"_links":{"self":[{"href":"https:\/\/universanimalier.com\/en\/wp-json\/wp\/v2\/product\/55994"}],"collection":[{"href":"https:\/\/universanimalier.com\/en\/wp-json\/wp\/v2\/product"}],"about":[{"href":"https:\/\/universanimalier.com\/en\/wp-json\/wp\/v2\/types\/product"}],"wp:featuredmedia":[{"embeddable":true,"href":"https:\/\/universanimalier.com\/en\/wp-json\/wp\/v2\/media\/55990"}],"wp:attachment":[{"href":"https:\/\/universanimalier.com\/en\/wp-json\/wp\/v2\/media?parent=55994"}],"wp:term":[{"taxonomy":"product_brand","embeddable":true,"href":"https:\/\/universanimalier.com\/en\/wp-json\/wp\/v2\/product_brand?post=55994"},{"taxonomy":"product_cat","embeddable":true,"href":"https:\/\/universanimalier.com\/en\/wp-json\/wp\/v2\/product_cat?post=55994"},{"taxonomy":"product_tag","embeddable":true,"href":"https:\/\/universanimalier.com\/en\/wp-json\/wp\/v2\/product_tag?post=55994"}],"curies":[{"name":"wp","href":"https:\/\/api.w.org\/{rel}","templated":true}]}}