{"id":56289,"date":"2024-09-14T08:59:04","date_gmt":"2024-09-14T06:59:04","guid":{"rendered":"https:\/\/universanimalier.com\/?post_type=product&#038;p=56289"},"modified":"2025-01-22T11:50:42","modified_gmt":"2025-01-22T10:50:42","slug":"sac-a-dos-de-transport-willow-beige","status":"publish","type":"product","link":"https:\/\/universanimalier.com\/en\/boutique\/sac-a-dos-de-transport-willow-beige\/","title":{"rendered":"Sac \u00e0 dos de transport Willow beige"},"content":{"rendered":"<p>Joli sac \u00e0 dos de transport beige.<\/p>\n<p>Pratique et confortable pour vous et votre petit compagnon, il convient parfaitement pour les longues promenades, les voyages et le trekking.<\/p>\n<div class=\"mb-3 row\">\n<div class=\"col\">\n<div class=\"description\">\n<ul>\n<li>tr\u00e8s confortable \u00e0 porter gr\u00e2ce aux sangles (r\u00e9glable en continu)<\/li>\n<li>avec inserts en filet pour une bonne circulation de l&rsquo;air<\/li>\n<li>ouverture frontale<\/li>\n<li>diff\u00e9rentes ouvertures avec filets<\/li>\n<li>sangle ventrale r\u00e9glable en continu<\/li>\n<li>partie dorsale rembourr\u00e9e<\/li>\n<li>with outside pocket<\/li>\n<li>with integrated safety clip, for attaching to harness or collar<\/li>\n<li>fond rembourr\u00e9 aspect fourrure mouton, amovible et lavable<\/li>\n<li>forme stable avec polyester<\/li>\n<li>\n<div class=\"mb-3 row\">\n<div class=\"col\">\n<div>Dimensions: 38 \u00d7 25 \u00d7 45 cm, supporte un poids jusqu&rsquo;\u00e0 7 kg<\/div>\n<\/div>\n<\/div>\n<\/li>\n<\/ul>\n<\/div>\n<\/div>\n<\/div>","protected":false},"excerpt":{"rendered":"<p>Joli sac \u00e0 dos de transport beige.<\/p>\n<p>Pratique et confortable pour vous et votre petit compagnon, il convient parfaitement pour les longues promenades, les voyages et le trekking.<\/p>\n<div class=\"mb-3 row\">\n<div class=\"col\">\n<div class=\"description\">\n<ul>\n<li>tr\u00e8s confortable \u00e0 porter gr\u00e2ce aux sangles (r\u00e9glable en continu)<\/li>\n<li>avec inserts en filet pour une bonne circulation de l&rsquo;air<\/li>\n<li>ouverture frontale<\/li>\n<li>diff\u00e9rentes ouvertures avec filets<\/li>\n<li>sangle ventrale r\u00e9glable en continu<\/li>\n<li>partie dorsale rembourr\u00e9e<\/li>\n<li>with outside pocket<\/li>\n<li>with integrated safety clip, for attaching to harness or collar<\/li>\n<li>fond rembourr\u00e9 aspect fourrure mouton, amovible et lavable<\/li>\n<li>forme stable avec polyester<\/li>\n<li>\n<div class=\"mb-3 row\">\n<div class=\"col\">\n<div>Dimensions: 38 \u00d7 25 \u00d7 45 cm, supporte un poids jusqu&rsquo;\u00e0 7 kg<\/div>\n<\/div>\n<\/div>\n<\/li>\n<\/ul>\n<\/div>\n<\/div>\n<\/div>","protected":false},"featured_media":56288,"template":"","meta":[],"product_brand":[],"product_cat":[5134,8031,1144,16],"product_tag":[333,1666,147,7352,8640,8641,6949,8639,6951,7477,6948,3248,8555,817,6938],"class_list":{"0":"post-56289","1":"product","2":"type-product","3":"status-publish","4":"has-post-thumbnail","6":"product_cat-en-balade","7":"product_cat-sacs-a-dos","8":"product_cat-chats","9":"product_cat-sacs-de-transport","10":"product_tag-bag","11":"product_tag-petit-chien","12":"product_tag-sac","13":"product_tag-sac-a-dos-beige","14":"product_tag-sac-a-dos-beige-pour-chien","15":"product_tag-sac-a-dos-beige-pour-chien-et-chat","16":"product_tag-sac-a-dos-de-transport","17":"product_tag-sac-a-dos-de-transport-willow-beige","18":"product_tag-sac-a-dos-gris","19":"product_tag-sac-a-dos-noir-pour-chien","20":"product_tag-sac-a-dos-pour-chat","21":"product_tag-sac-a-dos-pour-chien","22":"product_tag-sac-de-trekking","23":"product_tag-sac-pour-chien","24":"product_tag-sac-trixie","26":"first","27":"instock","28":"shipping-taxable","29":"purchasable","30":"product-type-simple"},"yoast_head":"<!-- This site is optimized with the Yoast SEO plugin v25.5 - https:\/\/yoast.com\/wordpress\/plugins\/seo\/ -->\n<title>Sac \u00e0 dos de transport Willow beige - L&#039;univers Animalier<\/title>\n<meta name=\"description\" content=\"Trixie - Sac \u00e0 dos de transport Willow beige\" \/>\n<meta name=\"robots\" content=\"index, follow, max-snippet:-1, max-image-preview:large, max-video-preview:-1\" \/>\n<link rel=\"canonical\" href=\"https:\/\/universanimalier.com\/en\/boutique\/sac-a-dos-de-transport-willow-beige\/\" \/>\n<meta property=\"og:locale\" content=\"en_US\" \/>\n<meta property=\"og:type\" content=\"article\" \/>\n<meta property=\"og:title\" content=\"Sac \u00e0 dos de transport Willow beige - L&#039;univers Animalier\" \/>\n<meta property=\"og:description\" content=\"Trixie - Sac \u00e0 dos de transport Willow beige\" \/>\n<meta property=\"og:url\" content=\"https:\/\/universanimalier.com\/en\/boutique\/sac-a-dos-de-transport-willow-beige\/\" \/>\n<meta property=\"og:site_name\" content=\"L&#039;univers Animalier\" \/>\n<meta property=\"article:publisher\" content=\"https:\/\/www.facebook.com\/lunivers.animalier\" \/>\n<meta property=\"article:modified_time\" content=\"2025-01-22T10:50:42+00:00\" \/>\n<meta property=\"og:image\" content=\"https:\/\/universanimalier.com\/wp-content\/uploads\/2024\/09\/IMG_4414.jpeg\" \/>\n\t<meta property=\"og:image:width\" content=\"640\" \/>\n\t<meta property=\"og:image:height\" content=\"640\" \/>\n\t<meta property=\"og:image:type\" content=\"image\/jpeg\" \/>\n<meta name=\"twitter:card\" content=\"summary_large_image\" \/>\n<meta name=\"twitter:label1\" content=\"Est. reading time\" \/>\n\t<meta name=\"twitter:data1\" content=\"1 minute\" \/>\n<script type=\"application\/ld+json\" class=\"yoast-schema-graph\">{\"@context\":\"https:\/\/schema.org\",\"@graph\":[{\"@type\":\"WebPage\",\"@id\":\"https:\/\/universanimalier.com\/boutique\/sac-a-dos-de-transport-willow-beige\/\",\"url\":\"https:\/\/universanimalier.com\/boutique\/sac-a-dos-de-transport-willow-beige\/\",\"name\":\"Sac \u00e0 dos de transport Willow beige - L&#039;univers Animalier\",\"isPartOf\":{\"@id\":\"https:\/\/wip.universanimalier.com\/#website\"},\"primaryImageOfPage\":{\"@id\":\"https:\/\/universanimalier.com\/boutique\/sac-a-dos-de-transport-willow-beige\/#primaryimage\"},\"image\":{\"@id\":\"https:\/\/universanimalier.com\/boutique\/sac-a-dos-de-transport-willow-beige\/#primaryimage\"},\"thumbnailUrl\":\"https:\/\/universanimalier.com\/wp-content\/uploads\/2024\/09\/IMG_4414.jpeg\",\"datePublished\":\"2024-09-14T06:59:04+00:00\",\"dateModified\":\"2025-01-22T10:50:42+00:00\",\"description\":\"Trixie - Sac \u00e0 dos de transport Willow beige\",\"breadcrumb\":{\"@id\":\"https:\/\/universanimalier.com\/boutique\/sac-a-dos-de-transport-willow-beige\/#breadcrumb\"},\"inLanguage\":\"en-US\",\"potentialAction\":[{\"@type\":\"ReadAction\",\"target\":[\"https:\/\/universanimalier.com\/boutique\/sac-a-dos-de-transport-willow-beige\/\"]}]},{\"@type\":\"ImageObject\",\"inLanguage\":\"en-US\",\"@id\":\"https:\/\/universanimalier.com\/boutique\/sac-a-dos-de-transport-willow-beige\/#primaryimage\",\"url\":\"https:\/\/universanimalier.com\/wp-content\/uploads\/2024\/09\/IMG_4414.jpeg\",\"contentUrl\":\"https:\/\/universanimalier.com\/wp-content\/uploads\/2024\/09\/IMG_4414.jpeg\",\"width\":640,\"height\":640},{\"@type\":\"BreadcrumbList\",\"@id\":\"https:\/\/universanimalier.com\/boutique\/sac-a-dos-de-transport-willow-beige\/#breadcrumb\",\"itemListElement\":[{\"@type\":\"ListItem\",\"position\":1,\"name\":\"Accueil\",\"item\":\"https:\/\/wip.universanimalier.com\/\"},{\"@type\":\"ListItem\",\"position\":2,\"name\":\"Boutique\",\"item\":\"https:\/\/wip.universanimalier.com\/boutique\/\"},{\"@type\":\"ListItem\",\"position\":3,\"name\":\"Sac \u00e0 dos de transport Willow beige\"}]},{\"@type\":\"WebSite\",\"@id\":\"https:\/\/wip.universanimalier.com\/#website\",\"url\":\"https:\/\/wip.universanimalier.com\/\",\"name\":\"L'univers Animalier\",\"description\":\"Le paradis des chiens g\u00e2t\u00e9s !\",\"publisher\":{\"@id\":\"https:\/\/wip.universanimalier.com\/#organization\"},\"potentialAction\":[{\"@type\":\"SearchAction\",\"target\":{\"@type\":\"EntryPoint\",\"urlTemplate\":\"https:\/\/wip.universanimalier.com\/?s={search_term_string}\"},\"query-input\":{\"@type\":\"PropertyValueSpecification\",\"valueRequired\":true,\"valueName\":\"search_term_string\"}}],\"inLanguage\":\"en-US\"},{\"@type\":\"Organization\",\"@id\":\"https:\/\/wip.universanimalier.com\/#organization\",\"name\":\"L'univers Animalier\",\"url\":\"https:\/\/wip.universanimalier.com\/\",\"logo\":{\"@type\":\"ImageObject\",\"inLanguage\":\"en-US\",\"@id\":\"https:\/\/wip.universanimalier.com\/#\/schema\/logo\/image\/\",\"url\":\"https:\/\/universanimalier.com\/wp-content\/uploads\/2021\/06\/logo.jpg\",\"contentUrl\":\"https:\/\/universanimalier.com\/wp-content\/uploads\/2021\/06\/logo.jpg\",\"width\":800,\"height\":200,\"caption\":\"L'univers Animalier\"},\"image\":{\"@id\":\"https:\/\/wip.universanimalier.com\/#\/schema\/logo\/image\/\"},\"sameAs\":[\"https:\/\/www.facebook.com\/lunivers.animalier\"]}]}<\/script>\n<!-- \/ Yoast SEO plugin. -->","yoast_head_json":{"title":"Sac \u00e0 dos de transport Willow beige - L&#039;univers Animalier","description":"Trixie - Sac \u00e0 dos de transport Willow beige","robots":{"index":"index","follow":"follow","max-snippet":"max-snippet:-1","max-image-preview":"max-image-preview:large","max-video-preview":"max-video-preview:-1"},"canonical":"https:\/\/universanimalier.com\/en\/boutique\/sac-a-dos-de-transport-willow-beige\/","og_locale":"en_US","og_type":"article","og_title":"Sac \u00e0 dos de transport Willow beige - L&#039;univers Animalier","og_description":"Trixie - Sac \u00e0 dos de transport Willow beige","og_url":"https:\/\/universanimalier.com\/en\/boutique\/sac-a-dos-de-transport-willow-beige\/","og_site_name":"L&#039;univers Animalier","article_publisher":"https:\/\/www.facebook.com\/lunivers.animalier","article_modified_time":"2025-01-22T10:50:42+00:00","og_image":[{"width":640,"height":640,"url":"https:\/\/universanimalier.com\/wp-content\/uploads\/2024\/09\/IMG_4414.jpeg","type":"image\/jpeg"}],"twitter_card":"summary_large_image","twitter_misc":{"Est. reading time":"1 minute"},"schema":{"@context":"https:\/\/schema.org","@graph":[{"@type":"WebPage","@id":"https:\/\/universanimalier.com\/boutique\/sac-a-dos-de-transport-willow-beige\/","url":"https:\/\/universanimalier.com\/boutique\/sac-a-dos-de-transport-willow-beige\/","name":"Sac \u00e0 dos de transport Willow beige - L&#039;univers Animalier","isPartOf":{"@id":"https:\/\/wip.universanimalier.com\/#website"},"primaryImageOfPage":{"@id":"https:\/\/universanimalier.com\/boutique\/sac-a-dos-de-transport-willow-beige\/#primaryimage"},"image":{"@id":"https:\/\/universanimalier.com\/boutique\/sac-a-dos-de-transport-willow-beige\/#primaryimage"},"thumbnailUrl":"https:\/\/universanimalier.com\/wp-content\/uploads\/2024\/09\/IMG_4414.jpeg","datePublished":"2024-09-14T06:59:04+00:00","dateModified":"2025-01-22T10:50:42+00:00","description":"Trixie - Sac \u00e0 dos de transport Willow beige","breadcrumb":{"@id":"https:\/\/universanimalier.com\/boutique\/sac-a-dos-de-transport-willow-beige\/#breadcrumb"},"inLanguage":"en-US","potentialAction":[{"@type":"ReadAction","target":["https:\/\/universanimalier.com\/boutique\/sac-a-dos-de-transport-willow-beige\/"]}]},{"@type":"ImageObject","inLanguage":"en-US","@id":"https:\/\/universanimalier.com\/boutique\/sac-a-dos-de-transport-willow-beige\/#primaryimage","url":"https:\/\/universanimalier.com\/wp-content\/uploads\/2024\/09\/IMG_4414.jpeg","contentUrl":"https:\/\/universanimalier.com\/wp-content\/uploads\/2024\/09\/IMG_4414.jpeg","width":640,"height":640},{"@type":"BreadcrumbList","@id":"https:\/\/universanimalier.com\/boutique\/sac-a-dos-de-transport-willow-beige\/#breadcrumb","itemListElement":[{"@type":"ListItem","position":1,"name":"Accueil","item":"https:\/\/wip.universanimalier.com\/"},{"@type":"ListItem","position":2,"name":"Boutique","item":"https:\/\/wip.universanimalier.com\/boutique\/"},{"@type":"ListItem","position":3,"name":"Sac \u00e0 dos de transport Willow beige"}]},{"@type":"WebSite","@id":"https:\/\/wip.universanimalier.com\/#website","url":"https:\/\/wip.universanimalier.com\/","name":"L'univers Animalier","description":"A paradise for spoiled dogs!","publisher":{"@id":"https:\/\/wip.universanimalier.com\/#organization"},"potentialAction":[{"@type":"SearchAction","target":{"@type":"EntryPoint","urlTemplate":"https:\/\/wip.universanimalier.com\/?s={search_term_string}"},"query-input":{"@type":"PropertyValueSpecification","valueRequired":true,"valueName":"search_term_string"}}],"inLanguage":"en-US"},{"@type":"Organization","@id":"https:\/\/wip.universanimalier.com\/#organization","name":"L'univers Animalier","url":"https:\/\/wip.universanimalier.com\/","logo":{"@type":"ImageObject","inLanguage":"en-US","@id":"https:\/\/wip.universanimalier.com\/#\/schema\/logo\/image\/","url":"https:\/\/universanimalier.com\/wp-content\/uploads\/2021\/06\/logo.jpg","contentUrl":"https:\/\/universanimalier.com\/wp-content\/uploads\/2021\/06\/logo.jpg","width":800,"height":200,"caption":"L'univers Animalier"},"image":{"@id":"https:\/\/wip.universanimalier.com\/#\/schema\/logo\/image\/"},"sameAs":["https:\/\/www.facebook.com\/lunivers.animalier"]}]}},"_links":{"self":[{"href":"https:\/\/universanimalier.com\/en\/wp-json\/wp\/v2\/product\/56289"}],"collection":[{"href":"https:\/\/universanimalier.com\/en\/wp-json\/wp\/v2\/product"}],"about":[{"href":"https:\/\/universanimalier.com\/en\/wp-json\/wp\/v2\/types\/product"}],"wp:featuredmedia":[{"embeddable":true,"href":"https:\/\/universanimalier.com\/en\/wp-json\/wp\/v2\/media\/56288"}],"wp:attachment":[{"href":"https:\/\/universanimalier.com\/en\/wp-json\/wp\/v2\/media?parent=56289"}],"wp:term":[{"taxonomy":"product_brand","embeddable":true,"href":"https:\/\/universanimalier.com\/en\/wp-json\/wp\/v2\/product_brand?post=56289"},{"taxonomy":"product_cat","embeddable":true,"href":"https:\/\/universanimalier.com\/en\/wp-json\/wp\/v2\/product_cat?post=56289"},{"taxonomy":"product_tag","embeddable":true,"href":"https:\/\/universanimalier.com\/en\/wp-json\/wp\/v2\/product_tag?post=56289"}],"curies":[{"name":"wp","href":"https:\/\/api.w.org\/{rel}","templated":true}]}}