{"id":56291,"date":"2024-09-14T09:11:55","date_gmt":"2024-09-14T07:11:55","guid":{"rendered":"https:\/\/universanimalier.com\/?post_type=product&#038;p=56291"},"modified":"2025-06-29T10:49:27","modified_gmt":"2025-06-29T08:49:27","slug":"sac-a-dos-ventral-molly-gris","status":"publish","type":"product","link":"https:\/\/universanimalier.com\/en\/boutique\/sac-a-dos-ventral-molly-gris\/","title":{"rendered":"Sac \u00e0 dos ventral Molly gris"},"content":{"rendered":"<div class=\"mb-3 row\">\n<div class=\"col\">\n<div class=\"description\">\n<div class=\"mb-3 row\">\n<div class=\"col\">\n<div class=\"mb-3 row\">\n<div class=\"col\">\n<div>Mignon petit sac ventral gris, tr\u00e8s confortable pour vous et votre petit compagnon.<\/div>\n<div class=\"mb-3 row\">\n<div class=\"col\">\n<div class=\"mb-3 row\">\n<div class=\"col\">\n<div class=\"description\">\n<ul>\n<li>contact optimal lors du transport<\/li>\n<li>avec ceinture ventrale<\/li>\n<li>with integrated safety clip, for attaching to harness or collar<\/li>\n<li>Dimensions: 25 \u00d7 38 \u00d7 17 cm, supporte un poids jusqu&rsquo;\u00e0 4 kg<\/li>\n<li>Id\u00e9al pour un petit chien ou chat<\/li>\n<\/ul>\n<\/div>\n<\/div>\n<\/div>\n<\/div>\n<\/div>\n<\/div>\n<\/div>\n<\/div>\n<\/div>\n<\/div>\n<\/div>\n<\/div>","protected":false},"excerpt":{"rendered":"<div>Mignon petit sac ventral gris, tr\u00e8s confortable pour vous et votre petit compagnon.<\/div>\n<div class=\"mb-3 row\">\n<div class=\"col\">\n<div class=\"mb-3 row\">\n<div class=\"col\">\n<div class=\"description\">\n<ul>\n<li>contact optimal lors du transport<\/li>\n<li>avec ceinture ventrale<\/li>\n<li>sangles ajustables<\/li>\n<li>with integrated safety clip, for attaching to harness or collar<\/li>\n<li>Dimensions: 25 \u00d7 38 \u00d7 17 cm, supporte un poids jusqu&rsquo;\u00e0 4 kg<\/li>\n<li>Id\u00e9al pour un petit chien ou chat<\/li>\n<\/ul>\n<\/div>\n<\/div>\n<\/div>\n<\/div>\n<\/div>","protected":false},"featured_media":56260,"template":"","meta":[],"product_brand":[],"product_cat":[5134,8031,1144,16],"product_tag":[333,1666,147,817,6938,1034,8644,8643,6177],"class_list":{"0":"post-56291","1":"product","2":"type-product","3":"status-publish","4":"has-post-thumbnail","6":"product_cat-en-balade","7":"product_cat-sacs-a-dos","8":"product_cat-chats","9":"product_cat-sacs-de-transport","10":"product_tag-bag","11":"product_tag-petit-chien","12":"product_tag-sac","13":"product_tag-sac-pour-chien","14":"product_tag-sac-trixie","15":"product_tag-sac-ventral","16":"product_tag-sac-ventral-molly-gris","17":"product_tag-sac-ventral-pour-chat","18":"product_tag-sac-ventral-pour-chien","20":"first","21":"instock","22":"shipping-taxable","23":"purchasable","24":"product-type-simple"},"yoast_head":"<!-- This site is optimized with the Yoast SEO plugin v25.5 - https:\/\/yoast.com\/wordpress\/plugins\/seo\/ -->\n<title>Sac \u00e0 dos ventral Molly gris - L&#039;univers Animalier<\/title>\n<meta name=\"description\" content=\"Trixie - Sac \u00e0 dos ventral pour chien et chat Molly gris\" \/>\n<meta name=\"robots\" content=\"index, follow, max-snippet:-1, max-image-preview:large, max-video-preview:-1\" \/>\n<link rel=\"canonical\" href=\"https:\/\/universanimalier.com\/en\/boutique\/sac-a-dos-ventral-molly-gris\/\" \/>\n<meta property=\"og:locale\" content=\"en_US\" \/>\n<meta property=\"og:type\" content=\"article\" \/>\n<meta property=\"og:title\" content=\"Sac \u00e0 dos ventral Molly gris - L&#039;univers Animalier\" \/>\n<meta property=\"og:description\" content=\"Trixie - Sac \u00e0 dos ventral pour chien et chat Molly gris\" \/>\n<meta property=\"og:url\" content=\"https:\/\/universanimalier.com\/en\/boutique\/sac-a-dos-ventral-molly-gris\/\" \/>\n<meta property=\"og:site_name\" content=\"L&#039;univers Animalier\" \/>\n<meta property=\"article:publisher\" content=\"https:\/\/www.facebook.com\/lunivers.animalier\" \/>\n<meta property=\"article:modified_time\" content=\"2025-06-29T08:49:27+00:00\" \/>\n<meta property=\"og:image\" content=\"https:\/\/universanimalier.com\/wp-content\/uploads\/2024\/09\/IMG_4442.jpeg\" \/>\n\t<meta property=\"og:image:width\" content=\"640\" \/>\n\t<meta property=\"og:image:height\" content=\"640\" \/>\n\t<meta property=\"og:image:type\" content=\"image\/jpeg\" \/>\n<meta name=\"twitter:card\" content=\"summary_large_image\" \/>\n<meta name=\"twitter:label1\" content=\"Est. reading time\" \/>\n\t<meta name=\"twitter:data1\" content=\"1 minute\" \/>\n<script type=\"application\/ld+json\" class=\"yoast-schema-graph\">{\"@context\":\"https:\/\/schema.org\",\"@graph\":[{\"@type\":\"WebPage\",\"@id\":\"https:\/\/universanimalier.com\/boutique\/sac-a-dos-ventral-molly-gris\/\",\"url\":\"https:\/\/universanimalier.com\/boutique\/sac-a-dos-ventral-molly-gris\/\",\"name\":\"Sac \u00e0 dos ventral Molly gris - L&#039;univers Animalier\",\"isPartOf\":{\"@id\":\"https:\/\/wip.universanimalier.com\/#website\"},\"primaryImageOfPage\":{\"@id\":\"https:\/\/universanimalier.com\/boutique\/sac-a-dos-ventral-molly-gris\/#primaryimage\"},\"image\":{\"@id\":\"https:\/\/universanimalier.com\/boutique\/sac-a-dos-ventral-molly-gris\/#primaryimage\"},\"thumbnailUrl\":\"https:\/\/universanimalier.com\/wp-content\/uploads\/2024\/09\/IMG_4442.jpeg\",\"datePublished\":\"2024-09-14T07:11:55+00:00\",\"dateModified\":\"2025-06-29T08:49:27+00:00\",\"description\":\"Trixie - Sac \u00e0 dos ventral pour chien et chat Molly gris\",\"breadcrumb\":{\"@id\":\"https:\/\/universanimalier.com\/boutique\/sac-a-dos-ventral-molly-gris\/#breadcrumb\"},\"inLanguage\":\"en-US\",\"potentialAction\":[{\"@type\":\"ReadAction\",\"target\":[\"https:\/\/universanimalier.com\/boutique\/sac-a-dos-ventral-molly-gris\/\"]}]},{\"@type\":\"ImageObject\",\"inLanguage\":\"en-US\",\"@id\":\"https:\/\/universanimalier.com\/boutique\/sac-a-dos-ventral-molly-gris\/#primaryimage\",\"url\":\"https:\/\/universanimalier.com\/wp-content\/uploads\/2024\/09\/IMG_4442.jpeg\",\"contentUrl\":\"https:\/\/universanimalier.com\/wp-content\/uploads\/2024\/09\/IMG_4442.jpeg\",\"width\":640,\"height\":640},{\"@type\":\"BreadcrumbList\",\"@id\":\"https:\/\/universanimalier.com\/boutique\/sac-a-dos-ventral-molly-gris\/#breadcrumb\",\"itemListElement\":[{\"@type\":\"ListItem\",\"position\":1,\"name\":\"Accueil\",\"item\":\"https:\/\/wip.universanimalier.com\/\"},{\"@type\":\"ListItem\",\"position\":2,\"name\":\"Boutique\",\"item\":\"https:\/\/wip.universanimalier.com\/boutique\/\"},{\"@type\":\"ListItem\",\"position\":3,\"name\":\"Sac \u00e0 dos ventral Molly gris\"}]},{\"@type\":\"WebSite\",\"@id\":\"https:\/\/wip.universanimalier.com\/#website\",\"url\":\"https:\/\/wip.universanimalier.com\/\",\"name\":\"L'univers Animalier\",\"description\":\"Le paradis des chiens g\u00e2t\u00e9s !\",\"publisher\":{\"@id\":\"https:\/\/wip.universanimalier.com\/#organization\"},\"potentialAction\":[{\"@type\":\"SearchAction\",\"target\":{\"@type\":\"EntryPoint\",\"urlTemplate\":\"https:\/\/wip.universanimalier.com\/?s={search_term_string}\"},\"query-input\":{\"@type\":\"PropertyValueSpecification\",\"valueRequired\":true,\"valueName\":\"search_term_string\"}}],\"inLanguage\":\"en-US\"},{\"@type\":\"Organization\",\"@id\":\"https:\/\/wip.universanimalier.com\/#organization\",\"name\":\"L'univers Animalier\",\"url\":\"https:\/\/wip.universanimalier.com\/\",\"logo\":{\"@type\":\"ImageObject\",\"inLanguage\":\"en-US\",\"@id\":\"https:\/\/wip.universanimalier.com\/#\/schema\/logo\/image\/\",\"url\":\"https:\/\/universanimalier.com\/wp-content\/uploads\/2021\/06\/logo.jpg\",\"contentUrl\":\"https:\/\/universanimalier.com\/wp-content\/uploads\/2021\/06\/logo.jpg\",\"width\":800,\"height\":200,\"caption\":\"L'univers Animalier\"},\"image\":{\"@id\":\"https:\/\/wip.universanimalier.com\/#\/schema\/logo\/image\/\"},\"sameAs\":[\"https:\/\/www.facebook.com\/lunivers.animalier\"]}]}<\/script>\n<!-- \/ Yoast SEO plugin. -->","yoast_head_json":{"title":"Sac \u00e0 dos ventral Molly gris - L&#039;univers Animalier","description":"Trixie - Sac \u00e0 dos ventral pour chien et chat Molly gris","robots":{"index":"index","follow":"follow","max-snippet":"max-snippet:-1","max-image-preview":"max-image-preview:large","max-video-preview":"max-video-preview:-1"},"canonical":"https:\/\/universanimalier.com\/en\/boutique\/sac-a-dos-ventral-molly-gris\/","og_locale":"en_US","og_type":"article","og_title":"Sac \u00e0 dos ventral Molly gris - L&#039;univers Animalier","og_description":"Trixie - Sac \u00e0 dos ventral pour chien et chat Molly gris","og_url":"https:\/\/universanimalier.com\/en\/boutique\/sac-a-dos-ventral-molly-gris\/","og_site_name":"L&#039;univers Animalier","article_publisher":"https:\/\/www.facebook.com\/lunivers.animalier","article_modified_time":"2025-06-29T08:49:27+00:00","og_image":[{"width":640,"height":640,"url":"https:\/\/universanimalier.com\/wp-content\/uploads\/2024\/09\/IMG_4442.jpeg","type":"image\/jpeg"}],"twitter_card":"summary_large_image","twitter_misc":{"Est. reading time":"1 minute"},"schema":{"@context":"https:\/\/schema.org","@graph":[{"@type":"WebPage","@id":"https:\/\/universanimalier.com\/boutique\/sac-a-dos-ventral-molly-gris\/","url":"https:\/\/universanimalier.com\/boutique\/sac-a-dos-ventral-molly-gris\/","name":"Sac \u00e0 dos ventral Molly gris - L&#039;univers Animalier","isPartOf":{"@id":"https:\/\/wip.universanimalier.com\/#website"},"primaryImageOfPage":{"@id":"https:\/\/universanimalier.com\/boutique\/sac-a-dos-ventral-molly-gris\/#primaryimage"},"image":{"@id":"https:\/\/universanimalier.com\/boutique\/sac-a-dos-ventral-molly-gris\/#primaryimage"},"thumbnailUrl":"https:\/\/universanimalier.com\/wp-content\/uploads\/2024\/09\/IMG_4442.jpeg","datePublished":"2024-09-14T07:11:55+00:00","dateModified":"2025-06-29T08:49:27+00:00","description":"Trixie - Sac \u00e0 dos ventral pour chien et chat Molly gris","breadcrumb":{"@id":"https:\/\/universanimalier.com\/boutique\/sac-a-dos-ventral-molly-gris\/#breadcrumb"},"inLanguage":"en-US","potentialAction":[{"@type":"ReadAction","target":["https:\/\/universanimalier.com\/boutique\/sac-a-dos-ventral-molly-gris\/"]}]},{"@type":"ImageObject","inLanguage":"en-US","@id":"https:\/\/universanimalier.com\/boutique\/sac-a-dos-ventral-molly-gris\/#primaryimage","url":"https:\/\/universanimalier.com\/wp-content\/uploads\/2024\/09\/IMG_4442.jpeg","contentUrl":"https:\/\/universanimalier.com\/wp-content\/uploads\/2024\/09\/IMG_4442.jpeg","width":640,"height":640},{"@type":"BreadcrumbList","@id":"https:\/\/universanimalier.com\/boutique\/sac-a-dos-ventral-molly-gris\/#breadcrumb","itemListElement":[{"@type":"ListItem","position":1,"name":"Accueil","item":"https:\/\/wip.universanimalier.com\/"},{"@type":"ListItem","position":2,"name":"Boutique","item":"https:\/\/wip.universanimalier.com\/boutique\/"},{"@type":"ListItem","position":3,"name":"Sac \u00e0 dos ventral Molly gris"}]},{"@type":"WebSite","@id":"https:\/\/wip.universanimalier.com\/#website","url":"https:\/\/wip.universanimalier.com\/","name":"L'univers Animalier","description":"A paradise for spoiled dogs!","publisher":{"@id":"https:\/\/wip.universanimalier.com\/#organization"},"potentialAction":[{"@type":"SearchAction","target":{"@type":"EntryPoint","urlTemplate":"https:\/\/wip.universanimalier.com\/?s={search_term_string}"},"query-input":{"@type":"PropertyValueSpecification","valueRequired":true,"valueName":"search_term_string"}}],"inLanguage":"en-US"},{"@type":"Organization","@id":"https:\/\/wip.universanimalier.com\/#organization","name":"L'univers Animalier","url":"https:\/\/wip.universanimalier.com\/","logo":{"@type":"ImageObject","inLanguage":"en-US","@id":"https:\/\/wip.universanimalier.com\/#\/schema\/logo\/image\/","url":"https:\/\/universanimalier.com\/wp-content\/uploads\/2021\/06\/logo.jpg","contentUrl":"https:\/\/universanimalier.com\/wp-content\/uploads\/2021\/06\/logo.jpg","width":800,"height":200,"caption":"L'univers Animalier"},"image":{"@id":"https:\/\/wip.universanimalier.com\/#\/schema\/logo\/image\/"},"sameAs":["https:\/\/www.facebook.com\/lunivers.animalier"]}]}},"_links":{"self":[{"href":"https:\/\/universanimalier.com\/en\/wp-json\/wp\/v2\/product\/56291"}],"collection":[{"href":"https:\/\/universanimalier.com\/en\/wp-json\/wp\/v2\/product"}],"about":[{"href":"https:\/\/universanimalier.com\/en\/wp-json\/wp\/v2\/types\/product"}],"wp:featuredmedia":[{"embeddable":true,"href":"https:\/\/universanimalier.com\/en\/wp-json\/wp\/v2\/media\/56260"}],"wp:attachment":[{"href":"https:\/\/universanimalier.com\/en\/wp-json\/wp\/v2\/media?parent=56291"}],"wp:term":[{"taxonomy":"product_brand","embeddable":true,"href":"https:\/\/universanimalier.com\/en\/wp-json\/wp\/v2\/product_brand?post=56291"},{"taxonomy":"product_cat","embeddable":true,"href":"https:\/\/universanimalier.com\/en\/wp-json\/wp\/v2\/product_cat?post=56291"},{"taxonomy":"product_tag","embeddable":true,"href":"https:\/\/universanimalier.com\/en\/wp-json\/wp\/v2\/product_tag?post=56291"}],"curies":[{"name":"wp","href":"https:\/\/api.w.org\/{rel}","templated":true}]}}