{"id":56788,"date":"2024-09-21T15:28:46","date_gmt":"2024-09-21T13:28:46","guid":{"rendered":"https:\/\/universanimalier.com\/?post_type=product&#038;p=56788"},"modified":"2026-01-29T22:43:12","modified_gmt":"2026-01-29T21:43:12","slug":"milkpepper-t-shirt-sweat-floki-chouette-gris","status":"publish","type":"product","link":"https:\/\/universanimalier.com\/en\/boutique\/milkpepper-t-shirt-sweat-floki-chouette-gris\/","title":{"rendered":"Milk&#038;Pepper &#8211; T-shirt sweat Floki Chouette Gris"},"content":{"rendered":"<ul>\n<li>Sweat de No\u00ebl en velours gris sp\u00e9cialement pour les petits chiens et les chiens moyens (tr\u00e8s extensible)<\/li>\n<li>Visuel de petite chouette en application de fourrure et de pailettes dor\u00e9es<\/li>\n<li>Petite plaque \u00ab\u00a0Milk&amp;Pepper\u00a0\u00bb dor\u00e9e en bas du dos<\/li>\n<\/ul>\n<p>Size guide: see photos.<\/p>","protected":false},"excerpt":{"rendered":"<ul>\n<li>Sweat de No\u00ebl en velours gris sp\u00e9cialement pour les petits chiens et les chiens moyens (tr\u00e8s extensible)<\/li>\n<li>Visuel de petite chouette en application de fourrure et de pailettes dor\u00e9es<\/li>\n<li>Petite plaque \u00ab\u00a0Milk&amp;Pepper\u00a0\u00bb dor\u00e9e en bas du dos<\/li>\n<\/ul>\n<p>Size guide: see photos.<\/p>","protected":false},"featured_media":56767,"template":"","meta":[],"product_brand":[],"product_cat":[5583,1655,1654,15],"product_tag":[617,1764,6374,995,2759,8730,5552,8732],"class_list":{"0":"post-56788","1":"product","2":"type-product","3":"status-publish","4":"has-post-thumbnail","6":"product_cat-noel","7":"product_cat-pulls-et-sweats","8":"product_cat-t-shirts","9":"product_cat-dressing","10":"product_tag-mp","11":"product_tag-milk-and-pepper","12":"product_tag-milk-and-pepper-hiver","13":"product_tag-milkandpepper","14":"product_tag-pull-pour-chien","15":"product_tag-sweat-de-noel-pour-chien","16":"product_tag-t-shirt-de-noel-pour-chien","17":"product_tag-t-shirt-sweat-floki-chouette-gris","19":"first","20":"instock","21":"featured","22":"shipping-taxable","23":"purchasable","24":"product-type-variable"},"yoast_head":"<!-- This site is optimized with the Yoast SEO plugin v25.5 - https:\/\/yoast.com\/wordpress\/plugins\/seo\/ -->\n<title>Milk&amp;Pepper - T-shirt sweat Floki Chouette Gris - L&#039;univers Animalier<\/title>\n<meta name=\"description\" content=\"Milk&amp;Pepper - T-shirt sweat Floki Chouette Gris\" \/>\n<meta name=\"robots\" content=\"index, follow, max-snippet:-1, max-image-preview:large, max-video-preview:-1\" \/>\n<link rel=\"canonical\" href=\"https:\/\/universanimalier.com\/en\/boutique\/milkpepper-t-shirt-sweat-floki-chouette-gris\/\" \/>\n<meta property=\"og:locale\" content=\"en_US\" \/>\n<meta property=\"og:type\" content=\"article\" \/>\n<meta property=\"og:title\" content=\"Milk&amp;Pepper - T-shirt sweat Floki Chouette Gris - L&#039;univers Animalier\" \/>\n<meta property=\"og:description\" content=\"Milk&amp;Pepper - T-shirt sweat Floki Chouette Gris\" \/>\n<meta property=\"og:url\" content=\"https:\/\/universanimalier.com\/en\/boutique\/milkpepper-t-shirt-sweat-floki-chouette-gris\/\" \/>\n<meta property=\"og:site_name\" content=\"L&#039;univers Animalier\" \/>\n<meta property=\"article:publisher\" content=\"https:\/\/www.facebook.com\/lunivers.animalier\" \/>\n<meta property=\"article:modified_time\" content=\"2026-01-29T21:43:12+00:00\" \/>\n<meta property=\"og:image\" content=\"https:\/\/universanimalier.com\/wp-content\/uploads\/2024\/09\/t-shirt-floki.jpg\" \/>\n\t<meta property=\"og:image:width\" content=\"480\" \/>\n\t<meta property=\"og:image:height\" content=\"585\" \/>\n\t<meta property=\"og:image:type\" content=\"image\/jpeg\" \/>\n<meta name=\"twitter:card\" content=\"summary_large_image\" \/>\n<meta name=\"twitter:label1\" content=\"Est. reading time\" \/>\n\t<meta name=\"twitter:data1\" content=\"1 minute\" \/>\n<script type=\"application\/ld+json\" class=\"yoast-schema-graph\">{\"@context\":\"https:\/\/schema.org\",\"@graph\":[{\"@type\":\"WebPage\",\"@id\":\"https:\/\/universanimalier.com\/boutique\/milkpepper-t-shirt-sweat-floki-chouette-gris\/\",\"url\":\"https:\/\/universanimalier.com\/boutique\/milkpepper-t-shirt-sweat-floki-chouette-gris\/\",\"name\":\"Milk&Pepper - T-shirt sweat Floki Chouette Gris - L&#039;univers Animalier\",\"isPartOf\":{\"@id\":\"https:\/\/wip.universanimalier.com\/#website\"},\"primaryImageOfPage\":{\"@id\":\"https:\/\/universanimalier.com\/boutique\/milkpepper-t-shirt-sweat-floki-chouette-gris\/#primaryimage\"},\"image\":{\"@id\":\"https:\/\/universanimalier.com\/boutique\/milkpepper-t-shirt-sweat-floki-chouette-gris\/#primaryimage\"},\"thumbnailUrl\":\"https:\/\/universanimalier.com\/wp-content\/uploads\/2024\/09\/t-shirt-floki.jpg\",\"datePublished\":\"2024-09-21T13:28:46+00:00\",\"dateModified\":\"2026-01-29T21:43:12+00:00\",\"description\":\"Milk&Pepper - T-shirt sweat Floki Chouette Gris\",\"breadcrumb\":{\"@id\":\"https:\/\/universanimalier.com\/boutique\/milkpepper-t-shirt-sweat-floki-chouette-gris\/#breadcrumb\"},\"inLanguage\":\"en-US\",\"potentialAction\":[{\"@type\":\"ReadAction\",\"target\":[\"https:\/\/universanimalier.com\/boutique\/milkpepper-t-shirt-sweat-floki-chouette-gris\/\"]}]},{\"@type\":\"ImageObject\",\"inLanguage\":\"en-US\",\"@id\":\"https:\/\/universanimalier.com\/boutique\/milkpepper-t-shirt-sweat-floki-chouette-gris\/#primaryimage\",\"url\":\"https:\/\/universanimalier.com\/wp-content\/uploads\/2024\/09\/t-shirt-floki.jpg\",\"contentUrl\":\"https:\/\/universanimalier.com\/wp-content\/uploads\/2024\/09\/t-shirt-floki.jpg\",\"width\":480,\"height\":585},{\"@type\":\"BreadcrumbList\",\"@id\":\"https:\/\/universanimalier.com\/boutique\/milkpepper-t-shirt-sweat-floki-chouette-gris\/#breadcrumb\",\"itemListElement\":[{\"@type\":\"ListItem\",\"position\":1,\"name\":\"Accueil\",\"item\":\"https:\/\/wip.universanimalier.com\/\"},{\"@type\":\"ListItem\",\"position\":2,\"name\":\"Boutique\",\"item\":\"https:\/\/wip.universanimalier.com\/boutique\/\"},{\"@type\":\"ListItem\",\"position\":3,\"name\":\"Milk&#038;Pepper &#8211; T-shirt sweat Floki Chouette Gris\"}]},{\"@type\":\"WebSite\",\"@id\":\"https:\/\/wip.universanimalier.com\/#website\",\"url\":\"https:\/\/wip.universanimalier.com\/\",\"name\":\"L'univers Animalier\",\"description\":\"Le paradis des chiens g\u00e2t\u00e9s !\",\"publisher\":{\"@id\":\"https:\/\/wip.universanimalier.com\/#organization\"},\"potentialAction\":[{\"@type\":\"SearchAction\",\"target\":{\"@type\":\"EntryPoint\",\"urlTemplate\":\"https:\/\/wip.universanimalier.com\/?s={search_term_string}\"},\"query-input\":{\"@type\":\"PropertyValueSpecification\",\"valueRequired\":true,\"valueName\":\"search_term_string\"}}],\"inLanguage\":\"en-US\"},{\"@type\":\"Organization\",\"@id\":\"https:\/\/wip.universanimalier.com\/#organization\",\"name\":\"L'univers Animalier\",\"url\":\"https:\/\/wip.universanimalier.com\/\",\"logo\":{\"@type\":\"ImageObject\",\"inLanguage\":\"en-US\",\"@id\":\"https:\/\/wip.universanimalier.com\/#\/schema\/logo\/image\/\",\"url\":\"https:\/\/universanimalier.com\/wp-content\/uploads\/2021\/06\/logo.jpg\",\"contentUrl\":\"https:\/\/universanimalier.com\/wp-content\/uploads\/2021\/06\/logo.jpg\",\"width\":800,\"height\":200,\"caption\":\"L'univers Animalier\"},\"image\":{\"@id\":\"https:\/\/wip.universanimalier.com\/#\/schema\/logo\/image\/\"},\"sameAs\":[\"https:\/\/www.facebook.com\/lunivers.animalier\"]}]}<\/script>\n<!-- \/ Yoast SEO plugin. -->","yoast_head_json":{"title":"Milk&Pepper - T-shirt sweat Floki Chouette Gris - L&#039;univers Animalier","description":"Milk&Pepper - T-shirt sweat Floki Chouette Gris","robots":{"index":"index","follow":"follow","max-snippet":"max-snippet:-1","max-image-preview":"max-image-preview:large","max-video-preview":"max-video-preview:-1"},"canonical":"https:\/\/universanimalier.com\/en\/boutique\/milkpepper-t-shirt-sweat-floki-chouette-gris\/","og_locale":"en_US","og_type":"article","og_title":"Milk&Pepper - T-shirt sweat Floki Chouette Gris - L&#039;univers Animalier","og_description":"Milk&Pepper - T-shirt sweat Floki Chouette Gris","og_url":"https:\/\/universanimalier.com\/en\/boutique\/milkpepper-t-shirt-sweat-floki-chouette-gris\/","og_site_name":"L&#039;univers Animalier","article_publisher":"https:\/\/www.facebook.com\/lunivers.animalier","article_modified_time":"2026-01-29T21:43:12+00:00","og_image":[{"width":480,"height":585,"url":"https:\/\/universanimalier.com\/wp-content\/uploads\/2024\/09\/t-shirt-floki.jpg","type":"image\/jpeg"}],"twitter_card":"summary_large_image","twitter_misc":{"Est. reading time":"1 minute"},"schema":{"@context":"https:\/\/schema.org","@graph":[{"@type":"WebPage","@id":"https:\/\/universanimalier.com\/boutique\/milkpepper-t-shirt-sweat-floki-chouette-gris\/","url":"https:\/\/universanimalier.com\/boutique\/milkpepper-t-shirt-sweat-floki-chouette-gris\/","name":"Milk&Pepper - T-shirt sweat Floki Chouette Gris - L&#039;univers Animalier","isPartOf":{"@id":"https:\/\/wip.universanimalier.com\/#website"},"primaryImageOfPage":{"@id":"https:\/\/universanimalier.com\/boutique\/milkpepper-t-shirt-sweat-floki-chouette-gris\/#primaryimage"},"image":{"@id":"https:\/\/universanimalier.com\/boutique\/milkpepper-t-shirt-sweat-floki-chouette-gris\/#primaryimage"},"thumbnailUrl":"https:\/\/universanimalier.com\/wp-content\/uploads\/2024\/09\/t-shirt-floki.jpg","datePublished":"2024-09-21T13:28:46+00:00","dateModified":"2026-01-29T21:43:12+00:00","description":"Milk&Pepper - T-shirt sweat Floki Chouette Gris","breadcrumb":{"@id":"https:\/\/universanimalier.com\/boutique\/milkpepper-t-shirt-sweat-floki-chouette-gris\/#breadcrumb"},"inLanguage":"en-US","potentialAction":[{"@type":"ReadAction","target":["https:\/\/universanimalier.com\/boutique\/milkpepper-t-shirt-sweat-floki-chouette-gris\/"]}]},{"@type":"ImageObject","inLanguage":"en-US","@id":"https:\/\/universanimalier.com\/boutique\/milkpepper-t-shirt-sweat-floki-chouette-gris\/#primaryimage","url":"https:\/\/universanimalier.com\/wp-content\/uploads\/2024\/09\/t-shirt-floki.jpg","contentUrl":"https:\/\/universanimalier.com\/wp-content\/uploads\/2024\/09\/t-shirt-floki.jpg","width":480,"height":585},{"@type":"BreadcrumbList","@id":"https:\/\/universanimalier.com\/boutique\/milkpepper-t-shirt-sweat-floki-chouette-gris\/#breadcrumb","itemListElement":[{"@type":"ListItem","position":1,"name":"Accueil","item":"https:\/\/wip.universanimalier.com\/"},{"@type":"ListItem","position":2,"name":"Boutique","item":"https:\/\/wip.universanimalier.com\/boutique\/"},{"@type":"ListItem","position":3,"name":"Milk&#038;Pepper &#8211; T-shirt sweat Floki Chouette Gris"}]},{"@type":"WebSite","@id":"https:\/\/wip.universanimalier.com\/#website","url":"https:\/\/wip.universanimalier.com\/","name":"L'univers Animalier","description":"A paradise for spoiled dogs!","publisher":{"@id":"https:\/\/wip.universanimalier.com\/#organization"},"potentialAction":[{"@type":"SearchAction","target":{"@type":"EntryPoint","urlTemplate":"https:\/\/wip.universanimalier.com\/?s={search_term_string}"},"query-input":{"@type":"PropertyValueSpecification","valueRequired":true,"valueName":"search_term_string"}}],"inLanguage":"en-US"},{"@type":"Organization","@id":"https:\/\/wip.universanimalier.com\/#organization","name":"L'univers Animalier","url":"https:\/\/wip.universanimalier.com\/","logo":{"@type":"ImageObject","inLanguage":"en-US","@id":"https:\/\/wip.universanimalier.com\/#\/schema\/logo\/image\/","url":"https:\/\/universanimalier.com\/wp-content\/uploads\/2021\/06\/logo.jpg","contentUrl":"https:\/\/universanimalier.com\/wp-content\/uploads\/2021\/06\/logo.jpg","width":800,"height":200,"caption":"L'univers Animalier"},"image":{"@id":"https:\/\/wip.universanimalier.com\/#\/schema\/logo\/image\/"},"sameAs":["https:\/\/www.facebook.com\/lunivers.animalier"]}]}},"_links":{"self":[{"href":"https:\/\/universanimalier.com\/en\/wp-json\/wp\/v2\/product\/56788"}],"collection":[{"href":"https:\/\/universanimalier.com\/en\/wp-json\/wp\/v2\/product"}],"about":[{"href":"https:\/\/universanimalier.com\/en\/wp-json\/wp\/v2\/types\/product"}],"wp:featuredmedia":[{"embeddable":true,"href":"https:\/\/universanimalier.com\/en\/wp-json\/wp\/v2\/media\/56767"}],"wp:attachment":[{"href":"https:\/\/universanimalier.com\/en\/wp-json\/wp\/v2\/media?parent=56788"}],"wp:term":[{"taxonomy":"product_brand","embeddable":true,"href":"https:\/\/universanimalier.com\/en\/wp-json\/wp\/v2\/product_brand?post=56788"},{"taxonomy":"product_cat","embeddable":true,"href":"https:\/\/universanimalier.com\/en\/wp-json\/wp\/v2\/product_cat?post=56788"},{"taxonomy":"product_tag","embeddable":true,"href":"https:\/\/universanimalier.com\/en\/wp-json\/wp\/v2\/product_tag?post=56788"}],"curies":[{"name":"wp","href":"https:\/\/api.w.org\/{rel}","templated":true}]}}