{"id":57282,"date":"2024-09-27T15:17:48","date_gmt":"2024-09-27T13:17:48","guid":{"rendered":"https:\/\/universanimalier.com\/?post_type=product&#038;p=57282"},"modified":"2026-02-08T14:15:36","modified_gmt":"2026-02-08T13:15:36","slug":"baubaru-tapis-coccolino-bear","status":"publish","type":"product","link":"https:\/\/universanimalier.com\/en\/boutique\/baubaru-tapis-coccolino-bear\/","title":{"rendered":"BauBar\u00f9 &#8211; Tapis Coccolino Bear"},"content":{"rendered":"<p id=\"tw-target-text\" class=\"tw-data-text tw-text-large tw-ta\" dir=\"ltr\" data-placeholder=\"Traduction\" data-ved=\"2ahUKEwjf46fkmeOIAxXihv0HHdKdORUQ3ewLegQICBAU\" aria-label=\"Texte traduit\u00a0: Le tapis Coccolino Beb\u00e8 est un tapis pratique \u00e0 porter en bandouli\u00e8re ou \u00e0 la main. Mesure : ferm\u00e9 32\u00d722 cm, ouvert 63x43cm Fabriqu\u00e9 enti\u00e8rement \u00e0 la main dans notre atelier artisanal. Il est recommand\u00e9 de laver le produit \u00e0 la main avec de l'eau ti\u00e8de et un chiffon. N'utilisez pas de nettoyants abrasifs, d'alcool ou de solvants agressifs.\"><span class=\"Y2IQFc\" lang=\"fr\">Le tapis Coccolino super douillet, doux et pratique \u00e0 en bandouli\u00e8re ou \u00e0 la main.<\/span><\/p>\n<ul>\n<li>Soft faux fur<\/li>\n<li>Lavable en machine programme d\u00e9licat (pas de produits abrasifs, pas de s\u00e9choir)<\/li>\n<li>Made in Italy<\/li>\n<li>Dimensions:\n<ul>\n<li>Ferm\u00e9: 32&#215;22 cm<\/li>\n<li>Ouvert: 63&#215;43 cm<\/li>\n<\/ul>\n<\/li>\n<\/ul>","protected":false},"excerpt":{"rendered":"<p id=\"tw-target-text\" class=\"tw-data-text tw-text-large tw-ta\" dir=\"ltr\" data-placeholder=\"Traduction\" data-ved=\"2ahUKEwjf46fkmeOIAxXihv0HHdKdORUQ3ewLegQICBAU\" aria-label=\"Texte traduit\u00a0: Le tapis Coccolino Beb\u00e8 est un tapis pratique \u00e0 porter en bandouli\u00e8re ou \u00e0 la main. Mesure : ferm\u00e9 32\u00d722 cm, ouvert 63x43cm Fabriqu\u00e9 enti\u00e8rement \u00e0 la main dans notre atelier artisanal. Il est recommand\u00e9 de laver le produit \u00e0 la main avec de l'eau ti\u00e8de et un chiffon. N'utilisez pas de nettoyants abrasifs, d'alcool ou de solvants agressifs.\"><span class=\"Y2IQFc\" lang=\"fr\">Le tapis Coccolino super douillet, doux et pratique \u00e0 en bandouli\u00e8re ou \u00e0 la main.<\/span><\/p>\n<ul>\n<li>Soft faux fur<\/li>\n<li>Lavable en machine programme d\u00e9licat (pas de produits abrasifs, pas de s\u00e9choir)<\/li>\n<li>Made in Italy<\/li>\n<li>Dimensions:\n<ul>\n<li>Ferm\u00e9: 32&#215;22 cm<\/li>\n<li>Ouvert: 63&#215;43 cm<\/li>\n<\/ul>\n<\/li>\n<\/ul>","protected":false},"featured_media":57219,"template":"","meta":[],"product_brand":[],"product_cat":[3975,24,44],"product_tag":[6170,3428,8802,8816,8817],"class_list":{"0":"post-57282","1":"product","2":"type-product","3":"status-publish","4":"has-post-thumbnail","6":"product_cat-tapis","7":"product_cat-a-la-maison","8":"product_cat-plaids","9":"product_tag-baubaru","10":"product_tag-plaid-camel","11":"product_tag-plaid-volta-beige","12":"product_tag-tapis-coccolino-baby","13":"product_tag-tapis-de-voyage-pour-chien","15":"first","16":"instock","17":"shipping-taxable","18":"purchasable","19":"product-type-simple"},"yoast_head":"<!-- This site is optimized with the Yoast SEO plugin v25.5 - https:\/\/yoast.com\/wordpress\/plugins\/seo\/ -->\n<title>BauBar\u00f9 - Tapis Coccolino Bear - L&#039;univers Animalier<\/title>\n<meta name=\"description\" content=\"BauBar\u00f9 - Tapis Coccolino Bear\" \/>\n<meta name=\"robots\" content=\"index, follow, max-snippet:-1, max-image-preview:large, max-video-preview:-1\" \/>\n<link rel=\"canonical\" href=\"https:\/\/universanimalier.com\/en\/boutique\/baubaru-tapis-coccolino-bear\/\" \/>\n<meta property=\"og:locale\" content=\"en_US\" \/>\n<meta property=\"og:type\" content=\"article\" \/>\n<meta property=\"og:title\" content=\"BauBar\u00f9 - Tapis Coccolino Bear - L&#039;univers Animalier\" \/>\n<meta property=\"og:description\" content=\"BauBar\u00f9 - Tapis Coccolino Bear\" \/>\n<meta property=\"og:url\" content=\"https:\/\/universanimalier.com\/en\/boutique\/baubaru-tapis-coccolino-bear\/\" \/>\n<meta property=\"og:site_name\" content=\"L&#039;univers Animalier\" \/>\n<meta property=\"article:publisher\" content=\"https:\/\/www.facebook.com\/lunivers.animalier\" \/>\n<meta property=\"article:modified_time\" content=\"2026-02-08T13:15:36+00:00\" \/>\n<meta property=\"og:image\" content=\"https:\/\/universanimalier.com\/wp-content\/uploads\/2024\/09\/IMG_4909.png\" \/>\n\t<meta property=\"og:image:width\" content=\"1000\" \/>\n\t<meta property=\"og:image:height\" content=\"1000\" \/>\n\t<meta property=\"og:image:type\" content=\"image\/png\" \/>\n<meta name=\"twitter:card\" content=\"summary_large_image\" \/>\n<meta name=\"twitter:label1\" content=\"Est. reading time\" \/>\n\t<meta name=\"twitter:data1\" content=\"1 minute\" \/>\n<script type=\"application\/ld+json\" class=\"yoast-schema-graph\">{\"@context\":\"https:\/\/schema.org\",\"@graph\":[{\"@type\":\"WebPage\",\"@id\":\"https:\/\/universanimalier.com\/boutique\/baubaru-tapis-coccolino-bear\/\",\"url\":\"https:\/\/universanimalier.com\/boutique\/baubaru-tapis-coccolino-bear\/\",\"name\":\"BauBar\u00f9 - Tapis Coccolino Bear - L&#039;univers Animalier\",\"isPartOf\":{\"@id\":\"https:\/\/wip.universanimalier.com\/#website\"},\"primaryImageOfPage\":{\"@id\":\"https:\/\/universanimalier.com\/boutique\/baubaru-tapis-coccolino-bear\/#primaryimage\"},\"image\":{\"@id\":\"https:\/\/universanimalier.com\/boutique\/baubaru-tapis-coccolino-bear\/#primaryimage\"},\"thumbnailUrl\":\"https:\/\/universanimalier.com\/wp-content\/uploads\/2024\/09\/IMG_4909.png\",\"datePublished\":\"2024-09-27T13:17:48+00:00\",\"dateModified\":\"2026-02-08T13:15:36+00:00\",\"description\":\"BauBar\u00f9 - Tapis Coccolino Bear\",\"breadcrumb\":{\"@id\":\"https:\/\/universanimalier.com\/boutique\/baubaru-tapis-coccolino-bear\/#breadcrumb\"},\"inLanguage\":\"en-US\",\"potentialAction\":[{\"@type\":\"ReadAction\",\"target\":[\"https:\/\/universanimalier.com\/boutique\/baubaru-tapis-coccolino-bear\/\"]}]},{\"@type\":\"ImageObject\",\"inLanguage\":\"en-US\",\"@id\":\"https:\/\/universanimalier.com\/boutique\/baubaru-tapis-coccolino-bear\/#primaryimage\",\"url\":\"https:\/\/universanimalier.com\/wp-content\/uploads\/2024\/09\/IMG_4909.png\",\"contentUrl\":\"https:\/\/universanimalier.com\/wp-content\/uploads\/2024\/09\/IMG_4909.png\",\"width\":1000,\"height\":1000},{\"@type\":\"BreadcrumbList\",\"@id\":\"https:\/\/universanimalier.com\/boutique\/baubaru-tapis-coccolino-bear\/#breadcrumb\",\"itemListElement\":[{\"@type\":\"ListItem\",\"position\":1,\"name\":\"Accueil\",\"item\":\"https:\/\/wip.universanimalier.com\/\"},{\"@type\":\"ListItem\",\"position\":2,\"name\":\"Boutique\",\"item\":\"https:\/\/wip.universanimalier.com\/boutique\/\"},{\"@type\":\"ListItem\",\"position\":3,\"name\":\"BauBar\u00f9 &#8211; Tapis Coccolino Bear\"}]},{\"@type\":\"WebSite\",\"@id\":\"https:\/\/wip.universanimalier.com\/#website\",\"url\":\"https:\/\/wip.universanimalier.com\/\",\"name\":\"L'univers Animalier\",\"description\":\"Le paradis des chiens g\u00e2t\u00e9s !\",\"publisher\":{\"@id\":\"https:\/\/wip.universanimalier.com\/#organization\"},\"potentialAction\":[{\"@type\":\"SearchAction\",\"target\":{\"@type\":\"EntryPoint\",\"urlTemplate\":\"https:\/\/wip.universanimalier.com\/?s={search_term_string}\"},\"query-input\":{\"@type\":\"PropertyValueSpecification\",\"valueRequired\":true,\"valueName\":\"search_term_string\"}}],\"inLanguage\":\"en-US\"},{\"@type\":\"Organization\",\"@id\":\"https:\/\/wip.universanimalier.com\/#organization\",\"name\":\"L'univers Animalier\",\"url\":\"https:\/\/wip.universanimalier.com\/\",\"logo\":{\"@type\":\"ImageObject\",\"inLanguage\":\"en-US\",\"@id\":\"https:\/\/wip.universanimalier.com\/#\/schema\/logo\/image\/\",\"url\":\"https:\/\/universanimalier.com\/wp-content\/uploads\/2021\/06\/logo.jpg\",\"contentUrl\":\"https:\/\/universanimalier.com\/wp-content\/uploads\/2021\/06\/logo.jpg\",\"width\":800,\"height\":200,\"caption\":\"L'univers Animalier\"},\"image\":{\"@id\":\"https:\/\/wip.universanimalier.com\/#\/schema\/logo\/image\/\"},\"sameAs\":[\"https:\/\/www.facebook.com\/lunivers.animalier\"]}]}<\/script>\n<!-- \/ Yoast SEO plugin. -->","yoast_head_json":{"title":"BauBar\u00f9 - Tapis Coccolino Bear - L&#039;univers Animalier","description":"BauBar\u00f9 - Tapis Coccolino Bear","robots":{"index":"index","follow":"follow","max-snippet":"max-snippet:-1","max-image-preview":"max-image-preview:large","max-video-preview":"max-video-preview:-1"},"canonical":"https:\/\/universanimalier.com\/en\/boutique\/baubaru-tapis-coccolino-bear\/","og_locale":"en_US","og_type":"article","og_title":"BauBar\u00f9 - Tapis Coccolino Bear - L&#039;univers Animalier","og_description":"BauBar\u00f9 - Tapis Coccolino Bear","og_url":"https:\/\/universanimalier.com\/en\/boutique\/baubaru-tapis-coccolino-bear\/","og_site_name":"L&#039;univers Animalier","article_publisher":"https:\/\/www.facebook.com\/lunivers.animalier","article_modified_time":"2026-02-08T13:15:36+00:00","og_image":[{"width":1000,"height":1000,"url":"https:\/\/universanimalier.com\/wp-content\/uploads\/2024\/09\/IMG_4909.png","type":"image\/png"}],"twitter_card":"summary_large_image","twitter_misc":{"Est. reading time":"1 minute"},"schema":{"@context":"https:\/\/schema.org","@graph":[{"@type":"WebPage","@id":"https:\/\/universanimalier.com\/boutique\/baubaru-tapis-coccolino-bear\/","url":"https:\/\/universanimalier.com\/boutique\/baubaru-tapis-coccolino-bear\/","name":"BauBar\u00f9 - Tapis Coccolino Bear - L&#039;univers Animalier","isPartOf":{"@id":"https:\/\/wip.universanimalier.com\/#website"},"primaryImageOfPage":{"@id":"https:\/\/universanimalier.com\/boutique\/baubaru-tapis-coccolino-bear\/#primaryimage"},"image":{"@id":"https:\/\/universanimalier.com\/boutique\/baubaru-tapis-coccolino-bear\/#primaryimage"},"thumbnailUrl":"https:\/\/universanimalier.com\/wp-content\/uploads\/2024\/09\/IMG_4909.png","datePublished":"2024-09-27T13:17:48+00:00","dateModified":"2026-02-08T13:15:36+00:00","description":"BauBar\u00f9 - Tapis Coccolino Bear","breadcrumb":{"@id":"https:\/\/universanimalier.com\/boutique\/baubaru-tapis-coccolino-bear\/#breadcrumb"},"inLanguage":"en-US","potentialAction":[{"@type":"ReadAction","target":["https:\/\/universanimalier.com\/boutique\/baubaru-tapis-coccolino-bear\/"]}]},{"@type":"ImageObject","inLanguage":"en-US","@id":"https:\/\/universanimalier.com\/boutique\/baubaru-tapis-coccolino-bear\/#primaryimage","url":"https:\/\/universanimalier.com\/wp-content\/uploads\/2024\/09\/IMG_4909.png","contentUrl":"https:\/\/universanimalier.com\/wp-content\/uploads\/2024\/09\/IMG_4909.png","width":1000,"height":1000},{"@type":"BreadcrumbList","@id":"https:\/\/universanimalier.com\/boutique\/baubaru-tapis-coccolino-bear\/#breadcrumb","itemListElement":[{"@type":"ListItem","position":1,"name":"Accueil","item":"https:\/\/wip.universanimalier.com\/"},{"@type":"ListItem","position":2,"name":"Boutique","item":"https:\/\/wip.universanimalier.com\/boutique\/"},{"@type":"ListItem","position":3,"name":"BauBar\u00f9 &#8211; Tapis Coccolino Bear"}]},{"@type":"WebSite","@id":"https:\/\/wip.universanimalier.com\/#website","url":"https:\/\/wip.universanimalier.com\/","name":"L'univers Animalier","description":"A paradise for spoiled dogs!","publisher":{"@id":"https:\/\/wip.universanimalier.com\/#organization"},"potentialAction":[{"@type":"SearchAction","target":{"@type":"EntryPoint","urlTemplate":"https:\/\/wip.universanimalier.com\/?s={search_term_string}"},"query-input":{"@type":"PropertyValueSpecification","valueRequired":true,"valueName":"search_term_string"}}],"inLanguage":"en-US"},{"@type":"Organization","@id":"https:\/\/wip.universanimalier.com\/#organization","name":"L'univers Animalier","url":"https:\/\/wip.universanimalier.com\/","logo":{"@type":"ImageObject","inLanguage":"en-US","@id":"https:\/\/wip.universanimalier.com\/#\/schema\/logo\/image\/","url":"https:\/\/universanimalier.com\/wp-content\/uploads\/2021\/06\/logo.jpg","contentUrl":"https:\/\/universanimalier.com\/wp-content\/uploads\/2021\/06\/logo.jpg","width":800,"height":200,"caption":"L'univers Animalier"},"image":{"@id":"https:\/\/wip.universanimalier.com\/#\/schema\/logo\/image\/"},"sameAs":["https:\/\/www.facebook.com\/lunivers.animalier"]}]}},"_links":{"self":[{"href":"https:\/\/universanimalier.com\/en\/wp-json\/wp\/v2\/product\/57282"}],"collection":[{"href":"https:\/\/universanimalier.com\/en\/wp-json\/wp\/v2\/product"}],"about":[{"href":"https:\/\/universanimalier.com\/en\/wp-json\/wp\/v2\/types\/product"}],"wp:featuredmedia":[{"embeddable":true,"href":"https:\/\/universanimalier.com\/en\/wp-json\/wp\/v2\/media\/57219"}],"wp:attachment":[{"href":"https:\/\/universanimalier.com\/en\/wp-json\/wp\/v2\/media?parent=57282"}],"wp:term":[{"taxonomy":"product_brand","embeddable":true,"href":"https:\/\/universanimalier.com\/en\/wp-json\/wp\/v2\/product_brand?post=57282"},{"taxonomy":"product_cat","embeddable":true,"href":"https:\/\/universanimalier.com\/en\/wp-json\/wp\/v2\/product_cat?post=57282"},{"taxonomy":"product_tag","embeddable":true,"href":"https:\/\/universanimalier.com\/en\/wp-json\/wp\/v2\/product_tag?post=57282"}],"curies":[{"name":"wp","href":"https:\/\/api.w.org\/{rel}","templated":true}]}}