{"id":57613,"date":"2024-10-24T22:18:01","date_gmt":"2024-10-24T20:18:01","guid":{"rendered":"https:\/\/universanimalier.com\/?post_type=product&#038;p=57613"},"modified":"2024-12-06T12:09:55","modified_gmt":"2024-12-06T11:09:55","slug":"noel-sweat-de-noel-reindeer","status":"publish","type":"product","link":"https:\/\/universanimalier.com\/en\/boutique\/noel-sweat-de-noel-reindeer\/","title":{"rendered":"No\u00ebl &#8211; Sweat de No\u00ebl Reindeer"},"content":{"rendered":"<p>Joli sweat de No\u00ebl \u00e0 capuche tout doux, avec une poche \u00ab\u00a0renne\u00a0\u00bb. Confortable et festif \ud83d\ude42<\/p>\n<p>2 sizes available (can be worn loose):<\/p>\n<ul>\n<li>Small\/Medium: 28 cm (longueur) x 46 cm (tour de corps)<\/li>\n<li>Medium\/Large: 38 cm (longueur) x 48 cm (tour de corps)<\/li>\n<\/ul>","protected":false},"excerpt":{"rendered":"<p>Joli sweat de No\u00ebl \u00e0 capuche tout doux, avec une poche \u00ab\u00a0renne\u00a0\u00bb. Confortable et festif \ud83d\ude42<\/p>\n<p>2 sizes available (can be worn loose):<\/p>\n<ul>\n<li>Small\/Medium: 28 cm (longueur) x 46 cm (tour de corps)<\/li>\n<li>Medium\/Large: 38 cm (longueur) x 48 cm (tour de corps)<\/li>\n<\/ul>","protected":false},"featured_media":57582,"template":"","meta":[],"product_brand":[],"product_cat":[5583,1655,15],"product_tag":[707,5608,1847,822,3092,3093,8877,8876,4441,8878],"class_list":{"0":"post-57613","1":"product","2":"type-product","3":"status-publish","4":"has-post-thumbnail","6":"product_cat-noel","7":"product_cat-pulls-et-sweats","8":"product_cat-dressing","9":"product_tag-christmas","10":"product_tag-christmas-knit","11":"product_tag-elf","12":"product_tag-noel","13":"product_tag-pull-de-noel","14":"product_tag-pull-de-noel-pour-chien","15":"product_tag-pull-de-noel-pour-chien-candy-cane-vert","16":"product_tag-pull-de-noel-renne-bleu-marine","17":"product_tag-pull-renne","18":"product_tag-sweat-de-noel-reindeer","20":"first","21":"instock","22":"shipping-taxable","23":"purchasable","24":"product-type-variable"},"yoast_head":"<!-- This site is optimized with the Yoast SEO plugin v25.5 - https:\/\/yoast.com\/wordpress\/plugins\/seo\/ -->\n<title>No\u00ebl - Sweat de No\u00ebl Reindeer - L&#039;univers Animalier<\/title>\n<meta name=\"description\" content=\"No\u00ebl - Sweat de No\u00ebl pour chien Reindeer\" \/>\n<meta name=\"robots\" content=\"index, follow, max-snippet:-1, max-image-preview:large, max-video-preview:-1\" \/>\n<link rel=\"canonical\" href=\"https:\/\/universanimalier.com\/en\/boutique\/noel-sweat-de-noel-reindeer\/\" \/>\n<meta property=\"og:locale\" content=\"en_US\" \/>\n<meta property=\"og:type\" content=\"article\" \/>\n<meta property=\"og:title\" content=\"No\u00ebl - Sweat de No\u00ebl Reindeer - L&#039;univers Animalier\" \/>\n<meta property=\"og:description\" content=\"No\u00ebl - Sweat de No\u00ebl pour chien Reindeer\" \/>\n<meta property=\"og:url\" content=\"https:\/\/universanimalier.com\/en\/boutique\/noel-sweat-de-noel-reindeer\/\" \/>\n<meta property=\"og:site_name\" content=\"L&#039;univers Animalier\" \/>\n<meta property=\"article:publisher\" content=\"https:\/\/www.facebook.com\/lunivers.animalier\" \/>\n<meta property=\"article:modified_time\" content=\"2024-12-06T11:09:55+00:00\" \/>\n<meta property=\"og:image\" content=\"https:\/\/universanimalier.com\/wp-content\/uploads\/2024\/10\/41043__20016.jpg\" \/>\n\t<meta property=\"og:image:width\" content=\"640\" \/>\n\t<meta property=\"og:image:height\" content=\"640\" \/>\n\t<meta property=\"og:image:type\" content=\"image\/jpeg\" \/>\n<meta name=\"twitter:card\" content=\"summary_large_image\" \/>\n<meta name=\"twitter:label1\" content=\"Est. reading time\" \/>\n\t<meta name=\"twitter:data1\" content=\"1 minute\" \/>\n<script type=\"application\/ld+json\" class=\"yoast-schema-graph\">{\"@context\":\"https:\/\/schema.org\",\"@graph\":[{\"@type\":\"WebPage\",\"@id\":\"https:\/\/universanimalier.com\/boutique\/noel-sweat-de-noel-reindeer\/\",\"url\":\"https:\/\/universanimalier.com\/boutique\/noel-sweat-de-noel-reindeer\/\",\"name\":\"No\u00ebl - Sweat de No\u00ebl Reindeer - L&#039;univers Animalier\",\"isPartOf\":{\"@id\":\"https:\/\/wip.universanimalier.com\/#website\"},\"primaryImageOfPage\":{\"@id\":\"https:\/\/universanimalier.com\/boutique\/noel-sweat-de-noel-reindeer\/#primaryimage\"},\"image\":{\"@id\":\"https:\/\/universanimalier.com\/boutique\/noel-sweat-de-noel-reindeer\/#primaryimage\"},\"thumbnailUrl\":\"https:\/\/universanimalier.com\/wp-content\/uploads\/2024\/10\/41043__20016.jpg\",\"datePublished\":\"2024-10-24T20:18:01+00:00\",\"dateModified\":\"2024-12-06T11:09:55+00:00\",\"description\":\"No\u00ebl - Sweat de No\u00ebl pour chien Reindeer\",\"breadcrumb\":{\"@id\":\"https:\/\/universanimalier.com\/boutique\/noel-sweat-de-noel-reindeer\/#breadcrumb\"},\"inLanguage\":\"en-US\",\"potentialAction\":[{\"@type\":\"ReadAction\",\"target\":[\"https:\/\/universanimalier.com\/boutique\/noel-sweat-de-noel-reindeer\/\"]}]},{\"@type\":\"ImageObject\",\"inLanguage\":\"en-US\",\"@id\":\"https:\/\/universanimalier.com\/boutique\/noel-sweat-de-noel-reindeer\/#primaryimage\",\"url\":\"https:\/\/universanimalier.com\/wp-content\/uploads\/2024\/10\/41043__20016.jpg\",\"contentUrl\":\"https:\/\/universanimalier.com\/wp-content\/uploads\/2024\/10\/41043__20016.jpg\",\"width\":640,\"height\":640},{\"@type\":\"BreadcrumbList\",\"@id\":\"https:\/\/universanimalier.com\/boutique\/noel-sweat-de-noel-reindeer\/#breadcrumb\",\"itemListElement\":[{\"@type\":\"ListItem\",\"position\":1,\"name\":\"Accueil\",\"item\":\"https:\/\/wip.universanimalier.com\/\"},{\"@type\":\"ListItem\",\"position\":2,\"name\":\"Boutique\",\"item\":\"https:\/\/wip.universanimalier.com\/boutique\/\"},{\"@type\":\"ListItem\",\"position\":3,\"name\":\"No\u00ebl &#8211; Sweat de No\u00ebl Reindeer\"}]},{\"@type\":\"WebSite\",\"@id\":\"https:\/\/wip.universanimalier.com\/#website\",\"url\":\"https:\/\/wip.universanimalier.com\/\",\"name\":\"L'univers Animalier\",\"description\":\"Le paradis des chiens g\u00e2t\u00e9s !\",\"publisher\":{\"@id\":\"https:\/\/wip.universanimalier.com\/#organization\"},\"potentialAction\":[{\"@type\":\"SearchAction\",\"target\":{\"@type\":\"EntryPoint\",\"urlTemplate\":\"https:\/\/wip.universanimalier.com\/?s={search_term_string}\"},\"query-input\":{\"@type\":\"PropertyValueSpecification\",\"valueRequired\":true,\"valueName\":\"search_term_string\"}}],\"inLanguage\":\"en-US\"},{\"@type\":\"Organization\",\"@id\":\"https:\/\/wip.universanimalier.com\/#organization\",\"name\":\"L'univers Animalier\",\"url\":\"https:\/\/wip.universanimalier.com\/\",\"logo\":{\"@type\":\"ImageObject\",\"inLanguage\":\"en-US\",\"@id\":\"https:\/\/wip.universanimalier.com\/#\/schema\/logo\/image\/\",\"url\":\"https:\/\/universanimalier.com\/wp-content\/uploads\/2021\/06\/logo.jpg\",\"contentUrl\":\"https:\/\/universanimalier.com\/wp-content\/uploads\/2021\/06\/logo.jpg\",\"width\":800,\"height\":200,\"caption\":\"L'univers Animalier\"},\"image\":{\"@id\":\"https:\/\/wip.universanimalier.com\/#\/schema\/logo\/image\/\"},\"sameAs\":[\"https:\/\/www.facebook.com\/lunivers.animalier\"]}]}<\/script>\n<!-- \/ Yoast SEO plugin. -->","yoast_head_json":{"title":"No\u00ebl - Sweat de No\u00ebl Reindeer - L&#039;univers Animalier","description":"No\u00ebl - Sweat de No\u00ebl pour chien Reindeer","robots":{"index":"index","follow":"follow","max-snippet":"max-snippet:-1","max-image-preview":"max-image-preview:large","max-video-preview":"max-video-preview:-1"},"canonical":"https:\/\/universanimalier.com\/en\/boutique\/noel-sweat-de-noel-reindeer\/","og_locale":"en_US","og_type":"article","og_title":"No\u00ebl - Sweat de No\u00ebl Reindeer - L&#039;univers Animalier","og_description":"No\u00ebl - Sweat de No\u00ebl pour chien Reindeer","og_url":"https:\/\/universanimalier.com\/en\/boutique\/noel-sweat-de-noel-reindeer\/","og_site_name":"L&#039;univers Animalier","article_publisher":"https:\/\/www.facebook.com\/lunivers.animalier","article_modified_time":"2024-12-06T11:09:55+00:00","og_image":[{"width":640,"height":640,"url":"https:\/\/universanimalier.com\/wp-content\/uploads\/2024\/10\/41043__20016.jpg","type":"image\/jpeg"}],"twitter_card":"summary_large_image","twitter_misc":{"Est. reading time":"1 minute"},"schema":{"@context":"https:\/\/schema.org","@graph":[{"@type":"WebPage","@id":"https:\/\/universanimalier.com\/boutique\/noel-sweat-de-noel-reindeer\/","url":"https:\/\/universanimalier.com\/boutique\/noel-sweat-de-noel-reindeer\/","name":"No\u00ebl - Sweat de No\u00ebl Reindeer - L&#039;univers Animalier","isPartOf":{"@id":"https:\/\/wip.universanimalier.com\/#website"},"primaryImageOfPage":{"@id":"https:\/\/universanimalier.com\/boutique\/noel-sweat-de-noel-reindeer\/#primaryimage"},"image":{"@id":"https:\/\/universanimalier.com\/boutique\/noel-sweat-de-noel-reindeer\/#primaryimage"},"thumbnailUrl":"https:\/\/universanimalier.com\/wp-content\/uploads\/2024\/10\/41043__20016.jpg","datePublished":"2024-10-24T20:18:01+00:00","dateModified":"2024-12-06T11:09:55+00:00","description":"No\u00ebl - Sweat de No\u00ebl pour chien Reindeer","breadcrumb":{"@id":"https:\/\/universanimalier.com\/boutique\/noel-sweat-de-noel-reindeer\/#breadcrumb"},"inLanguage":"en-US","potentialAction":[{"@type":"ReadAction","target":["https:\/\/universanimalier.com\/boutique\/noel-sweat-de-noel-reindeer\/"]}]},{"@type":"ImageObject","inLanguage":"en-US","@id":"https:\/\/universanimalier.com\/boutique\/noel-sweat-de-noel-reindeer\/#primaryimage","url":"https:\/\/universanimalier.com\/wp-content\/uploads\/2024\/10\/41043__20016.jpg","contentUrl":"https:\/\/universanimalier.com\/wp-content\/uploads\/2024\/10\/41043__20016.jpg","width":640,"height":640},{"@type":"BreadcrumbList","@id":"https:\/\/universanimalier.com\/boutique\/noel-sweat-de-noel-reindeer\/#breadcrumb","itemListElement":[{"@type":"ListItem","position":1,"name":"Accueil","item":"https:\/\/wip.universanimalier.com\/"},{"@type":"ListItem","position":2,"name":"Boutique","item":"https:\/\/wip.universanimalier.com\/boutique\/"},{"@type":"ListItem","position":3,"name":"No\u00ebl &#8211; Sweat de No\u00ebl Reindeer"}]},{"@type":"WebSite","@id":"https:\/\/wip.universanimalier.com\/#website","url":"https:\/\/wip.universanimalier.com\/","name":"L'univers Animalier","description":"A paradise for spoiled dogs!","publisher":{"@id":"https:\/\/wip.universanimalier.com\/#organization"},"potentialAction":[{"@type":"SearchAction","target":{"@type":"EntryPoint","urlTemplate":"https:\/\/wip.universanimalier.com\/?s={search_term_string}"},"query-input":{"@type":"PropertyValueSpecification","valueRequired":true,"valueName":"search_term_string"}}],"inLanguage":"en-US"},{"@type":"Organization","@id":"https:\/\/wip.universanimalier.com\/#organization","name":"L'univers Animalier","url":"https:\/\/wip.universanimalier.com\/","logo":{"@type":"ImageObject","inLanguage":"en-US","@id":"https:\/\/wip.universanimalier.com\/#\/schema\/logo\/image\/","url":"https:\/\/universanimalier.com\/wp-content\/uploads\/2021\/06\/logo.jpg","contentUrl":"https:\/\/universanimalier.com\/wp-content\/uploads\/2021\/06\/logo.jpg","width":800,"height":200,"caption":"L'univers Animalier"},"image":{"@id":"https:\/\/wip.universanimalier.com\/#\/schema\/logo\/image\/"},"sameAs":["https:\/\/www.facebook.com\/lunivers.animalier"]}]}},"_links":{"self":[{"href":"https:\/\/universanimalier.com\/en\/wp-json\/wp\/v2\/product\/57613"}],"collection":[{"href":"https:\/\/universanimalier.com\/en\/wp-json\/wp\/v2\/product"}],"about":[{"href":"https:\/\/universanimalier.com\/en\/wp-json\/wp\/v2\/types\/product"}],"wp:featuredmedia":[{"embeddable":true,"href":"https:\/\/universanimalier.com\/en\/wp-json\/wp\/v2\/media\/57582"}],"wp:attachment":[{"href":"https:\/\/universanimalier.com\/en\/wp-json\/wp\/v2\/media?parent=57613"}],"wp:term":[{"taxonomy":"product_brand","embeddable":true,"href":"https:\/\/universanimalier.com\/en\/wp-json\/wp\/v2\/product_brand?post=57613"},{"taxonomy":"product_cat","embeddable":true,"href":"https:\/\/universanimalier.com\/en\/wp-json\/wp\/v2\/product_cat?post=57613"},{"taxonomy":"product_tag","embeddable":true,"href":"https:\/\/universanimalier.com\/en\/wp-json\/wp\/v2\/product_tag?post=57613"}],"curies":[{"name":"wp","href":"https:\/\/api.w.org\/{rel}","templated":true}]}}