{"id":57654,"date":"2024-10-26T17:36:59","date_gmt":"2024-10-26T15:36:59","guid":{"rendered":"https:\/\/universanimalier.com\/?post_type=product&#038;p=57654"},"modified":"2024-11-28T20:57:38","modified_gmt":"2024-11-28T19:57:38","slug":"eh-gia-pochette-bandouliere-dame-beige","status":"publish","type":"product","link":"https:\/\/universanimalier.com\/en\/boutique\/eh-gia-pochette-bandouliere-dame-beige\/","title":{"rendered":"Eh Gia &#8211; Pochette bandouli\u00e8re dame Beige"},"content":{"rendered":"<p>Petite pochette bandouli\u00e8re pour dame en fausse fourrure douce. Format pratique et l\u00e9ger pour emporter le n\u00e9cessaire.<\/p>\n<ul>\n<li>Ext\u00e9rieur en fausse fourrure<\/li>\n<li>Cotton interior<\/li>\n<li>Ecriture Eh Gi\u00e0 dor\u00e9e d&rsquo;un c\u00f4t\u00e9<\/li>\n<li>Zipper<\/li>\n<li>Detachable shoulder strap<\/li>\n<li>Dimensions: environ 23 x 17 cm<\/li>\n<\/ul>","protected":false},"excerpt":{"rendered":"<p>Petite pochette bandouli\u00e8re pour dame en fausse fourrure douce. Format pratique et l\u00e9ger pour emporter le n\u00e9cessaire.<\/p>\n<ul>\n<li>Ext\u00e9rieur en fausse fourrure<\/li>\n<li>Cotton interior<\/li>\n<li>Ecriture Eh Gi\u00e0 dor\u00e9e d&rsquo;un c\u00f4t\u00e9<\/li>\n<li>Zipper<\/li>\n<li>Detachable shoulder strap<\/li>\n<li>Dimensions: environ 23 x 17 cm<\/li>\n<\/ul>","protected":false},"featured_media":57639,"template":"","meta":[],"product_brand":[],"product_cat":[5134,43,902,16],"product_tag":[333,235,1666,8883,8884,8885,2438,8506],"class_list":{"0":"post-57654","1":"product","2":"type-product","3":"status-publish","4":"has-post-thumbnail","6":"product_cat-en-balade","7":"product_cat-accessoires","8":"product_cat-pochettes-et-trousses","9":"product_cat-sacs-de-transport","10":"product_tag-bag","11":"product_tag-eh-gia","12":"product_tag-petit-chien","13":"product_tag-pochette-pour-dame","14":"product_tag-sac-bandouliere-leopard","15":"product_tag-sac-bandouliere-pour-dame","16":"product_tag-sac-eh-gia","17":"product_tag-sac-multi-saisons","19":"first","20":"instock","21":"shipping-taxable","22":"purchasable","23":"product-type-simple"},"yoast_head":"<!-- This site is optimized with the Yoast SEO plugin v25.5 - https:\/\/yoast.com\/wordpress\/plugins\/seo\/ -->\n<title>Eh Gia - Pochette bandouli\u00e8re dame Beige - L&#039;univers Animalier<\/title>\n<meta name=\"description\" content=\"Eh Gi\u00e0 - Pochette bandouli\u00e8re dame Beige\" \/>\n<meta name=\"robots\" content=\"index, follow, max-snippet:-1, max-image-preview:large, max-video-preview:-1\" \/>\n<link rel=\"canonical\" href=\"https:\/\/universanimalier.com\/en\/boutique\/eh-gia-pochette-bandouliere-dame-beige\/\" \/>\n<meta property=\"og:locale\" content=\"en_US\" \/>\n<meta property=\"og:type\" content=\"article\" \/>\n<meta property=\"og:title\" content=\"Eh Gia - Pochette bandouli\u00e8re dame Beige - L&#039;univers Animalier\" \/>\n<meta property=\"og:description\" content=\"Eh Gi\u00e0 - Pochette bandouli\u00e8re dame Beige\" \/>\n<meta property=\"og:url\" content=\"https:\/\/universanimalier.com\/en\/boutique\/eh-gia-pochette-bandouliere-dame-beige\/\" \/>\n<meta property=\"og:site_name\" content=\"L&#039;univers Animalier\" \/>\n<meta property=\"article:publisher\" content=\"https:\/\/www.facebook.com\/lunivers.animalier\" \/>\n<meta property=\"article:modified_time\" content=\"2024-11-28T19:57:38+00:00\" \/>\n<meta property=\"og:image\" content=\"https:\/\/universanimalier.com\/wp-content\/uploads\/2024\/10\/IMG_6056-scaled.jpeg\" \/>\n\t<meta property=\"og:image:width\" content=\"2560\" \/>\n\t<meta property=\"og:image:height\" content=\"2560\" \/>\n\t<meta property=\"og:image:type\" content=\"image\/jpeg\" \/>\n<meta name=\"twitter:card\" content=\"summary_large_image\" \/>\n<meta name=\"twitter:label1\" content=\"Est. reading time\" \/>\n\t<meta name=\"twitter:data1\" content=\"1 minute\" \/>\n<script type=\"application\/ld+json\" class=\"yoast-schema-graph\">{\"@context\":\"https:\/\/schema.org\",\"@graph\":[{\"@type\":\"WebPage\",\"@id\":\"https:\/\/universanimalier.com\/boutique\/eh-gia-pochette-bandouliere-dame-beige\/\",\"url\":\"https:\/\/universanimalier.com\/boutique\/eh-gia-pochette-bandouliere-dame-beige\/\",\"name\":\"Eh Gia - Pochette bandouli\u00e8re dame Beige - L&#039;univers Animalier\",\"isPartOf\":{\"@id\":\"https:\/\/wip.universanimalier.com\/#website\"},\"primaryImageOfPage\":{\"@id\":\"https:\/\/universanimalier.com\/boutique\/eh-gia-pochette-bandouliere-dame-beige\/#primaryimage\"},\"image\":{\"@id\":\"https:\/\/universanimalier.com\/boutique\/eh-gia-pochette-bandouliere-dame-beige\/#primaryimage\"},\"thumbnailUrl\":\"https:\/\/universanimalier.com\/wp-content\/uploads\/2024\/10\/IMG_6056-scaled.jpeg\",\"datePublished\":\"2024-10-26T15:36:59+00:00\",\"dateModified\":\"2024-11-28T19:57:38+00:00\",\"description\":\"Eh Gi\u00e0 - Pochette bandouli\u00e8re dame Beige\",\"breadcrumb\":{\"@id\":\"https:\/\/universanimalier.com\/boutique\/eh-gia-pochette-bandouliere-dame-beige\/#breadcrumb\"},\"inLanguage\":\"en-US\",\"potentialAction\":[{\"@type\":\"ReadAction\",\"target\":[\"https:\/\/universanimalier.com\/boutique\/eh-gia-pochette-bandouliere-dame-beige\/\"]}]},{\"@type\":\"ImageObject\",\"inLanguage\":\"en-US\",\"@id\":\"https:\/\/universanimalier.com\/boutique\/eh-gia-pochette-bandouliere-dame-beige\/#primaryimage\",\"url\":\"https:\/\/universanimalier.com\/wp-content\/uploads\/2024\/10\/IMG_6056-scaled.jpeg\",\"contentUrl\":\"https:\/\/universanimalier.com\/wp-content\/uploads\/2024\/10\/IMG_6056-scaled.jpeg\",\"width\":2560,\"height\":2560},{\"@type\":\"BreadcrumbList\",\"@id\":\"https:\/\/universanimalier.com\/boutique\/eh-gia-pochette-bandouliere-dame-beige\/#breadcrumb\",\"itemListElement\":[{\"@type\":\"ListItem\",\"position\":1,\"name\":\"Accueil\",\"item\":\"https:\/\/wip.universanimalier.com\/\"},{\"@type\":\"ListItem\",\"position\":2,\"name\":\"Boutique\",\"item\":\"https:\/\/wip.universanimalier.com\/boutique\/\"},{\"@type\":\"ListItem\",\"position\":3,\"name\":\"Eh Gia &#8211; Pochette bandouli\u00e8re dame Beige\"}]},{\"@type\":\"WebSite\",\"@id\":\"https:\/\/wip.universanimalier.com\/#website\",\"url\":\"https:\/\/wip.universanimalier.com\/\",\"name\":\"L'univers Animalier\",\"description\":\"Le paradis des chiens g\u00e2t\u00e9s !\",\"publisher\":{\"@id\":\"https:\/\/wip.universanimalier.com\/#organization\"},\"potentialAction\":[{\"@type\":\"SearchAction\",\"target\":{\"@type\":\"EntryPoint\",\"urlTemplate\":\"https:\/\/wip.universanimalier.com\/?s={search_term_string}\"},\"query-input\":{\"@type\":\"PropertyValueSpecification\",\"valueRequired\":true,\"valueName\":\"search_term_string\"}}],\"inLanguage\":\"en-US\"},{\"@type\":\"Organization\",\"@id\":\"https:\/\/wip.universanimalier.com\/#organization\",\"name\":\"L'univers Animalier\",\"url\":\"https:\/\/wip.universanimalier.com\/\",\"logo\":{\"@type\":\"ImageObject\",\"inLanguage\":\"en-US\",\"@id\":\"https:\/\/wip.universanimalier.com\/#\/schema\/logo\/image\/\",\"url\":\"https:\/\/universanimalier.com\/wp-content\/uploads\/2021\/06\/logo.jpg\",\"contentUrl\":\"https:\/\/universanimalier.com\/wp-content\/uploads\/2021\/06\/logo.jpg\",\"width\":800,\"height\":200,\"caption\":\"L'univers Animalier\"},\"image\":{\"@id\":\"https:\/\/wip.universanimalier.com\/#\/schema\/logo\/image\/\"},\"sameAs\":[\"https:\/\/www.facebook.com\/lunivers.animalier\"]}]}<\/script>\n<!-- \/ Yoast SEO plugin. -->","yoast_head_json":{"title":"Eh Gia - Pochette bandouli\u00e8re dame Beige - L&#039;univers Animalier","description":"Eh Gi\u00e0 - Pochette bandouli\u00e8re dame Beige","robots":{"index":"index","follow":"follow","max-snippet":"max-snippet:-1","max-image-preview":"max-image-preview:large","max-video-preview":"max-video-preview:-1"},"canonical":"https:\/\/universanimalier.com\/en\/boutique\/eh-gia-pochette-bandouliere-dame-beige\/","og_locale":"en_US","og_type":"article","og_title":"Eh Gia - Pochette bandouli\u00e8re dame Beige - L&#039;univers Animalier","og_description":"Eh Gi\u00e0 - Pochette bandouli\u00e8re dame Beige","og_url":"https:\/\/universanimalier.com\/en\/boutique\/eh-gia-pochette-bandouliere-dame-beige\/","og_site_name":"L&#039;univers Animalier","article_publisher":"https:\/\/www.facebook.com\/lunivers.animalier","article_modified_time":"2024-11-28T19:57:38+00:00","og_image":[{"width":2560,"height":2560,"url":"https:\/\/universanimalier.com\/wp-content\/uploads\/2024\/10\/IMG_6056-scaled.jpeg","type":"image\/jpeg"}],"twitter_card":"summary_large_image","twitter_misc":{"Est. reading time":"1 minute"},"schema":{"@context":"https:\/\/schema.org","@graph":[{"@type":"WebPage","@id":"https:\/\/universanimalier.com\/boutique\/eh-gia-pochette-bandouliere-dame-beige\/","url":"https:\/\/universanimalier.com\/boutique\/eh-gia-pochette-bandouliere-dame-beige\/","name":"Eh Gia - Pochette bandouli\u00e8re dame Beige - L&#039;univers Animalier","isPartOf":{"@id":"https:\/\/wip.universanimalier.com\/#website"},"primaryImageOfPage":{"@id":"https:\/\/universanimalier.com\/boutique\/eh-gia-pochette-bandouliere-dame-beige\/#primaryimage"},"image":{"@id":"https:\/\/universanimalier.com\/boutique\/eh-gia-pochette-bandouliere-dame-beige\/#primaryimage"},"thumbnailUrl":"https:\/\/universanimalier.com\/wp-content\/uploads\/2024\/10\/IMG_6056-scaled.jpeg","datePublished":"2024-10-26T15:36:59+00:00","dateModified":"2024-11-28T19:57:38+00:00","description":"Eh Gi\u00e0 - Pochette bandouli\u00e8re dame Beige","breadcrumb":{"@id":"https:\/\/universanimalier.com\/boutique\/eh-gia-pochette-bandouliere-dame-beige\/#breadcrumb"},"inLanguage":"en-US","potentialAction":[{"@type":"ReadAction","target":["https:\/\/universanimalier.com\/boutique\/eh-gia-pochette-bandouliere-dame-beige\/"]}]},{"@type":"ImageObject","inLanguage":"en-US","@id":"https:\/\/universanimalier.com\/boutique\/eh-gia-pochette-bandouliere-dame-beige\/#primaryimage","url":"https:\/\/universanimalier.com\/wp-content\/uploads\/2024\/10\/IMG_6056-scaled.jpeg","contentUrl":"https:\/\/universanimalier.com\/wp-content\/uploads\/2024\/10\/IMG_6056-scaled.jpeg","width":2560,"height":2560},{"@type":"BreadcrumbList","@id":"https:\/\/universanimalier.com\/boutique\/eh-gia-pochette-bandouliere-dame-beige\/#breadcrumb","itemListElement":[{"@type":"ListItem","position":1,"name":"Accueil","item":"https:\/\/wip.universanimalier.com\/"},{"@type":"ListItem","position":2,"name":"Boutique","item":"https:\/\/wip.universanimalier.com\/boutique\/"},{"@type":"ListItem","position":3,"name":"Eh Gia &#8211; Pochette bandouli\u00e8re dame Beige"}]},{"@type":"WebSite","@id":"https:\/\/wip.universanimalier.com\/#website","url":"https:\/\/wip.universanimalier.com\/","name":"L'univers Animalier","description":"A paradise for spoiled dogs!","publisher":{"@id":"https:\/\/wip.universanimalier.com\/#organization"},"potentialAction":[{"@type":"SearchAction","target":{"@type":"EntryPoint","urlTemplate":"https:\/\/wip.universanimalier.com\/?s={search_term_string}"},"query-input":{"@type":"PropertyValueSpecification","valueRequired":true,"valueName":"search_term_string"}}],"inLanguage":"en-US"},{"@type":"Organization","@id":"https:\/\/wip.universanimalier.com\/#organization","name":"L'univers Animalier","url":"https:\/\/wip.universanimalier.com\/","logo":{"@type":"ImageObject","inLanguage":"en-US","@id":"https:\/\/wip.universanimalier.com\/#\/schema\/logo\/image\/","url":"https:\/\/universanimalier.com\/wp-content\/uploads\/2021\/06\/logo.jpg","contentUrl":"https:\/\/universanimalier.com\/wp-content\/uploads\/2021\/06\/logo.jpg","width":800,"height":200,"caption":"L'univers Animalier"},"image":{"@id":"https:\/\/wip.universanimalier.com\/#\/schema\/logo\/image\/"},"sameAs":["https:\/\/www.facebook.com\/lunivers.animalier"]}]}},"_links":{"self":[{"href":"https:\/\/universanimalier.com\/en\/wp-json\/wp\/v2\/product\/57654"}],"collection":[{"href":"https:\/\/universanimalier.com\/en\/wp-json\/wp\/v2\/product"}],"about":[{"href":"https:\/\/universanimalier.com\/en\/wp-json\/wp\/v2\/types\/product"}],"wp:featuredmedia":[{"embeddable":true,"href":"https:\/\/universanimalier.com\/en\/wp-json\/wp\/v2\/media\/57639"}],"wp:attachment":[{"href":"https:\/\/universanimalier.com\/en\/wp-json\/wp\/v2\/media?parent=57654"}],"wp:term":[{"taxonomy":"product_brand","embeddable":true,"href":"https:\/\/universanimalier.com\/en\/wp-json\/wp\/v2\/product_brand?post=57654"},{"taxonomy":"product_cat","embeddable":true,"href":"https:\/\/universanimalier.com\/en\/wp-json\/wp\/v2\/product_cat?post=57654"},{"taxonomy":"product_tag","embeddable":true,"href":"https:\/\/universanimalier.com\/en\/wp-json\/wp\/v2\/product_tag?post=57654"}],"curies":[{"name":"wp","href":"https:\/\/api.w.org\/{rel}","templated":true}]}}