{"id":57783,"date":"2024-11-01T09:03:26","date_gmt":"2024-11-01T08:03:26","guid":{"rendered":"https:\/\/universanimalier.com\/?post_type=product&#038;p=57783"},"modified":"2024-12-26T15:49:30","modified_gmt":"2024-12-26T14:49:30","slug":"sac-a-dos-de-transport-dan-gris","status":"publish","type":"product","link":"https:\/\/universanimalier.com\/en\/boutique\/sac-a-dos-de-transport-dan-gris\/","title":{"rendered":"Sac \u00e0 dos de transport Dan Gris"},"content":{"rendered":"<p>Sac \u00e0 dos de transport Dan Gris.<\/p>\n<p>Pratique et confortable pour vous et votre petit compagnon, il convient parfaitement pour les longues promenades et les voyages.<\/p>\n<div class=\"mb-3 row\">\n<div class=\"col\">\n<div class=\"description\">\n<div class=\"mb-3 row\">\n<div class=\"col\">\n<div class=\"mb-3 row\">\n<div class=\"col\">\n<div class=\"mb-3 row\">\n<div class=\"col\">\n<div class=\"description\">\n<ul>\n<li>waist belt for good weight distribution<\/li>\n<li>stable form<\/li>\n<li>ouverture frontale<\/li>\n<li>avec pochette filet pratique<\/li>\n<li>attache courte int\u00e9gr\u00e9e \u00e0 attacher au collier ou au harnais<\/li>\n<li>fond rembourr\u00e9 aspect fourrure d&rsquo;agneau (polyester), enveloppe d\u00e9houssable<\/li>\n<li>reflective elements<\/li>\n<li>Dimensions: 34 \u00d7 44 \u00d7 26 cm, supporte un poids jusqu&rsquo;\u00e0: 6 kg<\/li>\n<\/ul>\n<\/div>\n<\/div>\n<\/div>\n<\/div>\n<\/div>\n<\/div>\n<\/div>\n<\/div>\n<\/div>\n<\/div>","protected":false},"excerpt":{"rendered":"<p>Sac \u00e0 dos de transport Dan Gris.<\/p>\n<p>Pratique et confortable pour vous et votre petit compagnon, il convient parfaitement pour les longues promenades et les voyages.<\/p>\n<div class=\"mb-3 row\">\n<div class=\"col\">\n<div class=\"description\">\n<div class=\"mb-3 row\">\n<div class=\"col\">\n<div class=\"mb-3 row\">\n<div class=\"col\">\n<div class=\"mb-3 row\">\n<div class=\"col\">\n<div class=\"description\">\n<ul>\n<li>waist belt for good weight distribution<\/li>\n<li>stable form<\/li>\n<li>ouverture frontale<\/li>\n<li>avec pochette filet pratique<\/li>\n<li>attache courte int\u00e9gr\u00e9e \u00e0 attacher au collier ou au harnais<\/li>\n<li>fond rembourr\u00e9 aspect fourrure d&rsquo;agneau, d\u00e9houssable<\/li>\n<li>reflective elements<\/li>\n<li>Dimensions: 34 \u00d7 44 \u00d7 26 cm, supporte un poids jusqu&rsquo;\u00e0: 6 kg<\/li>\n<\/ul>\n<\/div>\n<\/div>\n<\/div>\n<\/div>\n<\/div>\n<\/div>\n<\/div>\n<\/div>\n<\/div>\n<\/div>","protected":false},"featured_media":57708,"template":"","meta":[],"product_brand":[],"product_cat":[5134,8031,1144,16],"product_tag":[333,1666,147,7352,8640,8641,6949,8898,8639,6951,7477,6948,3248,8555,817,6938],"class_list":{"0":"post-57783","1":"product","2":"type-product","3":"status-publish","4":"has-post-thumbnail","6":"product_cat-en-balade","7":"product_cat-sacs-a-dos","8":"product_cat-chats","9":"product_cat-sacs-de-transport","10":"product_tag-bag","11":"product_tag-petit-chien","12":"product_tag-sac","13":"product_tag-sac-a-dos-beige","14":"product_tag-sac-a-dos-beige-pour-chien","15":"product_tag-sac-a-dos-beige-pour-chien-et-chat","16":"product_tag-sac-a-dos-de-transport","17":"product_tag-sac-a-dos-de-transport-dan-gris","18":"product_tag-sac-a-dos-de-transport-willow-beige","19":"product_tag-sac-a-dos-gris","20":"product_tag-sac-a-dos-noir-pour-chien","21":"product_tag-sac-a-dos-pour-chat","22":"product_tag-sac-a-dos-pour-chien","23":"product_tag-sac-de-trekking","24":"product_tag-sac-pour-chien","25":"product_tag-sac-trixie","27":"first","28":"instock","29":"shipping-taxable","30":"purchasable","31":"product-type-simple"},"yoast_head":"<!-- This site is optimized with the Yoast SEO plugin v25.5 - https:\/\/yoast.com\/wordpress\/plugins\/seo\/ -->\n<title>Sac \u00e0 dos de transport Dan Gris - L&#039;univers Animalier<\/title>\n<meta name=\"description\" content=\"Trixie - Sac \u00e0 dos de transport Dan Gris\" \/>\n<meta name=\"robots\" content=\"index, follow, max-snippet:-1, max-image-preview:large, max-video-preview:-1\" \/>\n<link rel=\"canonical\" href=\"https:\/\/universanimalier.com\/en\/boutique\/sac-a-dos-de-transport-dan-gris\/\" \/>\n<meta property=\"og:locale\" content=\"en_US\" \/>\n<meta property=\"og:type\" content=\"article\" \/>\n<meta property=\"og:title\" content=\"Sac \u00e0 dos de transport Dan Gris - L&#039;univers Animalier\" \/>\n<meta property=\"og:description\" content=\"Trixie - Sac \u00e0 dos de transport Dan Gris\" \/>\n<meta property=\"og:url\" content=\"https:\/\/universanimalier.com\/en\/boutique\/sac-a-dos-de-transport-dan-gris\/\" \/>\n<meta property=\"og:site_name\" content=\"L&#039;univers Animalier\" \/>\n<meta property=\"article:publisher\" content=\"https:\/\/www.facebook.com\/lunivers.animalier\" \/>\n<meta property=\"article:modified_time\" content=\"2024-12-26T14:49:30+00:00\" \/>\n<meta property=\"og:image\" content=\"https:\/\/universanimalier.com\/wp-content\/uploads\/2024\/10\/IMG_6248.jpeg\" \/>\n\t<meta property=\"og:image:width\" content=\"640\" \/>\n\t<meta property=\"og:image:height\" content=\"640\" \/>\n\t<meta property=\"og:image:type\" content=\"image\/jpeg\" \/>\n<meta name=\"twitter:card\" content=\"summary_large_image\" \/>\n<meta name=\"twitter:label1\" content=\"Est. reading time\" \/>\n\t<meta name=\"twitter:data1\" content=\"1 minute\" \/>\n<script type=\"application\/ld+json\" class=\"yoast-schema-graph\">{\"@context\":\"https:\/\/schema.org\",\"@graph\":[{\"@type\":\"WebPage\",\"@id\":\"https:\/\/universanimalier.com\/boutique\/sac-a-dos-de-transport-dan-gris\/\",\"url\":\"https:\/\/universanimalier.com\/boutique\/sac-a-dos-de-transport-dan-gris\/\",\"name\":\"Sac \u00e0 dos de transport Dan Gris - L&#039;univers Animalier\",\"isPartOf\":{\"@id\":\"https:\/\/wip.universanimalier.com\/#website\"},\"primaryImageOfPage\":{\"@id\":\"https:\/\/universanimalier.com\/boutique\/sac-a-dos-de-transport-dan-gris\/#primaryimage\"},\"image\":{\"@id\":\"https:\/\/universanimalier.com\/boutique\/sac-a-dos-de-transport-dan-gris\/#primaryimage\"},\"thumbnailUrl\":\"https:\/\/universanimalier.com\/wp-content\/uploads\/2024\/10\/IMG_6248.jpeg\",\"datePublished\":\"2024-11-01T08:03:26+00:00\",\"dateModified\":\"2024-12-26T14:49:30+00:00\",\"description\":\"Trixie - Sac \u00e0 dos de transport Dan Gris\",\"breadcrumb\":{\"@id\":\"https:\/\/universanimalier.com\/boutique\/sac-a-dos-de-transport-dan-gris\/#breadcrumb\"},\"inLanguage\":\"en-US\",\"potentialAction\":[{\"@type\":\"ReadAction\",\"target\":[\"https:\/\/universanimalier.com\/boutique\/sac-a-dos-de-transport-dan-gris\/\"]}]},{\"@type\":\"ImageObject\",\"inLanguage\":\"en-US\",\"@id\":\"https:\/\/universanimalier.com\/boutique\/sac-a-dos-de-transport-dan-gris\/#primaryimage\",\"url\":\"https:\/\/universanimalier.com\/wp-content\/uploads\/2024\/10\/IMG_6248.jpeg\",\"contentUrl\":\"https:\/\/universanimalier.com\/wp-content\/uploads\/2024\/10\/IMG_6248.jpeg\",\"width\":640,\"height\":640},{\"@type\":\"BreadcrumbList\",\"@id\":\"https:\/\/universanimalier.com\/boutique\/sac-a-dos-de-transport-dan-gris\/#breadcrumb\",\"itemListElement\":[{\"@type\":\"ListItem\",\"position\":1,\"name\":\"Accueil\",\"item\":\"https:\/\/wip.universanimalier.com\/\"},{\"@type\":\"ListItem\",\"position\":2,\"name\":\"Boutique\",\"item\":\"https:\/\/wip.universanimalier.com\/boutique\/\"},{\"@type\":\"ListItem\",\"position\":3,\"name\":\"Sac \u00e0 dos de transport Dan Gris\"}]},{\"@type\":\"WebSite\",\"@id\":\"https:\/\/wip.universanimalier.com\/#website\",\"url\":\"https:\/\/wip.universanimalier.com\/\",\"name\":\"L'univers Animalier\",\"description\":\"Le paradis des chiens g\u00e2t\u00e9s !\",\"publisher\":{\"@id\":\"https:\/\/wip.universanimalier.com\/#organization\"},\"potentialAction\":[{\"@type\":\"SearchAction\",\"target\":{\"@type\":\"EntryPoint\",\"urlTemplate\":\"https:\/\/wip.universanimalier.com\/?s={search_term_string}\"},\"query-input\":{\"@type\":\"PropertyValueSpecification\",\"valueRequired\":true,\"valueName\":\"search_term_string\"}}],\"inLanguage\":\"en-US\"},{\"@type\":\"Organization\",\"@id\":\"https:\/\/wip.universanimalier.com\/#organization\",\"name\":\"L'univers Animalier\",\"url\":\"https:\/\/wip.universanimalier.com\/\",\"logo\":{\"@type\":\"ImageObject\",\"inLanguage\":\"en-US\",\"@id\":\"https:\/\/wip.universanimalier.com\/#\/schema\/logo\/image\/\",\"url\":\"https:\/\/universanimalier.com\/wp-content\/uploads\/2021\/06\/logo.jpg\",\"contentUrl\":\"https:\/\/universanimalier.com\/wp-content\/uploads\/2021\/06\/logo.jpg\",\"width\":800,\"height\":200,\"caption\":\"L'univers Animalier\"},\"image\":{\"@id\":\"https:\/\/wip.universanimalier.com\/#\/schema\/logo\/image\/\"},\"sameAs\":[\"https:\/\/www.facebook.com\/lunivers.animalier\"]}]}<\/script>\n<!-- \/ Yoast SEO plugin. -->","yoast_head_json":{"title":"Sac \u00e0 dos de transport Dan Gris - L&#039;univers Animalier","description":"Trixie - Sac \u00e0 dos de transport Dan Gris","robots":{"index":"index","follow":"follow","max-snippet":"max-snippet:-1","max-image-preview":"max-image-preview:large","max-video-preview":"max-video-preview:-1"},"canonical":"https:\/\/universanimalier.com\/en\/boutique\/sac-a-dos-de-transport-dan-gris\/","og_locale":"en_US","og_type":"article","og_title":"Sac \u00e0 dos de transport Dan Gris - L&#039;univers Animalier","og_description":"Trixie - Sac \u00e0 dos de transport Dan Gris","og_url":"https:\/\/universanimalier.com\/en\/boutique\/sac-a-dos-de-transport-dan-gris\/","og_site_name":"L&#039;univers Animalier","article_publisher":"https:\/\/www.facebook.com\/lunivers.animalier","article_modified_time":"2024-12-26T14:49:30+00:00","og_image":[{"width":640,"height":640,"url":"https:\/\/universanimalier.com\/wp-content\/uploads\/2024\/10\/IMG_6248.jpeg","type":"image\/jpeg"}],"twitter_card":"summary_large_image","twitter_misc":{"Est. reading time":"1 minute"},"schema":{"@context":"https:\/\/schema.org","@graph":[{"@type":"WebPage","@id":"https:\/\/universanimalier.com\/boutique\/sac-a-dos-de-transport-dan-gris\/","url":"https:\/\/universanimalier.com\/boutique\/sac-a-dos-de-transport-dan-gris\/","name":"Sac \u00e0 dos de transport Dan Gris - L&#039;univers Animalier","isPartOf":{"@id":"https:\/\/wip.universanimalier.com\/#website"},"primaryImageOfPage":{"@id":"https:\/\/universanimalier.com\/boutique\/sac-a-dos-de-transport-dan-gris\/#primaryimage"},"image":{"@id":"https:\/\/universanimalier.com\/boutique\/sac-a-dos-de-transport-dan-gris\/#primaryimage"},"thumbnailUrl":"https:\/\/universanimalier.com\/wp-content\/uploads\/2024\/10\/IMG_6248.jpeg","datePublished":"2024-11-01T08:03:26+00:00","dateModified":"2024-12-26T14:49:30+00:00","description":"Trixie - Sac \u00e0 dos de transport Dan Gris","breadcrumb":{"@id":"https:\/\/universanimalier.com\/boutique\/sac-a-dos-de-transport-dan-gris\/#breadcrumb"},"inLanguage":"en-US","potentialAction":[{"@type":"ReadAction","target":["https:\/\/universanimalier.com\/boutique\/sac-a-dos-de-transport-dan-gris\/"]}]},{"@type":"ImageObject","inLanguage":"en-US","@id":"https:\/\/universanimalier.com\/boutique\/sac-a-dos-de-transport-dan-gris\/#primaryimage","url":"https:\/\/universanimalier.com\/wp-content\/uploads\/2024\/10\/IMG_6248.jpeg","contentUrl":"https:\/\/universanimalier.com\/wp-content\/uploads\/2024\/10\/IMG_6248.jpeg","width":640,"height":640},{"@type":"BreadcrumbList","@id":"https:\/\/universanimalier.com\/boutique\/sac-a-dos-de-transport-dan-gris\/#breadcrumb","itemListElement":[{"@type":"ListItem","position":1,"name":"Accueil","item":"https:\/\/wip.universanimalier.com\/"},{"@type":"ListItem","position":2,"name":"Boutique","item":"https:\/\/wip.universanimalier.com\/boutique\/"},{"@type":"ListItem","position":3,"name":"Sac \u00e0 dos de transport Dan Gris"}]},{"@type":"WebSite","@id":"https:\/\/wip.universanimalier.com\/#website","url":"https:\/\/wip.universanimalier.com\/","name":"L'univers Animalier","description":"A paradise for spoiled dogs!","publisher":{"@id":"https:\/\/wip.universanimalier.com\/#organization"},"potentialAction":[{"@type":"SearchAction","target":{"@type":"EntryPoint","urlTemplate":"https:\/\/wip.universanimalier.com\/?s={search_term_string}"},"query-input":{"@type":"PropertyValueSpecification","valueRequired":true,"valueName":"search_term_string"}}],"inLanguage":"en-US"},{"@type":"Organization","@id":"https:\/\/wip.universanimalier.com\/#organization","name":"L'univers Animalier","url":"https:\/\/wip.universanimalier.com\/","logo":{"@type":"ImageObject","inLanguage":"en-US","@id":"https:\/\/wip.universanimalier.com\/#\/schema\/logo\/image\/","url":"https:\/\/universanimalier.com\/wp-content\/uploads\/2021\/06\/logo.jpg","contentUrl":"https:\/\/universanimalier.com\/wp-content\/uploads\/2021\/06\/logo.jpg","width":800,"height":200,"caption":"L'univers Animalier"},"image":{"@id":"https:\/\/wip.universanimalier.com\/#\/schema\/logo\/image\/"},"sameAs":["https:\/\/www.facebook.com\/lunivers.animalier"]}]}},"_links":{"self":[{"href":"https:\/\/universanimalier.com\/en\/wp-json\/wp\/v2\/product\/57783"}],"collection":[{"href":"https:\/\/universanimalier.com\/en\/wp-json\/wp\/v2\/product"}],"about":[{"href":"https:\/\/universanimalier.com\/en\/wp-json\/wp\/v2\/types\/product"}],"wp:featuredmedia":[{"embeddable":true,"href":"https:\/\/universanimalier.com\/en\/wp-json\/wp\/v2\/media\/57708"}],"wp:attachment":[{"href":"https:\/\/universanimalier.com\/en\/wp-json\/wp\/v2\/media?parent=57783"}],"wp:term":[{"taxonomy":"product_brand","embeddable":true,"href":"https:\/\/universanimalier.com\/en\/wp-json\/wp\/v2\/product_brand?post=57783"},{"taxonomy":"product_cat","embeddable":true,"href":"https:\/\/universanimalier.com\/en\/wp-json\/wp\/v2\/product_cat?post=57783"},{"taxonomy":"product_tag","embeddable":true,"href":"https:\/\/universanimalier.com\/en\/wp-json\/wp\/v2\/product_tag?post=57783"}],"curies":[{"name":"wp","href":"https:\/\/api.w.org\/{rel}","templated":true}]}}