{"id":58915,"date":"2025-02-09T14:56:37","date_gmt":"2025-02-09T13:56:37","guid":{"rendered":"https:\/\/universanimalier.com\/?post_type=product&#038;p=58915"},"modified":"2025-06-19T08:59:36","modified_gmt":"2025-06-19T06:59:36","slug":"gourde-de-voyage-turquoise-500ml","status":"publish","type":"product","link":"https:\/\/universanimalier.com\/en\/boutique\/gourde-de-voyage-turquoise-500ml\/","title":{"rendered":"Gourde de voyage turquoise 500ml"},"content":{"rendered":"<p>Gourde de voyage pratique et esth\u00e9tique en forme de feuille. Il est id\u00e9al pour les voyages et les petits d\u00e9placements.<\/p>\n<p>La feuille est compos\u00e9e de silicone adapt\u00e9e \u00e0 un usage alimentaire et donc garantie non toxique. Elle est fournie avec une bouteille de 500 ml pr\u00eate \u00e0 l&#8217;emploi,\u00a0mais elle s&rsquo;adapte \u00e0 toutes les bouteilles\u00a0standards en PET.<\/p>\n<p>La gourde Leaf a \u00e9t\u00e9 con\u00e7ue pour vous faire gagner de la place. Lorsqu&rsquo;elle est ferm\u00e9e, elle adh\u00e8re \u00e0 la bouteille. Puis, d&rsquo;un simple mouvement,\u00a0elle se transforme en \u00e9cuelle. Parfait pour hydrater votre compagnon lorsque vous \u00eates en voyage.<\/p>\n<p>La petite bague sous le capuchon de fermeture aide \u00e0 accrocher la feuille \u00e0 un crochet ou \u00e0 un mousqueton. Le bouchon herm\u00e9tique et la valve anti-gouttes vous mettent \u00e0 l\u2019abri des inondations.<\/p>\n<ul>\n<li>Contenance : 500ml<\/li>\n<li>S&rsquo;adapte \u00e0 toutes les bouteilles en PET,<\/li>\n<li>Faite en silicone souple, durable et non toxique.<\/li>\n<\/ul>","protected":false},"excerpt":{"rendered":"<p>Gourde de voyage pratique et esth\u00e9tique en forme de feuille. Il est id\u00e9al pour les voyages et les petits d\u00e9placements.<\/p>\n<p>La feuille est compos\u00e9e de silicone adapt\u00e9e \u00e0 un usage alimentaire et donc garantie non toxique. Elle est fournie avec une bouteille de 500 ml pr\u00eate \u00e0 l&#8217;emploi,\u00a0mais elle s&rsquo;adapte \u00e0 toutes les bouteilles\u00a0standards en PET.<\/p>\n<p>La gourde Leaf a \u00e9t\u00e9 con\u00e7ue pour vous faire gagner de la place. Lorsqu&rsquo;elle est ferm\u00e9e, elle adh\u00e8re \u00e0 la bouteille. Puis, d&rsquo;un simple mouvement,\u00a0elle se transforme en \u00e9cuelle. Parfait pour hydrater votre compagnon lorsque vous \u00eates en voyage.<\/p>\n<p>La petite bague sous le capuchon de fermeture aide \u00e0 accrocher la feuille \u00e0 un crochet ou \u00e0 un mousqueton. Le bouchon herm\u00e9tique et la valve anti-gouttes vous mettent \u00e0 l\u2019abri des inondations.<\/p>\n<ul>\n<li>Contenance : 500ml<\/li>\n<li>S&rsquo;adapte \u00e0 toutes les bouteilles en PET,<\/li>\n<li>Faite en silicone souple, durable et non toxique.<\/li>\n<\/ul>","protected":false},"featured_media":58820,"template":"","meta":[],"product_brand":[],"product_cat":[5144,593],"product_tag":[9023,9024,4032,8104,8105,9025,3992,4031],"class_list":{"0":"post-58915","1":"product","2":"type-product","3":"status-publish","4":"has-post-thumbnail","6":"product_cat-sets-et-bols","7":"product_cat-a-table","8":"product_tag-bol-de-voyage-pour-chien","9":"product_tag-bol-pliable-pour-chien","10":"product_tag-diggity-dog","11":"product_tag-gamelle-checker-chewy-vuiton","12":"product_tag-gamelle-vuitton","13":"product_tag-gourde-de-voyage-pour-chien","14":"product_tag-gourde-pour-chien","15":"product_tag-haute-diggity-dog","17":"first","18":"instock","19":"featured","20":"shipping-taxable","21":"purchasable","22":"product-type-simple"},"yoast_head":"<!-- This site is optimized with the Yoast SEO plugin v25.5 - https:\/\/yoast.com\/wordpress\/plugins\/seo\/ -->\n<title>Gourde de voyage turquoise 500ml - L&#039;univers Animalier<\/title>\n<meta name=\"description\" content=\"United Pets - Gourde\/bol de voyage turquoise pour chien 500ml\" \/>\n<meta name=\"robots\" content=\"index, follow, max-snippet:-1, max-image-preview:large, max-video-preview:-1\" \/>\n<link rel=\"canonical\" href=\"https:\/\/universanimalier.com\/en\/boutique\/gourde-de-voyage-turquoise-500ml\/\" \/>\n<meta property=\"og:locale\" content=\"en_US\" \/>\n<meta property=\"og:type\" content=\"article\" \/>\n<meta property=\"og:title\" content=\"Gourde de voyage turquoise 500ml - L&#039;univers Animalier\" \/>\n<meta property=\"og:description\" content=\"United Pets - Gourde\/bol de voyage turquoise pour chien 500ml\" \/>\n<meta property=\"og:url\" content=\"https:\/\/universanimalier.com\/en\/boutique\/gourde-de-voyage-turquoise-500ml\/\" \/>\n<meta property=\"og:site_name\" content=\"L&#039;univers Animalier\" \/>\n<meta property=\"article:publisher\" content=\"https:\/\/www.facebook.com\/lunivers.animalier\" \/>\n<meta property=\"article:modified_time\" content=\"2025-06-19T06:59:36+00:00\" \/>\n<meta property=\"og:image\" content=\"https:\/\/universanimalier.com\/wp-content\/uploads\/2025\/02\/IMG_0305.jpeg\" \/>\n\t<meta property=\"og:image:width\" content=\"1440\" \/>\n\t<meta property=\"og:image:height\" content=\"1440\" \/>\n\t<meta property=\"og:image:type\" content=\"image\/jpeg\" \/>\n<meta name=\"twitter:card\" content=\"summary_large_image\" \/>\n<meta name=\"twitter:label1\" content=\"Est. reading time\" \/>\n\t<meta name=\"twitter:data1\" content=\"1 minute\" \/>\n<script type=\"application\/ld+json\" class=\"yoast-schema-graph\">{\"@context\":\"https:\/\/schema.org\",\"@graph\":[{\"@type\":\"WebPage\",\"@id\":\"https:\/\/universanimalier.com\/boutique\/gourde-de-voyage-turquoise-500ml\/\",\"url\":\"https:\/\/universanimalier.com\/boutique\/gourde-de-voyage-turquoise-500ml\/\",\"name\":\"Gourde de voyage turquoise 500ml - L&#039;univers Animalier\",\"isPartOf\":{\"@id\":\"https:\/\/wip.universanimalier.com\/#website\"},\"primaryImageOfPage\":{\"@id\":\"https:\/\/universanimalier.com\/boutique\/gourde-de-voyage-turquoise-500ml\/#primaryimage\"},\"image\":{\"@id\":\"https:\/\/universanimalier.com\/boutique\/gourde-de-voyage-turquoise-500ml\/#primaryimage\"},\"thumbnailUrl\":\"https:\/\/universanimalier.com\/wp-content\/uploads\/2025\/02\/IMG_0305.jpeg\",\"datePublished\":\"2025-02-09T13:56:37+00:00\",\"dateModified\":\"2025-06-19T06:59:36+00:00\",\"description\":\"United Pets - Gourde\/bol de voyage turquoise pour chien 500ml\",\"breadcrumb\":{\"@id\":\"https:\/\/universanimalier.com\/boutique\/gourde-de-voyage-turquoise-500ml\/#breadcrumb\"},\"inLanguage\":\"en-US\",\"potentialAction\":[{\"@type\":\"ReadAction\",\"target\":[\"https:\/\/universanimalier.com\/boutique\/gourde-de-voyage-turquoise-500ml\/\"]}]},{\"@type\":\"ImageObject\",\"inLanguage\":\"en-US\",\"@id\":\"https:\/\/universanimalier.com\/boutique\/gourde-de-voyage-turquoise-500ml\/#primaryimage\",\"url\":\"https:\/\/universanimalier.com\/wp-content\/uploads\/2025\/02\/IMG_0305.jpeg\",\"contentUrl\":\"https:\/\/universanimalier.com\/wp-content\/uploads\/2025\/02\/IMG_0305.jpeg\",\"width\":1440,\"height\":1440},{\"@type\":\"BreadcrumbList\",\"@id\":\"https:\/\/universanimalier.com\/boutique\/gourde-de-voyage-turquoise-500ml\/#breadcrumb\",\"itemListElement\":[{\"@type\":\"ListItem\",\"position\":1,\"name\":\"Accueil\",\"item\":\"https:\/\/wip.universanimalier.com\/\"},{\"@type\":\"ListItem\",\"position\":2,\"name\":\"Boutique\",\"item\":\"https:\/\/wip.universanimalier.com\/boutique\/\"},{\"@type\":\"ListItem\",\"position\":3,\"name\":\"Gourde de voyage turquoise 500ml\"}]},{\"@type\":\"WebSite\",\"@id\":\"https:\/\/wip.universanimalier.com\/#website\",\"url\":\"https:\/\/wip.universanimalier.com\/\",\"name\":\"L'univers Animalier\",\"description\":\"Le paradis des chiens g\u00e2t\u00e9s !\",\"publisher\":{\"@id\":\"https:\/\/wip.universanimalier.com\/#organization\"},\"potentialAction\":[{\"@type\":\"SearchAction\",\"target\":{\"@type\":\"EntryPoint\",\"urlTemplate\":\"https:\/\/wip.universanimalier.com\/?s={search_term_string}\"},\"query-input\":{\"@type\":\"PropertyValueSpecification\",\"valueRequired\":true,\"valueName\":\"search_term_string\"}}],\"inLanguage\":\"en-US\"},{\"@type\":\"Organization\",\"@id\":\"https:\/\/wip.universanimalier.com\/#organization\",\"name\":\"L'univers Animalier\",\"url\":\"https:\/\/wip.universanimalier.com\/\",\"logo\":{\"@type\":\"ImageObject\",\"inLanguage\":\"en-US\",\"@id\":\"https:\/\/wip.universanimalier.com\/#\/schema\/logo\/image\/\",\"url\":\"https:\/\/universanimalier.com\/wp-content\/uploads\/2021\/06\/logo.jpg\",\"contentUrl\":\"https:\/\/universanimalier.com\/wp-content\/uploads\/2021\/06\/logo.jpg\",\"width\":800,\"height\":200,\"caption\":\"L'univers Animalier\"},\"image\":{\"@id\":\"https:\/\/wip.universanimalier.com\/#\/schema\/logo\/image\/\"},\"sameAs\":[\"https:\/\/www.facebook.com\/lunivers.animalier\"]}]}<\/script>\n<!-- \/ Yoast SEO plugin. -->","yoast_head_json":{"title":"Gourde de voyage turquoise 500ml - L&#039;univers Animalier","description":"United Pets - Gourde\/bol de voyage turquoise pour chien 500ml","robots":{"index":"index","follow":"follow","max-snippet":"max-snippet:-1","max-image-preview":"max-image-preview:large","max-video-preview":"max-video-preview:-1"},"canonical":"https:\/\/universanimalier.com\/en\/boutique\/gourde-de-voyage-turquoise-500ml\/","og_locale":"en_US","og_type":"article","og_title":"Gourde de voyage turquoise 500ml - L&#039;univers Animalier","og_description":"United Pets - Gourde\/bol de voyage turquoise pour chien 500ml","og_url":"https:\/\/universanimalier.com\/en\/boutique\/gourde-de-voyage-turquoise-500ml\/","og_site_name":"L&#039;univers Animalier","article_publisher":"https:\/\/www.facebook.com\/lunivers.animalier","article_modified_time":"2025-06-19T06:59:36+00:00","og_image":[{"width":1440,"height":1440,"url":"https:\/\/universanimalier.com\/wp-content\/uploads\/2025\/02\/IMG_0305.jpeg","type":"image\/jpeg"}],"twitter_card":"summary_large_image","twitter_misc":{"Est. reading time":"1 minute"},"schema":{"@context":"https:\/\/schema.org","@graph":[{"@type":"WebPage","@id":"https:\/\/universanimalier.com\/boutique\/gourde-de-voyage-turquoise-500ml\/","url":"https:\/\/universanimalier.com\/boutique\/gourde-de-voyage-turquoise-500ml\/","name":"Gourde de voyage turquoise 500ml - L&#039;univers Animalier","isPartOf":{"@id":"https:\/\/wip.universanimalier.com\/#website"},"primaryImageOfPage":{"@id":"https:\/\/universanimalier.com\/boutique\/gourde-de-voyage-turquoise-500ml\/#primaryimage"},"image":{"@id":"https:\/\/universanimalier.com\/boutique\/gourde-de-voyage-turquoise-500ml\/#primaryimage"},"thumbnailUrl":"https:\/\/universanimalier.com\/wp-content\/uploads\/2025\/02\/IMG_0305.jpeg","datePublished":"2025-02-09T13:56:37+00:00","dateModified":"2025-06-19T06:59:36+00:00","description":"United Pets - Gourde\/bol de voyage turquoise pour chien 500ml","breadcrumb":{"@id":"https:\/\/universanimalier.com\/boutique\/gourde-de-voyage-turquoise-500ml\/#breadcrumb"},"inLanguage":"en-US","potentialAction":[{"@type":"ReadAction","target":["https:\/\/universanimalier.com\/boutique\/gourde-de-voyage-turquoise-500ml\/"]}]},{"@type":"ImageObject","inLanguage":"en-US","@id":"https:\/\/universanimalier.com\/boutique\/gourde-de-voyage-turquoise-500ml\/#primaryimage","url":"https:\/\/universanimalier.com\/wp-content\/uploads\/2025\/02\/IMG_0305.jpeg","contentUrl":"https:\/\/universanimalier.com\/wp-content\/uploads\/2025\/02\/IMG_0305.jpeg","width":1440,"height":1440},{"@type":"BreadcrumbList","@id":"https:\/\/universanimalier.com\/boutique\/gourde-de-voyage-turquoise-500ml\/#breadcrumb","itemListElement":[{"@type":"ListItem","position":1,"name":"Accueil","item":"https:\/\/wip.universanimalier.com\/"},{"@type":"ListItem","position":2,"name":"Boutique","item":"https:\/\/wip.universanimalier.com\/boutique\/"},{"@type":"ListItem","position":3,"name":"Gourde de voyage turquoise 500ml"}]},{"@type":"WebSite","@id":"https:\/\/wip.universanimalier.com\/#website","url":"https:\/\/wip.universanimalier.com\/","name":"L'univers Animalier","description":"A paradise for spoiled dogs!","publisher":{"@id":"https:\/\/wip.universanimalier.com\/#organization"},"potentialAction":[{"@type":"SearchAction","target":{"@type":"EntryPoint","urlTemplate":"https:\/\/wip.universanimalier.com\/?s={search_term_string}"},"query-input":{"@type":"PropertyValueSpecification","valueRequired":true,"valueName":"search_term_string"}}],"inLanguage":"en-US"},{"@type":"Organization","@id":"https:\/\/wip.universanimalier.com\/#organization","name":"L'univers Animalier","url":"https:\/\/wip.universanimalier.com\/","logo":{"@type":"ImageObject","inLanguage":"en-US","@id":"https:\/\/wip.universanimalier.com\/#\/schema\/logo\/image\/","url":"https:\/\/universanimalier.com\/wp-content\/uploads\/2021\/06\/logo.jpg","contentUrl":"https:\/\/universanimalier.com\/wp-content\/uploads\/2021\/06\/logo.jpg","width":800,"height":200,"caption":"L'univers Animalier"},"image":{"@id":"https:\/\/wip.universanimalier.com\/#\/schema\/logo\/image\/"},"sameAs":["https:\/\/www.facebook.com\/lunivers.animalier"]}]}},"_links":{"self":[{"href":"https:\/\/universanimalier.com\/en\/wp-json\/wp\/v2\/product\/58915"}],"collection":[{"href":"https:\/\/universanimalier.com\/en\/wp-json\/wp\/v2\/product"}],"about":[{"href":"https:\/\/universanimalier.com\/en\/wp-json\/wp\/v2\/types\/product"}],"wp:featuredmedia":[{"embeddable":true,"href":"https:\/\/universanimalier.com\/en\/wp-json\/wp\/v2\/media\/58820"}],"wp:attachment":[{"href":"https:\/\/universanimalier.com\/en\/wp-json\/wp\/v2\/media?parent=58915"}],"wp:term":[{"taxonomy":"product_brand","embeddable":true,"href":"https:\/\/universanimalier.com\/en\/wp-json\/wp\/v2\/product_brand?post=58915"},{"taxonomy":"product_cat","embeddable":true,"href":"https:\/\/universanimalier.com\/en\/wp-json\/wp\/v2\/product_cat?post=58915"},{"taxonomy":"product_tag","embeddable":true,"href":"https:\/\/universanimalier.com\/en\/wp-json\/wp\/v2\/product_tag?post=58915"}],"curies":[{"name":"wp","href":"https:\/\/api.w.org\/{rel}","templated":true}]}}