{"id":59093,"date":"2025-02-13T15:33:23","date_gmt":"2025-02-13T14:33:23","guid":{"rendered":"https:\/\/universanimalier.com\/?post_type=product&#038;p=59093"},"modified":"2025-02-22T18:00:13","modified_gmt":"2025-02-22T17:00:13","slug":"cocopup-london-collier-ajustable-mocha-flower","status":"publish","type":"product","link":"https:\/\/universanimalier.com\/en\/boutique\/cocopup-london-collier-ajustable-mocha-flower\/","title":{"rendered":"Cocopup London &#8211; Collier ajustable Mocha Flower"},"content":{"rendered":"<div>Collier Mocha Flower ajustable.<\/div>\n<div><\/div>\n<div>Sortez votre chien avec style gr\u00e2ce au collier Mocha Flower. Les fleurs brod\u00e9es et les tons moka donnent une touche d&rsquo;\u00e9l\u00e9gance tout en assurant la s\u00e9curit\u00e9 de votre chien gr\u00e2ce \u00e0 la fonction de verrouillage int\u00e9gr\u00e9e.<\/div>\n<div><\/div>\n<div>Enti\u00e8rement r\u00e9glable avec un anneau de fixation en D pour les laisses.<\/div>\n<ul>\n<li>Mat\u00e9riau velours<\/li>\n<li>Boucle en plastique<\/li>\n<li>Enti\u00e8rement r\u00e9glable<\/li>\n<li>Lavage \u00e0 la main seulement<\/li>\n<li>Guide des tailles: voir photos et ci-dessous<\/li>\n<\/ul>\n<div>XS : 23,5 cm &#8211; 28 cm, largeur = 1 cm<\/div>\n<div>S : 28 cm &#8211; 44 cm, largeur = 1,5 cm<\/div>\n<div>M : 32 cm &#8211; 50 cm, largeur = 2 cm<\/div>\n<div>L : 46 cm &#8211; 71 cm, largeur = 2,5 cm<\/div>","protected":false},"excerpt":{"rendered":"<div>Collier Mocha Flower ajustable.<\/div>\n<div><\/div>\n<div>Sortez votre chien avec style gr\u00e2ce au collier Mocha Flower. Les fleurs brod\u00e9es et les tons moka donnent une touche d&rsquo;\u00e9l\u00e9gance tout en assurant la s\u00e9curit\u00e9 de votre chien gr\u00e2ce \u00e0 la fonction de verrouillage int\u00e9gr\u00e9e.<\/div>\n<div><\/div>\n<div>Enti\u00e8rement r\u00e9glable avec un anneau de fixation en D pour les laisses.<\/div>\n<ul>\n<li>Mat\u00e9riau velours<\/li>\n<li>Boucle en plastique<\/li>\n<li>Enti\u00e8rement r\u00e9glable<\/li>\n<li>Lavage \u00e0 la main seulement<\/li>\n<li>Guide des tailles: voir photos et ci-dessous<\/li>\n<li>To match the <a href=\"https:\/\/universanimalier.com\/en\/boutique\/cocopup-london-laisse-mocha-flower\/\">laisse Mocha Flower<\/a><\/li>\n<\/ul>\n<div>XS : 23,5 cm &#8211; 28 cm, largeur = 1 cm<\/div>\n<div>S : 28 cm &#8211; 44 cm, largeur = 1,5 cm<\/div>\n<div>M : 32 cm &#8211; 50 cm, largeur = 2 cm<\/div>\n<div>L : 46 cm &#8211; 71 cm, largeur = 2,5 cm<\/div>","protected":false},"featured_media":59069,"template":"","meta":[],"product_brand":[],"product_cat":[5134,9065,23],"product_tag":[9046,9045,9050,9047,9051,9048],"class_list":{"0":"post-59093","1":"product","2":"type-product","3":"status-publish","4":"has-post-thumbnail","6":"product_cat-en-balade","7":"product_cat-printemps-ete-2025","8":"product_cat-colliers","9":"product_tag-cocopup","10":"product_tag-cocopup-london","11":"product_tag-cocopup-london-collier-ajustable-mocha-flower","12":"product_tag-cocopup-london-harnais-ajustable-mocha-flower","13":"product_tag-collier-mocha-flower","14":"product_tag-harnais-mocha-flower","16":"first","17":"instock","18":"shipping-taxable","19":"purchasable","20":"product-type-variable"},"yoast_head":"<!-- This site is optimized with the Yoast SEO plugin v25.5 - https:\/\/yoast.com\/wordpress\/plugins\/seo\/ -->\n<title>Cocopup London - Collier ajustable Mocha Flower - L&#039;univers Animalier<\/title>\n<meta name=\"description\" content=\"Cocopup London - Collier ajustable Mocha Flower\" \/>\n<meta name=\"robots\" content=\"index, follow, max-snippet:-1, max-image-preview:large, max-video-preview:-1\" \/>\n<link rel=\"canonical\" href=\"https:\/\/universanimalier.com\/en\/boutique\/cocopup-london-collier-ajustable-mocha-flower\/\" \/>\n<meta property=\"og:locale\" content=\"en_US\" \/>\n<meta property=\"og:type\" content=\"article\" \/>\n<meta property=\"og:title\" content=\"Cocopup London - Collier ajustable Mocha Flower - L&#039;univers Animalier\" \/>\n<meta property=\"og:description\" content=\"Cocopup London - Collier ajustable Mocha Flower\" \/>\n<meta property=\"og:url\" content=\"https:\/\/universanimalier.com\/en\/boutique\/cocopup-london-collier-ajustable-mocha-flower\/\" \/>\n<meta property=\"og:site_name\" content=\"L&#039;univers Animalier\" \/>\n<meta property=\"article:publisher\" content=\"https:\/\/www.facebook.com\/lunivers.animalier\" \/>\n<meta property=\"article:modified_time\" content=\"2025-02-22T17:00:13+00:00\" \/>\n<meta property=\"og:image\" content=\"https:\/\/universanimalier.com\/wp-content\/uploads\/2025\/02\/IMG_0230.jpeg\" \/>\n\t<meta property=\"og:image:width\" content=\"1018\" \/>\n\t<meta property=\"og:image:height\" content=\"1018\" \/>\n\t<meta property=\"og:image:type\" content=\"image\/jpeg\" \/>\n<meta name=\"twitter:card\" content=\"summary_large_image\" \/>\n<meta name=\"twitter:label1\" content=\"Est. reading time\" \/>\n\t<meta name=\"twitter:data1\" content=\"1 minute\" \/>\n<script type=\"application\/ld+json\" class=\"yoast-schema-graph\">{\"@context\":\"https:\/\/schema.org\",\"@graph\":[{\"@type\":\"WebPage\",\"@id\":\"https:\/\/universanimalier.com\/boutique\/cocopup-london-collier-ajustable-mocha-flower\/\",\"url\":\"https:\/\/universanimalier.com\/boutique\/cocopup-london-collier-ajustable-mocha-flower\/\",\"name\":\"Cocopup London - Collier ajustable Mocha Flower - L&#039;univers Animalier\",\"isPartOf\":{\"@id\":\"https:\/\/wip.universanimalier.com\/#website\"},\"primaryImageOfPage\":{\"@id\":\"https:\/\/universanimalier.com\/boutique\/cocopup-london-collier-ajustable-mocha-flower\/#primaryimage\"},\"image\":{\"@id\":\"https:\/\/universanimalier.com\/boutique\/cocopup-london-collier-ajustable-mocha-flower\/#primaryimage\"},\"thumbnailUrl\":\"https:\/\/universanimalier.com\/wp-content\/uploads\/2025\/02\/IMG_0230.jpeg\",\"datePublished\":\"2025-02-13T14:33:23+00:00\",\"dateModified\":\"2025-02-22T17:00:13+00:00\",\"description\":\"Cocopup London - Collier ajustable Mocha Flower\",\"breadcrumb\":{\"@id\":\"https:\/\/universanimalier.com\/boutique\/cocopup-london-collier-ajustable-mocha-flower\/#breadcrumb\"},\"inLanguage\":\"en-US\",\"potentialAction\":[{\"@type\":\"ReadAction\",\"target\":[\"https:\/\/universanimalier.com\/boutique\/cocopup-london-collier-ajustable-mocha-flower\/\"]}]},{\"@type\":\"ImageObject\",\"inLanguage\":\"en-US\",\"@id\":\"https:\/\/universanimalier.com\/boutique\/cocopup-london-collier-ajustable-mocha-flower\/#primaryimage\",\"url\":\"https:\/\/universanimalier.com\/wp-content\/uploads\/2025\/02\/IMG_0230.jpeg\",\"contentUrl\":\"https:\/\/universanimalier.com\/wp-content\/uploads\/2025\/02\/IMG_0230.jpeg\",\"width\":1018,\"height\":1018},{\"@type\":\"BreadcrumbList\",\"@id\":\"https:\/\/universanimalier.com\/boutique\/cocopup-london-collier-ajustable-mocha-flower\/#breadcrumb\",\"itemListElement\":[{\"@type\":\"ListItem\",\"position\":1,\"name\":\"Accueil\",\"item\":\"https:\/\/wip.universanimalier.com\/\"},{\"@type\":\"ListItem\",\"position\":2,\"name\":\"Boutique\",\"item\":\"https:\/\/wip.universanimalier.com\/boutique\/\"},{\"@type\":\"ListItem\",\"position\":3,\"name\":\"Cocopup London &#8211; Collier ajustable Mocha Flower\"}]},{\"@type\":\"WebSite\",\"@id\":\"https:\/\/wip.universanimalier.com\/#website\",\"url\":\"https:\/\/wip.universanimalier.com\/\",\"name\":\"L'univers Animalier\",\"description\":\"Le paradis des chiens g\u00e2t\u00e9s !\",\"publisher\":{\"@id\":\"https:\/\/wip.universanimalier.com\/#organization\"},\"potentialAction\":[{\"@type\":\"SearchAction\",\"target\":{\"@type\":\"EntryPoint\",\"urlTemplate\":\"https:\/\/wip.universanimalier.com\/?s={search_term_string}\"},\"query-input\":{\"@type\":\"PropertyValueSpecification\",\"valueRequired\":true,\"valueName\":\"search_term_string\"}}],\"inLanguage\":\"en-US\"},{\"@type\":\"Organization\",\"@id\":\"https:\/\/wip.universanimalier.com\/#organization\",\"name\":\"L'univers Animalier\",\"url\":\"https:\/\/wip.universanimalier.com\/\",\"logo\":{\"@type\":\"ImageObject\",\"inLanguage\":\"en-US\",\"@id\":\"https:\/\/wip.universanimalier.com\/#\/schema\/logo\/image\/\",\"url\":\"https:\/\/universanimalier.com\/wp-content\/uploads\/2021\/06\/logo.jpg\",\"contentUrl\":\"https:\/\/universanimalier.com\/wp-content\/uploads\/2021\/06\/logo.jpg\",\"width\":800,\"height\":200,\"caption\":\"L'univers Animalier\"},\"image\":{\"@id\":\"https:\/\/wip.universanimalier.com\/#\/schema\/logo\/image\/\"},\"sameAs\":[\"https:\/\/www.facebook.com\/lunivers.animalier\"]}]}<\/script>\n<!-- \/ Yoast SEO plugin. -->","yoast_head_json":{"title":"Cocopup London - Collier ajustable Mocha Flower - L&#039;univers Animalier","description":"Cocopup London - Collier ajustable Mocha Flower","robots":{"index":"index","follow":"follow","max-snippet":"max-snippet:-1","max-image-preview":"max-image-preview:large","max-video-preview":"max-video-preview:-1"},"canonical":"https:\/\/universanimalier.com\/en\/boutique\/cocopup-london-collier-ajustable-mocha-flower\/","og_locale":"en_US","og_type":"article","og_title":"Cocopup London - Collier ajustable Mocha Flower - L&#039;univers Animalier","og_description":"Cocopup London - Collier ajustable Mocha Flower","og_url":"https:\/\/universanimalier.com\/en\/boutique\/cocopup-london-collier-ajustable-mocha-flower\/","og_site_name":"L&#039;univers Animalier","article_publisher":"https:\/\/www.facebook.com\/lunivers.animalier","article_modified_time":"2025-02-22T17:00:13+00:00","og_image":[{"width":1018,"height":1018,"url":"https:\/\/universanimalier.com\/wp-content\/uploads\/2025\/02\/IMG_0230.jpeg","type":"image\/jpeg"}],"twitter_card":"summary_large_image","twitter_misc":{"Est. reading time":"1 minute"},"schema":{"@context":"https:\/\/schema.org","@graph":[{"@type":"WebPage","@id":"https:\/\/universanimalier.com\/boutique\/cocopup-london-collier-ajustable-mocha-flower\/","url":"https:\/\/universanimalier.com\/boutique\/cocopup-london-collier-ajustable-mocha-flower\/","name":"Cocopup London - Collier ajustable Mocha Flower - L&#039;univers Animalier","isPartOf":{"@id":"https:\/\/wip.universanimalier.com\/#website"},"primaryImageOfPage":{"@id":"https:\/\/universanimalier.com\/boutique\/cocopup-london-collier-ajustable-mocha-flower\/#primaryimage"},"image":{"@id":"https:\/\/universanimalier.com\/boutique\/cocopup-london-collier-ajustable-mocha-flower\/#primaryimage"},"thumbnailUrl":"https:\/\/universanimalier.com\/wp-content\/uploads\/2025\/02\/IMG_0230.jpeg","datePublished":"2025-02-13T14:33:23+00:00","dateModified":"2025-02-22T17:00:13+00:00","description":"Cocopup London - Collier ajustable Mocha Flower","breadcrumb":{"@id":"https:\/\/universanimalier.com\/boutique\/cocopup-london-collier-ajustable-mocha-flower\/#breadcrumb"},"inLanguage":"en-US","potentialAction":[{"@type":"ReadAction","target":["https:\/\/universanimalier.com\/boutique\/cocopup-london-collier-ajustable-mocha-flower\/"]}]},{"@type":"ImageObject","inLanguage":"en-US","@id":"https:\/\/universanimalier.com\/boutique\/cocopup-london-collier-ajustable-mocha-flower\/#primaryimage","url":"https:\/\/universanimalier.com\/wp-content\/uploads\/2025\/02\/IMG_0230.jpeg","contentUrl":"https:\/\/universanimalier.com\/wp-content\/uploads\/2025\/02\/IMG_0230.jpeg","width":1018,"height":1018},{"@type":"BreadcrumbList","@id":"https:\/\/universanimalier.com\/boutique\/cocopup-london-collier-ajustable-mocha-flower\/#breadcrumb","itemListElement":[{"@type":"ListItem","position":1,"name":"Accueil","item":"https:\/\/wip.universanimalier.com\/"},{"@type":"ListItem","position":2,"name":"Boutique","item":"https:\/\/wip.universanimalier.com\/boutique\/"},{"@type":"ListItem","position":3,"name":"Cocopup London &#8211; Collier ajustable Mocha Flower"}]},{"@type":"WebSite","@id":"https:\/\/wip.universanimalier.com\/#website","url":"https:\/\/wip.universanimalier.com\/","name":"L'univers Animalier","description":"A paradise for spoiled dogs!","publisher":{"@id":"https:\/\/wip.universanimalier.com\/#organization"},"potentialAction":[{"@type":"SearchAction","target":{"@type":"EntryPoint","urlTemplate":"https:\/\/wip.universanimalier.com\/?s={search_term_string}"},"query-input":{"@type":"PropertyValueSpecification","valueRequired":true,"valueName":"search_term_string"}}],"inLanguage":"en-US"},{"@type":"Organization","@id":"https:\/\/wip.universanimalier.com\/#organization","name":"L'univers Animalier","url":"https:\/\/wip.universanimalier.com\/","logo":{"@type":"ImageObject","inLanguage":"en-US","@id":"https:\/\/wip.universanimalier.com\/#\/schema\/logo\/image\/","url":"https:\/\/universanimalier.com\/wp-content\/uploads\/2021\/06\/logo.jpg","contentUrl":"https:\/\/universanimalier.com\/wp-content\/uploads\/2021\/06\/logo.jpg","width":800,"height":200,"caption":"L'univers Animalier"},"image":{"@id":"https:\/\/wip.universanimalier.com\/#\/schema\/logo\/image\/"},"sameAs":["https:\/\/www.facebook.com\/lunivers.animalier"]}]}},"_links":{"self":[{"href":"https:\/\/universanimalier.com\/en\/wp-json\/wp\/v2\/product\/59093"}],"collection":[{"href":"https:\/\/universanimalier.com\/en\/wp-json\/wp\/v2\/product"}],"about":[{"href":"https:\/\/universanimalier.com\/en\/wp-json\/wp\/v2\/types\/product"}],"wp:featuredmedia":[{"embeddable":true,"href":"https:\/\/universanimalier.com\/en\/wp-json\/wp\/v2\/media\/59069"}],"wp:attachment":[{"href":"https:\/\/universanimalier.com\/en\/wp-json\/wp\/v2\/media?parent=59093"}],"wp:term":[{"taxonomy":"product_brand","embeddable":true,"href":"https:\/\/universanimalier.com\/en\/wp-json\/wp\/v2\/product_brand?post=59093"},{"taxonomy":"product_cat","embeddable":true,"href":"https:\/\/universanimalier.com\/en\/wp-json\/wp\/v2\/product_cat?post=59093"},{"taxonomy":"product_tag","embeddable":true,"href":"https:\/\/universanimalier.com\/en\/wp-json\/wp\/v2\/product_tag?post=59093"}],"curies":[{"name":"wp","href":"https:\/\/api.w.org\/{rel}","templated":true}]}}