{"id":59106,"date":"2025-02-13T20:59:19","date_gmt":"2025-02-13T19:59:19","guid":{"rendered":"https:\/\/universanimalier.com\/?post_type=product&#038;p=59106"},"modified":"2025-02-22T18:00:13","modified_gmt":"2025-02-22T17:00:13","slug":"cocopup-london-laisse-mocha-flower","status":"publish","type":"product","link":"https:\/\/universanimalier.com\/en\/boutique\/cocopup-london-laisse-mocha-flower\/","title":{"rendered":"Cocopup London &#8211; Laisse Mocha Flower"},"content":{"rendered":"<p id=\"tw-target-text\" class=\"tw-data-text tw-text-large tw-ta\" dir=\"ltr\" data-placeholder=\"Traduction\" data-ved=\"2ahUKEwiQ8rvetsGLAxUV_rsIHSNYLiMQ3ewLegQIBxAV\" aria-label=\"Texte traduit\u00a0: Notre Luxe Lead - Moka Flower est tout ce dont vous avez besoin pour des promenades chics avec votre chiot ! Fabriqu\u00e9e avec un imprim\u00e9 moka et fleuri, cette laisse solide et \u00e9l\u00e9gante fera passer votre chiot d'ennuyeux \u00e0 adorable en un rien de temps ! Trame! Poign\u00e9e rembourr\u00e9e en polyester pour plus de confort Clip noir pivotant pour une fixation facile du collier Anneau en D suppl\u00e9mentaire \u00e0 la base pour le transport du sac \u00e0 d\u00e9jections canines Dimensions = 152 cm (59,8&quot;) x 2 cm (0,78&quot;)\"><span class=\"Y2IQFc\" lang=\"fr\">Laisse Mocha Flower. Tout ce dont vous avez besoin pour des promenades chics avec votre chien ! Fabriqu\u00e9e avec un imprim\u00e9 moka et fleuri, cette laisse est solide et \u00e9l\u00e9gante. <\/span><\/p>\n<ul>\n<li class=\"tw-data-text tw-text-large tw-ta\" dir=\"ltr\" data-placeholder=\"Traduction\" data-ved=\"2ahUKEwiQ8rvetsGLAxUV_rsIHSNYLiMQ3ewLegQIBxAV\" aria-label=\"Texte traduit\u00a0: Notre Luxe Lead - Moka Flower est tout ce dont vous avez besoin pour des promenades chics avec votre chiot ! Fabriqu\u00e9e avec un imprim\u00e9 moka et fleuri, cette laisse solide et \u00e9l\u00e9gante fera passer votre chiot d'ennuyeux \u00e0 adorable en un rien de temps ! Trame! Poign\u00e9e rembourr\u00e9e en polyester pour plus de confort Clip noir pivotant pour une fixation facile du collier Anneau en D suppl\u00e9mentaire \u00e0 la base pour le transport du sac \u00e0 d\u00e9jections canines Dimensions = 152 cm (59,8&quot;) x 2 cm (0,78&quot;)\"><span class=\"Y2IQFc\" lang=\"fr\">Poign\u00e9e rembourr\u00e9e en polyester pour plus de confort <\/span><\/li>\n<li class=\"tw-data-text tw-text-large tw-ta\" dir=\"ltr\" data-placeholder=\"Traduction\" data-ved=\"2ahUKEwiQ8rvetsGLAxUV_rsIHSNYLiMQ3ewLegQIBxAV\" aria-label=\"Texte traduit\u00a0: Notre Luxe Lead - Moka Flower est tout ce dont vous avez besoin pour des promenades chics avec votre chiot ! Fabriqu\u00e9e avec un imprim\u00e9 moka et fleuri, cette laisse solide et \u00e9l\u00e9gante fera passer votre chiot d'ennuyeux \u00e0 adorable en un rien de temps ! Trame! Poign\u00e9e rembourr\u00e9e en polyester pour plus de confort Clip noir pivotant pour une fixation facile du collier Anneau en D suppl\u00e9mentaire \u00e0 la base pour le transport du sac \u00e0 d\u00e9jections canines Dimensions = 152 cm (59,8&quot;) x 2 cm (0,78&quot;)\"><span class=\"Y2IQFc\" lang=\"fr\">Clip noir pivotant pour une fixation facile du collier <\/span><\/li>\n<li class=\"tw-data-text tw-text-large tw-ta\" dir=\"ltr\" data-placeholder=\"Traduction\" data-ved=\"2ahUKEwiQ8rvetsGLAxUV_rsIHSNYLiMQ3ewLegQIBxAV\" aria-label=\"Texte traduit\u00a0: Notre Luxe Lead - Moka Flower est tout ce dont vous avez besoin pour des promenades chics avec votre chiot ! Fabriqu\u00e9e avec un imprim\u00e9 moka et fleuri, cette laisse solide et \u00e9l\u00e9gante fera passer votre chiot d'ennuyeux \u00e0 adorable en un rien de temps ! Trame! Poign\u00e9e rembourr\u00e9e en polyester pour plus de confort Clip noir pivotant pour une fixation facile du collier Anneau en D suppl\u00e9mentaire \u00e0 la base pour le transport du sac \u00e0 d\u00e9jections canines Dimensions = 152 cm (59,8&quot;) x 2 cm (0,78&quot;)\"><span class=\"Y2IQFc\" lang=\"fr\">Anneau en D suppl\u00e9mentaire \u00e0 la base <\/span><\/li>\n<li class=\"tw-data-text tw-text-large tw-ta\" dir=\"ltr\" data-placeholder=\"Traduction\" data-ved=\"2ahUKEwiQ8rvetsGLAxUV_rsIHSNYLiMQ3ewLegQIBxAV\" aria-label=\"Texte traduit\u00a0: Notre Luxe Lead - Moka Flower est tout ce dont vous avez besoin pour des promenades chics avec votre chiot ! Fabriqu\u00e9e avec un imprim\u00e9 moka et fleuri, cette laisse solide et \u00e9l\u00e9gante fera passer votre chiot d'ennuyeux \u00e0 adorable en un rien de temps ! Trame! Poign\u00e9e rembourr\u00e9e en polyester pour plus de confort Clip noir pivotant pour une fixation facile du collier Anneau en D suppl\u00e9mentaire \u00e0 la base pour le transport du sac \u00e0 d\u00e9jections canines Dimensions = 152 cm (59,8&quot;) x 2 cm (0,78&quot;)\"><span class=\"Y2IQFc\" lang=\"fr\">Dimensions = 152 cm x 2 cm<\/span><\/li>\n<\/ul>","protected":false},"excerpt":{"rendered":"<p id=\"tw-target-text\" class=\"tw-data-text tw-text-large tw-ta\" dir=\"ltr\" data-placeholder=\"Traduction\" data-ved=\"2ahUKEwiQ8rvetsGLAxUV_rsIHSNYLiMQ3ewLegQIBxAV\" aria-label=\"Texte traduit\u00a0: Notre Luxe Lead - Moka Flower est tout ce dont vous avez besoin pour des promenades chics avec votre chiot ! Fabriqu\u00e9e avec un imprim\u00e9 moka et fleuri, cette laisse solide et \u00e9l\u00e9gante fera passer votre chiot d'ennuyeux \u00e0 adorable en un rien de temps ! Trame! Poign\u00e9e rembourr\u00e9e en polyester pour plus de confort Clip noir pivotant pour une fixation facile du collier Anneau en D suppl\u00e9mentaire \u00e0 la base pour le transport du sac \u00e0 d\u00e9jections canines Dimensions = 152 cm (59,8&quot;) x 2 cm (0,78&quot;)\"><span class=\"Y2IQFc\" lang=\"fr\">Laisse Mocha Flower. Tout ce dont vous avez besoin pour des promenades chics avec votre chien ! Fabriqu\u00e9e avec un imprim\u00e9 moka et fleuri, cette laisse est solide et \u00e9l\u00e9gante. <\/span><\/p>\n<ul>\n<li class=\"tw-data-text tw-text-large tw-ta\" dir=\"ltr\" data-placeholder=\"Traduction\" data-ved=\"2ahUKEwiQ8rvetsGLAxUV_rsIHSNYLiMQ3ewLegQIBxAV\" aria-label=\"Texte traduit\u00a0: Notre Luxe Lead - Moka Flower est tout ce dont vous avez besoin pour des promenades chics avec votre chiot ! Fabriqu\u00e9e avec un imprim\u00e9 moka et fleuri, cette laisse solide et \u00e9l\u00e9gante fera passer votre chiot d'ennuyeux \u00e0 adorable en un rien de temps ! Trame! Poign\u00e9e rembourr\u00e9e en polyester pour plus de confort Clip noir pivotant pour une fixation facile du collier Anneau en D suppl\u00e9mentaire \u00e0 la base pour le transport du sac \u00e0 d\u00e9jections canines Dimensions = 152 cm (59,8&quot;) x 2 cm (0,78&quot;)\"><span class=\"Y2IQFc\" lang=\"fr\">Poign\u00e9e rembourr\u00e9e en polyester pour plus de confort <\/span><\/li>\n<li class=\"tw-data-text tw-text-large tw-ta\" dir=\"ltr\" data-placeholder=\"Traduction\" data-ved=\"2ahUKEwiQ8rvetsGLAxUV_rsIHSNYLiMQ3ewLegQIBxAV\" aria-label=\"Texte traduit\u00a0: Notre Luxe Lead - Moka Flower est tout ce dont vous avez besoin pour des promenades chics avec votre chiot ! Fabriqu\u00e9e avec un imprim\u00e9 moka et fleuri, cette laisse solide et \u00e9l\u00e9gante fera passer votre chiot d'ennuyeux \u00e0 adorable en un rien de temps ! Trame! Poign\u00e9e rembourr\u00e9e en polyester pour plus de confort Clip noir pivotant pour une fixation facile du collier Anneau en D suppl\u00e9mentaire \u00e0 la base pour le transport du sac \u00e0 d\u00e9jections canines Dimensions = 152 cm (59,8&quot;) x 2 cm (0,78&quot;)\"><span class=\"Y2IQFc\" lang=\"fr\">Clip noir pivotant pour une fixation facile du collier <\/span><\/li>\n<li class=\"tw-data-text tw-text-large tw-ta\" dir=\"ltr\" data-placeholder=\"Traduction\" data-ved=\"2ahUKEwiQ8rvetsGLAxUV_rsIHSNYLiMQ3ewLegQIBxAV\" aria-label=\"Texte traduit\u00a0: Notre Luxe Lead - Moka Flower est tout ce dont vous avez besoin pour des promenades chics avec votre chiot ! Fabriqu\u00e9e avec un imprim\u00e9 moka et fleuri, cette laisse solide et \u00e9l\u00e9gante fera passer votre chiot d'ennuyeux \u00e0 adorable en un rien de temps ! Trame! Poign\u00e9e rembourr\u00e9e en polyester pour plus de confort Clip noir pivotant pour une fixation facile du collier Anneau en D suppl\u00e9mentaire \u00e0 la base pour le transport du sac \u00e0 d\u00e9jections canines Dimensions = 152 cm (59,8&quot;) x 2 cm (0,78&quot;)\"><span class=\"Y2IQFc\" lang=\"fr\">Anneau en D suppl\u00e9mentaire \u00e0 la base <\/span><\/li>\n<li class=\"tw-data-text tw-text-large tw-ta\" dir=\"ltr\" data-placeholder=\"Traduction\" data-ved=\"2ahUKEwiQ8rvetsGLAxUV_rsIHSNYLiMQ3ewLegQIBxAV\" aria-label=\"Texte traduit\u00a0: Notre Luxe Lead - Moka Flower est tout ce dont vous avez besoin pour des promenades chics avec votre chiot ! Fabriqu\u00e9e avec un imprim\u00e9 moka et fleuri, cette laisse solide et \u00e9l\u00e9gante fera passer votre chiot d'ennuyeux \u00e0 adorable en un rien de temps ! Trame! Poign\u00e9e rembourr\u00e9e en polyester pour plus de confort Clip noir pivotant pour une fixation facile du collier Anneau en D suppl\u00e9mentaire \u00e0 la base pour le transport du sac \u00e0 d\u00e9jections canines Dimensions = 152 cm (59,8&quot;) x 2 cm (0,78&quot;)\"><span class=\"Y2IQFc\" lang=\"fr\">Dimensions = 152 cm x 2 cm<\/span><\/li>\n<\/ul>","protected":false},"featured_media":59107,"template":"","meta":[],"product_brand":[],"product_cat":[5134,9065,54],"product_tag":[9046,9045,9050,9047,9052,9051,9048],"class_list":{"0":"post-59106","1":"product","2":"type-product","3":"status-publish","4":"has-post-thumbnail","6":"product_cat-en-balade","7":"product_cat-printemps-ete-2025","8":"product_cat-laisses","9":"product_tag-cocopup","10":"product_tag-cocopup-london","11":"product_tag-cocopup-london-collier-ajustable-mocha-flower","12":"product_tag-cocopup-london-harnais-ajustable-mocha-flower","13":"product_tag-cocopup-london-jouet-os-mocha-flower","14":"product_tag-collier-mocha-flower","15":"product_tag-harnais-mocha-flower","17":"first","18":"instock","19":"shipping-taxable","20":"purchasable","21":"product-type-simple"},"yoast_head":"<!-- This site is optimized with the Yoast SEO plugin v25.5 - https:\/\/yoast.com\/wordpress\/plugins\/seo\/ -->\n<title>Cocopup London - Laisse Mocha Flower - L&#039;univers Animalier<\/title>\n<meta name=\"description\" content=\"Cocopup London - Laisse Mocha Flower\" \/>\n<meta name=\"robots\" content=\"index, follow, max-snippet:-1, max-image-preview:large, max-video-preview:-1\" \/>\n<link rel=\"canonical\" href=\"https:\/\/universanimalier.com\/en\/boutique\/cocopup-london-laisse-mocha-flower\/\" \/>\n<meta property=\"og:locale\" content=\"en_US\" \/>\n<meta property=\"og:type\" content=\"article\" \/>\n<meta property=\"og:title\" content=\"Cocopup London - Laisse Mocha Flower - L&#039;univers Animalier\" \/>\n<meta property=\"og:description\" content=\"Cocopup London - Laisse Mocha Flower\" \/>\n<meta property=\"og:url\" content=\"https:\/\/universanimalier.com\/en\/boutique\/cocopup-london-laisse-mocha-flower\/\" \/>\n<meta property=\"og:site_name\" content=\"L&#039;univers Animalier\" \/>\n<meta property=\"article:publisher\" content=\"https:\/\/www.facebook.com\/lunivers.animalier\" \/>\n<meta property=\"article:modified_time\" content=\"2025-02-22T17:00:13+00:00\" \/>\n<meta property=\"og:image\" content=\"https:\/\/universanimalier.com\/wp-content\/uploads\/2025\/02\/IMG_0616.jpeg\" \/>\n\t<meta property=\"og:image:width\" content=\"900\" \/>\n\t<meta property=\"og:image:height\" content=\"900\" \/>\n\t<meta property=\"og:image:type\" content=\"image\/jpeg\" \/>\n<meta name=\"twitter:card\" content=\"summary_large_image\" \/>\n<meta name=\"twitter:label1\" content=\"Est. reading time\" \/>\n\t<meta name=\"twitter:data1\" content=\"1 minute\" \/>\n<script type=\"application\/ld+json\" class=\"yoast-schema-graph\">{\"@context\":\"https:\/\/schema.org\",\"@graph\":[{\"@type\":\"WebPage\",\"@id\":\"https:\/\/universanimalier.com\/boutique\/cocopup-london-laisse-mocha-flower\/\",\"url\":\"https:\/\/universanimalier.com\/boutique\/cocopup-london-laisse-mocha-flower\/\",\"name\":\"Cocopup London - Laisse Mocha Flower - L&#039;univers Animalier\",\"isPartOf\":{\"@id\":\"https:\/\/wip.universanimalier.com\/#website\"},\"primaryImageOfPage\":{\"@id\":\"https:\/\/universanimalier.com\/boutique\/cocopup-london-laisse-mocha-flower\/#primaryimage\"},\"image\":{\"@id\":\"https:\/\/universanimalier.com\/boutique\/cocopup-london-laisse-mocha-flower\/#primaryimage\"},\"thumbnailUrl\":\"https:\/\/universanimalier.com\/wp-content\/uploads\/2025\/02\/IMG_0616.jpeg\",\"datePublished\":\"2025-02-13T19:59:19+00:00\",\"dateModified\":\"2025-02-22T17:00:13+00:00\",\"description\":\"Cocopup London - Laisse Mocha Flower\",\"breadcrumb\":{\"@id\":\"https:\/\/universanimalier.com\/boutique\/cocopup-london-laisse-mocha-flower\/#breadcrumb\"},\"inLanguage\":\"en-US\",\"potentialAction\":[{\"@type\":\"ReadAction\",\"target\":[\"https:\/\/universanimalier.com\/boutique\/cocopup-london-laisse-mocha-flower\/\"]}]},{\"@type\":\"ImageObject\",\"inLanguage\":\"en-US\",\"@id\":\"https:\/\/universanimalier.com\/boutique\/cocopup-london-laisse-mocha-flower\/#primaryimage\",\"url\":\"https:\/\/universanimalier.com\/wp-content\/uploads\/2025\/02\/IMG_0616.jpeg\",\"contentUrl\":\"https:\/\/universanimalier.com\/wp-content\/uploads\/2025\/02\/IMG_0616.jpeg\",\"width\":900,\"height\":900},{\"@type\":\"BreadcrumbList\",\"@id\":\"https:\/\/universanimalier.com\/boutique\/cocopup-london-laisse-mocha-flower\/#breadcrumb\",\"itemListElement\":[{\"@type\":\"ListItem\",\"position\":1,\"name\":\"Accueil\",\"item\":\"https:\/\/wip.universanimalier.com\/\"},{\"@type\":\"ListItem\",\"position\":2,\"name\":\"Boutique\",\"item\":\"https:\/\/wip.universanimalier.com\/boutique\/\"},{\"@type\":\"ListItem\",\"position\":3,\"name\":\"Cocopup London &#8211; Laisse Mocha Flower\"}]},{\"@type\":\"WebSite\",\"@id\":\"https:\/\/wip.universanimalier.com\/#website\",\"url\":\"https:\/\/wip.universanimalier.com\/\",\"name\":\"L'univers Animalier\",\"description\":\"Le paradis des chiens g\u00e2t\u00e9s !\",\"publisher\":{\"@id\":\"https:\/\/wip.universanimalier.com\/#organization\"},\"potentialAction\":[{\"@type\":\"SearchAction\",\"target\":{\"@type\":\"EntryPoint\",\"urlTemplate\":\"https:\/\/wip.universanimalier.com\/?s={search_term_string}\"},\"query-input\":{\"@type\":\"PropertyValueSpecification\",\"valueRequired\":true,\"valueName\":\"search_term_string\"}}],\"inLanguage\":\"en-US\"},{\"@type\":\"Organization\",\"@id\":\"https:\/\/wip.universanimalier.com\/#organization\",\"name\":\"L'univers Animalier\",\"url\":\"https:\/\/wip.universanimalier.com\/\",\"logo\":{\"@type\":\"ImageObject\",\"inLanguage\":\"en-US\",\"@id\":\"https:\/\/wip.universanimalier.com\/#\/schema\/logo\/image\/\",\"url\":\"https:\/\/universanimalier.com\/wp-content\/uploads\/2021\/06\/logo.jpg\",\"contentUrl\":\"https:\/\/universanimalier.com\/wp-content\/uploads\/2021\/06\/logo.jpg\",\"width\":800,\"height\":200,\"caption\":\"L'univers Animalier\"},\"image\":{\"@id\":\"https:\/\/wip.universanimalier.com\/#\/schema\/logo\/image\/\"},\"sameAs\":[\"https:\/\/www.facebook.com\/lunivers.animalier\"]}]}<\/script>\n<!-- \/ Yoast SEO plugin. -->","yoast_head_json":{"title":"Cocopup London - Laisse Mocha Flower - L&#039;univers Animalier","description":"Cocopup London - Laisse Mocha Flower","robots":{"index":"index","follow":"follow","max-snippet":"max-snippet:-1","max-image-preview":"max-image-preview:large","max-video-preview":"max-video-preview:-1"},"canonical":"https:\/\/universanimalier.com\/en\/boutique\/cocopup-london-laisse-mocha-flower\/","og_locale":"en_US","og_type":"article","og_title":"Cocopup London - Laisse Mocha Flower - L&#039;univers Animalier","og_description":"Cocopup London - Laisse Mocha Flower","og_url":"https:\/\/universanimalier.com\/en\/boutique\/cocopup-london-laisse-mocha-flower\/","og_site_name":"L&#039;univers Animalier","article_publisher":"https:\/\/www.facebook.com\/lunivers.animalier","article_modified_time":"2025-02-22T17:00:13+00:00","og_image":[{"width":900,"height":900,"url":"https:\/\/universanimalier.com\/wp-content\/uploads\/2025\/02\/IMG_0616.jpeg","type":"image\/jpeg"}],"twitter_card":"summary_large_image","twitter_misc":{"Est. reading time":"1 minute"},"schema":{"@context":"https:\/\/schema.org","@graph":[{"@type":"WebPage","@id":"https:\/\/universanimalier.com\/boutique\/cocopup-london-laisse-mocha-flower\/","url":"https:\/\/universanimalier.com\/boutique\/cocopup-london-laisse-mocha-flower\/","name":"Cocopup London - Laisse Mocha Flower - L&#039;univers Animalier","isPartOf":{"@id":"https:\/\/wip.universanimalier.com\/#website"},"primaryImageOfPage":{"@id":"https:\/\/universanimalier.com\/boutique\/cocopup-london-laisse-mocha-flower\/#primaryimage"},"image":{"@id":"https:\/\/universanimalier.com\/boutique\/cocopup-london-laisse-mocha-flower\/#primaryimage"},"thumbnailUrl":"https:\/\/universanimalier.com\/wp-content\/uploads\/2025\/02\/IMG_0616.jpeg","datePublished":"2025-02-13T19:59:19+00:00","dateModified":"2025-02-22T17:00:13+00:00","description":"Cocopup London - Laisse Mocha Flower","breadcrumb":{"@id":"https:\/\/universanimalier.com\/boutique\/cocopup-london-laisse-mocha-flower\/#breadcrumb"},"inLanguage":"en-US","potentialAction":[{"@type":"ReadAction","target":["https:\/\/universanimalier.com\/boutique\/cocopup-london-laisse-mocha-flower\/"]}]},{"@type":"ImageObject","inLanguage":"en-US","@id":"https:\/\/universanimalier.com\/boutique\/cocopup-london-laisse-mocha-flower\/#primaryimage","url":"https:\/\/universanimalier.com\/wp-content\/uploads\/2025\/02\/IMG_0616.jpeg","contentUrl":"https:\/\/universanimalier.com\/wp-content\/uploads\/2025\/02\/IMG_0616.jpeg","width":900,"height":900},{"@type":"BreadcrumbList","@id":"https:\/\/universanimalier.com\/boutique\/cocopup-london-laisse-mocha-flower\/#breadcrumb","itemListElement":[{"@type":"ListItem","position":1,"name":"Accueil","item":"https:\/\/wip.universanimalier.com\/"},{"@type":"ListItem","position":2,"name":"Boutique","item":"https:\/\/wip.universanimalier.com\/boutique\/"},{"@type":"ListItem","position":3,"name":"Cocopup London &#8211; Laisse Mocha Flower"}]},{"@type":"WebSite","@id":"https:\/\/wip.universanimalier.com\/#website","url":"https:\/\/wip.universanimalier.com\/","name":"L'univers Animalier","description":"A paradise for spoiled dogs!","publisher":{"@id":"https:\/\/wip.universanimalier.com\/#organization"},"potentialAction":[{"@type":"SearchAction","target":{"@type":"EntryPoint","urlTemplate":"https:\/\/wip.universanimalier.com\/?s={search_term_string}"},"query-input":{"@type":"PropertyValueSpecification","valueRequired":true,"valueName":"search_term_string"}}],"inLanguage":"en-US"},{"@type":"Organization","@id":"https:\/\/wip.universanimalier.com\/#organization","name":"L'univers Animalier","url":"https:\/\/wip.universanimalier.com\/","logo":{"@type":"ImageObject","inLanguage":"en-US","@id":"https:\/\/wip.universanimalier.com\/#\/schema\/logo\/image\/","url":"https:\/\/universanimalier.com\/wp-content\/uploads\/2021\/06\/logo.jpg","contentUrl":"https:\/\/universanimalier.com\/wp-content\/uploads\/2021\/06\/logo.jpg","width":800,"height":200,"caption":"L'univers Animalier"},"image":{"@id":"https:\/\/wip.universanimalier.com\/#\/schema\/logo\/image\/"},"sameAs":["https:\/\/www.facebook.com\/lunivers.animalier"]}]}},"_links":{"self":[{"href":"https:\/\/universanimalier.com\/en\/wp-json\/wp\/v2\/product\/59106"}],"collection":[{"href":"https:\/\/universanimalier.com\/en\/wp-json\/wp\/v2\/product"}],"about":[{"href":"https:\/\/universanimalier.com\/en\/wp-json\/wp\/v2\/types\/product"}],"wp:featuredmedia":[{"embeddable":true,"href":"https:\/\/universanimalier.com\/en\/wp-json\/wp\/v2\/media\/59107"}],"wp:attachment":[{"href":"https:\/\/universanimalier.com\/en\/wp-json\/wp\/v2\/media?parent=59106"}],"wp:term":[{"taxonomy":"product_brand","embeddable":true,"href":"https:\/\/universanimalier.com\/en\/wp-json\/wp\/v2\/product_brand?post=59106"},{"taxonomy":"product_cat","embeddable":true,"href":"https:\/\/universanimalier.com\/en\/wp-json\/wp\/v2\/product_cat?post=59106"},{"taxonomy":"product_tag","embeddable":true,"href":"https:\/\/universanimalier.com\/en\/wp-json\/wp\/v2\/product_tag?post=59106"}],"curies":[{"name":"wp","href":"https:\/\/api.w.org\/{rel}","templated":true}]}}