{"id":59208,"date":"2025-02-18T16:42:05","date_gmt":"2025-02-18T15:42:05","guid":{"rendered":"https:\/\/universanimalier.com\/?post_type=product&#038;p=59208"},"modified":"2025-02-22T17:59:44","modified_gmt":"2025-02-22T16:59:44","slug":"cocopup-london-bouteille-pliable-kaki","status":"publish","type":"product","link":"https:\/\/universanimalier.com\/en\/boutique\/cocopup-london-bouteille-pliable-kaki\/","title":{"rendered":"Cocopup London &#8211; Bouteille pliable kaki"},"content":{"rendered":"<div>Bouteille pliable.<\/div>\n<div><\/div>\n<div>La gourde se replie dans une taille compacte et pratique \u00e0 emporter.<\/div>\n<ul>\n<li>Peut contenir jusqu&rsquo;\u00e0 500 ml<\/li>\n<li>Mat\u00e9riau : Silicone de qualit\u00e9 alimentaire (sans BPA)<\/li>\n<li>Couvercle en acier inoxydable 304<\/li>\n<li>Dimensions : 7x24cm (enti\u00e8rement d\u00e9ploy\u00e9) et 7x14cm (pli\u00e9e)<\/li>\n<li>Le joint en silicone herm\u00e9tique de conception unique emp\u00eache efficacement les fuites<\/li>\n<\/ul>","protected":false},"excerpt":{"rendered":"<div>Bouteille pliable.<\/div>\n<div><\/div>\n<div>La gourde se replie dans une taille compacte et pratique \u00e0 emporter.<\/div>\n<ul>\n<li>Peut contenir jusqu&rsquo;\u00e0 500 ml<\/li>\n<li>Mat\u00e9riau : Silicone de qualit\u00e9 alimentaire (sans BPA)<\/li>\n<li>Couvercle en acier inoxydable 304<\/li>\n<li>Dimensions : 7x24cm (enti\u00e8rement d\u00e9ploy\u00e9) et 7x14cm (pli\u00e9e)<\/li>\n<li>Le joint en silicone herm\u00e9tique de conception unique emp\u00eache efficacement les fuites<\/li>\n<\/ul>","protected":false},"featured_media":59158,"template":"","meta":[],"product_brand":[],"product_cat":[5144,593],"product_tag":[9060,9046,9045,9059,3991,3992],"class_list":{"0":"post-59208","1":"product","2":"type-product","3":"status-publish","4":"has-post-thumbnail","6":"product_cat-sets-et-bols","7":"product_cat-a-table","8":"product_tag-bouteille-pliable","9":"product_tag-cocopup","10":"product_tag-cocopup-london","11":"product_tag-collapsible-water-bottles","12":"product_tag-gourde","13":"product_tag-gourde-pour-chien","15":"first","16":"instock","17":"shipping-taxable","18":"purchasable","19":"product-type-simple"},"yoast_head":"<!-- This site is optimized with the Yoast SEO plugin v25.5 - https:\/\/yoast.com\/wordpress\/plugins\/seo\/ -->\n<title>Cocopup London - Bouteille pliable kaki - L&#039;univers Animalier<\/title>\n<meta name=\"description\" content=\"Cocopup London - Bouteille pliable kaki\" \/>\n<meta name=\"robots\" content=\"index, follow, max-snippet:-1, max-image-preview:large, max-video-preview:-1\" \/>\n<link rel=\"canonical\" href=\"https:\/\/universanimalier.com\/en\/boutique\/cocopup-london-bouteille-pliable-kaki\/\" \/>\n<meta property=\"og:locale\" content=\"en_US\" \/>\n<meta property=\"og:type\" content=\"article\" \/>\n<meta property=\"og:title\" content=\"Cocopup London - Bouteille pliable kaki - L&#039;univers Animalier\" \/>\n<meta property=\"og:description\" content=\"Cocopup London - Bouteille pliable kaki\" \/>\n<meta property=\"og:url\" content=\"https:\/\/universanimalier.com\/en\/boutique\/cocopup-london-bouteille-pliable-kaki\/\" \/>\n<meta property=\"og:site_name\" content=\"L&#039;univers Animalier\" \/>\n<meta property=\"article:publisher\" content=\"https:\/\/www.facebook.com\/lunivers.animalier\" \/>\n<meta property=\"article:modified_time\" content=\"2025-02-22T16:59:44+00:00\" \/>\n<meta property=\"og:image\" content=\"https:\/\/universanimalier.com\/wp-content\/uploads\/2025\/02\/IMG_0772.jpeg\" \/>\n\t<meta property=\"og:image:width\" content=\"1148\" \/>\n\t<meta property=\"og:image:height\" content=\"1146\" \/>\n\t<meta property=\"og:image:type\" content=\"image\/jpeg\" \/>\n<meta name=\"twitter:card\" content=\"summary_large_image\" \/>\n<meta name=\"twitter:label1\" content=\"Est. reading time\" \/>\n\t<meta name=\"twitter:data1\" content=\"1 minute\" \/>\n<script type=\"application\/ld+json\" class=\"yoast-schema-graph\">{\"@context\":\"https:\/\/schema.org\",\"@graph\":[{\"@type\":\"WebPage\",\"@id\":\"https:\/\/universanimalier.com\/boutique\/cocopup-london-bouteille-pliable-kaki\/\",\"url\":\"https:\/\/universanimalier.com\/boutique\/cocopup-london-bouteille-pliable-kaki\/\",\"name\":\"Cocopup London - Bouteille pliable kaki - L&#039;univers Animalier\",\"isPartOf\":{\"@id\":\"https:\/\/wip.universanimalier.com\/#website\"},\"primaryImageOfPage\":{\"@id\":\"https:\/\/universanimalier.com\/boutique\/cocopup-london-bouteille-pliable-kaki\/#primaryimage\"},\"image\":{\"@id\":\"https:\/\/universanimalier.com\/boutique\/cocopup-london-bouteille-pliable-kaki\/#primaryimage\"},\"thumbnailUrl\":\"https:\/\/universanimalier.com\/wp-content\/uploads\/2025\/02\/IMG_0772.jpeg\",\"datePublished\":\"2025-02-18T15:42:05+00:00\",\"dateModified\":\"2025-02-22T16:59:44+00:00\",\"description\":\"Cocopup London - Bouteille pliable kaki\",\"breadcrumb\":{\"@id\":\"https:\/\/universanimalier.com\/boutique\/cocopup-london-bouteille-pliable-kaki\/#breadcrumb\"},\"inLanguage\":\"en-US\",\"potentialAction\":[{\"@type\":\"ReadAction\",\"target\":[\"https:\/\/universanimalier.com\/boutique\/cocopup-london-bouteille-pliable-kaki\/\"]}]},{\"@type\":\"ImageObject\",\"inLanguage\":\"en-US\",\"@id\":\"https:\/\/universanimalier.com\/boutique\/cocopup-london-bouteille-pliable-kaki\/#primaryimage\",\"url\":\"https:\/\/universanimalier.com\/wp-content\/uploads\/2025\/02\/IMG_0772.jpeg\",\"contentUrl\":\"https:\/\/universanimalier.com\/wp-content\/uploads\/2025\/02\/IMG_0772.jpeg\",\"width\":1148,\"height\":1146},{\"@type\":\"BreadcrumbList\",\"@id\":\"https:\/\/universanimalier.com\/boutique\/cocopup-london-bouteille-pliable-kaki\/#breadcrumb\",\"itemListElement\":[{\"@type\":\"ListItem\",\"position\":1,\"name\":\"Accueil\",\"item\":\"https:\/\/wip.universanimalier.com\/\"},{\"@type\":\"ListItem\",\"position\":2,\"name\":\"Boutique\",\"item\":\"https:\/\/wip.universanimalier.com\/boutique\/\"},{\"@type\":\"ListItem\",\"position\":3,\"name\":\"Cocopup London &#8211; Bouteille pliable kaki\"}]},{\"@type\":\"WebSite\",\"@id\":\"https:\/\/wip.universanimalier.com\/#website\",\"url\":\"https:\/\/wip.universanimalier.com\/\",\"name\":\"L'univers Animalier\",\"description\":\"Le paradis des chiens g\u00e2t\u00e9s !\",\"publisher\":{\"@id\":\"https:\/\/wip.universanimalier.com\/#organization\"},\"potentialAction\":[{\"@type\":\"SearchAction\",\"target\":{\"@type\":\"EntryPoint\",\"urlTemplate\":\"https:\/\/wip.universanimalier.com\/?s={search_term_string}\"},\"query-input\":{\"@type\":\"PropertyValueSpecification\",\"valueRequired\":true,\"valueName\":\"search_term_string\"}}],\"inLanguage\":\"en-US\"},{\"@type\":\"Organization\",\"@id\":\"https:\/\/wip.universanimalier.com\/#organization\",\"name\":\"L'univers Animalier\",\"url\":\"https:\/\/wip.universanimalier.com\/\",\"logo\":{\"@type\":\"ImageObject\",\"inLanguage\":\"en-US\",\"@id\":\"https:\/\/wip.universanimalier.com\/#\/schema\/logo\/image\/\",\"url\":\"https:\/\/universanimalier.com\/wp-content\/uploads\/2021\/06\/logo.jpg\",\"contentUrl\":\"https:\/\/universanimalier.com\/wp-content\/uploads\/2021\/06\/logo.jpg\",\"width\":800,\"height\":200,\"caption\":\"L'univers Animalier\"},\"image\":{\"@id\":\"https:\/\/wip.universanimalier.com\/#\/schema\/logo\/image\/\"},\"sameAs\":[\"https:\/\/www.facebook.com\/lunivers.animalier\"]}]}<\/script>\n<!-- \/ Yoast SEO plugin. -->","yoast_head_json":{"title":"Cocopup London - Bouteille pliable kaki - L&#039;univers Animalier","description":"Cocopup London - Bouteille pliable kaki","robots":{"index":"index","follow":"follow","max-snippet":"max-snippet:-1","max-image-preview":"max-image-preview:large","max-video-preview":"max-video-preview:-1"},"canonical":"https:\/\/universanimalier.com\/en\/boutique\/cocopup-london-bouteille-pliable-kaki\/","og_locale":"en_US","og_type":"article","og_title":"Cocopup London - Bouteille pliable kaki - L&#039;univers Animalier","og_description":"Cocopup London - Bouteille pliable kaki","og_url":"https:\/\/universanimalier.com\/en\/boutique\/cocopup-london-bouteille-pliable-kaki\/","og_site_name":"L&#039;univers Animalier","article_publisher":"https:\/\/www.facebook.com\/lunivers.animalier","article_modified_time":"2025-02-22T16:59:44+00:00","og_image":[{"width":1148,"height":1146,"url":"https:\/\/universanimalier.com\/wp-content\/uploads\/2025\/02\/IMG_0772.jpeg","type":"image\/jpeg"}],"twitter_card":"summary_large_image","twitter_misc":{"Est. reading time":"1 minute"},"schema":{"@context":"https:\/\/schema.org","@graph":[{"@type":"WebPage","@id":"https:\/\/universanimalier.com\/boutique\/cocopup-london-bouteille-pliable-kaki\/","url":"https:\/\/universanimalier.com\/boutique\/cocopup-london-bouteille-pliable-kaki\/","name":"Cocopup London - Bouteille pliable kaki - L&#039;univers Animalier","isPartOf":{"@id":"https:\/\/wip.universanimalier.com\/#website"},"primaryImageOfPage":{"@id":"https:\/\/universanimalier.com\/boutique\/cocopup-london-bouteille-pliable-kaki\/#primaryimage"},"image":{"@id":"https:\/\/universanimalier.com\/boutique\/cocopup-london-bouteille-pliable-kaki\/#primaryimage"},"thumbnailUrl":"https:\/\/universanimalier.com\/wp-content\/uploads\/2025\/02\/IMG_0772.jpeg","datePublished":"2025-02-18T15:42:05+00:00","dateModified":"2025-02-22T16:59:44+00:00","description":"Cocopup London - Bouteille pliable kaki","breadcrumb":{"@id":"https:\/\/universanimalier.com\/boutique\/cocopup-london-bouteille-pliable-kaki\/#breadcrumb"},"inLanguage":"en-US","potentialAction":[{"@type":"ReadAction","target":["https:\/\/universanimalier.com\/boutique\/cocopup-london-bouteille-pliable-kaki\/"]}]},{"@type":"ImageObject","inLanguage":"en-US","@id":"https:\/\/universanimalier.com\/boutique\/cocopup-london-bouteille-pliable-kaki\/#primaryimage","url":"https:\/\/universanimalier.com\/wp-content\/uploads\/2025\/02\/IMG_0772.jpeg","contentUrl":"https:\/\/universanimalier.com\/wp-content\/uploads\/2025\/02\/IMG_0772.jpeg","width":1148,"height":1146},{"@type":"BreadcrumbList","@id":"https:\/\/universanimalier.com\/boutique\/cocopup-london-bouteille-pliable-kaki\/#breadcrumb","itemListElement":[{"@type":"ListItem","position":1,"name":"Accueil","item":"https:\/\/wip.universanimalier.com\/"},{"@type":"ListItem","position":2,"name":"Boutique","item":"https:\/\/wip.universanimalier.com\/boutique\/"},{"@type":"ListItem","position":3,"name":"Cocopup London &#8211; Bouteille pliable kaki"}]},{"@type":"WebSite","@id":"https:\/\/wip.universanimalier.com\/#website","url":"https:\/\/wip.universanimalier.com\/","name":"L'univers Animalier","description":"A paradise for spoiled dogs!","publisher":{"@id":"https:\/\/wip.universanimalier.com\/#organization"},"potentialAction":[{"@type":"SearchAction","target":{"@type":"EntryPoint","urlTemplate":"https:\/\/wip.universanimalier.com\/?s={search_term_string}"},"query-input":{"@type":"PropertyValueSpecification","valueRequired":true,"valueName":"search_term_string"}}],"inLanguage":"en-US"},{"@type":"Organization","@id":"https:\/\/wip.universanimalier.com\/#organization","name":"L'univers Animalier","url":"https:\/\/wip.universanimalier.com\/","logo":{"@type":"ImageObject","inLanguage":"en-US","@id":"https:\/\/wip.universanimalier.com\/#\/schema\/logo\/image\/","url":"https:\/\/universanimalier.com\/wp-content\/uploads\/2021\/06\/logo.jpg","contentUrl":"https:\/\/universanimalier.com\/wp-content\/uploads\/2021\/06\/logo.jpg","width":800,"height":200,"caption":"L'univers Animalier"},"image":{"@id":"https:\/\/wip.universanimalier.com\/#\/schema\/logo\/image\/"},"sameAs":["https:\/\/www.facebook.com\/lunivers.animalier"]}]}},"_links":{"self":[{"href":"https:\/\/universanimalier.com\/en\/wp-json\/wp\/v2\/product\/59208"}],"collection":[{"href":"https:\/\/universanimalier.com\/en\/wp-json\/wp\/v2\/product"}],"about":[{"href":"https:\/\/universanimalier.com\/en\/wp-json\/wp\/v2\/types\/product"}],"wp:featuredmedia":[{"embeddable":true,"href":"https:\/\/universanimalier.com\/en\/wp-json\/wp\/v2\/media\/59158"}],"wp:attachment":[{"href":"https:\/\/universanimalier.com\/en\/wp-json\/wp\/v2\/media?parent=59208"}],"wp:term":[{"taxonomy":"product_brand","embeddable":true,"href":"https:\/\/universanimalier.com\/en\/wp-json\/wp\/v2\/product_brand?post=59208"},{"taxonomy":"product_cat","embeddable":true,"href":"https:\/\/universanimalier.com\/en\/wp-json\/wp\/v2\/product_cat?post=59208"},{"taxonomy":"product_tag","embeddable":true,"href":"https:\/\/universanimalier.com\/en\/wp-json\/wp\/v2\/product_tag?post=59208"}],"curies":[{"name":"wp","href":"https:\/\/api.w.org\/{rel}","templated":true}]}}