{"id":59476,"date":"2025-03-19T21:20:57","date_gmt":"2025-03-19T20:20:57","guid":{"rendered":"https:\/\/universanimalier.com\/?post_type=product&#038;p=59476"},"modified":"2026-01-03T14:12:56","modified_gmt":"2026-01-03T13:12:56","slug":"milkpepper-doudoune-harnais-shelby-or-rose","status":"publish","type":"product","link":"https:\/\/universanimalier.com\/en\/boutique\/milkpepper-doudoune-harnais-shelby-or-rose\/","title":{"rendered":"Milk&#038;Pepper &#8211; Doudoune harnais Shelby Or Rose"},"content":{"rendered":"<ul>\n<li><strong>Down Jacket\/Harness Combo<\/strong> en polyester matelass\u00e9 coloris or rose (trait\u00e9 d\u00e9perlant)<\/li>\n<li>Shoulder yoke in very durable black polyester twill<\/li>\n<li>Col amovible en imitation fourrure tr\u00e8s douce coloris gris\/noir<\/li>\n<li>Black micro fur lining<\/li>\n<li>Ouverture int\u00e9gralement zipp\u00e9e sur le dos (zip m\u00e9tallique dor\u00e9)<\/li>\n<li>Fixing tab in black imitation leather and gold metal buckles to secure the leash<\/li>\n<li>Black felt badge with gold metal lettering at the bottom of the back<\/li>\n<li>Lavage en machine, 30\u00b0<\/li>\n<\/ul>\n<p>Size guide: see photos.<\/p>","protected":false},"excerpt":{"rendered":"<ul>\n<li><strong>Down Jacket\/Harness Combo<\/strong> en polyester matelass\u00e9 coloris or rose (trait\u00e9 d\u00e9perlant)<\/li>\n<li>Shoulder yoke in very durable black polyester twill<\/li>\n<li>Col amovible en imitation fourrure tr\u00e8s douce coloris gris\/noir<\/li>\n<li>Black micro fur lining<\/li>\n<li>Ouverture int\u00e9gralement zipp\u00e9e sur le dos (zip m\u00e9tallique dor\u00e9)<\/li>\n<li>Fixing tab in black imitation leather and gold metal buckles to secure the leash<\/li>\n<li>Black felt badge with gold metal lettering at the bottom of the back<\/li>\n<li>Lavage en machine, 30\u00b0<\/li>\n<\/ul>\n<p>Size guide: see photos.<\/p>","protected":false},"featured_media":59488,"template":"","meta":[],"product_brand":[],"product_cat":[9286,5134,1660,1659,9065,52,15],"product_tag":[7669,5515,3575,8043,3021,617,1764,6374,995,4243],"class_list":{"0":"post-59476","1":"product","2":"type-product","3":"status-publish","4":"has-post-thumbnail","6":"product_cat-articles-non-soldes","7":"product_cat-en-balade","8":"product_cat-impers","9":"product_cat-manteaux","10":"product_cat-printemps-ete-2025","11":"product_cat-harnais","12":"product_cat-dressing","13":"product_tag-combo-veste-harnais","14":"product_tag-doudoune-harnais","15":"product_tag-imper-pour-chien","16":"product_tag-impermeable-harnais-skipper","17":"product_tag-impermeable-pour-chien","18":"product_tag-mp","19":"product_tag-milk-and-pepper","20":"product_tag-milk-and-pepper-hiver","21":"product_tag-milkandpepper","22":"product_tag-veste-harnais","24":"first","25":"instock","26":"featured","27":"shipping-taxable","28":"purchasable","29":"product-type-variable"},"yoast_head":"<!-- This site is optimized with the Yoast SEO plugin v25.5 - https:\/\/yoast.com\/wordpress\/plugins\/seo\/ -->\n<title>Milk&amp;Pepper - Doudoune harnais Shelby Or Rose - L&#039;univers Animalier<\/title>\n<meta name=\"description\" content=\"Milk&amp;Pepper - Imperm\u00e9able harnais Skipper Aqua\" \/>\n<meta name=\"robots\" content=\"index, follow, max-snippet:-1, max-image-preview:large, max-video-preview:-1\" \/>\n<link rel=\"canonical\" href=\"https:\/\/universanimalier.com\/en\/boutique\/milkpepper-doudoune-harnais-shelby-or-rose\/\" \/>\n<meta property=\"og:locale\" content=\"en_US\" \/>\n<meta property=\"og:type\" content=\"article\" \/>\n<meta property=\"og:title\" content=\"Milk&amp;Pepper - Doudoune harnais Shelby Or Rose - L&#039;univers Animalier\" \/>\n<meta property=\"og:description\" content=\"Milk&amp;Pepper - Imperm\u00e9able harnais Skipper Aqua\" \/>\n<meta property=\"og:url\" content=\"https:\/\/universanimalier.com\/en\/boutique\/milkpepper-doudoune-harnais-shelby-or-rose\/\" \/>\n<meta property=\"og:site_name\" content=\"L&#039;univers Animalier\" \/>\n<meta property=\"article:publisher\" content=\"https:\/\/www.facebook.com\/lunivers.animalier\" \/>\n<meta property=\"article:modified_time\" content=\"2026-01-03T13:12:56+00:00\" \/>\n<meta property=\"og:image\" content=\"https:\/\/universanimalier.com\/wp-content\/uploads\/2025\/03\/doudoune-shelby-or-rose-32cm-e1742415863249.jpg\" \/>\n\t<meta property=\"og:image:width\" content=\"596\" \/>\n\t<meta property=\"og:image:height\" content=\"565\" \/>\n\t<meta property=\"og:image:type\" content=\"image\/jpeg\" \/>\n<meta name=\"twitter:card\" content=\"summary_large_image\" \/>\n<meta name=\"twitter:label1\" content=\"Est. reading time\" \/>\n\t<meta name=\"twitter:data1\" content=\"1 minute\" \/>\n<script type=\"application\/ld+json\" class=\"yoast-schema-graph\">{\"@context\":\"https:\/\/schema.org\",\"@graph\":[{\"@type\":\"WebPage\",\"@id\":\"https:\/\/universanimalier.com\/boutique\/milkpepper-doudoune-harnais-shelby-or-rose\/\",\"url\":\"https:\/\/universanimalier.com\/boutique\/milkpepper-doudoune-harnais-shelby-or-rose\/\",\"name\":\"Milk&Pepper - Doudoune harnais Shelby Or Rose - L&#039;univers Animalier\",\"isPartOf\":{\"@id\":\"https:\/\/wip.universanimalier.com\/#website\"},\"primaryImageOfPage\":{\"@id\":\"https:\/\/universanimalier.com\/boutique\/milkpepper-doudoune-harnais-shelby-or-rose\/#primaryimage\"},\"image\":{\"@id\":\"https:\/\/universanimalier.com\/boutique\/milkpepper-doudoune-harnais-shelby-or-rose\/#primaryimage\"},\"thumbnailUrl\":\"https:\/\/universanimalier.com\/wp-content\/uploads\/2025\/03\/doudoune-shelby-or-rose-32cm-e1742415863249.jpg\",\"datePublished\":\"2025-03-19T20:20:57+00:00\",\"dateModified\":\"2026-01-03T13:12:56+00:00\",\"description\":\"Milk&Pepper - Imperm\u00e9able harnais Skipper Aqua\",\"breadcrumb\":{\"@id\":\"https:\/\/universanimalier.com\/boutique\/milkpepper-doudoune-harnais-shelby-or-rose\/#breadcrumb\"},\"inLanguage\":\"en-US\",\"potentialAction\":[{\"@type\":\"ReadAction\",\"target\":[\"https:\/\/universanimalier.com\/boutique\/milkpepper-doudoune-harnais-shelby-or-rose\/\"]}]},{\"@type\":\"ImageObject\",\"inLanguage\":\"en-US\",\"@id\":\"https:\/\/universanimalier.com\/boutique\/milkpepper-doudoune-harnais-shelby-or-rose\/#primaryimage\",\"url\":\"https:\/\/universanimalier.com\/wp-content\/uploads\/2025\/03\/doudoune-shelby-or-rose-32cm-e1742415863249.jpg\",\"contentUrl\":\"https:\/\/universanimalier.com\/wp-content\/uploads\/2025\/03\/doudoune-shelby-or-rose-32cm-e1742415863249.jpg\",\"width\":596,\"height\":565},{\"@type\":\"BreadcrumbList\",\"@id\":\"https:\/\/universanimalier.com\/boutique\/milkpepper-doudoune-harnais-shelby-or-rose\/#breadcrumb\",\"itemListElement\":[{\"@type\":\"ListItem\",\"position\":1,\"name\":\"Accueil\",\"item\":\"https:\/\/wip.universanimalier.com\/\"},{\"@type\":\"ListItem\",\"position\":2,\"name\":\"Boutique\",\"item\":\"https:\/\/wip.universanimalier.com\/boutique\/\"},{\"@type\":\"ListItem\",\"position\":3,\"name\":\"Milk&#038;Pepper &#8211; Doudoune harnais Shelby Or Rose\"}]},{\"@type\":\"WebSite\",\"@id\":\"https:\/\/wip.universanimalier.com\/#website\",\"url\":\"https:\/\/wip.universanimalier.com\/\",\"name\":\"L'univers Animalier\",\"description\":\"Le paradis des chiens g\u00e2t\u00e9s !\",\"publisher\":{\"@id\":\"https:\/\/wip.universanimalier.com\/#organization\"},\"potentialAction\":[{\"@type\":\"SearchAction\",\"target\":{\"@type\":\"EntryPoint\",\"urlTemplate\":\"https:\/\/wip.universanimalier.com\/?s={search_term_string}\"},\"query-input\":{\"@type\":\"PropertyValueSpecification\",\"valueRequired\":true,\"valueName\":\"search_term_string\"}}],\"inLanguage\":\"en-US\"},{\"@type\":\"Organization\",\"@id\":\"https:\/\/wip.universanimalier.com\/#organization\",\"name\":\"L'univers Animalier\",\"url\":\"https:\/\/wip.universanimalier.com\/\",\"logo\":{\"@type\":\"ImageObject\",\"inLanguage\":\"en-US\",\"@id\":\"https:\/\/wip.universanimalier.com\/#\/schema\/logo\/image\/\",\"url\":\"https:\/\/universanimalier.com\/wp-content\/uploads\/2021\/06\/logo.jpg\",\"contentUrl\":\"https:\/\/universanimalier.com\/wp-content\/uploads\/2021\/06\/logo.jpg\",\"width\":800,\"height\":200,\"caption\":\"L'univers Animalier\"},\"image\":{\"@id\":\"https:\/\/wip.universanimalier.com\/#\/schema\/logo\/image\/\"},\"sameAs\":[\"https:\/\/www.facebook.com\/lunivers.animalier\"]}]}<\/script>\n<!-- \/ Yoast SEO plugin. -->","yoast_head_json":{"title":"Milk&Pepper - Doudoune harnais Shelby Or Rose - L&#039;univers Animalier","description":"Milk&Pepper - Imperm\u00e9able harnais Skipper Aqua","robots":{"index":"index","follow":"follow","max-snippet":"max-snippet:-1","max-image-preview":"max-image-preview:large","max-video-preview":"max-video-preview:-1"},"canonical":"https:\/\/universanimalier.com\/en\/boutique\/milkpepper-doudoune-harnais-shelby-or-rose\/","og_locale":"en_US","og_type":"article","og_title":"Milk&Pepper - Doudoune harnais Shelby Or Rose - L&#039;univers Animalier","og_description":"Milk&Pepper - Imperm\u00e9able harnais Skipper Aqua","og_url":"https:\/\/universanimalier.com\/en\/boutique\/milkpepper-doudoune-harnais-shelby-or-rose\/","og_site_name":"L&#039;univers Animalier","article_publisher":"https:\/\/www.facebook.com\/lunivers.animalier","article_modified_time":"2026-01-03T13:12:56+00:00","og_image":[{"width":596,"height":565,"url":"https:\/\/universanimalier.com\/wp-content\/uploads\/2025\/03\/doudoune-shelby-or-rose-32cm-e1742415863249.jpg","type":"image\/jpeg"}],"twitter_card":"summary_large_image","twitter_misc":{"Est. reading time":"1 minute"},"schema":{"@context":"https:\/\/schema.org","@graph":[{"@type":"WebPage","@id":"https:\/\/universanimalier.com\/boutique\/milkpepper-doudoune-harnais-shelby-or-rose\/","url":"https:\/\/universanimalier.com\/boutique\/milkpepper-doudoune-harnais-shelby-or-rose\/","name":"Milk&Pepper - Doudoune harnais Shelby Or Rose - L&#039;univers Animalier","isPartOf":{"@id":"https:\/\/wip.universanimalier.com\/#website"},"primaryImageOfPage":{"@id":"https:\/\/universanimalier.com\/boutique\/milkpepper-doudoune-harnais-shelby-or-rose\/#primaryimage"},"image":{"@id":"https:\/\/universanimalier.com\/boutique\/milkpepper-doudoune-harnais-shelby-or-rose\/#primaryimage"},"thumbnailUrl":"https:\/\/universanimalier.com\/wp-content\/uploads\/2025\/03\/doudoune-shelby-or-rose-32cm-e1742415863249.jpg","datePublished":"2025-03-19T20:20:57+00:00","dateModified":"2026-01-03T13:12:56+00:00","description":"Milk&Pepper - Imperm\u00e9able harnais Skipper Aqua","breadcrumb":{"@id":"https:\/\/universanimalier.com\/boutique\/milkpepper-doudoune-harnais-shelby-or-rose\/#breadcrumb"},"inLanguage":"en-US","potentialAction":[{"@type":"ReadAction","target":["https:\/\/universanimalier.com\/boutique\/milkpepper-doudoune-harnais-shelby-or-rose\/"]}]},{"@type":"ImageObject","inLanguage":"en-US","@id":"https:\/\/universanimalier.com\/boutique\/milkpepper-doudoune-harnais-shelby-or-rose\/#primaryimage","url":"https:\/\/universanimalier.com\/wp-content\/uploads\/2025\/03\/doudoune-shelby-or-rose-32cm-e1742415863249.jpg","contentUrl":"https:\/\/universanimalier.com\/wp-content\/uploads\/2025\/03\/doudoune-shelby-or-rose-32cm-e1742415863249.jpg","width":596,"height":565},{"@type":"BreadcrumbList","@id":"https:\/\/universanimalier.com\/boutique\/milkpepper-doudoune-harnais-shelby-or-rose\/#breadcrumb","itemListElement":[{"@type":"ListItem","position":1,"name":"Accueil","item":"https:\/\/wip.universanimalier.com\/"},{"@type":"ListItem","position":2,"name":"Boutique","item":"https:\/\/wip.universanimalier.com\/boutique\/"},{"@type":"ListItem","position":3,"name":"Milk&#038;Pepper &#8211; Doudoune harnais Shelby Or Rose"}]},{"@type":"WebSite","@id":"https:\/\/wip.universanimalier.com\/#website","url":"https:\/\/wip.universanimalier.com\/","name":"L'univers Animalier","description":"A paradise for spoiled dogs!","publisher":{"@id":"https:\/\/wip.universanimalier.com\/#organization"},"potentialAction":[{"@type":"SearchAction","target":{"@type":"EntryPoint","urlTemplate":"https:\/\/wip.universanimalier.com\/?s={search_term_string}"},"query-input":{"@type":"PropertyValueSpecification","valueRequired":true,"valueName":"search_term_string"}}],"inLanguage":"en-US"},{"@type":"Organization","@id":"https:\/\/wip.universanimalier.com\/#organization","name":"L'univers Animalier","url":"https:\/\/wip.universanimalier.com\/","logo":{"@type":"ImageObject","inLanguage":"en-US","@id":"https:\/\/wip.universanimalier.com\/#\/schema\/logo\/image\/","url":"https:\/\/universanimalier.com\/wp-content\/uploads\/2021\/06\/logo.jpg","contentUrl":"https:\/\/universanimalier.com\/wp-content\/uploads\/2021\/06\/logo.jpg","width":800,"height":200,"caption":"L'univers Animalier"},"image":{"@id":"https:\/\/wip.universanimalier.com\/#\/schema\/logo\/image\/"},"sameAs":["https:\/\/www.facebook.com\/lunivers.animalier"]}]}},"_links":{"self":[{"href":"https:\/\/universanimalier.com\/en\/wp-json\/wp\/v2\/product\/59476"}],"collection":[{"href":"https:\/\/universanimalier.com\/en\/wp-json\/wp\/v2\/product"}],"about":[{"href":"https:\/\/universanimalier.com\/en\/wp-json\/wp\/v2\/types\/product"}],"wp:featuredmedia":[{"embeddable":true,"href":"https:\/\/universanimalier.com\/en\/wp-json\/wp\/v2\/media\/59488"}],"wp:attachment":[{"href":"https:\/\/universanimalier.com\/en\/wp-json\/wp\/v2\/media?parent=59476"}],"wp:term":[{"taxonomy":"product_brand","embeddable":true,"href":"https:\/\/universanimalier.com\/en\/wp-json\/wp\/v2\/product_brand?post=59476"},{"taxonomy":"product_cat","embeddable":true,"href":"https:\/\/universanimalier.com\/en\/wp-json\/wp\/v2\/product_cat?post=59476"},{"taxonomy":"product_tag","embeddable":true,"href":"https:\/\/universanimalier.com\/en\/wp-json\/wp\/v2\/product_tag?post=59476"}],"curies":[{"name":"wp","href":"https:\/\/api.w.org\/{rel}","templated":true}]}}