{"id":59590,"date":"2025-04-06T15:34:45","date_gmt":"2025-04-06T13:34:45","guid":{"rendered":"https:\/\/universanimalier.com\/?post_type=product&#038;p=59590"},"modified":"2025-08-28T21:40:13","modified_gmt":"2025-08-28T19:40:13","slug":"milkpepper-harnais-loan-raye-blanc-et-rose","status":"publish","type":"product","link":"https:\/\/universanimalier.com\/en\/boutique\/milkpepper-harnais-loan-raye-blanc-et-rose\/","title":{"rendered":"Milk&#038;Pepper &#8211; Harnais Loan ray\u00e9 blanc et rose"},"content":{"rendered":"<ul>\n<li>Neoprene vest harness created especially for small and medium dogs<\/li>\n<li>Ext\u00e9rieur en interlock ray\u00e9 \u00e9cru et marine ou \u00e9cru et rose<\/li>\n<li>Navy 3D mesh lining (breathable material)<\/li>\n<li>Titan metal snap loops<\/li>\n<li>Black plastic clip<\/li>\n<li>Navy nylon braid (double fastening braid from size 50 to 62)<\/li>\n<li>Large velcro closure<\/li>\n<li>\u201cYachting\u201d Navy Woven Badge<\/li>\n<li>To be combined with the &quot;GENNEKER&quot; leash<\/li>\n<\/ul>\n<p>Size guide: see photos. Warning, <strong>the size = the body circumference<\/strong>, 29 = 29 cm around the body with one cm less or more kick.<\/p>","protected":false},"excerpt":{"rendered":"<ul>\n<li>Harnais Jacket cr\u00e9\u00e9 sp\u00e9cialement pour les petits chiens et les chiens moyens<\/li>\n<li>Ext\u00e9rieur rose claire avec imprim\u00e9 fleuri multicolore (imprim\u00e9 exclusif)<\/li>\n<li>Navy interlock lining<\/li>\n<li>Navy tassel<\/li>\n<li>Sangle et bordage en nylon marine<\/li>\n<li>Clip en plastique marine<\/li>\n<li>Bouclerie en metal dor\u00e9 et petite plate en metal dor\u00e9 \u00ab\u00a0Milk&amp;Pepper\u00a0\u00bb<\/li>\n<li>Large velcro closure<\/li>\n<\/ul>\n<p>Size guide: see photos. Warning, <strong>the size = the body circumference<\/strong>, 29 = 29 cm around the body with one cm less or more kick.<\/p>","protected":false},"featured_media":59598,"template":"","meta":[],"product_brand":[],"product_cat":[5134,9065,52],"product_tag":[9109,9108,9110,4978,3601,6373,7666,617,1764,995],"class_list":{"0":"post-59590","1":"product","2":"type-product","3":"status-publish","4":"has-post-thumbnail","6":"product_cat-en-balade","7":"product_cat-printemps-ete-2025","8":"product_cat-harnais","9":"product_tag-harnais-a-fleurs","10":"product_tag-harnais-capucine","11":"product_tag-harnais-loan-raye","12":"product_tag-harnais-marin","13":"product_tag-harnais-milk-and-pepper","14":"product_tag-harnais-mp","15":"product_tag-harnais-sport","16":"product_tag-mp","17":"product_tag-milk-and-pepper","18":"product_tag-milkandpepper","20":"first","21":"instock","22":"featured","23":"shipping-taxable","24":"purchasable","25":"product-type-variable"},"yoast_head":"<!-- This site is optimized with the Yoast SEO plugin v25.5 - https:\/\/yoast.com\/wordpress\/plugins\/seo\/ -->\n<title>Milk&amp;Pepper - Harnais Loan ray\u00e9 blanc et rose - L&#039;univers Animalier<\/title>\n<meta name=\"description\" content=\"Milk&amp;Pepper - Harnais Capucine Fleuri\" \/>\n<meta name=\"robots\" content=\"index, follow, max-snippet:-1, max-image-preview:large, max-video-preview:-1\" \/>\n<link rel=\"canonical\" href=\"https:\/\/universanimalier.com\/en\/boutique\/milkpepper-harnais-loan-raye-blanc-et-rose\/\" \/>\n<meta property=\"og:locale\" content=\"en_US\" \/>\n<meta property=\"og:type\" content=\"article\" \/>\n<meta property=\"og:title\" content=\"Milk&amp;Pepper - Harnais Loan ray\u00e9 blanc et rose - L&#039;univers Animalier\" \/>\n<meta property=\"og:description\" content=\"Milk&amp;Pepper - Harnais Capucine Fleuri\" \/>\n<meta property=\"og:url\" content=\"https:\/\/universanimalier.com\/en\/boutique\/milkpepper-harnais-loan-raye-blanc-et-rose\/\" \/>\n<meta property=\"og:site_name\" content=\"L&#039;univers Animalier\" \/>\n<meta property=\"article:publisher\" content=\"https:\/\/www.facebook.com\/lunivers.animalier\" \/>\n<meta property=\"article:modified_time\" content=\"2025-08-28T19:40:13+00:00\" \/>\n<meta property=\"og:image\" content=\"https:\/\/universanimalier.com\/wp-content\/uploads\/2025\/04\/harnais-loan-bleu-marine.jpg\" \/>\n\t<meta property=\"og:image:width\" content=\"480\" \/>\n\t<meta property=\"og:image:height\" content=\"585\" \/>\n\t<meta property=\"og:image:type\" content=\"image\/jpeg\" \/>\n<meta name=\"twitter:card\" content=\"summary_large_image\" \/>\n<meta name=\"twitter:label1\" content=\"Est. reading time\" \/>\n\t<meta name=\"twitter:data1\" content=\"1 minute\" \/>\n<script type=\"application\/ld+json\" class=\"yoast-schema-graph\">{\"@context\":\"https:\/\/schema.org\",\"@graph\":[{\"@type\":\"WebPage\",\"@id\":\"https:\/\/universanimalier.com\/boutique\/milkpepper-harnais-loan-raye-blanc-et-rose\/\",\"url\":\"https:\/\/universanimalier.com\/boutique\/milkpepper-harnais-loan-raye-blanc-et-rose\/\",\"name\":\"Milk&Pepper - Harnais Loan ray\u00e9 blanc et rose - L&#039;univers Animalier\",\"isPartOf\":{\"@id\":\"https:\/\/wip.universanimalier.com\/#website\"},\"primaryImageOfPage\":{\"@id\":\"https:\/\/universanimalier.com\/boutique\/milkpepper-harnais-loan-raye-blanc-et-rose\/#primaryimage\"},\"image\":{\"@id\":\"https:\/\/universanimalier.com\/boutique\/milkpepper-harnais-loan-raye-blanc-et-rose\/#primaryimage\"},\"thumbnailUrl\":\"https:\/\/universanimalier.com\/wp-content\/uploads\/2025\/04\/harnais-loan-bleu-marine.jpg\",\"datePublished\":\"2025-04-06T13:34:45+00:00\",\"dateModified\":\"2025-08-28T19:40:13+00:00\",\"description\":\"Milk&Pepper - Harnais Capucine Fleuri\",\"breadcrumb\":{\"@id\":\"https:\/\/universanimalier.com\/boutique\/milkpepper-harnais-loan-raye-blanc-et-rose\/#breadcrumb\"},\"inLanguage\":\"en-US\",\"potentialAction\":[{\"@type\":\"ReadAction\",\"target\":[\"https:\/\/universanimalier.com\/boutique\/milkpepper-harnais-loan-raye-blanc-et-rose\/\"]}]},{\"@type\":\"ImageObject\",\"inLanguage\":\"en-US\",\"@id\":\"https:\/\/universanimalier.com\/boutique\/milkpepper-harnais-loan-raye-blanc-et-rose\/#primaryimage\",\"url\":\"https:\/\/universanimalier.com\/wp-content\/uploads\/2025\/04\/harnais-loan-bleu-marine.jpg\",\"contentUrl\":\"https:\/\/universanimalier.com\/wp-content\/uploads\/2025\/04\/harnais-loan-bleu-marine.jpg\",\"width\":480,\"height\":585},{\"@type\":\"BreadcrumbList\",\"@id\":\"https:\/\/universanimalier.com\/boutique\/milkpepper-harnais-loan-raye-blanc-et-rose\/#breadcrumb\",\"itemListElement\":[{\"@type\":\"ListItem\",\"position\":1,\"name\":\"Accueil\",\"item\":\"https:\/\/wip.universanimalier.com\/\"},{\"@type\":\"ListItem\",\"position\":2,\"name\":\"Boutique\",\"item\":\"https:\/\/wip.universanimalier.com\/boutique\/\"},{\"@type\":\"ListItem\",\"position\":3,\"name\":\"Milk&#038;Pepper &#8211; Harnais Loan ray\u00e9 blanc et rose\"}]},{\"@type\":\"WebSite\",\"@id\":\"https:\/\/wip.universanimalier.com\/#website\",\"url\":\"https:\/\/wip.universanimalier.com\/\",\"name\":\"L'univers Animalier\",\"description\":\"Le paradis des chiens g\u00e2t\u00e9s !\",\"publisher\":{\"@id\":\"https:\/\/wip.universanimalier.com\/#organization\"},\"potentialAction\":[{\"@type\":\"SearchAction\",\"target\":{\"@type\":\"EntryPoint\",\"urlTemplate\":\"https:\/\/wip.universanimalier.com\/?s={search_term_string}\"},\"query-input\":{\"@type\":\"PropertyValueSpecification\",\"valueRequired\":true,\"valueName\":\"search_term_string\"}}],\"inLanguage\":\"en-US\"},{\"@type\":\"Organization\",\"@id\":\"https:\/\/wip.universanimalier.com\/#organization\",\"name\":\"L'univers Animalier\",\"url\":\"https:\/\/wip.universanimalier.com\/\",\"logo\":{\"@type\":\"ImageObject\",\"inLanguage\":\"en-US\",\"@id\":\"https:\/\/wip.universanimalier.com\/#\/schema\/logo\/image\/\",\"url\":\"https:\/\/universanimalier.com\/wp-content\/uploads\/2021\/06\/logo.jpg\",\"contentUrl\":\"https:\/\/universanimalier.com\/wp-content\/uploads\/2021\/06\/logo.jpg\",\"width\":800,\"height\":200,\"caption\":\"L'univers Animalier\"},\"image\":{\"@id\":\"https:\/\/wip.universanimalier.com\/#\/schema\/logo\/image\/\"},\"sameAs\":[\"https:\/\/www.facebook.com\/lunivers.animalier\"]}]}<\/script>\n<!-- \/ Yoast SEO plugin. -->","yoast_head_json":{"title":"Milk&Pepper - Harnais Loan ray\u00e9 blanc et rose - L&#039;univers Animalier","description":"Milk&Pepper - Harnais Capucine Fleuri","robots":{"index":"index","follow":"follow","max-snippet":"max-snippet:-1","max-image-preview":"max-image-preview:large","max-video-preview":"max-video-preview:-1"},"canonical":"https:\/\/universanimalier.com\/en\/boutique\/milkpepper-harnais-loan-raye-blanc-et-rose\/","og_locale":"en_US","og_type":"article","og_title":"Milk&Pepper - Harnais Loan ray\u00e9 blanc et rose - L&#039;univers Animalier","og_description":"Milk&Pepper - Harnais Capucine Fleuri","og_url":"https:\/\/universanimalier.com\/en\/boutique\/milkpepper-harnais-loan-raye-blanc-et-rose\/","og_site_name":"L&#039;univers Animalier","article_publisher":"https:\/\/www.facebook.com\/lunivers.animalier","article_modified_time":"2025-08-28T19:40:13+00:00","og_image":[{"width":480,"height":585,"url":"https:\/\/universanimalier.com\/wp-content\/uploads\/2025\/04\/harnais-loan-bleu-marine.jpg","type":"image\/jpeg"}],"twitter_card":"summary_large_image","twitter_misc":{"Est. reading time":"1 minute"},"schema":{"@context":"https:\/\/schema.org","@graph":[{"@type":"WebPage","@id":"https:\/\/universanimalier.com\/boutique\/milkpepper-harnais-loan-raye-blanc-et-rose\/","url":"https:\/\/universanimalier.com\/boutique\/milkpepper-harnais-loan-raye-blanc-et-rose\/","name":"Milk&Pepper - Harnais Loan ray\u00e9 blanc et rose - L&#039;univers Animalier","isPartOf":{"@id":"https:\/\/wip.universanimalier.com\/#website"},"primaryImageOfPage":{"@id":"https:\/\/universanimalier.com\/boutique\/milkpepper-harnais-loan-raye-blanc-et-rose\/#primaryimage"},"image":{"@id":"https:\/\/universanimalier.com\/boutique\/milkpepper-harnais-loan-raye-blanc-et-rose\/#primaryimage"},"thumbnailUrl":"https:\/\/universanimalier.com\/wp-content\/uploads\/2025\/04\/harnais-loan-bleu-marine.jpg","datePublished":"2025-04-06T13:34:45+00:00","dateModified":"2025-08-28T19:40:13+00:00","description":"Milk&Pepper - Harnais Capucine Fleuri","breadcrumb":{"@id":"https:\/\/universanimalier.com\/boutique\/milkpepper-harnais-loan-raye-blanc-et-rose\/#breadcrumb"},"inLanguage":"en-US","potentialAction":[{"@type":"ReadAction","target":["https:\/\/universanimalier.com\/boutique\/milkpepper-harnais-loan-raye-blanc-et-rose\/"]}]},{"@type":"ImageObject","inLanguage":"en-US","@id":"https:\/\/universanimalier.com\/boutique\/milkpepper-harnais-loan-raye-blanc-et-rose\/#primaryimage","url":"https:\/\/universanimalier.com\/wp-content\/uploads\/2025\/04\/harnais-loan-bleu-marine.jpg","contentUrl":"https:\/\/universanimalier.com\/wp-content\/uploads\/2025\/04\/harnais-loan-bleu-marine.jpg","width":480,"height":585},{"@type":"BreadcrumbList","@id":"https:\/\/universanimalier.com\/boutique\/milkpepper-harnais-loan-raye-blanc-et-rose\/#breadcrumb","itemListElement":[{"@type":"ListItem","position":1,"name":"Accueil","item":"https:\/\/wip.universanimalier.com\/"},{"@type":"ListItem","position":2,"name":"Boutique","item":"https:\/\/wip.universanimalier.com\/boutique\/"},{"@type":"ListItem","position":3,"name":"Milk&#038;Pepper &#8211; Harnais Loan ray\u00e9 blanc et rose"}]},{"@type":"WebSite","@id":"https:\/\/wip.universanimalier.com\/#website","url":"https:\/\/wip.universanimalier.com\/","name":"L'univers Animalier","description":"A paradise for spoiled dogs!","publisher":{"@id":"https:\/\/wip.universanimalier.com\/#organization"},"potentialAction":[{"@type":"SearchAction","target":{"@type":"EntryPoint","urlTemplate":"https:\/\/wip.universanimalier.com\/?s={search_term_string}"},"query-input":{"@type":"PropertyValueSpecification","valueRequired":true,"valueName":"search_term_string"}}],"inLanguage":"en-US"},{"@type":"Organization","@id":"https:\/\/wip.universanimalier.com\/#organization","name":"L'univers Animalier","url":"https:\/\/wip.universanimalier.com\/","logo":{"@type":"ImageObject","inLanguage":"en-US","@id":"https:\/\/wip.universanimalier.com\/#\/schema\/logo\/image\/","url":"https:\/\/universanimalier.com\/wp-content\/uploads\/2021\/06\/logo.jpg","contentUrl":"https:\/\/universanimalier.com\/wp-content\/uploads\/2021\/06\/logo.jpg","width":800,"height":200,"caption":"L'univers Animalier"},"image":{"@id":"https:\/\/wip.universanimalier.com\/#\/schema\/logo\/image\/"},"sameAs":["https:\/\/www.facebook.com\/lunivers.animalier"]}]}},"_links":{"self":[{"href":"https:\/\/universanimalier.com\/en\/wp-json\/wp\/v2\/product\/59590"}],"collection":[{"href":"https:\/\/universanimalier.com\/en\/wp-json\/wp\/v2\/product"}],"about":[{"href":"https:\/\/universanimalier.com\/en\/wp-json\/wp\/v2\/types\/product"}],"wp:featuredmedia":[{"embeddable":true,"href":"https:\/\/universanimalier.com\/en\/wp-json\/wp\/v2\/media\/59598"}],"wp:attachment":[{"href":"https:\/\/universanimalier.com\/en\/wp-json\/wp\/v2\/media?parent=59590"}],"wp:term":[{"taxonomy":"product_brand","embeddable":true,"href":"https:\/\/universanimalier.com\/en\/wp-json\/wp\/v2\/product_brand?post=59590"},{"taxonomy":"product_cat","embeddable":true,"href":"https:\/\/universanimalier.com\/en\/wp-json\/wp\/v2\/product_cat?post=59590"},{"taxonomy":"product_tag","embeddable":true,"href":"https:\/\/universanimalier.com\/en\/wp-json\/wp\/v2\/product_tag?post=59590"}],"curies":[{"name":"wp","href":"https:\/\/api.w.org\/{rel}","templated":true}]}}