{"id":60294,"date":"2025-05-05T21:57:09","date_gmt":"2025-05-05T19:57:09","guid":{"rendered":"https:\/\/universanimalier.com\/?post_type=product&#038;p=60294"},"modified":"2025-05-05T22:02:58","modified_gmt":"2025-05-05T20:02:58","slug":"baubaru-sac-koala-soft-tortora","status":"publish","type":"product","link":"https:\/\/universanimalier.com\/en\/boutique\/baubaru-sac-koala-soft-tortora\/","title":{"rendered":"BauBar\u00f9 &#8211; Sac Koala soft Tortora"},"content":{"rendered":"<p>Pour les petits chiens qui aiment \u00eatre proches de leur ma\u00eetre, le sac de transport Koala est l&rsquo;accessoire parfait. Portez-le sur votre \u00e9paule pour garder votre chiot pr\u00e8s de vous et prot\u00e9g\u00e9 \u00e0 tout moment.<\/p>\n<ul>\n<li>Fabriqu\u00e9 en denim 100 % coton, ce sac banane est doux, confortable et pratique.<\/li>\n<li><span style=\"color: #555555;\">Avec une poche avant parfaite pour votre t\u00e9l\u00e9phone portable, vous pouvez avoir tout ce dont vous avez besoin \u00e0 port\u00e9e de main. <\/span><\/li>\n<li><span style=\"color: #555555;\">Il s&rsquo;ouvre enti\u00e8rement pour un acc\u00e8s facile et se replie pour contenir votre chiot en toute s\u00e9curit\u00e9 et confort. <\/span><\/li>\n<li><span style=\"color: #555555;\">La bandouli\u00e8re r\u00e9glable vous permet de l&rsquo;ajuster parfaitement.<\/span><\/li>\n<li><span style=\"color: #555555;\">Id\u00e9al pour les petits chiens<\/span><\/li>\n<li>1 interior clip for safety<\/li>\n<li>Dimensions: 33 x 19 x 27 (h) cm<\/li>\n<li>Made in Italy<\/li>\n<\/ul>","protected":false},"excerpt":{"rendered":"<p>Pour les petits chiens qui aiment \u00eatre proches de leur ma\u00eetre, le sac de transport Koala est l&rsquo;accessoire parfait. Portez-le sur votre \u00e9paule pour garder votre chiot pr\u00e8s de vous et prot\u00e9g\u00e9 \u00e0 tout moment.<\/p>\n<ul>\n<li>Fabriqu\u00e9 en denim 100 % coton, ce sac banane est doux, confortable et pratique.<\/li>\n<li><span style=\"color: #555555;\">Avec une poche avant parfaite pour votre t\u00e9l\u00e9phone portable, vous pouvez avoir tout ce dont vous avez besoin \u00e0 port\u00e9e de main. <\/span><\/li>\n<li><span style=\"color: #555555;\">Il s&rsquo;ouvre enti\u00e8rement pour un acc\u00e8s facile et se replie pour contenir votre chiot en toute s\u00e9curit\u00e9 et confort. <\/span><\/li>\n<li><span style=\"color: #555555;\">La bandouli\u00e8re r\u00e9glable vous permet de l&rsquo;ajuster parfaitement.<\/span><\/li>\n<li><span style=\"color: #555555;\">Id\u00e9al pour les petits chiens<\/span><\/li>\n<li>1 interior clip for safety<\/li>\n<li>Dimensions: 33 x 19 x 27 (h) cm<\/li>\n<li>Made in Italy<\/li>\n<\/ul>","protected":false},"featured_media":60291,"template":"","meta":[],"product_brand":[],"product_cat":[5134,9065,16],"product_tag":[6170,816,3611,2578,3158,8460,8461],"class_list":{"0":"post-60294","1":"product","2":"type-product","3":"status-publish","4":"has-post-thumbnail","6":"product_cat-en-balade","7":"product_cat-printemps-ete-2025","8":"product_cat-sacs-de-transport","9":"product_tag-baubaru","10":"product_tag-sac-bandouliere","11":"product_tag-sac-bleu-marine","12":"product_tag-sac-marron","13":"product_tag-sac-marron-pour-chien","14":"product_tag-sac-marsupio-linus-beige","15":"product_tag-sac-pour-chien-bandouliere","17":"first","18":"instock","19":"shipping-taxable","20":"purchasable","21":"product-type-simple"},"yoast_head":"<!-- This site is optimized with the Yoast SEO plugin v25.5 - https:\/\/yoast.com\/wordpress\/plugins\/seo\/ -->\n<title>BauBar\u00f9 - Sac Koala soft Tortora - L&#039;univers Animalier<\/title>\n<meta name=\"description\" content=\"BauBar\u00f9 - Sac Marsupio Linus Voltaire marron\" \/>\n<meta name=\"robots\" content=\"index, follow, max-snippet:-1, max-image-preview:large, max-video-preview:-1\" \/>\n<link rel=\"canonical\" href=\"https:\/\/universanimalier.com\/en\/boutique\/baubaru-sac-koala-soft-tortora\/\" \/>\n<meta property=\"og:locale\" content=\"en_US\" \/>\n<meta property=\"og:type\" content=\"article\" \/>\n<meta property=\"og:title\" content=\"BauBar\u00f9 - Sac Koala soft Tortora - L&#039;univers Animalier\" \/>\n<meta property=\"og:description\" content=\"BauBar\u00f9 - Sac Marsupio Linus Voltaire marron\" \/>\n<meta property=\"og:url\" content=\"https:\/\/universanimalier.com\/en\/boutique\/baubaru-sac-koala-soft-tortora\/\" \/>\n<meta property=\"og:site_name\" content=\"L&#039;univers Animalier\" \/>\n<meta property=\"article:publisher\" content=\"https:\/\/www.facebook.com\/lunivers.animalier\" \/>\n<meta property=\"article:modified_time\" content=\"2025-05-05T20:02:58+00:00\" \/>\n<meta property=\"og:image\" content=\"https:\/\/universanimalier.com\/wp-content\/uploads\/2025\/05\/koala-tortora.jpg\" \/>\n\t<meta property=\"og:image:width\" content=\"1000\" \/>\n\t<meta property=\"og:image:height\" content=\"1000\" \/>\n\t<meta property=\"og:image:type\" content=\"image\/jpeg\" \/>\n<meta name=\"twitter:card\" content=\"summary_large_image\" \/>\n<meta name=\"twitter:label1\" content=\"Est. reading time\" \/>\n\t<meta name=\"twitter:data1\" content=\"1 minute\" \/>\n<script type=\"application\/ld+json\" class=\"yoast-schema-graph\">{\"@context\":\"https:\/\/schema.org\",\"@graph\":[{\"@type\":\"WebPage\",\"@id\":\"https:\/\/universanimalier.com\/boutique\/baubaru-sac-koala-soft-tortora\/\",\"url\":\"https:\/\/universanimalier.com\/boutique\/baubaru-sac-koala-soft-tortora\/\",\"name\":\"BauBar\u00f9 - Sac Koala soft Tortora - L&#039;univers Animalier\",\"isPartOf\":{\"@id\":\"https:\/\/wip.universanimalier.com\/#website\"},\"primaryImageOfPage\":{\"@id\":\"https:\/\/universanimalier.com\/boutique\/baubaru-sac-koala-soft-tortora\/#primaryimage\"},\"image\":{\"@id\":\"https:\/\/universanimalier.com\/boutique\/baubaru-sac-koala-soft-tortora\/#primaryimage\"},\"thumbnailUrl\":\"https:\/\/universanimalier.com\/wp-content\/uploads\/2025\/05\/koala-tortora.jpg\",\"datePublished\":\"2025-05-05T19:57:09+00:00\",\"dateModified\":\"2025-05-05T20:02:58+00:00\",\"description\":\"BauBar\u00f9 - Sac Marsupio Linus Voltaire marron\",\"breadcrumb\":{\"@id\":\"https:\/\/universanimalier.com\/boutique\/baubaru-sac-koala-soft-tortora\/#breadcrumb\"},\"inLanguage\":\"en-US\",\"potentialAction\":[{\"@type\":\"ReadAction\",\"target\":[\"https:\/\/universanimalier.com\/boutique\/baubaru-sac-koala-soft-tortora\/\"]}]},{\"@type\":\"ImageObject\",\"inLanguage\":\"en-US\",\"@id\":\"https:\/\/universanimalier.com\/boutique\/baubaru-sac-koala-soft-tortora\/#primaryimage\",\"url\":\"https:\/\/universanimalier.com\/wp-content\/uploads\/2025\/05\/koala-tortora.jpg\",\"contentUrl\":\"https:\/\/universanimalier.com\/wp-content\/uploads\/2025\/05\/koala-tortora.jpg\",\"width\":1000,\"height\":1000},{\"@type\":\"BreadcrumbList\",\"@id\":\"https:\/\/universanimalier.com\/boutique\/baubaru-sac-koala-soft-tortora\/#breadcrumb\",\"itemListElement\":[{\"@type\":\"ListItem\",\"position\":1,\"name\":\"Accueil\",\"item\":\"https:\/\/wip.universanimalier.com\/\"},{\"@type\":\"ListItem\",\"position\":2,\"name\":\"Boutique\",\"item\":\"https:\/\/wip.universanimalier.com\/boutique\/\"},{\"@type\":\"ListItem\",\"position\":3,\"name\":\"BauBar\u00f9 &#8211; Sac Koala soft Tortora\"}]},{\"@type\":\"WebSite\",\"@id\":\"https:\/\/wip.universanimalier.com\/#website\",\"url\":\"https:\/\/wip.universanimalier.com\/\",\"name\":\"L'univers Animalier\",\"description\":\"Le paradis des chiens g\u00e2t\u00e9s !\",\"publisher\":{\"@id\":\"https:\/\/wip.universanimalier.com\/#organization\"},\"potentialAction\":[{\"@type\":\"SearchAction\",\"target\":{\"@type\":\"EntryPoint\",\"urlTemplate\":\"https:\/\/wip.universanimalier.com\/?s={search_term_string}\"},\"query-input\":{\"@type\":\"PropertyValueSpecification\",\"valueRequired\":true,\"valueName\":\"search_term_string\"}}],\"inLanguage\":\"en-US\"},{\"@type\":\"Organization\",\"@id\":\"https:\/\/wip.universanimalier.com\/#organization\",\"name\":\"L'univers Animalier\",\"url\":\"https:\/\/wip.universanimalier.com\/\",\"logo\":{\"@type\":\"ImageObject\",\"inLanguage\":\"en-US\",\"@id\":\"https:\/\/wip.universanimalier.com\/#\/schema\/logo\/image\/\",\"url\":\"https:\/\/universanimalier.com\/wp-content\/uploads\/2021\/06\/logo.jpg\",\"contentUrl\":\"https:\/\/universanimalier.com\/wp-content\/uploads\/2021\/06\/logo.jpg\",\"width\":800,\"height\":200,\"caption\":\"L'univers Animalier\"},\"image\":{\"@id\":\"https:\/\/wip.universanimalier.com\/#\/schema\/logo\/image\/\"},\"sameAs\":[\"https:\/\/www.facebook.com\/lunivers.animalier\"]}]}<\/script>\n<!-- \/ Yoast SEO plugin. -->","yoast_head_json":{"title":"BauBar\u00f9 - Sac Koala soft Tortora - L&#039;univers Animalier","description":"BauBar\u00f9 - Sac Marsupio Linus Voltaire marron","robots":{"index":"index","follow":"follow","max-snippet":"max-snippet:-1","max-image-preview":"max-image-preview:large","max-video-preview":"max-video-preview:-1"},"canonical":"https:\/\/universanimalier.com\/en\/boutique\/baubaru-sac-koala-soft-tortora\/","og_locale":"en_US","og_type":"article","og_title":"BauBar\u00f9 - Sac Koala soft Tortora - L&#039;univers Animalier","og_description":"BauBar\u00f9 - Sac Marsupio Linus Voltaire marron","og_url":"https:\/\/universanimalier.com\/en\/boutique\/baubaru-sac-koala-soft-tortora\/","og_site_name":"L&#039;univers Animalier","article_publisher":"https:\/\/www.facebook.com\/lunivers.animalier","article_modified_time":"2025-05-05T20:02:58+00:00","og_image":[{"width":1000,"height":1000,"url":"https:\/\/universanimalier.com\/wp-content\/uploads\/2025\/05\/koala-tortora.jpg","type":"image\/jpeg"}],"twitter_card":"summary_large_image","twitter_misc":{"Est. reading time":"1 minute"},"schema":{"@context":"https:\/\/schema.org","@graph":[{"@type":"WebPage","@id":"https:\/\/universanimalier.com\/boutique\/baubaru-sac-koala-soft-tortora\/","url":"https:\/\/universanimalier.com\/boutique\/baubaru-sac-koala-soft-tortora\/","name":"BauBar\u00f9 - Sac Koala soft Tortora - L&#039;univers Animalier","isPartOf":{"@id":"https:\/\/wip.universanimalier.com\/#website"},"primaryImageOfPage":{"@id":"https:\/\/universanimalier.com\/boutique\/baubaru-sac-koala-soft-tortora\/#primaryimage"},"image":{"@id":"https:\/\/universanimalier.com\/boutique\/baubaru-sac-koala-soft-tortora\/#primaryimage"},"thumbnailUrl":"https:\/\/universanimalier.com\/wp-content\/uploads\/2025\/05\/koala-tortora.jpg","datePublished":"2025-05-05T19:57:09+00:00","dateModified":"2025-05-05T20:02:58+00:00","description":"BauBar\u00f9 - Sac Marsupio Linus Voltaire marron","breadcrumb":{"@id":"https:\/\/universanimalier.com\/boutique\/baubaru-sac-koala-soft-tortora\/#breadcrumb"},"inLanguage":"en-US","potentialAction":[{"@type":"ReadAction","target":["https:\/\/universanimalier.com\/boutique\/baubaru-sac-koala-soft-tortora\/"]}]},{"@type":"ImageObject","inLanguage":"en-US","@id":"https:\/\/universanimalier.com\/boutique\/baubaru-sac-koala-soft-tortora\/#primaryimage","url":"https:\/\/universanimalier.com\/wp-content\/uploads\/2025\/05\/koala-tortora.jpg","contentUrl":"https:\/\/universanimalier.com\/wp-content\/uploads\/2025\/05\/koala-tortora.jpg","width":1000,"height":1000},{"@type":"BreadcrumbList","@id":"https:\/\/universanimalier.com\/boutique\/baubaru-sac-koala-soft-tortora\/#breadcrumb","itemListElement":[{"@type":"ListItem","position":1,"name":"Accueil","item":"https:\/\/wip.universanimalier.com\/"},{"@type":"ListItem","position":2,"name":"Boutique","item":"https:\/\/wip.universanimalier.com\/boutique\/"},{"@type":"ListItem","position":3,"name":"BauBar\u00f9 &#8211; Sac Koala soft Tortora"}]},{"@type":"WebSite","@id":"https:\/\/wip.universanimalier.com\/#website","url":"https:\/\/wip.universanimalier.com\/","name":"L'univers Animalier","description":"A paradise for spoiled dogs!","publisher":{"@id":"https:\/\/wip.universanimalier.com\/#organization"},"potentialAction":[{"@type":"SearchAction","target":{"@type":"EntryPoint","urlTemplate":"https:\/\/wip.universanimalier.com\/?s={search_term_string}"},"query-input":{"@type":"PropertyValueSpecification","valueRequired":true,"valueName":"search_term_string"}}],"inLanguage":"en-US"},{"@type":"Organization","@id":"https:\/\/wip.universanimalier.com\/#organization","name":"L'univers Animalier","url":"https:\/\/wip.universanimalier.com\/","logo":{"@type":"ImageObject","inLanguage":"en-US","@id":"https:\/\/wip.universanimalier.com\/#\/schema\/logo\/image\/","url":"https:\/\/universanimalier.com\/wp-content\/uploads\/2021\/06\/logo.jpg","contentUrl":"https:\/\/universanimalier.com\/wp-content\/uploads\/2021\/06\/logo.jpg","width":800,"height":200,"caption":"L'univers Animalier"},"image":{"@id":"https:\/\/wip.universanimalier.com\/#\/schema\/logo\/image\/"},"sameAs":["https:\/\/www.facebook.com\/lunivers.animalier"]}]}},"_links":{"self":[{"href":"https:\/\/universanimalier.com\/en\/wp-json\/wp\/v2\/product\/60294"}],"collection":[{"href":"https:\/\/universanimalier.com\/en\/wp-json\/wp\/v2\/product"}],"about":[{"href":"https:\/\/universanimalier.com\/en\/wp-json\/wp\/v2\/types\/product"}],"wp:featuredmedia":[{"embeddable":true,"href":"https:\/\/universanimalier.com\/en\/wp-json\/wp\/v2\/media\/60291"}],"wp:attachment":[{"href":"https:\/\/universanimalier.com\/en\/wp-json\/wp\/v2\/media?parent=60294"}],"wp:term":[{"taxonomy":"product_brand","embeddable":true,"href":"https:\/\/universanimalier.com\/en\/wp-json\/wp\/v2\/product_brand?post=60294"},{"taxonomy":"product_cat","embeddable":true,"href":"https:\/\/universanimalier.com\/en\/wp-json\/wp\/v2\/product_cat?post=60294"},{"taxonomy":"product_tag","embeddable":true,"href":"https:\/\/universanimalier.com\/en\/wp-json\/wp\/v2\/product_tag?post=60294"}],"curies":[{"name":"wp","href":"https:\/\/api.w.org\/{rel}","templated":true}]}}