{"id":60298,"date":"2025-05-05T22:15:44","date_gmt":"2025-05-05T20:15:44","guid":{"rendered":"https:\/\/universanimalier.com\/?post_type=product&#038;p=60298"},"modified":"2026-02-08T10:16:01","modified_gmt":"2026-02-08T09:16:01","slug":"baubaru-siege-auto-trio-grey","status":"publish","type":"product","link":"https:\/\/universanimalier.com\/en\/boutique\/baubaru-siege-auto-trio-grey\/","title":{"rendered":"BauBar\u00f9 &#8211; Si\u00e8ge auto Trio Grey"},"content":{"rendered":"<p>Si\u00e8ge auto pratique avec fermeture \u00e9clair pour le fermer lat\u00e9ralement et le transporter \u00e0 la main avec des poign\u00e9es lat\u00e9rales pratiques ou avec la bandouli\u00e8re.<\/p>\n<ul>\n<li>Il est \u00e9galement \u00e9quip\u00e9 de crochets pour le fixer au si\u00e8ge.<\/li>\n<li>Le si\u00e8ge est d\u00e9houssable mais il est recommand\u00e9 de le laver \u00e0 la main avec de l&rsquo;eau ti\u00e8de et un chiffon. N&rsquo;utilisez pas de nettoyants abrasifs, d&rsquo;alcool ou de solvants agressifs.<\/li>\n<li>Dimensions: 60 x 40 x 50 (h) cm<\/li>\n<li>Les hanses sont de couleur orange<\/li>\n<li>Made in Italy<\/li>\n<\/ul>","protected":false},"excerpt":{"rendered":"<p>Si\u00e8ge auto pratique avec fermeture \u00e9clair pour le fermer lat\u00e9ralement et le transporter \u00e0 la main avec des poign\u00e9es lat\u00e9rales pratiques ou avec la bandouli\u00e8re (voir photos).<\/p>\n<ul>\n<li>Il est \u00e9galement \u00e9quip\u00e9 de crochets pour le fixer au si\u00e8ge.<\/li>\n<li>Le si\u00e8ge est d\u00e9houssable mais il est recommand\u00e9 de le laver \u00e0 la main avec de l&rsquo;eau ti\u00e8de et un chiffon. N&rsquo;utilisez pas de nettoyants abrasifs, d&rsquo;alcool ou de solvants agressifs.<\/li>\n<li>Dimensions: 60 x 40 x 50 (h) cm<\/li>\n<li>Les anses sont de couleur orange<\/li>\n<li>Made in Italy<\/li>\n<\/ul>","protected":false},"featured_media":60300,"template":"","meta":[],"product_brand":[],"product_cat":[5134,1066],"product_tag":[6170,816,3611,2578,3158,8460,8461],"class_list":{"0":"post-60298","1":"product","2":"type-product","3":"status-publish","4":"has-post-thumbnail","6":"product_cat-en-balade","7":"product_cat-sieges-auto","8":"product_tag-baubaru","9":"product_tag-sac-bandouliere","10":"product_tag-sac-bleu-marine","11":"product_tag-sac-marron","12":"product_tag-sac-marron-pour-chien","13":"product_tag-sac-marsupio-linus-beige","14":"product_tag-sac-pour-chien-bandouliere","16":"first","17":"instock","18":"shipping-taxable","19":"purchasable","20":"product-type-simple"},"yoast_head":"<!-- This site is optimized with the Yoast SEO plugin v25.5 - https:\/\/yoast.com\/wordpress\/plugins\/seo\/ -->\n<title>BauBar\u00f9 - Si\u00e8ge auto Trio Grey - L&#039;univers Animalier<\/title>\n<meta name=\"description\" content=\"BauBar\u00f9 - Sac Marsupio Linus Voltaire marron\" \/>\n<meta name=\"robots\" content=\"index, follow, max-snippet:-1, max-image-preview:large, max-video-preview:-1\" \/>\n<link rel=\"canonical\" href=\"https:\/\/universanimalier.com\/en\/boutique\/baubaru-siege-auto-trio-grey\/\" \/>\n<meta property=\"og:locale\" content=\"en_US\" \/>\n<meta property=\"og:type\" content=\"article\" \/>\n<meta property=\"og:title\" content=\"BauBar\u00f9 - Si\u00e8ge auto Trio Grey - L&#039;univers Animalier\" \/>\n<meta property=\"og:description\" content=\"BauBar\u00f9 - Sac Marsupio Linus Voltaire marron\" \/>\n<meta property=\"og:url\" content=\"https:\/\/universanimalier.com\/en\/boutique\/baubaru-siege-auto-trio-grey\/\" \/>\n<meta property=\"og:site_name\" content=\"L&#039;univers Animalier\" \/>\n<meta property=\"article:publisher\" content=\"https:\/\/www.facebook.com\/lunivers.animalier\" \/>\n<meta property=\"article:modified_time\" content=\"2026-02-08T09:16:01+00:00\" \/>\n<meta property=\"og:image\" content=\"https:\/\/universanimalier.com\/wp-content\/uploads\/2025\/05\/att._8oRUiz-_MNYEsczL3c0ys1CecblPnE9fTPyf8wpFBs.jpeg\" \/>\n\t<meta property=\"og:image:width\" content=\"1536\" \/>\n\t<meta property=\"og:image:height\" content=\"2048\" \/>\n\t<meta property=\"og:image:type\" content=\"image\/jpeg\" \/>\n<meta name=\"twitter:card\" content=\"summary_large_image\" \/>\n<meta name=\"twitter:label1\" content=\"Est. reading time\" \/>\n\t<meta name=\"twitter:data1\" content=\"1 minute\" \/>\n<script type=\"application\/ld+json\" class=\"yoast-schema-graph\">{\"@context\":\"https:\/\/schema.org\",\"@graph\":[{\"@type\":\"WebPage\",\"@id\":\"https:\/\/universanimalier.com\/boutique\/baubaru-siege-auto-trio-grey\/\",\"url\":\"https:\/\/universanimalier.com\/boutique\/baubaru-siege-auto-trio-grey\/\",\"name\":\"BauBar\u00f9 - Si\u00e8ge auto Trio Grey - L&#039;univers Animalier\",\"isPartOf\":{\"@id\":\"https:\/\/wip.universanimalier.com\/#website\"},\"primaryImageOfPage\":{\"@id\":\"https:\/\/universanimalier.com\/boutique\/baubaru-siege-auto-trio-grey\/#primaryimage\"},\"image\":{\"@id\":\"https:\/\/universanimalier.com\/boutique\/baubaru-siege-auto-trio-grey\/#primaryimage\"},\"thumbnailUrl\":\"https:\/\/universanimalier.com\/wp-content\/uploads\/2025\/05\/att._8oRUiz-_MNYEsczL3c0ys1CecblPnE9fTPyf8wpFBs.jpeg\",\"datePublished\":\"2025-05-05T20:15:44+00:00\",\"dateModified\":\"2026-02-08T09:16:01+00:00\",\"description\":\"BauBar\u00f9 - Sac Marsupio Linus Voltaire marron\",\"breadcrumb\":{\"@id\":\"https:\/\/universanimalier.com\/boutique\/baubaru-siege-auto-trio-grey\/#breadcrumb\"},\"inLanguage\":\"en-US\",\"potentialAction\":[{\"@type\":\"ReadAction\",\"target\":[\"https:\/\/universanimalier.com\/boutique\/baubaru-siege-auto-trio-grey\/\"]}]},{\"@type\":\"ImageObject\",\"inLanguage\":\"en-US\",\"@id\":\"https:\/\/universanimalier.com\/boutique\/baubaru-siege-auto-trio-grey\/#primaryimage\",\"url\":\"https:\/\/universanimalier.com\/wp-content\/uploads\/2025\/05\/att._8oRUiz-_MNYEsczL3c0ys1CecblPnE9fTPyf8wpFBs.jpeg\",\"contentUrl\":\"https:\/\/universanimalier.com\/wp-content\/uploads\/2025\/05\/att._8oRUiz-_MNYEsczL3c0ys1CecblPnE9fTPyf8wpFBs.jpeg\",\"width\":1536,\"height\":2048},{\"@type\":\"BreadcrumbList\",\"@id\":\"https:\/\/universanimalier.com\/boutique\/baubaru-siege-auto-trio-grey\/#breadcrumb\",\"itemListElement\":[{\"@type\":\"ListItem\",\"position\":1,\"name\":\"Accueil\",\"item\":\"https:\/\/wip.universanimalier.com\/\"},{\"@type\":\"ListItem\",\"position\":2,\"name\":\"Boutique\",\"item\":\"https:\/\/wip.universanimalier.com\/boutique\/\"},{\"@type\":\"ListItem\",\"position\":3,\"name\":\"BauBar\u00f9 &#8211; Si\u00e8ge auto Trio Grey\"}]},{\"@type\":\"WebSite\",\"@id\":\"https:\/\/wip.universanimalier.com\/#website\",\"url\":\"https:\/\/wip.universanimalier.com\/\",\"name\":\"L'univers Animalier\",\"description\":\"Le paradis des chiens g\u00e2t\u00e9s !\",\"publisher\":{\"@id\":\"https:\/\/wip.universanimalier.com\/#organization\"},\"potentialAction\":[{\"@type\":\"SearchAction\",\"target\":{\"@type\":\"EntryPoint\",\"urlTemplate\":\"https:\/\/wip.universanimalier.com\/?s={search_term_string}\"},\"query-input\":{\"@type\":\"PropertyValueSpecification\",\"valueRequired\":true,\"valueName\":\"search_term_string\"}}],\"inLanguage\":\"en-US\"},{\"@type\":\"Organization\",\"@id\":\"https:\/\/wip.universanimalier.com\/#organization\",\"name\":\"L'univers Animalier\",\"url\":\"https:\/\/wip.universanimalier.com\/\",\"logo\":{\"@type\":\"ImageObject\",\"inLanguage\":\"en-US\",\"@id\":\"https:\/\/wip.universanimalier.com\/#\/schema\/logo\/image\/\",\"url\":\"https:\/\/universanimalier.com\/wp-content\/uploads\/2021\/06\/logo.jpg\",\"contentUrl\":\"https:\/\/universanimalier.com\/wp-content\/uploads\/2021\/06\/logo.jpg\",\"width\":800,\"height\":200,\"caption\":\"L'univers Animalier\"},\"image\":{\"@id\":\"https:\/\/wip.universanimalier.com\/#\/schema\/logo\/image\/\"},\"sameAs\":[\"https:\/\/www.facebook.com\/lunivers.animalier\"]}]}<\/script>\n<!-- \/ Yoast SEO plugin. -->","yoast_head_json":{"title":"BauBar\u00f9 - Si\u00e8ge auto Trio Grey - L&#039;univers Animalier","description":"BauBar\u00f9 - Sac Marsupio Linus Voltaire marron","robots":{"index":"index","follow":"follow","max-snippet":"max-snippet:-1","max-image-preview":"max-image-preview:large","max-video-preview":"max-video-preview:-1"},"canonical":"https:\/\/universanimalier.com\/en\/boutique\/baubaru-siege-auto-trio-grey\/","og_locale":"en_US","og_type":"article","og_title":"BauBar\u00f9 - Si\u00e8ge auto Trio Grey - L&#039;univers Animalier","og_description":"BauBar\u00f9 - Sac Marsupio Linus Voltaire marron","og_url":"https:\/\/universanimalier.com\/en\/boutique\/baubaru-siege-auto-trio-grey\/","og_site_name":"L&#039;univers Animalier","article_publisher":"https:\/\/www.facebook.com\/lunivers.animalier","article_modified_time":"2026-02-08T09:16:01+00:00","og_image":[{"width":1536,"height":2048,"url":"https:\/\/universanimalier.com\/wp-content\/uploads\/2025\/05\/att._8oRUiz-_MNYEsczL3c0ys1CecblPnE9fTPyf8wpFBs.jpeg","type":"image\/jpeg"}],"twitter_card":"summary_large_image","twitter_misc":{"Est. reading time":"1 minute"},"schema":{"@context":"https:\/\/schema.org","@graph":[{"@type":"WebPage","@id":"https:\/\/universanimalier.com\/boutique\/baubaru-siege-auto-trio-grey\/","url":"https:\/\/universanimalier.com\/boutique\/baubaru-siege-auto-trio-grey\/","name":"BauBar\u00f9 - Si\u00e8ge auto Trio Grey - L&#039;univers Animalier","isPartOf":{"@id":"https:\/\/wip.universanimalier.com\/#website"},"primaryImageOfPage":{"@id":"https:\/\/universanimalier.com\/boutique\/baubaru-siege-auto-trio-grey\/#primaryimage"},"image":{"@id":"https:\/\/universanimalier.com\/boutique\/baubaru-siege-auto-trio-grey\/#primaryimage"},"thumbnailUrl":"https:\/\/universanimalier.com\/wp-content\/uploads\/2025\/05\/att._8oRUiz-_MNYEsczL3c0ys1CecblPnE9fTPyf8wpFBs.jpeg","datePublished":"2025-05-05T20:15:44+00:00","dateModified":"2026-02-08T09:16:01+00:00","description":"BauBar\u00f9 - Sac Marsupio Linus Voltaire marron","breadcrumb":{"@id":"https:\/\/universanimalier.com\/boutique\/baubaru-siege-auto-trio-grey\/#breadcrumb"},"inLanguage":"en-US","potentialAction":[{"@type":"ReadAction","target":["https:\/\/universanimalier.com\/boutique\/baubaru-siege-auto-trio-grey\/"]}]},{"@type":"ImageObject","inLanguage":"en-US","@id":"https:\/\/universanimalier.com\/boutique\/baubaru-siege-auto-trio-grey\/#primaryimage","url":"https:\/\/universanimalier.com\/wp-content\/uploads\/2025\/05\/att._8oRUiz-_MNYEsczL3c0ys1CecblPnE9fTPyf8wpFBs.jpeg","contentUrl":"https:\/\/universanimalier.com\/wp-content\/uploads\/2025\/05\/att._8oRUiz-_MNYEsczL3c0ys1CecblPnE9fTPyf8wpFBs.jpeg","width":1536,"height":2048},{"@type":"BreadcrumbList","@id":"https:\/\/universanimalier.com\/boutique\/baubaru-siege-auto-trio-grey\/#breadcrumb","itemListElement":[{"@type":"ListItem","position":1,"name":"Accueil","item":"https:\/\/wip.universanimalier.com\/"},{"@type":"ListItem","position":2,"name":"Boutique","item":"https:\/\/wip.universanimalier.com\/boutique\/"},{"@type":"ListItem","position":3,"name":"BauBar\u00f9 &#8211; Si\u00e8ge auto Trio Grey"}]},{"@type":"WebSite","@id":"https:\/\/wip.universanimalier.com\/#website","url":"https:\/\/wip.universanimalier.com\/","name":"L'univers Animalier","description":"A paradise for spoiled dogs!","publisher":{"@id":"https:\/\/wip.universanimalier.com\/#organization"},"potentialAction":[{"@type":"SearchAction","target":{"@type":"EntryPoint","urlTemplate":"https:\/\/wip.universanimalier.com\/?s={search_term_string}"},"query-input":{"@type":"PropertyValueSpecification","valueRequired":true,"valueName":"search_term_string"}}],"inLanguage":"en-US"},{"@type":"Organization","@id":"https:\/\/wip.universanimalier.com\/#organization","name":"L'univers Animalier","url":"https:\/\/wip.universanimalier.com\/","logo":{"@type":"ImageObject","inLanguage":"en-US","@id":"https:\/\/wip.universanimalier.com\/#\/schema\/logo\/image\/","url":"https:\/\/universanimalier.com\/wp-content\/uploads\/2021\/06\/logo.jpg","contentUrl":"https:\/\/universanimalier.com\/wp-content\/uploads\/2021\/06\/logo.jpg","width":800,"height":200,"caption":"L'univers Animalier"},"image":{"@id":"https:\/\/wip.universanimalier.com\/#\/schema\/logo\/image\/"},"sameAs":["https:\/\/www.facebook.com\/lunivers.animalier"]}]}},"_links":{"self":[{"href":"https:\/\/universanimalier.com\/en\/wp-json\/wp\/v2\/product\/60298"}],"collection":[{"href":"https:\/\/universanimalier.com\/en\/wp-json\/wp\/v2\/product"}],"about":[{"href":"https:\/\/universanimalier.com\/en\/wp-json\/wp\/v2\/types\/product"}],"wp:featuredmedia":[{"embeddable":true,"href":"https:\/\/universanimalier.com\/en\/wp-json\/wp\/v2\/media\/60300"}],"wp:attachment":[{"href":"https:\/\/universanimalier.com\/en\/wp-json\/wp\/v2\/media?parent=60298"}],"wp:term":[{"taxonomy":"product_brand","embeddable":true,"href":"https:\/\/universanimalier.com\/en\/wp-json\/wp\/v2\/product_brand?post=60298"},{"taxonomy":"product_cat","embeddable":true,"href":"https:\/\/universanimalier.com\/en\/wp-json\/wp\/v2\/product_cat?post=60298"},{"taxonomy":"product_tag","embeddable":true,"href":"https:\/\/universanimalier.com\/en\/wp-json\/wp\/v2\/product_tag?post=60298"}],"curies":[{"name":"wp","href":"https:\/\/api.w.org\/{rel}","templated":true}]}}