{"id":60309,"date":"2025-05-08T16:35:51","date_gmt":"2025-05-08T14:35:51","guid":{"rendered":"https:\/\/universanimalier.com\/?post_type=product&#038;p=60309"},"modified":"2025-06-12T16:30:31","modified_gmt":"2025-06-12T14:30:31","slug":"teo-im-cool-bol-coeur-love-cream","status":"publish","type":"product","link":"https:\/\/universanimalier.com\/en\/boutique\/teo-im-cool-bol-coeur-love-cream\/","title":{"rendered":"Teo I&rsquo;m Cool &#8211; Bol c\u0153ur Love Cream"},"content":{"rendered":"<p><span class=\"Y2IQFc\" lang=\"fr\">Bol 100% silicone de haute qualit\u00e9, indestructible, sans BPA, sans PVC, sans latex. <\/span><\/p>\n<ul>\n<li><span class=\"Y2IQFc\" lang=\"fr\">Hypoallerg\u00e9nique et r\u00e9sistant aux bact\u00e9ries.<\/span><\/li>\n<li><span class=\"Y2IQFc\" lang=\"fr\">Avec ventouse pour fixer les bols au sol. <\/span><\/li>\n<li><span class=\"Y2IQFc\" lang=\"fr\">Peut \u00eatre plac\u00e9 au four et au micro-ondes. <\/span><\/li>\n<li><span class=\"Y2IQFc\" lang=\"fr\">Vendu \u00e0 l&rsquo;unit\u00e9<br \/>\n<\/span><\/li>\n<li><span class=\"Y2IQFc\" lang=\"fr\">Made in Italy<br \/>\n<\/span><\/li>\n<\/ul>\n<p>&nbsp;<\/p>","protected":false},"excerpt":{"rendered":"<p><span class=\"Y2IQFc\" lang=\"fr\">Bol 100% silicone de haute qualit\u00e9, indestructible, sans BPA, sans PVC, sans latex. <\/span><\/p>\n<ul>\n<li><span class=\"Y2IQFc\" lang=\"fr\">Hypoallerg\u00e9nique et r\u00e9sistant aux bact\u00e9ries.<\/span><\/li>\n<li><span class=\"Y2IQFc\" lang=\"fr\">Avec ventouse pour fixer les bols au sol. <\/span><\/li>\n<li><span class=\"Y2IQFc\" lang=\"fr\">Peut \u00eatre plac\u00e9 au four et au micro-ondes.<\/span><\/li>\n<li>Taille id\u00e9ale pour un petit chien ou un chat<\/li>\n<li><span class=\"Y2IQFc\" lang=\"fr\">Vendu \u00e0 l&rsquo;unit\u00e9<br \/>\n<\/span><\/li>\n<li><span class=\"Y2IQFc\" lang=\"fr\">Made in Italy<br \/>\n<\/span><\/li>\n<\/ul>\n<p>&nbsp;<\/p>","protected":false},"featured_media":60222,"template":"","meta":[],"product_brand":[],"product_cat":[5144,593],"product_tag":[1382,6288,8817,8964,5290],"class_list":{"0":"post-60309","1":"product","2":"type-product","3":"status-publish","4":"has-post-thumbnail","6":"product_cat-sets-et-bols","7":"product_cat-a-table","8":"product_tag-bag-charm","9":"product_tag-sac-camel-pour-chien","10":"product_tag-tapis-de-voyage-pour-chien","11":"product_tag-tapis-de-voyage-snow-white","12":"product_tag-teo-im-cool","14":"first","15":"instock","16":"shipping-taxable","17":"purchasable","18":"product-type-simple"},"yoast_head":"<!-- This site is optimized with the Yoast SEO plugin v25.5 - https:\/\/yoast.com\/wordpress\/plugins\/seo\/ -->\n<title>Teo I&#039;m Cool - Bol c\u0153ur Love Cream - L&#039;univers Animalier<\/title>\n<meta name=\"description\" content=\"Teo I&#039;m Cool - Bol coeur Love cream\" \/>\n<meta name=\"robots\" content=\"index, follow, max-snippet:-1, max-image-preview:large, max-video-preview:-1\" \/>\n<link rel=\"canonical\" href=\"https:\/\/universanimalier.com\/en\/boutique\/teo-im-cool-bol-coeur-love-cream\/\" \/>\n<meta property=\"og:locale\" content=\"en_US\" \/>\n<meta property=\"og:type\" content=\"article\" \/>\n<meta property=\"og:title\" content=\"Teo I&#039;m Cool - Bol c\u0153ur Love Cream - L&#039;univers Animalier\" \/>\n<meta property=\"og:description\" content=\"Teo I&#039;m Cool - Bol coeur Love cream\" \/>\n<meta property=\"og:url\" content=\"https:\/\/universanimalier.com\/en\/boutique\/teo-im-cool-bol-coeur-love-cream\/\" \/>\n<meta property=\"og:site_name\" content=\"L&#039;univers Animalier\" \/>\n<meta property=\"article:publisher\" content=\"https:\/\/www.facebook.com\/lunivers.animalier\" \/>\n<meta property=\"article:modified_time\" content=\"2025-06-12T14:30:31+00:00\" \/>\n<meta property=\"og:image\" content=\"https:\/\/universanimalier.com\/wp-content\/uploads\/2025\/04\/IMG_2826.png\" \/>\n\t<meta property=\"og:image:width\" content=\"510\" \/>\n\t<meta property=\"og:image:height\" content=\"425\" \/>\n\t<meta property=\"og:image:type\" content=\"image\/png\" \/>\n<meta name=\"twitter:card\" content=\"summary_large_image\" \/>\n<meta name=\"twitter:label1\" content=\"Est. reading time\" \/>\n\t<meta name=\"twitter:data1\" content=\"1 minute\" \/>\n<script type=\"application\/ld+json\" class=\"yoast-schema-graph\">{\"@context\":\"https:\/\/schema.org\",\"@graph\":[{\"@type\":\"WebPage\",\"@id\":\"https:\/\/universanimalier.com\/boutique\/teo-im-cool-bol-coeur-love-cream\/\",\"url\":\"https:\/\/universanimalier.com\/boutique\/teo-im-cool-bol-coeur-love-cream\/\",\"name\":\"Teo I'm Cool - Bol c\u0153ur Love Cream - L&#039;univers Animalier\",\"isPartOf\":{\"@id\":\"https:\/\/wip.universanimalier.com\/#website\"},\"primaryImageOfPage\":{\"@id\":\"https:\/\/universanimalier.com\/boutique\/teo-im-cool-bol-coeur-love-cream\/#primaryimage\"},\"image\":{\"@id\":\"https:\/\/universanimalier.com\/boutique\/teo-im-cool-bol-coeur-love-cream\/#primaryimage\"},\"thumbnailUrl\":\"https:\/\/universanimalier.com\/wp-content\/uploads\/2025\/04\/IMG_2826.png\",\"datePublished\":\"2025-05-08T14:35:51+00:00\",\"dateModified\":\"2025-06-12T14:30:31+00:00\",\"description\":\"Teo I'm Cool - Bol coeur Love cream\",\"breadcrumb\":{\"@id\":\"https:\/\/universanimalier.com\/boutique\/teo-im-cool-bol-coeur-love-cream\/#breadcrumb\"},\"inLanguage\":\"en-US\",\"potentialAction\":[{\"@type\":\"ReadAction\",\"target\":[\"https:\/\/universanimalier.com\/boutique\/teo-im-cool-bol-coeur-love-cream\/\"]}]},{\"@type\":\"ImageObject\",\"inLanguage\":\"en-US\",\"@id\":\"https:\/\/universanimalier.com\/boutique\/teo-im-cool-bol-coeur-love-cream\/#primaryimage\",\"url\":\"https:\/\/universanimalier.com\/wp-content\/uploads\/2025\/04\/IMG_2826.png\",\"contentUrl\":\"https:\/\/universanimalier.com\/wp-content\/uploads\/2025\/04\/IMG_2826.png\",\"width\":510,\"height\":425},{\"@type\":\"BreadcrumbList\",\"@id\":\"https:\/\/universanimalier.com\/boutique\/teo-im-cool-bol-coeur-love-cream\/#breadcrumb\",\"itemListElement\":[{\"@type\":\"ListItem\",\"position\":1,\"name\":\"Accueil\",\"item\":\"https:\/\/wip.universanimalier.com\/\"},{\"@type\":\"ListItem\",\"position\":2,\"name\":\"Boutique\",\"item\":\"https:\/\/wip.universanimalier.com\/boutique\/\"},{\"@type\":\"ListItem\",\"position\":3,\"name\":\"Teo I&rsquo;m Cool &#8211; Bol c\u0153ur Love Cream\"}]},{\"@type\":\"WebSite\",\"@id\":\"https:\/\/wip.universanimalier.com\/#website\",\"url\":\"https:\/\/wip.universanimalier.com\/\",\"name\":\"L'univers Animalier\",\"description\":\"Le paradis des chiens g\u00e2t\u00e9s !\",\"publisher\":{\"@id\":\"https:\/\/wip.universanimalier.com\/#organization\"},\"potentialAction\":[{\"@type\":\"SearchAction\",\"target\":{\"@type\":\"EntryPoint\",\"urlTemplate\":\"https:\/\/wip.universanimalier.com\/?s={search_term_string}\"},\"query-input\":{\"@type\":\"PropertyValueSpecification\",\"valueRequired\":true,\"valueName\":\"search_term_string\"}}],\"inLanguage\":\"en-US\"},{\"@type\":\"Organization\",\"@id\":\"https:\/\/wip.universanimalier.com\/#organization\",\"name\":\"L'univers Animalier\",\"url\":\"https:\/\/wip.universanimalier.com\/\",\"logo\":{\"@type\":\"ImageObject\",\"inLanguage\":\"en-US\",\"@id\":\"https:\/\/wip.universanimalier.com\/#\/schema\/logo\/image\/\",\"url\":\"https:\/\/universanimalier.com\/wp-content\/uploads\/2021\/06\/logo.jpg\",\"contentUrl\":\"https:\/\/universanimalier.com\/wp-content\/uploads\/2021\/06\/logo.jpg\",\"width\":800,\"height\":200,\"caption\":\"L'univers Animalier\"},\"image\":{\"@id\":\"https:\/\/wip.universanimalier.com\/#\/schema\/logo\/image\/\"},\"sameAs\":[\"https:\/\/www.facebook.com\/lunivers.animalier\"]}]}<\/script>\n<!-- \/ Yoast SEO plugin. -->","yoast_head_json":{"title":"Teo I'm Cool - Bol c\u0153ur Love Cream - L&#039;univers Animalier","description":"Teo I'm Cool - Bol coeur Love cream","robots":{"index":"index","follow":"follow","max-snippet":"max-snippet:-1","max-image-preview":"max-image-preview:large","max-video-preview":"max-video-preview:-1"},"canonical":"https:\/\/universanimalier.com\/en\/boutique\/teo-im-cool-bol-coeur-love-cream\/","og_locale":"en_US","og_type":"article","og_title":"Teo I'm Cool - Bol c\u0153ur Love Cream - L&#039;univers Animalier","og_description":"Teo I'm Cool - Bol coeur Love cream","og_url":"https:\/\/universanimalier.com\/en\/boutique\/teo-im-cool-bol-coeur-love-cream\/","og_site_name":"L&#039;univers Animalier","article_publisher":"https:\/\/www.facebook.com\/lunivers.animalier","article_modified_time":"2025-06-12T14:30:31+00:00","og_image":[{"width":510,"height":425,"url":"https:\/\/universanimalier.com\/wp-content\/uploads\/2025\/04\/IMG_2826.png","type":"image\/png"}],"twitter_card":"summary_large_image","twitter_misc":{"Est. reading time":"1 minute"},"schema":{"@context":"https:\/\/schema.org","@graph":[{"@type":"WebPage","@id":"https:\/\/universanimalier.com\/boutique\/teo-im-cool-bol-coeur-love-cream\/","url":"https:\/\/universanimalier.com\/boutique\/teo-im-cool-bol-coeur-love-cream\/","name":"Teo I'm Cool - Bol c\u0153ur Love Cream - L&#039;univers Animalier","isPartOf":{"@id":"https:\/\/wip.universanimalier.com\/#website"},"primaryImageOfPage":{"@id":"https:\/\/universanimalier.com\/boutique\/teo-im-cool-bol-coeur-love-cream\/#primaryimage"},"image":{"@id":"https:\/\/universanimalier.com\/boutique\/teo-im-cool-bol-coeur-love-cream\/#primaryimage"},"thumbnailUrl":"https:\/\/universanimalier.com\/wp-content\/uploads\/2025\/04\/IMG_2826.png","datePublished":"2025-05-08T14:35:51+00:00","dateModified":"2025-06-12T14:30:31+00:00","description":"Teo I'm Cool - Bol coeur Love cream","breadcrumb":{"@id":"https:\/\/universanimalier.com\/boutique\/teo-im-cool-bol-coeur-love-cream\/#breadcrumb"},"inLanguage":"en-US","potentialAction":[{"@type":"ReadAction","target":["https:\/\/universanimalier.com\/boutique\/teo-im-cool-bol-coeur-love-cream\/"]}]},{"@type":"ImageObject","inLanguage":"en-US","@id":"https:\/\/universanimalier.com\/boutique\/teo-im-cool-bol-coeur-love-cream\/#primaryimage","url":"https:\/\/universanimalier.com\/wp-content\/uploads\/2025\/04\/IMG_2826.png","contentUrl":"https:\/\/universanimalier.com\/wp-content\/uploads\/2025\/04\/IMG_2826.png","width":510,"height":425},{"@type":"BreadcrumbList","@id":"https:\/\/universanimalier.com\/boutique\/teo-im-cool-bol-coeur-love-cream\/#breadcrumb","itemListElement":[{"@type":"ListItem","position":1,"name":"Accueil","item":"https:\/\/wip.universanimalier.com\/"},{"@type":"ListItem","position":2,"name":"Boutique","item":"https:\/\/wip.universanimalier.com\/boutique\/"},{"@type":"ListItem","position":3,"name":"Teo I&rsquo;m Cool &#8211; Bol c\u0153ur Love Cream"}]},{"@type":"WebSite","@id":"https:\/\/wip.universanimalier.com\/#website","url":"https:\/\/wip.universanimalier.com\/","name":"L'univers Animalier","description":"A paradise for spoiled dogs!","publisher":{"@id":"https:\/\/wip.universanimalier.com\/#organization"},"potentialAction":[{"@type":"SearchAction","target":{"@type":"EntryPoint","urlTemplate":"https:\/\/wip.universanimalier.com\/?s={search_term_string}"},"query-input":{"@type":"PropertyValueSpecification","valueRequired":true,"valueName":"search_term_string"}}],"inLanguage":"en-US"},{"@type":"Organization","@id":"https:\/\/wip.universanimalier.com\/#organization","name":"L'univers Animalier","url":"https:\/\/wip.universanimalier.com\/","logo":{"@type":"ImageObject","inLanguage":"en-US","@id":"https:\/\/wip.universanimalier.com\/#\/schema\/logo\/image\/","url":"https:\/\/universanimalier.com\/wp-content\/uploads\/2021\/06\/logo.jpg","contentUrl":"https:\/\/universanimalier.com\/wp-content\/uploads\/2021\/06\/logo.jpg","width":800,"height":200,"caption":"L'univers Animalier"},"image":{"@id":"https:\/\/wip.universanimalier.com\/#\/schema\/logo\/image\/"},"sameAs":["https:\/\/www.facebook.com\/lunivers.animalier"]}]}},"_links":{"self":[{"href":"https:\/\/universanimalier.com\/en\/wp-json\/wp\/v2\/product\/60309"}],"collection":[{"href":"https:\/\/universanimalier.com\/en\/wp-json\/wp\/v2\/product"}],"about":[{"href":"https:\/\/universanimalier.com\/en\/wp-json\/wp\/v2\/types\/product"}],"wp:featuredmedia":[{"embeddable":true,"href":"https:\/\/universanimalier.com\/en\/wp-json\/wp\/v2\/media\/60222"}],"wp:attachment":[{"href":"https:\/\/universanimalier.com\/en\/wp-json\/wp\/v2\/media?parent=60309"}],"wp:term":[{"taxonomy":"product_brand","embeddable":true,"href":"https:\/\/universanimalier.com\/en\/wp-json\/wp\/v2\/product_brand?post=60309"},{"taxonomy":"product_cat","embeddable":true,"href":"https:\/\/universanimalier.com\/en\/wp-json\/wp\/v2\/product_cat?post=60309"},{"taxonomy":"product_tag","embeddable":true,"href":"https:\/\/universanimalier.com\/en\/wp-json\/wp\/v2\/product_tag?post=60309"}],"curies":[{"name":"wp","href":"https:\/\/api.w.org\/{rel}","templated":true}]}}