{"id":60358,"date":"2025-05-21T15:57:23","date_gmt":"2025-05-21T13:57:23","guid":{"rendered":"https:\/\/universanimalier.com\/?post_type=product&#038;p=60358"},"modified":"2025-06-29T10:13:12","modified_gmt":"2025-06-29T08:13:12","slug":"m-pets-ensemble-harnais-et-laisse-gentle-cat-rose-poudre","status":"publish","type":"product","link":"https:\/\/universanimalier.com\/en\/boutique\/m-pets-ensemble-harnais-et-laisse-gentle-cat-rose-poudre\/","title":{"rendered":"M-Pets &#8211; Ensemble harnais et laisse Gentle Cat rose poudr\u00e9"},"content":{"rendered":"<p>Joli ensemble harnais et laisse pour chat.<\/p>\n<p>Laisse : 1 x 120 cm<br \/>\nHarnais : 1,0 cm<br \/>\nTaille du cou ajustable : 1 x 20 \u00e0 30 cm<br \/>\nTaille du corps : 1 x 30 \u00e0 42 cm<br \/>\nDurable et r\u00e9glable<br \/>\nAvec boucle verrouillable<\/p>","protected":false},"excerpt":{"rendered":"<p>Joli ensemble harnais et laisse pour chat.<\/p>\n<p>Laisse : 1 x 120 cm<br \/>\nHarnais : 1,0 cm<br \/>\nTaille du cou ajustable : 1 x 20 \u00e0 30 cm<br \/>\nTaille du corps ajustable : 1 x 30 \u00e0 42 cm<br \/>\nDurable et r\u00e9glable<br \/>\nAvec boucle verrouillable<\/p>","protected":false},"featured_media":60335,"template":"","meta":[],"product_brand":[],"product_cat":[5134,1144,52,54],"product_tag":[3716,9159],"class_list":{"0":"post-60358","1":"product","2":"type-product","3":"status-publish","4":"has-post-thumbnail","6":"product_cat-en-balade","7":"product_cat-chats","8":"product_cat-harnais","9":"product_cat-laisses","10":"product_tag-harnais-pour-chat","11":"product_tag-m-pets-ensemble-harnais-et-laisse-gentle-cat-vert-jade","13":"first","14":"instock","15":"shipping-taxable","16":"purchasable","17":"product-type-simple"},"yoast_head":"<!-- This site is optimized with the Yoast SEO plugin v25.5 - https:\/\/yoast.com\/wordpress\/plugins\/seo\/ -->\n<title>M-Pets - Ensemble harnais et laisse Gentle Cat rose poudr\u00e9 - L&#039;univers Animalier<\/title>\n<meta name=\"robots\" content=\"index, follow, max-snippet:-1, max-image-preview:large, max-video-preview:-1\" \/>\n<link rel=\"canonical\" href=\"https:\/\/universanimalier.com\/en\/boutique\/m-pets-ensemble-harnais-et-laisse-gentle-cat-rose-poudre\/\" \/>\n<meta property=\"og:locale\" content=\"en_US\" \/>\n<meta property=\"og:type\" content=\"article\" \/>\n<meta property=\"og:title\" content=\"M-Pets - Ensemble harnais et laisse Gentle Cat rose poudr\u00e9 - L&#039;univers Animalier\" \/>\n<meta property=\"og:description\" content=\"Joli ensemble harnais et laisse pour chat.  Laisse : 1 x 120 cm Harnais : 1,0 cm Taille du cou ajustable : 1 x 20 \u00e0 30 cm Taille du corps ajustable : 1 x 30 \u00e0 42 cm Durable et r\u00e9glable Avec boucle verrouillable\" \/>\n<meta property=\"og:url\" content=\"https:\/\/universanimalier.com\/en\/boutique\/m-pets-ensemble-harnais-et-laisse-gentle-cat-rose-poudre\/\" \/>\n<meta property=\"og:site_name\" content=\"L&#039;univers Animalier\" \/>\n<meta property=\"article:publisher\" content=\"https:\/\/www.facebook.com\/lunivers.animalier\" \/>\n<meta property=\"article:modified_time\" content=\"2025-06-29T08:13:12+00:00\" \/>\n<meta property=\"og:image\" content=\"https:\/\/universanimalier.com\/wp-content\/uploads\/2025\/05\/IMG_3243.png\" \/>\n\t<meta property=\"og:image:width\" content=\"750\" \/>\n\t<meta property=\"og:image:height\" content=\"750\" \/>\n\t<meta property=\"og:image:type\" content=\"image\/png\" \/>\n<meta name=\"twitter:card\" content=\"summary_large_image\" \/>\n<script type=\"application\/ld+json\" class=\"yoast-schema-graph\">{\"@context\":\"https:\/\/schema.org\",\"@graph\":[{\"@type\":\"WebPage\",\"@id\":\"https:\/\/universanimalier.com\/boutique\/m-pets-ensemble-harnais-et-laisse-gentle-cat-rose-poudre\/\",\"url\":\"https:\/\/universanimalier.com\/boutique\/m-pets-ensemble-harnais-et-laisse-gentle-cat-rose-poudre\/\",\"name\":\"M-Pets - Ensemble harnais et laisse Gentle Cat rose poudr\u00e9 - L&#039;univers Animalier\",\"isPartOf\":{\"@id\":\"https:\/\/wip.universanimalier.com\/#website\"},\"primaryImageOfPage\":{\"@id\":\"https:\/\/universanimalier.com\/boutique\/m-pets-ensemble-harnais-et-laisse-gentle-cat-rose-poudre\/#primaryimage\"},\"image\":{\"@id\":\"https:\/\/universanimalier.com\/boutique\/m-pets-ensemble-harnais-et-laisse-gentle-cat-rose-poudre\/#primaryimage\"},\"thumbnailUrl\":\"https:\/\/universanimalier.com\/wp-content\/uploads\/2025\/05\/IMG_3243.png\",\"datePublished\":\"2025-05-21T13:57:23+00:00\",\"dateModified\":\"2025-06-29T08:13:12+00:00\",\"breadcrumb\":{\"@id\":\"https:\/\/universanimalier.com\/boutique\/m-pets-ensemble-harnais-et-laisse-gentle-cat-rose-poudre\/#breadcrumb\"},\"inLanguage\":\"en-US\",\"potentialAction\":[{\"@type\":\"ReadAction\",\"target\":[\"https:\/\/universanimalier.com\/boutique\/m-pets-ensemble-harnais-et-laisse-gentle-cat-rose-poudre\/\"]}]},{\"@type\":\"ImageObject\",\"inLanguage\":\"en-US\",\"@id\":\"https:\/\/universanimalier.com\/boutique\/m-pets-ensemble-harnais-et-laisse-gentle-cat-rose-poudre\/#primaryimage\",\"url\":\"https:\/\/universanimalier.com\/wp-content\/uploads\/2025\/05\/IMG_3243.png\",\"contentUrl\":\"https:\/\/universanimalier.com\/wp-content\/uploads\/2025\/05\/IMG_3243.png\",\"width\":750,\"height\":750},{\"@type\":\"BreadcrumbList\",\"@id\":\"https:\/\/universanimalier.com\/boutique\/m-pets-ensemble-harnais-et-laisse-gentle-cat-rose-poudre\/#breadcrumb\",\"itemListElement\":[{\"@type\":\"ListItem\",\"position\":1,\"name\":\"Accueil\",\"item\":\"https:\/\/wip.universanimalier.com\/\"},{\"@type\":\"ListItem\",\"position\":2,\"name\":\"Boutique\",\"item\":\"https:\/\/wip.universanimalier.com\/boutique\/\"},{\"@type\":\"ListItem\",\"position\":3,\"name\":\"M-Pets &#8211; Ensemble harnais et laisse Gentle Cat rose poudr\u00e9\"}]},{\"@type\":\"WebSite\",\"@id\":\"https:\/\/wip.universanimalier.com\/#website\",\"url\":\"https:\/\/wip.universanimalier.com\/\",\"name\":\"L'univers Animalier\",\"description\":\"Le paradis des chiens g\u00e2t\u00e9s !\",\"publisher\":{\"@id\":\"https:\/\/wip.universanimalier.com\/#organization\"},\"potentialAction\":[{\"@type\":\"SearchAction\",\"target\":{\"@type\":\"EntryPoint\",\"urlTemplate\":\"https:\/\/wip.universanimalier.com\/?s={search_term_string}\"},\"query-input\":{\"@type\":\"PropertyValueSpecification\",\"valueRequired\":true,\"valueName\":\"search_term_string\"}}],\"inLanguage\":\"en-US\"},{\"@type\":\"Organization\",\"@id\":\"https:\/\/wip.universanimalier.com\/#organization\",\"name\":\"L'univers Animalier\",\"url\":\"https:\/\/wip.universanimalier.com\/\",\"logo\":{\"@type\":\"ImageObject\",\"inLanguage\":\"en-US\",\"@id\":\"https:\/\/wip.universanimalier.com\/#\/schema\/logo\/image\/\",\"url\":\"https:\/\/universanimalier.com\/wp-content\/uploads\/2021\/06\/logo.jpg\",\"contentUrl\":\"https:\/\/universanimalier.com\/wp-content\/uploads\/2021\/06\/logo.jpg\",\"width\":800,\"height\":200,\"caption\":\"L'univers Animalier\"},\"image\":{\"@id\":\"https:\/\/wip.universanimalier.com\/#\/schema\/logo\/image\/\"},\"sameAs\":[\"https:\/\/www.facebook.com\/lunivers.animalier\"]}]}<\/script>\n<!-- \/ Yoast SEO plugin. -->","yoast_head_json":{"title":"M-Pets - Ensemble harnais et laisse Gentle Cat rose poudr\u00e9 - L&#039;univers Animalier","robots":{"index":"index","follow":"follow","max-snippet":"max-snippet:-1","max-image-preview":"max-image-preview:large","max-video-preview":"max-video-preview:-1"},"canonical":"https:\/\/universanimalier.com\/en\/boutique\/m-pets-ensemble-harnais-et-laisse-gentle-cat-rose-poudre\/","og_locale":"en_US","og_type":"article","og_title":"M-Pets - Ensemble harnais et laisse Gentle Cat rose poudr\u00e9 - L&#039;univers Animalier","og_description":"Joli ensemble harnais et laisse pour chat.  Laisse : 1 x 120 cm Harnais : 1,0 cm Taille du cou ajustable : 1 x 20 \u00e0 30 cm Taille du corps ajustable : 1 x 30 \u00e0 42 cm Durable et r\u00e9glable Avec boucle verrouillable","og_url":"https:\/\/universanimalier.com\/en\/boutique\/m-pets-ensemble-harnais-et-laisse-gentle-cat-rose-poudre\/","og_site_name":"L&#039;univers Animalier","article_publisher":"https:\/\/www.facebook.com\/lunivers.animalier","article_modified_time":"2025-06-29T08:13:12+00:00","og_image":[{"width":750,"height":750,"url":"https:\/\/universanimalier.com\/wp-content\/uploads\/2025\/05\/IMG_3243.png","type":"image\/png"}],"twitter_card":"summary_large_image","schema":{"@context":"https:\/\/schema.org","@graph":[{"@type":"WebPage","@id":"https:\/\/universanimalier.com\/boutique\/m-pets-ensemble-harnais-et-laisse-gentle-cat-rose-poudre\/","url":"https:\/\/universanimalier.com\/boutique\/m-pets-ensemble-harnais-et-laisse-gentle-cat-rose-poudre\/","name":"M-Pets - Ensemble harnais et laisse Gentle Cat rose poudr\u00e9 - L&#039;univers Animalier","isPartOf":{"@id":"https:\/\/wip.universanimalier.com\/#website"},"primaryImageOfPage":{"@id":"https:\/\/universanimalier.com\/boutique\/m-pets-ensemble-harnais-et-laisse-gentle-cat-rose-poudre\/#primaryimage"},"image":{"@id":"https:\/\/universanimalier.com\/boutique\/m-pets-ensemble-harnais-et-laisse-gentle-cat-rose-poudre\/#primaryimage"},"thumbnailUrl":"https:\/\/universanimalier.com\/wp-content\/uploads\/2025\/05\/IMG_3243.png","datePublished":"2025-05-21T13:57:23+00:00","dateModified":"2025-06-29T08:13:12+00:00","breadcrumb":{"@id":"https:\/\/universanimalier.com\/boutique\/m-pets-ensemble-harnais-et-laisse-gentle-cat-rose-poudre\/#breadcrumb"},"inLanguage":"en-US","potentialAction":[{"@type":"ReadAction","target":["https:\/\/universanimalier.com\/boutique\/m-pets-ensemble-harnais-et-laisse-gentle-cat-rose-poudre\/"]}]},{"@type":"ImageObject","inLanguage":"en-US","@id":"https:\/\/universanimalier.com\/boutique\/m-pets-ensemble-harnais-et-laisse-gentle-cat-rose-poudre\/#primaryimage","url":"https:\/\/universanimalier.com\/wp-content\/uploads\/2025\/05\/IMG_3243.png","contentUrl":"https:\/\/universanimalier.com\/wp-content\/uploads\/2025\/05\/IMG_3243.png","width":750,"height":750},{"@type":"BreadcrumbList","@id":"https:\/\/universanimalier.com\/boutique\/m-pets-ensemble-harnais-et-laisse-gentle-cat-rose-poudre\/#breadcrumb","itemListElement":[{"@type":"ListItem","position":1,"name":"Accueil","item":"https:\/\/wip.universanimalier.com\/"},{"@type":"ListItem","position":2,"name":"Boutique","item":"https:\/\/wip.universanimalier.com\/boutique\/"},{"@type":"ListItem","position":3,"name":"M-Pets &#8211; Ensemble harnais et laisse Gentle Cat rose poudr\u00e9"}]},{"@type":"WebSite","@id":"https:\/\/wip.universanimalier.com\/#website","url":"https:\/\/wip.universanimalier.com\/","name":"L'univers Animalier","description":"A paradise for spoiled dogs!","publisher":{"@id":"https:\/\/wip.universanimalier.com\/#organization"},"potentialAction":[{"@type":"SearchAction","target":{"@type":"EntryPoint","urlTemplate":"https:\/\/wip.universanimalier.com\/?s={search_term_string}"},"query-input":{"@type":"PropertyValueSpecification","valueRequired":true,"valueName":"search_term_string"}}],"inLanguage":"en-US"},{"@type":"Organization","@id":"https:\/\/wip.universanimalier.com\/#organization","name":"L'univers Animalier","url":"https:\/\/wip.universanimalier.com\/","logo":{"@type":"ImageObject","inLanguage":"en-US","@id":"https:\/\/wip.universanimalier.com\/#\/schema\/logo\/image\/","url":"https:\/\/universanimalier.com\/wp-content\/uploads\/2021\/06\/logo.jpg","contentUrl":"https:\/\/universanimalier.com\/wp-content\/uploads\/2021\/06\/logo.jpg","width":800,"height":200,"caption":"L'univers Animalier"},"image":{"@id":"https:\/\/wip.universanimalier.com\/#\/schema\/logo\/image\/"},"sameAs":["https:\/\/www.facebook.com\/lunivers.animalier"]}]}},"_links":{"self":[{"href":"https:\/\/universanimalier.com\/en\/wp-json\/wp\/v2\/product\/60358"}],"collection":[{"href":"https:\/\/universanimalier.com\/en\/wp-json\/wp\/v2\/product"}],"about":[{"href":"https:\/\/universanimalier.com\/en\/wp-json\/wp\/v2\/types\/product"}],"wp:featuredmedia":[{"embeddable":true,"href":"https:\/\/universanimalier.com\/en\/wp-json\/wp\/v2\/media\/60335"}],"wp:attachment":[{"href":"https:\/\/universanimalier.com\/en\/wp-json\/wp\/v2\/media?parent=60358"}],"wp:term":[{"taxonomy":"product_brand","embeddable":true,"href":"https:\/\/universanimalier.com\/en\/wp-json\/wp\/v2\/product_brand?post=60358"},{"taxonomy":"product_cat","embeddable":true,"href":"https:\/\/universanimalier.com\/en\/wp-json\/wp\/v2\/product_cat?post=60358"},{"taxonomy":"product_tag","embeddable":true,"href":"https:\/\/universanimalier.com\/en\/wp-json\/wp\/v2\/product_tag?post=60358"}],"curies":[{"name":"wp","href":"https:\/\/api.w.org\/{rel}","templated":true}]}}