{"id":60462,"date":"2025-05-25T17:38:35","date_gmt":"2025-05-25T15:38:35","guid":{"rendered":"https:\/\/universanimalier.com\/?post_type=product&#038;p=60462"},"modified":"2025-06-29T10:11:29","modified_gmt":"2025-06-29T08:11:29","slug":"eh-gia-sac-a-dos-ventral-traveller-egg-pockets-black-british-37-1","status":"publish","type":"product","link":"https:\/\/universanimalier.com\/en\/boutique\/eh-gia-sac-a-dos-ventral-traveller-egg-pockets-black-british-37-1\/","title":{"rendered":"Eh Gia &#8211; Sac \u00e0 dos\/ventral Traveller Egg Pockets Black British 37\/1"},"content":{"rendered":"<p>Sac \u00e0 dos \u00ab\u00a0Traveller Egg\u00a0\u00bb multi fonctions, dans un simili cuir quadrill\u00e9. Confortable, pratique et original pour vos voyages et balades \u2665<\/p>\n<ul>\n<li>Int\u00e9rieur en coton \u00e0 carreaux<\/li>\n<li>Coussin int\u00e9rieur moelleux, r\u00e9versible (coton d&rsquo;un c\u00f4t\u00e9 et fausse fourrure de l&rsquo;autre) et amovible<\/li>\n<li>Eh gia writing<\/li>\n<li>D\u00e9coration C\u0153ur en tissus british<\/li>\n<li>Small handle<\/li>\n<li>Adjustable handles<\/li>\n<li>Fully resealable thanks to the net on the top<\/li>\n<li>2 exterior storage pockets with zippers<\/li>\n<li>1 interior clip for safety<\/li>\n<li>Peut \u00e9galement s&rsquo;utiliser en sac ventral<\/li>\n<li><strong>Fasteners at the back to hang it on the car seat (belt passage)<\/strong><\/li>\n<li>Ideal for a dog<\/li>\n<li>Dimensions: approximately 37 (h) x 32 x 22 cm<\/li>\n<\/ul>","protected":false},"excerpt":{"rendered":"<p>Sac \u00e0 dos \u00ab\u00a0Traveller Egg\u00a0\u00bb multi fonctions, dans un simili cuir quadrill\u00e9. Confortable, pratique et original pour vos voyages et balades \u2665<\/p>\n<ul>\n<li>Int\u00e9rieur en coton \u00e0 carreaux<\/li>\n<li>Coussin int\u00e9rieur moelleux, r\u00e9versible (coton d&rsquo;un c\u00f4t\u00e9 et fausse fourrure de l&rsquo;autre) et amovible<\/li>\n<li>Eh gia writing<\/li>\n<li>D\u00e9coration C\u0153ur en tissus british<\/li>\n<li>Small handle<\/li>\n<li>Adjustable handles<\/li>\n<li>Fully resealable thanks to the net on the top<\/li>\n<li>2 exterior storage pockets with zippers<\/li>\n<li>1 interior clip for safety<\/li>\n<li>Peut \u00e9galement s&rsquo;utiliser en sac ventral<\/li>\n<li><strong>Fasteners at the back to hang it on the car seat (belt passage)<\/strong><\/li>\n<li>Ideal for a dog<\/li>\n<li>Dimensions: approximately 37 (h) x 32 x 22 cm<\/li>\n<\/ul>","protected":false},"featured_media":60463,"template":"","meta":[],"product_brand":[],"product_cat":[5134,9065,8031,16,1066],"product_tag":[333,350,235,1666,147,3248,3169,6288,2438,3247,4171,4842,7861,1948],"class_list":{"0":"post-60462","1":"product","2":"type-product","3":"status-publish","4":"has-post-thumbnail","6":"product_cat-en-balade","7":"product_cat-printemps-ete-2025","8":"product_cat-sacs-a-dos","9":"product_cat-sacs-de-transport","10":"product_cat-sieges-auto","11":"product_tag-bag","12":"product_tag-chic","13":"product_tag-eh-gia","14":"product_tag-petit-chien","15":"product_tag-sac","16":"product_tag-sac-a-dos-pour-chien","17":"product_tag-sac-camel","18":"product_tag-sac-camel-pour-chien","19":"product_tag-sac-eh-gia","20":"product_tag-sac-multifonctions","21":"product_tag-sac-pieds-de-poule","22":"product_tag-sac-traveller","23":"product_tag-sac-traveller-egg","24":"product_tag-siege-auto-pour-chien","26":"first","27":"instock","28":"shipping-taxable","29":"purchasable","30":"product-type-simple"},"yoast_head":"<!-- This site is optimized with the Yoast SEO plugin v25.5 - https:\/\/yoast.com\/wordpress\/plugins\/seo\/ -->\n<title>Eh Gia - Sac \u00e0 dos\/ventral Traveller Egg Pockets Black British 37\/1 - L&#039;univers Animalier<\/title>\n<meta name=\"description\" content=\"Eh Gia - Sac \u00e0 dos\/ventral Traveller Egg Pockets Caramal British 37\/1\" \/>\n<meta name=\"robots\" content=\"index, follow, max-snippet:-1, max-image-preview:large, max-video-preview:-1\" \/>\n<link rel=\"canonical\" href=\"https:\/\/universanimalier.com\/en\/boutique\/eh-gia-sac-a-dos-ventral-traveller-egg-pockets-black-british-37-1\/\" \/>\n<meta property=\"og:locale\" content=\"en_US\" \/>\n<meta property=\"og:type\" content=\"article\" \/>\n<meta property=\"og:title\" content=\"Eh Gia - Sac \u00e0 dos\/ventral Traveller Egg Pockets Black British 37\/1 - L&#039;univers Animalier\" \/>\n<meta property=\"og:description\" content=\"Eh Gia - Sac \u00e0 dos\/ventral Traveller Egg Pockets Caramal British 37\/1\" \/>\n<meta property=\"og:url\" content=\"https:\/\/universanimalier.com\/en\/boutique\/eh-gia-sac-a-dos-ventral-traveller-egg-pockets-black-british-37-1\/\" \/>\n<meta property=\"og:site_name\" content=\"L&#039;univers Animalier\" \/>\n<meta property=\"article:publisher\" content=\"https:\/\/www.facebook.com\/lunivers.animalier\" \/>\n<meta property=\"article:modified_time\" content=\"2025-06-29T08:11:29+00:00\" \/>\n<meta property=\"og:image\" content=\"https:\/\/universanimalier.com\/wp-content\/uploads\/2025\/05\/att.NZ8eBOxCc4ApeeJKIuvfPDEO-3z3mtslSAtnV_1JnE0.jpeg\" \/>\n\t<meta property=\"og:image:width\" content=\"576\" \/>\n\t<meta property=\"og:image:height\" content=\"1024\" \/>\n\t<meta property=\"og:image:type\" content=\"image\/jpeg\" \/>\n<meta name=\"twitter:card\" content=\"summary_large_image\" \/>\n<meta name=\"twitter:label1\" content=\"Est. reading time\" \/>\n\t<meta name=\"twitter:data1\" content=\"1 minute\" \/>\n<script type=\"application\/ld+json\" class=\"yoast-schema-graph\">{\"@context\":\"https:\/\/schema.org\",\"@graph\":[{\"@type\":\"WebPage\",\"@id\":\"https:\/\/universanimalier.com\/boutique\/eh-gia-sac-a-dos-ventral-traveller-egg-pockets-black-british-37-1\/\",\"url\":\"https:\/\/universanimalier.com\/boutique\/eh-gia-sac-a-dos-ventral-traveller-egg-pockets-black-british-37-1\/\",\"name\":\"Eh Gia - Sac \u00e0 dos\/ventral Traveller Egg Pockets Black British 37\/1 - L&#039;univers Animalier\",\"isPartOf\":{\"@id\":\"https:\/\/wip.universanimalier.com\/#website\"},\"primaryImageOfPage\":{\"@id\":\"https:\/\/universanimalier.com\/boutique\/eh-gia-sac-a-dos-ventral-traveller-egg-pockets-black-british-37-1\/#primaryimage\"},\"image\":{\"@id\":\"https:\/\/universanimalier.com\/boutique\/eh-gia-sac-a-dos-ventral-traveller-egg-pockets-black-british-37-1\/#primaryimage\"},\"thumbnailUrl\":\"https:\/\/universanimalier.com\/wp-content\/uploads\/2025\/05\/att.NZ8eBOxCc4ApeeJKIuvfPDEO-3z3mtslSAtnV_1JnE0.jpeg\",\"datePublished\":\"2025-05-25T15:38:35+00:00\",\"dateModified\":\"2025-06-29T08:11:29+00:00\",\"description\":\"Eh Gia - Sac \u00e0 dos\/ventral Traveller Egg Pockets Caramal British 37\/1\",\"breadcrumb\":{\"@id\":\"https:\/\/universanimalier.com\/boutique\/eh-gia-sac-a-dos-ventral-traveller-egg-pockets-black-british-37-1\/#breadcrumb\"},\"inLanguage\":\"en-US\",\"potentialAction\":[{\"@type\":\"ReadAction\",\"target\":[\"https:\/\/universanimalier.com\/boutique\/eh-gia-sac-a-dos-ventral-traveller-egg-pockets-black-british-37-1\/\"]}]},{\"@type\":\"ImageObject\",\"inLanguage\":\"en-US\",\"@id\":\"https:\/\/universanimalier.com\/boutique\/eh-gia-sac-a-dos-ventral-traveller-egg-pockets-black-british-37-1\/#primaryimage\",\"url\":\"https:\/\/universanimalier.com\/wp-content\/uploads\/2025\/05\/att.NZ8eBOxCc4ApeeJKIuvfPDEO-3z3mtslSAtnV_1JnE0.jpeg\",\"contentUrl\":\"https:\/\/universanimalier.com\/wp-content\/uploads\/2025\/05\/att.NZ8eBOxCc4ApeeJKIuvfPDEO-3z3mtslSAtnV_1JnE0.jpeg\",\"width\":576,\"height\":1024},{\"@type\":\"BreadcrumbList\",\"@id\":\"https:\/\/universanimalier.com\/boutique\/eh-gia-sac-a-dos-ventral-traveller-egg-pockets-black-british-37-1\/#breadcrumb\",\"itemListElement\":[{\"@type\":\"ListItem\",\"position\":1,\"name\":\"Accueil\",\"item\":\"https:\/\/wip.universanimalier.com\/\"},{\"@type\":\"ListItem\",\"position\":2,\"name\":\"Boutique\",\"item\":\"https:\/\/wip.universanimalier.com\/boutique\/\"},{\"@type\":\"ListItem\",\"position\":3,\"name\":\"Eh Gia &#8211; Sac \u00e0 dos\/ventral Traveller Egg Pockets Black British 37\/1\"}]},{\"@type\":\"WebSite\",\"@id\":\"https:\/\/wip.universanimalier.com\/#website\",\"url\":\"https:\/\/wip.universanimalier.com\/\",\"name\":\"L'univers Animalier\",\"description\":\"Le paradis des chiens g\u00e2t\u00e9s !\",\"publisher\":{\"@id\":\"https:\/\/wip.universanimalier.com\/#organization\"},\"potentialAction\":[{\"@type\":\"SearchAction\",\"target\":{\"@type\":\"EntryPoint\",\"urlTemplate\":\"https:\/\/wip.universanimalier.com\/?s={search_term_string}\"},\"query-input\":{\"@type\":\"PropertyValueSpecification\",\"valueRequired\":true,\"valueName\":\"search_term_string\"}}],\"inLanguage\":\"en-US\"},{\"@type\":\"Organization\",\"@id\":\"https:\/\/wip.universanimalier.com\/#organization\",\"name\":\"L'univers Animalier\",\"url\":\"https:\/\/wip.universanimalier.com\/\",\"logo\":{\"@type\":\"ImageObject\",\"inLanguage\":\"en-US\",\"@id\":\"https:\/\/wip.universanimalier.com\/#\/schema\/logo\/image\/\",\"url\":\"https:\/\/universanimalier.com\/wp-content\/uploads\/2021\/06\/logo.jpg\",\"contentUrl\":\"https:\/\/universanimalier.com\/wp-content\/uploads\/2021\/06\/logo.jpg\",\"width\":800,\"height\":200,\"caption\":\"L'univers Animalier\"},\"image\":{\"@id\":\"https:\/\/wip.universanimalier.com\/#\/schema\/logo\/image\/\"},\"sameAs\":[\"https:\/\/www.facebook.com\/lunivers.animalier\"]}]}<\/script>\n<!-- \/ Yoast SEO plugin. -->","yoast_head_json":{"title":"Eh Gia - Sac \u00e0 dos\/ventral Traveller Egg Pockets Black British 37\/1 - L&#039;univers Animalier","description":"Eh Gia - Sac \u00e0 dos\/ventral Traveller Egg Pockets Caramal British 37\/1","robots":{"index":"index","follow":"follow","max-snippet":"max-snippet:-1","max-image-preview":"max-image-preview:large","max-video-preview":"max-video-preview:-1"},"canonical":"https:\/\/universanimalier.com\/en\/boutique\/eh-gia-sac-a-dos-ventral-traveller-egg-pockets-black-british-37-1\/","og_locale":"en_US","og_type":"article","og_title":"Eh Gia - Sac \u00e0 dos\/ventral Traveller Egg Pockets Black British 37\/1 - L&#039;univers Animalier","og_description":"Eh Gia - Sac \u00e0 dos\/ventral Traveller Egg Pockets Caramal British 37\/1","og_url":"https:\/\/universanimalier.com\/en\/boutique\/eh-gia-sac-a-dos-ventral-traveller-egg-pockets-black-british-37-1\/","og_site_name":"L&#039;univers Animalier","article_publisher":"https:\/\/www.facebook.com\/lunivers.animalier","article_modified_time":"2025-06-29T08:11:29+00:00","og_image":[{"width":576,"height":1024,"url":"https:\/\/universanimalier.com\/wp-content\/uploads\/2025\/05\/att.NZ8eBOxCc4ApeeJKIuvfPDEO-3z3mtslSAtnV_1JnE0.jpeg","type":"image\/jpeg"}],"twitter_card":"summary_large_image","twitter_misc":{"Est. reading time":"1 minute"},"schema":{"@context":"https:\/\/schema.org","@graph":[{"@type":"WebPage","@id":"https:\/\/universanimalier.com\/boutique\/eh-gia-sac-a-dos-ventral-traveller-egg-pockets-black-british-37-1\/","url":"https:\/\/universanimalier.com\/boutique\/eh-gia-sac-a-dos-ventral-traveller-egg-pockets-black-british-37-1\/","name":"Eh Gia - Sac \u00e0 dos\/ventral Traveller Egg Pockets Black British 37\/1 - L&#039;univers Animalier","isPartOf":{"@id":"https:\/\/wip.universanimalier.com\/#website"},"primaryImageOfPage":{"@id":"https:\/\/universanimalier.com\/boutique\/eh-gia-sac-a-dos-ventral-traveller-egg-pockets-black-british-37-1\/#primaryimage"},"image":{"@id":"https:\/\/universanimalier.com\/boutique\/eh-gia-sac-a-dos-ventral-traveller-egg-pockets-black-british-37-1\/#primaryimage"},"thumbnailUrl":"https:\/\/universanimalier.com\/wp-content\/uploads\/2025\/05\/att.NZ8eBOxCc4ApeeJKIuvfPDEO-3z3mtslSAtnV_1JnE0.jpeg","datePublished":"2025-05-25T15:38:35+00:00","dateModified":"2025-06-29T08:11:29+00:00","description":"Eh Gia - Sac \u00e0 dos\/ventral Traveller Egg Pockets Caramal British 37\/1","breadcrumb":{"@id":"https:\/\/universanimalier.com\/boutique\/eh-gia-sac-a-dos-ventral-traveller-egg-pockets-black-british-37-1\/#breadcrumb"},"inLanguage":"en-US","potentialAction":[{"@type":"ReadAction","target":["https:\/\/universanimalier.com\/boutique\/eh-gia-sac-a-dos-ventral-traveller-egg-pockets-black-british-37-1\/"]}]},{"@type":"ImageObject","inLanguage":"en-US","@id":"https:\/\/universanimalier.com\/boutique\/eh-gia-sac-a-dos-ventral-traveller-egg-pockets-black-british-37-1\/#primaryimage","url":"https:\/\/universanimalier.com\/wp-content\/uploads\/2025\/05\/att.NZ8eBOxCc4ApeeJKIuvfPDEO-3z3mtslSAtnV_1JnE0.jpeg","contentUrl":"https:\/\/universanimalier.com\/wp-content\/uploads\/2025\/05\/att.NZ8eBOxCc4ApeeJKIuvfPDEO-3z3mtslSAtnV_1JnE0.jpeg","width":576,"height":1024},{"@type":"BreadcrumbList","@id":"https:\/\/universanimalier.com\/boutique\/eh-gia-sac-a-dos-ventral-traveller-egg-pockets-black-british-37-1\/#breadcrumb","itemListElement":[{"@type":"ListItem","position":1,"name":"Accueil","item":"https:\/\/wip.universanimalier.com\/"},{"@type":"ListItem","position":2,"name":"Boutique","item":"https:\/\/wip.universanimalier.com\/boutique\/"},{"@type":"ListItem","position":3,"name":"Eh Gia &#8211; Sac \u00e0 dos\/ventral Traveller Egg Pockets Black British 37\/1"}]},{"@type":"WebSite","@id":"https:\/\/wip.universanimalier.com\/#website","url":"https:\/\/wip.universanimalier.com\/","name":"L'univers Animalier","description":"A paradise for spoiled dogs!","publisher":{"@id":"https:\/\/wip.universanimalier.com\/#organization"},"potentialAction":[{"@type":"SearchAction","target":{"@type":"EntryPoint","urlTemplate":"https:\/\/wip.universanimalier.com\/?s={search_term_string}"},"query-input":{"@type":"PropertyValueSpecification","valueRequired":true,"valueName":"search_term_string"}}],"inLanguage":"en-US"},{"@type":"Organization","@id":"https:\/\/wip.universanimalier.com\/#organization","name":"L'univers Animalier","url":"https:\/\/wip.universanimalier.com\/","logo":{"@type":"ImageObject","inLanguage":"en-US","@id":"https:\/\/wip.universanimalier.com\/#\/schema\/logo\/image\/","url":"https:\/\/universanimalier.com\/wp-content\/uploads\/2021\/06\/logo.jpg","contentUrl":"https:\/\/universanimalier.com\/wp-content\/uploads\/2021\/06\/logo.jpg","width":800,"height":200,"caption":"L'univers Animalier"},"image":{"@id":"https:\/\/wip.universanimalier.com\/#\/schema\/logo\/image\/"},"sameAs":["https:\/\/www.facebook.com\/lunivers.animalier"]}]}},"_links":{"self":[{"href":"https:\/\/universanimalier.com\/en\/wp-json\/wp\/v2\/product\/60462"}],"collection":[{"href":"https:\/\/universanimalier.com\/en\/wp-json\/wp\/v2\/product"}],"about":[{"href":"https:\/\/universanimalier.com\/en\/wp-json\/wp\/v2\/types\/product"}],"wp:featuredmedia":[{"embeddable":true,"href":"https:\/\/universanimalier.com\/en\/wp-json\/wp\/v2\/media\/60463"}],"wp:attachment":[{"href":"https:\/\/universanimalier.com\/en\/wp-json\/wp\/v2\/media?parent=60462"}],"wp:term":[{"taxonomy":"product_brand","embeddable":true,"href":"https:\/\/universanimalier.com\/en\/wp-json\/wp\/v2\/product_brand?post=60462"},{"taxonomy":"product_cat","embeddable":true,"href":"https:\/\/universanimalier.com\/en\/wp-json\/wp\/v2\/product_cat?post=60462"},{"taxonomy":"product_tag","embeddable":true,"href":"https:\/\/universanimalier.com\/en\/wp-json\/wp\/v2\/product_tag?post=60462"}],"curies":[{"name":"wp","href":"https:\/\/api.w.org\/{rel}","templated":true}]}}