{"id":60812,"date":"2025-07-20T10:40:38","date_gmt":"2025-07-20T08:40:38","guid":{"rendered":"https:\/\/universanimalier.com\/?post_type=product&#038;p=60812"},"modified":"2026-01-02T10:23:58","modified_gmt":"2026-01-02T09:23:58","slug":"poussette-dynamic-mocha-4-en-1-avec-panier-amovible","status":"publish","type":"product","link":"https:\/\/universanimalier.com\/en\/boutique\/poussette-dynamic-mocha-4-en-1-avec-panier-amovible\/","title":{"rendered":"Poussette Dynamic Mocha 4 en 1 avec panier amovible"},"content":{"rendered":"<div class=\"mb-3 row\">\n<div class=\"col\">\n<div class=\"mb-3 row\">\n<div class=\"col\">\n<div class=\"description\">\n<p>Poussette \u00ab\u00a0Dynamic\u00a0\u00bb 4 en 1 pratique et confortable!<\/p>\n<ul>\n<li>SYST\u00c8ME DE VOYAGE 4 EN 1 ULTIME\u00a0: La poussette Dynamic Pet est \u00e0 la fois une poussette, un si\u00e8ge auto, un sac de transport et un sac de transport \u00e0 roulettes, ce qui facilite les voyages avec votre compagnon \u00e0 quatre pattes\u00a0!<\/li>\n<li>NOMBREUX RANGEMENTS\u00a0: Avec ses nombreux rangements, dont un grand panier de transport et cinq poches pour nacelle, vous pouvez facilement transporter les essentiels de votre animal partout o\u00f9 vous allez\u00a0!<\/li>\n<li>\u00a0FACILE \u00c0 NETTOYER\u00a0: Le tapis brevet\u00e9 avec coussinet anti-pipi retient les salet\u00e9s et facilite le nettoyage.<\/li>\n<li>BEAUCOUP DE VENTILATION\u00a0: La poussette est dot\u00e9e de fen\u00eatres en maille de qualit\u00e9 pour la visibilit\u00e9 et la circulation de l&rsquo;air, gardant votre animal confortable et au frais pendant le voyage.<\/li>\n<li>S\u00c9CURIT\u00c9 OPTIMALE\u00a0: \u00c9quip\u00e9e de deux laisses r\u00e9glables et de doubles freins arri\u00e8re pour une s\u00e9curit\u00e9 optimale, assurant la s\u00e9curit\u00e9 de votre animal lors de vos d\u00e9placements.<\/li>\n<li><span style=\"color: #555555;\">Id\u00e9ale pour petits chiens et chiens moyens (jusqu\u2019\u00e0 25 kg)<\/span><\/li>\n<li>Voir photos pour toutes ses nombreuses fonctionnalit\u00e9s<\/li>\n<\/ul>\n<\/div>\n<\/div>\n<\/div>\n<\/div>\n<\/div>\n<div class=\"mb-3 row\">\n<div class=\"col\">\n<div class=\"mb-3 row\">\n<div class=\"col\">\n<div class=\"description\"><\/div>\n<\/div>\n<\/div>\n<\/div>\n<\/div>","protected":false},"excerpt":{"rendered":"<div class=\"mb-3 row\">\n<div class=\"col\">\n<div class=\"mb-3 row\">\n<div class=\"col\">\n<div class=\"description\">\n<p>Poussette \u00ab\u00a0Dynamic\u00a0\u00bb 4 en 1 pratique et confortable!<\/p>\n<ul>\n<li>SYST\u00c8ME DE VOYAGE 4 EN 1 ULTIME\u00a0: La poussette Dynamic Pet est \u00e0 la fois une poussette, un si\u00e8ge auto, un sac de transport et un sac de transport \u00e0 roulettes, ce qui facilite les voyages avec votre compagnon \u00e0 quatre pattes\u00a0!<\/li>\n<li>NOMBREUX RANGEMENTS\u00a0: Avec ses nombreux rangements, dont un grand panier de transport et cinq poches pour nacelle, vous pouvez facilement transporter les essentiels de votre animal partout o\u00f9 vous allez\u00a0!<\/li>\n<li>\u00a0FACILE \u00c0 NETTOYER\u00a0: Le tapis brevet\u00e9 avec coussinet anti-pipi retient les salet\u00e9s et facilite le nettoyage.<\/li>\n<li>BEAUCOUP DE VENTILATION\u00a0: La poussette est dot\u00e9e de fen\u00eatres en maille de qualit\u00e9 pour la visibilit\u00e9 et la circulation de l&rsquo;air, gardant votre animal confortable et au frais pendant le voyage.<\/li>\n<li>S\u00c9CURIT\u00c9 OPTIMALE\u00a0: \u00c9quip\u00e9e de deux laisses r\u00e9glables et de doubles freins arri\u00e8re pour une s\u00e9curit\u00e9 optimale, assurant la s\u00e9curit\u00e9 de votre animal lors de vos d\u00e9placements.<\/li>\n<li><span style=\"color: #555555;\">Id\u00e9ale pour petits chiens et chiens moyens (jusqu\u2019\u00e0 25 kg)<\/span><\/li>\n<li>Voir photos pour toutes ses nombreuses fonctionnalit\u00e9s<\/li>\n<\/ul>\n<\/div>\n<\/div>\n<\/div>\n<\/div>\n<\/div>\n<div class=\"mb-3 row\">\n<div class=\"col\">\n<div class=\"mb-3 row\">\n<div class=\"col\">\n<div class=\"description\"><\/div>\n<\/div>\n<\/div>\n<\/div>\n<\/div>","protected":false},"featured_media":60815,"template":"","meta":[],"product_brand":[],"product_cat":[5134,73],"product_tag":[218,3079,8894,3114,6240,6239,2325,9201,2518],"class_list":{"0":"post-60812","1":"product","2":"type-product","3":"status-publish","4":"has-post-thumbnail","6":"product_cat-en-balade","7":"product_cat-poussette","8":"product_tag-poussette","9":"product_tag-poussette-grise","10":"product_tag-poussette-grise-4-roues","11":"product_tag-poussette-noire","12":"product_tag-poussette-noire-pour-chien","13":"product_tag-poussette-pour-chat","14":"product_tag-poussette-pour-chien","15":"product_tag-poussette-trailblazer-jogger-space-grey","16":"product_tag-stroller","18":"first","19":"instock","20":"shipping-taxable","21":"purchasable","22":"product-type-simple"},"yoast_head":"<!-- This site is optimized with the Yoast SEO plugin v25.5 - https:\/\/yoast.com\/wordpress\/plugins\/seo\/ -->\n<title>Poussette Dynamic Mocha 4 en 1 avec panier amovible - L&#039;univers Animalier<\/title>\n<meta name=\"description\" content=\"Poussette noire pour chien et chat\" \/>\n<meta name=\"robots\" content=\"index, follow, max-snippet:-1, max-image-preview:large, max-video-preview:-1\" \/>\n<link rel=\"canonical\" href=\"https:\/\/universanimalier.com\/en\/boutique\/poussette-dynamic-mocha-4-en-1-avec-panier-amovible\/\" \/>\n<meta property=\"og:locale\" content=\"en_US\" \/>\n<meta property=\"og:type\" content=\"article\" \/>\n<meta property=\"og:title\" content=\"Poussette Dynamic Mocha 4 en 1 avec panier amovible - L&#039;univers Animalier\" \/>\n<meta property=\"og:description\" content=\"Poussette noire pour chien et chat\" \/>\n<meta property=\"og:url\" content=\"https:\/\/universanimalier.com\/en\/boutique\/poussette-dynamic-mocha-4-en-1-avec-panier-amovible\/\" \/>\n<meta property=\"og:site_name\" content=\"L&#039;univers Animalier\" \/>\n<meta property=\"article:publisher\" content=\"https:\/\/www.facebook.com\/lunivers.animalier\" \/>\n<meta property=\"article:modified_time\" content=\"2026-01-02T09:23:58+00:00\" \/>\n<meta property=\"og:image\" content=\"https:\/\/universanimalier.com\/wp-content\/uploads\/2025\/07\/84d515e9582383fec0cae73cea37b94d7d1586b6268f9dca156aa9ce1b0f22d9.webp\" \/>\n\t<meta property=\"og:image:width\" content=\"968\" \/>\n\t<meta property=\"og:image:height\" content=\"1164\" \/>\n\t<meta property=\"og:image:type\" content=\"image\/webp\" \/>\n<meta name=\"twitter:card\" content=\"summary_large_image\" \/>\n<meta name=\"twitter:label1\" content=\"Est. reading time\" \/>\n\t<meta name=\"twitter:data1\" content=\"1 minute\" \/>\n<script type=\"application\/ld+json\" class=\"yoast-schema-graph\">{\"@context\":\"https:\/\/schema.org\",\"@graph\":[{\"@type\":\"WebPage\",\"@id\":\"https:\/\/universanimalier.com\/boutique\/poussette-dynamic-mocha-4-en-1-avec-panier-amovible\/\",\"url\":\"https:\/\/universanimalier.com\/boutique\/poussette-dynamic-mocha-4-en-1-avec-panier-amovible\/\",\"name\":\"Poussette Dynamic Mocha 4 en 1 avec panier amovible - L&#039;univers Animalier\",\"isPartOf\":{\"@id\":\"https:\/\/wip.universanimalier.com\/#website\"},\"primaryImageOfPage\":{\"@id\":\"https:\/\/universanimalier.com\/boutique\/poussette-dynamic-mocha-4-en-1-avec-panier-amovible\/#primaryimage\"},\"image\":{\"@id\":\"https:\/\/universanimalier.com\/boutique\/poussette-dynamic-mocha-4-en-1-avec-panier-amovible\/#primaryimage\"},\"thumbnailUrl\":\"https:\/\/universanimalier.com\/wp-content\/uploads\/2025\/07\/84d515e9582383fec0cae73cea37b94d7d1586b6268f9dca156aa9ce1b0f22d9.webp\",\"datePublished\":\"2025-07-20T08:40:38+00:00\",\"dateModified\":\"2026-01-02T09:23:58+00:00\",\"description\":\"Poussette noire pour chien et chat\",\"breadcrumb\":{\"@id\":\"https:\/\/universanimalier.com\/boutique\/poussette-dynamic-mocha-4-en-1-avec-panier-amovible\/#breadcrumb\"},\"inLanguage\":\"en-US\",\"potentialAction\":[{\"@type\":\"ReadAction\",\"target\":[\"https:\/\/universanimalier.com\/boutique\/poussette-dynamic-mocha-4-en-1-avec-panier-amovible\/\"]}]},{\"@type\":\"ImageObject\",\"inLanguage\":\"en-US\",\"@id\":\"https:\/\/universanimalier.com\/boutique\/poussette-dynamic-mocha-4-en-1-avec-panier-amovible\/#primaryimage\",\"url\":\"https:\/\/universanimalier.com\/wp-content\/uploads\/2025\/07\/84d515e9582383fec0cae73cea37b94d7d1586b6268f9dca156aa9ce1b0f22d9.webp\",\"contentUrl\":\"https:\/\/universanimalier.com\/wp-content\/uploads\/2025\/07\/84d515e9582383fec0cae73cea37b94d7d1586b6268f9dca156aa9ce1b0f22d9.webp\",\"width\":968,\"height\":1164},{\"@type\":\"BreadcrumbList\",\"@id\":\"https:\/\/universanimalier.com\/boutique\/poussette-dynamic-mocha-4-en-1-avec-panier-amovible\/#breadcrumb\",\"itemListElement\":[{\"@type\":\"ListItem\",\"position\":1,\"name\":\"Accueil\",\"item\":\"https:\/\/wip.universanimalier.com\/\"},{\"@type\":\"ListItem\",\"position\":2,\"name\":\"Boutique\",\"item\":\"https:\/\/wip.universanimalier.com\/boutique\/\"},{\"@type\":\"ListItem\",\"position\":3,\"name\":\"Poussette Dynamic Mocha 4 en 1 avec panier amovible\"}]},{\"@type\":\"WebSite\",\"@id\":\"https:\/\/wip.universanimalier.com\/#website\",\"url\":\"https:\/\/wip.universanimalier.com\/\",\"name\":\"L'univers Animalier\",\"description\":\"Le paradis des chiens g\u00e2t\u00e9s !\",\"publisher\":{\"@id\":\"https:\/\/wip.universanimalier.com\/#organization\"},\"potentialAction\":[{\"@type\":\"SearchAction\",\"target\":{\"@type\":\"EntryPoint\",\"urlTemplate\":\"https:\/\/wip.universanimalier.com\/?s={search_term_string}\"},\"query-input\":{\"@type\":\"PropertyValueSpecification\",\"valueRequired\":true,\"valueName\":\"search_term_string\"}}],\"inLanguage\":\"en-US\"},{\"@type\":\"Organization\",\"@id\":\"https:\/\/wip.universanimalier.com\/#organization\",\"name\":\"L'univers Animalier\",\"url\":\"https:\/\/wip.universanimalier.com\/\",\"logo\":{\"@type\":\"ImageObject\",\"inLanguage\":\"en-US\",\"@id\":\"https:\/\/wip.universanimalier.com\/#\/schema\/logo\/image\/\",\"url\":\"https:\/\/universanimalier.com\/wp-content\/uploads\/2021\/06\/logo.jpg\",\"contentUrl\":\"https:\/\/universanimalier.com\/wp-content\/uploads\/2021\/06\/logo.jpg\",\"width\":800,\"height\":200,\"caption\":\"L'univers Animalier\"},\"image\":{\"@id\":\"https:\/\/wip.universanimalier.com\/#\/schema\/logo\/image\/\"},\"sameAs\":[\"https:\/\/www.facebook.com\/lunivers.animalier\"]}]}<\/script>\n<!-- \/ Yoast SEO plugin. -->","yoast_head_json":{"title":"Poussette Dynamic Mocha 4 en 1 avec panier amovible - L&#039;univers Animalier","description":"Poussette noire pour chien et chat","robots":{"index":"index","follow":"follow","max-snippet":"max-snippet:-1","max-image-preview":"max-image-preview:large","max-video-preview":"max-video-preview:-1"},"canonical":"https:\/\/universanimalier.com\/en\/boutique\/poussette-dynamic-mocha-4-en-1-avec-panier-amovible\/","og_locale":"en_US","og_type":"article","og_title":"Poussette Dynamic Mocha 4 en 1 avec panier amovible - L&#039;univers Animalier","og_description":"Poussette noire pour chien et chat","og_url":"https:\/\/universanimalier.com\/en\/boutique\/poussette-dynamic-mocha-4-en-1-avec-panier-amovible\/","og_site_name":"L&#039;univers Animalier","article_publisher":"https:\/\/www.facebook.com\/lunivers.animalier","article_modified_time":"2026-01-02T09:23:58+00:00","og_image":[{"width":968,"height":1164,"url":"https:\/\/universanimalier.com\/wp-content\/uploads\/2025\/07\/84d515e9582383fec0cae73cea37b94d7d1586b6268f9dca156aa9ce1b0f22d9.webp","type":"image\/webp"}],"twitter_card":"summary_large_image","twitter_misc":{"Est. reading time":"1 minute"},"schema":{"@context":"https:\/\/schema.org","@graph":[{"@type":"WebPage","@id":"https:\/\/universanimalier.com\/boutique\/poussette-dynamic-mocha-4-en-1-avec-panier-amovible\/","url":"https:\/\/universanimalier.com\/boutique\/poussette-dynamic-mocha-4-en-1-avec-panier-amovible\/","name":"Poussette Dynamic Mocha 4 en 1 avec panier amovible - L&#039;univers Animalier","isPartOf":{"@id":"https:\/\/wip.universanimalier.com\/#website"},"primaryImageOfPage":{"@id":"https:\/\/universanimalier.com\/boutique\/poussette-dynamic-mocha-4-en-1-avec-panier-amovible\/#primaryimage"},"image":{"@id":"https:\/\/universanimalier.com\/boutique\/poussette-dynamic-mocha-4-en-1-avec-panier-amovible\/#primaryimage"},"thumbnailUrl":"https:\/\/universanimalier.com\/wp-content\/uploads\/2025\/07\/84d515e9582383fec0cae73cea37b94d7d1586b6268f9dca156aa9ce1b0f22d9.webp","datePublished":"2025-07-20T08:40:38+00:00","dateModified":"2026-01-02T09:23:58+00:00","description":"Poussette noire pour chien et chat","breadcrumb":{"@id":"https:\/\/universanimalier.com\/boutique\/poussette-dynamic-mocha-4-en-1-avec-panier-amovible\/#breadcrumb"},"inLanguage":"en-US","potentialAction":[{"@type":"ReadAction","target":["https:\/\/universanimalier.com\/boutique\/poussette-dynamic-mocha-4-en-1-avec-panier-amovible\/"]}]},{"@type":"ImageObject","inLanguage":"en-US","@id":"https:\/\/universanimalier.com\/boutique\/poussette-dynamic-mocha-4-en-1-avec-panier-amovible\/#primaryimage","url":"https:\/\/universanimalier.com\/wp-content\/uploads\/2025\/07\/84d515e9582383fec0cae73cea37b94d7d1586b6268f9dca156aa9ce1b0f22d9.webp","contentUrl":"https:\/\/universanimalier.com\/wp-content\/uploads\/2025\/07\/84d515e9582383fec0cae73cea37b94d7d1586b6268f9dca156aa9ce1b0f22d9.webp","width":968,"height":1164},{"@type":"BreadcrumbList","@id":"https:\/\/universanimalier.com\/boutique\/poussette-dynamic-mocha-4-en-1-avec-panier-amovible\/#breadcrumb","itemListElement":[{"@type":"ListItem","position":1,"name":"Accueil","item":"https:\/\/wip.universanimalier.com\/"},{"@type":"ListItem","position":2,"name":"Boutique","item":"https:\/\/wip.universanimalier.com\/boutique\/"},{"@type":"ListItem","position":3,"name":"Poussette Dynamic Mocha 4 en 1 avec panier amovible"}]},{"@type":"WebSite","@id":"https:\/\/wip.universanimalier.com\/#website","url":"https:\/\/wip.universanimalier.com\/","name":"L'univers Animalier","description":"A paradise for spoiled dogs!","publisher":{"@id":"https:\/\/wip.universanimalier.com\/#organization"},"potentialAction":[{"@type":"SearchAction","target":{"@type":"EntryPoint","urlTemplate":"https:\/\/wip.universanimalier.com\/?s={search_term_string}"},"query-input":{"@type":"PropertyValueSpecification","valueRequired":true,"valueName":"search_term_string"}}],"inLanguage":"en-US"},{"@type":"Organization","@id":"https:\/\/wip.universanimalier.com\/#organization","name":"L'univers Animalier","url":"https:\/\/wip.universanimalier.com\/","logo":{"@type":"ImageObject","inLanguage":"en-US","@id":"https:\/\/wip.universanimalier.com\/#\/schema\/logo\/image\/","url":"https:\/\/universanimalier.com\/wp-content\/uploads\/2021\/06\/logo.jpg","contentUrl":"https:\/\/universanimalier.com\/wp-content\/uploads\/2021\/06\/logo.jpg","width":800,"height":200,"caption":"L'univers Animalier"},"image":{"@id":"https:\/\/wip.universanimalier.com\/#\/schema\/logo\/image\/"},"sameAs":["https:\/\/www.facebook.com\/lunivers.animalier"]}]}},"_links":{"self":[{"href":"https:\/\/universanimalier.com\/en\/wp-json\/wp\/v2\/product\/60812"}],"collection":[{"href":"https:\/\/universanimalier.com\/en\/wp-json\/wp\/v2\/product"}],"about":[{"href":"https:\/\/universanimalier.com\/en\/wp-json\/wp\/v2\/types\/product"}],"wp:featuredmedia":[{"embeddable":true,"href":"https:\/\/universanimalier.com\/en\/wp-json\/wp\/v2\/media\/60815"}],"wp:attachment":[{"href":"https:\/\/universanimalier.com\/en\/wp-json\/wp\/v2\/media?parent=60812"}],"wp:term":[{"taxonomy":"product_brand","embeddable":true,"href":"https:\/\/universanimalier.com\/en\/wp-json\/wp\/v2\/product_brand?post=60812"},{"taxonomy":"product_cat","embeddable":true,"href":"https:\/\/universanimalier.com\/en\/wp-json\/wp\/v2\/product_cat?post=60812"},{"taxonomy":"product_tag","embeddable":true,"href":"https:\/\/universanimalier.com\/en\/wp-json\/wp\/v2\/product_tag?post=60812"}],"curies":[{"name":"wp","href":"https:\/\/api.w.org\/{rel}","templated":true}]}}