{"id":60923,"date":"2025-09-02T21:45:42","date_gmt":"2025-09-02T19:45:42","guid":{"rendered":"https:\/\/universanimalier.com\/?post_type=product&#038;p=60923"},"modified":"2025-10-31T11:52:41","modified_gmt":"2025-10-31T10:52:41","slug":"manufaktur-sweet-crunchy-bit-friandises-ambiance-estivale","status":"publish","type":"product","link":"https:\/\/universanimalier.com\/en\/boutique\/manufaktur-sweet-crunchy-bit-friandises-ambiance-estivale\/","title":{"rendered":"Manufaktur Sweet Crunchy Bit &#8211; Friandises Ambiance Estivale"},"content":{"rendered":"<p>Friandise naturelle et faite main pour chiens, go\u00fbt panse &amp; lait,\u00a0en forme de petits \u00e9l\u00e9ments d&rsquo;\u00e9t\u00e9.<\/p>\n<p>Vendu \u00e0 la pi\u00e8ce.<\/p>","protected":false},"excerpt":{"rendered":"<p>Friandise naturelle et faite main pour chiens, go\u00fbt panse &amp; lait,\u00a0en forme de petits \u00e9l\u00e9ments d&rsquo;\u00e9t\u00e9.<\/p>\n<p>Vendu \u00e0 la pi\u00e8ce.<\/p>\n<p>Vous aurez la surprise de la forme choisie dans votre colis \ud83d\ude42<\/p>","protected":false},"featured_media":60922,"template":"","meta":[],"product_brand":[],"product_cat":[9271,9065,593,267],"product_tag":[9017,9019,4701,9018],"class_list":{"0":"post-60923","1":"product","2":"type-product","3":"status-publish","4":"has-post-thumbnail","6":"product_cat-automne-hiver-2025","7":"product_cat-printemps-ete-2025","8":"product_cat-a-table","9":"product_cat-friandises","10":"product_tag-manufaktur-sweet-crunchy-bit-sucette-en-forme-de-coeurs","11":"product_tag-saint-valentin-pour-chien","12":"product_tag-saint-valentin","13":"product_tag-sucette-pour-chien","15":"first","16":"instock","17":"shipping-taxable","18":"purchasable","19":"product-type-simple"},"yoast_head":"<!-- This site is optimized with the Yoast SEO plugin v25.5 - https:\/\/yoast.com\/wordpress\/plugins\/seo\/ -->\n<title>Manufaktur Sweet Crunchy Bit - Friandises Ambiance Estivale - L&#039;univers Animalier<\/title>\n<meta name=\"description\" content=\"Manufaktur Sweet Crunchy Bit - Sucette pour chien en forme de fleur\" \/>\n<meta name=\"robots\" content=\"index, follow, max-snippet:-1, max-image-preview:large, max-video-preview:-1\" \/>\n<link rel=\"canonical\" href=\"https:\/\/universanimalier.com\/en\/boutique\/manufaktur-sweet-crunchy-bit-friandises-ambiance-estivale\/\" \/>\n<meta property=\"og:locale\" content=\"en_US\" \/>\n<meta property=\"og:type\" content=\"article\" \/>\n<meta property=\"og:title\" content=\"Manufaktur Sweet Crunchy Bit - Friandises Ambiance Estivale - L&#039;univers Animalier\" \/>\n<meta property=\"og:description\" content=\"Manufaktur Sweet Crunchy Bit - Sucette pour chien en forme de fleur\" \/>\n<meta property=\"og:url\" content=\"https:\/\/universanimalier.com\/en\/boutique\/manufaktur-sweet-crunchy-bit-friandises-ambiance-estivale\/\" \/>\n<meta property=\"og:site_name\" content=\"L&#039;univers Animalier\" \/>\n<meta property=\"article:publisher\" content=\"https:\/\/www.facebook.com\/lunivers.animalier\" \/>\n<meta property=\"article:modified_time\" content=\"2025-10-31T10:52:41+00:00\" \/>\n<meta property=\"og:image\" content=\"https:\/\/universanimalier.com\/wp-content\/uploads\/2025\/09\/IMG_6101.jpeg\" \/>\n\t<meta property=\"og:image:width\" content=\"852\" \/>\n\t<meta property=\"og:image:height\" content=\"852\" \/>\n\t<meta property=\"og:image:type\" content=\"image\/jpeg\" \/>\n<meta name=\"twitter:card\" content=\"summary_large_image\" \/>\n<meta name=\"twitter:label1\" content=\"Est. reading time\" \/>\n\t<meta name=\"twitter:data1\" content=\"1 minute\" \/>\n<script type=\"application\/ld+json\" class=\"yoast-schema-graph\">{\"@context\":\"https:\/\/schema.org\",\"@graph\":[{\"@type\":\"WebPage\",\"@id\":\"https:\/\/universanimalier.com\/boutique\/manufaktur-sweet-crunchy-bit-friandises-ambiance-estivale\/\",\"url\":\"https:\/\/universanimalier.com\/boutique\/manufaktur-sweet-crunchy-bit-friandises-ambiance-estivale\/\",\"name\":\"Manufaktur Sweet Crunchy Bit - Friandises Ambiance Estivale - L&#039;univers Animalier\",\"isPartOf\":{\"@id\":\"https:\/\/wip.universanimalier.com\/#website\"},\"primaryImageOfPage\":{\"@id\":\"https:\/\/universanimalier.com\/boutique\/manufaktur-sweet-crunchy-bit-friandises-ambiance-estivale\/#primaryimage\"},\"image\":{\"@id\":\"https:\/\/universanimalier.com\/boutique\/manufaktur-sweet-crunchy-bit-friandises-ambiance-estivale\/#primaryimage\"},\"thumbnailUrl\":\"https:\/\/universanimalier.com\/wp-content\/uploads\/2025\/09\/IMG_6101.jpeg\",\"datePublished\":\"2025-09-02T19:45:42+00:00\",\"dateModified\":\"2025-10-31T10:52:41+00:00\",\"description\":\"Manufaktur Sweet Crunchy Bit - Sucette pour chien en forme de fleur\",\"breadcrumb\":{\"@id\":\"https:\/\/universanimalier.com\/boutique\/manufaktur-sweet-crunchy-bit-friandises-ambiance-estivale\/#breadcrumb\"},\"inLanguage\":\"en-US\",\"potentialAction\":[{\"@type\":\"ReadAction\",\"target\":[\"https:\/\/universanimalier.com\/boutique\/manufaktur-sweet-crunchy-bit-friandises-ambiance-estivale\/\"]}]},{\"@type\":\"ImageObject\",\"inLanguage\":\"en-US\",\"@id\":\"https:\/\/universanimalier.com\/boutique\/manufaktur-sweet-crunchy-bit-friandises-ambiance-estivale\/#primaryimage\",\"url\":\"https:\/\/universanimalier.com\/wp-content\/uploads\/2025\/09\/IMG_6101.jpeg\",\"contentUrl\":\"https:\/\/universanimalier.com\/wp-content\/uploads\/2025\/09\/IMG_6101.jpeg\",\"width\":852,\"height\":852},{\"@type\":\"BreadcrumbList\",\"@id\":\"https:\/\/universanimalier.com\/boutique\/manufaktur-sweet-crunchy-bit-friandises-ambiance-estivale\/#breadcrumb\",\"itemListElement\":[{\"@type\":\"ListItem\",\"position\":1,\"name\":\"Accueil\",\"item\":\"https:\/\/wip.universanimalier.com\/\"},{\"@type\":\"ListItem\",\"position\":2,\"name\":\"Boutique\",\"item\":\"https:\/\/wip.universanimalier.com\/boutique\/\"},{\"@type\":\"ListItem\",\"position\":3,\"name\":\"Manufaktur Sweet Crunchy Bit &#8211; Friandises Ambiance Estivale\"}]},{\"@type\":\"WebSite\",\"@id\":\"https:\/\/wip.universanimalier.com\/#website\",\"url\":\"https:\/\/wip.universanimalier.com\/\",\"name\":\"L'univers Animalier\",\"description\":\"Le paradis des chiens g\u00e2t\u00e9s !\",\"publisher\":{\"@id\":\"https:\/\/wip.universanimalier.com\/#organization\"},\"potentialAction\":[{\"@type\":\"SearchAction\",\"target\":{\"@type\":\"EntryPoint\",\"urlTemplate\":\"https:\/\/wip.universanimalier.com\/?s={search_term_string}\"},\"query-input\":{\"@type\":\"PropertyValueSpecification\",\"valueRequired\":true,\"valueName\":\"search_term_string\"}}],\"inLanguage\":\"en-US\"},{\"@type\":\"Organization\",\"@id\":\"https:\/\/wip.universanimalier.com\/#organization\",\"name\":\"L'univers Animalier\",\"url\":\"https:\/\/wip.universanimalier.com\/\",\"logo\":{\"@type\":\"ImageObject\",\"inLanguage\":\"en-US\",\"@id\":\"https:\/\/wip.universanimalier.com\/#\/schema\/logo\/image\/\",\"url\":\"https:\/\/universanimalier.com\/wp-content\/uploads\/2021\/06\/logo.jpg\",\"contentUrl\":\"https:\/\/universanimalier.com\/wp-content\/uploads\/2021\/06\/logo.jpg\",\"width\":800,\"height\":200,\"caption\":\"L'univers Animalier\"},\"image\":{\"@id\":\"https:\/\/wip.universanimalier.com\/#\/schema\/logo\/image\/\"},\"sameAs\":[\"https:\/\/www.facebook.com\/lunivers.animalier\"]}]}<\/script>\n<!-- \/ Yoast SEO plugin. -->","yoast_head_json":{"title":"Manufaktur Sweet Crunchy Bit - Friandises Ambiance Estivale - L&#039;univers Animalier","description":"Manufaktur Sweet Crunchy Bit - Sucette pour chien en forme de fleur","robots":{"index":"index","follow":"follow","max-snippet":"max-snippet:-1","max-image-preview":"max-image-preview:large","max-video-preview":"max-video-preview:-1"},"canonical":"https:\/\/universanimalier.com\/en\/boutique\/manufaktur-sweet-crunchy-bit-friandises-ambiance-estivale\/","og_locale":"en_US","og_type":"article","og_title":"Manufaktur Sweet Crunchy Bit - Friandises Ambiance Estivale - L&#039;univers Animalier","og_description":"Manufaktur Sweet Crunchy Bit - Sucette pour chien en forme de fleur","og_url":"https:\/\/universanimalier.com\/en\/boutique\/manufaktur-sweet-crunchy-bit-friandises-ambiance-estivale\/","og_site_name":"L&#039;univers Animalier","article_publisher":"https:\/\/www.facebook.com\/lunivers.animalier","article_modified_time":"2025-10-31T10:52:41+00:00","og_image":[{"width":852,"height":852,"url":"https:\/\/universanimalier.com\/wp-content\/uploads\/2025\/09\/IMG_6101.jpeg","type":"image\/jpeg"}],"twitter_card":"summary_large_image","twitter_misc":{"Est. reading time":"1 minute"},"schema":{"@context":"https:\/\/schema.org","@graph":[{"@type":"WebPage","@id":"https:\/\/universanimalier.com\/boutique\/manufaktur-sweet-crunchy-bit-friandises-ambiance-estivale\/","url":"https:\/\/universanimalier.com\/boutique\/manufaktur-sweet-crunchy-bit-friandises-ambiance-estivale\/","name":"Manufaktur Sweet Crunchy Bit - Friandises Ambiance Estivale - L&#039;univers Animalier","isPartOf":{"@id":"https:\/\/wip.universanimalier.com\/#website"},"primaryImageOfPage":{"@id":"https:\/\/universanimalier.com\/boutique\/manufaktur-sweet-crunchy-bit-friandises-ambiance-estivale\/#primaryimage"},"image":{"@id":"https:\/\/universanimalier.com\/boutique\/manufaktur-sweet-crunchy-bit-friandises-ambiance-estivale\/#primaryimage"},"thumbnailUrl":"https:\/\/universanimalier.com\/wp-content\/uploads\/2025\/09\/IMG_6101.jpeg","datePublished":"2025-09-02T19:45:42+00:00","dateModified":"2025-10-31T10:52:41+00:00","description":"Manufaktur Sweet Crunchy Bit - Sucette pour chien en forme de fleur","breadcrumb":{"@id":"https:\/\/universanimalier.com\/boutique\/manufaktur-sweet-crunchy-bit-friandises-ambiance-estivale\/#breadcrumb"},"inLanguage":"en-US","potentialAction":[{"@type":"ReadAction","target":["https:\/\/universanimalier.com\/boutique\/manufaktur-sweet-crunchy-bit-friandises-ambiance-estivale\/"]}]},{"@type":"ImageObject","inLanguage":"en-US","@id":"https:\/\/universanimalier.com\/boutique\/manufaktur-sweet-crunchy-bit-friandises-ambiance-estivale\/#primaryimage","url":"https:\/\/universanimalier.com\/wp-content\/uploads\/2025\/09\/IMG_6101.jpeg","contentUrl":"https:\/\/universanimalier.com\/wp-content\/uploads\/2025\/09\/IMG_6101.jpeg","width":852,"height":852},{"@type":"BreadcrumbList","@id":"https:\/\/universanimalier.com\/boutique\/manufaktur-sweet-crunchy-bit-friandises-ambiance-estivale\/#breadcrumb","itemListElement":[{"@type":"ListItem","position":1,"name":"Accueil","item":"https:\/\/wip.universanimalier.com\/"},{"@type":"ListItem","position":2,"name":"Boutique","item":"https:\/\/wip.universanimalier.com\/boutique\/"},{"@type":"ListItem","position":3,"name":"Manufaktur Sweet Crunchy Bit &#8211; Friandises Ambiance Estivale"}]},{"@type":"WebSite","@id":"https:\/\/wip.universanimalier.com\/#website","url":"https:\/\/wip.universanimalier.com\/","name":"L'univers Animalier","description":"A paradise for spoiled dogs!","publisher":{"@id":"https:\/\/wip.universanimalier.com\/#organization"},"potentialAction":[{"@type":"SearchAction","target":{"@type":"EntryPoint","urlTemplate":"https:\/\/wip.universanimalier.com\/?s={search_term_string}"},"query-input":{"@type":"PropertyValueSpecification","valueRequired":true,"valueName":"search_term_string"}}],"inLanguage":"en-US"},{"@type":"Organization","@id":"https:\/\/wip.universanimalier.com\/#organization","name":"L'univers Animalier","url":"https:\/\/wip.universanimalier.com\/","logo":{"@type":"ImageObject","inLanguage":"en-US","@id":"https:\/\/wip.universanimalier.com\/#\/schema\/logo\/image\/","url":"https:\/\/universanimalier.com\/wp-content\/uploads\/2021\/06\/logo.jpg","contentUrl":"https:\/\/universanimalier.com\/wp-content\/uploads\/2021\/06\/logo.jpg","width":800,"height":200,"caption":"L'univers Animalier"},"image":{"@id":"https:\/\/wip.universanimalier.com\/#\/schema\/logo\/image\/"},"sameAs":["https:\/\/www.facebook.com\/lunivers.animalier"]}]}},"_links":{"self":[{"href":"https:\/\/universanimalier.com\/en\/wp-json\/wp\/v2\/product\/60923"}],"collection":[{"href":"https:\/\/universanimalier.com\/en\/wp-json\/wp\/v2\/product"}],"about":[{"href":"https:\/\/universanimalier.com\/en\/wp-json\/wp\/v2\/types\/product"}],"wp:featuredmedia":[{"embeddable":true,"href":"https:\/\/universanimalier.com\/en\/wp-json\/wp\/v2\/media\/60922"}],"wp:attachment":[{"href":"https:\/\/universanimalier.com\/en\/wp-json\/wp\/v2\/media?parent=60923"}],"wp:term":[{"taxonomy":"product_brand","embeddable":true,"href":"https:\/\/universanimalier.com\/en\/wp-json\/wp\/v2\/product_brand?post=60923"},{"taxonomy":"product_cat","embeddable":true,"href":"https:\/\/universanimalier.com\/en\/wp-json\/wp\/v2\/product_cat?post=60923"},{"taxonomy":"product_tag","embeddable":true,"href":"https:\/\/universanimalier.com\/en\/wp-json\/wp\/v2\/product_tag?post=60923"}],"curies":[{"name":"wp","href":"https:\/\/api.w.org\/{rel}","templated":true}]}}