{"id":61159,"date":"2025-09-28T09:16:27","date_gmt":"2025-09-28T07:16:27","guid":{"rendered":"https:\/\/universanimalier.com\/?post_type=product&#038;p=61159"},"modified":"2026-02-01T06:53:57","modified_gmt":"2026-02-01T05:53:57","slug":"for-pets-only-laisse-crystal-babe-silver","status":"publish","type":"product","link":"https:\/\/universanimalier.com\/en\/boutique\/for-pets-only-laisse-crystal-babe-silver\/","title":{"rendered":"For Pets Only &#8211; Laisse Crystal Babe Silver"},"content":{"rendered":"<p id=\"tw-target-text\" class=\"tw-data-text tw-text-large tw-ta\" dir=\"ltr\" data-placeholder=\"Traduction\"><span class=\"Y2IQFc\" lang=\"fr\">Magnifique laisse toute scintillante, orn\u00e9e de petits cristaux.<\/span><\/p>\n<p dir=\"ltr\" data-placeholder=\"Traduction\"><em>To match with <a href=\"https:\/\/universanimalier.com\/en\/boutique\/for-pets-only-collier-crystal-babe-silver\/\">collier Crystal Babe<\/a>.<\/em><\/p>\n<p id=\"tw-target-text\" class=\"tw-data-text tw-text-large tw-ta\" dir=\"ltr\" tabindex=\"-1\" role=\"text\" data-placeholder=\"Traduction\" data-ved=\"2ahUKEwjAl4iF9fqPAxX0U6QEHXksN-IQ3ewLegQIChAV\" aria-label=\"Texte traduit\u00a0: Stocker \u00e0 plat, ne pas enrouler la laisse lorsqu'elle n'est pas utilis\u00e9e : la mati\u00e8re se cristallise et risque de s'ab\u00eemer.\"><span class=\"Y2IQFc\" lang=\"fr\">Note: Stocker \u00e0 plat, ne pas enrouler la laisse lorsqu&rsquo;elle n&rsquo;est pas utilis\u00e9e : la mati\u00e8re se cristallise et risque de s&rsquo;ab\u00eemer.<\/span><\/p>","protected":false},"excerpt":{"rendered":"<p id=\"tw-target-text\" class=\"tw-data-text tw-text-large tw-ta\" dir=\"ltr\" data-placeholder=\"Traduction\"><span class=\"Y2IQFc\" lang=\"fr\">Magnifique laisse toute scintillante, orn\u00e9e de petits cristaux.<\/span><\/p>\n<p dir=\"ltr\" data-placeholder=\"Traduction\"><em>To match with <a href=\"https:\/\/universanimalier.com\/en\/boutique\/for-pets-only-collier-crystal-babe-silver\/\">collier Crystal Babe<\/a>.<\/em><\/p>\n<p id=\"tw-target-text\" class=\"tw-data-text tw-text-large tw-ta\" dir=\"ltr\" tabindex=\"-1\" role=\"text\" data-placeholder=\"Traduction\" data-ved=\"2ahUKEwjAl4iF9fqPAxX0U6QEHXksN-IQ3ewLegQIChAV\" aria-label=\"Texte traduit\u00a0: Stocker \u00e0 plat, ne pas enrouler la laisse lorsqu'elle n'est pas utilis\u00e9e : la mati\u00e8re se cristallise et risque de s'ab\u00eemer.\"><span class=\"Y2IQFc\" lang=\"fr\">Note: Stocker \u00e0 plat, ne pas enrouler la laisse lorsqu&rsquo;elle n&rsquo;est pas utilis\u00e9e : la mati\u00e8re se cristallise et risque de s&rsquo;ab\u00eemer.<\/span><\/p>","protected":false},"featured_media":60970,"template":"","meta":[],"product_brand":[],"product_cat":[9271,5134,54],"product_tag":[12,140,3310,9205,9204,9206],"class_list":{"0":"post-61159","1":"product","2":"type-product","3":"status-publish","4":"has-post-thumbnail","6":"product_cat-automne-hiver-2025","7":"product_cat-en-balade","8":"product_cat-laisses","9":"product_tag-for-pets-only","10":"product_tag-fpo","11":"product_tag-laisse-argentee","12":"product_tag-laisse-brillante","13":"product_tag-laisse-crystal-babe","14":"product_tag-sparkling-leash","16":"first","17":"outofstock","18":"shipping-taxable","19":"purchasable","20":"product-type-simple"},"yoast_head":"<!-- This site is optimized with the Yoast SEO plugin v25.5 - https:\/\/yoast.com\/wordpress\/plugins\/seo\/ -->\n<title>For Pets Only - Laisse Crystal Babe Silver - L&#039;univers Animalier<\/title>\n<meta name=\"description\" content=\"For Pets Only - Laisse Crystal Babe Silver\" \/>\n<meta name=\"robots\" content=\"index, follow, max-snippet:-1, max-image-preview:large, max-video-preview:-1\" \/>\n<link rel=\"canonical\" href=\"https:\/\/universanimalier.com\/en\/boutique\/for-pets-only-laisse-crystal-babe-silver\/\" \/>\n<meta property=\"og:locale\" content=\"en_US\" \/>\n<meta property=\"og:type\" content=\"article\" \/>\n<meta property=\"og:title\" content=\"For Pets Only - Laisse Crystal Babe Silver - L&#039;univers Animalier\" \/>\n<meta property=\"og:description\" content=\"For Pets Only - Laisse Crystal Babe Silver\" \/>\n<meta property=\"og:url\" content=\"https:\/\/universanimalier.com\/en\/boutique\/for-pets-only-laisse-crystal-babe-silver\/\" \/>\n<meta property=\"og:site_name\" content=\"L&#039;univers Animalier\" \/>\n<meta property=\"article:publisher\" content=\"https:\/\/www.facebook.com\/lunivers.animalier\" \/>\n<meta property=\"article:modified_time\" content=\"2026-02-01T05:53:57+00:00\" \/>\n<meta property=\"og:image\" content=\"https:\/\/universanimalier.com\/wp-content\/uploads\/2025\/09\/IMG_6668.png\" \/>\n\t<meta property=\"og:image:width\" content=\"800\" \/>\n\t<meta property=\"og:image:height\" content=\"843\" \/>\n\t<meta property=\"og:image:type\" content=\"image\/png\" \/>\n<meta name=\"twitter:card\" content=\"summary_large_image\" \/>\n<meta name=\"twitter:label1\" content=\"Est. reading time\" \/>\n\t<meta name=\"twitter:data1\" content=\"1 minute\" \/>\n<script type=\"application\/ld+json\" class=\"yoast-schema-graph\">{\"@context\":\"https:\/\/schema.org\",\"@graph\":[{\"@type\":\"WebPage\",\"@id\":\"https:\/\/universanimalier.com\/boutique\/for-pets-only-laisse-crystal-babe-silver\/\",\"url\":\"https:\/\/universanimalier.com\/boutique\/for-pets-only-laisse-crystal-babe-silver\/\",\"name\":\"For Pets Only - Laisse Crystal Babe Silver - L&#039;univers Animalier\",\"isPartOf\":{\"@id\":\"https:\/\/wip.universanimalier.com\/#website\"},\"primaryImageOfPage\":{\"@id\":\"https:\/\/universanimalier.com\/boutique\/for-pets-only-laisse-crystal-babe-silver\/#primaryimage\"},\"image\":{\"@id\":\"https:\/\/universanimalier.com\/boutique\/for-pets-only-laisse-crystal-babe-silver\/#primaryimage\"},\"thumbnailUrl\":\"https:\/\/universanimalier.com\/wp-content\/uploads\/2025\/09\/IMG_6668.png\",\"datePublished\":\"2025-09-28T07:16:27+00:00\",\"dateModified\":\"2026-02-01T05:53:57+00:00\",\"description\":\"For Pets Only - Laisse Crystal Babe Silver\",\"breadcrumb\":{\"@id\":\"https:\/\/universanimalier.com\/boutique\/for-pets-only-laisse-crystal-babe-silver\/#breadcrumb\"},\"inLanguage\":\"en-US\",\"potentialAction\":[{\"@type\":\"ReadAction\",\"target\":[\"https:\/\/universanimalier.com\/boutique\/for-pets-only-laisse-crystal-babe-silver\/\"]}]},{\"@type\":\"ImageObject\",\"inLanguage\":\"en-US\",\"@id\":\"https:\/\/universanimalier.com\/boutique\/for-pets-only-laisse-crystal-babe-silver\/#primaryimage\",\"url\":\"https:\/\/universanimalier.com\/wp-content\/uploads\/2025\/09\/IMG_6668.png\",\"contentUrl\":\"https:\/\/universanimalier.com\/wp-content\/uploads\/2025\/09\/IMG_6668.png\",\"width\":800,\"height\":843},{\"@type\":\"BreadcrumbList\",\"@id\":\"https:\/\/universanimalier.com\/boutique\/for-pets-only-laisse-crystal-babe-silver\/#breadcrumb\",\"itemListElement\":[{\"@type\":\"ListItem\",\"position\":1,\"name\":\"Accueil\",\"item\":\"https:\/\/wip.universanimalier.com\/\"},{\"@type\":\"ListItem\",\"position\":2,\"name\":\"Boutique\",\"item\":\"https:\/\/wip.universanimalier.com\/boutique\/\"},{\"@type\":\"ListItem\",\"position\":3,\"name\":\"For Pets Only &#8211; Laisse Crystal Babe Silver\"}]},{\"@type\":\"WebSite\",\"@id\":\"https:\/\/wip.universanimalier.com\/#website\",\"url\":\"https:\/\/wip.universanimalier.com\/\",\"name\":\"L'univers Animalier\",\"description\":\"Le paradis des chiens g\u00e2t\u00e9s !\",\"publisher\":{\"@id\":\"https:\/\/wip.universanimalier.com\/#organization\"},\"potentialAction\":[{\"@type\":\"SearchAction\",\"target\":{\"@type\":\"EntryPoint\",\"urlTemplate\":\"https:\/\/wip.universanimalier.com\/?s={search_term_string}\"},\"query-input\":{\"@type\":\"PropertyValueSpecification\",\"valueRequired\":true,\"valueName\":\"search_term_string\"}}],\"inLanguage\":\"en-US\"},{\"@type\":\"Organization\",\"@id\":\"https:\/\/wip.universanimalier.com\/#organization\",\"name\":\"L'univers Animalier\",\"url\":\"https:\/\/wip.universanimalier.com\/\",\"logo\":{\"@type\":\"ImageObject\",\"inLanguage\":\"en-US\",\"@id\":\"https:\/\/wip.universanimalier.com\/#\/schema\/logo\/image\/\",\"url\":\"https:\/\/universanimalier.com\/wp-content\/uploads\/2021\/06\/logo.jpg\",\"contentUrl\":\"https:\/\/universanimalier.com\/wp-content\/uploads\/2021\/06\/logo.jpg\",\"width\":800,\"height\":200,\"caption\":\"L'univers Animalier\"},\"image\":{\"@id\":\"https:\/\/wip.universanimalier.com\/#\/schema\/logo\/image\/\"},\"sameAs\":[\"https:\/\/www.facebook.com\/lunivers.animalier\"]}]}<\/script>\n<!-- \/ Yoast SEO plugin. -->","yoast_head_json":{"title":"For Pets Only - Laisse Crystal Babe Silver - L&#039;univers Animalier","description":"For Pets Only - Laisse Crystal Babe Silver","robots":{"index":"index","follow":"follow","max-snippet":"max-snippet:-1","max-image-preview":"max-image-preview:large","max-video-preview":"max-video-preview:-1"},"canonical":"https:\/\/universanimalier.com\/en\/boutique\/for-pets-only-laisse-crystal-babe-silver\/","og_locale":"en_US","og_type":"article","og_title":"For Pets Only - Laisse Crystal Babe Silver - L&#039;univers Animalier","og_description":"For Pets Only - Laisse Crystal Babe Silver","og_url":"https:\/\/universanimalier.com\/en\/boutique\/for-pets-only-laisse-crystal-babe-silver\/","og_site_name":"L&#039;univers Animalier","article_publisher":"https:\/\/www.facebook.com\/lunivers.animalier","article_modified_time":"2026-02-01T05:53:57+00:00","og_image":[{"width":800,"height":843,"url":"https:\/\/universanimalier.com\/wp-content\/uploads\/2025\/09\/IMG_6668.png","type":"image\/png"}],"twitter_card":"summary_large_image","twitter_misc":{"Est. reading time":"1 minute"},"schema":{"@context":"https:\/\/schema.org","@graph":[{"@type":"WebPage","@id":"https:\/\/universanimalier.com\/boutique\/for-pets-only-laisse-crystal-babe-silver\/","url":"https:\/\/universanimalier.com\/boutique\/for-pets-only-laisse-crystal-babe-silver\/","name":"For Pets Only - Laisse Crystal Babe Silver - L&#039;univers Animalier","isPartOf":{"@id":"https:\/\/wip.universanimalier.com\/#website"},"primaryImageOfPage":{"@id":"https:\/\/universanimalier.com\/boutique\/for-pets-only-laisse-crystal-babe-silver\/#primaryimage"},"image":{"@id":"https:\/\/universanimalier.com\/boutique\/for-pets-only-laisse-crystal-babe-silver\/#primaryimage"},"thumbnailUrl":"https:\/\/universanimalier.com\/wp-content\/uploads\/2025\/09\/IMG_6668.png","datePublished":"2025-09-28T07:16:27+00:00","dateModified":"2026-02-01T05:53:57+00:00","description":"For Pets Only - Laisse Crystal Babe Silver","breadcrumb":{"@id":"https:\/\/universanimalier.com\/boutique\/for-pets-only-laisse-crystal-babe-silver\/#breadcrumb"},"inLanguage":"en-US","potentialAction":[{"@type":"ReadAction","target":["https:\/\/universanimalier.com\/boutique\/for-pets-only-laisse-crystal-babe-silver\/"]}]},{"@type":"ImageObject","inLanguage":"en-US","@id":"https:\/\/universanimalier.com\/boutique\/for-pets-only-laisse-crystal-babe-silver\/#primaryimage","url":"https:\/\/universanimalier.com\/wp-content\/uploads\/2025\/09\/IMG_6668.png","contentUrl":"https:\/\/universanimalier.com\/wp-content\/uploads\/2025\/09\/IMG_6668.png","width":800,"height":843},{"@type":"BreadcrumbList","@id":"https:\/\/universanimalier.com\/boutique\/for-pets-only-laisse-crystal-babe-silver\/#breadcrumb","itemListElement":[{"@type":"ListItem","position":1,"name":"Accueil","item":"https:\/\/wip.universanimalier.com\/"},{"@type":"ListItem","position":2,"name":"Boutique","item":"https:\/\/wip.universanimalier.com\/boutique\/"},{"@type":"ListItem","position":3,"name":"For Pets Only &#8211; Laisse Crystal Babe Silver"}]},{"@type":"WebSite","@id":"https:\/\/wip.universanimalier.com\/#website","url":"https:\/\/wip.universanimalier.com\/","name":"L'univers Animalier","description":"A paradise for spoiled dogs!","publisher":{"@id":"https:\/\/wip.universanimalier.com\/#organization"},"potentialAction":[{"@type":"SearchAction","target":{"@type":"EntryPoint","urlTemplate":"https:\/\/wip.universanimalier.com\/?s={search_term_string}"},"query-input":{"@type":"PropertyValueSpecification","valueRequired":true,"valueName":"search_term_string"}}],"inLanguage":"en-US"},{"@type":"Organization","@id":"https:\/\/wip.universanimalier.com\/#organization","name":"L'univers Animalier","url":"https:\/\/wip.universanimalier.com\/","logo":{"@type":"ImageObject","inLanguage":"en-US","@id":"https:\/\/wip.universanimalier.com\/#\/schema\/logo\/image\/","url":"https:\/\/universanimalier.com\/wp-content\/uploads\/2021\/06\/logo.jpg","contentUrl":"https:\/\/universanimalier.com\/wp-content\/uploads\/2021\/06\/logo.jpg","width":800,"height":200,"caption":"L'univers Animalier"},"image":{"@id":"https:\/\/wip.universanimalier.com\/#\/schema\/logo\/image\/"},"sameAs":["https:\/\/www.facebook.com\/lunivers.animalier"]}]}},"_links":{"self":[{"href":"https:\/\/universanimalier.com\/en\/wp-json\/wp\/v2\/product\/61159"}],"collection":[{"href":"https:\/\/universanimalier.com\/en\/wp-json\/wp\/v2\/product"}],"about":[{"href":"https:\/\/universanimalier.com\/en\/wp-json\/wp\/v2\/types\/product"}],"wp:featuredmedia":[{"embeddable":true,"href":"https:\/\/universanimalier.com\/en\/wp-json\/wp\/v2\/media\/60970"}],"wp:attachment":[{"href":"https:\/\/universanimalier.com\/en\/wp-json\/wp\/v2\/media?parent=61159"}],"wp:term":[{"taxonomy":"product_brand","embeddable":true,"href":"https:\/\/universanimalier.com\/en\/wp-json\/wp\/v2\/product_brand?post=61159"},{"taxonomy":"product_cat","embeddable":true,"href":"https:\/\/universanimalier.com\/en\/wp-json\/wp\/v2\/product_cat?post=61159"},{"taxonomy":"product_tag","embeddable":true,"href":"https:\/\/universanimalier.com\/en\/wp-json\/wp\/v2\/product_tag?post=61159"}],"curies":[{"name":"wp","href":"https:\/\/api.w.org\/{rel}","templated":true}]}}