{"id":61249,"date":"2025-09-29T17:53:21","date_gmt":"2025-09-29T15:53:21","guid":{"rendered":"https:\/\/universanimalier.com\/?post_type=product&#038;p=61249"},"modified":"2026-01-03T18:00:56","modified_gmt":"2026-01-03T17:00:56","slug":"milkpepper-harnais-louis-marron-glace-fourrure","status":"publish","type":"product","link":"https:\/\/universanimalier.com\/en\/boutique\/milkpepper-harnais-louis-marron-glace-fourrure\/","title":{"rendered":"Milk&#038;Pepper &#8211; Harnais Louis Marron glac\u00e9 \/ fourrure"},"content":{"rendered":"<ul>\n<li>Harnais \u00ab doudoune \u00bb cr\u00e9\u00e9 sp\u00e9cialement pour les petits chiens et les chiens moyens<\/li>\n<li>En polyester matelass\u00e9 marron glac\u00e9 (trait\u00e9 d\u00e9perlant)<\/li>\n<li>Doublure et bordage en imitation fourrure coloris marron\/taupe<\/li>\n<li>Clip et boucle en m\u00e9tal Titane<\/li>\n<li>Sangle en imitation cuir su\u00e9d\u00e9 noir<\/li>\n<li>Petite plaque \u00ab\u00a0Milk&amp;Pepper\u00a0\u00bb en m\u00e9tal Titane<\/li>\n<li>Fermeture par un large scratch<\/li>\n<\/ul>\n<p>Size guide: see photos. Warning, <strong>the size = the body circumference<\/strong>, 29 = 29 cm around the body with one cm less or more kick.<\/p>","protected":false},"excerpt":{"rendered":"<ul>\n<li>Harnais \u00ab doudoune \u00bb cr\u00e9\u00e9 sp\u00e9cialement pour les petits chiens et les chiens moyens<\/li>\n<li>En polyester matelass\u00e9 marron glac\u00e9 (trait\u00e9 d\u00e9perlant)<\/li>\n<li>Doublure et bordage en imitation fourrure coloris marron\/taupe<\/li>\n<li>Clip et boucle en m\u00e9tal Titane<\/li>\n<li>Sangle en imitation cuir su\u00e9d\u00e9 noir<\/li>\n<li>Petite plaque \u00ab\u00a0Milk&amp;Pepper\u00a0\u00bb en m\u00e9tal Titane<\/li>\n<li>Fermeture par un large scratch<\/li>\n<\/ul>\n<p>Size guide: see photos. Warning, <strong>the size = the body circumference<\/strong>, 29 = 29 cm around the body with one cm less or more kick.<\/p>","protected":false},"featured_media":61047,"template":"","meta":[],"product_brand":[],"product_cat":[9271,5134,52],"product_tag":[3211,9224,9223,3601,6373,617,1764,6374,995],"class_list":{"0":"post-61249","1":"product","2":"type-product","3":"status-publish","4":"has-post-thumbnail","6":"product_cat-automne-hiver-2025","7":"product_cat-en-balade","8":"product_cat-harnais","9":"product_tag-harnais-doudoune","10":"product_tag-harnais-louis","11":"product_tag-harnais-marron-pour-chien","12":"product_tag-harnais-milk-and-pepper","13":"product_tag-harnais-mp","14":"product_tag-mp","15":"product_tag-milk-and-pepper","16":"product_tag-milk-and-pepper-hiver","17":"product_tag-milkandpepper","19":"first","20":"instock","21":"featured","22":"shipping-taxable","23":"purchasable","24":"product-type-variable"},"yoast_head":"<!-- This site is optimized with the Yoast SEO plugin v25.5 - https:\/\/yoast.com\/wordpress\/plugins\/seo\/ -->\n<title>Milk&amp;Pepper - Harnais Louis Marron glac\u00e9 \/ fourrure - L&#039;univers Animalier<\/title>\n<meta name=\"description\" content=\"Milk&amp;Pepper - Harnais fourr\u00e9 Louis marron glac\u00e9 \/ fourrure\" \/>\n<meta name=\"robots\" content=\"index, follow, max-snippet:-1, max-image-preview:large, max-video-preview:-1\" \/>\n<link rel=\"canonical\" href=\"https:\/\/universanimalier.com\/en\/boutique\/milkpepper-harnais-louis-marron-glace-fourrure\/\" \/>\n<meta property=\"og:locale\" content=\"en_US\" \/>\n<meta property=\"og:type\" content=\"article\" \/>\n<meta property=\"og:title\" content=\"Milk&amp;Pepper - Harnais Louis Marron glac\u00e9 \/ fourrure - L&#039;univers Animalier\" \/>\n<meta property=\"og:description\" content=\"Milk&amp;Pepper - Harnais fourr\u00e9 Louis marron glac\u00e9 \/ fourrure\" \/>\n<meta property=\"og:url\" content=\"https:\/\/universanimalier.com\/en\/boutique\/milkpepper-harnais-louis-marron-glace-fourrure\/\" \/>\n<meta property=\"og:site_name\" content=\"L&#039;univers Animalier\" \/>\n<meta property=\"article:publisher\" content=\"https:\/\/www.facebook.com\/lunivers.animalier\" \/>\n<meta property=\"article:modified_time\" content=\"2026-01-03T17:00:56+00:00\" \/>\n<meta property=\"og:image\" content=\"https:\/\/universanimalier.com\/wp-content\/uploads\/2025\/09\/harnais-louis.jpg\" \/>\n\t<meta property=\"og:image:width\" content=\"480\" \/>\n\t<meta property=\"og:image:height\" content=\"585\" \/>\n\t<meta property=\"og:image:type\" content=\"image\/jpeg\" \/>\n<meta name=\"twitter:card\" content=\"summary_large_image\" \/>\n<meta name=\"twitter:label1\" content=\"Est. reading time\" \/>\n\t<meta name=\"twitter:data1\" content=\"1 minute\" \/>\n<script type=\"application\/ld+json\" class=\"yoast-schema-graph\">{\"@context\":\"https:\/\/schema.org\",\"@graph\":[{\"@type\":\"WebPage\",\"@id\":\"https:\/\/universanimalier.com\/boutique\/milkpepper-harnais-louis-marron-glace-fourrure\/\",\"url\":\"https:\/\/universanimalier.com\/boutique\/milkpepper-harnais-louis-marron-glace-fourrure\/\",\"name\":\"Milk&Pepper - Harnais Louis Marron glac\u00e9 \/ fourrure - L&#039;univers Animalier\",\"isPartOf\":{\"@id\":\"https:\/\/wip.universanimalier.com\/#website\"},\"primaryImageOfPage\":{\"@id\":\"https:\/\/universanimalier.com\/boutique\/milkpepper-harnais-louis-marron-glace-fourrure\/#primaryimage\"},\"image\":{\"@id\":\"https:\/\/universanimalier.com\/boutique\/milkpepper-harnais-louis-marron-glace-fourrure\/#primaryimage\"},\"thumbnailUrl\":\"https:\/\/universanimalier.com\/wp-content\/uploads\/2025\/09\/harnais-louis.jpg\",\"datePublished\":\"2025-09-29T15:53:21+00:00\",\"dateModified\":\"2026-01-03T17:00:56+00:00\",\"description\":\"Milk&Pepper - Harnais fourr\u00e9 Louis marron glac\u00e9 \/ fourrure\",\"breadcrumb\":{\"@id\":\"https:\/\/universanimalier.com\/boutique\/milkpepper-harnais-louis-marron-glace-fourrure\/#breadcrumb\"},\"inLanguage\":\"en-US\",\"potentialAction\":[{\"@type\":\"ReadAction\",\"target\":[\"https:\/\/universanimalier.com\/boutique\/milkpepper-harnais-louis-marron-glace-fourrure\/\"]}]},{\"@type\":\"ImageObject\",\"inLanguage\":\"en-US\",\"@id\":\"https:\/\/universanimalier.com\/boutique\/milkpepper-harnais-louis-marron-glace-fourrure\/#primaryimage\",\"url\":\"https:\/\/universanimalier.com\/wp-content\/uploads\/2025\/09\/harnais-louis.jpg\",\"contentUrl\":\"https:\/\/universanimalier.com\/wp-content\/uploads\/2025\/09\/harnais-louis.jpg\",\"width\":480,\"height\":585},{\"@type\":\"BreadcrumbList\",\"@id\":\"https:\/\/universanimalier.com\/boutique\/milkpepper-harnais-louis-marron-glace-fourrure\/#breadcrumb\",\"itemListElement\":[{\"@type\":\"ListItem\",\"position\":1,\"name\":\"Accueil\",\"item\":\"https:\/\/wip.universanimalier.com\/\"},{\"@type\":\"ListItem\",\"position\":2,\"name\":\"Boutique\",\"item\":\"https:\/\/wip.universanimalier.com\/boutique\/\"},{\"@type\":\"ListItem\",\"position\":3,\"name\":\"Milk&#038;Pepper &#8211; Harnais Louis Marron glac\u00e9 \/ fourrure\"}]},{\"@type\":\"WebSite\",\"@id\":\"https:\/\/wip.universanimalier.com\/#website\",\"url\":\"https:\/\/wip.universanimalier.com\/\",\"name\":\"L'univers Animalier\",\"description\":\"Le paradis des chiens g\u00e2t\u00e9s !\",\"publisher\":{\"@id\":\"https:\/\/wip.universanimalier.com\/#organization\"},\"potentialAction\":[{\"@type\":\"SearchAction\",\"target\":{\"@type\":\"EntryPoint\",\"urlTemplate\":\"https:\/\/wip.universanimalier.com\/?s={search_term_string}\"},\"query-input\":{\"@type\":\"PropertyValueSpecification\",\"valueRequired\":true,\"valueName\":\"search_term_string\"}}],\"inLanguage\":\"en-US\"},{\"@type\":\"Organization\",\"@id\":\"https:\/\/wip.universanimalier.com\/#organization\",\"name\":\"L'univers Animalier\",\"url\":\"https:\/\/wip.universanimalier.com\/\",\"logo\":{\"@type\":\"ImageObject\",\"inLanguage\":\"en-US\",\"@id\":\"https:\/\/wip.universanimalier.com\/#\/schema\/logo\/image\/\",\"url\":\"https:\/\/universanimalier.com\/wp-content\/uploads\/2021\/06\/logo.jpg\",\"contentUrl\":\"https:\/\/universanimalier.com\/wp-content\/uploads\/2021\/06\/logo.jpg\",\"width\":800,\"height\":200,\"caption\":\"L'univers Animalier\"},\"image\":{\"@id\":\"https:\/\/wip.universanimalier.com\/#\/schema\/logo\/image\/\"},\"sameAs\":[\"https:\/\/www.facebook.com\/lunivers.animalier\"]}]}<\/script>\n<!-- \/ Yoast SEO plugin. -->","yoast_head_json":{"title":"Milk&Pepper - Harnais Louis Marron glac\u00e9 \/ fourrure - L&#039;univers Animalier","description":"Milk&Pepper - Harnais fourr\u00e9 Louis marron glac\u00e9 \/ fourrure","robots":{"index":"index","follow":"follow","max-snippet":"max-snippet:-1","max-image-preview":"max-image-preview:large","max-video-preview":"max-video-preview:-1"},"canonical":"https:\/\/universanimalier.com\/en\/boutique\/milkpepper-harnais-louis-marron-glace-fourrure\/","og_locale":"en_US","og_type":"article","og_title":"Milk&Pepper - Harnais Louis Marron glac\u00e9 \/ fourrure - L&#039;univers Animalier","og_description":"Milk&Pepper - Harnais fourr\u00e9 Louis marron glac\u00e9 \/ fourrure","og_url":"https:\/\/universanimalier.com\/en\/boutique\/milkpepper-harnais-louis-marron-glace-fourrure\/","og_site_name":"L&#039;univers Animalier","article_publisher":"https:\/\/www.facebook.com\/lunivers.animalier","article_modified_time":"2026-01-03T17:00:56+00:00","og_image":[{"width":480,"height":585,"url":"https:\/\/universanimalier.com\/wp-content\/uploads\/2025\/09\/harnais-louis.jpg","type":"image\/jpeg"}],"twitter_card":"summary_large_image","twitter_misc":{"Est. reading time":"1 minute"},"schema":{"@context":"https:\/\/schema.org","@graph":[{"@type":"WebPage","@id":"https:\/\/universanimalier.com\/boutique\/milkpepper-harnais-louis-marron-glace-fourrure\/","url":"https:\/\/universanimalier.com\/boutique\/milkpepper-harnais-louis-marron-glace-fourrure\/","name":"Milk&Pepper - Harnais Louis Marron glac\u00e9 \/ fourrure - L&#039;univers Animalier","isPartOf":{"@id":"https:\/\/wip.universanimalier.com\/#website"},"primaryImageOfPage":{"@id":"https:\/\/universanimalier.com\/boutique\/milkpepper-harnais-louis-marron-glace-fourrure\/#primaryimage"},"image":{"@id":"https:\/\/universanimalier.com\/boutique\/milkpepper-harnais-louis-marron-glace-fourrure\/#primaryimage"},"thumbnailUrl":"https:\/\/universanimalier.com\/wp-content\/uploads\/2025\/09\/harnais-louis.jpg","datePublished":"2025-09-29T15:53:21+00:00","dateModified":"2026-01-03T17:00:56+00:00","description":"Milk&Pepper - Harnais fourr\u00e9 Louis marron glac\u00e9 \/ fourrure","breadcrumb":{"@id":"https:\/\/universanimalier.com\/boutique\/milkpepper-harnais-louis-marron-glace-fourrure\/#breadcrumb"},"inLanguage":"en-US","potentialAction":[{"@type":"ReadAction","target":["https:\/\/universanimalier.com\/boutique\/milkpepper-harnais-louis-marron-glace-fourrure\/"]}]},{"@type":"ImageObject","inLanguage":"en-US","@id":"https:\/\/universanimalier.com\/boutique\/milkpepper-harnais-louis-marron-glace-fourrure\/#primaryimage","url":"https:\/\/universanimalier.com\/wp-content\/uploads\/2025\/09\/harnais-louis.jpg","contentUrl":"https:\/\/universanimalier.com\/wp-content\/uploads\/2025\/09\/harnais-louis.jpg","width":480,"height":585},{"@type":"BreadcrumbList","@id":"https:\/\/universanimalier.com\/boutique\/milkpepper-harnais-louis-marron-glace-fourrure\/#breadcrumb","itemListElement":[{"@type":"ListItem","position":1,"name":"Accueil","item":"https:\/\/wip.universanimalier.com\/"},{"@type":"ListItem","position":2,"name":"Boutique","item":"https:\/\/wip.universanimalier.com\/boutique\/"},{"@type":"ListItem","position":3,"name":"Milk&#038;Pepper &#8211; Harnais Louis Marron glac\u00e9 \/ fourrure"}]},{"@type":"WebSite","@id":"https:\/\/wip.universanimalier.com\/#website","url":"https:\/\/wip.universanimalier.com\/","name":"L'univers Animalier","description":"A paradise for spoiled dogs!","publisher":{"@id":"https:\/\/wip.universanimalier.com\/#organization"},"potentialAction":[{"@type":"SearchAction","target":{"@type":"EntryPoint","urlTemplate":"https:\/\/wip.universanimalier.com\/?s={search_term_string}"},"query-input":{"@type":"PropertyValueSpecification","valueRequired":true,"valueName":"search_term_string"}}],"inLanguage":"en-US"},{"@type":"Organization","@id":"https:\/\/wip.universanimalier.com\/#organization","name":"L'univers Animalier","url":"https:\/\/wip.universanimalier.com\/","logo":{"@type":"ImageObject","inLanguage":"en-US","@id":"https:\/\/wip.universanimalier.com\/#\/schema\/logo\/image\/","url":"https:\/\/universanimalier.com\/wp-content\/uploads\/2021\/06\/logo.jpg","contentUrl":"https:\/\/universanimalier.com\/wp-content\/uploads\/2021\/06\/logo.jpg","width":800,"height":200,"caption":"L'univers Animalier"},"image":{"@id":"https:\/\/wip.universanimalier.com\/#\/schema\/logo\/image\/"},"sameAs":["https:\/\/www.facebook.com\/lunivers.animalier"]}]}},"_links":{"self":[{"href":"https:\/\/universanimalier.com\/en\/wp-json\/wp\/v2\/product\/61249"}],"collection":[{"href":"https:\/\/universanimalier.com\/en\/wp-json\/wp\/v2\/product"}],"about":[{"href":"https:\/\/universanimalier.com\/en\/wp-json\/wp\/v2\/types\/product"}],"wp:featuredmedia":[{"embeddable":true,"href":"https:\/\/universanimalier.com\/en\/wp-json\/wp\/v2\/media\/61047"}],"wp:attachment":[{"href":"https:\/\/universanimalier.com\/en\/wp-json\/wp\/v2\/media?parent=61249"}],"wp:term":[{"taxonomy":"product_brand","embeddable":true,"href":"https:\/\/universanimalier.com\/en\/wp-json\/wp\/v2\/product_brand?post=61249"},{"taxonomy":"product_cat","embeddable":true,"href":"https:\/\/universanimalier.com\/en\/wp-json\/wp\/v2\/product_cat?post=61249"},{"taxonomy":"product_tag","embeddable":true,"href":"https:\/\/universanimalier.com\/en\/wp-json\/wp\/v2\/product_tag?post=61249"}],"curies":[{"name":"wp","href":"https:\/\/api.w.org\/{rel}","templated":true}]}}