{"id":61626,"date":"2025-10-04T22:17:25","date_gmt":"2025-10-04T20:17:25","guid":{"rendered":"https:\/\/universanimalier.com\/?post_type=product&#038;p=61626"},"modified":"2026-01-30T22:38:49","modified_gmt":"2026-01-30T21:38:49","slug":"milkpepper-collier-en-cuir-vendome-deluxe-marron-camel","status":"publish","type":"product","link":"https:\/\/universanimalier.com\/en\/boutique\/milkpepper-collier-en-cuir-vendome-deluxe-marron-camel\/","title":{"rendered":"Milk&#038;Pepper &#8211; Collier en cuir Vend\u00f4me Deluxe marron\/camel"},"content":{"rendered":"<div class=\"row\">\n<div class=\"pb-right-column col-xs-12 col-sm-12 col-md-6 col-lg-7\">\n<div class=\"product-information\">\n<div id=\"more_info_block\" class=\"tabs\">\n<div id=\"tab-content\" class=\"tab-content\">\n<div id=\"description\" class=\"tab-pane fade in active\">\n<div class=\"product-description\">\n<ul>\n<li>Largeur 1,5 cm (Chihuahua,Loulou\u0085)<\/li>\n<li>Largeur 2 cm (Westie, Shih-tzu, Jack Russel\u0085)<\/li>\n<li>Largeur 3 cm (Bouledogue, Cocker, Beagle\u0085)<\/li>\n<li>Collars <strong>en cuir<\/strong> l\u00e9g\u00e8rement grain\u00e9<\/li>\n<li>Doublure en cuir naturel (beige)<\/li>\n<li>Bouclerie dor\u00e9e ou titane (boucle personalis\u00e9e \u00ab\u00a0Milk&amp;Pepper\u00a0\u00bb)<\/li>\n<li>Gros fil taupe (esprit sellier)<\/li>\n<li>Tone-on-tone waxed edge<\/li>\n<\/ul>\n<div class=\"row\">\n<div class=\"pb-right-column col-xs-12 col-sm-12 col-md-6 col-lg-7\">\n<div class=\"product-information\">\n<div id=\"more_info_block\" class=\"tabs\">\n<div id=\"tab-content\" class=\"tab-content\"><\/div>\n<\/div>\n<\/div>\n<\/div>\n<\/div>\n<\/div>\n<\/div>\n<\/div>\n<\/div>\n<\/div>\n<\/div>\n<\/div>\n<p>Size guide: see photos.<\/p>","protected":false},"excerpt":{"rendered":"<div class=\"row\">\n<div class=\"pb-right-column col-xs-12 col-sm-12 col-md-6 col-lg-7\">\n<div class=\"product-information\">\n<div id=\"more_info_block\" class=\"tabs\">\n<div id=\"tab-content\" class=\"tab-content\">\n<div id=\"description\" class=\"tab-pane fade in active\">\n<div class=\"product-description\">\n<ul>\n<li>Largeur 1,5 cm (Chihuahua,Loulou\u0085)<\/li>\n<li>Largeur 2 cm (Westie, Shih-tzu, Jack Russel\u0085)<\/li>\n<li>Largeur 3 cm (Bouledogue, Cocker, Beagle\u0085)<\/li>\n<li>Collars <strong>en cuir<\/strong> l\u00e9g\u00e8rement grain\u00e9<\/li>\n<li>Doublure en cuir naturel (beige)<\/li>\n<li>Bouclerie dor\u00e9e ou titane (boucle personalis\u00e9e \u00ab\u00a0Milk&amp;Pepper\u00a0\u00bb)<\/li>\n<li>Gros fil taupe (esprit sellier)<\/li>\n<li>Tone-on-tone waxed edge<\/li>\n<li>To match the <a href=\"https:\/\/universanimalier.com\/en\/boutique\/milkpepper-laisse-plate-en-cuir-vendome-deluxe-marron-camel\/\">laisse Vend\u00f4me Deluxe<\/a><\/li>\n<\/ul>\n<div class=\"row\">\n<div class=\"pb-right-column col-xs-12 col-sm-12 col-md-6 col-lg-7\">\n<div class=\"product-information\"><\/div>\n<\/div>\n<\/div>\n<\/div>\n<\/div>\n<\/div>\n<\/div>\n<\/div>\n<\/div>\n<\/div>\n<p>Size guide: see photos.<\/p>","protected":false},"featured_media":60994,"template":"","meta":[],"product_brand":[],"product_cat":[5134,23],"product_tag":[7266,9252,617,1764,6374,995],"class_list":{"0":"post-61626","1":"product","2":"type-product","3":"status-publish","4":"has-post-thumbnail","6":"product_cat-en-balade","7":"product_cat-colliers","8":"product_tag-collier-en-cuir-pour-chien","9":"product_tag-collier-en-cuir-vendome-deluxe","10":"product_tag-mp","11":"product_tag-milk-and-pepper","12":"product_tag-milk-and-pepper-hiver","13":"product_tag-milkandpepper","15":"first","16":"instock","17":"featured","18":"shipping-taxable","19":"purchasable","20":"product-type-variable"},"yoast_head":"<!-- This site is optimized with the Yoast SEO plugin v25.5 - https:\/\/yoast.com\/wordpress\/plugins\/seo\/ -->\n<title>Milk&amp;Pepper - Collier en cuir Vend\u00f4me Deluxe marron\/camel - L&#039;univers Animalier<\/title>\n<meta name=\"description\" content=\"Milk&amp;Pepper - Collier en cuir Vend\u00f4me Deluxe marron\/camel\" \/>\n<meta name=\"robots\" content=\"index, follow, max-snippet:-1, max-image-preview:large, max-video-preview:-1\" \/>\n<link rel=\"canonical\" href=\"https:\/\/universanimalier.com\/en\/boutique\/milkpepper-collier-en-cuir-vendome-deluxe-marron-camel\/\" \/>\n<meta property=\"og:locale\" content=\"en_US\" \/>\n<meta property=\"og:type\" content=\"article\" \/>\n<meta property=\"og:title\" content=\"Milk&amp;Pepper - Collier en cuir Vend\u00f4me Deluxe marron\/camel - L&#039;univers Animalier\" \/>\n<meta property=\"og:description\" content=\"Milk&amp;Pepper - Collier en cuir Vend\u00f4me Deluxe marron\/camel\" \/>\n<meta property=\"og:url\" content=\"https:\/\/universanimalier.com\/en\/boutique\/milkpepper-collier-en-cuir-vendome-deluxe-marron-camel\/\" \/>\n<meta property=\"og:site_name\" content=\"L&#039;univers Animalier\" \/>\n<meta property=\"article:publisher\" content=\"https:\/\/www.facebook.com\/lunivers.animalier\" \/>\n<meta property=\"article:modified_time\" content=\"2026-01-30T21:38:49+00:00\" \/>\n<meta property=\"og:image\" content=\"https:\/\/universanimalier.com\/wp-content\/uploads\/2025\/09\/collier-en-cuir-vendome.jpg\" \/>\n\t<meta property=\"og:image:width\" content=\"480\" \/>\n\t<meta property=\"og:image:height\" content=\"585\" \/>\n\t<meta property=\"og:image:type\" content=\"image\/jpeg\" \/>\n<meta name=\"twitter:card\" content=\"summary_large_image\" \/>\n<meta name=\"twitter:label1\" content=\"Est. reading time\" \/>\n\t<meta name=\"twitter:data1\" content=\"1 minute\" \/>\n<script type=\"application\/ld+json\" class=\"yoast-schema-graph\">{\"@context\":\"https:\/\/schema.org\",\"@graph\":[{\"@type\":\"WebPage\",\"@id\":\"https:\/\/universanimalier.com\/boutique\/milkpepper-collier-en-cuir-vendome-deluxe-marron-camel\/\",\"url\":\"https:\/\/universanimalier.com\/boutique\/milkpepper-collier-en-cuir-vendome-deluxe-marron-camel\/\",\"name\":\"Milk&Pepper - Collier en cuir Vend\u00f4me Deluxe marron\/camel - L&#039;univers Animalier\",\"isPartOf\":{\"@id\":\"https:\/\/wip.universanimalier.com\/#website\"},\"primaryImageOfPage\":{\"@id\":\"https:\/\/universanimalier.com\/boutique\/milkpepper-collier-en-cuir-vendome-deluxe-marron-camel\/#primaryimage\"},\"image\":{\"@id\":\"https:\/\/universanimalier.com\/boutique\/milkpepper-collier-en-cuir-vendome-deluxe-marron-camel\/#primaryimage\"},\"thumbnailUrl\":\"https:\/\/universanimalier.com\/wp-content\/uploads\/2025\/09\/collier-en-cuir-vendome.jpg\",\"datePublished\":\"2025-10-04T20:17:25+00:00\",\"dateModified\":\"2026-01-30T21:38:49+00:00\",\"description\":\"Milk&Pepper - Collier en cuir Vend\u00f4me Deluxe marron\/camel\",\"breadcrumb\":{\"@id\":\"https:\/\/universanimalier.com\/boutique\/milkpepper-collier-en-cuir-vendome-deluxe-marron-camel\/#breadcrumb\"},\"inLanguage\":\"en-US\",\"potentialAction\":[{\"@type\":\"ReadAction\",\"target\":[\"https:\/\/universanimalier.com\/boutique\/milkpepper-collier-en-cuir-vendome-deluxe-marron-camel\/\"]}]},{\"@type\":\"ImageObject\",\"inLanguage\":\"en-US\",\"@id\":\"https:\/\/universanimalier.com\/boutique\/milkpepper-collier-en-cuir-vendome-deluxe-marron-camel\/#primaryimage\",\"url\":\"https:\/\/universanimalier.com\/wp-content\/uploads\/2025\/09\/collier-en-cuir-vendome.jpg\",\"contentUrl\":\"https:\/\/universanimalier.com\/wp-content\/uploads\/2025\/09\/collier-en-cuir-vendome.jpg\",\"width\":480,\"height\":585},{\"@type\":\"BreadcrumbList\",\"@id\":\"https:\/\/universanimalier.com\/boutique\/milkpepper-collier-en-cuir-vendome-deluxe-marron-camel\/#breadcrumb\",\"itemListElement\":[{\"@type\":\"ListItem\",\"position\":1,\"name\":\"Accueil\",\"item\":\"https:\/\/wip.universanimalier.com\/\"},{\"@type\":\"ListItem\",\"position\":2,\"name\":\"Boutique\",\"item\":\"https:\/\/wip.universanimalier.com\/boutique\/\"},{\"@type\":\"ListItem\",\"position\":3,\"name\":\"Milk&#038;Pepper &#8211; Collier en cuir Vend\u00f4me Deluxe marron\/camel\"}]},{\"@type\":\"WebSite\",\"@id\":\"https:\/\/wip.universanimalier.com\/#website\",\"url\":\"https:\/\/wip.universanimalier.com\/\",\"name\":\"L'univers Animalier\",\"description\":\"Le paradis des chiens g\u00e2t\u00e9s !\",\"publisher\":{\"@id\":\"https:\/\/wip.universanimalier.com\/#organization\"},\"potentialAction\":[{\"@type\":\"SearchAction\",\"target\":{\"@type\":\"EntryPoint\",\"urlTemplate\":\"https:\/\/wip.universanimalier.com\/?s={search_term_string}\"},\"query-input\":{\"@type\":\"PropertyValueSpecification\",\"valueRequired\":true,\"valueName\":\"search_term_string\"}}],\"inLanguage\":\"en-US\"},{\"@type\":\"Organization\",\"@id\":\"https:\/\/wip.universanimalier.com\/#organization\",\"name\":\"L'univers Animalier\",\"url\":\"https:\/\/wip.universanimalier.com\/\",\"logo\":{\"@type\":\"ImageObject\",\"inLanguage\":\"en-US\",\"@id\":\"https:\/\/wip.universanimalier.com\/#\/schema\/logo\/image\/\",\"url\":\"https:\/\/universanimalier.com\/wp-content\/uploads\/2021\/06\/logo.jpg\",\"contentUrl\":\"https:\/\/universanimalier.com\/wp-content\/uploads\/2021\/06\/logo.jpg\",\"width\":800,\"height\":200,\"caption\":\"L'univers Animalier\"},\"image\":{\"@id\":\"https:\/\/wip.universanimalier.com\/#\/schema\/logo\/image\/\"},\"sameAs\":[\"https:\/\/www.facebook.com\/lunivers.animalier\"]}]}<\/script>\n<!-- \/ Yoast SEO plugin. -->","yoast_head_json":{"title":"Milk&Pepper - Collier en cuir Vend\u00f4me Deluxe marron\/camel - L&#039;univers Animalier","description":"Milk&Pepper - Collier en cuir Vend\u00f4me Deluxe marron\/camel","robots":{"index":"index","follow":"follow","max-snippet":"max-snippet:-1","max-image-preview":"max-image-preview:large","max-video-preview":"max-video-preview:-1"},"canonical":"https:\/\/universanimalier.com\/en\/boutique\/milkpepper-collier-en-cuir-vendome-deluxe-marron-camel\/","og_locale":"en_US","og_type":"article","og_title":"Milk&Pepper - Collier en cuir Vend\u00f4me Deluxe marron\/camel - L&#039;univers Animalier","og_description":"Milk&Pepper - Collier en cuir Vend\u00f4me Deluxe marron\/camel","og_url":"https:\/\/universanimalier.com\/en\/boutique\/milkpepper-collier-en-cuir-vendome-deluxe-marron-camel\/","og_site_name":"L&#039;univers Animalier","article_publisher":"https:\/\/www.facebook.com\/lunivers.animalier","article_modified_time":"2026-01-30T21:38:49+00:00","og_image":[{"width":480,"height":585,"url":"https:\/\/universanimalier.com\/wp-content\/uploads\/2025\/09\/collier-en-cuir-vendome.jpg","type":"image\/jpeg"}],"twitter_card":"summary_large_image","twitter_misc":{"Est. reading time":"1 minute"},"schema":{"@context":"https:\/\/schema.org","@graph":[{"@type":"WebPage","@id":"https:\/\/universanimalier.com\/boutique\/milkpepper-collier-en-cuir-vendome-deluxe-marron-camel\/","url":"https:\/\/universanimalier.com\/boutique\/milkpepper-collier-en-cuir-vendome-deluxe-marron-camel\/","name":"Milk&Pepper - Collier en cuir Vend\u00f4me Deluxe marron\/camel - L&#039;univers Animalier","isPartOf":{"@id":"https:\/\/wip.universanimalier.com\/#website"},"primaryImageOfPage":{"@id":"https:\/\/universanimalier.com\/boutique\/milkpepper-collier-en-cuir-vendome-deluxe-marron-camel\/#primaryimage"},"image":{"@id":"https:\/\/universanimalier.com\/boutique\/milkpepper-collier-en-cuir-vendome-deluxe-marron-camel\/#primaryimage"},"thumbnailUrl":"https:\/\/universanimalier.com\/wp-content\/uploads\/2025\/09\/collier-en-cuir-vendome.jpg","datePublished":"2025-10-04T20:17:25+00:00","dateModified":"2026-01-30T21:38:49+00:00","description":"Milk&Pepper - Collier en cuir Vend\u00f4me Deluxe marron\/camel","breadcrumb":{"@id":"https:\/\/universanimalier.com\/boutique\/milkpepper-collier-en-cuir-vendome-deluxe-marron-camel\/#breadcrumb"},"inLanguage":"en-US","potentialAction":[{"@type":"ReadAction","target":["https:\/\/universanimalier.com\/boutique\/milkpepper-collier-en-cuir-vendome-deluxe-marron-camel\/"]}]},{"@type":"ImageObject","inLanguage":"en-US","@id":"https:\/\/universanimalier.com\/boutique\/milkpepper-collier-en-cuir-vendome-deluxe-marron-camel\/#primaryimage","url":"https:\/\/universanimalier.com\/wp-content\/uploads\/2025\/09\/collier-en-cuir-vendome.jpg","contentUrl":"https:\/\/universanimalier.com\/wp-content\/uploads\/2025\/09\/collier-en-cuir-vendome.jpg","width":480,"height":585},{"@type":"BreadcrumbList","@id":"https:\/\/universanimalier.com\/boutique\/milkpepper-collier-en-cuir-vendome-deluxe-marron-camel\/#breadcrumb","itemListElement":[{"@type":"ListItem","position":1,"name":"Accueil","item":"https:\/\/wip.universanimalier.com\/"},{"@type":"ListItem","position":2,"name":"Boutique","item":"https:\/\/wip.universanimalier.com\/boutique\/"},{"@type":"ListItem","position":3,"name":"Milk&#038;Pepper &#8211; Collier en cuir Vend\u00f4me Deluxe marron\/camel"}]},{"@type":"WebSite","@id":"https:\/\/wip.universanimalier.com\/#website","url":"https:\/\/wip.universanimalier.com\/","name":"L'univers Animalier","description":"A paradise for spoiled dogs!","publisher":{"@id":"https:\/\/wip.universanimalier.com\/#organization"},"potentialAction":[{"@type":"SearchAction","target":{"@type":"EntryPoint","urlTemplate":"https:\/\/wip.universanimalier.com\/?s={search_term_string}"},"query-input":{"@type":"PropertyValueSpecification","valueRequired":true,"valueName":"search_term_string"}}],"inLanguage":"en-US"},{"@type":"Organization","@id":"https:\/\/wip.universanimalier.com\/#organization","name":"L'univers Animalier","url":"https:\/\/wip.universanimalier.com\/","logo":{"@type":"ImageObject","inLanguage":"en-US","@id":"https:\/\/wip.universanimalier.com\/#\/schema\/logo\/image\/","url":"https:\/\/universanimalier.com\/wp-content\/uploads\/2021\/06\/logo.jpg","contentUrl":"https:\/\/universanimalier.com\/wp-content\/uploads\/2021\/06\/logo.jpg","width":800,"height":200,"caption":"L'univers Animalier"},"image":{"@id":"https:\/\/wip.universanimalier.com\/#\/schema\/logo\/image\/"},"sameAs":["https:\/\/www.facebook.com\/lunivers.animalier"]}]}},"_links":{"self":[{"href":"https:\/\/universanimalier.com\/en\/wp-json\/wp\/v2\/product\/61626"}],"collection":[{"href":"https:\/\/universanimalier.com\/en\/wp-json\/wp\/v2\/product"}],"about":[{"href":"https:\/\/universanimalier.com\/en\/wp-json\/wp\/v2\/types\/product"}],"wp:featuredmedia":[{"embeddable":true,"href":"https:\/\/universanimalier.com\/en\/wp-json\/wp\/v2\/media\/60994"}],"wp:attachment":[{"href":"https:\/\/universanimalier.com\/en\/wp-json\/wp\/v2\/media?parent=61626"}],"wp:term":[{"taxonomy":"product_brand","embeddable":true,"href":"https:\/\/universanimalier.com\/en\/wp-json\/wp\/v2\/product_brand?post=61626"},{"taxonomy":"product_cat","embeddable":true,"href":"https:\/\/universanimalier.com\/en\/wp-json\/wp\/v2\/product_cat?post=61626"},{"taxonomy":"product_tag","embeddable":true,"href":"https:\/\/universanimalier.com\/en\/wp-json\/wp\/v2\/product_tag?post=61626"}],"curies":[{"name":"wp","href":"https:\/\/api.w.org\/{rel}","templated":true}]}}