{"id":61894,"date":"2025-10-20T22:16:47","date_gmt":"2025-10-20T20:16:47","guid":{"rendered":"https:\/\/universanimalier.com\/?post_type=product&#038;p=61894"},"modified":"2026-01-02T10:46:14","modified_gmt":"2026-01-02T09:46:14","slug":"olala-pets-siege-auto-platinium-beige-marron","status":"publish","type":"product","link":"https:\/\/universanimalier.com\/en\/boutique\/olala-pets-siege-auto-platinium-beige-marron\/","title":{"rendered":"O&rsquo;lala Pets &#8211; Si\u00e8ge auto Platinium beige\/marron"},"content":{"rendered":"<p>Simple, practical and comfortable car seat, for transport in complete safety.<\/p>\n<ul>\n<li>Mati\u00e8re ext\u00e9rieure en nylon, renforc\u00e9 pour la s\u00e9curit\u00e9 et pour limiter les impacts (renfort amovible)<\/li>\n<li>Very soft pilou \/ faux fur inner material<\/li>\n<li>Machine washable<\/li>\n<li>Internal attachment for harness or collar for safety<\/li>\n<li>Le si\u00e8ge s&rsquo;attache \u00e0 la ceinture avec les attaches arri\u00e8res<\/li>\n<\/ul>\n<p><strong>Dimensions<\/strong>: 60 x 45 cm.<\/p>","protected":false},"excerpt":{"rendered":"<p>Simple, practical and comfortable car seat, for transport in complete safety.<\/p>\n<ul>\n<li>Mati\u00e8re ext\u00e9rieure en nylon, renforc\u00e9 pour la s\u00e9curit\u00e9 et pour limiter les impacts (renfort amovible)<\/li>\n<li>Very soft pilou \/ faux fur inner material<\/li>\n<li>Machine washable<\/li>\n<li>Internal attachment for harness or collar for safety<\/li>\n<li>Le si\u00e8ge s&rsquo;attache \u00e0 la ceinture avec les attaches arri\u00e8res<\/li>\n<\/ul>\n<p><strong>Dimensions<\/strong>: 60 x 45 cm.<\/p>","protected":false},"featured_media":61891,"template":"","meta":[],"product_brand":[],"product_cat":[9286,9271,1066],"product_tag":[1065,1692,775,497,223,1667,1063,1064,9262,535,681],"class_list":{"0":"post-61894","1":"product","2":"type-product","3":"status-publish","4":"has-post-thumbnail","6":"product_cat-articles-non-soldes","7":"product_cat-automne-hiver-2025","8":"product_cat-sieges-auto","9":"product_tag-auto","10":"product_tag-car-bed","11":"product_tag-carseat","12":"product_tag-olala-pets","13":"product_tag-olala","14":"product_tag-pets","15":"product_tag-siege","16":"product_tag-siege-auto","17":"product_tag-siege-auto-platinite","18":"product_tag-transport","19":"product_tag-voiture","21":"first","22":"instock","23":"shipping-taxable","24":"purchasable","25":"product-type-simple"},"yoast_head":"<!-- This site is optimized with the Yoast SEO plugin v25.5 - https:\/\/yoast.com\/wordpress\/plugins\/seo\/ -->\n<title>O&#039;lala Pets - Si\u00e8ge auto Platinium beige\/marron - L&#039;univers Animalier<\/title>\n<meta name=\"description\" content=\"O&#039;lala Pets - Si\u00e8ge auto Marron\" \/>\n<meta name=\"robots\" content=\"index, follow, max-snippet:-1, max-image-preview:large, max-video-preview:-1\" \/>\n<link rel=\"canonical\" href=\"https:\/\/universanimalier.com\/en\/boutique\/olala-pets-siege-auto-platinium-beige-marron\/\" \/>\n<meta property=\"og:locale\" content=\"en_US\" \/>\n<meta property=\"og:type\" content=\"article\" \/>\n<meta property=\"og:title\" content=\"O&#039;lala Pets - Si\u00e8ge auto Platinium beige\/marron - L&#039;univers Animalier\" \/>\n<meta property=\"og:description\" content=\"O&#039;lala Pets - Si\u00e8ge auto Marron\" \/>\n<meta property=\"og:url\" content=\"https:\/\/universanimalier.com\/en\/boutique\/olala-pets-siege-auto-platinium-beige-marron\/\" \/>\n<meta property=\"og:site_name\" content=\"L&#039;univers Animalier\" \/>\n<meta property=\"article:publisher\" content=\"https:\/\/www.facebook.com\/lunivers.animalier\" \/>\n<meta property=\"article:modified_time\" content=\"2026-01-02T09:46:14+00:00\" \/>\n<meta property=\"og:image\" content=\"https:\/\/universanimalier.com\/wp-content\/uploads\/2025\/10\/pelech-do-auta-platinum-hneda-scaled.jpg\" \/>\n\t<meta property=\"og:image:width\" content=\"2560\" \/>\n\t<meta property=\"og:image:height\" content=\"1707\" \/>\n\t<meta property=\"og:image:type\" content=\"image\/jpeg\" \/>\n<meta name=\"twitter:card\" content=\"summary_large_image\" \/>\n<meta name=\"twitter:label1\" content=\"Est. reading time\" \/>\n\t<meta name=\"twitter:data1\" content=\"1 minute\" \/>\n<script type=\"application\/ld+json\" class=\"yoast-schema-graph\">{\"@context\":\"https:\/\/schema.org\",\"@graph\":[{\"@type\":\"WebPage\",\"@id\":\"https:\/\/universanimalier.com\/boutique\/olala-pets-siege-auto-platinium-beige-marron\/\",\"url\":\"https:\/\/universanimalier.com\/boutique\/olala-pets-siege-auto-platinium-beige-marron\/\",\"name\":\"O'lala Pets - Si\u00e8ge auto Platinium beige\/marron - L&#039;univers Animalier\",\"isPartOf\":{\"@id\":\"https:\/\/wip.universanimalier.com\/#website\"},\"primaryImageOfPage\":{\"@id\":\"https:\/\/universanimalier.com\/boutique\/olala-pets-siege-auto-platinium-beige-marron\/#primaryimage\"},\"image\":{\"@id\":\"https:\/\/universanimalier.com\/boutique\/olala-pets-siege-auto-platinium-beige-marron\/#primaryimage\"},\"thumbnailUrl\":\"https:\/\/universanimalier.com\/wp-content\/uploads\/2025\/10\/pelech-do-auta-platinum-hneda-scaled.jpg\",\"datePublished\":\"2025-10-20T20:16:47+00:00\",\"dateModified\":\"2026-01-02T09:46:14+00:00\",\"description\":\"O'lala Pets - Si\u00e8ge auto Marron\",\"breadcrumb\":{\"@id\":\"https:\/\/universanimalier.com\/boutique\/olala-pets-siege-auto-platinium-beige-marron\/#breadcrumb\"},\"inLanguage\":\"en-US\",\"potentialAction\":[{\"@type\":\"ReadAction\",\"target\":[\"https:\/\/universanimalier.com\/boutique\/olala-pets-siege-auto-platinium-beige-marron\/\"]}]},{\"@type\":\"ImageObject\",\"inLanguage\":\"en-US\",\"@id\":\"https:\/\/universanimalier.com\/boutique\/olala-pets-siege-auto-platinium-beige-marron\/#primaryimage\",\"url\":\"https:\/\/universanimalier.com\/wp-content\/uploads\/2025\/10\/pelech-do-auta-platinum-hneda-scaled.jpg\",\"contentUrl\":\"https:\/\/universanimalier.com\/wp-content\/uploads\/2025\/10\/pelech-do-auta-platinum-hneda-scaled.jpg\",\"width\":2560,\"height\":1707},{\"@type\":\"BreadcrumbList\",\"@id\":\"https:\/\/universanimalier.com\/boutique\/olala-pets-siege-auto-platinium-beige-marron\/#breadcrumb\",\"itemListElement\":[{\"@type\":\"ListItem\",\"position\":1,\"name\":\"Accueil\",\"item\":\"https:\/\/wip.universanimalier.com\/\"},{\"@type\":\"ListItem\",\"position\":2,\"name\":\"Boutique\",\"item\":\"https:\/\/wip.universanimalier.com\/boutique\/\"},{\"@type\":\"ListItem\",\"position\":3,\"name\":\"O&rsquo;lala Pets &#8211; Si\u00e8ge auto Platinium beige\/marron\"}]},{\"@type\":\"WebSite\",\"@id\":\"https:\/\/wip.universanimalier.com\/#website\",\"url\":\"https:\/\/wip.universanimalier.com\/\",\"name\":\"L'univers Animalier\",\"description\":\"Le paradis des chiens g\u00e2t\u00e9s !\",\"publisher\":{\"@id\":\"https:\/\/wip.universanimalier.com\/#organization\"},\"potentialAction\":[{\"@type\":\"SearchAction\",\"target\":{\"@type\":\"EntryPoint\",\"urlTemplate\":\"https:\/\/wip.universanimalier.com\/?s={search_term_string}\"},\"query-input\":{\"@type\":\"PropertyValueSpecification\",\"valueRequired\":true,\"valueName\":\"search_term_string\"}}],\"inLanguage\":\"en-US\"},{\"@type\":\"Organization\",\"@id\":\"https:\/\/wip.universanimalier.com\/#organization\",\"name\":\"L'univers Animalier\",\"url\":\"https:\/\/wip.universanimalier.com\/\",\"logo\":{\"@type\":\"ImageObject\",\"inLanguage\":\"en-US\",\"@id\":\"https:\/\/wip.universanimalier.com\/#\/schema\/logo\/image\/\",\"url\":\"https:\/\/universanimalier.com\/wp-content\/uploads\/2021\/06\/logo.jpg\",\"contentUrl\":\"https:\/\/universanimalier.com\/wp-content\/uploads\/2021\/06\/logo.jpg\",\"width\":800,\"height\":200,\"caption\":\"L'univers Animalier\"},\"image\":{\"@id\":\"https:\/\/wip.universanimalier.com\/#\/schema\/logo\/image\/\"},\"sameAs\":[\"https:\/\/www.facebook.com\/lunivers.animalier\"]}]}<\/script>\n<!-- \/ Yoast SEO plugin. -->","yoast_head_json":{"title":"O'lala Pets - Si\u00e8ge auto Platinium beige\/marron - L&#039;univers Animalier","description":"O&#039;lala Pets - Car seat Brown","robots":{"index":"index","follow":"follow","max-snippet":"max-snippet:-1","max-image-preview":"max-image-preview:large","max-video-preview":"max-video-preview:-1"},"canonical":"https:\/\/universanimalier.com\/en\/boutique\/olala-pets-siege-auto-platinium-beige-marron\/","og_locale":"en_US","og_type":"article","og_title":"O'lala Pets - Si\u00e8ge auto Platinium beige\/marron - L&#039;univers Animalier","og_description":"O'lala Pets - Si\u00e8ge auto Marron","og_url":"https:\/\/universanimalier.com\/en\/boutique\/olala-pets-siege-auto-platinium-beige-marron\/","og_site_name":"L&#039;univers Animalier","article_publisher":"https:\/\/www.facebook.com\/lunivers.animalier","article_modified_time":"2026-01-02T09:46:14+00:00","og_image":[{"width":2560,"height":1707,"url":"https:\/\/universanimalier.com\/wp-content\/uploads\/2025\/10\/pelech-do-auta-platinum-hneda-scaled.jpg","type":"image\/jpeg"}],"twitter_card":"summary_large_image","twitter_misc":{"Est. reading time":"1 minute"},"schema":{"@context":"https:\/\/schema.org","@graph":[{"@type":"WebPage","@id":"https:\/\/universanimalier.com\/boutique\/olala-pets-siege-auto-platinium-beige-marron\/","url":"https:\/\/universanimalier.com\/boutique\/olala-pets-siege-auto-platinium-beige-marron\/","name":"O'lala Pets - Si\u00e8ge auto Platinium beige\/marron - L&#039;univers Animalier","isPartOf":{"@id":"https:\/\/wip.universanimalier.com\/#website"},"primaryImageOfPage":{"@id":"https:\/\/universanimalier.com\/boutique\/olala-pets-siege-auto-platinium-beige-marron\/#primaryimage"},"image":{"@id":"https:\/\/universanimalier.com\/boutique\/olala-pets-siege-auto-platinium-beige-marron\/#primaryimage"},"thumbnailUrl":"https:\/\/universanimalier.com\/wp-content\/uploads\/2025\/10\/pelech-do-auta-platinum-hneda-scaled.jpg","datePublished":"2025-10-20T20:16:47+00:00","dateModified":"2026-01-02T09:46:14+00:00","description":"O&#039;lala Pets - Car seat Brown","breadcrumb":{"@id":"https:\/\/universanimalier.com\/boutique\/olala-pets-siege-auto-platinium-beige-marron\/#breadcrumb"},"inLanguage":"en-US","potentialAction":[{"@type":"ReadAction","target":["https:\/\/universanimalier.com\/boutique\/olala-pets-siege-auto-platinium-beige-marron\/"]}]},{"@type":"ImageObject","inLanguage":"en-US","@id":"https:\/\/universanimalier.com\/boutique\/olala-pets-siege-auto-platinium-beige-marron\/#primaryimage","url":"https:\/\/universanimalier.com\/wp-content\/uploads\/2025\/10\/pelech-do-auta-platinum-hneda-scaled.jpg","contentUrl":"https:\/\/universanimalier.com\/wp-content\/uploads\/2025\/10\/pelech-do-auta-platinum-hneda-scaled.jpg","width":2560,"height":1707},{"@type":"BreadcrumbList","@id":"https:\/\/universanimalier.com\/boutique\/olala-pets-siege-auto-platinium-beige-marron\/#breadcrumb","itemListElement":[{"@type":"ListItem","position":1,"name":"Accueil","item":"https:\/\/wip.universanimalier.com\/"},{"@type":"ListItem","position":2,"name":"Boutique","item":"https:\/\/wip.universanimalier.com\/boutique\/"},{"@type":"ListItem","position":3,"name":"O&rsquo;lala Pets &#8211; Si\u00e8ge auto Platinium beige\/marron"}]},{"@type":"WebSite","@id":"https:\/\/wip.universanimalier.com\/#website","url":"https:\/\/wip.universanimalier.com\/","name":"L'univers Animalier","description":"A paradise for spoiled dogs!","publisher":{"@id":"https:\/\/wip.universanimalier.com\/#organization"},"potentialAction":[{"@type":"SearchAction","target":{"@type":"EntryPoint","urlTemplate":"https:\/\/wip.universanimalier.com\/?s={search_term_string}"},"query-input":{"@type":"PropertyValueSpecification","valueRequired":true,"valueName":"search_term_string"}}],"inLanguage":"en-US"},{"@type":"Organization","@id":"https:\/\/wip.universanimalier.com\/#organization","name":"L'univers Animalier","url":"https:\/\/wip.universanimalier.com\/","logo":{"@type":"ImageObject","inLanguage":"en-US","@id":"https:\/\/wip.universanimalier.com\/#\/schema\/logo\/image\/","url":"https:\/\/universanimalier.com\/wp-content\/uploads\/2021\/06\/logo.jpg","contentUrl":"https:\/\/universanimalier.com\/wp-content\/uploads\/2021\/06\/logo.jpg","width":800,"height":200,"caption":"L'univers Animalier"},"image":{"@id":"https:\/\/wip.universanimalier.com\/#\/schema\/logo\/image\/"},"sameAs":["https:\/\/www.facebook.com\/lunivers.animalier"]}]}},"_links":{"self":[{"href":"https:\/\/universanimalier.com\/en\/wp-json\/wp\/v2\/product\/61894"}],"collection":[{"href":"https:\/\/universanimalier.com\/en\/wp-json\/wp\/v2\/product"}],"about":[{"href":"https:\/\/universanimalier.com\/en\/wp-json\/wp\/v2\/types\/product"}],"wp:featuredmedia":[{"embeddable":true,"href":"https:\/\/universanimalier.com\/en\/wp-json\/wp\/v2\/media\/61891"}],"wp:attachment":[{"href":"https:\/\/universanimalier.com\/en\/wp-json\/wp\/v2\/media?parent=61894"}],"wp:term":[{"taxonomy":"product_brand","embeddable":true,"href":"https:\/\/universanimalier.com\/en\/wp-json\/wp\/v2\/product_brand?post=61894"},{"taxonomy":"product_cat","embeddable":true,"href":"https:\/\/universanimalier.com\/en\/wp-json\/wp\/v2\/product_cat?post=61894"},{"taxonomy":"product_tag","embeddable":true,"href":"https:\/\/universanimalier.com\/en\/wp-json\/wp\/v2\/product_tag?post=61894"}],"curies":[{"name":"wp","href":"https:\/\/api.w.org\/{rel}","templated":true}]}}