{"id":62054,"date":"2025-11-05T21:49:28","date_gmt":"2025-11-05T20:49:28","guid":{"rendered":"https:\/\/universanimalier.com\/?post_type=product&#038;p=62054"},"modified":"2025-11-05T21:54:54","modified_gmt":"2025-11-05T20:54:54","slug":"noel-jouet-fringe-waddle-squad-pingouins","status":"publish","type":"product","link":"https:\/\/universanimalier.com\/en\/boutique\/noel-jouet-fringe-waddle-squad-pingouins\/","title":{"rendered":"No\u00ebl &#8211; Jouet Fringe Waddle Squad Pingouins"},"content":{"rendered":"<p><span lang=\"fr\">Trio de petits pingouins de No\u00ebl mignons, doux et r\u00e9sistants.<\/span><\/p>\n<ul>\n<li>doux et amusant<\/li>\n<li>with noise<\/li>\n<\/ul>","protected":false},"excerpt":{"rendered":"<p><span lang=\"fr\">Trio de petits pingouins de No\u00ebl mignons, doux et r\u00e9sistants.<\/span><\/p>\n<ul>\n<li>doux et amusant<\/li>\n<li>with noise<\/li>\n<\/ul>","protected":false},"featured_media":62020,"template":"","meta":[],"product_brand":[],"product_cat":[9271,8026,5583,79],"product_tag":[707,9268,9270,1347,9269,9267],"class_list":{"0":"post-62054","1":"product","2":"type-product","3":"status-publish","4":"has-post-thumbnail","6":"product_cat-automne-hiver-2025","7":"product_cat-jouets-jouets","8":"product_cat-noel","9":"product_cat-jouets","10":"product_tag-christmas","11":"product_tag-christmas-star-bed","12":"product_tag-noodle-christmas-gingerbread-man","13":"product_tag-pain-depices","14":"product_tag-panier-de-noel-pour-chien","15":"product_tag-panier-etoile","17":"first","18":"instock","19":"shipping-taxable","20":"purchasable","21":"product-type-simple"},"yoast_head":"<!-- This site is optimized with the Yoast SEO plugin v25.5 - https:\/\/yoast.com\/wordpress\/plugins\/seo\/ -->\n<title>No\u00ebl - Jouet Fringe Waddle Squad Pingouins - L&#039;univers Animalier<\/title>\n<meta name=\"description\" content=\"Jouet de No\u00ebl - P\u00e8re No\u00ebl et Os rouge bordeaux\" \/>\n<meta name=\"robots\" content=\"index, follow, max-snippet:-1, max-image-preview:large, max-video-preview:-1\" \/>\n<link rel=\"canonical\" href=\"https:\/\/universanimalier.com\/en\/boutique\/noel-jouet-fringe-waddle-squad-pingouins\/\" \/>\n<meta property=\"og:locale\" content=\"en_US\" \/>\n<meta property=\"og:type\" content=\"article\" \/>\n<meta property=\"og:title\" content=\"No\u00ebl - Jouet Fringe Waddle Squad Pingouins - L&#039;univers Animalier\" \/>\n<meta property=\"og:description\" content=\"Jouet de No\u00ebl - P\u00e8re No\u00ebl et Os rouge bordeaux\" \/>\n<meta property=\"og:url\" content=\"https:\/\/universanimalier.com\/en\/boutique\/noel-jouet-fringe-waddle-squad-pingouins\/\" \/>\n<meta property=\"og:site_name\" content=\"L&#039;univers Animalier\" \/>\n<meta property=\"article:publisher\" content=\"https:\/\/www.facebook.com\/lunivers.animalier\" \/>\n<meta property=\"article:modified_time\" content=\"2025-11-05T20:54:54+00:00\" \/>\n<meta property=\"og:image\" content=\"https:\/\/universanimalier.com\/wp-content\/uploads\/2025\/11\/IMG_8159.jpeg\" \/>\n\t<meta property=\"og:image:width\" content=\"1440\" \/>\n\t<meta property=\"og:image:height\" content=\"1440\" \/>\n\t<meta property=\"og:image:type\" content=\"image\/jpeg\" \/>\n<meta name=\"twitter:card\" content=\"summary_large_image\" \/>\n<meta name=\"twitter:label1\" content=\"Est. reading time\" \/>\n\t<meta name=\"twitter:data1\" content=\"1 minute\" \/>\n<script type=\"application\/ld+json\" class=\"yoast-schema-graph\">{\"@context\":\"https:\/\/schema.org\",\"@graph\":[{\"@type\":\"WebPage\",\"@id\":\"https:\/\/universanimalier.com\/boutique\/noel-jouet-fringe-waddle-squad-pingouins\/\",\"url\":\"https:\/\/universanimalier.com\/boutique\/noel-jouet-fringe-waddle-squad-pingouins\/\",\"name\":\"No\u00ebl - Jouet Fringe Waddle Squad Pingouins - L&#039;univers Animalier\",\"isPartOf\":{\"@id\":\"https:\/\/wip.universanimalier.com\/#website\"},\"primaryImageOfPage\":{\"@id\":\"https:\/\/universanimalier.com\/boutique\/noel-jouet-fringe-waddle-squad-pingouins\/#primaryimage\"},\"image\":{\"@id\":\"https:\/\/universanimalier.com\/boutique\/noel-jouet-fringe-waddle-squad-pingouins\/#primaryimage\"},\"thumbnailUrl\":\"https:\/\/universanimalier.com\/wp-content\/uploads\/2025\/11\/IMG_8159.jpeg\",\"datePublished\":\"2025-11-05T20:49:28+00:00\",\"dateModified\":\"2025-11-05T20:54:54+00:00\",\"description\":\"Jouet de No\u00ebl - P\u00e8re No\u00ebl et Os rouge bordeaux\",\"breadcrumb\":{\"@id\":\"https:\/\/universanimalier.com\/boutique\/noel-jouet-fringe-waddle-squad-pingouins\/#breadcrumb\"},\"inLanguage\":\"en-US\",\"potentialAction\":[{\"@type\":\"ReadAction\",\"target\":[\"https:\/\/universanimalier.com\/boutique\/noel-jouet-fringe-waddle-squad-pingouins\/\"]}]},{\"@type\":\"ImageObject\",\"inLanguage\":\"en-US\",\"@id\":\"https:\/\/universanimalier.com\/boutique\/noel-jouet-fringe-waddle-squad-pingouins\/#primaryimage\",\"url\":\"https:\/\/universanimalier.com\/wp-content\/uploads\/2025\/11\/IMG_8159.jpeg\",\"contentUrl\":\"https:\/\/universanimalier.com\/wp-content\/uploads\/2025\/11\/IMG_8159.jpeg\",\"width\":1440,\"height\":1440},{\"@type\":\"BreadcrumbList\",\"@id\":\"https:\/\/universanimalier.com\/boutique\/noel-jouet-fringe-waddle-squad-pingouins\/#breadcrumb\",\"itemListElement\":[{\"@type\":\"ListItem\",\"position\":1,\"name\":\"Accueil\",\"item\":\"https:\/\/wip.universanimalier.com\/\"},{\"@type\":\"ListItem\",\"position\":2,\"name\":\"Boutique\",\"item\":\"https:\/\/wip.universanimalier.com\/boutique\/\"},{\"@type\":\"ListItem\",\"position\":3,\"name\":\"No\u00ebl &#8211; Jouet Fringe Waddle Squad Pingouins\"}]},{\"@type\":\"WebSite\",\"@id\":\"https:\/\/wip.universanimalier.com\/#website\",\"url\":\"https:\/\/wip.universanimalier.com\/\",\"name\":\"L'univers Animalier\",\"description\":\"Le paradis des chiens g\u00e2t\u00e9s !\",\"publisher\":{\"@id\":\"https:\/\/wip.universanimalier.com\/#organization\"},\"potentialAction\":[{\"@type\":\"SearchAction\",\"target\":{\"@type\":\"EntryPoint\",\"urlTemplate\":\"https:\/\/wip.universanimalier.com\/?s={search_term_string}\"},\"query-input\":{\"@type\":\"PropertyValueSpecification\",\"valueRequired\":true,\"valueName\":\"search_term_string\"}}],\"inLanguage\":\"en-US\"},{\"@type\":\"Organization\",\"@id\":\"https:\/\/wip.universanimalier.com\/#organization\",\"name\":\"L'univers Animalier\",\"url\":\"https:\/\/wip.universanimalier.com\/\",\"logo\":{\"@type\":\"ImageObject\",\"inLanguage\":\"en-US\",\"@id\":\"https:\/\/wip.universanimalier.com\/#\/schema\/logo\/image\/\",\"url\":\"https:\/\/universanimalier.com\/wp-content\/uploads\/2021\/06\/logo.jpg\",\"contentUrl\":\"https:\/\/universanimalier.com\/wp-content\/uploads\/2021\/06\/logo.jpg\",\"width\":800,\"height\":200,\"caption\":\"L'univers Animalier\"},\"image\":{\"@id\":\"https:\/\/wip.universanimalier.com\/#\/schema\/logo\/image\/\"},\"sameAs\":[\"https:\/\/www.facebook.com\/lunivers.animalier\"]}]}<\/script>\n<!-- \/ Yoast SEO plugin. -->","yoast_head_json":{"title":"No\u00ebl - Jouet Fringe Waddle Squad Pingouins - L&#039;univers Animalier","description":"Jouet de No\u00ebl - P\u00e8re No\u00ebl et Os rouge bordeaux","robots":{"index":"index","follow":"follow","max-snippet":"max-snippet:-1","max-image-preview":"max-image-preview:large","max-video-preview":"max-video-preview:-1"},"canonical":"https:\/\/universanimalier.com\/en\/boutique\/noel-jouet-fringe-waddle-squad-pingouins\/","og_locale":"en_US","og_type":"article","og_title":"No\u00ebl - Jouet Fringe Waddle Squad Pingouins - L&#039;univers Animalier","og_description":"Jouet de No\u00ebl - P\u00e8re No\u00ebl et Os rouge bordeaux","og_url":"https:\/\/universanimalier.com\/en\/boutique\/noel-jouet-fringe-waddle-squad-pingouins\/","og_site_name":"L&#039;univers Animalier","article_publisher":"https:\/\/www.facebook.com\/lunivers.animalier","article_modified_time":"2025-11-05T20:54:54+00:00","og_image":[{"width":1440,"height":1440,"url":"https:\/\/universanimalier.com\/wp-content\/uploads\/2025\/11\/IMG_8159.jpeg","type":"image\/jpeg"}],"twitter_card":"summary_large_image","twitter_misc":{"Est. reading time":"1 minute"},"schema":{"@context":"https:\/\/schema.org","@graph":[{"@type":"WebPage","@id":"https:\/\/universanimalier.com\/boutique\/noel-jouet-fringe-waddle-squad-pingouins\/","url":"https:\/\/universanimalier.com\/boutique\/noel-jouet-fringe-waddle-squad-pingouins\/","name":"No\u00ebl - Jouet Fringe Waddle Squad Pingouins - L&#039;univers Animalier","isPartOf":{"@id":"https:\/\/wip.universanimalier.com\/#website"},"primaryImageOfPage":{"@id":"https:\/\/universanimalier.com\/boutique\/noel-jouet-fringe-waddle-squad-pingouins\/#primaryimage"},"image":{"@id":"https:\/\/universanimalier.com\/boutique\/noel-jouet-fringe-waddle-squad-pingouins\/#primaryimage"},"thumbnailUrl":"https:\/\/universanimalier.com\/wp-content\/uploads\/2025\/11\/IMG_8159.jpeg","datePublished":"2025-11-05T20:49:28+00:00","dateModified":"2025-11-05T20:54:54+00:00","description":"Jouet de No\u00ebl - P\u00e8re No\u00ebl et Os rouge bordeaux","breadcrumb":{"@id":"https:\/\/universanimalier.com\/boutique\/noel-jouet-fringe-waddle-squad-pingouins\/#breadcrumb"},"inLanguage":"en-US","potentialAction":[{"@type":"ReadAction","target":["https:\/\/universanimalier.com\/boutique\/noel-jouet-fringe-waddle-squad-pingouins\/"]}]},{"@type":"ImageObject","inLanguage":"en-US","@id":"https:\/\/universanimalier.com\/boutique\/noel-jouet-fringe-waddle-squad-pingouins\/#primaryimage","url":"https:\/\/universanimalier.com\/wp-content\/uploads\/2025\/11\/IMG_8159.jpeg","contentUrl":"https:\/\/universanimalier.com\/wp-content\/uploads\/2025\/11\/IMG_8159.jpeg","width":1440,"height":1440},{"@type":"BreadcrumbList","@id":"https:\/\/universanimalier.com\/boutique\/noel-jouet-fringe-waddle-squad-pingouins\/#breadcrumb","itemListElement":[{"@type":"ListItem","position":1,"name":"Accueil","item":"https:\/\/wip.universanimalier.com\/"},{"@type":"ListItem","position":2,"name":"Boutique","item":"https:\/\/wip.universanimalier.com\/boutique\/"},{"@type":"ListItem","position":3,"name":"No\u00ebl &#8211; Jouet Fringe Waddle Squad Pingouins"}]},{"@type":"WebSite","@id":"https:\/\/wip.universanimalier.com\/#website","url":"https:\/\/wip.universanimalier.com\/","name":"L'univers Animalier","description":"A paradise for spoiled dogs!","publisher":{"@id":"https:\/\/wip.universanimalier.com\/#organization"},"potentialAction":[{"@type":"SearchAction","target":{"@type":"EntryPoint","urlTemplate":"https:\/\/wip.universanimalier.com\/?s={search_term_string}"},"query-input":{"@type":"PropertyValueSpecification","valueRequired":true,"valueName":"search_term_string"}}],"inLanguage":"en-US"},{"@type":"Organization","@id":"https:\/\/wip.universanimalier.com\/#organization","name":"L'univers Animalier","url":"https:\/\/wip.universanimalier.com\/","logo":{"@type":"ImageObject","inLanguage":"en-US","@id":"https:\/\/wip.universanimalier.com\/#\/schema\/logo\/image\/","url":"https:\/\/universanimalier.com\/wp-content\/uploads\/2021\/06\/logo.jpg","contentUrl":"https:\/\/universanimalier.com\/wp-content\/uploads\/2021\/06\/logo.jpg","width":800,"height":200,"caption":"L'univers Animalier"},"image":{"@id":"https:\/\/wip.universanimalier.com\/#\/schema\/logo\/image\/"},"sameAs":["https:\/\/www.facebook.com\/lunivers.animalier"]}]}},"_links":{"self":[{"href":"https:\/\/universanimalier.com\/en\/wp-json\/wp\/v2\/product\/62054"}],"collection":[{"href":"https:\/\/universanimalier.com\/en\/wp-json\/wp\/v2\/product"}],"about":[{"href":"https:\/\/universanimalier.com\/en\/wp-json\/wp\/v2\/types\/product"}],"wp:featuredmedia":[{"embeddable":true,"href":"https:\/\/universanimalier.com\/en\/wp-json\/wp\/v2\/media\/62020"}],"wp:attachment":[{"href":"https:\/\/universanimalier.com\/en\/wp-json\/wp\/v2\/media?parent=62054"}],"wp:term":[{"taxonomy":"product_brand","embeddable":true,"href":"https:\/\/universanimalier.com\/en\/wp-json\/wp\/v2\/product_brand?post=62054"},{"taxonomy":"product_cat","embeddable":true,"href":"https:\/\/universanimalier.com\/en\/wp-json\/wp\/v2\/product_cat?post=62054"},{"taxonomy":"product_tag","embeddable":true,"href":"https:\/\/universanimalier.com\/en\/wp-json\/wp\/v2\/product_tag?post=62054"}],"curies":[{"name":"wp","href":"https:\/\/api.w.org\/{rel}","templated":true}]}}