{"id":62076,"date":"2025-11-08T21:45:37","date_gmt":"2025-11-08T20:45:37","guid":{"rendered":"https:\/\/universanimalier.com\/?post_type=product&#038;p=62076"},"modified":"2025-12-12T10:34:57","modified_gmt":"2025-12-12T09:34:57","slug":"noel-pull-de-noel-renne-a-capuche","status":"publish","type":"product","link":"https:\/\/universanimalier.com\/en\/boutique\/noel-pull-de-noel-renne-a-capuche\/","title":{"rendered":"No\u00ebl &#8211; Pull de No\u00ebl Renne \u00e0 capuche"},"content":{"rendered":"<p>Joli pull de No\u00ebl \u00e0 capuche \u00ab\u00a0Renne\u00a0\u00bb doux et confortable pour les f\u00eates.<\/p>\n<ul>\n<li>Disponible en 5 tailles (longueur): 25 cm (XS), 30 cm (S), 35 cm (M), 40 cm (L), 45 cm (XL)<\/li>\n<li>Facile \u00e0 enfiler gr\u00e2ce \u00e0 la fermeture au niveau du ventre<\/li>\n<\/ul>","protected":false},"excerpt":{"rendered":"<p>Joli pull de No\u00ebl \u00e0 capuche \u00ab\u00a0Renne\u00a0\u00bb doux et confortable pour les f\u00eates.<\/p>\n<ul>\n<li>Disponible en 5 tailles (longueur): 25 cm (XS), 30 cm (S), 35 cm (M), 40 cm (L), 45 cm (XL)<\/li>\n<li>Facile \u00e0 enfiler gr\u00e2ce \u00e0 la fermeture au niveau du ventre<\/li>\n<\/ul>","protected":false},"featured_media":62031,"template":"","meta":[],"product_brand":[],"product_cat":[9271,1659,5583,1655,15],"product_tag":[9276,6741,707,8825,3093,8730,8826],"class_list":{"0":"post-62076","1":"product","2":"type-product","3":"status-publish","4":"has-post-thumbnail","6":"product_cat-automne-hiver-2025","7":"product_cat-manteaux","8":"product_cat-noel","9":"product_cat-pulls-et-sweats","10":"product_cat-dressing","11":"product_tag-cape-de-noel-pour-chien","12":"product_tag-cape-pour-chien","13":"product_tag-christmas","14":"product_tag-coussin-pain-depices","15":"product_tag-pull-de-noel-pour-chien","16":"product_tag-sweat-de-noel-pour-chien","17":"product_tag-sweatshirt-christmas-gingerbread","19":"first","20":"instock","21":"shipping-taxable","22":"purchasable","23":"product-type-variable"},"yoast_head":"<!-- This site is optimized with the Yoast SEO plugin v25.5 - https:\/\/yoast.com\/wordpress\/plugins\/seo\/ -->\n<title>No\u00ebl - Pull de No\u00ebl Renne \u00e0 capuche - L&#039;univers Animalier<\/title>\n<meta name=\"description\" content=\"No\u00ebl - Sweatshirt Christmas Gingerbread\" \/>\n<meta name=\"robots\" content=\"index, follow, max-snippet:-1, max-image-preview:large, max-video-preview:-1\" \/>\n<link rel=\"canonical\" href=\"https:\/\/universanimalier.com\/en\/boutique\/noel-pull-de-noel-renne-a-capuche\/\" \/>\n<meta property=\"og:locale\" content=\"en_US\" \/>\n<meta property=\"og:type\" content=\"article\" \/>\n<meta property=\"og:title\" content=\"No\u00ebl - Pull de No\u00ebl Renne \u00e0 capuche - L&#039;univers Animalier\" \/>\n<meta property=\"og:description\" content=\"No\u00ebl - Sweatshirt Christmas Gingerbread\" \/>\n<meta property=\"og:url\" content=\"https:\/\/universanimalier.com\/en\/boutique\/noel-pull-de-noel-renne-a-capuche\/\" \/>\n<meta property=\"og:site_name\" content=\"L&#039;univers Animalier\" \/>\n<meta property=\"article:publisher\" content=\"https:\/\/www.facebook.com\/lunivers.animalier\" \/>\n<meta property=\"article:modified_time\" content=\"2025-12-12T09:34:57+00:00\" \/>\n<meta property=\"og:image\" content=\"https:\/\/universanimalier.com\/wp-content\/uploads\/2025\/11\/felpa-babbo-natale.jpg\" \/>\n\t<meta property=\"og:image:width\" content=\"1100\" \/>\n\t<meta property=\"og:image:height\" content=\"1422\" \/>\n\t<meta property=\"og:image:type\" content=\"image\/jpeg\" \/>\n<meta name=\"twitter:card\" content=\"summary_large_image\" \/>\n<meta name=\"twitter:label1\" content=\"Est. reading time\" \/>\n\t<meta name=\"twitter:data1\" content=\"1 minute\" \/>\n<script type=\"application\/ld+json\" class=\"yoast-schema-graph\">{\"@context\":\"https:\/\/schema.org\",\"@graph\":[{\"@type\":\"WebPage\",\"@id\":\"https:\/\/universanimalier.com\/boutique\/noel-pull-de-noel-renne-a-capuche\/\",\"url\":\"https:\/\/universanimalier.com\/boutique\/noel-pull-de-noel-renne-a-capuche\/\",\"name\":\"No\u00ebl - Pull de No\u00ebl Renne \u00e0 capuche - L&#039;univers Animalier\",\"isPartOf\":{\"@id\":\"https:\/\/wip.universanimalier.com\/#website\"},\"primaryImageOfPage\":{\"@id\":\"https:\/\/universanimalier.com\/boutique\/noel-pull-de-noel-renne-a-capuche\/#primaryimage\"},\"image\":{\"@id\":\"https:\/\/universanimalier.com\/boutique\/noel-pull-de-noel-renne-a-capuche\/#primaryimage\"},\"thumbnailUrl\":\"https:\/\/universanimalier.com\/wp-content\/uploads\/2025\/11\/felpa-babbo-natale.jpg\",\"datePublished\":\"2025-11-08T20:45:37+00:00\",\"dateModified\":\"2025-12-12T09:34:57+00:00\",\"description\":\"No\u00ebl - Sweatshirt Christmas Gingerbread\",\"breadcrumb\":{\"@id\":\"https:\/\/universanimalier.com\/boutique\/noel-pull-de-noel-renne-a-capuche\/#breadcrumb\"},\"inLanguage\":\"en-US\",\"potentialAction\":[{\"@type\":\"ReadAction\",\"target\":[\"https:\/\/universanimalier.com\/boutique\/noel-pull-de-noel-renne-a-capuche\/\"]}]},{\"@type\":\"ImageObject\",\"inLanguage\":\"en-US\",\"@id\":\"https:\/\/universanimalier.com\/boutique\/noel-pull-de-noel-renne-a-capuche\/#primaryimage\",\"url\":\"https:\/\/universanimalier.com\/wp-content\/uploads\/2025\/11\/felpa-babbo-natale.jpg\",\"contentUrl\":\"https:\/\/universanimalier.com\/wp-content\/uploads\/2025\/11\/felpa-babbo-natale.jpg\",\"width\":1100,\"height\":1422},{\"@type\":\"BreadcrumbList\",\"@id\":\"https:\/\/universanimalier.com\/boutique\/noel-pull-de-noel-renne-a-capuche\/#breadcrumb\",\"itemListElement\":[{\"@type\":\"ListItem\",\"position\":1,\"name\":\"Accueil\",\"item\":\"https:\/\/wip.universanimalier.com\/\"},{\"@type\":\"ListItem\",\"position\":2,\"name\":\"Boutique\",\"item\":\"https:\/\/wip.universanimalier.com\/boutique\/\"},{\"@type\":\"ListItem\",\"position\":3,\"name\":\"No\u00ebl &#8211; Pull de No\u00ebl Renne \u00e0 capuche\"}]},{\"@type\":\"WebSite\",\"@id\":\"https:\/\/wip.universanimalier.com\/#website\",\"url\":\"https:\/\/wip.universanimalier.com\/\",\"name\":\"L'univers Animalier\",\"description\":\"Le paradis des chiens g\u00e2t\u00e9s !\",\"publisher\":{\"@id\":\"https:\/\/wip.universanimalier.com\/#organization\"},\"potentialAction\":[{\"@type\":\"SearchAction\",\"target\":{\"@type\":\"EntryPoint\",\"urlTemplate\":\"https:\/\/wip.universanimalier.com\/?s={search_term_string}\"},\"query-input\":{\"@type\":\"PropertyValueSpecification\",\"valueRequired\":true,\"valueName\":\"search_term_string\"}}],\"inLanguage\":\"en-US\"},{\"@type\":\"Organization\",\"@id\":\"https:\/\/wip.universanimalier.com\/#organization\",\"name\":\"L'univers Animalier\",\"url\":\"https:\/\/wip.universanimalier.com\/\",\"logo\":{\"@type\":\"ImageObject\",\"inLanguage\":\"en-US\",\"@id\":\"https:\/\/wip.universanimalier.com\/#\/schema\/logo\/image\/\",\"url\":\"https:\/\/universanimalier.com\/wp-content\/uploads\/2021\/06\/logo.jpg\",\"contentUrl\":\"https:\/\/universanimalier.com\/wp-content\/uploads\/2021\/06\/logo.jpg\",\"width\":800,\"height\":200,\"caption\":\"L'univers Animalier\"},\"image\":{\"@id\":\"https:\/\/wip.universanimalier.com\/#\/schema\/logo\/image\/\"},\"sameAs\":[\"https:\/\/www.facebook.com\/lunivers.animalier\"]}]}<\/script>\n<!-- \/ Yoast SEO plugin. -->","yoast_head_json":{"title":"No\u00ebl - Pull de No\u00ebl Renne \u00e0 capuche - L&#039;univers Animalier","description":"No\u00ebl - Sweatshirt Christmas Gingerbread","robots":{"index":"index","follow":"follow","max-snippet":"max-snippet:-1","max-image-preview":"max-image-preview:large","max-video-preview":"max-video-preview:-1"},"canonical":"https:\/\/universanimalier.com\/en\/boutique\/noel-pull-de-noel-renne-a-capuche\/","og_locale":"en_US","og_type":"article","og_title":"No\u00ebl - Pull de No\u00ebl Renne \u00e0 capuche - L&#039;univers Animalier","og_description":"No\u00ebl - Sweatshirt Christmas Gingerbread","og_url":"https:\/\/universanimalier.com\/en\/boutique\/noel-pull-de-noel-renne-a-capuche\/","og_site_name":"L&#039;univers Animalier","article_publisher":"https:\/\/www.facebook.com\/lunivers.animalier","article_modified_time":"2025-12-12T09:34:57+00:00","og_image":[{"width":1100,"height":1422,"url":"https:\/\/universanimalier.com\/wp-content\/uploads\/2025\/11\/felpa-babbo-natale.jpg","type":"image\/jpeg"}],"twitter_card":"summary_large_image","twitter_misc":{"Est. reading time":"1 minute"},"schema":{"@context":"https:\/\/schema.org","@graph":[{"@type":"WebPage","@id":"https:\/\/universanimalier.com\/boutique\/noel-pull-de-noel-renne-a-capuche\/","url":"https:\/\/universanimalier.com\/boutique\/noel-pull-de-noel-renne-a-capuche\/","name":"No\u00ebl - Pull de No\u00ebl Renne \u00e0 capuche - L&#039;univers Animalier","isPartOf":{"@id":"https:\/\/wip.universanimalier.com\/#website"},"primaryImageOfPage":{"@id":"https:\/\/universanimalier.com\/boutique\/noel-pull-de-noel-renne-a-capuche\/#primaryimage"},"image":{"@id":"https:\/\/universanimalier.com\/boutique\/noel-pull-de-noel-renne-a-capuche\/#primaryimage"},"thumbnailUrl":"https:\/\/universanimalier.com\/wp-content\/uploads\/2025\/11\/felpa-babbo-natale.jpg","datePublished":"2025-11-08T20:45:37+00:00","dateModified":"2025-12-12T09:34:57+00:00","description":"No\u00ebl - Sweatshirt Christmas Gingerbread","breadcrumb":{"@id":"https:\/\/universanimalier.com\/boutique\/noel-pull-de-noel-renne-a-capuche\/#breadcrumb"},"inLanguage":"en-US","potentialAction":[{"@type":"ReadAction","target":["https:\/\/universanimalier.com\/boutique\/noel-pull-de-noel-renne-a-capuche\/"]}]},{"@type":"ImageObject","inLanguage":"en-US","@id":"https:\/\/universanimalier.com\/boutique\/noel-pull-de-noel-renne-a-capuche\/#primaryimage","url":"https:\/\/universanimalier.com\/wp-content\/uploads\/2025\/11\/felpa-babbo-natale.jpg","contentUrl":"https:\/\/universanimalier.com\/wp-content\/uploads\/2025\/11\/felpa-babbo-natale.jpg","width":1100,"height":1422},{"@type":"BreadcrumbList","@id":"https:\/\/universanimalier.com\/boutique\/noel-pull-de-noel-renne-a-capuche\/#breadcrumb","itemListElement":[{"@type":"ListItem","position":1,"name":"Accueil","item":"https:\/\/wip.universanimalier.com\/"},{"@type":"ListItem","position":2,"name":"Boutique","item":"https:\/\/wip.universanimalier.com\/boutique\/"},{"@type":"ListItem","position":3,"name":"No\u00ebl &#8211; Pull de No\u00ebl Renne \u00e0 capuche"}]},{"@type":"WebSite","@id":"https:\/\/wip.universanimalier.com\/#website","url":"https:\/\/wip.universanimalier.com\/","name":"L'univers Animalier","description":"A paradise for spoiled dogs!","publisher":{"@id":"https:\/\/wip.universanimalier.com\/#organization"},"potentialAction":[{"@type":"SearchAction","target":{"@type":"EntryPoint","urlTemplate":"https:\/\/wip.universanimalier.com\/?s={search_term_string}"},"query-input":{"@type":"PropertyValueSpecification","valueRequired":true,"valueName":"search_term_string"}}],"inLanguage":"en-US"},{"@type":"Organization","@id":"https:\/\/wip.universanimalier.com\/#organization","name":"L'univers Animalier","url":"https:\/\/wip.universanimalier.com\/","logo":{"@type":"ImageObject","inLanguage":"en-US","@id":"https:\/\/wip.universanimalier.com\/#\/schema\/logo\/image\/","url":"https:\/\/universanimalier.com\/wp-content\/uploads\/2021\/06\/logo.jpg","contentUrl":"https:\/\/universanimalier.com\/wp-content\/uploads\/2021\/06\/logo.jpg","width":800,"height":200,"caption":"L'univers Animalier"},"image":{"@id":"https:\/\/wip.universanimalier.com\/#\/schema\/logo\/image\/"},"sameAs":["https:\/\/www.facebook.com\/lunivers.animalier"]}]}},"_links":{"self":[{"href":"https:\/\/universanimalier.com\/en\/wp-json\/wp\/v2\/product\/62076"}],"collection":[{"href":"https:\/\/universanimalier.com\/en\/wp-json\/wp\/v2\/product"}],"about":[{"href":"https:\/\/universanimalier.com\/en\/wp-json\/wp\/v2\/types\/product"}],"wp:featuredmedia":[{"embeddable":true,"href":"https:\/\/universanimalier.com\/en\/wp-json\/wp\/v2\/media\/62031"}],"wp:attachment":[{"href":"https:\/\/universanimalier.com\/en\/wp-json\/wp\/v2\/media?parent=62076"}],"wp:term":[{"taxonomy":"product_brand","embeddable":true,"href":"https:\/\/universanimalier.com\/en\/wp-json\/wp\/v2\/product_brand?post=62076"},{"taxonomy":"product_cat","embeddable":true,"href":"https:\/\/universanimalier.com\/en\/wp-json\/wp\/v2\/product_cat?post=62076"},{"taxonomy":"product_tag","embeddable":true,"href":"https:\/\/universanimalier.com\/en\/wp-json\/wp\/v2\/product_tag?post=62076"}],"curies":[{"name":"wp","href":"https:\/\/api.w.org\/{rel}","templated":true}]}}