{"id":62091,"date":"2025-11-08T22:02:35","date_gmt":"2025-11-08T21:02:35","guid":{"rendered":"https:\/\/universanimalier.com\/?post_type=product&#038;p=62091"},"modified":"2025-11-08T22:04:25","modified_gmt":"2025-11-08T21:04:25","slug":"for-pets-only-laisse-the-magic-island-rope-and-strass","status":"publish","type":"product","link":"https:\/\/universanimalier.com\/en\/boutique\/for-pets-only-laisse-the-magic-island-rope-and-strass\/","title":{"rendered":"For Pets Only &#8211; Laisse The Magic Island Rope and strass"},"content":{"rendered":"<p id=\"tw-target-text\" class=\"tw-data-text tw-text-large tw-ta\" dir=\"ltr\" tabindex=\"-1\" role=\"text\" data-placeholder=\"Traduction\" data-ved=\"2ahUKEwiyi5_PuOOQAxXQ_QIHHT2lIrcQ3ewLegQICxAV\" aria-label=\"Texte traduit\u00a0: Ce magnifique collier boh\u00e8me chic est confectionn\u00e9 avec une base en similicuir doux et orn\u00e9 d'\u00e9l\u00e9gants motifs tiss\u00e9s qui scintillent au moindre mouvement. L\u00e9ger et confortable, ce collier vous transportera sur une \u00eele m\u00e9diterran\u00e9enne de r\u00eave.\"><span class=\"Y2IQFc\" lang=\"fr\">Cette magnifique laisse boh\u00e8me chic est confectionn\u00e9e avec une base en similicuir doux et orn\u00e9e d&rsquo;\u00e9l\u00e9gants motifs tiss\u00e9s qui scintillent au moindre mouvement. L\u00e9ger et confortable.<\/span><\/p>\n<ul>\n<li>soft and supple eco-leather<\/li>\n<li>nickel free<\/li>\n<li>100% made in Italy<\/li>\n<\/ul>","protected":false},"excerpt":{"rendered":"<p id=\"tw-target-text\" class=\"tw-data-text tw-text-large tw-ta\" dir=\"ltr\" tabindex=\"-1\" role=\"text\" data-placeholder=\"Traduction\" data-ved=\"2ahUKEwiyi5_PuOOQAxXQ_QIHHT2lIrcQ3ewLegQICxAV\" aria-label=\"Texte traduit\u00a0: Ce magnifique collier boh\u00e8me chic est confectionn\u00e9 avec une base en similicuir doux et orn\u00e9 d'\u00e9l\u00e9gants motifs tiss\u00e9s qui scintillent au moindre mouvement. L\u00e9ger et confortable, ce collier vous transportera sur une \u00eele m\u00e9diterran\u00e9enne de r\u00eave.\"><span class=\"Y2IQFc\" lang=\"fr\">Cette magnifique laisse boh\u00e8me chic est confectionn\u00e9e avec une base en similicuir doux et orn\u00e9e d&rsquo;\u00e9l\u00e9gants motifs tiss\u00e9s qui scintillent au moindre mouvement.\u00a0<\/span><\/p>\n<ul>\n<li>soft and supple eco-leather<\/li>\n<li>nickel free<\/li>\n<li>100% made in Italy<\/li>\n<li>To match with <a href=\"https:\/\/universanimalier.com\/en\/boutique\/for-pets-only-collier-the-magic-island-rope-and-strass\/\">collier The Magic Island<\/a><\/li>\n<\/ul>","protected":false},"featured_media":62093,"template":"","meta":[],"product_brand":[],"product_cat":[9271,5134,54],"product_tag":[3308,2549,12,140],"class_list":{"0":"post-62091","1":"product","2":"type-product","3":"status-publish","4":"has-post-thumbnail","6":"product_cat-automne-hiver-2025","7":"product_cat-en-balade","8":"product_cat-laisses","9":"product_tag-collier-for-pets-only","10":"product_tag-collier-fpo","11":"product_tag-for-pets-only","12":"product_tag-fpo","14":"first","15":"instock","16":"shipping-taxable","17":"purchasable","18":"product-type-simple"},"yoast_head":"<!-- This site is optimized with the Yoast SEO plugin v25.5 - https:\/\/yoast.com\/wordpress\/plugins\/seo\/ -->\n<title>For Pets Only - Laisse The Magic Island Rope and strass - L&#039;univers Animalier<\/title>\n<meta name=\"description\" content=\"For Pets Only - Collier Magic Pearl Drops White\" \/>\n<meta name=\"robots\" content=\"index, follow, max-snippet:-1, max-image-preview:large, max-video-preview:-1\" \/>\n<link rel=\"canonical\" href=\"https:\/\/universanimalier.com\/en\/boutique\/for-pets-only-laisse-the-magic-island-rope-and-strass\/\" \/>\n<meta property=\"og:locale\" content=\"en_US\" \/>\n<meta property=\"og:type\" content=\"article\" \/>\n<meta property=\"og:title\" content=\"For Pets Only - Laisse The Magic Island Rope and strass - L&#039;univers Animalier\" \/>\n<meta property=\"og:description\" content=\"For Pets Only - Collier Magic Pearl Drops White\" \/>\n<meta property=\"og:url\" content=\"https:\/\/universanimalier.com\/en\/boutique\/for-pets-only-laisse-the-magic-island-rope-and-strass\/\" \/>\n<meta property=\"og:site_name\" content=\"L&#039;univers Animalier\" \/>\n<meta property=\"article:publisher\" content=\"https:\/\/www.facebook.com\/lunivers.animalier\" \/>\n<meta property=\"article:modified_time\" content=\"2025-11-08T21:04:25+00:00\" \/>\n<meta property=\"og:image\" content=\"https:\/\/universanimalier.com\/wp-content\/uploads\/2025\/11\/the-magic-island-leash-rope-strass-choco.jpg\" \/>\n\t<meta property=\"og:image:width\" content=\"1663\" \/>\n\t<meta property=\"og:image:height\" content=\"1663\" \/>\n\t<meta property=\"og:image:type\" content=\"image\/jpeg\" \/>\n<meta name=\"twitter:card\" content=\"summary_large_image\" \/>\n<meta name=\"twitter:label1\" content=\"Est. reading time\" \/>\n\t<meta name=\"twitter:data1\" content=\"1 minute\" \/>\n<script type=\"application\/ld+json\" class=\"yoast-schema-graph\">{\"@context\":\"https:\/\/schema.org\",\"@graph\":[{\"@type\":\"WebPage\",\"@id\":\"https:\/\/universanimalier.com\/boutique\/for-pets-only-laisse-the-magic-island-rope-and-strass\/\",\"url\":\"https:\/\/universanimalier.com\/boutique\/for-pets-only-laisse-the-magic-island-rope-and-strass\/\",\"name\":\"For Pets Only - Laisse The Magic Island Rope and strass - L&#039;univers Animalier\",\"isPartOf\":{\"@id\":\"https:\/\/wip.universanimalier.com\/#website\"},\"primaryImageOfPage\":{\"@id\":\"https:\/\/universanimalier.com\/boutique\/for-pets-only-laisse-the-magic-island-rope-and-strass\/#primaryimage\"},\"image\":{\"@id\":\"https:\/\/universanimalier.com\/boutique\/for-pets-only-laisse-the-magic-island-rope-and-strass\/#primaryimage\"},\"thumbnailUrl\":\"https:\/\/universanimalier.com\/wp-content\/uploads\/2025\/11\/the-magic-island-leash-rope-strass-choco.jpg\",\"datePublished\":\"2025-11-08T21:02:35+00:00\",\"dateModified\":\"2025-11-08T21:04:25+00:00\",\"description\":\"For Pets Only - Collier Magic Pearl Drops White\",\"breadcrumb\":{\"@id\":\"https:\/\/universanimalier.com\/boutique\/for-pets-only-laisse-the-magic-island-rope-and-strass\/#breadcrumb\"},\"inLanguage\":\"en-US\",\"potentialAction\":[{\"@type\":\"ReadAction\",\"target\":[\"https:\/\/universanimalier.com\/boutique\/for-pets-only-laisse-the-magic-island-rope-and-strass\/\"]}]},{\"@type\":\"ImageObject\",\"inLanguage\":\"en-US\",\"@id\":\"https:\/\/universanimalier.com\/boutique\/for-pets-only-laisse-the-magic-island-rope-and-strass\/#primaryimage\",\"url\":\"https:\/\/universanimalier.com\/wp-content\/uploads\/2025\/11\/the-magic-island-leash-rope-strass-choco.jpg\",\"contentUrl\":\"https:\/\/universanimalier.com\/wp-content\/uploads\/2025\/11\/the-magic-island-leash-rope-strass-choco.jpg\",\"width\":1663,\"height\":1663},{\"@type\":\"BreadcrumbList\",\"@id\":\"https:\/\/universanimalier.com\/boutique\/for-pets-only-laisse-the-magic-island-rope-and-strass\/#breadcrumb\",\"itemListElement\":[{\"@type\":\"ListItem\",\"position\":1,\"name\":\"Accueil\",\"item\":\"https:\/\/wip.universanimalier.com\/\"},{\"@type\":\"ListItem\",\"position\":2,\"name\":\"Boutique\",\"item\":\"https:\/\/wip.universanimalier.com\/boutique\/\"},{\"@type\":\"ListItem\",\"position\":3,\"name\":\"For Pets Only &#8211; Laisse The Magic Island Rope and strass\"}]},{\"@type\":\"WebSite\",\"@id\":\"https:\/\/wip.universanimalier.com\/#website\",\"url\":\"https:\/\/wip.universanimalier.com\/\",\"name\":\"L'univers Animalier\",\"description\":\"Le paradis des chiens g\u00e2t\u00e9s !\",\"publisher\":{\"@id\":\"https:\/\/wip.universanimalier.com\/#organization\"},\"potentialAction\":[{\"@type\":\"SearchAction\",\"target\":{\"@type\":\"EntryPoint\",\"urlTemplate\":\"https:\/\/wip.universanimalier.com\/?s={search_term_string}\"},\"query-input\":{\"@type\":\"PropertyValueSpecification\",\"valueRequired\":true,\"valueName\":\"search_term_string\"}}],\"inLanguage\":\"en-US\"},{\"@type\":\"Organization\",\"@id\":\"https:\/\/wip.universanimalier.com\/#organization\",\"name\":\"L'univers Animalier\",\"url\":\"https:\/\/wip.universanimalier.com\/\",\"logo\":{\"@type\":\"ImageObject\",\"inLanguage\":\"en-US\",\"@id\":\"https:\/\/wip.universanimalier.com\/#\/schema\/logo\/image\/\",\"url\":\"https:\/\/universanimalier.com\/wp-content\/uploads\/2021\/06\/logo.jpg\",\"contentUrl\":\"https:\/\/universanimalier.com\/wp-content\/uploads\/2021\/06\/logo.jpg\",\"width\":800,\"height\":200,\"caption\":\"L'univers Animalier\"},\"image\":{\"@id\":\"https:\/\/wip.universanimalier.com\/#\/schema\/logo\/image\/\"},\"sameAs\":[\"https:\/\/www.facebook.com\/lunivers.animalier\"]}]}<\/script>\n<!-- \/ Yoast SEO plugin. -->","yoast_head_json":{"title":"For Pets Only - Laisse The Magic Island Rope and strass - L&#039;univers Animalier","description":"For Pets Only - Collier Magic Pearl Drops White","robots":{"index":"index","follow":"follow","max-snippet":"max-snippet:-1","max-image-preview":"max-image-preview:large","max-video-preview":"max-video-preview:-1"},"canonical":"https:\/\/universanimalier.com\/en\/boutique\/for-pets-only-laisse-the-magic-island-rope-and-strass\/","og_locale":"en_US","og_type":"article","og_title":"For Pets Only - Laisse The Magic Island Rope and strass - L&#039;univers Animalier","og_description":"For Pets Only - Collier Magic Pearl Drops White","og_url":"https:\/\/universanimalier.com\/en\/boutique\/for-pets-only-laisse-the-magic-island-rope-and-strass\/","og_site_name":"L&#039;univers Animalier","article_publisher":"https:\/\/www.facebook.com\/lunivers.animalier","article_modified_time":"2025-11-08T21:04:25+00:00","og_image":[{"width":1663,"height":1663,"url":"https:\/\/universanimalier.com\/wp-content\/uploads\/2025\/11\/the-magic-island-leash-rope-strass-choco.jpg","type":"image\/jpeg"}],"twitter_card":"summary_large_image","twitter_misc":{"Est. reading time":"1 minute"},"schema":{"@context":"https:\/\/schema.org","@graph":[{"@type":"WebPage","@id":"https:\/\/universanimalier.com\/boutique\/for-pets-only-laisse-the-magic-island-rope-and-strass\/","url":"https:\/\/universanimalier.com\/boutique\/for-pets-only-laisse-the-magic-island-rope-and-strass\/","name":"For Pets Only - Laisse The Magic Island Rope and strass - L&#039;univers Animalier","isPartOf":{"@id":"https:\/\/wip.universanimalier.com\/#website"},"primaryImageOfPage":{"@id":"https:\/\/universanimalier.com\/boutique\/for-pets-only-laisse-the-magic-island-rope-and-strass\/#primaryimage"},"image":{"@id":"https:\/\/universanimalier.com\/boutique\/for-pets-only-laisse-the-magic-island-rope-and-strass\/#primaryimage"},"thumbnailUrl":"https:\/\/universanimalier.com\/wp-content\/uploads\/2025\/11\/the-magic-island-leash-rope-strass-choco.jpg","datePublished":"2025-11-08T21:02:35+00:00","dateModified":"2025-11-08T21:04:25+00:00","description":"For Pets Only - Collier Magic Pearl Drops White","breadcrumb":{"@id":"https:\/\/universanimalier.com\/boutique\/for-pets-only-laisse-the-magic-island-rope-and-strass\/#breadcrumb"},"inLanguage":"en-US","potentialAction":[{"@type":"ReadAction","target":["https:\/\/universanimalier.com\/boutique\/for-pets-only-laisse-the-magic-island-rope-and-strass\/"]}]},{"@type":"ImageObject","inLanguage":"en-US","@id":"https:\/\/universanimalier.com\/boutique\/for-pets-only-laisse-the-magic-island-rope-and-strass\/#primaryimage","url":"https:\/\/universanimalier.com\/wp-content\/uploads\/2025\/11\/the-magic-island-leash-rope-strass-choco.jpg","contentUrl":"https:\/\/universanimalier.com\/wp-content\/uploads\/2025\/11\/the-magic-island-leash-rope-strass-choco.jpg","width":1663,"height":1663},{"@type":"BreadcrumbList","@id":"https:\/\/universanimalier.com\/boutique\/for-pets-only-laisse-the-magic-island-rope-and-strass\/#breadcrumb","itemListElement":[{"@type":"ListItem","position":1,"name":"Accueil","item":"https:\/\/wip.universanimalier.com\/"},{"@type":"ListItem","position":2,"name":"Boutique","item":"https:\/\/wip.universanimalier.com\/boutique\/"},{"@type":"ListItem","position":3,"name":"For Pets Only &#8211; Laisse The Magic Island Rope and strass"}]},{"@type":"WebSite","@id":"https:\/\/wip.universanimalier.com\/#website","url":"https:\/\/wip.universanimalier.com\/","name":"L'univers Animalier","description":"A paradise for spoiled dogs!","publisher":{"@id":"https:\/\/wip.universanimalier.com\/#organization"},"potentialAction":[{"@type":"SearchAction","target":{"@type":"EntryPoint","urlTemplate":"https:\/\/wip.universanimalier.com\/?s={search_term_string}"},"query-input":{"@type":"PropertyValueSpecification","valueRequired":true,"valueName":"search_term_string"}}],"inLanguage":"en-US"},{"@type":"Organization","@id":"https:\/\/wip.universanimalier.com\/#organization","name":"L'univers Animalier","url":"https:\/\/wip.universanimalier.com\/","logo":{"@type":"ImageObject","inLanguage":"en-US","@id":"https:\/\/wip.universanimalier.com\/#\/schema\/logo\/image\/","url":"https:\/\/universanimalier.com\/wp-content\/uploads\/2021\/06\/logo.jpg","contentUrl":"https:\/\/universanimalier.com\/wp-content\/uploads\/2021\/06\/logo.jpg","width":800,"height":200,"caption":"L'univers Animalier"},"image":{"@id":"https:\/\/wip.universanimalier.com\/#\/schema\/logo\/image\/"},"sameAs":["https:\/\/www.facebook.com\/lunivers.animalier"]}]}},"_links":{"self":[{"href":"https:\/\/universanimalier.com\/en\/wp-json\/wp\/v2\/product\/62091"}],"collection":[{"href":"https:\/\/universanimalier.com\/en\/wp-json\/wp\/v2\/product"}],"about":[{"href":"https:\/\/universanimalier.com\/en\/wp-json\/wp\/v2\/types\/product"}],"wp:featuredmedia":[{"embeddable":true,"href":"https:\/\/universanimalier.com\/en\/wp-json\/wp\/v2\/media\/62093"}],"wp:attachment":[{"href":"https:\/\/universanimalier.com\/en\/wp-json\/wp\/v2\/media?parent=62091"}],"wp:term":[{"taxonomy":"product_brand","embeddable":true,"href":"https:\/\/universanimalier.com\/en\/wp-json\/wp\/v2\/product_brand?post=62091"},{"taxonomy":"product_cat","embeddable":true,"href":"https:\/\/universanimalier.com\/en\/wp-json\/wp\/v2\/product_cat?post=62091"},{"taxonomy":"product_tag","embeddable":true,"href":"https:\/\/universanimalier.com\/en\/wp-json\/wp\/v2\/product_tag?post=62091"}],"curies":[{"name":"wp","href":"https:\/\/api.w.org\/{rel}","templated":true}]}}