{"id":62127,"date":"2025-11-09T09:51:43","date_gmt":"2025-11-09T08:51:43","guid":{"rendered":"https:\/\/universanimalier.com\/?post_type=product&#038;p=62127"},"modified":"2026-01-31T20:51:12","modified_gmt":"2026-01-31T19:51:12","slug":"for-pets-only-pull-dont-touch-me-dolce-vita","status":"publish","type":"product","link":"https:\/\/universanimalier.com\/en\/boutique\/for-pets-only-pull-dont-touch-me-dolce-vita\/","title":{"rendered":"For Pets Only &#8211; Pull Don&rsquo;t Touch Me Dolce Vita"},"content":{"rendered":"<div>\n<p>Pi\u00e8ce incontournable de la nouvelle saison hivernale\u00a0: ce magnifique pull \u00e0 col roul\u00e9 en viscose douce et chaude, orn\u00e9 d\u2019un col montant brod\u00e9.<\/p>\n<p>Le porteriez-vous sous vos pulls pr\u00e9f\u00e9r\u00e9s pour un look glamour et chic, ou seul pour une allure parfaite en toute occasion\u00a0?<\/p>\n<\/div>\n<ul>\n<li class=\"tw-data-text tw-text-large tw-ta\" dir=\"ltr\" data-placeholder=\"Traduction\"><span class=\"Y2IQFc\" lang=\"fr\">Easy to put on\u00a0<\/span><\/li>\n<li dir=\"ltr\" data-placeholder=\"Traduction\">Soft and comfortable<\/li>\n<li dir=\"ltr\" data-placeholder=\"Traduction\">100% made in Italy<\/li>\n<li dir=\"ltr\" data-placeholder=\"Traduction\">Choose the usual size in Italian brands<\/li>\n<\/ul>","protected":false},"excerpt":{"rendered":"<div>\n<p>Pi\u00e8ce incontournable de la nouvelle saison hivernale\u00a0: ce magnifique pull \u00e0 col roul\u00e9 en viscose douce et chaude, orn\u00e9 d\u2019un col montant brod\u00e9.<\/p>\n<p>Le porteriez-vous sous vos pulls pr\u00e9f\u00e9r\u00e9s pour un look glamour et chic, ou seul pour une allure parfaite en toute occasion\u00a0?<\/p>\n<\/div>\n<ul>\n<li class=\"tw-data-text tw-text-large tw-ta\" dir=\"ltr\" data-placeholder=\"Traduction\"><span class=\"Y2IQFc\" lang=\"fr\">Easy to put on\u00a0<\/span><\/li>\n<li dir=\"ltr\" data-placeholder=\"Traduction\">Soft and comfortable<\/li>\n<li dir=\"ltr\" data-placeholder=\"Traduction\">100% made in Italy<\/li>\n<li dir=\"ltr\" data-placeholder=\"Traduction\">Choose the usual size in Italian brands<\/li>\n<\/ul>","protected":false},"featured_media":62129,"template":"","meta":[],"product_brand":[],"product_cat":[1655,15],"product_tag":[3013,12,140,3021,9277],"class_list":{"0":"post-62127","1":"product","2":"type-product","3":"status-publish","4":"has-post-thumbnail","6":"product_cat-pulls-et-sweats","7":"product_cat-dressing","8":"product_tag-doudoune-pour-chien","9":"product_tag-for-pets-only","10":"product_tag-fpo","11":"product_tag-impermeable-pour-chien","12":"product_tag-manteau-reversible-pour-chien","14":"first","15":"instock","16":"shipping-taxable","17":"purchasable","18":"product-type-variable"},"yoast_head":"<!-- This site is optimized with the Yoast SEO plugin v25.5 - https:\/\/yoast.com\/wordpress\/plugins\/seo\/ -->\n<title>For Pets Only - Pull Don&#039;t Touch Me Dolce Vita - L&#039;univers Animalier<\/title>\n<meta name=\"description\" content=\"For Pets Only - Pull Topomio Diamond Rainbow Cuddle Aqua\" \/>\n<meta name=\"robots\" content=\"index, follow, max-snippet:-1, max-image-preview:large, max-video-preview:-1\" \/>\n<link rel=\"canonical\" href=\"https:\/\/universanimalier.com\/en\/boutique\/for-pets-only-pull-dont-touch-me-dolce-vita\/\" \/>\n<meta property=\"og:locale\" content=\"en_US\" \/>\n<meta property=\"og:type\" content=\"article\" \/>\n<meta property=\"og:title\" content=\"For Pets Only - Pull Don&#039;t Touch Me Dolce Vita - L&#039;univers Animalier\" \/>\n<meta property=\"og:description\" content=\"For Pets Only - Pull Topomio Diamond Rainbow Cuddle Aqua\" \/>\n<meta property=\"og:url\" content=\"https:\/\/universanimalier.com\/en\/boutique\/for-pets-only-pull-dont-touch-me-dolce-vita\/\" \/>\n<meta property=\"og:site_name\" content=\"L&#039;univers Animalier\" \/>\n<meta property=\"article:publisher\" content=\"https:\/\/www.facebook.com\/lunivers.animalier\" \/>\n<meta property=\"article:modified_time\" content=\"2026-01-31T19:51:12+00:00\" \/>\n<meta property=\"og:image\" content=\"https:\/\/universanimalier.com\/wp-content\/uploads\/2025\/11\/don-t-touch-me-dolcevita.jpg\" \/>\n\t<meta property=\"og:image:width\" content=\"1663\" \/>\n\t<meta property=\"og:image:height\" content=\"1663\" \/>\n\t<meta property=\"og:image:type\" content=\"image\/jpeg\" \/>\n<meta name=\"twitter:card\" content=\"summary_large_image\" \/>\n<meta name=\"twitter:label1\" content=\"Est. reading time\" \/>\n\t<meta name=\"twitter:data1\" content=\"1 minute\" \/>\n<script type=\"application\/ld+json\" class=\"yoast-schema-graph\">{\"@context\":\"https:\/\/schema.org\",\"@graph\":[{\"@type\":\"WebPage\",\"@id\":\"https:\/\/universanimalier.com\/boutique\/for-pets-only-pull-dont-touch-me-dolce-vita\/\",\"url\":\"https:\/\/universanimalier.com\/boutique\/for-pets-only-pull-dont-touch-me-dolce-vita\/\",\"name\":\"For Pets Only - Pull Don't Touch Me Dolce Vita - L&#039;univers Animalier\",\"isPartOf\":{\"@id\":\"https:\/\/wip.universanimalier.com\/#website\"},\"primaryImageOfPage\":{\"@id\":\"https:\/\/universanimalier.com\/boutique\/for-pets-only-pull-dont-touch-me-dolce-vita\/#primaryimage\"},\"image\":{\"@id\":\"https:\/\/universanimalier.com\/boutique\/for-pets-only-pull-dont-touch-me-dolce-vita\/#primaryimage\"},\"thumbnailUrl\":\"https:\/\/universanimalier.com\/wp-content\/uploads\/2025\/11\/don-t-touch-me-dolcevita.jpg\",\"datePublished\":\"2025-11-09T08:51:43+00:00\",\"dateModified\":\"2026-01-31T19:51:12+00:00\",\"description\":\"For Pets Only - Pull Topomio Diamond Rainbow Cuddle Aqua\",\"breadcrumb\":{\"@id\":\"https:\/\/universanimalier.com\/boutique\/for-pets-only-pull-dont-touch-me-dolce-vita\/#breadcrumb\"},\"inLanguage\":\"en-US\",\"potentialAction\":[{\"@type\":\"ReadAction\",\"target\":[\"https:\/\/universanimalier.com\/boutique\/for-pets-only-pull-dont-touch-me-dolce-vita\/\"]}]},{\"@type\":\"ImageObject\",\"inLanguage\":\"en-US\",\"@id\":\"https:\/\/universanimalier.com\/boutique\/for-pets-only-pull-dont-touch-me-dolce-vita\/#primaryimage\",\"url\":\"https:\/\/universanimalier.com\/wp-content\/uploads\/2025\/11\/don-t-touch-me-dolcevita.jpg\",\"contentUrl\":\"https:\/\/universanimalier.com\/wp-content\/uploads\/2025\/11\/don-t-touch-me-dolcevita.jpg\",\"width\":1663,\"height\":1663},{\"@type\":\"BreadcrumbList\",\"@id\":\"https:\/\/universanimalier.com\/boutique\/for-pets-only-pull-dont-touch-me-dolce-vita\/#breadcrumb\",\"itemListElement\":[{\"@type\":\"ListItem\",\"position\":1,\"name\":\"Accueil\",\"item\":\"https:\/\/wip.universanimalier.com\/\"},{\"@type\":\"ListItem\",\"position\":2,\"name\":\"Boutique\",\"item\":\"https:\/\/wip.universanimalier.com\/boutique\/\"},{\"@type\":\"ListItem\",\"position\":3,\"name\":\"For Pets Only &#8211; Pull Don&rsquo;t Touch Me Dolce Vita\"}]},{\"@type\":\"WebSite\",\"@id\":\"https:\/\/wip.universanimalier.com\/#website\",\"url\":\"https:\/\/wip.universanimalier.com\/\",\"name\":\"L'univers Animalier\",\"description\":\"Le paradis des chiens g\u00e2t\u00e9s !\",\"publisher\":{\"@id\":\"https:\/\/wip.universanimalier.com\/#organization\"},\"potentialAction\":[{\"@type\":\"SearchAction\",\"target\":{\"@type\":\"EntryPoint\",\"urlTemplate\":\"https:\/\/wip.universanimalier.com\/?s={search_term_string}\"},\"query-input\":{\"@type\":\"PropertyValueSpecification\",\"valueRequired\":true,\"valueName\":\"search_term_string\"}}],\"inLanguage\":\"en-US\"},{\"@type\":\"Organization\",\"@id\":\"https:\/\/wip.universanimalier.com\/#organization\",\"name\":\"L'univers Animalier\",\"url\":\"https:\/\/wip.universanimalier.com\/\",\"logo\":{\"@type\":\"ImageObject\",\"inLanguage\":\"en-US\",\"@id\":\"https:\/\/wip.universanimalier.com\/#\/schema\/logo\/image\/\",\"url\":\"https:\/\/universanimalier.com\/wp-content\/uploads\/2021\/06\/logo.jpg\",\"contentUrl\":\"https:\/\/universanimalier.com\/wp-content\/uploads\/2021\/06\/logo.jpg\",\"width\":800,\"height\":200,\"caption\":\"L'univers Animalier\"},\"image\":{\"@id\":\"https:\/\/wip.universanimalier.com\/#\/schema\/logo\/image\/\"},\"sameAs\":[\"https:\/\/www.facebook.com\/lunivers.animalier\"]}]}<\/script>\n<!-- \/ Yoast SEO plugin. -->","yoast_head_json":{"title":"For Pets Only - Pull Don't Touch Me Dolce Vita - L&#039;univers Animalier","description":"For Pets Only - Pull Topomio Diamond Rainbow Cuddle Aqua","robots":{"index":"index","follow":"follow","max-snippet":"max-snippet:-1","max-image-preview":"max-image-preview:large","max-video-preview":"max-video-preview:-1"},"canonical":"https:\/\/universanimalier.com\/en\/boutique\/for-pets-only-pull-dont-touch-me-dolce-vita\/","og_locale":"en_US","og_type":"article","og_title":"For Pets Only - Pull Don't Touch Me Dolce Vita - L&#039;univers Animalier","og_description":"For Pets Only - Pull Topomio Diamond Rainbow Cuddle Aqua","og_url":"https:\/\/universanimalier.com\/en\/boutique\/for-pets-only-pull-dont-touch-me-dolce-vita\/","og_site_name":"L&#039;univers Animalier","article_publisher":"https:\/\/www.facebook.com\/lunivers.animalier","article_modified_time":"2026-01-31T19:51:12+00:00","og_image":[{"width":1663,"height":1663,"url":"https:\/\/universanimalier.com\/wp-content\/uploads\/2025\/11\/don-t-touch-me-dolcevita.jpg","type":"image\/jpeg"}],"twitter_card":"summary_large_image","twitter_misc":{"Est. reading time":"1 minute"},"schema":{"@context":"https:\/\/schema.org","@graph":[{"@type":"WebPage","@id":"https:\/\/universanimalier.com\/boutique\/for-pets-only-pull-dont-touch-me-dolce-vita\/","url":"https:\/\/universanimalier.com\/boutique\/for-pets-only-pull-dont-touch-me-dolce-vita\/","name":"For Pets Only - Pull Don't Touch Me Dolce Vita - L&#039;univers Animalier","isPartOf":{"@id":"https:\/\/wip.universanimalier.com\/#website"},"primaryImageOfPage":{"@id":"https:\/\/universanimalier.com\/boutique\/for-pets-only-pull-dont-touch-me-dolce-vita\/#primaryimage"},"image":{"@id":"https:\/\/universanimalier.com\/boutique\/for-pets-only-pull-dont-touch-me-dolce-vita\/#primaryimage"},"thumbnailUrl":"https:\/\/universanimalier.com\/wp-content\/uploads\/2025\/11\/don-t-touch-me-dolcevita.jpg","datePublished":"2025-11-09T08:51:43+00:00","dateModified":"2026-01-31T19:51:12+00:00","description":"For Pets Only - Pull Topomio Diamond Rainbow Cuddle Aqua","breadcrumb":{"@id":"https:\/\/universanimalier.com\/boutique\/for-pets-only-pull-dont-touch-me-dolce-vita\/#breadcrumb"},"inLanguage":"en-US","potentialAction":[{"@type":"ReadAction","target":["https:\/\/universanimalier.com\/boutique\/for-pets-only-pull-dont-touch-me-dolce-vita\/"]}]},{"@type":"ImageObject","inLanguage":"en-US","@id":"https:\/\/universanimalier.com\/boutique\/for-pets-only-pull-dont-touch-me-dolce-vita\/#primaryimage","url":"https:\/\/universanimalier.com\/wp-content\/uploads\/2025\/11\/don-t-touch-me-dolcevita.jpg","contentUrl":"https:\/\/universanimalier.com\/wp-content\/uploads\/2025\/11\/don-t-touch-me-dolcevita.jpg","width":1663,"height":1663},{"@type":"BreadcrumbList","@id":"https:\/\/universanimalier.com\/boutique\/for-pets-only-pull-dont-touch-me-dolce-vita\/#breadcrumb","itemListElement":[{"@type":"ListItem","position":1,"name":"Accueil","item":"https:\/\/wip.universanimalier.com\/"},{"@type":"ListItem","position":2,"name":"Boutique","item":"https:\/\/wip.universanimalier.com\/boutique\/"},{"@type":"ListItem","position":3,"name":"For Pets Only &#8211; Pull Don&rsquo;t Touch Me Dolce Vita"}]},{"@type":"WebSite","@id":"https:\/\/wip.universanimalier.com\/#website","url":"https:\/\/wip.universanimalier.com\/","name":"L'univers Animalier","description":"A paradise for spoiled dogs!","publisher":{"@id":"https:\/\/wip.universanimalier.com\/#organization"},"potentialAction":[{"@type":"SearchAction","target":{"@type":"EntryPoint","urlTemplate":"https:\/\/wip.universanimalier.com\/?s={search_term_string}"},"query-input":{"@type":"PropertyValueSpecification","valueRequired":true,"valueName":"search_term_string"}}],"inLanguage":"en-US"},{"@type":"Organization","@id":"https:\/\/wip.universanimalier.com\/#organization","name":"L'univers Animalier","url":"https:\/\/wip.universanimalier.com\/","logo":{"@type":"ImageObject","inLanguage":"en-US","@id":"https:\/\/wip.universanimalier.com\/#\/schema\/logo\/image\/","url":"https:\/\/universanimalier.com\/wp-content\/uploads\/2021\/06\/logo.jpg","contentUrl":"https:\/\/universanimalier.com\/wp-content\/uploads\/2021\/06\/logo.jpg","width":800,"height":200,"caption":"L'univers Animalier"},"image":{"@id":"https:\/\/wip.universanimalier.com\/#\/schema\/logo\/image\/"},"sameAs":["https:\/\/www.facebook.com\/lunivers.animalier"]}]}},"_links":{"self":[{"href":"https:\/\/universanimalier.com\/en\/wp-json\/wp\/v2\/product\/62127"}],"collection":[{"href":"https:\/\/universanimalier.com\/en\/wp-json\/wp\/v2\/product"}],"about":[{"href":"https:\/\/universanimalier.com\/en\/wp-json\/wp\/v2\/types\/product"}],"wp:featuredmedia":[{"embeddable":true,"href":"https:\/\/universanimalier.com\/en\/wp-json\/wp\/v2\/media\/62129"}],"wp:attachment":[{"href":"https:\/\/universanimalier.com\/en\/wp-json\/wp\/v2\/media?parent=62127"}],"wp:term":[{"taxonomy":"product_brand","embeddable":true,"href":"https:\/\/universanimalier.com\/en\/wp-json\/wp\/v2\/product_brand?post=62127"},{"taxonomy":"product_cat","embeddable":true,"href":"https:\/\/universanimalier.com\/en\/wp-json\/wp\/v2\/product_cat?post=62127"},{"taxonomy":"product_tag","embeddable":true,"href":"https:\/\/universanimalier.com\/en\/wp-json\/wp\/v2\/product_tag?post=62127"}],"curies":[{"name":"wp","href":"https:\/\/api.w.org\/{rel}","templated":true}]}}